{"id":13695,"date":"2024-10-24T14:30:42","date_gmt":"2024-10-24T12:30:42","guid":{"rendered":"https:\/\/eshop.tca.sk\/?post_type=product&#038;p=13695"},"modified":"2026-03-13T13:17:09","modified_gmt":"2026-03-13T12:17:09","slug":"sg-timer-go-shooters-global-r-schiesszeitmesser","status":"publish","type":"product","link":"https:\/\/eshop.tca.sk\/de\/ausruestung\/sg-timer-go-shooters-global-r-schiesszeitmesser\/","title":{"rendered":"SG Timer GO Shooters Global\u00ae Schie\u00dfzeitmesser"},"content":{"rendered":"<h3><strong>SG Timer GO Shooters Global\u00ae Schie\u00dfzeitmesser<\/strong><\/h3>\n<p><strong>SG Timer GO Shooters Global\u00ae:<\/strong><\/p>\n<ul>\n<li>Der intelligente Sensor erkennt Trockenfeuer, unterdr\u00fccktes Feuer, Airsoft und jedes Kaliber von Schusswaffen.<span class=\"Apple-converted-space\"> <\/span><\/li>\n<li>\u00c4u\u00dferst lauter Signalton<\/li>\n<li>Eingebauter Akku f\u00fcr 3000 Aufnahmen, wiederaufladbar \u00fcber USB-C<\/li>\n<li>Inklusive Kabel, Umh\u00e4ngeband und Schnellverschluss-G\u00fcrtelclip.<\/li>\n<\/ul>\n<p>SG Timer GO ist zusammen mit der Drills Mobile App eine fortschrittliche und einfach zu bedienende Trainingsplattform, die Ihnen hilft, Ihr Training zu strukturieren, Ihre Fortschritte zu verfolgen und mit anderen Sch\u00fctzen und Ausbildern zu kommunizieren.<\/p>\n<p>Mit der Companion Mobile App k\u00f6nnen Sie die Firmware des Timers aktualisieren, ihn aus der Ferne steuern, Trainingsvideos mit eingeblendeten Schussdaten in Echtzeit aufnehmen, Ihren Fortschritt in einem interaktiven Kalender verfolgen, Stages erstellen und in 3D und AR ansehen, gegen andere Sch\u00fctzen antreten und vieles mehr.<\/p>\n<p>&nbsp;<\/p>\n<p><iframe loading=\"lazy\" title=\"JJ Racaza reviews new Shot Timer - SG Timer GO\" width=\"1170\" height=\"658\" src=\"https:\/\/www.youtube.com\/embed\/2WtlpijyHZM?feature=oembed\" frameborder=\"0\" allow=\"accelerometer; autoplay; clipboard-write; encrypted-media; gyroscope; picture-in-picture; web-share\" referrerpolicy=\"strict-origin-when-cross-origin\" allowfullscreen><\/iframe><\/p>\n","protected":false},"excerpt":{"rendered":"<p><img loading=\"lazy\" decoding=\"async\" class=\"alignnone wp-image-13702\" src=\"https:\/\/eshop.tca.sk\/wp-content\/uploads\/2024\/10\/IMG_0173.png\" alt=\"\" width=\"100\" height=\"100\" srcset=\"https:\/\/eshop.tca.sk\/wp-content\/uploads\/2024\/10\/IMG_0173.png 270w, https:\/\/eshop.tca.sk\/wp-content\/uploads\/2024\/10\/IMG_0173-150x150.png 150w, https:\/\/eshop.tca.sk\/wp-content\/uploads\/2024\/10\/IMG_0173-24x24.png 24w, https:\/\/eshop.tca.sk\/wp-content\/uploads\/2024\/10\/IMG_0173-36x36.png 36w, https:\/\/eshop.tca.sk\/wp-content\/uploads\/2024\/10\/IMG_0173-48x48.png 48w, https:\/\/eshop.tca.sk\/wp-content\/uploads\/2024\/10\/IMG_0173-100x100.png 100w\" sizes=\"auto, (max-width: 100px) 100vw, 100px\" \/><\/p>\n<p><strong>Der SG Timer GO<\/strong> ist ein Shot-Timer, der revolution\u00e4re Funktionen zu einem alltagstauglichen Preis bietet. Der intelligente Sensor erkennt Trockenfeuer, unterdr\u00fccktes Feuer, Airsoft und jedes Kaliber von Schusswaffen.<\/p>\n<p><img loading=\"lazy\" decoding=\"async\" class=\"wp-image-8564 alignnone\" src=\"https:\/\/eshop.tca.sk\/wp-content\/uploads\/2023\/04\/Logo-Whack-Black-White-R-APPROVED.png\" alt=\"\" width=\"138\" height=\"75\" srcset=\"https:\/\/eshop.tca.sk\/wp-content\/uploads\/2023\/04\/Logo-Whack-Black-White-R-APPROVED.png 571w, https:\/\/eshop.tca.sk\/wp-content\/uploads\/2023\/04\/Logo-Whack-Black-White-R-APPROVED-300x163.png 300w\" sizes=\"auto, (max-width: 138px) 100vw, 138px\" \/><\/p>\n<p>Vom <strong>TCA<\/strong> und dem <strong>WHACK-System<\/strong> verwendete und empfohlene Equipment.<\/p>\n","protected":false},"featured_media":13697,"template":"","meta":{"inline_featured_image":false},"product_brand":[],"product_cat":[323,640],"product_tag":[687,686],"giftcard-category":[],"class_list":{"0":"post-13695","1":"product","2":"type-product","3":"status-publish","4":"has-post-thumbnail","6":"product_cat-ausruestung","7":"product_cat-training","8":"product_tag-shooters-global-de","9":"product_tag-zeitschaltuhr","11":"first","12":"outofstock","13":"taxable","14":"shipping-taxable","15":"purchasable","16":"product-type-simple"},"yoast_head":"<!-- This site is optimized with the Yoast SEO plugin v26.4 - https:\/\/yoast.com\/wordpress\/plugins\/seo\/ -->\n<title>SG Timer GO Shooters Global\u00ae Schie\u00dfzeitmesser - TCA eShop - Tactical Combat Academy<\/title>\n<meta name=\"description\" content=\"Der SG Timer GO Shooters Global\u00ae Shooting Timer bietet revolution\u00e4re Funktionen zu einem sehr g\u00fcnstigen Preis. Der Schallwandler ist auf jedes Schussger\u00e4usch einstellbar.\" \/>\n<meta name=\"robots\" content=\"index, follow, max-snippet:-1, max-image-preview:large, max-video-preview:-1\" \/>\n<link rel=\"canonical\" href=\"https:\/\/eshop.tca.sk\/de\/ausruestung\/sg-timer-go-shooters-global-r-schiesszeitmesser\/\" \/>\n<meta property=\"og:locale\" content=\"de_DE\" \/>\n<meta property=\"og:type\" content=\"article\" \/>\n<meta property=\"og:title\" content=\"SG Timer GO Shooters Global\u00ae Schie\u00dfzeitmesser - TCA eShop - Tactical Combat Academy\" \/>\n<meta property=\"og:description\" content=\"Der SG Timer GO Shooters Global\u00ae Shooting Timer bietet revolution\u00e4re Funktionen zu einem sehr g\u00fcnstigen Preis. Der Schallwandler ist auf jedes Schussger\u00e4usch einstellbar.\" \/>\n<meta property=\"og:url\" content=\"https:\/\/eshop.tca.sk\/de\/ausruestung\/sg-timer-go-shooters-global-r-schiesszeitmesser\/\" \/>\n<meta property=\"og:site_name\" content=\"TCA eShop - Tactical Combat Academy\" \/>\n<meta property=\"article:modified_time\" content=\"2026-03-13T12:17:09+00:00\" \/>\n<meta property=\"og:image\" content=\"https:\/\/eshop.tca.sk\/wp-content\/uploads\/2024\/10\/SG-Timer-Go1.jpg\" \/>\n\t<meta property=\"og:image:width\" content=\"1000\" \/>\n\t<meta property=\"og:image:height\" content=\"1000\" \/>\n\t<meta property=\"og:image:type\" content=\"image\/jpeg\" \/>\n<meta name=\"twitter:card\" content=\"summary_large_image\" \/>\n<script type=\"application\/ld+json\" class=\"yoast-schema-graph\">{\"@context\":\"https:\/\/schema.org\",\"@graph\":[{\"@type\":\"WebPage\",\"@id\":\"https:\/\/eshop.tca.sk\/de\/ausruestung\/sg-timer-go-shooters-global-r-schiesszeitmesser\/\",\"url\":\"https:\/\/eshop.tca.sk\/de\/ausruestung\/sg-timer-go-shooters-global-r-schiesszeitmesser\/\",\"name\":\"SG Timer GO Shooters Global\u00ae Schie\u00dfzeitmesser - TCA eShop - Tactical Combat Academy\",\"isPartOf\":{\"@id\":\"https:\/\/eshop.tca.sk\/de\/#website\"},\"primaryImageOfPage\":{\"@id\":\"https:\/\/eshop.tca.sk\/de\/ausruestung\/sg-timer-go-shooters-global-r-schiesszeitmesser\/#primaryimage\"},\"image\":{\"@id\":\"https:\/\/eshop.tca.sk\/de\/ausruestung\/sg-timer-go-shooters-global-r-schiesszeitmesser\/#primaryimage\"},\"thumbnailUrl\":\"https:\/\/eshop.tca.sk\/wp-content\/uploads\/2024\/10\/SG-Timer-Go1.jpg\",\"datePublished\":\"2024-10-24T12:30:42+00:00\",\"dateModified\":\"2026-03-13T12:17:09+00:00\",\"description\":\"Der SG Timer GO Shooters Global\u00ae Shooting Timer bietet revolution\u00e4re Funktionen zu einem sehr g\u00fcnstigen Preis. Der Schallwandler ist auf jedes Schussger\u00e4usch einstellbar.\",\"breadcrumb\":{\"@id\":\"https:\/\/eshop.tca.sk\/de\/ausruestung\/sg-timer-go-shooters-global-r-schiesszeitmesser\/#breadcrumb\"},\"inLanguage\":\"de\",\"potentialAction\":[{\"@type\":\"ReadAction\",\"target\":[\"https:\/\/eshop.tca.sk\/de\/ausruestung\/sg-timer-go-shooters-global-r-schiesszeitmesser\/\"]}]},{\"@type\":\"ImageObject\",\"inLanguage\":\"de\",\"@id\":\"https:\/\/eshop.tca.sk\/de\/ausruestung\/sg-timer-go-shooters-global-r-schiesszeitmesser\/#primaryimage\",\"url\":\"https:\/\/eshop.tca.sk\/wp-content\/uploads\/2024\/10\/SG-Timer-Go1.jpg\",\"contentUrl\":\"https:\/\/eshop.tca.sk\/wp-content\/uploads\/2024\/10\/SG-Timer-Go1.jpg\",\"width\":1000,\"height\":1000,\"caption\":\"Streleck\u00fd \u010dasova\u010d SG Timer GO Shooters Global\u00ae\"},{\"@type\":\"BreadcrumbList\",\"@id\":\"https:\/\/eshop.tca.sk\/de\/ausruestung\/sg-timer-go-shooters-global-r-schiesszeitmesser\/#breadcrumb\",\"itemListElement\":[{\"@type\":\"ListItem\",\"position\":1,\"name\":\"Domovsk\u00e1 str\u00e1nka\",\"item\":\"https:\/\/eshop.tca.sk\/de\/\"},{\"@type\":\"ListItem\",\"position\":2,\"name\":\"Shop\",\"item\":\"https:\/\/eshop.tca.sk\/de\/shop\/\"},{\"@type\":\"ListItem\",\"position\":3,\"name\":\"SG Timer GO Shooters Global\u00ae Schie\u00dfzeitmesser\"}]},{\"@type\":\"WebSite\",\"@id\":\"https:\/\/eshop.tca.sk\/de\/#website\",\"url\":\"https:\/\/eshop.tca.sk\/de\/\",\"name\":\"TCA eShop - Tactical Combat Academy\",\"description\":\"Tactical Combat Academy\",\"publisher\":{\"@id\":\"https:\/\/eshop.tca.sk\/de\/#organization\"},\"potentialAction\":[{\"@type\":\"SearchAction\",\"target\":{\"@type\":\"EntryPoint\",\"urlTemplate\":\"https:\/\/eshop.tca.sk\/de\/?s={search_term_string}\"},\"query-input\":{\"@type\":\"PropertyValueSpecification\",\"valueRequired\":true,\"valueName\":\"search_term_string\"}}],\"inLanguage\":\"de\"},{\"@type\":\"Organization\",\"@id\":\"https:\/\/eshop.tca.sk\/de\/#organization\",\"name\":\"TCA eShop - Tactical Combat Academy\",\"url\":\"https:\/\/eshop.tca.sk\/de\/\",\"logo\":{\"@type\":\"ImageObject\",\"inLanguage\":\"de\",\"@id\":\"https:\/\/eshop.tca.sk\/de\/#\/schema\/logo\/image\/\",\"url\":\"https:\/\/eshop.tca.sk\/wp-content\/uploads\/2025\/06\/logo-new-header.png\",\"contentUrl\":\"https:\/\/eshop.tca.sk\/wp-content\/uploads\/2025\/06\/logo-new-header.png\",\"width\":300,\"height\":294,\"caption\":\"TCA eShop - Tactical Combat Academy\"},\"image\":{\"@id\":\"https:\/\/eshop.tca.sk\/de\/#\/schema\/logo\/image\/\"}}]}<\/script>\n<!-- \/ Yoast SEO plugin. -->","yoast_head_json":{"title":"SG Timer GO Shooters Global\u00ae Schie\u00dfzeitmesser - TCA eShop - Tactical Combat Academy","description":"Der SG Timer GO Shooters Global\u00ae Shooting Timer bietet revolution\u00e4re Funktionen zu einem sehr g\u00fcnstigen Preis. Der Schallwandler ist auf jedes Schussger\u00e4usch einstellbar.","robots":{"index":"index","follow":"follow","max-snippet":"max-snippet:-1","max-image-preview":"max-image-preview:large","max-video-preview":"max-video-preview:-1"},"canonical":"https:\/\/eshop.tca.sk\/de\/ausruestung\/sg-timer-go-shooters-global-r-schiesszeitmesser\/","og_locale":"de_DE","og_type":"article","og_title":"SG Timer GO Shooters Global\u00ae Schie\u00dfzeitmesser - TCA eShop - Tactical Combat Academy","og_description":"Der SG Timer GO Shooters Global\u00ae Shooting Timer bietet revolution\u00e4re Funktionen zu einem sehr g\u00fcnstigen Preis. Der Schallwandler ist auf jedes Schussger\u00e4usch einstellbar.","og_url":"https:\/\/eshop.tca.sk\/de\/ausruestung\/sg-timer-go-shooters-global-r-schiesszeitmesser\/","og_site_name":"TCA eShop - Tactical Combat Academy","article_modified_time":"2026-03-13T12:17:09+00:00","og_image":[{"width":1000,"height":1000,"url":"https:\/\/eshop.tca.sk\/wp-content\/uploads\/2024\/10\/SG-Timer-Go1.jpg","type":"image\/jpeg"}],"twitter_card":"summary_large_image","schema":{"@context":"https:\/\/schema.org","@graph":[{"@type":"WebPage","@id":"https:\/\/eshop.tca.sk\/de\/ausruestung\/sg-timer-go-shooters-global-r-schiesszeitmesser\/","url":"https:\/\/eshop.tca.sk\/de\/ausruestung\/sg-timer-go-shooters-global-r-schiesszeitmesser\/","name":"SG Timer GO Shooters Global\u00ae Schie\u00dfzeitmesser - TCA eShop - Tactical Combat Academy","isPartOf":{"@id":"https:\/\/eshop.tca.sk\/de\/#website"},"primaryImageOfPage":{"@id":"https:\/\/eshop.tca.sk\/de\/ausruestung\/sg-timer-go-shooters-global-r-schiesszeitmesser\/#primaryimage"},"image":{"@id":"https:\/\/eshop.tca.sk\/de\/ausruestung\/sg-timer-go-shooters-global-r-schiesszeitmesser\/#primaryimage"},"thumbnailUrl":"https:\/\/eshop.tca.sk\/wp-content\/uploads\/2024\/10\/SG-Timer-Go1.jpg","datePublished":"2024-10-24T12:30:42+00:00","dateModified":"2026-03-13T12:17:09+00:00","description":"Der SG Timer GO Shooters Global\u00ae Shooting Timer bietet revolution\u00e4re Funktionen zu einem sehr g\u00fcnstigen Preis. Der Schallwandler ist auf jedes Schussger\u00e4usch einstellbar.","breadcrumb":{"@id":"https:\/\/eshop.tca.sk\/de\/ausruestung\/sg-timer-go-shooters-global-r-schiesszeitmesser\/#breadcrumb"},"inLanguage":"de","potentialAction":[{"@type":"ReadAction","target":["https:\/\/eshop.tca.sk\/de\/ausruestung\/sg-timer-go-shooters-global-r-schiesszeitmesser\/"]}]},{"@type":"ImageObject","inLanguage":"de","@id":"https:\/\/eshop.tca.sk\/de\/ausruestung\/sg-timer-go-shooters-global-r-schiesszeitmesser\/#primaryimage","url":"https:\/\/eshop.tca.sk\/wp-content\/uploads\/2024\/10\/SG-Timer-Go1.jpg","contentUrl":"https:\/\/eshop.tca.sk\/wp-content\/uploads\/2024\/10\/SG-Timer-Go1.jpg","width":1000,"height":1000,"caption":"Streleck\u00fd \u010dasova\u010d SG Timer GO Shooters Global\u00ae"},{"@type":"BreadcrumbList","@id":"https:\/\/eshop.tca.sk\/de\/ausruestung\/sg-timer-go-shooters-global-r-schiesszeitmesser\/#breadcrumb","itemListElement":[{"@type":"ListItem","position":1,"name":"Domovsk\u00e1 str\u00e1nka","item":"https:\/\/eshop.tca.sk\/de\/"},{"@type":"ListItem","position":2,"name":"Shop","item":"https:\/\/eshop.tca.sk\/de\/shop\/"},{"@type":"ListItem","position":3,"name":"SG Timer GO Shooters Global\u00ae Schie\u00dfzeitmesser"}]},{"@type":"WebSite","@id":"https:\/\/eshop.tca.sk\/de\/#website","url":"https:\/\/eshop.tca.sk\/de\/","name":"TCA eShop - Tactical Combat Academy","description":"Tactical Combat Academy","publisher":{"@id":"https:\/\/eshop.tca.sk\/de\/#organization"},"potentialAction":[{"@type":"SearchAction","target":{"@type":"EntryPoint","urlTemplate":"https:\/\/eshop.tca.sk\/de\/?s={search_term_string}"},"query-input":{"@type":"PropertyValueSpecification","valueRequired":true,"valueName":"search_term_string"}}],"inLanguage":"de"},{"@type":"Organization","@id":"https:\/\/eshop.tca.sk\/de\/#organization","name":"TCA eShop - Tactical Combat Academy","url":"https:\/\/eshop.tca.sk\/de\/","logo":{"@type":"ImageObject","inLanguage":"de","@id":"https:\/\/eshop.tca.sk\/de\/#\/schema\/logo\/image\/","url":"https:\/\/eshop.tca.sk\/wp-content\/uploads\/2025\/06\/logo-new-header.png","contentUrl":"https:\/\/eshop.tca.sk\/wp-content\/uploads\/2025\/06\/logo-new-header.png","width":300,"height":294,"caption":"TCA eShop - Tactical Combat Academy"},"image":{"@id":"https:\/\/eshop.tca.sk\/de\/#\/schema\/logo\/image\/"}}]}},"_links":{"self":[{"href":"https:\/\/eshop.tca.sk\/de\/wp-json\/wp\/v2\/product\/13695","targetHints":{"allow":["GET"]}}],"collection":[{"href":"https:\/\/eshop.tca.sk\/de\/wp-json\/wp\/v2\/product"}],"about":[{"href":"https:\/\/eshop.tca.sk\/de\/wp-json\/wp\/v2\/types\/product"}],"wp:featuredmedia":[{"embeddable":true,"href":"https:\/\/eshop.tca.sk\/de\/wp-json\/wp\/v2\/media\/13697"}],"wp:attachment":[{"href":"https:\/\/eshop.tca.sk\/de\/wp-json\/wp\/v2\/media?parent=13695"}],"wp:term":[{"taxonomy":"product_brand","embeddable":true,"href":"https:\/\/eshop.tca.sk\/de\/wp-json\/wp\/v2\/product_brand?post=13695"},{"taxonomy":"product_cat","embeddable":true,"href":"https:\/\/eshop.tca.sk\/de\/wp-json\/wp\/v2\/product_cat?post=13695"},{"taxonomy":"product_tag","embeddable":true,"href":"https:\/\/eshop.tca.sk\/de\/wp-json\/wp\/v2\/product_tag?post=13695"},{"taxonomy":"giftcard-category","embeddable":true,"href":"https:\/\/eshop.tca.sk\/de\/wp-json\/wp\/v2\/giftcard-category?post=13695"}],"curies":[{"name":"wp","href":"https:\/\/api.w.org\/{rel}","templated":true}]}}