{"id":13823,"date":"2024-10-29T16:38:20","date_gmt":"2024-10-29T15:38:20","guid":{"rendered":"https:\/\/eshop.tca.sk\/?post_type=product&#038;p=13823"},"modified":"2025-11-26T10:41:15","modified_gmt":"2025-11-26T09:41:15","slug":"frog-pro-mystery-box-1","status":"publish","type":"product","link":"https:\/\/eshop.tca.sk\/de\/ausruestung\/frog-pro-mystery-box-1\/","title":{"rendered":"FROG.PRO Geheimnisvolle BOX 1"},"content":{"rendered":"<h3>Was ist das Besondere an FROG.PRO?<\/h3>\n<p>Es handelt sich um ein Unternehmen taktischer Handwerker, die ihre Produkte auf der Grundlage jahrelanger praktischer Erfahrung entwerfen, die entworfenen Prototypen gr\u00fcndlich testen und dann die endg\u00fcltigen Produkte mit der Kunst italienischer Schneider und modernster Technologie unter Verwendung von originalen Premium-Materialien wie Cordura von Invista, Hi-Tech-Laminat, lizenziertem MultiCam Crye-Pr\u00e4zisionsmuster, Klettverschluss, MIL-SPEC-Riemen, ITW Nexus-Verschl\u00fcssen und YKK-Rei\u00dfverschl\u00fcssen herstellen.<\/p>\n<h3><span style=\"font-size: 14pt;\">Das kann jeder sagen, aber&#8230;<\/span><\/h3>\n<p>Alle FROG.PRO Produkte unterliegen der gesetzlichen Garantie und der &#8220;FROG.PRO SHIELD&#8221;-Garantie, die eine KOSTENLOSE Reparatur oder einen Ersatz des Produkts im Falle von Material- oder Verarbeitungsfehlern w\u00e4hrend der gesamten Lebensdauer vorsieht.<\/p>\n","protected":false},"excerpt":{"rendered":"<p><img loading=\"lazy\" decoding=\"async\" class=\"alignnone wp-image-10791\" src=\"https:\/\/eshop.tca.sk\/wp-content\/uploads\/2024\/04\/FROG.png\" alt=\"\" width=\"144\" height=\"66\" srcset=\"https:\/\/eshop.tca.sk\/wp-content\/uploads\/2024\/04\/FROG.png 291w, https:\/\/eshop.tca.sk\/wp-content\/uploads\/2024\/04\/FROG-24x11.png 24w, https:\/\/eshop.tca.sk\/wp-content\/uploads\/2024\/04\/FROG-36x16.png 36w, https:\/\/eshop.tca.sk\/wp-content\/uploads\/2024\/04\/FROG-48x22.png 48w\" sizes=\"auto, (max-width: 144px) 100vw, 144px\" \/><\/p>\n<p><strong>FROG.PRO Mystery BOX 1 <\/strong>enth\u00e4lt ein Produkt der italienischen Premiummarke f\u00fcr taktische Ausr\u00fcstung im Wert von 29,99\u20ac-39,99\u20ac.<\/p>\n<p><img loading=\"lazy\" decoding=\"async\" class=\"wp-image-8564 alignnone\" src=\"https:\/\/eshop.tca.sk\/wp-content\/uploads\/2023\/04\/Logo-Whack-Black-White-R-APPROVED.png\" alt=\"\" width=\"138\" height=\"75\" srcset=\"https:\/\/eshop.tca.sk\/wp-content\/uploads\/2023\/04\/Logo-Whack-Black-White-R-APPROVED.png 571w, https:\/\/eshop.tca.sk\/wp-content\/uploads\/2023\/04\/Logo-Whack-Black-White-R-APPROVED-300x163.png 300w\" sizes=\"auto, (max-width: 138px) 100vw, 138px\" \/><\/p>\n","protected":false},"featured_media":13831,"template":"","meta":{"inline_featured_image":false},"product_brand":[],"product_cat":[323,319],"product_tag":[565],"giftcard-category":[],"class_list":{"0":"post-13823","1":"product","2":"type-product","3":"status-publish","4":"has-post-thumbnail","6":"product_cat-ausruestung","7":"product_cat-waffenholster","8":"product_tag-frog-pro-de","10":"first","11":"instock","12":"sold-individually","13":"taxable","14":"shipping-taxable","15":"purchasable","16":"product-type-simple"},"yoast_head":"<!-- This site is optimized with the Yoast SEO plugin v26.4 - https:\/\/yoast.com\/wordpress\/plugins\/seo\/ -->\n<title>FROG.PRO Geheimnisvolle BOX 1 - TCA eShop - Tactical Combat Academy<\/title>\n<meta name=\"description\" content=\"FROG.PRO Mystery BOX 1 enth\u00e4lt ein Produkt der italienischen Premiummarke f\u00fcr taktische Ausr\u00fcstung im Wert von 29,99\u20ac-39,99\u20ac.\" \/>\n<meta name=\"robots\" content=\"index, follow, max-snippet:-1, max-image-preview:large, max-video-preview:-1\" \/>\n<link rel=\"canonical\" href=\"https:\/\/eshop.tca.sk\/de\/ausruestung\/frog-pro-mystery-box-1\/\" \/>\n<meta property=\"og:locale\" content=\"de_DE\" \/>\n<meta property=\"og:type\" content=\"article\" \/>\n<meta property=\"og:title\" content=\"FROG.PRO Geheimnisvolle BOX 1 - TCA eShop - Tactical Combat Academy\" \/>\n<meta property=\"og:description\" content=\"FROG.PRO Mystery BOX 1 enth\u00e4lt ein Produkt der italienischen Premiummarke f\u00fcr taktische Ausr\u00fcstung im Wert von 29,99\u20ac-39,99\u20ac.\" \/>\n<meta property=\"og:url\" content=\"https:\/\/eshop.tca.sk\/de\/ausruestung\/frog-pro-mystery-box-1\/\" \/>\n<meta property=\"og:site_name\" content=\"TCA eShop - Tactical Combat Academy\" \/>\n<meta property=\"article:modified_time\" content=\"2025-11-26T09:41:15+00:00\" \/>\n<meta property=\"og:image\" content=\"https:\/\/eshop.tca.sk\/wp-content\/uploads\/2024\/10\/Frog.PRO-Mystery-box-1.jpg\" \/>\n\t<meta property=\"og:image:width\" content=\"1000\" \/>\n\t<meta property=\"og:image:height\" content=\"1000\" \/>\n\t<meta property=\"og:image:type\" content=\"image\/jpeg\" \/>\n<meta name=\"twitter:card\" content=\"summary_large_image\" \/>\n<script type=\"application\/ld+json\" class=\"yoast-schema-graph\">{\"@context\":\"https:\/\/schema.org\",\"@graph\":[{\"@type\":\"WebPage\",\"@id\":\"https:\/\/eshop.tca.sk\/de\/ausruestung\/frog-pro-mystery-box-1\/\",\"url\":\"https:\/\/eshop.tca.sk\/de\/ausruestung\/frog-pro-mystery-box-1\/\",\"name\":\"FROG.PRO Geheimnisvolle BOX 1 - TCA eShop - Tactical Combat Academy\",\"isPartOf\":{\"@id\":\"https:\/\/eshop.tca.sk\/de\/#website\"},\"primaryImageOfPage\":{\"@id\":\"https:\/\/eshop.tca.sk\/de\/ausruestung\/frog-pro-mystery-box-1\/#primaryimage\"},\"image\":{\"@id\":\"https:\/\/eshop.tca.sk\/de\/ausruestung\/frog-pro-mystery-box-1\/#primaryimage\"},\"thumbnailUrl\":\"https:\/\/eshop.tca.sk\/wp-content\/uploads\/2024\/10\/Frog.PRO-Mystery-box-1.jpg\",\"datePublished\":\"2024-10-29T15:38:20+00:00\",\"dateModified\":\"2025-11-26T09:41:15+00:00\",\"description\":\"FROG.PRO Mystery BOX 1 enth\u00e4lt ein Produkt der italienischen Premiummarke f\u00fcr taktische Ausr\u00fcstung im Wert von 29,99\u20ac-39,99\u20ac.\",\"breadcrumb\":{\"@id\":\"https:\/\/eshop.tca.sk\/de\/ausruestung\/frog-pro-mystery-box-1\/#breadcrumb\"},\"inLanguage\":\"de\",\"potentialAction\":[{\"@type\":\"ReadAction\",\"target\":[\"https:\/\/eshop.tca.sk\/de\/ausruestung\/frog-pro-mystery-box-1\/\"]}]},{\"@type\":\"ImageObject\",\"inLanguage\":\"de\",\"@id\":\"https:\/\/eshop.tca.sk\/de\/ausruestung\/frog-pro-mystery-box-1\/#primaryimage\",\"url\":\"https:\/\/eshop.tca.sk\/wp-content\/uploads\/2024\/10\/Frog.PRO-Mystery-box-1.jpg\",\"contentUrl\":\"https:\/\/eshop.tca.sk\/wp-content\/uploads\/2024\/10\/Frog.PRO-Mystery-box-1.jpg\",\"width\":1000,\"height\":1000},{\"@type\":\"BreadcrumbList\",\"@id\":\"https:\/\/eshop.tca.sk\/de\/ausruestung\/frog-pro-mystery-box-1\/#breadcrumb\",\"itemListElement\":[{\"@type\":\"ListItem\",\"position\":1,\"name\":\"Domovsk\u00e1 str\u00e1nka\",\"item\":\"https:\/\/eshop.tca.sk\/de\/\"},{\"@type\":\"ListItem\",\"position\":2,\"name\":\"Shop\",\"item\":\"https:\/\/eshop.tca.sk\/de\/shop\/\"},{\"@type\":\"ListItem\",\"position\":3,\"name\":\"FROG.PRO Geheimnisvolle BOX 1\"}]},{\"@type\":\"WebSite\",\"@id\":\"https:\/\/eshop.tca.sk\/de\/#website\",\"url\":\"https:\/\/eshop.tca.sk\/de\/\",\"name\":\"TCA eShop - Tactical Combat Academy\",\"description\":\"Tactical Combat Academy\",\"publisher\":{\"@id\":\"https:\/\/eshop.tca.sk\/de\/#organization\"},\"potentialAction\":[{\"@type\":\"SearchAction\",\"target\":{\"@type\":\"EntryPoint\",\"urlTemplate\":\"https:\/\/eshop.tca.sk\/de\/?s={search_term_string}\"},\"query-input\":{\"@type\":\"PropertyValueSpecification\",\"valueRequired\":true,\"valueName\":\"search_term_string\"}}],\"inLanguage\":\"de\"},{\"@type\":\"Organization\",\"@id\":\"https:\/\/eshop.tca.sk\/de\/#organization\",\"name\":\"TCA eShop - Tactical Combat Academy\",\"url\":\"https:\/\/eshop.tca.sk\/de\/\",\"logo\":{\"@type\":\"ImageObject\",\"inLanguage\":\"de\",\"@id\":\"https:\/\/eshop.tca.sk\/de\/#\/schema\/logo\/image\/\",\"url\":\"https:\/\/eshop.tca.sk\/wp-content\/uploads\/2025\/06\/logo-new-header.png\",\"contentUrl\":\"https:\/\/eshop.tca.sk\/wp-content\/uploads\/2025\/06\/logo-new-header.png\",\"width\":300,\"height\":294,\"caption\":\"TCA eShop - Tactical Combat Academy\"},\"image\":{\"@id\":\"https:\/\/eshop.tca.sk\/de\/#\/schema\/logo\/image\/\"}}]}<\/script>\n<!-- \/ Yoast SEO plugin. -->","yoast_head_json":{"title":"FROG.PRO Geheimnisvolle BOX 1 - TCA eShop - Tactical Combat Academy","description":"FROG.PRO Mystery BOX 1 enth\u00e4lt ein Produkt der italienischen Premiummarke f\u00fcr taktische Ausr\u00fcstung im Wert von 29,99\u20ac-39,99\u20ac.","robots":{"index":"index","follow":"follow","max-snippet":"max-snippet:-1","max-image-preview":"max-image-preview:large","max-video-preview":"max-video-preview:-1"},"canonical":"https:\/\/eshop.tca.sk\/de\/ausruestung\/frog-pro-mystery-box-1\/","og_locale":"de_DE","og_type":"article","og_title":"FROG.PRO Geheimnisvolle BOX 1 - TCA eShop - Tactical Combat Academy","og_description":"FROG.PRO Mystery BOX 1 enth\u00e4lt ein Produkt der italienischen Premiummarke f\u00fcr taktische Ausr\u00fcstung im Wert von 29,99\u20ac-39,99\u20ac.","og_url":"https:\/\/eshop.tca.sk\/de\/ausruestung\/frog-pro-mystery-box-1\/","og_site_name":"TCA eShop - Tactical Combat Academy","article_modified_time":"2025-11-26T09:41:15+00:00","og_image":[{"width":1000,"height":1000,"url":"https:\/\/eshop.tca.sk\/wp-content\/uploads\/2024\/10\/Frog.PRO-Mystery-box-1.jpg","type":"image\/jpeg"}],"twitter_card":"summary_large_image","schema":{"@context":"https:\/\/schema.org","@graph":[{"@type":"WebPage","@id":"https:\/\/eshop.tca.sk\/de\/ausruestung\/frog-pro-mystery-box-1\/","url":"https:\/\/eshop.tca.sk\/de\/ausruestung\/frog-pro-mystery-box-1\/","name":"FROG.PRO Geheimnisvolle BOX 1 - TCA eShop - Tactical Combat Academy","isPartOf":{"@id":"https:\/\/eshop.tca.sk\/de\/#website"},"primaryImageOfPage":{"@id":"https:\/\/eshop.tca.sk\/de\/ausruestung\/frog-pro-mystery-box-1\/#primaryimage"},"image":{"@id":"https:\/\/eshop.tca.sk\/de\/ausruestung\/frog-pro-mystery-box-1\/#primaryimage"},"thumbnailUrl":"https:\/\/eshop.tca.sk\/wp-content\/uploads\/2024\/10\/Frog.PRO-Mystery-box-1.jpg","datePublished":"2024-10-29T15:38:20+00:00","dateModified":"2025-11-26T09:41:15+00:00","description":"FROG.PRO Mystery BOX 1 enth\u00e4lt ein Produkt der italienischen Premiummarke f\u00fcr taktische Ausr\u00fcstung im Wert von 29,99\u20ac-39,99\u20ac.","breadcrumb":{"@id":"https:\/\/eshop.tca.sk\/de\/ausruestung\/frog-pro-mystery-box-1\/#breadcrumb"},"inLanguage":"de","potentialAction":[{"@type":"ReadAction","target":["https:\/\/eshop.tca.sk\/de\/ausruestung\/frog-pro-mystery-box-1\/"]}]},{"@type":"ImageObject","inLanguage":"de","@id":"https:\/\/eshop.tca.sk\/de\/ausruestung\/frog-pro-mystery-box-1\/#primaryimage","url":"https:\/\/eshop.tca.sk\/wp-content\/uploads\/2024\/10\/Frog.PRO-Mystery-box-1.jpg","contentUrl":"https:\/\/eshop.tca.sk\/wp-content\/uploads\/2024\/10\/Frog.PRO-Mystery-box-1.jpg","width":1000,"height":1000},{"@type":"BreadcrumbList","@id":"https:\/\/eshop.tca.sk\/de\/ausruestung\/frog-pro-mystery-box-1\/#breadcrumb","itemListElement":[{"@type":"ListItem","position":1,"name":"Domovsk\u00e1 str\u00e1nka","item":"https:\/\/eshop.tca.sk\/de\/"},{"@type":"ListItem","position":2,"name":"Shop","item":"https:\/\/eshop.tca.sk\/de\/shop\/"},{"@type":"ListItem","position":3,"name":"FROG.PRO Geheimnisvolle BOX 1"}]},{"@type":"WebSite","@id":"https:\/\/eshop.tca.sk\/de\/#website","url":"https:\/\/eshop.tca.sk\/de\/","name":"TCA eShop - Tactical Combat Academy","description":"Tactical Combat Academy","publisher":{"@id":"https:\/\/eshop.tca.sk\/de\/#organization"},"potentialAction":[{"@type":"SearchAction","target":{"@type":"EntryPoint","urlTemplate":"https:\/\/eshop.tca.sk\/de\/?s={search_term_string}"},"query-input":{"@type":"PropertyValueSpecification","valueRequired":true,"valueName":"search_term_string"}}],"inLanguage":"de"},{"@type":"Organization","@id":"https:\/\/eshop.tca.sk\/de\/#organization","name":"TCA eShop - Tactical Combat Academy","url":"https:\/\/eshop.tca.sk\/de\/","logo":{"@type":"ImageObject","inLanguage":"de","@id":"https:\/\/eshop.tca.sk\/de\/#\/schema\/logo\/image\/","url":"https:\/\/eshop.tca.sk\/wp-content\/uploads\/2025\/06\/logo-new-header.png","contentUrl":"https:\/\/eshop.tca.sk\/wp-content\/uploads\/2025\/06\/logo-new-header.png","width":300,"height":294,"caption":"TCA eShop - Tactical Combat Academy"},"image":{"@id":"https:\/\/eshop.tca.sk\/de\/#\/schema\/logo\/image\/"}}]}},"_links":{"self":[{"href":"https:\/\/eshop.tca.sk\/de\/wp-json\/wp\/v2\/product\/13823","targetHints":{"allow":["GET"]}}],"collection":[{"href":"https:\/\/eshop.tca.sk\/de\/wp-json\/wp\/v2\/product"}],"about":[{"href":"https:\/\/eshop.tca.sk\/de\/wp-json\/wp\/v2\/types\/product"}],"wp:featuredmedia":[{"embeddable":true,"href":"https:\/\/eshop.tca.sk\/de\/wp-json\/wp\/v2\/media\/13831"}],"wp:attachment":[{"href":"https:\/\/eshop.tca.sk\/de\/wp-json\/wp\/v2\/media?parent=13823"}],"wp:term":[{"taxonomy":"product_brand","embeddable":true,"href":"https:\/\/eshop.tca.sk\/de\/wp-json\/wp\/v2\/product_brand?post=13823"},{"taxonomy":"product_cat","embeddable":true,"href":"https:\/\/eshop.tca.sk\/de\/wp-json\/wp\/v2\/product_cat?post=13823"},{"taxonomy":"product_tag","embeddable":true,"href":"https:\/\/eshop.tca.sk\/de\/wp-json\/wp\/v2\/product_tag?post=13823"},{"taxonomy":"giftcard-category","embeddable":true,"href":"https:\/\/eshop.tca.sk\/de\/wp-json\/wp\/v2\/giftcard-category?post=13823"}],"curies":[{"name":"wp","href":"https:\/\/api.w.org\/{rel}","templated":true}]}}