{"id":13918,"date":"2024-10-31T12:49:52","date_gmt":"2024-10-31T11:49:52","guid":{"rendered":"https:\/\/eshop.tca.sk\/?post_type=product&#038;p=13918"},"modified":"2025-11-26T10:39:50","modified_gmt":"2025-11-26T09:39:50","slug":"frog-pro-mystery-operator-belt","status":"publish","type":"product","link":"https:\/\/eshop.tca.sk\/de\/ausruestung\/frog-pro-mystery-operator-belt\/","title":{"rendered":"FROG.PRO Mystery Operator G\u00fcrtel"},"content":{"rendered":"<h3><strong>FROG.PRO Mystery Operator G\u00fcrtel<\/strong><\/h3>\n<h4><strong>Abmessungen:<\/strong><\/h4>\n<p>&#8211; SM 86-94 cm<br \/>\n&#8211; MD 94-102 cm<br \/>\n&#8211; LG 102-110 cm<br \/>\n&#8211; XL 110-118 cm<\/p>\n<p><strong>ACHTUNG: Die Ma\u00dfe beziehen sich auf den Innenumfang des geschlossenen Bunds. Um die richtige Gr\u00f6\u00dfe zu ermitteln, tragen Sie die Kleidungsst\u00fccke, die Sie zusammen mit dem G\u00fcrtel verwenden w\u00fcrden, und den COBRA Trousers Inner Belt oder einen \u00e4hnlichen G\u00fcrtel und messen Sie dann Ihren Taillenumfang mit einem weichen Ma\u00dfband direkt \u00fcber dem G\u00fcrtel. Wenn Sie kein weiches Ma\u00dfband haben, k\u00f6nnen Sie ein unelastisches Seil verwenden und es dann mit einem harten Messger\u00e4t messen.<\/strong><\/p>\n<p>&nbsp;<\/p>\n","protected":false},"excerpt":{"rendered":"<p><img loading=\"lazy\" decoding=\"async\" class=\"alignnone wp-image-10791\" src=\"https:\/\/eshop.tca.sk\/wp-content\/uploads\/2024\/04\/FROG.png\" alt=\"\" width=\"144\" height=\"66\" srcset=\"https:\/\/eshop.tca.sk\/wp-content\/uploads\/2024\/04\/FROG.png 291w, https:\/\/eshop.tca.sk\/wp-content\/uploads\/2024\/04\/FROG-24x11.png 24w, https:\/\/eshop.tca.sk\/wp-content\/uploads\/2024\/04\/FROG-36x16.png 36w, https:\/\/eshop.tca.sk\/wp-content\/uploads\/2024\/04\/FROG-48x22.png 48w\" sizes=\"auto, (max-width: 144px) 100vw, 144px\" \/><\/p>\n<p><strong>COBRA Operator Belt Taktischer G\u00fcrtel<\/strong> in einer zuf\u00e4lligen Farbe im Wert von 159,99\u20ac.<\/p>\n<p><img loading=\"lazy\" decoding=\"async\" class=\"wp-image-8564 alignnone\" src=\"https:\/\/eshop.tca.sk\/wp-content\/uploads\/2023\/04\/Logo-Whack-Black-White-R-APPROVED.png\" alt=\"\" width=\"138\" height=\"75\" srcset=\"https:\/\/eshop.tca.sk\/wp-content\/uploads\/2023\/04\/Logo-Whack-Black-White-R-APPROVED.png 571w, https:\/\/eshop.tca.sk\/wp-content\/uploads\/2023\/04\/Logo-Whack-Black-White-R-APPROVED-300x163.png 300w\" sizes=\"auto, (max-width: 138px) 100vw, 138px\" \/><\/p>\n<p>Vom <a href=\"https:\/\/www.tca.sk\/\"><strong>TCA<\/strong><\/a> und dem <strong><a href=\"https:\/\/www.tca.sk\/profil\/ako-zacat-s-kurzami\">WHACK-System<\/a><\/strong> verwendete und empfohlene Equipment.<\/p>\n","protected":false},"featured_media":13931,"template":"","meta":{"inline_featured_image":false},"product_brand":[],"product_cat":[323,324],"product_tag":[565],"giftcard-category":[],"class_list":{"0":"post-13918","1":"product","2":"type-product","3":"status-publish","4":"has-post-thumbnail","6":"product_cat-ausruestung","7":"product_cat-guertel","8":"product_tag-frog-pro-de","10":"first","11":"instock","12":"taxable","13":"shipping-taxable","14":"purchasable","15":"product-type-variable"},"yoast_head":"<!-- This site is optimized with the Yoast SEO plugin v26.4 - https:\/\/yoast.com\/wordpress\/plugins\/seo\/ -->\n<title>FROG.PRO Mystery Operator G\u00fcrtel - TCA eShop - Tactical Combat Academy<\/title>\n<meta name=\"description\" content=\"FROG.PRO Mystery Operator Belt enth\u00e4lt den taktischen G\u00fcrtel FROG.PRO COBRA Operator Belt in einer zuf\u00e4lligen Farbe im Wert von 159,99\u20ac.\" \/>\n<meta name=\"robots\" content=\"index, follow, max-snippet:-1, max-image-preview:large, max-video-preview:-1\" \/>\n<link rel=\"canonical\" href=\"https:\/\/eshop.tca.sk\/de\/ausruestung\/frog-pro-mystery-operator-belt\/\" \/>\n<meta property=\"og:locale\" content=\"de_DE\" \/>\n<meta property=\"og:type\" content=\"article\" \/>\n<meta property=\"og:title\" content=\"FROG.PRO Mystery Operator G\u00fcrtel - TCA eShop - Tactical Combat Academy\" \/>\n<meta property=\"og:description\" content=\"FROG.PRO Mystery Operator Belt enth\u00e4lt den taktischen G\u00fcrtel FROG.PRO COBRA Operator Belt in einer zuf\u00e4lligen Farbe im Wert von 159,99\u20ac.\" \/>\n<meta property=\"og:url\" content=\"https:\/\/eshop.tca.sk\/de\/ausruestung\/frog-pro-mystery-operator-belt\/\" \/>\n<meta property=\"og:site_name\" content=\"TCA eShop - Tactical Combat Academy\" \/>\n<meta property=\"article:modified_time\" content=\"2025-11-26T09:39:50+00:00\" \/>\n<meta property=\"og:image\" content=\"https:\/\/eshop.tca.sk\/wp-content\/uploads\/2024\/10\/Frog.PRO-Mystery-Operator-Belt-1.jpg\" \/>\n\t<meta property=\"og:image:width\" content=\"1000\" \/>\n\t<meta property=\"og:image:height\" content=\"1000\" \/>\n\t<meta property=\"og:image:type\" content=\"image\/jpeg\" \/>\n<meta name=\"twitter:card\" content=\"summary_large_image\" \/>\n<script type=\"application\/ld+json\" class=\"yoast-schema-graph\">{\"@context\":\"https:\/\/schema.org\",\"@graph\":[{\"@type\":\"WebPage\",\"@id\":\"https:\/\/eshop.tca.sk\/de\/ausruestung\/frog-pro-mystery-operator-belt\/\",\"url\":\"https:\/\/eshop.tca.sk\/de\/ausruestung\/frog-pro-mystery-operator-belt\/\",\"name\":\"FROG.PRO Mystery Operator G\u00fcrtel - TCA eShop - Tactical Combat Academy\",\"isPartOf\":{\"@id\":\"https:\/\/eshop.tca.sk\/de\/#website\"},\"primaryImageOfPage\":{\"@id\":\"https:\/\/eshop.tca.sk\/de\/ausruestung\/frog-pro-mystery-operator-belt\/#primaryimage\"},\"image\":{\"@id\":\"https:\/\/eshop.tca.sk\/de\/ausruestung\/frog-pro-mystery-operator-belt\/#primaryimage\"},\"thumbnailUrl\":\"https:\/\/eshop.tca.sk\/wp-content\/uploads\/2024\/10\/Frog.PRO-Mystery-Operator-Belt-1.jpg\",\"datePublished\":\"2024-10-31T11:49:52+00:00\",\"dateModified\":\"2025-11-26T09:39:50+00:00\",\"description\":\"FROG.PRO Mystery Operator Belt enth\u00e4lt den taktischen G\u00fcrtel FROG.PRO COBRA Operator Belt in einer zuf\u00e4lligen Farbe im Wert von 159,99\u20ac.\",\"breadcrumb\":{\"@id\":\"https:\/\/eshop.tca.sk\/de\/ausruestung\/frog-pro-mystery-operator-belt\/#breadcrumb\"},\"inLanguage\":\"de\",\"potentialAction\":[{\"@type\":\"ReadAction\",\"target\":[\"https:\/\/eshop.tca.sk\/de\/ausruestung\/frog-pro-mystery-operator-belt\/\"]}]},{\"@type\":\"ImageObject\",\"inLanguage\":\"de\",\"@id\":\"https:\/\/eshop.tca.sk\/de\/ausruestung\/frog-pro-mystery-operator-belt\/#primaryimage\",\"url\":\"https:\/\/eshop.tca.sk\/wp-content\/uploads\/2024\/10\/Frog.PRO-Mystery-Operator-Belt-1.jpg\",\"contentUrl\":\"https:\/\/eshop.tca.sk\/wp-content\/uploads\/2024\/10\/Frog.PRO-Mystery-Operator-Belt-1.jpg\",\"width\":1000,\"height\":1000,\"caption\":\"FROG.PRO Mystery Operator Belt\"},{\"@type\":\"BreadcrumbList\",\"@id\":\"https:\/\/eshop.tca.sk\/de\/ausruestung\/frog-pro-mystery-operator-belt\/#breadcrumb\",\"itemListElement\":[{\"@type\":\"ListItem\",\"position\":1,\"name\":\"Domovsk\u00e1 str\u00e1nka\",\"item\":\"https:\/\/eshop.tca.sk\/de\/\"},{\"@type\":\"ListItem\",\"position\":2,\"name\":\"Shop\",\"item\":\"https:\/\/eshop.tca.sk\/de\/shop\/\"},{\"@type\":\"ListItem\",\"position\":3,\"name\":\"FROG.PRO Mystery Operator G\u00fcrtel\"}]},{\"@type\":\"WebSite\",\"@id\":\"https:\/\/eshop.tca.sk\/de\/#website\",\"url\":\"https:\/\/eshop.tca.sk\/de\/\",\"name\":\"TCA eShop - Tactical Combat Academy\",\"description\":\"Tactical Combat Academy\",\"publisher\":{\"@id\":\"https:\/\/eshop.tca.sk\/de\/#organization\"},\"potentialAction\":[{\"@type\":\"SearchAction\",\"target\":{\"@type\":\"EntryPoint\",\"urlTemplate\":\"https:\/\/eshop.tca.sk\/de\/?s={search_term_string}\"},\"query-input\":{\"@type\":\"PropertyValueSpecification\",\"valueRequired\":true,\"valueName\":\"search_term_string\"}}],\"inLanguage\":\"de\"},{\"@type\":\"Organization\",\"@id\":\"https:\/\/eshop.tca.sk\/de\/#organization\",\"name\":\"TCA eShop - Tactical Combat Academy\",\"url\":\"https:\/\/eshop.tca.sk\/de\/\",\"logo\":{\"@type\":\"ImageObject\",\"inLanguage\":\"de\",\"@id\":\"https:\/\/eshop.tca.sk\/de\/#\/schema\/logo\/image\/\",\"url\":\"https:\/\/eshop.tca.sk\/wp-content\/uploads\/2025\/06\/logo-new-header.png\",\"contentUrl\":\"https:\/\/eshop.tca.sk\/wp-content\/uploads\/2025\/06\/logo-new-header.png\",\"width\":300,\"height\":294,\"caption\":\"TCA eShop - Tactical Combat Academy\"},\"image\":{\"@id\":\"https:\/\/eshop.tca.sk\/de\/#\/schema\/logo\/image\/\"}}]}<\/script>\n<!-- \/ Yoast SEO plugin. -->","yoast_head_json":{"title":"FROG.PRO Mystery Operator G\u00fcrtel - TCA eShop - Tactical Combat Academy","description":"FROG.PRO Mystery Operator Belt enth\u00e4lt den taktischen G\u00fcrtel FROG.PRO COBRA Operator Belt in einer zuf\u00e4lligen Farbe im Wert von 159,99\u20ac.","robots":{"index":"index","follow":"follow","max-snippet":"max-snippet:-1","max-image-preview":"max-image-preview:large","max-video-preview":"max-video-preview:-1"},"canonical":"https:\/\/eshop.tca.sk\/de\/ausruestung\/frog-pro-mystery-operator-belt\/","og_locale":"de_DE","og_type":"article","og_title":"FROG.PRO Mystery Operator G\u00fcrtel - TCA eShop - Tactical Combat Academy","og_description":"FROG.PRO Mystery Operator Belt enth\u00e4lt den taktischen G\u00fcrtel FROG.PRO COBRA Operator Belt in einer zuf\u00e4lligen Farbe im Wert von 159,99\u20ac.","og_url":"https:\/\/eshop.tca.sk\/de\/ausruestung\/frog-pro-mystery-operator-belt\/","og_site_name":"TCA eShop - Tactical Combat Academy","article_modified_time":"2025-11-26T09:39:50+00:00","og_image":[{"width":1000,"height":1000,"url":"https:\/\/eshop.tca.sk\/wp-content\/uploads\/2024\/10\/Frog.PRO-Mystery-Operator-Belt-1.jpg","type":"image\/jpeg"}],"twitter_card":"summary_large_image","schema":{"@context":"https:\/\/schema.org","@graph":[{"@type":"WebPage","@id":"https:\/\/eshop.tca.sk\/de\/ausruestung\/frog-pro-mystery-operator-belt\/","url":"https:\/\/eshop.tca.sk\/de\/ausruestung\/frog-pro-mystery-operator-belt\/","name":"FROG.PRO Mystery Operator G\u00fcrtel - TCA eShop - Tactical Combat Academy","isPartOf":{"@id":"https:\/\/eshop.tca.sk\/de\/#website"},"primaryImageOfPage":{"@id":"https:\/\/eshop.tca.sk\/de\/ausruestung\/frog-pro-mystery-operator-belt\/#primaryimage"},"image":{"@id":"https:\/\/eshop.tca.sk\/de\/ausruestung\/frog-pro-mystery-operator-belt\/#primaryimage"},"thumbnailUrl":"https:\/\/eshop.tca.sk\/wp-content\/uploads\/2024\/10\/Frog.PRO-Mystery-Operator-Belt-1.jpg","datePublished":"2024-10-31T11:49:52+00:00","dateModified":"2025-11-26T09:39:50+00:00","description":"FROG.PRO Mystery Operator Belt enth\u00e4lt den taktischen G\u00fcrtel FROG.PRO COBRA Operator Belt in einer zuf\u00e4lligen Farbe im Wert von 159,99\u20ac.","breadcrumb":{"@id":"https:\/\/eshop.tca.sk\/de\/ausruestung\/frog-pro-mystery-operator-belt\/#breadcrumb"},"inLanguage":"de","potentialAction":[{"@type":"ReadAction","target":["https:\/\/eshop.tca.sk\/de\/ausruestung\/frog-pro-mystery-operator-belt\/"]}]},{"@type":"ImageObject","inLanguage":"de","@id":"https:\/\/eshop.tca.sk\/de\/ausruestung\/frog-pro-mystery-operator-belt\/#primaryimage","url":"https:\/\/eshop.tca.sk\/wp-content\/uploads\/2024\/10\/Frog.PRO-Mystery-Operator-Belt-1.jpg","contentUrl":"https:\/\/eshop.tca.sk\/wp-content\/uploads\/2024\/10\/Frog.PRO-Mystery-Operator-Belt-1.jpg","width":1000,"height":1000,"caption":"FROG.PRO Mystery Operator Belt"},{"@type":"BreadcrumbList","@id":"https:\/\/eshop.tca.sk\/de\/ausruestung\/frog-pro-mystery-operator-belt\/#breadcrumb","itemListElement":[{"@type":"ListItem","position":1,"name":"Domovsk\u00e1 str\u00e1nka","item":"https:\/\/eshop.tca.sk\/de\/"},{"@type":"ListItem","position":2,"name":"Shop","item":"https:\/\/eshop.tca.sk\/de\/shop\/"},{"@type":"ListItem","position":3,"name":"FROG.PRO Mystery Operator G\u00fcrtel"}]},{"@type":"WebSite","@id":"https:\/\/eshop.tca.sk\/de\/#website","url":"https:\/\/eshop.tca.sk\/de\/","name":"TCA eShop - Tactical Combat Academy","description":"Tactical Combat Academy","publisher":{"@id":"https:\/\/eshop.tca.sk\/de\/#organization"},"potentialAction":[{"@type":"SearchAction","target":{"@type":"EntryPoint","urlTemplate":"https:\/\/eshop.tca.sk\/de\/?s={search_term_string}"},"query-input":{"@type":"PropertyValueSpecification","valueRequired":true,"valueName":"search_term_string"}}],"inLanguage":"de"},{"@type":"Organization","@id":"https:\/\/eshop.tca.sk\/de\/#organization","name":"TCA eShop - Tactical Combat Academy","url":"https:\/\/eshop.tca.sk\/de\/","logo":{"@type":"ImageObject","inLanguage":"de","@id":"https:\/\/eshop.tca.sk\/de\/#\/schema\/logo\/image\/","url":"https:\/\/eshop.tca.sk\/wp-content\/uploads\/2025\/06\/logo-new-header.png","contentUrl":"https:\/\/eshop.tca.sk\/wp-content\/uploads\/2025\/06\/logo-new-header.png","width":300,"height":294,"caption":"TCA eShop - Tactical Combat Academy"},"image":{"@id":"https:\/\/eshop.tca.sk\/de\/#\/schema\/logo\/image\/"}}]}},"_links":{"self":[{"href":"https:\/\/eshop.tca.sk\/de\/wp-json\/wp\/v2\/product\/13918","targetHints":{"allow":["GET"]}}],"collection":[{"href":"https:\/\/eshop.tca.sk\/de\/wp-json\/wp\/v2\/product"}],"about":[{"href":"https:\/\/eshop.tca.sk\/de\/wp-json\/wp\/v2\/types\/product"}],"wp:featuredmedia":[{"embeddable":true,"href":"https:\/\/eshop.tca.sk\/de\/wp-json\/wp\/v2\/media\/13931"}],"wp:attachment":[{"href":"https:\/\/eshop.tca.sk\/de\/wp-json\/wp\/v2\/media?parent=13918"}],"wp:term":[{"taxonomy":"product_brand","embeddable":true,"href":"https:\/\/eshop.tca.sk\/de\/wp-json\/wp\/v2\/product_brand?post=13918"},{"taxonomy":"product_cat","embeddable":true,"href":"https:\/\/eshop.tca.sk\/de\/wp-json\/wp\/v2\/product_cat?post=13918"},{"taxonomy":"product_tag","embeddable":true,"href":"https:\/\/eshop.tca.sk\/de\/wp-json\/wp\/v2\/product_tag?post=13918"},{"taxonomy":"giftcard-category","embeddable":true,"href":"https:\/\/eshop.tca.sk\/de\/wp-json\/wp\/v2\/giftcard-category?post=13918"}],"curies":[{"name":"wp","href":"https:\/\/api.w.org\/{rel}","templated":true}]}}