{"id":14071,"date":"2024-11-08T15:18:41","date_gmt":"2024-11-08T14:18:41","guid":{"rendered":"https:\/\/eshop.tca.sk\/unkategorisiert\/cistiaca-snura-riflecx-bore-snake-56mm\/"},"modified":"2025-04-30T09:44:12","modified_gmt":"2025-04-30T07:44:12","slug":"cistiaca-snura-riflecx-bore-snake-56mm","status":"publish","type":"product","link":"https:\/\/eshop.tca.sk\/de\/waffenreinigung\/cistiaca-snura-riflecx-bore-snake-56mm\/","title":{"rendered":"Reinigungsschnur RifleCX Bore Snake 5,6mm"},"content":{"rendered":"<h3><strong>Reinigungsschnur RifleCX Bore Snake 5,6mm<\/strong><\/h3>\n<p><strong>Die RifleCX Bore Snake 5.6mm Reinigungsschnur<\/strong> entfernt Schmutzreste und trocknet den Lauf von Vorrichtungen.<br \/>\nZiehen Sie die Schnur immer aus dem Patronenlager zur\u00fcck und ziehen Sie sie zur M\u00fcndung des Laufs.<br \/>\nSchr\u00e4ges Ziehen kann die Laufkrone besch\u00e4digen.<br \/>\nDie Riflecx-Schnur hat die M\u00f6glichkeit, das Ende und den Anfang der Schnur zu verbinden &#8211; das beschleunigt die Laufreinigung um ein Vielfaches.<\/p>\n<p>Parameter:<br \/>\nInklusive zwei Bronzeb\u00fcrsten zur Reinigung des Laufs, Schnurl\u00e4nge ca. 215 cm.<\/p>\n<p><iframe loading=\"lazy\" title=\"How to clean your gun with Pocket Set and Bore Snake Riflecx ENG\" width=\"1170\" height=\"658\" src=\"https:\/\/www.youtube.com\/embed\/ampIFYt-vJI?feature=oembed\" frameborder=\"0\" allow=\"accelerometer; autoplay; clipboard-write; encrypted-media; gyroscope; picture-in-picture; web-share\" referrerpolicy=\"strict-origin-when-cross-origin\" allowfullscreen><\/iframe><\/p>\n","protected":false},"excerpt":{"rendered":"<p><img loading=\"lazy\" decoding=\"async\" class=\"alignnone wp-image-14024\" src=\"https:\/\/eshop.tca.sk\/wp-content\/uploads\/2024\/11\/IMG_0216-300x169.webp\" alt=\"\" width=\"151\" height=\"85\"><\/p>\n<p>Bei verschmutzten L\u00e4ufen lohnt es sich auch, die RifleCX Bore Snake 5,6mm Cleaning Line mindestens zweimal nach der Verwendung von RifleCX-Produkten zu verwenden.<\/p>\n<p><img loading=\"lazy\" decoding=\"async\" class=\"wp-image-8564 alignnone\" src=\"https:\/\/eshop.tca.sk\/wp-content\/uploads\/2023\/04\/Logo-Whack-Black-White-R-APPROVED.png\" alt=\"\" width=\"138\" height=\"75\" srcset=\"https:\/\/eshop.tca.sk\/wp-content\/uploads\/2023\/04\/Logo-Whack-Black-White-R-APPROVED.png 571w, https:\/\/eshop.tca.sk\/wp-content\/uploads\/2023\/04\/Logo-Whack-Black-White-R-APPROVED-300x163.png 300w\" sizes=\"auto, (max-width: 138px) 100vw, 138px\" \/><\/p>\n<p>Vom <strong>TCA<\/strong> und dem <strong>WHACK-System<\/strong> verwendete und empfohlene Equipment.<\/p>\n","protected":false},"featured_media":14049,"template":"","meta":{"inline_featured_image":false},"product_brand":[],"product_cat":[699,318],"product_tag":[700],"giftcard-category":[],"class_list":{"0":"post-14071","1":"product","2":"type-product","3":"status-publish","4":"has-post-thumbnail","6":"product_cat-waffenreinigung","7":"product_cat-waffenzubehoer","8":"product_tag-riflecx-de","10":"first","11":"instock","12":"taxable","13":"shipping-taxable","14":"purchasable","15":"product-type-simple"},"yoast_head":"<!-- This site is optimized with the Yoast SEO plugin v26.4 - https:\/\/yoast.com\/wordpress\/plugins\/seo\/ -->\n<title>Reinigungsschnur RifleCX Bore Snake 5,6mm - TCA eShop - Tactical Combat Academy<\/title>\n<meta name=\"description\" content=\"Bei verschmutzten L\u00e4ufen lohnt es sich auch, die RifleCX Bore Snake 5,6mm Cleaning Line mindestens zweimal nach der Verwendung von RifleCX-Produkten zu verwenden.\" \/>\n<meta name=\"robots\" content=\"index, follow, max-snippet:-1, max-image-preview:large, max-video-preview:-1\" \/>\n<link rel=\"canonical\" href=\"https:\/\/eshop.tca.sk\/de\/waffenreinigung\/cistiaca-snura-riflecx-bore-snake-56mm\/\" \/>\n<meta property=\"og:locale\" content=\"de_DE\" \/>\n<meta property=\"og:type\" content=\"article\" \/>\n<meta property=\"og:title\" content=\"Reinigungsschnur RifleCX Bore Snake 5,6mm - TCA eShop - Tactical Combat Academy\" \/>\n<meta property=\"og:description\" content=\"Bei verschmutzten L\u00e4ufen lohnt es sich auch, die RifleCX Bore Snake 5,6mm Cleaning Line mindestens zweimal nach der Verwendung von RifleCX-Produkten zu verwenden.\" \/>\n<meta property=\"og:url\" content=\"https:\/\/eshop.tca.sk\/de\/waffenreinigung\/cistiaca-snura-riflecx-bore-snake-56mm\/\" \/>\n<meta property=\"og:site_name\" content=\"TCA eShop - Tactical Combat Academy\" \/>\n<meta property=\"article:modified_time\" content=\"2025-04-30T07:44:12+00:00\" \/>\n<meta property=\"og:image\" content=\"https:\/\/eshop.tca.sk\/wp-content\/uploads\/2024\/11\/RifleCX-Bore-Snake-56mm.jpg\" \/>\n\t<meta property=\"og:image:width\" content=\"1000\" \/>\n\t<meta property=\"og:image:height\" content=\"1000\" \/>\n\t<meta property=\"og:image:type\" content=\"image\/jpeg\" \/>\n<meta name=\"twitter:card\" content=\"summary_large_image\" \/>\n<script type=\"application\/ld+json\" class=\"yoast-schema-graph\">{\"@context\":\"https:\/\/schema.org\",\"@graph\":[{\"@type\":\"WebPage\",\"@id\":\"https:\/\/eshop.tca.sk\/de\/waffenreinigung\/cistiaca-snura-riflecx-bore-snake-56mm\/\",\"url\":\"https:\/\/eshop.tca.sk\/de\/waffenreinigung\/cistiaca-snura-riflecx-bore-snake-56mm\/\",\"name\":\"Reinigungsschnur RifleCX Bore Snake 5,6mm - TCA eShop - Tactical Combat Academy\",\"isPartOf\":{\"@id\":\"https:\/\/eshop.tca.sk\/de\/#website\"},\"primaryImageOfPage\":{\"@id\":\"https:\/\/eshop.tca.sk\/de\/waffenreinigung\/cistiaca-snura-riflecx-bore-snake-56mm\/#primaryimage\"},\"image\":{\"@id\":\"https:\/\/eshop.tca.sk\/de\/waffenreinigung\/cistiaca-snura-riflecx-bore-snake-56mm\/#primaryimage\"},\"thumbnailUrl\":\"https:\/\/eshop.tca.sk\/wp-content\/uploads\/2024\/11\/RifleCX-Bore-Snake-56mm.jpg\",\"datePublished\":\"2024-11-08T14:18:41+00:00\",\"dateModified\":\"2025-04-30T07:44:12+00:00\",\"description\":\"Bei verschmutzten L\u00e4ufen lohnt es sich auch, die RifleCX Bore Snake 5,6mm Cleaning Line mindestens zweimal nach der Verwendung von RifleCX-Produkten zu verwenden.\",\"breadcrumb\":{\"@id\":\"https:\/\/eshop.tca.sk\/de\/waffenreinigung\/cistiaca-snura-riflecx-bore-snake-56mm\/#breadcrumb\"},\"inLanguage\":\"de\",\"potentialAction\":[{\"@type\":\"ReadAction\",\"target\":[\"https:\/\/eshop.tca.sk\/de\/waffenreinigung\/cistiaca-snura-riflecx-bore-snake-56mm\/\"]}]},{\"@type\":\"ImageObject\",\"inLanguage\":\"de\",\"@id\":\"https:\/\/eshop.tca.sk\/de\/waffenreinigung\/cistiaca-snura-riflecx-bore-snake-56mm\/#primaryimage\",\"url\":\"https:\/\/eshop.tca.sk\/wp-content\/uploads\/2024\/11\/RifleCX-Bore-Snake-56mm.jpg\",\"contentUrl\":\"https:\/\/eshop.tca.sk\/wp-content\/uploads\/2024\/11\/RifleCX-Bore-Snake-56mm.jpg\",\"width\":1000,\"height\":1000,\"caption\":\"\u010cistiaca \u0161n\u00fara RifleCX Bore Snake 5,6mm\"},{\"@type\":\"BreadcrumbList\",\"@id\":\"https:\/\/eshop.tca.sk\/de\/waffenreinigung\/cistiaca-snura-riflecx-bore-snake-56mm\/#breadcrumb\",\"itemListElement\":[{\"@type\":\"ListItem\",\"position\":1,\"name\":\"Domovsk\u00e1 str\u00e1nka\",\"item\":\"https:\/\/eshop.tca.sk\/de\/\"},{\"@type\":\"ListItem\",\"position\":2,\"name\":\"Shop\",\"item\":\"https:\/\/eshop.tca.sk\/de\/shop\/\"},{\"@type\":\"ListItem\",\"position\":3,\"name\":\"Reinigungsschnur RifleCX Bore Snake 5,6mm\"}]},{\"@type\":\"WebSite\",\"@id\":\"https:\/\/eshop.tca.sk\/de\/#website\",\"url\":\"https:\/\/eshop.tca.sk\/de\/\",\"name\":\"TCA eShop - Tactical Combat Academy\",\"description\":\"Tactical Combat Academy\",\"publisher\":{\"@id\":\"https:\/\/eshop.tca.sk\/de\/#organization\"},\"potentialAction\":[{\"@type\":\"SearchAction\",\"target\":{\"@type\":\"EntryPoint\",\"urlTemplate\":\"https:\/\/eshop.tca.sk\/de\/?s={search_term_string}\"},\"query-input\":{\"@type\":\"PropertyValueSpecification\",\"valueRequired\":true,\"valueName\":\"search_term_string\"}}],\"inLanguage\":\"de\"},{\"@type\":\"Organization\",\"@id\":\"https:\/\/eshop.tca.sk\/de\/#organization\",\"name\":\"TCA eShop - Tactical Combat Academy\",\"url\":\"https:\/\/eshop.tca.sk\/de\/\",\"logo\":{\"@type\":\"ImageObject\",\"inLanguage\":\"de\",\"@id\":\"https:\/\/eshop.tca.sk\/de\/#\/schema\/logo\/image\/\",\"url\":\"https:\/\/eshop.tca.sk\/wp-content\/uploads\/2025\/06\/logo-new-header.png\",\"contentUrl\":\"https:\/\/eshop.tca.sk\/wp-content\/uploads\/2025\/06\/logo-new-header.png\",\"width\":300,\"height\":294,\"caption\":\"TCA eShop - Tactical Combat Academy\"},\"image\":{\"@id\":\"https:\/\/eshop.tca.sk\/de\/#\/schema\/logo\/image\/\"}}]}<\/script>\n<!-- \/ Yoast SEO plugin. -->","yoast_head_json":{"title":"Reinigungsschnur RifleCX Bore Snake 5,6mm - TCA eShop - Tactical Combat Academy","description":"Bei verschmutzten L\u00e4ufen lohnt es sich auch, die RifleCX Bore Snake 5,6mm Cleaning Line mindestens zweimal nach der Verwendung von RifleCX-Produkten zu verwenden.","robots":{"index":"index","follow":"follow","max-snippet":"max-snippet:-1","max-image-preview":"max-image-preview:large","max-video-preview":"max-video-preview:-1"},"canonical":"https:\/\/eshop.tca.sk\/de\/waffenreinigung\/cistiaca-snura-riflecx-bore-snake-56mm\/","og_locale":"de_DE","og_type":"article","og_title":"Reinigungsschnur RifleCX Bore Snake 5,6mm - TCA eShop - Tactical Combat Academy","og_description":"Bei verschmutzten L\u00e4ufen lohnt es sich auch, die RifleCX Bore Snake 5,6mm Cleaning Line mindestens zweimal nach der Verwendung von RifleCX-Produkten zu verwenden.","og_url":"https:\/\/eshop.tca.sk\/de\/waffenreinigung\/cistiaca-snura-riflecx-bore-snake-56mm\/","og_site_name":"TCA eShop - Tactical Combat Academy","article_modified_time":"2025-04-30T07:44:12+00:00","og_image":[{"width":1000,"height":1000,"url":"https:\/\/eshop.tca.sk\/wp-content\/uploads\/2024\/11\/RifleCX-Bore-Snake-56mm.jpg","type":"image\/jpeg"}],"twitter_card":"summary_large_image","schema":{"@context":"https:\/\/schema.org","@graph":[{"@type":"WebPage","@id":"https:\/\/eshop.tca.sk\/de\/waffenreinigung\/cistiaca-snura-riflecx-bore-snake-56mm\/","url":"https:\/\/eshop.tca.sk\/de\/waffenreinigung\/cistiaca-snura-riflecx-bore-snake-56mm\/","name":"Reinigungsschnur RifleCX Bore Snake 5,6mm - TCA eShop - Tactical Combat Academy","isPartOf":{"@id":"https:\/\/eshop.tca.sk\/de\/#website"},"primaryImageOfPage":{"@id":"https:\/\/eshop.tca.sk\/de\/waffenreinigung\/cistiaca-snura-riflecx-bore-snake-56mm\/#primaryimage"},"image":{"@id":"https:\/\/eshop.tca.sk\/de\/waffenreinigung\/cistiaca-snura-riflecx-bore-snake-56mm\/#primaryimage"},"thumbnailUrl":"https:\/\/eshop.tca.sk\/wp-content\/uploads\/2024\/11\/RifleCX-Bore-Snake-56mm.jpg","datePublished":"2024-11-08T14:18:41+00:00","dateModified":"2025-04-30T07:44:12+00:00","description":"Bei verschmutzten L\u00e4ufen lohnt es sich auch, die RifleCX Bore Snake 5,6mm Cleaning Line mindestens zweimal nach der Verwendung von RifleCX-Produkten zu verwenden.","breadcrumb":{"@id":"https:\/\/eshop.tca.sk\/de\/waffenreinigung\/cistiaca-snura-riflecx-bore-snake-56mm\/#breadcrumb"},"inLanguage":"de","potentialAction":[{"@type":"ReadAction","target":["https:\/\/eshop.tca.sk\/de\/waffenreinigung\/cistiaca-snura-riflecx-bore-snake-56mm\/"]}]},{"@type":"ImageObject","inLanguage":"de","@id":"https:\/\/eshop.tca.sk\/de\/waffenreinigung\/cistiaca-snura-riflecx-bore-snake-56mm\/#primaryimage","url":"https:\/\/eshop.tca.sk\/wp-content\/uploads\/2024\/11\/RifleCX-Bore-Snake-56mm.jpg","contentUrl":"https:\/\/eshop.tca.sk\/wp-content\/uploads\/2024\/11\/RifleCX-Bore-Snake-56mm.jpg","width":1000,"height":1000,"caption":"\u010cistiaca \u0161n\u00fara RifleCX Bore Snake 5,6mm"},{"@type":"BreadcrumbList","@id":"https:\/\/eshop.tca.sk\/de\/waffenreinigung\/cistiaca-snura-riflecx-bore-snake-56mm\/#breadcrumb","itemListElement":[{"@type":"ListItem","position":1,"name":"Domovsk\u00e1 str\u00e1nka","item":"https:\/\/eshop.tca.sk\/de\/"},{"@type":"ListItem","position":2,"name":"Shop","item":"https:\/\/eshop.tca.sk\/de\/shop\/"},{"@type":"ListItem","position":3,"name":"Reinigungsschnur RifleCX Bore Snake 5,6mm"}]},{"@type":"WebSite","@id":"https:\/\/eshop.tca.sk\/de\/#website","url":"https:\/\/eshop.tca.sk\/de\/","name":"TCA eShop - Tactical Combat Academy","description":"Tactical Combat Academy","publisher":{"@id":"https:\/\/eshop.tca.sk\/de\/#organization"},"potentialAction":[{"@type":"SearchAction","target":{"@type":"EntryPoint","urlTemplate":"https:\/\/eshop.tca.sk\/de\/?s={search_term_string}"},"query-input":{"@type":"PropertyValueSpecification","valueRequired":true,"valueName":"search_term_string"}}],"inLanguage":"de"},{"@type":"Organization","@id":"https:\/\/eshop.tca.sk\/de\/#organization","name":"TCA eShop - Tactical Combat Academy","url":"https:\/\/eshop.tca.sk\/de\/","logo":{"@type":"ImageObject","inLanguage":"de","@id":"https:\/\/eshop.tca.sk\/de\/#\/schema\/logo\/image\/","url":"https:\/\/eshop.tca.sk\/wp-content\/uploads\/2025\/06\/logo-new-header.png","contentUrl":"https:\/\/eshop.tca.sk\/wp-content\/uploads\/2025\/06\/logo-new-header.png","width":300,"height":294,"caption":"TCA eShop - Tactical Combat Academy"},"image":{"@id":"https:\/\/eshop.tca.sk\/de\/#\/schema\/logo\/image\/"}}]}},"_links":{"self":[{"href":"https:\/\/eshop.tca.sk\/de\/wp-json\/wp\/v2\/product\/14071","targetHints":{"allow":["GET"]}}],"collection":[{"href":"https:\/\/eshop.tca.sk\/de\/wp-json\/wp\/v2\/product"}],"about":[{"href":"https:\/\/eshop.tca.sk\/de\/wp-json\/wp\/v2\/types\/product"}],"wp:featuredmedia":[{"embeddable":true,"href":"https:\/\/eshop.tca.sk\/de\/wp-json\/wp\/v2\/media\/14049"}],"wp:attachment":[{"href":"https:\/\/eshop.tca.sk\/de\/wp-json\/wp\/v2\/media?parent=14071"}],"wp:term":[{"taxonomy":"product_brand","embeddable":true,"href":"https:\/\/eshop.tca.sk\/de\/wp-json\/wp\/v2\/product_brand?post=14071"},{"taxonomy":"product_cat","embeddable":true,"href":"https:\/\/eshop.tca.sk\/de\/wp-json\/wp\/v2\/product_cat?post=14071"},{"taxonomy":"product_tag","embeddable":true,"href":"https:\/\/eshop.tca.sk\/de\/wp-json\/wp\/v2\/product_tag?post=14071"},{"taxonomy":"giftcard-category","embeddable":true,"href":"https:\/\/eshop.tca.sk\/de\/wp-json\/wp\/v2\/giftcard-category?post=14071"}],"curies":[{"name":"wp","href":"https:\/\/api.w.org\/{rel}","templated":true}]}}