{"id":14084,"date":"2024-11-12T11:12:03","date_gmt":"2024-11-12T10:12:03","guid":{"rendered":"https:\/\/eshop.tca.sk\/?post_type=product&#038;p=14084"},"modified":"2025-11-03T11:40:44","modified_gmt":"2025-11-03T10:40:44","slug":"laufschaum-riflecx-barrel-foam","status":"publish","type":"product","link":"https:\/\/eshop.tca.sk\/de\/waffenreinigung\/laufschaum-riflecx-barrel-foam\/","title":{"rendered":"RifleCX-Laufschaum"},"content":{"rendered":"<h3><strong>RifleCX-Laufschaum<\/strong><\/h3>\n<p><strong>RifleCX Barrel Foam ist ein alkalischer Laufreiniger, der speziell f\u00fcr die Laufreinigung entwickelt wurde.<\/strong> Die Zusammensetzung sorgt f\u00fcr eine perfekte Benetzung der zu reinigenden Oberfl\u00e4chen und eine effektive Emulgierung des Schmutzes, so dass Sie bereits nach der ersten Anwendung sehr gute Ergebnisse erzielen. Das Auftragen des Schaums muss normalerweise nicht wiederholt werden, was Zeit und Geld spart. Das Produkt enth\u00e4lt spezielle Tenside sowie Korrosionsinhibitoren, die, obwohl sie auf Wasserbasis sind, Metallkorrosion verhindern. Entfernt verbrannte Pulverreste, Kohlenstoff und andere Verunreinigungen aus dem Lauf. Hinterl\u00e4sst keine R\u00fcckst\u00e4nde auf gereinigten Oberfl\u00e4chen. Die Schlauchl\u00e4nge von 60 cm erm\u00f6glicht eine pr\u00e4zise Anwendung auch in sehr langen F\u00e4ssern.<\/p>\n<p><b>ANWENDUNGEN:<\/b><\/p>\n<p>Der Schaum wird mit einem 60 cm langen Rohr aufgetragen, so dass der Schaum jeden Zentimeter ausf\u00fcllen kann. Der Schaum reagiert mit dem Schmutz und weicht ihn auf, so dass er sich anschlie\u00dfend leichter mit einer B\u00fcrste reinigen l\u00e4sst. Im Gegensatz zu vielen anderen Schaumstoffen beh\u00e4lt <strong>RifleCX Barrel Foam<\/strong> seine Dichte w\u00e4hrend des gesamten Gebrauchs bei und gew\u00e4hrleistet so eine gr\u00fcndliche Laufreinigung.<br \/>\nNach dem Auftragen zehn Minuten einwirken lassen. Anschlie\u00dfend m\u00fcssen Sie eine B\u00fcrste verwenden, bis Sie den restlichen Schmutz entfernt haben.<\/p>\n","protected":false},"excerpt":{"rendered":"<p><img loading=\"lazy\" decoding=\"async\" class=\"alignnone wp-image-14024\" src=\"https:\/\/eshop.tca.sk\/wp-content\/uploads\/2024\/11\/IMG_0216-300x169.webp\" alt=\"\" width=\"151\" height=\"85\"><\/p>\n<p>Sie k\u00f6nnen den Lauf mehr als einmal reinigen&#8230;. Sie k\u00f6nnen&#8230; aber Sie werden einen Lauf nie so gr\u00fcndlich reinigen wie mit RifleCX Barrel Foam.<\/p>\n<p><img loading=\"lazy\" decoding=\"async\" class=\"wp-image-8564 alignnone\" src=\"https:\/\/eshop.tca.sk\/wp-content\/uploads\/2023\/04\/Logo-Whack-Black-White-R-APPROVED.png\" alt=\"\" width=\"138\" height=\"75\" srcset=\"https:\/\/eshop.tca.sk\/wp-content\/uploads\/2023\/04\/Logo-Whack-Black-White-R-APPROVED.png 571w, https:\/\/eshop.tca.sk\/wp-content\/uploads\/2023\/04\/Logo-Whack-Black-White-R-APPROVED-300x163.png 300w\" sizes=\"auto, (max-width: 138px) 100vw, 138px\" \/><\/p>\n<p>Vom <strong>TCA<\/strong> und dem <strong>WHACK-System<\/strong> verwendete und empfohlene Equipment.<\/p>\n","protected":false},"featured_media":14086,"template":"","meta":{"inline_featured_image":false},"product_brand":[],"product_cat":[699,318],"product_tag":[700],"giftcard-category":[],"class_list":{"0":"post-14084","1":"product","2":"type-product","3":"status-publish","4":"has-post-thumbnail","6":"product_cat-waffenreinigung","7":"product_cat-waffenzubehoer","8":"product_tag-riflecx-de","10":"first","11":"instock","12":"taxable","13":"shipping-taxable","14":"purchasable","15":"product-type-simple"},"yoast_head":"<!-- This site is optimized with the Yoast SEO plugin v26.4 - https:\/\/yoast.com\/wordpress\/plugins\/seo\/ -->\n<title>RifleCX-Laufschaum - TCA eShop - Tactical Combat Academy<\/title>\n<meta name=\"description\" content=\"Sie k\u00f6nnen den Lauf mehr als einmal reinigen.... Sie k\u00f6nnen... aber Sie werden einen Lauf nie so gr\u00fcndlich reinigen wie mit RifleCX Barrel Foam.\" \/>\n<meta name=\"robots\" content=\"index, follow, max-snippet:-1, max-image-preview:large, max-video-preview:-1\" \/>\n<link rel=\"canonical\" href=\"https:\/\/eshop.tca.sk\/de\/waffenreinigung\/laufschaum-riflecx-barrel-foam\/\" \/>\n<meta property=\"og:locale\" content=\"de_DE\" \/>\n<meta property=\"og:type\" content=\"article\" \/>\n<meta property=\"og:title\" content=\"RifleCX-Laufschaum - TCA eShop - Tactical Combat Academy\" \/>\n<meta property=\"og:description\" content=\"Sie k\u00f6nnen den Lauf mehr als einmal reinigen.... Sie k\u00f6nnen... aber Sie werden einen Lauf nie so gr\u00fcndlich reinigen wie mit RifleCX Barrel Foam.\" \/>\n<meta property=\"og:url\" content=\"https:\/\/eshop.tca.sk\/de\/waffenreinigung\/laufschaum-riflecx-barrel-foam\/\" \/>\n<meta property=\"og:site_name\" content=\"TCA eShop - Tactical Combat Academy\" \/>\n<meta property=\"article:modified_time\" content=\"2025-11-03T10:40:44+00:00\" \/>\n<meta property=\"og:image\" content=\"https:\/\/eshop.tca.sk\/wp-content\/uploads\/2024\/11\/RifleCX-Pena-do-hlavne.jpg\" \/>\n\t<meta property=\"og:image:width\" content=\"1000\" \/>\n\t<meta property=\"og:image:height\" content=\"1000\" \/>\n\t<meta property=\"og:image:type\" content=\"image\/jpeg\" \/>\n<meta name=\"twitter:card\" content=\"summary_large_image\" \/>\n<script type=\"application\/ld+json\" class=\"yoast-schema-graph\">{\"@context\":\"https:\/\/schema.org\",\"@graph\":[{\"@type\":\"WebPage\",\"@id\":\"https:\/\/eshop.tca.sk\/de\/waffenreinigung\/laufschaum-riflecx-barrel-foam\/\",\"url\":\"https:\/\/eshop.tca.sk\/de\/waffenreinigung\/laufschaum-riflecx-barrel-foam\/\",\"name\":\"RifleCX-Laufschaum - TCA eShop - Tactical Combat Academy\",\"isPartOf\":{\"@id\":\"https:\/\/eshop.tca.sk\/de\/#website\"},\"primaryImageOfPage\":{\"@id\":\"https:\/\/eshop.tca.sk\/de\/waffenreinigung\/laufschaum-riflecx-barrel-foam\/#primaryimage\"},\"image\":{\"@id\":\"https:\/\/eshop.tca.sk\/de\/waffenreinigung\/laufschaum-riflecx-barrel-foam\/#primaryimage\"},\"thumbnailUrl\":\"https:\/\/eshop.tca.sk\/wp-content\/uploads\/2024\/11\/RifleCX-Pena-do-hlavne.jpg\",\"datePublished\":\"2024-11-12T10:12:03+00:00\",\"dateModified\":\"2025-11-03T10:40:44+00:00\",\"description\":\"Sie k\u00f6nnen den Lauf mehr als einmal reinigen.... Sie k\u00f6nnen... aber Sie werden einen Lauf nie so gr\u00fcndlich reinigen wie mit RifleCX Barrel Foam.\",\"breadcrumb\":{\"@id\":\"https:\/\/eshop.tca.sk\/de\/waffenreinigung\/laufschaum-riflecx-barrel-foam\/#breadcrumb\"},\"inLanguage\":\"de\",\"potentialAction\":[{\"@type\":\"ReadAction\",\"target\":[\"https:\/\/eshop.tca.sk\/de\/waffenreinigung\/laufschaum-riflecx-barrel-foam\/\"]}]},{\"@type\":\"ImageObject\",\"inLanguage\":\"de\",\"@id\":\"https:\/\/eshop.tca.sk\/de\/waffenreinigung\/laufschaum-riflecx-barrel-foam\/#primaryimage\",\"url\":\"https:\/\/eshop.tca.sk\/wp-content\/uploads\/2024\/11\/RifleCX-Pena-do-hlavne.jpg\",\"contentUrl\":\"https:\/\/eshop.tca.sk\/wp-content\/uploads\/2024\/11\/RifleCX-Pena-do-hlavne.jpg\",\"width\":1000,\"height\":1000,\"caption\":\"Pena do hlavne RifleCX Barrel Foam 500ml\"},{\"@type\":\"BreadcrumbList\",\"@id\":\"https:\/\/eshop.tca.sk\/de\/waffenreinigung\/laufschaum-riflecx-barrel-foam\/#breadcrumb\",\"itemListElement\":[{\"@type\":\"ListItem\",\"position\":1,\"name\":\"Domovsk\u00e1 str\u00e1nka\",\"item\":\"https:\/\/eshop.tca.sk\/de\/\"},{\"@type\":\"ListItem\",\"position\":2,\"name\":\"Shop\",\"item\":\"https:\/\/eshop.tca.sk\/de\/shop\/\"},{\"@type\":\"ListItem\",\"position\":3,\"name\":\"RifleCX-Laufschaum\"}]},{\"@type\":\"WebSite\",\"@id\":\"https:\/\/eshop.tca.sk\/de\/#website\",\"url\":\"https:\/\/eshop.tca.sk\/de\/\",\"name\":\"TCA eShop - Tactical Combat Academy\",\"description\":\"Tactical Combat Academy\",\"publisher\":{\"@id\":\"https:\/\/eshop.tca.sk\/de\/#organization\"},\"potentialAction\":[{\"@type\":\"SearchAction\",\"target\":{\"@type\":\"EntryPoint\",\"urlTemplate\":\"https:\/\/eshop.tca.sk\/de\/?s={search_term_string}\"},\"query-input\":{\"@type\":\"PropertyValueSpecification\",\"valueRequired\":true,\"valueName\":\"search_term_string\"}}],\"inLanguage\":\"de\"},{\"@type\":\"Organization\",\"@id\":\"https:\/\/eshop.tca.sk\/de\/#organization\",\"name\":\"TCA eShop - Tactical Combat Academy\",\"url\":\"https:\/\/eshop.tca.sk\/de\/\",\"logo\":{\"@type\":\"ImageObject\",\"inLanguage\":\"de\",\"@id\":\"https:\/\/eshop.tca.sk\/de\/#\/schema\/logo\/image\/\",\"url\":\"https:\/\/eshop.tca.sk\/wp-content\/uploads\/2025\/06\/logo-new-header.png\",\"contentUrl\":\"https:\/\/eshop.tca.sk\/wp-content\/uploads\/2025\/06\/logo-new-header.png\",\"width\":300,\"height\":294,\"caption\":\"TCA eShop - Tactical Combat Academy\"},\"image\":{\"@id\":\"https:\/\/eshop.tca.sk\/de\/#\/schema\/logo\/image\/\"}}]}<\/script>\n<!-- \/ Yoast SEO plugin. -->","yoast_head_json":{"title":"RifleCX-Laufschaum - TCA eShop - Tactical Combat Academy","description":"Sie k\u00f6nnen den Lauf mehr als einmal reinigen.... Sie k\u00f6nnen... aber Sie werden einen Lauf nie so gr\u00fcndlich reinigen wie mit RifleCX Barrel Foam.","robots":{"index":"index","follow":"follow","max-snippet":"max-snippet:-1","max-image-preview":"max-image-preview:large","max-video-preview":"max-video-preview:-1"},"canonical":"https:\/\/eshop.tca.sk\/de\/waffenreinigung\/laufschaum-riflecx-barrel-foam\/","og_locale":"de_DE","og_type":"article","og_title":"RifleCX-Laufschaum - TCA eShop - Tactical Combat Academy","og_description":"Sie k\u00f6nnen den Lauf mehr als einmal reinigen.... Sie k\u00f6nnen... aber Sie werden einen Lauf nie so gr\u00fcndlich reinigen wie mit RifleCX Barrel Foam.","og_url":"https:\/\/eshop.tca.sk\/de\/waffenreinigung\/laufschaum-riflecx-barrel-foam\/","og_site_name":"TCA eShop - Tactical Combat Academy","article_modified_time":"2025-11-03T10:40:44+00:00","og_image":[{"width":1000,"height":1000,"url":"https:\/\/eshop.tca.sk\/wp-content\/uploads\/2024\/11\/RifleCX-Pena-do-hlavne.jpg","type":"image\/jpeg"}],"twitter_card":"summary_large_image","schema":{"@context":"https:\/\/schema.org","@graph":[{"@type":"WebPage","@id":"https:\/\/eshop.tca.sk\/de\/waffenreinigung\/laufschaum-riflecx-barrel-foam\/","url":"https:\/\/eshop.tca.sk\/de\/waffenreinigung\/laufschaum-riflecx-barrel-foam\/","name":"RifleCX-Laufschaum - TCA eShop - Tactical Combat Academy","isPartOf":{"@id":"https:\/\/eshop.tca.sk\/de\/#website"},"primaryImageOfPage":{"@id":"https:\/\/eshop.tca.sk\/de\/waffenreinigung\/laufschaum-riflecx-barrel-foam\/#primaryimage"},"image":{"@id":"https:\/\/eshop.tca.sk\/de\/waffenreinigung\/laufschaum-riflecx-barrel-foam\/#primaryimage"},"thumbnailUrl":"https:\/\/eshop.tca.sk\/wp-content\/uploads\/2024\/11\/RifleCX-Pena-do-hlavne.jpg","datePublished":"2024-11-12T10:12:03+00:00","dateModified":"2025-11-03T10:40:44+00:00","description":"Sie k\u00f6nnen den Lauf mehr als einmal reinigen.... Sie k\u00f6nnen... aber Sie werden einen Lauf nie so gr\u00fcndlich reinigen wie mit RifleCX Barrel Foam.","breadcrumb":{"@id":"https:\/\/eshop.tca.sk\/de\/waffenreinigung\/laufschaum-riflecx-barrel-foam\/#breadcrumb"},"inLanguage":"de","potentialAction":[{"@type":"ReadAction","target":["https:\/\/eshop.tca.sk\/de\/waffenreinigung\/laufschaum-riflecx-barrel-foam\/"]}]},{"@type":"ImageObject","inLanguage":"de","@id":"https:\/\/eshop.tca.sk\/de\/waffenreinigung\/laufschaum-riflecx-barrel-foam\/#primaryimage","url":"https:\/\/eshop.tca.sk\/wp-content\/uploads\/2024\/11\/RifleCX-Pena-do-hlavne.jpg","contentUrl":"https:\/\/eshop.tca.sk\/wp-content\/uploads\/2024\/11\/RifleCX-Pena-do-hlavne.jpg","width":1000,"height":1000,"caption":"Pena do hlavne RifleCX Barrel Foam 500ml"},{"@type":"BreadcrumbList","@id":"https:\/\/eshop.tca.sk\/de\/waffenreinigung\/laufschaum-riflecx-barrel-foam\/#breadcrumb","itemListElement":[{"@type":"ListItem","position":1,"name":"Domovsk\u00e1 str\u00e1nka","item":"https:\/\/eshop.tca.sk\/de\/"},{"@type":"ListItem","position":2,"name":"Shop","item":"https:\/\/eshop.tca.sk\/de\/shop\/"},{"@type":"ListItem","position":3,"name":"RifleCX-Laufschaum"}]},{"@type":"WebSite","@id":"https:\/\/eshop.tca.sk\/de\/#website","url":"https:\/\/eshop.tca.sk\/de\/","name":"TCA eShop - Tactical Combat Academy","description":"Tactical Combat Academy","publisher":{"@id":"https:\/\/eshop.tca.sk\/de\/#organization"},"potentialAction":[{"@type":"SearchAction","target":{"@type":"EntryPoint","urlTemplate":"https:\/\/eshop.tca.sk\/de\/?s={search_term_string}"},"query-input":{"@type":"PropertyValueSpecification","valueRequired":true,"valueName":"search_term_string"}}],"inLanguage":"de"},{"@type":"Organization","@id":"https:\/\/eshop.tca.sk\/de\/#organization","name":"TCA eShop - Tactical Combat Academy","url":"https:\/\/eshop.tca.sk\/de\/","logo":{"@type":"ImageObject","inLanguage":"de","@id":"https:\/\/eshop.tca.sk\/de\/#\/schema\/logo\/image\/","url":"https:\/\/eshop.tca.sk\/wp-content\/uploads\/2025\/06\/logo-new-header.png","contentUrl":"https:\/\/eshop.tca.sk\/wp-content\/uploads\/2025\/06\/logo-new-header.png","width":300,"height":294,"caption":"TCA eShop - Tactical Combat Academy"},"image":{"@id":"https:\/\/eshop.tca.sk\/de\/#\/schema\/logo\/image\/"}}]}},"_links":{"self":[{"href":"https:\/\/eshop.tca.sk\/de\/wp-json\/wp\/v2\/product\/14084","targetHints":{"allow":["GET"]}}],"collection":[{"href":"https:\/\/eshop.tca.sk\/de\/wp-json\/wp\/v2\/product"}],"about":[{"href":"https:\/\/eshop.tca.sk\/de\/wp-json\/wp\/v2\/types\/product"}],"wp:featuredmedia":[{"embeddable":true,"href":"https:\/\/eshop.tca.sk\/de\/wp-json\/wp\/v2\/media\/14086"}],"wp:attachment":[{"href":"https:\/\/eshop.tca.sk\/de\/wp-json\/wp\/v2\/media?parent=14084"}],"wp:term":[{"taxonomy":"product_brand","embeddable":true,"href":"https:\/\/eshop.tca.sk\/de\/wp-json\/wp\/v2\/product_brand?post=14084"},{"taxonomy":"product_cat","embeddable":true,"href":"https:\/\/eshop.tca.sk\/de\/wp-json\/wp\/v2\/product_cat?post=14084"},{"taxonomy":"product_tag","embeddable":true,"href":"https:\/\/eshop.tca.sk\/de\/wp-json\/wp\/v2\/product_tag?post=14084"},{"taxonomy":"giftcard-category","embeddable":true,"href":"https:\/\/eshop.tca.sk\/de\/wp-json\/wp\/v2\/giftcard-category?post=14084"}],"curies":[{"name":"wp","href":"https:\/\/api.w.org\/{rel}","templated":true}]}}