{"id":14088,"date":"2024-11-12T12:31:42","date_gmt":"2024-11-12T11:31:42","guid":{"rendered":"https:\/\/eshop.tca.sk\/?post_type=product&#038;p=14088"},"modified":"2026-01-08T10:29:42","modified_gmt":"2026-01-08T09:29:42","slug":"schalldaempfer-reiniger-riflecx-silencer-cleaner","status":"publish","type":"product","link":"https:\/\/eshop.tca.sk\/de\/waffenreinigung\/schalldaempfer-reiniger-riflecx-silencer-cleaner\/","title":{"rendered":"RifleCX Schalld\u00e4mpfer-Reiniger"},"content":{"rendered":"<h3><strong>RifleCX Schalld\u00e4mpfer-Reiniger<\/strong><\/h3>\n<p><strong>RifleCX Silencer Cleaner<\/strong> hilft Ihnen, die Lebensdauer Ihres Schalld\u00e4mpfers zu verl\u00e4ngern und seine Leistung zu verbessern.<\/p>\n<p><b>ANWENDUNGEN:<\/b><\/p>\n<p>Zerlegbare Sto\u00dfd\u00e4mpfer: Demontieren Sie den Sto\u00dfd\u00e4mpfer, spr\u00fchen Sie ihn mit Reiniger ein, warten Sie 10 Minuten und entfernen Sie dann den verbrannten Staub mit einer Messingb\u00fcrste, spr\u00fchen Sie den Sto\u00dfd\u00e4mpfer <a href=\"https:\/\/eshop.tca.sk\/cistenie-na-zbrane\/sprej-s-teflonom-riflecx-care-spray-500ml\/\"><strong>RifleCX Teflon-Schutzspray<\/strong><\/a>.<\/p>\n<p>Nicht abnehmbare Sto\u00dfd\u00e4mpfer: Tauchen oder f\u00fcllen Sie den Sto\u00dfd\u00e4mpfer 10 Minuten lang in den Reiniger, sp\u00fclen Sie den Sto\u00dfd\u00e4mpfer ab und spr\u00fchen Sie ihn anschlie\u00dfend ein <a href=\"https:\/\/eshop.tca.sk\/cistenie-na-zbrane\/sprej-s-teflonom-riflecx-care-spray-500ml\/\"><strong>RifleCX Teflon-Schutzspray<\/strong><\/a>. Bei starker Verschmutzung k\u00f6nnen Sie die Reinigungszeit auf 30 Minuten verl\u00e4ngern. Wiederholen Sie den Vorgang, falls n\u00f6tig.<\/p>\n<p><b>WARNUNG: NICHT AUF ALUMINIUM-STOSSD\u00c4MPFERN VERWENDEN!<\/b><\/p>\n<p><iframe loading=\"lazy\" src=\"\/\/www.youtube.com\/embed\/iNm6j8rhZ_o?si=ClK2P-UybctAGtwQ\" width=\"1120\" height=\"628\" allowfullscreen=\"allowfullscreen\"><\/iframe><\/p>\n","protected":false},"excerpt":{"rendered":"<p><img loading=\"lazy\" decoding=\"async\" class=\"alignnone wp-image-14024\" src=\"https:\/\/eshop.tca.sk\/wp-content\/uploads\/2024\/11\/IMG_0216-300x169.webp\" alt=\"\" width=\"151\" height=\"85\"><\/p>\n<p>RifleCX Silencer Cleaner hilft Ihnen, die Lebensdauer Ihres Schalld\u00e4mpfers zu verl\u00e4ngern und seine Leistung zu verbessern.<\/p>\n<p><img loading=\"lazy\" decoding=\"async\" class=\"wp-image-8564 alignnone\" src=\"https:\/\/eshop.tca.sk\/wp-content\/uploads\/2023\/04\/Logo-Whack-Black-White-R-APPROVED.png\" alt=\"\" width=\"138\" height=\"75\" srcset=\"https:\/\/eshop.tca.sk\/wp-content\/uploads\/2023\/04\/Logo-Whack-Black-White-R-APPROVED.png 571w, https:\/\/eshop.tca.sk\/wp-content\/uploads\/2023\/04\/Logo-Whack-Black-White-R-APPROVED-300x163.png 300w\" sizes=\"auto, (max-width: 138px) 100vw, 138px\" \/><\/p>\n<p>Vom <strong>TCA<\/strong> und dem <strong>WHACK-System<\/strong> verwendete und empfohlene Equipment.<\/p>\n","protected":false},"featured_media":14090,"template":"","meta":{"inline_featured_image":false},"product_brand":[],"product_cat":[699,318],"product_tag":[700],"giftcard-category":[],"class_list":{"0":"post-14088","1":"product","2":"type-product","3":"status-publish","4":"has-post-thumbnail","6":"product_cat-waffenreinigung","7":"product_cat-waffenzubehoer","8":"product_tag-riflecx-de","10":"first","11":"instock","12":"taxable","13":"shipping-taxable","14":"purchasable","15":"product-type-simple"},"yoast_head":"<!-- This site is optimized with the Yoast SEO plugin v26.4 - https:\/\/yoast.com\/wordpress\/plugins\/seo\/ -->\n<title>RifleCX Schalld\u00e4mpfer-Reiniger - TCA eShop - Tactical Combat Academy<\/title>\n<meta name=\"description\" content=\"RifleCX Silencer Cleaner hilft Ihnen, die Lebensdauer Ihres Schalld\u00e4mpfers zu verl\u00e4ngern und seine Leistung zu verbessern.\" \/>\n<meta name=\"robots\" content=\"index, follow, max-snippet:-1, max-image-preview:large, max-video-preview:-1\" \/>\n<link rel=\"canonical\" href=\"https:\/\/eshop.tca.sk\/de\/waffenreinigung\/schalldaempfer-reiniger-riflecx-silencer-cleaner\/\" \/>\n<meta property=\"og:locale\" content=\"de_DE\" \/>\n<meta property=\"og:type\" content=\"article\" \/>\n<meta property=\"og:title\" content=\"RifleCX Schalld\u00e4mpfer-Reiniger - TCA eShop - Tactical Combat Academy\" \/>\n<meta property=\"og:description\" content=\"RifleCX Silencer Cleaner hilft Ihnen, die Lebensdauer Ihres Schalld\u00e4mpfers zu verl\u00e4ngern und seine Leistung zu verbessern.\" \/>\n<meta property=\"og:url\" content=\"https:\/\/eshop.tca.sk\/de\/waffenreinigung\/schalldaempfer-reiniger-riflecx-silencer-cleaner\/\" \/>\n<meta property=\"og:site_name\" content=\"TCA eShop - Tactical Combat Academy\" \/>\n<meta property=\"article:modified_time\" content=\"2026-01-08T09:29:42+00:00\" \/>\n<meta property=\"og:image\" content=\"https:\/\/eshop.tca.sk\/wp-content\/uploads\/2024\/11\/RifleCX-Cistic-tlmicov.jpg\" \/>\n\t<meta property=\"og:image:width\" content=\"1000\" \/>\n\t<meta property=\"og:image:height\" content=\"1000\" \/>\n\t<meta property=\"og:image:type\" content=\"image\/jpeg\" \/>\n<meta name=\"twitter:card\" content=\"summary_large_image\" \/>\n<script type=\"application\/ld+json\" class=\"yoast-schema-graph\">{\"@context\":\"https:\/\/schema.org\",\"@graph\":[{\"@type\":\"WebPage\",\"@id\":\"https:\/\/eshop.tca.sk\/de\/waffenreinigung\/schalldaempfer-reiniger-riflecx-silencer-cleaner\/\",\"url\":\"https:\/\/eshop.tca.sk\/de\/waffenreinigung\/schalldaempfer-reiniger-riflecx-silencer-cleaner\/\",\"name\":\"RifleCX Schalld\u00e4mpfer-Reiniger - TCA eShop - Tactical Combat Academy\",\"isPartOf\":{\"@id\":\"https:\/\/eshop.tca.sk\/de\/#website\"},\"primaryImageOfPage\":{\"@id\":\"https:\/\/eshop.tca.sk\/de\/waffenreinigung\/schalldaempfer-reiniger-riflecx-silencer-cleaner\/#primaryimage\"},\"image\":{\"@id\":\"https:\/\/eshop.tca.sk\/de\/waffenreinigung\/schalldaempfer-reiniger-riflecx-silencer-cleaner\/#primaryimage\"},\"thumbnailUrl\":\"https:\/\/eshop.tca.sk\/wp-content\/uploads\/2024\/11\/RifleCX-Cistic-tlmicov.jpg\",\"datePublished\":\"2024-11-12T11:31:42+00:00\",\"dateModified\":\"2026-01-08T09:29:42+00:00\",\"description\":\"RifleCX Silencer Cleaner hilft Ihnen, die Lebensdauer Ihres Schalld\u00e4mpfers zu verl\u00e4ngern und seine Leistung zu verbessern.\",\"breadcrumb\":{\"@id\":\"https:\/\/eshop.tca.sk\/de\/waffenreinigung\/schalldaempfer-reiniger-riflecx-silencer-cleaner\/#breadcrumb\"},\"inLanguage\":\"de\",\"potentialAction\":[{\"@type\":\"ReadAction\",\"target\":[\"https:\/\/eshop.tca.sk\/de\/waffenreinigung\/schalldaempfer-reiniger-riflecx-silencer-cleaner\/\"]}]},{\"@type\":\"ImageObject\",\"inLanguage\":\"de\",\"@id\":\"https:\/\/eshop.tca.sk\/de\/waffenreinigung\/schalldaempfer-reiniger-riflecx-silencer-cleaner\/#primaryimage\",\"url\":\"https:\/\/eshop.tca.sk\/wp-content\/uploads\/2024\/11\/RifleCX-Cistic-tlmicov.jpg\",\"contentUrl\":\"https:\/\/eshop.tca.sk\/wp-content\/uploads\/2024\/11\/RifleCX-Cistic-tlmicov.jpg\",\"width\":1000,\"height\":1000,\"caption\":\"\u010cisti\u010d tlmi\u010dov RifleCX Silencer Cleaner\"},{\"@type\":\"BreadcrumbList\",\"@id\":\"https:\/\/eshop.tca.sk\/de\/waffenreinigung\/schalldaempfer-reiniger-riflecx-silencer-cleaner\/#breadcrumb\",\"itemListElement\":[{\"@type\":\"ListItem\",\"position\":1,\"name\":\"Domovsk\u00e1 str\u00e1nka\",\"item\":\"https:\/\/eshop.tca.sk\/de\/\"},{\"@type\":\"ListItem\",\"position\":2,\"name\":\"Shop\",\"item\":\"https:\/\/eshop.tca.sk\/de\/shop\/\"},{\"@type\":\"ListItem\",\"position\":3,\"name\":\"RifleCX Schalld\u00e4mpfer-Reiniger\"}]},{\"@type\":\"WebSite\",\"@id\":\"https:\/\/eshop.tca.sk\/de\/#website\",\"url\":\"https:\/\/eshop.tca.sk\/de\/\",\"name\":\"TCA eShop - Tactical Combat Academy\",\"description\":\"Tactical Combat Academy\",\"publisher\":{\"@id\":\"https:\/\/eshop.tca.sk\/de\/#organization\"},\"potentialAction\":[{\"@type\":\"SearchAction\",\"target\":{\"@type\":\"EntryPoint\",\"urlTemplate\":\"https:\/\/eshop.tca.sk\/de\/?s={search_term_string}\"},\"query-input\":{\"@type\":\"PropertyValueSpecification\",\"valueRequired\":true,\"valueName\":\"search_term_string\"}}],\"inLanguage\":\"de\"},{\"@type\":\"Organization\",\"@id\":\"https:\/\/eshop.tca.sk\/de\/#organization\",\"name\":\"TCA eShop - Tactical Combat Academy\",\"url\":\"https:\/\/eshop.tca.sk\/de\/\",\"logo\":{\"@type\":\"ImageObject\",\"inLanguage\":\"de\",\"@id\":\"https:\/\/eshop.tca.sk\/de\/#\/schema\/logo\/image\/\",\"url\":\"https:\/\/eshop.tca.sk\/wp-content\/uploads\/2025\/06\/logo-new-header.png\",\"contentUrl\":\"https:\/\/eshop.tca.sk\/wp-content\/uploads\/2025\/06\/logo-new-header.png\",\"width\":300,\"height\":294,\"caption\":\"TCA eShop - Tactical Combat Academy\"},\"image\":{\"@id\":\"https:\/\/eshop.tca.sk\/de\/#\/schema\/logo\/image\/\"}}]}<\/script>\n<!-- \/ Yoast SEO plugin. -->","yoast_head_json":{"title":"RifleCX Schalld\u00e4mpfer-Reiniger - TCA eShop - Tactical Combat Academy","description":"RifleCX Silencer Cleaner hilft Ihnen, die Lebensdauer Ihres Schalld\u00e4mpfers zu verl\u00e4ngern und seine Leistung zu verbessern.","robots":{"index":"index","follow":"follow","max-snippet":"max-snippet:-1","max-image-preview":"max-image-preview:large","max-video-preview":"max-video-preview:-1"},"canonical":"https:\/\/eshop.tca.sk\/de\/waffenreinigung\/schalldaempfer-reiniger-riflecx-silencer-cleaner\/","og_locale":"de_DE","og_type":"article","og_title":"RifleCX Schalld\u00e4mpfer-Reiniger - TCA eShop - Tactical Combat Academy","og_description":"RifleCX Silencer Cleaner hilft Ihnen, die Lebensdauer Ihres Schalld\u00e4mpfers zu verl\u00e4ngern und seine Leistung zu verbessern.","og_url":"https:\/\/eshop.tca.sk\/de\/waffenreinigung\/schalldaempfer-reiniger-riflecx-silencer-cleaner\/","og_site_name":"TCA eShop - Tactical Combat Academy","article_modified_time":"2026-01-08T09:29:42+00:00","og_image":[{"width":1000,"height":1000,"url":"https:\/\/eshop.tca.sk\/wp-content\/uploads\/2024\/11\/RifleCX-Cistic-tlmicov.jpg","type":"image\/jpeg"}],"twitter_card":"summary_large_image","schema":{"@context":"https:\/\/schema.org","@graph":[{"@type":"WebPage","@id":"https:\/\/eshop.tca.sk\/de\/waffenreinigung\/schalldaempfer-reiniger-riflecx-silencer-cleaner\/","url":"https:\/\/eshop.tca.sk\/de\/waffenreinigung\/schalldaempfer-reiniger-riflecx-silencer-cleaner\/","name":"RifleCX Schalld\u00e4mpfer-Reiniger - TCA eShop - Tactical Combat Academy","isPartOf":{"@id":"https:\/\/eshop.tca.sk\/de\/#website"},"primaryImageOfPage":{"@id":"https:\/\/eshop.tca.sk\/de\/waffenreinigung\/schalldaempfer-reiniger-riflecx-silencer-cleaner\/#primaryimage"},"image":{"@id":"https:\/\/eshop.tca.sk\/de\/waffenreinigung\/schalldaempfer-reiniger-riflecx-silencer-cleaner\/#primaryimage"},"thumbnailUrl":"https:\/\/eshop.tca.sk\/wp-content\/uploads\/2024\/11\/RifleCX-Cistic-tlmicov.jpg","datePublished":"2024-11-12T11:31:42+00:00","dateModified":"2026-01-08T09:29:42+00:00","description":"RifleCX Silencer Cleaner hilft Ihnen, die Lebensdauer Ihres Schalld\u00e4mpfers zu verl\u00e4ngern und seine Leistung zu verbessern.","breadcrumb":{"@id":"https:\/\/eshop.tca.sk\/de\/waffenreinigung\/schalldaempfer-reiniger-riflecx-silencer-cleaner\/#breadcrumb"},"inLanguage":"de","potentialAction":[{"@type":"ReadAction","target":["https:\/\/eshop.tca.sk\/de\/waffenreinigung\/schalldaempfer-reiniger-riflecx-silencer-cleaner\/"]}]},{"@type":"ImageObject","inLanguage":"de","@id":"https:\/\/eshop.tca.sk\/de\/waffenreinigung\/schalldaempfer-reiniger-riflecx-silencer-cleaner\/#primaryimage","url":"https:\/\/eshop.tca.sk\/wp-content\/uploads\/2024\/11\/RifleCX-Cistic-tlmicov.jpg","contentUrl":"https:\/\/eshop.tca.sk\/wp-content\/uploads\/2024\/11\/RifleCX-Cistic-tlmicov.jpg","width":1000,"height":1000,"caption":"\u010cisti\u010d tlmi\u010dov RifleCX Silencer Cleaner"},{"@type":"BreadcrumbList","@id":"https:\/\/eshop.tca.sk\/de\/waffenreinigung\/schalldaempfer-reiniger-riflecx-silencer-cleaner\/#breadcrumb","itemListElement":[{"@type":"ListItem","position":1,"name":"Domovsk\u00e1 str\u00e1nka","item":"https:\/\/eshop.tca.sk\/de\/"},{"@type":"ListItem","position":2,"name":"Shop","item":"https:\/\/eshop.tca.sk\/de\/shop\/"},{"@type":"ListItem","position":3,"name":"RifleCX Schalld\u00e4mpfer-Reiniger"}]},{"@type":"WebSite","@id":"https:\/\/eshop.tca.sk\/de\/#website","url":"https:\/\/eshop.tca.sk\/de\/","name":"TCA eShop - Tactical Combat Academy","description":"Tactical Combat Academy","publisher":{"@id":"https:\/\/eshop.tca.sk\/de\/#organization"},"potentialAction":[{"@type":"SearchAction","target":{"@type":"EntryPoint","urlTemplate":"https:\/\/eshop.tca.sk\/de\/?s={search_term_string}"},"query-input":{"@type":"PropertyValueSpecification","valueRequired":true,"valueName":"search_term_string"}}],"inLanguage":"de"},{"@type":"Organization","@id":"https:\/\/eshop.tca.sk\/de\/#organization","name":"TCA eShop - Tactical Combat Academy","url":"https:\/\/eshop.tca.sk\/de\/","logo":{"@type":"ImageObject","inLanguage":"de","@id":"https:\/\/eshop.tca.sk\/de\/#\/schema\/logo\/image\/","url":"https:\/\/eshop.tca.sk\/wp-content\/uploads\/2025\/06\/logo-new-header.png","contentUrl":"https:\/\/eshop.tca.sk\/wp-content\/uploads\/2025\/06\/logo-new-header.png","width":300,"height":294,"caption":"TCA eShop - Tactical Combat Academy"},"image":{"@id":"https:\/\/eshop.tca.sk\/de\/#\/schema\/logo\/image\/"}}]}},"_links":{"self":[{"href":"https:\/\/eshop.tca.sk\/de\/wp-json\/wp\/v2\/product\/14088","targetHints":{"allow":["GET"]}}],"collection":[{"href":"https:\/\/eshop.tca.sk\/de\/wp-json\/wp\/v2\/product"}],"about":[{"href":"https:\/\/eshop.tca.sk\/de\/wp-json\/wp\/v2\/types\/product"}],"wp:featuredmedia":[{"embeddable":true,"href":"https:\/\/eshop.tca.sk\/de\/wp-json\/wp\/v2\/media\/14090"}],"wp:attachment":[{"href":"https:\/\/eshop.tca.sk\/de\/wp-json\/wp\/v2\/media?parent=14088"}],"wp:term":[{"taxonomy":"product_brand","embeddable":true,"href":"https:\/\/eshop.tca.sk\/de\/wp-json\/wp\/v2\/product_brand?post=14088"},{"taxonomy":"product_cat","embeddable":true,"href":"https:\/\/eshop.tca.sk\/de\/wp-json\/wp\/v2\/product_cat?post=14088"},{"taxonomy":"product_tag","embeddable":true,"href":"https:\/\/eshop.tca.sk\/de\/wp-json\/wp\/v2\/product_tag?post=14088"},{"taxonomy":"giftcard-category","embeddable":true,"href":"https:\/\/eshop.tca.sk\/de\/wp-json\/wp\/v2\/giftcard-category?post=14088"}],"curies":[{"name":"wp","href":"https:\/\/api.w.org\/{rel}","templated":true}]}}