{"id":14092,"date":"2024-11-12T12:59:14","date_gmt":"2024-11-12T11:59:14","guid":{"rendered":"https:\/\/eshop.tca.sk\/?post_type=product&#038;p=14092"},"modified":"2025-07-30T14:16:53","modified_gmt":"2025-07-30T12:16:53","slug":"pflegespray-riflecx-care-spray-500ml","status":"publish","type":"product","link":"https:\/\/eshop.tca.sk\/de\/waffenreinigung\/pflegespray-riflecx-care-spray-500ml\/","title":{"rendered":"RifleCX Pflegespray 500ml"},"content":{"rendered":"<h3><strong>RifleCX Pflegespray 500ml<\/strong><\/h3>\n<p><strong>RifleCX Care Spray 500ml<\/strong> verwendet das Original <a href=\"https:\/\/www.teflon.com\/en\"><b>DuPont Telfon\u00ae <\/b><\/a>und nicht einen chinesischen Ersatzstoff.<br \/>\nSo k\u00f6nnen Sie sicher sein, dass Ihre Waffe mit dem hochwertigsten Produkt abgedeckt und somit vor Rost gesch\u00fctzt wird.<br \/>\nWenn Sie Ihre Waffe in einem Schrank aufbewahren m\u00fcssen, bespr\u00fchen Sie sie mit RifleCX Teflonspray und hinterlassen Sie eine d\u00fcnne Schicht Korrosionsschutz.<br \/>\nWenn Sie die Waffe bei sich tragen, wischen Sie sie vorsichtig vom \u00d6l ab. Der Schutzfilm bleibt auf der Waffe und Ihre Waffe bleibt so gl\u00e4nzend, wie Sie sie gekauft haben.<br \/>\nEchtes Teflon verbessert den Schutz vor Kratzern, Chemikalien und sch\u00fctzt die Pistole vor dem Einfrieren.<\/p>\n<p><b>Anwendung:<\/b><\/p>\n<p>Vorbereitung der Oberfl\u00e4che f\u00fcr die Anwendung. \u00dcbersch\u00fcssige Fl\u00fcssigkeit kann mit einem Lappen oder Druckluft entfernt werden. Die <b>Teflon\u00ae-Schicht <\/b>sch\u00fctzt Metall- und Kunststoffteile, indem sie die beste verf\u00fcgbare Schutzschicht gegen Korrosion und Abrieb bildet und die Reibung extrem reduziert.<\/p>\n","protected":false},"excerpt":{"rendered":"<p><img loading=\"lazy\" decoding=\"async\" class=\"alignnone wp-image-14024\" src=\"https:\/\/eshop.tca.sk\/wp-content\/uploads\/2024\/11\/IMG_0216-300x169.webp\" alt=\"\" width=\"151\" height=\"85\"><\/p>\n<p>Teflon RifleCX Pflegespray 500ml zur Behandlung und Schmierung der Waffe nach der Reinigung, sch\u00fctzt vor Korrosion, Gefrieren, Wasser und Chemikalien.<\/p>\n<p><img loading=\"lazy\" decoding=\"async\" class=\"wp-image-8564 alignnone\" src=\"https:\/\/eshop.tca.sk\/wp-content\/uploads\/2023\/04\/Logo-Whack-Black-White-R-APPROVED.png\" alt=\"\" width=\"138\" height=\"75\" srcset=\"https:\/\/eshop.tca.sk\/wp-content\/uploads\/2023\/04\/Logo-Whack-Black-White-R-APPROVED.png 571w, https:\/\/eshop.tca.sk\/wp-content\/uploads\/2023\/04\/Logo-Whack-Black-White-R-APPROVED-300x163.png 300w\" sizes=\"auto, (max-width: 138px) 100vw, 138px\" \/><\/p>\n<p>Vom <strong>TCA<\/strong> und dem <strong>WHACK-System<\/strong> verwendete und empfohlene Equipment.<\/p>\n","protected":false},"featured_media":14094,"template":"","meta":{"inline_featured_image":false},"product_brand":[],"product_cat":[699,318],"product_tag":[700],"giftcard-category":[],"class_list":{"0":"post-14092","1":"product","2":"type-product","3":"status-publish","4":"has-post-thumbnail","6":"product_cat-waffenreinigung","7":"product_cat-waffenzubehoer","8":"product_tag-riflecx-de","10":"first","11":"instock","12":"taxable","13":"shipping-taxable","14":"purchasable","15":"product-type-simple"},"yoast_head":"<!-- This site is optimized with the Yoast SEO plugin v26.4 - https:\/\/yoast.com\/wordpress\/plugins\/seo\/ -->\n<title>RifleCX Pflegespray 500ml - TCA eShop - Tactical Combat Academy<\/title>\n<meta name=\"description\" content=\"Teflon RifleCX Pflegespray 500ml zur Behandlung und Schmierung der Waffe nach der Reinigung, sch\u00fctzt vor Korrosion, Gefrieren, Wasser und Chemikalien.\" \/>\n<meta name=\"robots\" content=\"index, follow, max-snippet:-1, max-image-preview:large, max-video-preview:-1\" \/>\n<link rel=\"canonical\" href=\"https:\/\/eshop.tca.sk\/de\/waffenreinigung\/pflegespray-riflecx-care-spray-500ml\/\" \/>\n<meta property=\"og:locale\" content=\"de_DE\" \/>\n<meta property=\"og:type\" content=\"article\" \/>\n<meta property=\"og:title\" content=\"RifleCX Pflegespray 500ml - TCA eShop - Tactical Combat Academy\" \/>\n<meta property=\"og:description\" content=\"Teflon RifleCX Pflegespray 500ml zur Behandlung und Schmierung der Waffe nach der Reinigung, sch\u00fctzt vor Korrosion, Gefrieren, Wasser und Chemikalien.\" \/>\n<meta property=\"og:url\" content=\"https:\/\/eshop.tca.sk\/de\/waffenreinigung\/pflegespray-riflecx-care-spray-500ml\/\" \/>\n<meta property=\"og:site_name\" content=\"TCA eShop - Tactical Combat Academy\" \/>\n<meta property=\"article:modified_time\" content=\"2025-07-30T12:16:53+00:00\" \/>\n<meta property=\"og:image\" content=\"https:\/\/eshop.tca.sk\/wp-content\/uploads\/2024\/11\/RifleCX-Sprej-s-teflonom-500ml.jpg\" \/>\n\t<meta property=\"og:image:width\" content=\"1000\" \/>\n\t<meta property=\"og:image:height\" content=\"1000\" \/>\n\t<meta property=\"og:image:type\" content=\"image\/jpeg\" \/>\n<meta name=\"twitter:card\" content=\"summary_large_image\" \/>\n<script type=\"application\/ld+json\" class=\"yoast-schema-graph\">{\"@context\":\"https:\/\/schema.org\",\"@graph\":[{\"@type\":\"WebPage\",\"@id\":\"https:\/\/eshop.tca.sk\/de\/waffenreinigung\/pflegespray-riflecx-care-spray-500ml\/\",\"url\":\"https:\/\/eshop.tca.sk\/de\/waffenreinigung\/pflegespray-riflecx-care-spray-500ml\/\",\"name\":\"RifleCX Pflegespray 500ml - TCA eShop - Tactical Combat Academy\",\"isPartOf\":{\"@id\":\"https:\/\/eshop.tca.sk\/de\/#website\"},\"primaryImageOfPage\":{\"@id\":\"https:\/\/eshop.tca.sk\/de\/waffenreinigung\/pflegespray-riflecx-care-spray-500ml\/#primaryimage\"},\"image\":{\"@id\":\"https:\/\/eshop.tca.sk\/de\/waffenreinigung\/pflegespray-riflecx-care-spray-500ml\/#primaryimage\"},\"thumbnailUrl\":\"https:\/\/eshop.tca.sk\/wp-content\/uploads\/2024\/11\/RifleCX-Sprej-s-teflonom-500ml.jpg\",\"datePublished\":\"2024-11-12T11:59:14+00:00\",\"dateModified\":\"2025-07-30T12:16:53+00:00\",\"description\":\"Teflon RifleCX Pflegespray 500ml zur Behandlung und Schmierung der Waffe nach der Reinigung, sch\u00fctzt vor Korrosion, Gefrieren, Wasser und Chemikalien.\",\"breadcrumb\":{\"@id\":\"https:\/\/eshop.tca.sk\/de\/waffenreinigung\/pflegespray-riflecx-care-spray-500ml\/#breadcrumb\"},\"inLanguage\":\"de\",\"potentialAction\":[{\"@type\":\"ReadAction\",\"target\":[\"https:\/\/eshop.tca.sk\/de\/waffenreinigung\/pflegespray-riflecx-care-spray-500ml\/\"]}]},{\"@type\":\"ImageObject\",\"inLanguage\":\"de\",\"@id\":\"https:\/\/eshop.tca.sk\/de\/waffenreinigung\/pflegespray-riflecx-care-spray-500ml\/#primaryimage\",\"url\":\"https:\/\/eshop.tca.sk\/wp-content\/uploads\/2024\/11\/RifleCX-Sprej-s-teflonom-500ml.jpg\",\"contentUrl\":\"https:\/\/eshop.tca.sk\/wp-content\/uploads\/2024\/11\/RifleCX-Sprej-s-teflonom-500ml.jpg\",\"width\":1000,\"height\":1000,\"caption\":\"Sprej s tefl\u00f3nom RifleCX Care Spray 500ml\"},{\"@type\":\"BreadcrumbList\",\"@id\":\"https:\/\/eshop.tca.sk\/de\/waffenreinigung\/pflegespray-riflecx-care-spray-500ml\/#breadcrumb\",\"itemListElement\":[{\"@type\":\"ListItem\",\"position\":1,\"name\":\"Domovsk\u00e1 str\u00e1nka\",\"item\":\"https:\/\/eshop.tca.sk\/de\/\"},{\"@type\":\"ListItem\",\"position\":2,\"name\":\"Shop\",\"item\":\"https:\/\/eshop.tca.sk\/de\/shop\/\"},{\"@type\":\"ListItem\",\"position\":3,\"name\":\"RifleCX Pflegespray 500ml\"}]},{\"@type\":\"WebSite\",\"@id\":\"https:\/\/eshop.tca.sk\/de\/#website\",\"url\":\"https:\/\/eshop.tca.sk\/de\/\",\"name\":\"TCA eShop - Tactical Combat Academy\",\"description\":\"Tactical Combat Academy\",\"publisher\":{\"@id\":\"https:\/\/eshop.tca.sk\/de\/#organization\"},\"potentialAction\":[{\"@type\":\"SearchAction\",\"target\":{\"@type\":\"EntryPoint\",\"urlTemplate\":\"https:\/\/eshop.tca.sk\/de\/?s={search_term_string}\"},\"query-input\":{\"@type\":\"PropertyValueSpecification\",\"valueRequired\":true,\"valueName\":\"search_term_string\"}}],\"inLanguage\":\"de\"},{\"@type\":\"Organization\",\"@id\":\"https:\/\/eshop.tca.sk\/de\/#organization\",\"name\":\"TCA eShop - Tactical Combat Academy\",\"url\":\"https:\/\/eshop.tca.sk\/de\/\",\"logo\":{\"@type\":\"ImageObject\",\"inLanguage\":\"de\",\"@id\":\"https:\/\/eshop.tca.sk\/de\/#\/schema\/logo\/image\/\",\"url\":\"https:\/\/eshop.tca.sk\/wp-content\/uploads\/2025\/06\/logo-new-header.png\",\"contentUrl\":\"https:\/\/eshop.tca.sk\/wp-content\/uploads\/2025\/06\/logo-new-header.png\",\"width\":300,\"height\":294,\"caption\":\"TCA eShop - Tactical Combat Academy\"},\"image\":{\"@id\":\"https:\/\/eshop.tca.sk\/de\/#\/schema\/logo\/image\/\"}}]}<\/script>\n<!-- \/ Yoast SEO plugin. -->","yoast_head_json":{"title":"RifleCX Pflegespray 500ml - TCA eShop - Tactical Combat Academy","description":"Teflon RifleCX Pflegespray 500ml zur Behandlung und Schmierung der Waffe nach der Reinigung, sch\u00fctzt vor Korrosion, Gefrieren, Wasser und Chemikalien.","robots":{"index":"index","follow":"follow","max-snippet":"max-snippet:-1","max-image-preview":"max-image-preview:large","max-video-preview":"max-video-preview:-1"},"canonical":"https:\/\/eshop.tca.sk\/de\/waffenreinigung\/pflegespray-riflecx-care-spray-500ml\/","og_locale":"de_DE","og_type":"article","og_title":"RifleCX Pflegespray 500ml - TCA eShop - Tactical Combat Academy","og_description":"Teflon RifleCX Pflegespray 500ml zur Behandlung und Schmierung der Waffe nach der Reinigung, sch\u00fctzt vor Korrosion, Gefrieren, Wasser und Chemikalien.","og_url":"https:\/\/eshop.tca.sk\/de\/waffenreinigung\/pflegespray-riflecx-care-spray-500ml\/","og_site_name":"TCA eShop - Tactical Combat Academy","article_modified_time":"2025-07-30T12:16:53+00:00","og_image":[{"width":1000,"height":1000,"url":"https:\/\/eshop.tca.sk\/wp-content\/uploads\/2024\/11\/RifleCX-Sprej-s-teflonom-500ml.jpg","type":"image\/jpeg"}],"twitter_card":"summary_large_image","schema":{"@context":"https:\/\/schema.org","@graph":[{"@type":"WebPage","@id":"https:\/\/eshop.tca.sk\/de\/waffenreinigung\/pflegespray-riflecx-care-spray-500ml\/","url":"https:\/\/eshop.tca.sk\/de\/waffenreinigung\/pflegespray-riflecx-care-spray-500ml\/","name":"RifleCX Pflegespray 500ml - TCA eShop - Tactical Combat Academy","isPartOf":{"@id":"https:\/\/eshop.tca.sk\/de\/#website"},"primaryImageOfPage":{"@id":"https:\/\/eshop.tca.sk\/de\/waffenreinigung\/pflegespray-riflecx-care-spray-500ml\/#primaryimage"},"image":{"@id":"https:\/\/eshop.tca.sk\/de\/waffenreinigung\/pflegespray-riflecx-care-spray-500ml\/#primaryimage"},"thumbnailUrl":"https:\/\/eshop.tca.sk\/wp-content\/uploads\/2024\/11\/RifleCX-Sprej-s-teflonom-500ml.jpg","datePublished":"2024-11-12T11:59:14+00:00","dateModified":"2025-07-30T12:16:53+00:00","description":"Teflon RifleCX Pflegespray 500ml zur Behandlung und Schmierung der Waffe nach der Reinigung, sch\u00fctzt vor Korrosion, Gefrieren, Wasser und Chemikalien.","breadcrumb":{"@id":"https:\/\/eshop.tca.sk\/de\/waffenreinigung\/pflegespray-riflecx-care-spray-500ml\/#breadcrumb"},"inLanguage":"de","potentialAction":[{"@type":"ReadAction","target":["https:\/\/eshop.tca.sk\/de\/waffenreinigung\/pflegespray-riflecx-care-spray-500ml\/"]}]},{"@type":"ImageObject","inLanguage":"de","@id":"https:\/\/eshop.tca.sk\/de\/waffenreinigung\/pflegespray-riflecx-care-spray-500ml\/#primaryimage","url":"https:\/\/eshop.tca.sk\/wp-content\/uploads\/2024\/11\/RifleCX-Sprej-s-teflonom-500ml.jpg","contentUrl":"https:\/\/eshop.tca.sk\/wp-content\/uploads\/2024\/11\/RifleCX-Sprej-s-teflonom-500ml.jpg","width":1000,"height":1000,"caption":"Sprej s tefl\u00f3nom RifleCX Care Spray 500ml"},{"@type":"BreadcrumbList","@id":"https:\/\/eshop.tca.sk\/de\/waffenreinigung\/pflegespray-riflecx-care-spray-500ml\/#breadcrumb","itemListElement":[{"@type":"ListItem","position":1,"name":"Domovsk\u00e1 str\u00e1nka","item":"https:\/\/eshop.tca.sk\/de\/"},{"@type":"ListItem","position":2,"name":"Shop","item":"https:\/\/eshop.tca.sk\/de\/shop\/"},{"@type":"ListItem","position":3,"name":"RifleCX Pflegespray 500ml"}]},{"@type":"WebSite","@id":"https:\/\/eshop.tca.sk\/de\/#website","url":"https:\/\/eshop.tca.sk\/de\/","name":"TCA eShop - Tactical Combat Academy","description":"Tactical Combat Academy","publisher":{"@id":"https:\/\/eshop.tca.sk\/de\/#organization"},"potentialAction":[{"@type":"SearchAction","target":{"@type":"EntryPoint","urlTemplate":"https:\/\/eshop.tca.sk\/de\/?s={search_term_string}"},"query-input":{"@type":"PropertyValueSpecification","valueRequired":true,"valueName":"search_term_string"}}],"inLanguage":"de"},{"@type":"Organization","@id":"https:\/\/eshop.tca.sk\/de\/#organization","name":"TCA eShop - Tactical Combat Academy","url":"https:\/\/eshop.tca.sk\/de\/","logo":{"@type":"ImageObject","inLanguage":"de","@id":"https:\/\/eshop.tca.sk\/de\/#\/schema\/logo\/image\/","url":"https:\/\/eshop.tca.sk\/wp-content\/uploads\/2025\/06\/logo-new-header.png","contentUrl":"https:\/\/eshop.tca.sk\/wp-content\/uploads\/2025\/06\/logo-new-header.png","width":300,"height":294,"caption":"TCA eShop - Tactical Combat Academy"},"image":{"@id":"https:\/\/eshop.tca.sk\/de\/#\/schema\/logo\/image\/"}}]}},"_links":{"self":[{"href":"https:\/\/eshop.tca.sk\/de\/wp-json\/wp\/v2\/product\/14092","targetHints":{"allow":["GET"]}}],"collection":[{"href":"https:\/\/eshop.tca.sk\/de\/wp-json\/wp\/v2\/product"}],"about":[{"href":"https:\/\/eshop.tca.sk\/de\/wp-json\/wp\/v2\/types\/product"}],"wp:featuredmedia":[{"embeddable":true,"href":"https:\/\/eshop.tca.sk\/de\/wp-json\/wp\/v2\/media\/14094"}],"wp:attachment":[{"href":"https:\/\/eshop.tca.sk\/de\/wp-json\/wp\/v2\/media?parent=14092"}],"wp:term":[{"taxonomy":"product_brand","embeddable":true,"href":"https:\/\/eshop.tca.sk\/de\/wp-json\/wp\/v2\/product_brand?post=14092"},{"taxonomy":"product_cat","embeddable":true,"href":"https:\/\/eshop.tca.sk\/de\/wp-json\/wp\/v2\/product_cat?post=14092"},{"taxonomy":"product_tag","embeddable":true,"href":"https:\/\/eshop.tca.sk\/de\/wp-json\/wp\/v2\/product_tag?post=14092"},{"taxonomy":"giftcard-category","embeddable":true,"href":"https:\/\/eshop.tca.sk\/de\/wp-json\/wp\/v2\/giftcard-category?post=14092"}],"curies":[{"name":"wp","href":"https:\/\/api.w.org\/{rel}","templated":true}]}}