{"id":14131,"date":"2024-11-18T11:17:12","date_gmt":"2024-11-18T10:17:12","guid":{"rendered":"https:\/\/eshop.tca.sk\/?post_type=product&#038;p=14131"},"modified":"2025-11-03T11:35:14","modified_gmt":"2025-11-03T10:35:14","slug":"waffenreiniger-riflecx-gun-cleaner-200ml","status":"publish","type":"product","link":"https:\/\/eshop.tca.sk\/de\/waffenreinigung\/waffenreiniger-riflecx-gun-cleaner-200ml\/","title":{"rendered":"RifleCX Waffenreiniger 200ml"},"content":{"rendered":"<h3><strong>RifleCX Waffenreiniger 200ml<\/strong><\/h3>\n<p><b>RifleCX Gun Cleaner 200ml <\/b>wurde entwickelt, um den Reinigungsprozess auf ein Minimum zu vereinfachen und zu beschleunigen. Dank des hohen Drucks und spezieller Inhaltsstoffe entfernt es Schmutz, Kohlenstoff, Blei und Messing sowie \u00d6l und Fett ohne den Einsatz einer B\u00fcrste! Jetzt wird Ihre Waffe schnell und m\u00fchelos sauber und entfettet. Der RifleCX-Reiniger verdunstet schnell und hinterl\u00e4sst eine trockene und saubere Oberfl\u00e4che, die f\u00fcr die weitere Pflege mit <a href=\"https:\/\/eshop.tca.sk\/cistenie-na-zbrane\/sprej-s-teflonom-riflecx-care-spray-500ml\/\"><b>RifleCX Teflon-Spray<\/b><\/a> oder <a href=\"https:\/\/eshop.tca.sk\/cistenie-na-zbrane\/olej-riflecx-clp-oil-100ml\/\"><b>RifleCX CLP-\u00d6l<\/b><\/a>. <b>RifleCX Gun Cleaner <\/b>greift Kunststoff- oder Holzteile in keiner Weise an und enth\u00e4lt keine chlorierten L\u00f6sungsmittel &#8211; Sie k\u00f6nnen ihn bedenkenlos f\u00fcr jede Waffe verwenden.<\/p>\n","protected":false},"excerpt":{"rendered":"<p><img loading=\"lazy\" decoding=\"async\" class=\"alignnone wp-image-14024\" src=\"https:\/\/eshop.tca.sk\/wp-content\/uploads\/2024\/11\/IMG_0216-300x169.webp\" alt=\"\" width=\"151\" height=\"85\"><\/p>\n<p>RifleCX Gun Cleaner 200ml reinigt und entfettet in einem Schritt. Entfernt Kohlenstoff, Schmutz, Fett, Blei, Messing und Nickel. Es verdunstet schnell. Es hinterl\u00e4sst keine Spuren.<\/p>\n<p><img loading=\"lazy\" decoding=\"async\" class=\"wp-image-8564 alignnone\" src=\"https:\/\/eshop.tca.sk\/wp-content\/uploads\/2023\/04\/Logo-Whack-Black-White-R-APPROVED.png\" alt=\"\" width=\"138\" height=\"75\" srcset=\"https:\/\/eshop.tca.sk\/wp-content\/uploads\/2023\/04\/Logo-Whack-Black-White-R-APPROVED.png 571w, https:\/\/eshop.tca.sk\/wp-content\/uploads\/2023\/04\/Logo-Whack-Black-White-R-APPROVED-300x163.png 300w\" sizes=\"auto, (max-width: 138px) 100vw, 138px\" \/><\/p>\n<p>Vom <strong>TCA<\/strong> und dem <strong>WHACK-System<\/strong> verwendete und empfohlene Equipment.<\/p>\n","protected":false},"featured_media":14133,"template":"","meta":{"inline_featured_image":false},"product_brand":[],"product_cat":[699,318],"product_tag":[700],"giftcard-category":[],"class_list":{"0":"post-14131","1":"product","2":"type-product","3":"status-publish","4":"has-post-thumbnail","6":"product_cat-waffenreinigung","7":"product_cat-waffenzubehoer","8":"product_tag-riflecx-de","10":"first","11":"instock","12":"taxable","13":"shipping-taxable","14":"purchasable","15":"product-type-simple"},"yoast_head":"<!-- This site is optimized with the Yoast SEO plugin v26.4 - https:\/\/yoast.com\/wordpress\/plugins\/seo\/ -->\n<title>RifleCX Waffenreiniger 200ml - TCA eShop - Tactical Combat Academy<\/title>\n<meta name=\"description\" content=\"RifleCX Gun Cleaner 200ml reinigt und entfettet in einem Schritt. Entfernt Kohlenstoff, Schmutz, Fett, Blei, Messing und Nickel. Es verdunstet schnell. Es hinterl\u00e4sst keine Spuren.\" \/>\n<meta name=\"robots\" content=\"index, follow, max-snippet:-1, max-image-preview:large, max-video-preview:-1\" \/>\n<link rel=\"canonical\" href=\"https:\/\/eshop.tca.sk\/de\/waffenreinigung\/waffenreiniger-riflecx-gun-cleaner-200ml\/\" \/>\n<meta property=\"og:locale\" content=\"de_DE\" \/>\n<meta property=\"og:type\" content=\"article\" \/>\n<meta property=\"og:title\" content=\"RifleCX Waffenreiniger 200ml - TCA eShop - Tactical Combat Academy\" \/>\n<meta property=\"og:description\" content=\"RifleCX Gun Cleaner 200ml reinigt und entfettet in einem Schritt. Entfernt Kohlenstoff, Schmutz, Fett, Blei, Messing und Nickel. Es verdunstet schnell. Es hinterl\u00e4sst keine Spuren.\" \/>\n<meta property=\"og:url\" content=\"https:\/\/eshop.tca.sk\/de\/waffenreinigung\/waffenreiniger-riflecx-gun-cleaner-200ml\/\" \/>\n<meta property=\"og:site_name\" content=\"TCA eShop - Tactical Combat Academy\" \/>\n<meta property=\"article:modified_time\" content=\"2025-11-03T10:35:14+00:00\" \/>\n<meta property=\"og:image\" content=\"https:\/\/eshop.tca.sk\/wp-content\/uploads\/2024\/11\/RifleCX-Cistic-zbrani-200ml.jpg\" \/>\n\t<meta property=\"og:image:width\" content=\"1000\" \/>\n\t<meta property=\"og:image:height\" content=\"1000\" \/>\n\t<meta property=\"og:image:type\" content=\"image\/jpeg\" \/>\n<meta name=\"twitter:card\" content=\"summary_large_image\" \/>\n<script type=\"application\/ld+json\" class=\"yoast-schema-graph\">{\"@context\":\"https:\/\/schema.org\",\"@graph\":[{\"@type\":\"WebPage\",\"@id\":\"https:\/\/eshop.tca.sk\/de\/waffenreinigung\/waffenreiniger-riflecx-gun-cleaner-200ml\/\",\"url\":\"https:\/\/eshop.tca.sk\/de\/waffenreinigung\/waffenreiniger-riflecx-gun-cleaner-200ml\/\",\"name\":\"RifleCX Waffenreiniger 200ml - TCA eShop - Tactical Combat Academy\",\"isPartOf\":{\"@id\":\"https:\/\/eshop.tca.sk\/de\/#website\"},\"primaryImageOfPage\":{\"@id\":\"https:\/\/eshop.tca.sk\/de\/waffenreinigung\/waffenreiniger-riflecx-gun-cleaner-200ml\/#primaryimage\"},\"image\":{\"@id\":\"https:\/\/eshop.tca.sk\/de\/waffenreinigung\/waffenreiniger-riflecx-gun-cleaner-200ml\/#primaryimage\"},\"thumbnailUrl\":\"https:\/\/eshop.tca.sk\/wp-content\/uploads\/2024\/11\/RifleCX-Cistic-zbrani-200ml.jpg\",\"datePublished\":\"2024-11-18T10:17:12+00:00\",\"dateModified\":\"2025-11-03T10:35:14+00:00\",\"description\":\"RifleCX Gun Cleaner 200ml reinigt und entfettet in einem Schritt. Entfernt Kohlenstoff, Schmutz, Fett, Blei, Messing und Nickel. Es verdunstet schnell. Es hinterl\u00e4sst keine Spuren.\",\"breadcrumb\":{\"@id\":\"https:\/\/eshop.tca.sk\/de\/waffenreinigung\/waffenreiniger-riflecx-gun-cleaner-200ml\/#breadcrumb\"},\"inLanguage\":\"de\",\"potentialAction\":[{\"@type\":\"ReadAction\",\"target\":[\"https:\/\/eshop.tca.sk\/de\/waffenreinigung\/waffenreiniger-riflecx-gun-cleaner-200ml\/\"]}]},{\"@type\":\"ImageObject\",\"inLanguage\":\"de\",\"@id\":\"https:\/\/eshop.tca.sk\/de\/waffenreinigung\/waffenreiniger-riflecx-gun-cleaner-200ml\/#primaryimage\",\"url\":\"https:\/\/eshop.tca.sk\/wp-content\/uploads\/2024\/11\/RifleCX-Cistic-zbrani-200ml.jpg\",\"contentUrl\":\"https:\/\/eshop.tca.sk\/wp-content\/uploads\/2024\/11\/RifleCX-Cistic-zbrani-200ml.jpg\",\"width\":1000,\"height\":1000,\"caption\":\"\u010cisti\u010d zbran\u00ed RifleCX Gun Cleaner 200ml\"},{\"@type\":\"BreadcrumbList\",\"@id\":\"https:\/\/eshop.tca.sk\/de\/waffenreinigung\/waffenreiniger-riflecx-gun-cleaner-200ml\/#breadcrumb\",\"itemListElement\":[{\"@type\":\"ListItem\",\"position\":1,\"name\":\"Domovsk\u00e1 str\u00e1nka\",\"item\":\"https:\/\/eshop.tca.sk\/de\/\"},{\"@type\":\"ListItem\",\"position\":2,\"name\":\"Shop\",\"item\":\"https:\/\/eshop.tca.sk\/de\/shop\/\"},{\"@type\":\"ListItem\",\"position\":3,\"name\":\"RifleCX Waffenreiniger 200ml\"}]},{\"@type\":\"WebSite\",\"@id\":\"https:\/\/eshop.tca.sk\/de\/#website\",\"url\":\"https:\/\/eshop.tca.sk\/de\/\",\"name\":\"TCA eShop - Tactical Combat Academy\",\"description\":\"Tactical Combat Academy\",\"publisher\":{\"@id\":\"https:\/\/eshop.tca.sk\/de\/#organization\"},\"potentialAction\":[{\"@type\":\"SearchAction\",\"target\":{\"@type\":\"EntryPoint\",\"urlTemplate\":\"https:\/\/eshop.tca.sk\/de\/?s={search_term_string}\"},\"query-input\":{\"@type\":\"PropertyValueSpecification\",\"valueRequired\":true,\"valueName\":\"search_term_string\"}}],\"inLanguage\":\"de\"},{\"@type\":\"Organization\",\"@id\":\"https:\/\/eshop.tca.sk\/de\/#organization\",\"name\":\"TCA eShop - Tactical Combat Academy\",\"url\":\"https:\/\/eshop.tca.sk\/de\/\",\"logo\":{\"@type\":\"ImageObject\",\"inLanguage\":\"de\",\"@id\":\"https:\/\/eshop.tca.sk\/de\/#\/schema\/logo\/image\/\",\"url\":\"https:\/\/eshop.tca.sk\/wp-content\/uploads\/2025\/06\/logo-new-header.png\",\"contentUrl\":\"https:\/\/eshop.tca.sk\/wp-content\/uploads\/2025\/06\/logo-new-header.png\",\"width\":300,\"height\":294,\"caption\":\"TCA eShop - Tactical Combat Academy\"},\"image\":{\"@id\":\"https:\/\/eshop.tca.sk\/de\/#\/schema\/logo\/image\/\"}}]}<\/script>\n<!-- \/ Yoast SEO plugin. -->","yoast_head_json":{"title":"RifleCX Waffenreiniger 200ml - TCA eShop - Tactical Combat Academy","description":"RifleCX Gun Cleaner 200ml reinigt und entfettet in einem Schritt. Entfernt Kohlenstoff, Schmutz, Fett, Blei, Messing und Nickel. Es verdunstet schnell. Es hinterl\u00e4sst keine Spuren.","robots":{"index":"index","follow":"follow","max-snippet":"max-snippet:-1","max-image-preview":"max-image-preview:large","max-video-preview":"max-video-preview:-1"},"canonical":"https:\/\/eshop.tca.sk\/de\/waffenreinigung\/waffenreiniger-riflecx-gun-cleaner-200ml\/","og_locale":"de_DE","og_type":"article","og_title":"RifleCX Waffenreiniger 200ml - TCA eShop - Tactical Combat Academy","og_description":"RifleCX Gun Cleaner 200ml reinigt und entfettet in einem Schritt. Entfernt Kohlenstoff, Schmutz, Fett, Blei, Messing und Nickel. Es verdunstet schnell. Es hinterl\u00e4sst keine Spuren.","og_url":"https:\/\/eshop.tca.sk\/de\/waffenreinigung\/waffenreiniger-riflecx-gun-cleaner-200ml\/","og_site_name":"TCA eShop - Tactical Combat Academy","article_modified_time":"2025-11-03T10:35:14+00:00","og_image":[{"width":1000,"height":1000,"url":"https:\/\/eshop.tca.sk\/wp-content\/uploads\/2024\/11\/RifleCX-Cistic-zbrani-200ml.jpg","type":"image\/jpeg"}],"twitter_card":"summary_large_image","schema":{"@context":"https:\/\/schema.org","@graph":[{"@type":"WebPage","@id":"https:\/\/eshop.tca.sk\/de\/waffenreinigung\/waffenreiniger-riflecx-gun-cleaner-200ml\/","url":"https:\/\/eshop.tca.sk\/de\/waffenreinigung\/waffenreiniger-riflecx-gun-cleaner-200ml\/","name":"RifleCX Waffenreiniger 200ml - TCA eShop - Tactical Combat Academy","isPartOf":{"@id":"https:\/\/eshop.tca.sk\/de\/#website"},"primaryImageOfPage":{"@id":"https:\/\/eshop.tca.sk\/de\/waffenreinigung\/waffenreiniger-riflecx-gun-cleaner-200ml\/#primaryimage"},"image":{"@id":"https:\/\/eshop.tca.sk\/de\/waffenreinigung\/waffenreiniger-riflecx-gun-cleaner-200ml\/#primaryimage"},"thumbnailUrl":"https:\/\/eshop.tca.sk\/wp-content\/uploads\/2024\/11\/RifleCX-Cistic-zbrani-200ml.jpg","datePublished":"2024-11-18T10:17:12+00:00","dateModified":"2025-11-03T10:35:14+00:00","description":"RifleCX Gun Cleaner 200ml reinigt und entfettet in einem Schritt. Entfernt Kohlenstoff, Schmutz, Fett, Blei, Messing und Nickel. Es verdunstet schnell. Es hinterl\u00e4sst keine Spuren.","breadcrumb":{"@id":"https:\/\/eshop.tca.sk\/de\/waffenreinigung\/waffenreiniger-riflecx-gun-cleaner-200ml\/#breadcrumb"},"inLanguage":"de","potentialAction":[{"@type":"ReadAction","target":["https:\/\/eshop.tca.sk\/de\/waffenreinigung\/waffenreiniger-riflecx-gun-cleaner-200ml\/"]}]},{"@type":"ImageObject","inLanguage":"de","@id":"https:\/\/eshop.tca.sk\/de\/waffenreinigung\/waffenreiniger-riflecx-gun-cleaner-200ml\/#primaryimage","url":"https:\/\/eshop.tca.sk\/wp-content\/uploads\/2024\/11\/RifleCX-Cistic-zbrani-200ml.jpg","contentUrl":"https:\/\/eshop.tca.sk\/wp-content\/uploads\/2024\/11\/RifleCX-Cistic-zbrani-200ml.jpg","width":1000,"height":1000,"caption":"\u010cisti\u010d zbran\u00ed RifleCX Gun Cleaner 200ml"},{"@type":"BreadcrumbList","@id":"https:\/\/eshop.tca.sk\/de\/waffenreinigung\/waffenreiniger-riflecx-gun-cleaner-200ml\/#breadcrumb","itemListElement":[{"@type":"ListItem","position":1,"name":"Domovsk\u00e1 str\u00e1nka","item":"https:\/\/eshop.tca.sk\/de\/"},{"@type":"ListItem","position":2,"name":"Shop","item":"https:\/\/eshop.tca.sk\/de\/shop\/"},{"@type":"ListItem","position":3,"name":"RifleCX Waffenreiniger 200ml"}]},{"@type":"WebSite","@id":"https:\/\/eshop.tca.sk\/de\/#website","url":"https:\/\/eshop.tca.sk\/de\/","name":"TCA eShop - Tactical Combat Academy","description":"Tactical Combat Academy","publisher":{"@id":"https:\/\/eshop.tca.sk\/de\/#organization"},"potentialAction":[{"@type":"SearchAction","target":{"@type":"EntryPoint","urlTemplate":"https:\/\/eshop.tca.sk\/de\/?s={search_term_string}"},"query-input":{"@type":"PropertyValueSpecification","valueRequired":true,"valueName":"search_term_string"}}],"inLanguage":"de"},{"@type":"Organization","@id":"https:\/\/eshop.tca.sk\/de\/#organization","name":"TCA eShop - Tactical Combat Academy","url":"https:\/\/eshop.tca.sk\/de\/","logo":{"@type":"ImageObject","inLanguage":"de","@id":"https:\/\/eshop.tca.sk\/de\/#\/schema\/logo\/image\/","url":"https:\/\/eshop.tca.sk\/wp-content\/uploads\/2025\/06\/logo-new-header.png","contentUrl":"https:\/\/eshop.tca.sk\/wp-content\/uploads\/2025\/06\/logo-new-header.png","width":300,"height":294,"caption":"TCA eShop - Tactical Combat Academy"},"image":{"@id":"https:\/\/eshop.tca.sk\/de\/#\/schema\/logo\/image\/"}}]}},"_links":{"self":[{"href":"https:\/\/eshop.tca.sk\/de\/wp-json\/wp\/v2\/product\/14131","targetHints":{"allow":["GET"]}}],"collection":[{"href":"https:\/\/eshop.tca.sk\/de\/wp-json\/wp\/v2\/product"}],"about":[{"href":"https:\/\/eshop.tca.sk\/de\/wp-json\/wp\/v2\/types\/product"}],"wp:featuredmedia":[{"embeddable":true,"href":"https:\/\/eshop.tca.sk\/de\/wp-json\/wp\/v2\/media\/14133"}],"wp:attachment":[{"href":"https:\/\/eshop.tca.sk\/de\/wp-json\/wp\/v2\/media?parent=14131"}],"wp:term":[{"taxonomy":"product_brand","embeddable":true,"href":"https:\/\/eshop.tca.sk\/de\/wp-json\/wp\/v2\/product_brand?post=14131"},{"taxonomy":"product_cat","embeddable":true,"href":"https:\/\/eshop.tca.sk\/de\/wp-json\/wp\/v2\/product_cat?post=14131"},{"taxonomy":"product_tag","embeddable":true,"href":"https:\/\/eshop.tca.sk\/de\/wp-json\/wp\/v2\/product_tag?post=14131"},{"taxonomy":"giftcard-category","embeddable":true,"href":"https:\/\/eshop.tca.sk\/de\/wp-json\/wp\/v2\/giftcard-category?post=14131"}],"curies":[{"name":"wp","href":"https:\/\/api.w.org\/{rel}","templated":true}]}}