{"id":14139,"date":"2024-11-18T15:26:31","date_gmt":"2024-11-18T14:26:31","guid":{"rendered":"https:\/\/eshop.tca.sk\/?post_type=product&#038;p=14139"},"modified":"2025-11-03T11:33:18","modified_gmt":"2025-11-03T10:33:18","slug":"graphit-spray-riflecx-graphite-spray-150ml","status":"publish","type":"product","link":"https:\/\/eshop.tca.sk\/de\/waffenreinigung\/graphit-spray-riflecx-graphite-spray-150ml\/","title":{"rendered":"RifleCX Graphit Spray 150ml"},"content":{"rendered":"<h3><strong>RifleCX Graphit Spray 150ml<\/strong><\/h3>\n<p><strong>RifleCX Graphite Spray 150ml<\/strong> hat einen hohen Gehalt an mikronisiertem Graphit, eine hohe Schmierf\u00e4higkeit bei niedrigen Temperaturen, was durch Testergebnisse des Air Force Institute Technology best\u00e4tigt wird. Es ist resistent gegen hohe Temperaturen und hat eine geringe chemische Aktivit\u00e4t. Es hat antikorrosive Eigenschaften, l\u00f6st sich nicht in Wasser auf, hat keine negativen Auswirkungen auf die Umwelt und ist sehr feuerbest\u00e4ndig. Durch die Reaktion mit atmosph\u00e4rischem Wasserdampf bildet es eine d\u00fcnne Schicht auf der Oberfl\u00e4che, die die Reibung und den Verschlei\u00df der Pistolenteile verringert.<\/p>\n<p><b>ANWENDUNGEN:<\/b><\/p>\n<p>Wenn wir das Verbrennen und die Zerst\u00f6rung des Gewindes und der Laufkrone verhindern wollen, gen\u00fcgt es, den Kompensator nach jedem Schuss abzuschrauben und den Schmutz vom Gewinde und der Laufkrone mit Hilfe von <a href=\"https:\/\/eshop.tca.sk\/cistenie-na-zbrane\/cistic-zbrani-riflecx-gun-cleaner-500ml\/\"><strong>RifleCX Gewehrreiniger<\/strong><\/a> zu entfernen und dann <strong>RifleCX Graphitspray<\/strong> zu verwenden<b>, das<\/b> gegen extrem hohe Temperaturen best\u00e4ndig ist.<\/p>\n","protected":false},"excerpt":{"rendered":"<p><img loading=\"lazy\" decoding=\"async\" class=\"alignnone wp-image-14024\" src=\"https:\/\/eshop.tca.sk\/wp-content\/uploads\/2024\/11\/IMG_0216-300x169.webp\" alt=\"\" width=\"151\" height=\"85\"><\/p>\n<p>RifleCX Graphite Spray 150ml sch\u00fctzt vor Wasser und verbrannten Partikeln. Es haftet perfekt auf der Oberfl\u00e4che und verhindert ein Aufscheuern.<\/p>\n<p><img loading=\"lazy\" decoding=\"async\" class=\"wp-image-8564 alignnone\" src=\"https:\/\/eshop.tca.sk\/wp-content\/uploads\/2023\/04\/Logo-Whack-Black-White-R-APPROVED.png\" alt=\"\" width=\"138\" height=\"75\" srcset=\"https:\/\/eshop.tca.sk\/wp-content\/uploads\/2023\/04\/Logo-Whack-Black-White-R-APPROVED.png 571w, https:\/\/eshop.tca.sk\/wp-content\/uploads\/2023\/04\/Logo-Whack-Black-White-R-APPROVED-300x163.png 300w\" sizes=\"auto, (max-width: 138px) 100vw, 138px\" \/><\/p>\n<p>Vom <strong>TCA<\/strong> und dem <strong>WHACK-System<\/strong> verwendete und empfohlene Equipment.<\/p>\n","protected":false},"featured_media":14141,"template":"","meta":{"inline_featured_image":false},"product_brand":[],"product_cat":[699,318],"product_tag":[700],"giftcard-category":[],"class_list":{"0":"post-14139","1":"product","2":"type-product","3":"status-publish","4":"has-post-thumbnail","6":"product_cat-waffenreinigung","7":"product_cat-waffenzubehoer","8":"product_tag-riflecx-de","10":"first","11":"instock","12":"taxable","13":"shipping-taxable","14":"purchasable","15":"product-type-simple"},"yoast_head":"<!-- This site is optimized with the Yoast SEO plugin v26.4 - https:\/\/yoast.com\/wordpress\/plugins\/seo\/ -->\n<title>RifleCX Graphit Spray 150ml - TCA eShop - Tactical Combat Academy<\/title>\n<meta name=\"description\" content=\"RifleCX Graphite Spray 150ml sch\u00fctzt vor Wasser und verbrannten Partikeln. Es haftet perfekt auf der Oberfl\u00e4che und verhindert ein Aufscheuern.\" \/>\n<meta name=\"robots\" content=\"index, follow, max-snippet:-1, max-image-preview:large, max-video-preview:-1\" \/>\n<link rel=\"canonical\" href=\"https:\/\/eshop.tca.sk\/de\/waffenreinigung\/graphit-spray-riflecx-graphite-spray-150ml\/\" \/>\n<meta property=\"og:locale\" content=\"de_DE\" \/>\n<meta property=\"og:type\" content=\"article\" \/>\n<meta property=\"og:title\" content=\"RifleCX Graphit Spray 150ml - TCA eShop - Tactical Combat Academy\" \/>\n<meta property=\"og:description\" content=\"RifleCX Graphite Spray 150ml sch\u00fctzt vor Wasser und verbrannten Partikeln. Es haftet perfekt auf der Oberfl\u00e4che und verhindert ein Aufscheuern.\" \/>\n<meta property=\"og:url\" content=\"https:\/\/eshop.tca.sk\/de\/waffenreinigung\/graphit-spray-riflecx-graphite-spray-150ml\/\" \/>\n<meta property=\"og:site_name\" content=\"TCA eShop - Tactical Combat Academy\" \/>\n<meta property=\"article:modified_time\" content=\"2025-11-03T10:33:18+00:00\" \/>\n<meta property=\"og:image\" content=\"https:\/\/eshop.tca.sk\/wp-content\/uploads\/2024\/11\/RifleCX-Grafitovy-sprej.jpg\" \/>\n\t<meta property=\"og:image:width\" content=\"1000\" \/>\n\t<meta property=\"og:image:height\" content=\"1000\" \/>\n\t<meta property=\"og:image:type\" content=\"image\/jpeg\" \/>\n<meta name=\"twitter:card\" content=\"summary_large_image\" \/>\n<script type=\"application\/ld+json\" class=\"yoast-schema-graph\">{\"@context\":\"https:\/\/schema.org\",\"@graph\":[{\"@type\":\"WebPage\",\"@id\":\"https:\/\/eshop.tca.sk\/de\/waffenreinigung\/graphit-spray-riflecx-graphite-spray-150ml\/\",\"url\":\"https:\/\/eshop.tca.sk\/de\/waffenreinigung\/graphit-spray-riflecx-graphite-spray-150ml\/\",\"name\":\"RifleCX Graphit Spray 150ml - TCA eShop - Tactical Combat Academy\",\"isPartOf\":{\"@id\":\"https:\/\/eshop.tca.sk\/de\/#website\"},\"primaryImageOfPage\":{\"@id\":\"https:\/\/eshop.tca.sk\/de\/waffenreinigung\/graphit-spray-riflecx-graphite-spray-150ml\/#primaryimage\"},\"image\":{\"@id\":\"https:\/\/eshop.tca.sk\/de\/waffenreinigung\/graphit-spray-riflecx-graphite-spray-150ml\/#primaryimage\"},\"thumbnailUrl\":\"https:\/\/eshop.tca.sk\/wp-content\/uploads\/2024\/11\/RifleCX-Grafitovy-sprej.jpg\",\"datePublished\":\"2024-11-18T14:26:31+00:00\",\"dateModified\":\"2025-11-03T10:33:18+00:00\",\"description\":\"RifleCX Graphite Spray 150ml sch\u00fctzt vor Wasser und verbrannten Partikeln. Es haftet perfekt auf der Oberfl\u00e4che und verhindert ein Aufscheuern.\",\"breadcrumb\":{\"@id\":\"https:\/\/eshop.tca.sk\/de\/waffenreinigung\/graphit-spray-riflecx-graphite-spray-150ml\/#breadcrumb\"},\"inLanguage\":\"de\",\"potentialAction\":[{\"@type\":\"ReadAction\",\"target\":[\"https:\/\/eshop.tca.sk\/de\/waffenreinigung\/graphit-spray-riflecx-graphite-spray-150ml\/\"]}]},{\"@type\":\"ImageObject\",\"inLanguage\":\"de\",\"@id\":\"https:\/\/eshop.tca.sk\/de\/waffenreinigung\/graphit-spray-riflecx-graphite-spray-150ml\/#primaryimage\",\"url\":\"https:\/\/eshop.tca.sk\/wp-content\/uploads\/2024\/11\/RifleCX-Grafitovy-sprej.jpg\",\"contentUrl\":\"https:\/\/eshop.tca.sk\/wp-content\/uploads\/2024\/11\/RifleCX-Grafitovy-sprej.jpg\",\"width\":1000,\"height\":1000,\"caption\":\"Grafitov\u00fd sprej RifleCX Graphite Spray 150ml\"},{\"@type\":\"BreadcrumbList\",\"@id\":\"https:\/\/eshop.tca.sk\/de\/waffenreinigung\/graphit-spray-riflecx-graphite-spray-150ml\/#breadcrumb\",\"itemListElement\":[{\"@type\":\"ListItem\",\"position\":1,\"name\":\"Domovsk\u00e1 str\u00e1nka\",\"item\":\"https:\/\/eshop.tca.sk\/de\/\"},{\"@type\":\"ListItem\",\"position\":2,\"name\":\"Shop\",\"item\":\"https:\/\/eshop.tca.sk\/de\/shop\/\"},{\"@type\":\"ListItem\",\"position\":3,\"name\":\"RifleCX Graphit Spray 150ml\"}]},{\"@type\":\"WebSite\",\"@id\":\"https:\/\/eshop.tca.sk\/de\/#website\",\"url\":\"https:\/\/eshop.tca.sk\/de\/\",\"name\":\"TCA eShop - Tactical Combat Academy\",\"description\":\"Tactical Combat Academy\",\"publisher\":{\"@id\":\"https:\/\/eshop.tca.sk\/de\/#organization\"},\"potentialAction\":[{\"@type\":\"SearchAction\",\"target\":{\"@type\":\"EntryPoint\",\"urlTemplate\":\"https:\/\/eshop.tca.sk\/de\/?s={search_term_string}\"},\"query-input\":{\"@type\":\"PropertyValueSpecification\",\"valueRequired\":true,\"valueName\":\"search_term_string\"}}],\"inLanguage\":\"de\"},{\"@type\":\"Organization\",\"@id\":\"https:\/\/eshop.tca.sk\/de\/#organization\",\"name\":\"TCA eShop - Tactical Combat Academy\",\"url\":\"https:\/\/eshop.tca.sk\/de\/\",\"logo\":{\"@type\":\"ImageObject\",\"inLanguage\":\"de\",\"@id\":\"https:\/\/eshop.tca.sk\/de\/#\/schema\/logo\/image\/\",\"url\":\"https:\/\/eshop.tca.sk\/wp-content\/uploads\/2025\/06\/logo-new-header.png\",\"contentUrl\":\"https:\/\/eshop.tca.sk\/wp-content\/uploads\/2025\/06\/logo-new-header.png\",\"width\":300,\"height\":294,\"caption\":\"TCA eShop - Tactical Combat Academy\"},\"image\":{\"@id\":\"https:\/\/eshop.tca.sk\/de\/#\/schema\/logo\/image\/\"}}]}<\/script>\n<!-- \/ Yoast SEO plugin. -->","yoast_head_json":{"title":"RifleCX Graphit Spray 150ml - TCA eShop - Tactical Combat Academy","description":"RifleCX Graphite Spray 150ml sch\u00fctzt vor Wasser und verbrannten Partikeln. Es haftet perfekt auf der Oberfl\u00e4che und verhindert ein Aufscheuern.","robots":{"index":"index","follow":"follow","max-snippet":"max-snippet:-1","max-image-preview":"max-image-preview:large","max-video-preview":"max-video-preview:-1"},"canonical":"https:\/\/eshop.tca.sk\/de\/waffenreinigung\/graphit-spray-riflecx-graphite-spray-150ml\/","og_locale":"de_DE","og_type":"article","og_title":"RifleCX Graphit Spray 150ml - TCA eShop - Tactical Combat Academy","og_description":"RifleCX Graphite Spray 150ml sch\u00fctzt vor Wasser und verbrannten Partikeln. Es haftet perfekt auf der Oberfl\u00e4che und verhindert ein Aufscheuern.","og_url":"https:\/\/eshop.tca.sk\/de\/waffenreinigung\/graphit-spray-riflecx-graphite-spray-150ml\/","og_site_name":"TCA eShop - Tactical Combat Academy","article_modified_time":"2025-11-03T10:33:18+00:00","og_image":[{"width":1000,"height":1000,"url":"https:\/\/eshop.tca.sk\/wp-content\/uploads\/2024\/11\/RifleCX-Grafitovy-sprej.jpg","type":"image\/jpeg"}],"twitter_card":"summary_large_image","schema":{"@context":"https:\/\/schema.org","@graph":[{"@type":"WebPage","@id":"https:\/\/eshop.tca.sk\/de\/waffenreinigung\/graphit-spray-riflecx-graphite-spray-150ml\/","url":"https:\/\/eshop.tca.sk\/de\/waffenreinigung\/graphit-spray-riflecx-graphite-spray-150ml\/","name":"RifleCX Graphit Spray 150ml - TCA eShop - Tactical Combat Academy","isPartOf":{"@id":"https:\/\/eshop.tca.sk\/de\/#website"},"primaryImageOfPage":{"@id":"https:\/\/eshop.tca.sk\/de\/waffenreinigung\/graphit-spray-riflecx-graphite-spray-150ml\/#primaryimage"},"image":{"@id":"https:\/\/eshop.tca.sk\/de\/waffenreinigung\/graphit-spray-riflecx-graphite-spray-150ml\/#primaryimage"},"thumbnailUrl":"https:\/\/eshop.tca.sk\/wp-content\/uploads\/2024\/11\/RifleCX-Grafitovy-sprej.jpg","datePublished":"2024-11-18T14:26:31+00:00","dateModified":"2025-11-03T10:33:18+00:00","description":"RifleCX Graphite Spray 150ml sch\u00fctzt vor Wasser und verbrannten Partikeln. Es haftet perfekt auf der Oberfl\u00e4che und verhindert ein Aufscheuern.","breadcrumb":{"@id":"https:\/\/eshop.tca.sk\/de\/waffenreinigung\/graphit-spray-riflecx-graphite-spray-150ml\/#breadcrumb"},"inLanguage":"de","potentialAction":[{"@type":"ReadAction","target":["https:\/\/eshop.tca.sk\/de\/waffenreinigung\/graphit-spray-riflecx-graphite-spray-150ml\/"]}]},{"@type":"ImageObject","inLanguage":"de","@id":"https:\/\/eshop.tca.sk\/de\/waffenreinigung\/graphit-spray-riflecx-graphite-spray-150ml\/#primaryimage","url":"https:\/\/eshop.tca.sk\/wp-content\/uploads\/2024\/11\/RifleCX-Grafitovy-sprej.jpg","contentUrl":"https:\/\/eshop.tca.sk\/wp-content\/uploads\/2024\/11\/RifleCX-Grafitovy-sprej.jpg","width":1000,"height":1000,"caption":"Grafitov\u00fd sprej RifleCX Graphite Spray 150ml"},{"@type":"BreadcrumbList","@id":"https:\/\/eshop.tca.sk\/de\/waffenreinigung\/graphit-spray-riflecx-graphite-spray-150ml\/#breadcrumb","itemListElement":[{"@type":"ListItem","position":1,"name":"Domovsk\u00e1 str\u00e1nka","item":"https:\/\/eshop.tca.sk\/de\/"},{"@type":"ListItem","position":2,"name":"Shop","item":"https:\/\/eshop.tca.sk\/de\/shop\/"},{"@type":"ListItem","position":3,"name":"RifleCX Graphit Spray 150ml"}]},{"@type":"WebSite","@id":"https:\/\/eshop.tca.sk\/de\/#website","url":"https:\/\/eshop.tca.sk\/de\/","name":"TCA eShop - Tactical Combat Academy","description":"Tactical Combat Academy","publisher":{"@id":"https:\/\/eshop.tca.sk\/de\/#organization"},"potentialAction":[{"@type":"SearchAction","target":{"@type":"EntryPoint","urlTemplate":"https:\/\/eshop.tca.sk\/de\/?s={search_term_string}"},"query-input":{"@type":"PropertyValueSpecification","valueRequired":true,"valueName":"search_term_string"}}],"inLanguage":"de"},{"@type":"Organization","@id":"https:\/\/eshop.tca.sk\/de\/#organization","name":"TCA eShop - Tactical Combat Academy","url":"https:\/\/eshop.tca.sk\/de\/","logo":{"@type":"ImageObject","inLanguage":"de","@id":"https:\/\/eshop.tca.sk\/de\/#\/schema\/logo\/image\/","url":"https:\/\/eshop.tca.sk\/wp-content\/uploads\/2025\/06\/logo-new-header.png","contentUrl":"https:\/\/eshop.tca.sk\/wp-content\/uploads\/2025\/06\/logo-new-header.png","width":300,"height":294,"caption":"TCA eShop - Tactical Combat Academy"},"image":{"@id":"https:\/\/eshop.tca.sk\/de\/#\/schema\/logo\/image\/"}}]}},"_links":{"self":[{"href":"https:\/\/eshop.tca.sk\/de\/wp-json\/wp\/v2\/product\/14139","targetHints":{"allow":["GET"]}}],"collection":[{"href":"https:\/\/eshop.tca.sk\/de\/wp-json\/wp\/v2\/product"}],"about":[{"href":"https:\/\/eshop.tca.sk\/de\/wp-json\/wp\/v2\/types\/product"}],"wp:featuredmedia":[{"embeddable":true,"href":"https:\/\/eshop.tca.sk\/de\/wp-json\/wp\/v2\/media\/14141"}],"wp:attachment":[{"href":"https:\/\/eshop.tca.sk\/de\/wp-json\/wp\/v2\/media?parent=14139"}],"wp:term":[{"taxonomy":"product_brand","embeddable":true,"href":"https:\/\/eshop.tca.sk\/de\/wp-json\/wp\/v2\/product_brand?post=14139"},{"taxonomy":"product_cat","embeddable":true,"href":"https:\/\/eshop.tca.sk\/de\/wp-json\/wp\/v2\/product_cat?post=14139"},{"taxonomy":"product_tag","embeddable":true,"href":"https:\/\/eshop.tca.sk\/de\/wp-json\/wp\/v2\/product_tag?post=14139"},{"taxonomy":"giftcard-category","embeddable":true,"href":"https:\/\/eshop.tca.sk\/de\/wp-json\/wp\/v2\/giftcard-category?post=14139"}],"curies":[{"name":"wp","href":"https:\/\/api.w.org\/{rel}","templated":true}]}}