{"id":14143,"date":"2024-11-18T16:13:13","date_gmt":"2024-11-18T15:13:13","guid":{"rendered":"https:\/\/eshop.tca.sk\/?post_type=product&#038;p=14143"},"modified":"2025-04-30T09:44:02","modified_gmt":"2025-04-30T07:44:02","slug":"clp-oel-riflecx-clp-oil-100ml","status":"publish","type":"product","link":"https:\/\/eshop.tca.sk\/de\/waffenreinigung\/clp-oel-riflecx-clp-oil-100ml\/","title":{"rendered":"RifleCX CLP \u00d6l 100ml"},"content":{"rendered":"<h3><strong>RifleCX CLP \u00d6l 100ml<\/strong><\/h3>\n<p><strong>RifleCX CLP \u00d6l 100ml<\/strong><b> <\/b>sch\u00fctzt Teile der Waffe vor Wasser, S\u00e4uren und Sedimenten. Sie hat eine sehr lange Lebensdauer und sorgt f\u00fcr Ihre Zufriedenheit und eine zuverl\u00e4ssig funktionierende Waffe. Es bleibt sehr lange auf sich bewegenden und rotierenden Oberfl\u00e4chen und gew\u00e4hrleistet Abriebfestigkeit unter Druck und hohen Temperaturen. Es ist auch sicher f\u00fcr Holz.<\/p>\n<p><b>ANWENDUNGEN<\/b>:<\/p>\n<p><b>CLP RifleCX \u00d6l<\/b> sollte auf die beweglichen Teile der Waffe aufgetragen werden, um die Oberfl\u00e4che zu sch\u00fctzen, die Reibung zu verringern und vor hohen Temperaturen bis zu 250\u00b0C zu sch\u00fctzen.<\/p>\n","protected":false},"excerpt":{"rendered":"<p><img loading=\"lazy\" decoding=\"async\" class=\"alignnone wp-image-14024\" src=\"https:\/\/eshop.tca.sk\/wp-content\/uploads\/2024\/11\/IMG_0216-300x169.webp\" alt=\"\" width=\"151\" height=\"85\"><\/p>\n<p>RifleCX CLP Oil 100ml zeichnet sich durch einen hohen Verschlei\u00dfschutz aus und bildet eine Barriere gegen die aggressive Wirkung von Wasser, korrosiven Gasen und Oxidation.<\/p>\n<p><img loading=\"lazy\" decoding=\"async\" class=\"wp-image-8564 alignnone\" src=\"https:\/\/eshop.tca.sk\/wp-content\/uploads\/2023\/04\/Logo-Whack-Black-White-R-APPROVED.png\" alt=\"\" width=\"138\" height=\"75\" srcset=\"https:\/\/eshop.tca.sk\/wp-content\/uploads\/2023\/04\/Logo-Whack-Black-White-R-APPROVED.png 571w, https:\/\/eshop.tca.sk\/wp-content\/uploads\/2023\/04\/Logo-Whack-Black-White-R-APPROVED-300x163.png 300w\" sizes=\"auto, (max-width: 138px) 100vw, 138px\" \/><\/p>\n<p>Vom <strong>TCA<\/strong> und dem <strong>WHACK-System<\/strong> verwendete und empfohlene Equipment.<\/p>\n","protected":false},"featured_media":14145,"template":"","meta":{"inline_featured_image":false},"product_brand":[],"product_cat":[699,318],"product_tag":[700],"giftcard-category":[],"class_list":{"0":"post-14143","1":"product","2":"type-product","3":"status-publish","4":"has-post-thumbnail","6":"product_cat-waffenreinigung","7":"product_cat-waffenzubehoer","8":"product_tag-riflecx-de","10":"first","11":"outofstock","12":"taxable","13":"shipping-taxable","14":"purchasable","15":"product-type-simple"},"yoast_head":"<!-- This site is optimized with the Yoast SEO plugin v26.4 - https:\/\/yoast.com\/wordpress\/plugins\/seo\/ -->\n<title>RifleCX CLP \u00d6l 100ml - TCA eShop - Tactical Combat Academy<\/title>\n<meta name=\"description\" content=\"RifleCX CLP Oil 100ml zeichnet sich durch einen hohen Verschlei\u00dfschutz aus und bildet eine Barriere gegen die aggressive Wirkung von Wasser, korrosiven Gasen und Oxidation.\" \/>\n<meta name=\"robots\" content=\"index, follow, max-snippet:-1, max-image-preview:large, max-video-preview:-1\" \/>\n<link rel=\"canonical\" href=\"https:\/\/eshop.tca.sk\/de\/waffenreinigung\/clp-oel-riflecx-clp-oil-100ml\/\" \/>\n<meta property=\"og:locale\" content=\"de_DE\" \/>\n<meta property=\"og:type\" content=\"article\" \/>\n<meta property=\"og:title\" content=\"RifleCX CLP \u00d6l 100ml - TCA eShop - Tactical Combat Academy\" \/>\n<meta property=\"og:description\" content=\"RifleCX CLP Oil 100ml zeichnet sich durch einen hohen Verschlei\u00dfschutz aus und bildet eine Barriere gegen die aggressive Wirkung von Wasser, korrosiven Gasen und Oxidation.\" \/>\n<meta property=\"og:url\" content=\"https:\/\/eshop.tca.sk\/de\/waffenreinigung\/clp-oel-riflecx-clp-oil-100ml\/\" \/>\n<meta property=\"og:site_name\" content=\"TCA eShop - Tactical Combat Academy\" \/>\n<meta property=\"article:modified_time\" content=\"2025-04-30T07:44:02+00:00\" \/>\n<meta property=\"og:image\" content=\"https:\/\/eshop.tca.sk\/wp-content\/uploads\/2024\/11\/RifleCX-CLP-olej.jpg\" \/>\n\t<meta property=\"og:image:width\" content=\"1000\" \/>\n\t<meta property=\"og:image:height\" content=\"1000\" \/>\n\t<meta property=\"og:image:type\" content=\"image\/jpeg\" \/>\n<meta name=\"twitter:card\" content=\"summary_large_image\" \/>\n<script type=\"application\/ld+json\" class=\"yoast-schema-graph\">{\"@context\":\"https:\/\/schema.org\",\"@graph\":[{\"@type\":\"WebPage\",\"@id\":\"https:\/\/eshop.tca.sk\/de\/waffenreinigung\/clp-oel-riflecx-clp-oil-100ml\/\",\"url\":\"https:\/\/eshop.tca.sk\/de\/waffenreinigung\/clp-oel-riflecx-clp-oil-100ml\/\",\"name\":\"RifleCX CLP \u00d6l 100ml - TCA eShop - Tactical Combat Academy\",\"isPartOf\":{\"@id\":\"https:\/\/eshop.tca.sk\/de\/#website\"},\"primaryImageOfPage\":{\"@id\":\"https:\/\/eshop.tca.sk\/de\/waffenreinigung\/clp-oel-riflecx-clp-oil-100ml\/#primaryimage\"},\"image\":{\"@id\":\"https:\/\/eshop.tca.sk\/de\/waffenreinigung\/clp-oel-riflecx-clp-oil-100ml\/#primaryimage\"},\"thumbnailUrl\":\"https:\/\/eshop.tca.sk\/wp-content\/uploads\/2024\/11\/RifleCX-CLP-olej.jpg\",\"datePublished\":\"2024-11-18T15:13:13+00:00\",\"dateModified\":\"2025-04-30T07:44:02+00:00\",\"description\":\"RifleCX CLP Oil 100ml zeichnet sich durch einen hohen Verschlei\u00dfschutz aus und bildet eine Barriere gegen die aggressive Wirkung von Wasser, korrosiven Gasen und Oxidation.\",\"breadcrumb\":{\"@id\":\"https:\/\/eshop.tca.sk\/de\/waffenreinigung\/clp-oel-riflecx-clp-oil-100ml\/#breadcrumb\"},\"inLanguage\":\"de\",\"potentialAction\":[{\"@type\":\"ReadAction\",\"target\":[\"https:\/\/eshop.tca.sk\/de\/waffenreinigung\/clp-oel-riflecx-clp-oil-100ml\/\"]}]},{\"@type\":\"ImageObject\",\"inLanguage\":\"de\",\"@id\":\"https:\/\/eshop.tca.sk\/de\/waffenreinigung\/clp-oel-riflecx-clp-oil-100ml\/#primaryimage\",\"url\":\"https:\/\/eshop.tca.sk\/wp-content\/uploads\/2024\/11\/RifleCX-CLP-olej.jpg\",\"contentUrl\":\"https:\/\/eshop.tca.sk\/wp-content\/uploads\/2024\/11\/RifleCX-CLP-olej.jpg\",\"width\":1000,\"height\":1000,\"caption\":\"Olej RifleCX CLP Oil 100ml\"},{\"@type\":\"BreadcrumbList\",\"@id\":\"https:\/\/eshop.tca.sk\/de\/waffenreinigung\/clp-oel-riflecx-clp-oil-100ml\/#breadcrumb\",\"itemListElement\":[{\"@type\":\"ListItem\",\"position\":1,\"name\":\"Domovsk\u00e1 str\u00e1nka\",\"item\":\"https:\/\/eshop.tca.sk\/de\/\"},{\"@type\":\"ListItem\",\"position\":2,\"name\":\"Shop\",\"item\":\"https:\/\/eshop.tca.sk\/de\/shop\/\"},{\"@type\":\"ListItem\",\"position\":3,\"name\":\"RifleCX CLP \u00d6l 100ml\"}]},{\"@type\":\"WebSite\",\"@id\":\"https:\/\/eshop.tca.sk\/de\/#website\",\"url\":\"https:\/\/eshop.tca.sk\/de\/\",\"name\":\"TCA eShop - Tactical Combat Academy\",\"description\":\"Tactical Combat Academy\",\"publisher\":{\"@id\":\"https:\/\/eshop.tca.sk\/de\/#organization\"},\"potentialAction\":[{\"@type\":\"SearchAction\",\"target\":{\"@type\":\"EntryPoint\",\"urlTemplate\":\"https:\/\/eshop.tca.sk\/de\/?s={search_term_string}\"},\"query-input\":{\"@type\":\"PropertyValueSpecification\",\"valueRequired\":true,\"valueName\":\"search_term_string\"}}],\"inLanguage\":\"de\"},{\"@type\":\"Organization\",\"@id\":\"https:\/\/eshop.tca.sk\/de\/#organization\",\"name\":\"TCA eShop - Tactical Combat Academy\",\"url\":\"https:\/\/eshop.tca.sk\/de\/\",\"logo\":{\"@type\":\"ImageObject\",\"inLanguage\":\"de\",\"@id\":\"https:\/\/eshop.tca.sk\/de\/#\/schema\/logo\/image\/\",\"url\":\"https:\/\/eshop.tca.sk\/wp-content\/uploads\/2025\/06\/logo-new-header.png\",\"contentUrl\":\"https:\/\/eshop.tca.sk\/wp-content\/uploads\/2025\/06\/logo-new-header.png\",\"width\":300,\"height\":294,\"caption\":\"TCA eShop - Tactical Combat Academy\"},\"image\":{\"@id\":\"https:\/\/eshop.tca.sk\/de\/#\/schema\/logo\/image\/\"}}]}<\/script>\n<!-- \/ Yoast SEO plugin. -->","yoast_head_json":{"title":"RifleCX CLP \u00d6l 100ml - TCA eShop - Tactical Combat Academy","description":"RifleCX CLP Oil 100ml zeichnet sich durch einen hohen Verschlei\u00dfschutz aus und bildet eine Barriere gegen die aggressive Wirkung von Wasser, korrosiven Gasen und Oxidation.","robots":{"index":"index","follow":"follow","max-snippet":"max-snippet:-1","max-image-preview":"max-image-preview:large","max-video-preview":"max-video-preview:-1"},"canonical":"https:\/\/eshop.tca.sk\/de\/waffenreinigung\/clp-oel-riflecx-clp-oil-100ml\/","og_locale":"de_DE","og_type":"article","og_title":"RifleCX CLP \u00d6l 100ml - TCA eShop - Tactical Combat Academy","og_description":"RifleCX CLP Oil 100ml zeichnet sich durch einen hohen Verschlei\u00dfschutz aus und bildet eine Barriere gegen die aggressive Wirkung von Wasser, korrosiven Gasen und Oxidation.","og_url":"https:\/\/eshop.tca.sk\/de\/waffenreinigung\/clp-oel-riflecx-clp-oil-100ml\/","og_site_name":"TCA eShop - Tactical Combat Academy","article_modified_time":"2025-04-30T07:44:02+00:00","og_image":[{"width":1000,"height":1000,"url":"https:\/\/eshop.tca.sk\/wp-content\/uploads\/2024\/11\/RifleCX-CLP-olej.jpg","type":"image\/jpeg"}],"twitter_card":"summary_large_image","schema":{"@context":"https:\/\/schema.org","@graph":[{"@type":"WebPage","@id":"https:\/\/eshop.tca.sk\/de\/waffenreinigung\/clp-oel-riflecx-clp-oil-100ml\/","url":"https:\/\/eshop.tca.sk\/de\/waffenreinigung\/clp-oel-riflecx-clp-oil-100ml\/","name":"RifleCX CLP \u00d6l 100ml - TCA eShop - Tactical Combat Academy","isPartOf":{"@id":"https:\/\/eshop.tca.sk\/de\/#website"},"primaryImageOfPage":{"@id":"https:\/\/eshop.tca.sk\/de\/waffenreinigung\/clp-oel-riflecx-clp-oil-100ml\/#primaryimage"},"image":{"@id":"https:\/\/eshop.tca.sk\/de\/waffenreinigung\/clp-oel-riflecx-clp-oil-100ml\/#primaryimage"},"thumbnailUrl":"https:\/\/eshop.tca.sk\/wp-content\/uploads\/2024\/11\/RifleCX-CLP-olej.jpg","datePublished":"2024-11-18T15:13:13+00:00","dateModified":"2025-04-30T07:44:02+00:00","description":"RifleCX CLP Oil 100ml zeichnet sich durch einen hohen Verschlei\u00dfschutz aus und bildet eine Barriere gegen die aggressive Wirkung von Wasser, korrosiven Gasen und Oxidation.","breadcrumb":{"@id":"https:\/\/eshop.tca.sk\/de\/waffenreinigung\/clp-oel-riflecx-clp-oil-100ml\/#breadcrumb"},"inLanguage":"de","potentialAction":[{"@type":"ReadAction","target":["https:\/\/eshop.tca.sk\/de\/waffenreinigung\/clp-oel-riflecx-clp-oil-100ml\/"]}]},{"@type":"ImageObject","inLanguage":"de","@id":"https:\/\/eshop.tca.sk\/de\/waffenreinigung\/clp-oel-riflecx-clp-oil-100ml\/#primaryimage","url":"https:\/\/eshop.tca.sk\/wp-content\/uploads\/2024\/11\/RifleCX-CLP-olej.jpg","contentUrl":"https:\/\/eshop.tca.sk\/wp-content\/uploads\/2024\/11\/RifleCX-CLP-olej.jpg","width":1000,"height":1000,"caption":"Olej RifleCX CLP Oil 100ml"},{"@type":"BreadcrumbList","@id":"https:\/\/eshop.tca.sk\/de\/waffenreinigung\/clp-oel-riflecx-clp-oil-100ml\/#breadcrumb","itemListElement":[{"@type":"ListItem","position":1,"name":"Domovsk\u00e1 str\u00e1nka","item":"https:\/\/eshop.tca.sk\/de\/"},{"@type":"ListItem","position":2,"name":"Shop","item":"https:\/\/eshop.tca.sk\/de\/shop\/"},{"@type":"ListItem","position":3,"name":"RifleCX CLP \u00d6l 100ml"}]},{"@type":"WebSite","@id":"https:\/\/eshop.tca.sk\/de\/#website","url":"https:\/\/eshop.tca.sk\/de\/","name":"TCA eShop - Tactical Combat Academy","description":"Tactical Combat Academy","publisher":{"@id":"https:\/\/eshop.tca.sk\/de\/#organization"},"potentialAction":[{"@type":"SearchAction","target":{"@type":"EntryPoint","urlTemplate":"https:\/\/eshop.tca.sk\/de\/?s={search_term_string}"},"query-input":{"@type":"PropertyValueSpecification","valueRequired":true,"valueName":"search_term_string"}}],"inLanguage":"de"},{"@type":"Organization","@id":"https:\/\/eshop.tca.sk\/de\/#organization","name":"TCA eShop - Tactical Combat Academy","url":"https:\/\/eshop.tca.sk\/de\/","logo":{"@type":"ImageObject","inLanguage":"de","@id":"https:\/\/eshop.tca.sk\/de\/#\/schema\/logo\/image\/","url":"https:\/\/eshop.tca.sk\/wp-content\/uploads\/2025\/06\/logo-new-header.png","contentUrl":"https:\/\/eshop.tca.sk\/wp-content\/uploads\/2025\/06\/logo-new-header.png","width":300,"height":294,"caption":"TCA eShop - Tactical Combat Academy"},"image":{"@id":"https:\/\/eshop.tca.sk\/de\/#\/schema\/logo\/image\/"}}]}},"_links":{"self":[{"href":"https:\/\/eshop.tca.sk\/de\/wp-json\/wp\/v2\/product\/14143","targetHints":{"allow":["GET"]}}],"collection":[{"href":"https:\/\/eshop.tca.sk\/de\/wp-json\/wp\/v2\/product"}],"about":[{"href":"https:\/\/eshop.tca.sk\/de\/wp-json\/wp\/v2\/types\/product"}],"wp:featuredmedia":[{"embeddable":true,"href":"https:\/\/eshop.tca.sk\/de\/wp-json\/wp\/v2\/media\/14145"}],"wp:attachment":[{"href":"https:\/\/eshop.tca.sk\/de\/wp-json\/wp\/v2\/media?parent=14143"}],"wp:term":[{"taxonomy":"product_brand","embeddable":true,"href":"https:\/\/eshop.tca.sk\/de\/wp-json\/wp\/v2\/product_brand?post=14143"},{"taxonomy":"product_cat","embeddable":true,"href":"https:\/\/eshop.tca.sk\/de\/wp-json\/wp\/v2\/product_cat?post=14143"},{"taxonomy":"product_tag","embeddable":true,"href":"https:\/\/eshop.tca.sk\/de\/wp-json\/wp\/v2\/product_tag?post=14143"},{"taxonomy":"giftcard-category","embeddable":true,"href":"https:\/\/eshop.tca.sk\/de\/wp-json\/wp\/v2\/giftcard-category?post=14143"}],"curies":[{"name":"wp","href":"https:\/\/api.w.org\/{rel}","templated":true}]}}