{"id":14507,"date":"2025-02-07T07:57:36","date_gmt":"2025-02-07T06:57:36","guid":{"rendered":"https:\/\/eshop.tca.sk\/?post_type=product&#038;p=14507"},"modified":"2026-01-08T13:22:26","modified_gmt":"2026-01-08T12:22:26","slug":"waffenlampe-glock-gtl-ii","status":"publish","type":"product","link":"https:\/\/eshop.tca.sk\/de\/lampen\/waffenlampe-glock-gtl-ii\/","title":{"rendered":"Pistolen-Taschenlampe GLOCK GTL II"},"content":{"rendered":"<h3>Pistolen-Taschenlampe GLOCK GTL II<\/h3>\n<p><strong>Die GLOCK GTL II Waffentaschenlampe<\/strong> verf\u00fcgt \u00fcber ein LED-Lichtmodul und bietet eine leistungsstarke Beleuchtung von 600 Lumen. Es kann in Sekundenschnelle installiert und entfernt werden. Das <strong>GTL II<\/strong> Geh\u00e4use ist genau auf die L\u00e4nge und Breite des Pistolenverschlusses abgestimmt <a href=\"https:\/\/www.tcarmory.sk\/pistole\/?filter_velkostna-trieda=compact\" target=\"_blank\" rel=\"noopener\"><strong>G19\/G45<\/strong><\/a> und bietet optimale Handhabung und Komfort beim Tragen oder Holstern. Die leichte und kompakte <strong>CR123-Batterie<\/strong> bietet eine lange Lebensdauer und einen einfachen Austausch.<\/p>\n<p>Die taktische Taschenlampe wird mit austauschbaren Bedienelementen auf beiden Seiten geliefert, so dass Sie die M\u00f6glichkeit haben, Ihr ideales Setup zu erstellen. Jedes Kit enth\u00e4lt zwei Druck- und zwei Ber\u00fchrungselemente, so dass Sie mit dem mitgelieferten <a href=\"https:\/\/eshop.tca.sk\/de\/waffenzubehoer\/?filter_znacka=glock&#038;query_type_znacka=or\" target=\"_blank\" rel=\"noopener\"><strong>GLOCK<\/strong><\/a> Werkzeug ganz einfach Ihre eigene Konfiguration erstellen k\u00f6nnen .<\/p>\n<p>Mit der ma\u00dfgefertigten <strong>GTL II-Taschenlampe<\/strong> sind Sie bereit, die Kontrolle \u00fcber die Dunkelheit zu \u00fcbernehmen.<\/p>\n","protected":false},"excerpt":{"rendered":"<p><img loading=\"lazy\" decoding=\"async\" class=\"alignnone wp-image-6576 \" src=\"https:\/\/eshop.tca.sk\/wp-content\/uploads\/2022\/10\/glock-logo.png\" alt=\"\" width=\"94\" height=\"94\" srcset=\"https:\/\/eshop.tca.sk\/wp-content\/uploads\/2022\/10\/glock-logo.png 150w, https:\/\/eshop.tca.sk\/wp-content\/uploads\/2022\/10\/glock-logo-100x100.png 100w\" sizes=\"auto, (max-width: 94px) 100vw, 94px\" \/><\/p>\n<p><strong>Die GLOCK GTL II Gun Flashlight<\/strong> ist eine unter der Pistole h\u00e4ngende Taschenlampe mit einer Hochleistungs-LED, die 600 Lumen und 11.000 Candela liefert.<\/p>\n<p>&nbsp;<\/p>\n","protected":false},"featured_media":14509,"template":"","meta":{"inline_featured_image":false},"product_brand":[],"product_cat":[293],"product_tag":[706],"giftcard-category":[],"class_list":{"0":"post-14507","1":"product","2":"type-product","3":"status-publish","4":"has-post-thumbnail","6":"product_cat-lampen","7":"product_tag-glock-de","9":"first","10":"outofstock","11":"taxable","12":"shipping-taxable","13":"purchasable","14":"product-type-simple"},"yoast_head":"<!-- This site is optimized with the Yoast SEO plugin v26.4 - https:\/\/yoast.com\/wordpress\/plugins\/seo\/ -->\n<title>Pistolen-Taschenlampe GLOCK GTL II - TCA eShop - Tactical Combat Academy<\/title>\n<meta name=\"description\" content=\"Die GLOCK GTL II Pistolen-Waffenlampe ist genau auf die L\u00e4nge und Breite des G19\/G45 Pistolenschlittens abgestimmt und bietet optimale Handhabung und Tragekomfort.\" \/>\n<meta name=\"robots\" content=\"index, follow, max-snippet:-1, max-image-preview:large, max-video-preview:-1\" \/>\n<link rel=\"canonical\" href=\"https:\/\/eshop.tca.sk\/de\/lampen\/waffenlampe-glock-gtl-ii\/\" \/>\n<meta property=\"og:locale\" content=\"de_DE\" \/>\n<meta property=\"og:type\" content=\"article\" \/>\n<meta property=\"og:title\" content=\"Pistolen-Taschenlampe GLOCK GTL II - TCA eShop - Tactical Combat Academy\" \/>\n<meta property=\"og:description\" content=\"Die GLOCK GTL II Pistolen-Waffenlampe ist genau auf die L\u00e4nge und Breite des G19\/G45 Pistolenschlittens abgestimmt und bietet optimale Handhabung und Tragekomfort.\" \/>\n<meta property=\"og:url\" content=\"https:\/\/eshop.tca.sk\/de\/lampen\/waffenlampe-glock-gtl-ii\/\" \/>\n<meta property=\"og:site_name\" content=\"TCA eShop - Tactical Combat Academy\" \/>\n<meta property=\"article:modified_time\" content=\"2026-01-08T12:22:26+00:00\" \/>\n<meta property=\"og:image\" content=\"https:\/\/eshop.tca.sk\/wp-content\/uploads\/2025\/02\/GLOCK-GTL2a.jpg\" \/>\n\t<meta property=\"og:image:width\" content=\"1000\" \/>\n\t<meta property=\"og:image:height\" content=\"1000\" \/>\n\t<meta property=\"og:image:type\" content=\"image\/jpeg\" \/>\n<meta name=\"twitter:card\" content=\"summary_large_image\" \/>\n<script type=\"application\/ld+json\" class=\"yoast-schema-graph\">{\"@context\":\"https:\/\/schema.org\",\"@graph\":[{\"@type\":\"WebPage\",\"@id\":\"https:\/\/eshop.tca.sk\/de\/lampen\/waffenlampe-glock-gtl-ii\/\",\"url\":\"https:\/\/eshop.tca.sk\/de\/lampen\/waffenlampe-glock-gtl-ii\/\",\"name\":\"Pistolen-Taschenlampe GLOCK GTL II - TCA eShop - Tactical Combat Academy\",\"isPartOf\":{\"@id\":\"https:\/\/eshop.tca.sk\/de\/#website\"},\"primaryImageOfPage\":{\"@id\":\"https:\/\/eshop.tca.sk\/de\/lampen\/waffenlampe-glock-gtl-ii\/#primaryimage\"},\"image\":{\"@id\":\"https:\/\/eshop.tca.sk\/de\/lampen\/waffenlampe-glock-gtl-ii\/#primaryimage\"},\"thumbnailUrl\":\"https:\/\/eshop.tca.sk\/wp-content\/uploads\/2025\/02\/GLOCK-GTL2a.jpg\",\"datePublished\":\"2025-02-07T06:57:36+00:00\",\"dateModified\":\"2026-01-08T12:22:26+00:00\",\"description\":\"Die GLOCK GTL II Pistolen-Waffenlampe ist genau auf die L\u00e4nge und Breite des G19\/G45 Pistolenschlittens abgestimmt und bietet optimale Handhabung und Tragekomfort.\",\"breadcrumb\":{\"@id\":\"https:\/\/eshop.tca.sk\/de\/lampen\/waffenlampe-glock-gtl-ii\/#breadcrumb\"},\"inLanguage\":\"de\",\"potentialAction\":[{\"@type\":\"ReadAction\",\"target\":[\"https:\/\/eshop.tca.sk\/de\/lampen\/waffenlampe-glock-gtl-ii\/\"]}]},{\"@type\":\"ImageObject\",\"inLanguage\":\"de\",\"@id\":\"https:\/\/eshop.tca.sk\/de\/lampen\/waffenlampe-glock-gtl-ii\/#primaryimage\",\"url\":\"https:\/\/eshop.tca.sk\/wp-content\/uploads\/2025\/02\/GLOCK-GTL2a.jpg\",\"contentUrl\":\"https:\/\/eshop.tca.sk\/wp-content\/uploads\/2025\/02\/GLOCK-GTL2a.jpg\",\"width\":1000,\"height\":1000,\"caption\":\"Zbra\u0148ov\u00e9 svietidlo GLOCK GTL II\"},{\"@type\":\"BreadcrumbList\",\"@id\":\"https:\/\/eshop.tca.sk\/de\/lampen\/waffenlampe-glock-gtl-ii\/#breadcrumb\",\"itemListElement\":[{\"@type\":\"ListItem\",\"position\":1,\"name\":\"Domovsk\u00e1 str\u00e1nka\",\"item\":\"https:\/\/eshop.tca.sk\/de\/\"},{\"@type\":\"ListItem\",\"position\":2,\"name\":\"Shop\",\"item\":\"https:\/\/eshop.tca.sk\/de\/shop\/\"},{\"@type\":\"ListItem\",\"position\":3,\"name\":\"Pistolen-Taschenlampe GLOCK GTL II\"}]},{\"@type\":\"WebSite\",\"@id\":\"https:\/\/eshop.tca.sk\/de\/#website\",\"url\":\"https:\/\/eshop.tca.sk\/de\/\",\"name\":\"TCA eShop - Tactical Combat Academy\",\"description\":\"Tactical Combat Academy\",\"publisher\":{\"@id\":\"https:\/\/eshop.tca.sk\/de\/#organization\"},\"potentialAction\":[{\"@type\":\"SearchAction\",\"target\":{\"@type\":\"EntryPoint\",\"urlTemplate\":\"https:\/\/eshop.tca.sk\/de\/?s={search_term_string}\"},\"query-input\":{\"@type\":\"PropertyValueSpecification\",\"valueRequired\":true,\"valueName\":\"search_term_string\"}}],\"inLanguage\":\"de\"},{\"@type\":\"Organization\",\"@id\":\"https:\/\/eshop.tca.sk\/de\/#organization\",\"name\":\"TCA eShop - Tactical Combat Academy\",\"url\":\"https:\/\/eshop.tca.sk\/de\/\",\"logo\":{\"@type\":\"ImageObject\",\"inLanguage\":\"de\",\"@id\":\"https:\/\/eshop.tca.sk\/de\/#\/schema\/logo\/image\/\",\"url\":\"https:\/\/eshop.tca.sk\/wp-content\/uploads\/2025\/06\/logo-new-header.png\",\"contentUrl\":\"https:\/\/eshop.tca.sk\/wp-content\/uploads\/2025\/06\/logo-new-header.png\",\"width\":300,\"height\":294,\"caption\":\"TCA eShop - Tactical Combat Academy\"},\"image\":{\"@id\":\"https:\/\/eshop.tca.sk\/de\/#\/schema\/logo\/image\/\"}}]}<\/script>\n<!-- \/ Yoast SEO plugin. -->","yoast_head_json":{"title":"Pistolen-Taschenlampe GLOCK GTL II - TCA eShop - Tactical Combat Academy","description":"Die GLOCK GTL II Pistolen-Waffenlampe ist genau auf die L\u00e4nge und Breite des G19\/G45 Pistolenschlittens abgestimmt und bietet optimale Handhabung und Tragekomfort.","robots":{"index":"index","follow":"follow","max-snippet":"max-snippet:-1","max-image-preview":"max-image-preview:large","max-video-preview":"max-video-preview:-1"},"canonical":"https:\/\/eshop.tca.sk\/de\/lampen\/waffenlampe-glock-gtl-ii\/","og_locale":"de_DE","og_type":"article","og_title":"Pistolen-Taschenlampe GLOCK GTL II - TCA eShop - Tactical Combat Academy","og_description":"Die GLOCK GTL II Pistolen-Waffenlampe ist genau auf die L\u00e4nge und Breite des G19\/G45 Pistolenschlittens abgestimmt und bietet optimale Handhabung und Tragekomfort.","og_url":"https:\/\/eshop.tca.sk\/de\/lampen\/waffenlampe-glock-gtl-ii\/","og_site_name":"TCA eShop - Tactical Combat Academy","article_modified_time":"2026-01-08T12:22:26+00:00","og_image":[{"width":1000,"height":1000,"url":"https:\/\/eshop.tca.sk\/wp-content\/uploads\/2025\/02\/GLOCK-GTL2a.jpg","type":"image\/jpeg"}],"twitter_card":"summary_large_image","schema":{"@context":"https:\/\/schema.org","@graph":[{"@type":"WebPage","@id":"https:\/\/eshop.tca.sk\/de\/lampen\/waffenlampe-glock-gtl-ii\/","url":"https:\/\/eshop.tca.sk\/de\/lampen\/waffenlampe-glock-gtl-ii\/","name":"Pistolen-Taschenlampe GLOCK GTL II - TCA eShop - Tactical Combat Academy","isPartOf":{"@id":"https:\/\/eshop.tca.sk\/de\/#website"},"primaryImageOfPage":{"@id":"https:\/\/eshop.tca.sk\/de\/lampen\/waffenlampe-glock-gtl-ii\/#primaryimage"},"image":{"@id":"https:\/\/eshop.tca.sk\/de\/lampen\/waffenlampe-glock-gtl-ii\/#primaryimage"},"thumbnailUrl":"https:\/\/eshop.tca.sk\/wp-content\/uploads\/2025\/02\/GLOCK-GTL2a.jpg","datePublished":"2025-02-07T06:57:36+00:00","dateModified":"2026-01-08T12:22:26+00:00","description":"Die GLOCK GTL II Pistolen-Waffenlampe ist genau auf die L\u00e4nge und Breite des G19\/G45 Pistolenschlittens abgestimmt und bietet optimale Handhabung und Tragekomfort.","breadcrumb":{"@id":"https:\/\/eshop.tca.sk\/de\/lampen\/waffenlampe-glock-gtl-ii\/#breadcrumb"},"inLanguage":"de","potentialAction":[{"@type":"ReadAction","target":["https:\/\/eshop.tca.sk\/de\/lampen\/waffenlampe-glock-gtl-ii\/"]}]},{"@type":"ImageObject","inLanguage":"de","@id":"https:\/\/eshop.tca.sk\/de\/lampen\/waffenlampe-glock-gtl-ii\/#primaryimage","url":"https:\/\/eshop.tca.sk\/wp-content\/uploads\/2025\/02\/GLOCK-GTL2a.jpg","contentUrl":"https:\/\/eshop.tca.sk\/wp-content\/uploads\/2025\/02\/GLOCK-GTL2a.jpg","width":1000,"height":1000,"caption":"Zbra\u0148ov\u00e9 svietidlo GLOCK GTL II"},{"@type":"BreadcrumbList","@id":"https:\/\/eshop.tca.sk\/de\/lampen\/waffenlampe-glock-gtl-ii\/#breadcrumb","itemListElement":[{"@type":"ListItem","position":1,"name":"Domovsk\u00e1 str\u00e1nka","item":"https:\/\/eshop.tca.sk\/de\/"},{"@type":"ListItem","position":2,"name":"Shop","item":"https:\/\/eshop.tca.sk\/de\/shop\/"},{"@type":"ListItem","position":3,"name":"Pistolen-Taschenlampe GLOCK GTL II"}]},{"@type":"WebSite","@id":"https:\/\/eshop.tca.sk\/de\/#website","url":"https:\/\/eshop.tca.sk\/de\/","name":"TCA eShop - Tactical Combat Academy","description":"Tactical Combat Academy","publisher":{"@id":"https:\/\/eshop.tca.sk\/de\/#organization"},"potentialAction":[{"@type":"SearchAction","target":{"@type":"EntryPoint","urlTemplate":"https:\/\/eshop.tca.sk\/de\/?s={search_term_string}"},"query-input":{"@type":"PropertyValueSpecification","valueRequired":true,"valueName":"search_term_string"}}],"inLanguage":"de"},{"@type":"Organization","@id":"https:\/\/eshop.tca.sk\/de\/#organization","name":"TCA eShop - Tactical Combat Academy","url":"https:\/\/eshop.tca.sk\/de\/","logo":{"@type":"ImageObject","inLanguage":"de","@id":"https:\/\/eshop.tca.sk\/de\/#\/schema\/logo\/image\/","url":"https:\/\/eshop.tca.sk\/wp-content\/uploads\/2025\/06\/logo-new-header.png","contentUrl":"https:\/\/eshop.tca.sk\/wp-content\/uploads\/2025\/06\/logo-new-header.png","width":300,"height":294,"caption":"TCA eShop - Tactical Combat Academy"},"image":{"@id":"https:\/\/eshop.tca.sk\/de\/#\/schema\/logo\/image\/"}}]}},"_links":{"self":[{"href":"https:\/\/eshop.tca.sk\/de\/wp-json\/wp\/v2\/product\/14507","targetHints":{"allow":["GET"]}}],"collection":[{"href":"https:\/\/eshop.tca.sk\/de\/wp-json\/wp\/v2\/product"}],"about":[{"href":"https:\/\/eshop.tca.sk\/de\/wp-json\/wp\/v2\/types\/product"}],"wp:featuredmedia":[{"embeddable":true,"href":"https:\/\/eshop.tca.sk\/de\/wp-json\/wp\/v2\/media\/14509"}],"wp:attachment":[{"href":"https:\/\/eshop.tca.sk\/de\/wp-json\/wp\/v2\/media?parent=14507"}],"wp:term":[{"taxonomy":"product_brand","embeddable":true,"href":"https:\/\/eshop.tca.sk\/de\/wp-json\/wp\/v2\/product_brand?post=14507"},{"taxonomy":"product_cat","embeddable":true,"href":"https:\/\/eshop.tca.sk\/de\/wp-json\/wp\/v2\/product_cat?post=14507"},{"taxonomy":"product_tag","embeddable":true,"href":"https:\/\/eshop.tca.sk\/de\/wp-json\/wp\/v2\/product_tag?post=14507"},{"taxonomy":"giftcard-category","embeddable":true,"href":"https:\/\/eshop.tca.sk\/de\/wp-json\/wp\/v2\/giftcard-category?post=14507"}],"curies":[{"name":"wp","href":"https:\/\/api.w.org\/{rel}","templated":true}]}}