{"id":14964,"date":"2025-04-22T14:20:58","date_gmt":"2025-04-22T12:20:58","guid":{"rendered":"https:\/\/eshop.tca.sk\/unkategorisiert\/taktische-handschuhe-mog-fast-rope-tactical-coyote\/"},"modified":"2026-01-08T11:04:40","modified_gmt":"2026-01-08T10:04:40","slug":"taktische-handschuhe-mog-fast-rope-tactical-coyote","status":"publish","type":"product","link":"https:\/\/eshop.tca.sk\/de\/taktische-handschuhe1\/taktische-handschuhe-mog-fast-rope-tactical-coyote\/","title":{"rendered":"Taktische Handschuhe MoG Fast Rope Tactical COYOTE"},"content":{"rendered":"<h2>Taktische Handschuhe MoG Fast Rope Tactical COYOTE<\/h2>\n<p data-wp-editing=\"1\"><strong>Die MoG Fast Rope Tactical COYOTE Handschuhe<\/strong> wurden in Zusammenarbeit mit der Rotary Wing Instructional Group (Royal Dutch Army) entwickelt und sind f\u00fcr den professionellen und taktischen Einsatz bei Operationen gedacht, bei denen die Verwendung von Seilhandschuhen erforderlich ist.<\/p>\n<p><strong>ANWENDUNGEN:<\/strong><br \/>\n&#8211; Umgang mit Waffen<br \/>\n&#8211; Abseilen mit dem Schnellseil<\/p>\n<p><strong>KEY FEATURES:<br \/>\n<\/strong>&#8211; Mehrere Schichten bilden einen gro\u00dfartigen Puffer gegen Hitzestau w\u00e4hrend des schnellen Ablegens<br \/>\n&#8211; Das schlanke Fingerdesign bietet eine extrem hohe Fingersensibilit\u00e4t beim Umgang mit Seilen, Waffen, Funkger\u00e4ten und Ausr\u00fcstung<br \/>\n&#8211; Verst\u00e4rkung der kritischen Bereiche<br \/>\n&#8211; Ausgezeichneter Grip auf trockenen und nassen Seilen<img loading=\"lazy\" decoding=\"async\" class=\"alignnone wp-image-14755\" src=\"https:\/\/eshop.tca.sk\/wp-content\/uploads\/2025\/04\/EN-10.jpg\" alt=\"\" width=\"1800\" height=\"1494\" srcset=\"https:\/\/eshop.tca.sk\/wp-content\/uploads\/2025\/04\/EN-10.jpg 2479w, https:\/\/eshop.tca.sk\/wp-content\/uploads\/2025\/04\/EN-10-300x249.jpg 300w, https:\/\/eshop.tca.sk\/wp-content\/uploads\/2025\/04\/EN-10-768x637.jpg 768w, https:\/\/eshop.tca.sk\/wp-content\/uploads\/2025\/04\/EN-10-1536x1275.jpg 1536w, https:\/\/eshop.tca.sk\/wp-content\/uploads\/2025\/04\/EN-10-2048x1699.jpg 2048w, https:\/\/eshop.tca.sk\/wp-content\/uploads\/2025\/04\/EN-10-24x20.jpg 24w, https:\/\/eshop.tca.sk\/wp-content\/uploads\/2025\/04\/EN-10-36x30.jpg 36w, https:\/\/eshop.tca.sk\/wp-content\/uploads\/2025\/04\/EN-10-48x40.jpg 48w, https:\/\/eshop.tca.sk\/wp-content\/uploads\/2025\/04\/EN-10-600x498.jpg 600w\" sizes=\"auto, (max-width: 1800px) 100vw, 1800px\" \/><\/p>\n<p><iframe loading=\"lazy\" src=\"\/\/www.youtube.com\/embed\/uJKjSOVeXgo?si=LtE8sepay8w4aDoi\" width=\"1120\" height=\"628\" allowfullscreen=\"allowfullscreen\"><\/iframe><\/p>\n","protected":false},"excerpt":{"rendered":"<p><img loading=\"lazy\" decoding=\"async\" class=\"alignnone wp-image-14609 \" src=\"https:\/\/eshop.tca.sk\/wp-content\/uploads\/2025\/04\/MoG-logo-300x122.jpg\" alt=\"\" width=\"145\" height=\"59\" srcset=\"https:\/\/eshop.tca.sk\/wp-content\/uploads\/2025\/04\/MoG-logo-300x122.jpg 300w, https:\/\/eshop.tca.sk\/wp-content\/uploads\/2025\/04\/MoG-logo-768x313.jpg 768w, https:\/\/eshop.tca.sk\/wp-content\/uploads\/2025\/04\/MoG-logo-24x10.jpg 24w, https:\/\/eshop.tca.sk\/wp-content\/uploads\/2025\/04\/MoG-logo-36x15.jpg 36w, https:\/\/eshop.tca.sk\/wp-content\/uploads\/2025\/04\/MoG-logo-48x20.jpg 48w, https:\/\/eshop.tca.sk\/wp-content\/uploads\/2025\/04\/MoG-logo-600x245.jpg 600w, https:\/\/eshop.tca.sk\/wp-content\/uploads\/2025\/04\/MoG-logo.jpg 800w\" sizes=\"auto, (max-width: 145px) 100vw, 145px\" \/><\/p>\n<p><strong>Die MoG Fast Rope Tactical COYOTE Handschuhe<\/strong> wurden f\u00fcr den professionellen und taktischen Einsatz bei Operationen entwickelt, die den Gebrauch von Seilen erfordern.<\/p>\n<p><img loading=\"lazy\" decoding=\"async\" class=\"wp-image-8564 alignnone\" src=\"https:\/\/eshop.tca.sk\/wp-content\/uploads\/2023\/04\/Logo-Whack-Black-White-R-APPROVED.png\" alt=\"\" width=\"138\" height=\"75\" srcset=\"https:\/\/eshop.tca.sk\/wp-content\/uploads\/2023\/04\/Logo-Whack-Black-White-R-APPROVED.png 571w, https:\/\/eshop.tca.sk\/wp-content\/uploads\/2023\/04\/Logo-Whack-Black-White-R-APPROVED-300x163.png 300w\" sizes=\"auto, (max-width: 138px) 100vw, 138px\" \/><\/p>\n<p>Vom TCA und dem WHACK-System verwendete und empfohlene Equipment.<\/p>\n<p>&nbsp;<\/p>\n","protected":false},"featured_media":14758,"template":"","meta":{"inline_featured_image":false},"product_brand":[],"product_cat":[323,749],"product_tag":[750],"giftcard-category":[],"class_list":{"0":"post-14964","1":"product","2":"type-product","3":"status-publish","4":"has-post-thumbnail","6":"product_cat-ausruestung","7":"product_cat-taktische-handschuhe1","8":"product_tag-mog-de","10":"first","11":"instock","12":"taxable","13":"shipping-taxable","14":"purchasable","15":"product-type-variable"},"yoast_head":"<!-- This site is optimized with the Yoast SEO plugin v26.4 - https:\/\/yoast.com\/wordpress\/plugins\/seo\/ -->\n<title>Taktische Handschuhe MoG Fast Rope Tactical COYOTE - TCA eShop - Tactical Combat Academy<\/title>\n<meta name=\"description\" content=\"Die MoG Fast Rope Tactical COYOTE Handschuhe wurden f\u00fcr den professionellen und taktischen Einsatz bei Operationen entwickelt, bei denen die Verwendung von Seilen erforderlich ist.\" \/>\n<meta name=\"robots\" content=\"index, follow, max-snippet:-1, max-image-preview:large, max-video-preview:-1\" \/>\n<link rel=\"canonical\" href=\"https:\/\/eshop.tca.sk\/de\/taktische-handschuhe1\/taktische-handschuhe-mog-fast-rope-tactical-coyote\/\" \/>\n<meta property=\"og:locale\" content=\"de_DE\" \/>\n<meta property=\"og:type\" content=\"article\" \/>\n<meta property=\"og:title\" content=\"Taktische Handschuhe MoG Fast Rope Tactical COYOTE - TCA eShop - Tactical Combat Academy\" \/>\n<meta property=\"og:description\" content=\"Die MoG Fast Rope Tactical COYOTE Handschuhe wurden f\u00fcr den professionellen und taktischen Einsatz bei Operationen entwickelt, bei denen die Verwendung von Seilen erforderlich ist.\" \/>\n<meta property=\"og:url\" content=\"https:\/\/eshop.tca.sk\/de\/taktische-handschuhe1\/taktische-handschuhe-mog-fast-rope-tactical-coyote\/\" \/>\n<meta property=\"og:site_name\" content=\"TCA eShop - Tactical Combat Academy\" \/>\n<meta property=\"article:modified_time\" content=\"2026-01-08T10:04:40+00:00\" \/>\n<meta property=\"og:image\" content=\"https:\/\/eshop.tca.sk\/wp-content\/uploads\/2025\/04\/MoG-Fast-Rope-Tactical-CYT-1.jpg\" \/>\n\t<meta property=\"og:image:width\" content=\"1000\" \/>\n\t<meta property=\"og:image:height\" content=\"1000\" \/>\n\t<meta property=\"og:image:type\" content=\"image\/jpeg\" \/>\n<meta name=\"twitter:card\" content=\"summary_large_image\" \/>\n<script type=\"application\/ld+json\" class=\"yoast-schema-graph\">{\"@context\":\"https:\/\/schema.org\",\"@graph\":[{\"@type\":\"WebPage\",\"@id\":\"https:\/\/eshop.tca.sk\/de\/taktische-handschuhe1\/taktische-handschuhe-mog-fast-rope-tactical-coyote\/\",\"url\":\"https:\/\/eshop.tca.sk\/de\/taktische-handschuhe1\/taktische-handschuhe-mog-fast-rope-tactical-coyote\/\",\"name\":\"Taktische Handschuhe MoG Fast Rope Tactical COYOTE - TCA eShop - Tactical Combat Academy\",\"isPartOf\":{\"@id\":\"https:\/\/eshop.tca.sk\/de\/#website\"},\"primaryImageOfPage\":{\"@id\":\"https:\/\/eshop.tca.sk\/de\/taktische-handschuhe1\/taktische-handschuhe-mog-fast-rope-tactical-coyote\/#primaryimage\"},\"image\":{\"@id\":\"https:\/\/eshop.tca.sk\/de\/taktische-handschuhe1\/taktische-handschuhe-mog-fast-rope-tactical-coyote\/#primaryimage\"},\"thumbnailUrl\":\"https:\/\/eshop.tca.sk\/wp-content\/uploads\/2025\/04\/MoG-Fast-Rope-Tactical-CYT-1.jpg\",\"datePublished\":\"2025-04-22T12:20:58+00:00\",\"dateModified\":\"2026-01-08T10:04:40+00:00\",\"description\":\"Die MoG Fast Rope Tactical COYOTE Handschuhe wurden f\u00fcr den professionellen und taktischen Einsatz bei Operationen entwickelt, bei denen die Verwendung von Seilen erforderlich ist.\",\"breadcrumb\":{\"@id\":\"https:\/\/eshop.tca.sk\/de\/taktische-handschuhe1\/taktische-handschuhe-mog-fast-rope-tactical-coyote\/#breadcrumb\"},\"inLanguage\":\"de\",\"potentialAction\":[{\"@type\":\"ReadAction\",\"target\":[\"https:\/\/eshop.tca.sk\/de\/taktische-handschuhe1\/taktische-handschuhe-mog-fast-rope-tactical-coyote\/\"]}]},{\"@type\":\"ImageObject\",\"inLanguage\":\"de\",\"@id\":\"https:\/\/eshop.tca.sk\/de\/taktische-handschuhe1\/taktische-handschuhe-mog-fast-rope-tactical-coyote\/#primaryimage\",\"url\":\"https:\/\/eshop.tca.sk\/wp-content\/uploads\/2025\/04\/MoG-Fast-Rope-Tactical-CYT-1.jpg\",\"contentUrl\":\"https:\/\/eshop.tca.sk\/wp-content\/uploads\/2025\/04\/MoG-Fast-Rope-Tactical-CYT-1.jpg\",\"width\":1000,\"height\":1000,\"caption\":\"Taktick\u00e9 Rukavice MoG Fast Rope Tactical COYOTE\"},{\"@type\":\"BreadcrumbList\",\"@id\":\"https:\/\/eshop.tca.sk\/de\/taktische-handschuhe1\/taktische-handschuhe-mog-fast-rope-tactical-coyote\/#breadcrumb\",\"itemListElement\":[{\"@type\":\"ListItem\",\"position\":1,\"name\":\"Domovsk\u00e1 str\u00e1nka\",\"item\":\"https:\/\/eshop.tca.sk\/de\/\"},{\"@type\":\"ListItem\",\"position\":2,\"name\":\"Shop\",\"item\":\"https:\/\/eshop.tca.sk\/de\/shop\/\"},{\"@type\":\"ListItem\",\"position\":3,\"name\":\"Taktische Handschuhe MoG Fast Rope Tactical COYOTE\"}]},{\"@type\":\"WebSite\",\"@id\":\"https:\/\/eshop.tca.sk\/de\/#website\",\"url\":\"https:\/\/eshop.tca.sk\/de\/\",\"name\":\"TCA eShop - Tactical Combat Academy\",\"description\":\"Tactical Combat Academy\",\"publisher\":{\"@id\":\"https:\/\/eshop.tca.sk\/de\/#organization\"},\"potentialAction\":[{\"@type\":\"SearchAction\",\"target\":{\"@type\":\"EntryPoint\",\"urlTemplate\":\"https:\/\/eshop.tca.sk\/de\/?s={search_term_string}\"},\"query-input\":{\"@type\":\"PropertyValueSpecification\",\"valueRequired\":true,\"valueName\":\"search_term_string\"}}],\"inLanguage\":\"de\"},{\"@type\":\"Organization\",\"@id\":\"https:\/\/eshop.tca.sk\/de\/#organization\",\"name\":\"TCA eShop - Tactical Combat Academy\",\"url\":\"https:\/\/eshop.tca.sk\/de\/\",\"logo\":{\"@type\":\"ImageObject\",\"inLanguage\":\"de\",\"@id\":\"https:\/\/eshop.tca.sk\/de\/#\/schema\/logo\/image\/\",\"url\":\"https:\/\/eshop.tca.sk\/wp-content\/uploads\/2025\/06\/logo-new-header.png\",\"contentUrl\":\"https:\/\/eshop.tca.sk\/wp-content\/uploads\/2025\/06\/logo-new-header.png\",\"width\":300,\"height\":294,\"caption\":\"TCA eShop - Tactical Combat Academy\"},\"image\":{\"@id\":\"https:\/\/eshop.tca.sk\/de\/#\/schema\/logo\/image\/\"}}]}<\/script>\n<!-- \/ Yoast SEO plugin. -->","yoast_head_json":{"title":"Taktische Handschuhe MoG Fast Rope Tactical COYOTE - TCA eShop - Tactical Combat Academy","description":"Die MoG Fast Rope Tactical COYOTE Handschuhe wurden f\u00fcr den professionellen und taktischen Einsatz bei Operationen entwickelt, bei denen die Verwendung von Seilen erforderlich ist.","robots":{"index":"index","follow":"follow","max-snippet":"max-snippet:-1","max-image-preview":"max-image-preview:large","max-video-preview":"max-video-preview:-1"},"canonical":"https:\/\/eshop.tca.sk\/de\/taktische-handschuhe1\/taktische-handschuhe-mog-fast-rope-tactical-coyote\/","og_locale":"de_DE","og_type":"article","og_title":"Taktische Handschuhe MoG Fast Rope Tactical COYOTE - TCA eShop - Tactical Combat Academy","og_description":"Die MoG Fast Rope Tactical COYOTE Handschuhe wurden f\u00fcr den professionellen und taktischen Einsatz bei Operationen entwickelt, bei denen die Verwendung von Seilen erforderlich ist.","og_url":"https:\/\/eshop.tca.sk\/de\/taktische-handschuhe1\/taktische-handschuhe-mog-fast-rope-tactical-coyote\/","og_site_name":"TCA eShop - Tactical Combat Academy","article_modified_time":"2026-01-08T10:04:40+00:00","og_image":[{"width":1000,"height":1000,"url":"https:\/\/eshop.tca.sk\/wp-content\/uploads\/2025\/04\/MoG-Fast-Rope-Tactical-CYT-1.jpg","type":"image\/jpeg"}],"twitter_card":"summary_large_image","schema":{"@context":"https:\/\/schema.org","@graph":[{"@type":"WebPage","@id":"https:\/\/eshop.tca.sk\/de\/taktische-handschuhe1\/taktische-handschuhe-mog-fast-rope-tactical-coyote\/","url":"https:\/\/eshop.tca.sk\/de\/taktische-handschuhe1\/taktische-handschuhe-mog-fast-rope-tactical-coyote\/","name":"Taktische Handschuhe MoG Fast Rope Tactical COYOTE - TCA eShop - Tactical Combat Academy","isPartOf":{"@id":"https:\/\/eshop.tca.sk\/de\/#website"},"primaryImageOfPage":{"@id":"https:\/\/eshop.tca.sk\/de\/taktische-handschuhe1\/taktische-handschuhe-mog-fast-rope-tactical-coyote\/#primaryimage"},"image":{"@id":"https:\/\/eshop.tca.sk\/de\/taktische-handschuhe1\/taktische-handschuhe-mog-fast-rope-tactical-coyote\/#primaryimage"},"thumbnailUrl":"https:\/\/eshop.tca.sk\/wp-content\/uploads\/2025\/04\/MoG-Fast-Rope-Tactical-CYT-1.jpg","datePublished":"2025-04-22T12:20:58+00:00","dateModified":"2026-01-08T10:04:40+00:00","description":"Die MoG Fast Rope Tactical COYOTE Handschuhe wurden f\u00fcr den professionellen und taktischen Einsatz bei Operationen entwickelt, bei denen die Verwendung von Seilen erforderlich ist.","breadcrumb":{"@id":"https:\/\/eshop.tca.sk\/de\/taktische-handschuhe1\/taktische-handschuhe-mog-fast-rope-tactical-coyote\/#breadcrumb"},"inLanguage":"de","potentialAction":[{"@type":"ReadAction","target":["https:\/\/eshop.tca.sk\/de\/taktische-handschuhe1\/taktische-handschuhe-mog-fast-rope-tactical-coyote\/"]}]},{"@type":"ImageObject","inLanguage":"de","@id":"https:\/\/eshop.tca.sk\/de\/taktische-handschuhe1\/taktische-handschuhe-mog-fast-rope-tactical-coyote\/#primaryimage","url":"https:\/\/eshop.tca.sk\/wp-content\/uploads\/2025\/04\/MoG-Fast-Rope-Tactical-CYT-1.jpg","contentUrl":"https:\/\/eshop.tca.sk\/wp-content\/uploads\/2025\/04\/MoG-Fast-Rope-Tactical-CYT-1.jpg","width":1000,"height":1000,"caption":"Taktick\u00e9 Rukavice MoG Fast Rope Tactical COYOTE"},{"@type":"BreadcrumbList","@id":"https:\/\/eshop.tca.sk\/de\/taktische-handschuhe1\/taktische-handschuhe-mog-fast-rope-tactical-coyote\/#breadcrumb","itemListElement":[{"@type":"ListItem","position":1,"name":"Domovsk\u00e1 str\u00e1nka","item":"https:\/\/eshop.tca.sk\/de\/"},{"@type":"ListItem","position":2,"name":"Shop","item":"https:\/\/eshop.tca.sk\/de\/shop\/"},{"@type":"ListItem","position":3,"name":"Taktische Handschuhe MoG Fast Rope Tactical COYOTE"}]},{"@type":"WebSite","@id":"https:\/\/eshop.tca.sk\/de\/#website","url":"https:\/\/eshop.tca.sk\/de\/","name":"TCA eShop - Tactical Combat Academy","description":"Tactical Combat Academy","publisher":{"@id":"https:\/\/eshop.tca.sk\/de\/#organization"},"potentialAction":[{"@type":"SearchAction","target":{"@type":"EntryPoint","urlTemplate":"https:\/\/eshop.tca.sk\/de\/?s={search_term_string}"},"query-input":{"@type":"PropertyValueSpecification","valueRequired":true,"valueName":"search_term_string"}}],"inLanguage":"de"},{"@type":"Organization","@id":"https:\/\/eshop.tca.sk\/de\/#organization","name":"TCA eShop - Tactical Combat Academy","url":"https:\/\/eshop.tca.sk\/de\/","logo":{"@type":"ImageObject","inLanguage":"de","@id":"https:\/\/eshop.tca.sk\/de\/#\/schema\/logo\/image\/","url":"https:\/\/eshop.tca.sk\/wp-content\/uploads\/2025\/06\/logo-new-header.png","contentUrl":"https:\/\/eshop.tca.sk\/wp-content\/uploads\/2025\/06\/logo-new-header.png","width":300,"height":294,"caption":"TCA eShop - Tactical Combat Academy"},"image":{"@id":"https:\/\/eshop.tca.sk\/de\/#\/schema\/logo\/image\/"}}]}},"_links":{"self":[{"href":"https:\/\/eshop.tca.sk\/de\/wp-json\/wp\/v2\/product\/14964","targetHints":{"allow":["GET"]}}],"collection":[{"href":"https:\/\/eshop.tca.sk\/de\/wp-json\/wp\/v2\/product"}],"about":[{"href":"https:\/\/eshop.tca.sk\/de\/wp-json\/wp\/v2\/types\/product"}],"wp:featuredmedia":[{"embeddable":true,"href":"https:\/\/eshop.tca.sk\/de\/wp-json\/wp\/v2\/media\/14758"}],"wp:attachment":[{"href":"https:\/\/eshop.tca.sk\/de\/wp-json\/wp\/v2\/media?parent=14964"}],"wp:term":[{"taxonomy":"product_brand","embeddable":true,"href":"https:\/\/eshop.tca.sk\/de\/wp-json\/wp\/v2\/product_brand?post=14964"},{"taxonomy":"product_cat","embeddable":true,"href":"https:\/\/eshop.tca.sk\/de\/wp-json\/wp\/v2\/product_cat?post=14964"},{"taxonomy":"product_tag","embeddable":true,"href":"https:\/\/eshop.tca.sk\/de\/wp-json\/wp\/v2\/product_tag?post=14964"},{"taxonomy":"giftcard-category","embeddable":true,"href":"https:\/\/eshop.tca.sk\/de\/wp-json\/wp\/v2\/giftcard-category?post=14964"}],"curies":[{"name":"wp","href":"https:\/\/api.w.org\/{rel}","templated":true}]}}