{"id":14982,"date":"2025-05-21T17:46:09","date_gmt":"2025-05-21T15:46:09","guid":{"rendered":"https:\/\/eshop.tca.sk\/unkategorisiert\/taktische-handschuhe-mog-target-light-duty-black\/"},"modified":"2026-01-08T11:04:32","modified_gmt":"2026-01-08T10:04:32","slug":"taktische-handschuhe-mog-target-light-duty-black","status":"publish","type":"product","link":"https:\/\/eshop.tca.sk\/de\/taktische-handschuhe1\/taktische-handschuhe-mog-target-light-duty-black\/","title":{"rendered":"Taktische Handschuhe MoG Target Light Duty BLACK"},"content":{"rendered":"<h2>Taktische Handschuhe MoG Target Light Duty BLACK<\/h2>\n<p><strong>Die taktischen Handschuhe MoG Target Light Duty BLACK<\/strong> sind leichte und au\u00dfergew\u00f6hnlich strapazierf\u00e4hige taktische Handschuhe, die eine erh\u00f6hte Fingerempfindlichkeit bieten. So k\u00f6nnen Sie Aufgaben mit der Pr\u00e4zision erledigen, als h\u00e4tten Sie gar keine Handschuhe. Diese Handschuhe sind die perfekte Kombination aus St\u00e4rke und Geschicklichkeit.<\/p>\n<p><strong>KEY FEATURES:<\/strong><br \/>\n&#8211; MoG Dex Wildleder Technologie<br \/>\n&#8211; Leichtes Aussehen und dauerhafte Leistung<br \/>\n&#8211; Einzigartige Beweglichkeit<br \/>\n&#8211; Extrem hohe Fingersensibilit\u00e4t<br \/>\n&#8211; Schmaler Schnitt<\/p>\n<p><strong>ANWENDUNGEN:<\/strong><br \/>\n&#8211; Umgang mit Waffen<br \/>\n&#8211; Vielseitige taktische Operationen<br \/>\n&#8211; Suche<br \/>\n&#8211; Patrouillieren<\/p>\n<p data-wp-editing=\"1\"><img loading=\"lazy\" decoding=\"async\" class=\"alignnone wp-image-14611 size-full\" src=\"https:\/\/eshop.tca.sk\/wp-content\/uploads\/2025\/04\/EN-e1743521166452.jpg\" alt=\"\" width=\"1800\" height=\"1444\"><\/p>\n<p data-wp-editing=\"1\"><iframe loading=\"lazy\" src=\"\/\/www.youtube.com\/embed\/uJKjSOVeXgo?si=LtE8sepay8w4aDoi\" width=\"1120\" height=\"628\" allowfullscreen=\"allowfullscreen\"><\/iframe><\/p>\n","protected":false},"excerpt":{"rendered":"<p><img loading=\"lazy\" decoding=\"async\" class=\"alignnone wp-image-14609 \" src=\"https:\/\/eshop.tca.sk\/wp-content\/uploads\/2025\/04\/MoG-logo-300x122.jpg\" alt=\"\" width=\"145\" height=\"59\" srcset=\"https:\/\/eshop.tca.sk\/wp-content\/uploads\/2025\/04\/MoG-logo-300x122.jpg 300w, https:\/\/eshop.tca.sk\/wp-content\/uploads\/2025\/04\/MoG-logo-768x313.jpg 768w, https:\/\/eshop.tca.sk\/wp-content\/uploads\/2025\/04\/MoG-logo-24x10.jpg 24w, https:\/\/eshop.tca.sk\/wp-content\/uploads\/2025\/04\/MoG-logo-36x15.jpg 36w, https:\/\/eshop.tca.sk\/wp-content\/uploads\/2025\/04\/MoG-logo-48x20.jpg 48w, https:\/\/eshop.tca.sk\/wp-content\/uploads\/2025\/04\/MoG-logo-600x245.jpg 600w, https:\/\/eshop.tca.sk\/wp-content\/uploads\/2025\/04\/MoG-logo.jpg 800w\" sizes=\"auto, (max-width: 145px) 100vw, 145px\" \/><\/p>\n<p><strong>Die taktischen Handschuhe MoG Target Light Duty BLACK<\/strong> sind leichte und au\u00dfergew\u00f6hnlich strapazierf\u00e4hige taktische Handschuhe, die eine erh\u00f6hte Fingerempfindlichkeit bieten.<\/p>\n<p><img loading=\"lazy\" decoding=\"async\" class=\"wp-image-8564 alignnone\" src=\"https:\/\/eshop.tca.sk\/wp-content\/uploads\/2023\/04\/Logo-Whack-Black-White-R-APPROVED.png\" alt=\"\" width=\"138\" height=\"75\" srcset=\"https:\/\/eshop.tca.sk\/wp-content\/uploads\/2023\/04\/Logo-Whack-Black-White-R-APPROVED.png 571w, https:\/\/eshop.tca.sk\/wp-content\/uploads\/2023\/04\/Logo-Whack-Black-White-R-APPROVED-300x163.png 300w\" sizes=\"auto, (max-width: 138px) 100vw, 138px\" \/><\/p>\n<p>Vom TCA und dem WHACK-System verwendete und empfohlene Equipment.<\/p>\n<p>&nbsp;<\/p>\n","protected":false},"featured_media":14597,"template":"","meta":{"inline_featured_image":false},"product_brand":[],"product_cat":[323,749],"product_tag":[750],"giftcard-category":[],"class_list":{"0":"post-14982","1":"product","2":"type-product","3":"status-publish","4":"has-post-thumbnail","6":"product_cat-ausruestung","7":"product_cat-taktische-handschuhe1","8":"product_tag-mog-de","10":"first","11":"instock","12":"taxable","13":"shipping-taxable","14":"purchasable","15":"product-type-variable"},"yoast_head":"<!-- This site is optimized with the Yoast SEO plugin v26.4 - https:\/\/yoast.com\/wordpress\/plugins\/seo\/ -->\n<title>Taktische Handschuhe MoG Target Light Duty BLACK - TCA eShop - Tactical Combat Academy<\/title>\n<meta name=\"description\" content=\"Die MoG Target Light Duty BLACK Tactical Gloves sind leichte und au\u00dfergew\u00f6hnlich robuste taktische Handschuhe, die eine erh\u00f6hte Fingersensibilit\u00e4t bieten.\" \/>\n<meta name=\"robots\" content=\"index, follow, max-snippet:-1, max-image-preview:large, max-video-preview:-1\" \/>\n<link rel=\"canonical\" href=\"https:\/\/eshop.tca.sk\/de\/taktische-handschuhe1\/taktische-handschuhe-mog-target-light-duty-black\/\" \/>\n<meta property=\"og:locale\" content=\"de_DE\" \/>\n<meta property=\"og:type\" content=\"article\" \/>\n<meta property=\"og:title\" content=\"Taktische Handschuhe MoG Target Light Duty BLACK - TCA eShop - Tactical Combat Academy\" \/>\n<meta property=\"og:description\" content=\"Die MoG Target Light Duty BLACK Tactical Gloves sind leichte und au\u00dfergew\u00f6hnlich robuste taktische Handschuhe, die eine erh\u00f6hte Fingersensibilit\u00e4t bieten.\" \/>\n<meta property=\"og:url\" content=\"https:\/\/eshop.tca.sk\/de\/taktische-handschuhe1\/taktische-handschuhe-mog-target-light-duty-black\/\" \/>\n<meta property=\"og:site_name\" content=\"TCA eShop - Tactical Combat Academy\" \/>\n<meta property=\"article:modified_time\" content=\"2026-01-08T10:04:32+00:00\" \/>\n<meta property=\"og:image\" content=\"https:\/\/eshop.tca.sk\/wp-content\/uploads\/2025\/04\/MoG-Light-Duty-BLK-1.jpg\" \/>\n\t<meta property=\"og:image:width\" content=\"1000\" \/>\n\t<meta property=\"og:image:height\" content=\"1000\" \/>\n\t<meta property=\"og:image:type\" content=\"image\/jpeg\" \/>\n<meta name=\"twitter:card\" content=\"summary_large_image\" \/>\n<script type=\"application\/ld+json\" class=\"yoast-schema-graph\">{\"@context\":\"https:\/\/schema.org\",\"@graph\":[{\"@type\":\"WebPage\",\"@id\":\"https:\/\/eshop.tca.sk\/de\/taktische-handschuhe1\/taktische-handschuhe-mog-target-light-duty-black\/\",\"url\":\"https:\/\/eshop.tca.sk\/de\/taktische-handschuhe1\/taktische-handschuhe-mog-target-light-duty-black\/\",\"name\":\"Taktische Handschuhe MoG Target Light Duty BLACK - TCA eShop - Tactical Combat Academy\",\"isPartOf\":{\"@id\":\"https:\/\/eshop.tca.sk\/de\/#website\"},\"primaryImageOfPage\":{\"@id\":\"https:\/\/eshop.tca.sk\/de\/taktische-handschuhe1\/taktische-handschuhe-mog-target-light-duty-black\/#primaryimage\"},\"image\":{\"@id\":\"https:\/\/eshop.tca.sk\/de\/taktische-handschuhe1\/taktische-handschuhe-mog-target-light-duty-black\/#primaryimage\"},\"thumbnailUrl\":\"https:\/\/eshop.tca.sk\/wp-content\/uploads\/2025\/04\/MoG-Light-Duty-BLK-1.jpg\",\"datePublished\":\"2025-05-21T15:46:09+00:00\",\"dateModified\":\"2026-01-08T10:04:32+00:00\",\"description\":\"Die MoG Target Light Duty BLACK Tactical Gloves sind leichte und au\u00dfergew\u00f6hnlich robuste taktische Handschuhe, die eine erh\u00f6hte Fingersensibilit\u00e4t bieten.\",\"breadcrumb\":{\"@id\":\"https:\/\/eshop.tca.sk\/de\/taktische-handschuhe1\/taktische-handschuhe-mog-target-light-duty-black\/#breadcrumb\"},\"inLanguage\":\"de\",\"potentialAction\":[{\"@type\":\"ReadAction\",\"target\":[\"https:\/\/eshop.tca.sk\/de\/taktische-handschuhe1\/taktische-handschuhe-mog-target-light-duty-black\/\"]}]},{\"@type\":\"ImageObject\",\"inLanguage\":\"de\",\"@id\":\"https:\/\/eshop.tca.sk\/de\/taktische-handschuhe1\/taktische-handschuhe-mog-target-light-duty-black\/#primaryimage\",\"url\":\"https:\/\/eshop.tca.sk\/wp-content\/uploads\/2025\/04\/MoG-Light-Duty-BLK-1.jpg\",\"contentUrl\":\"https:\/\/eshop.tca.sk\/wp-content\/uploads\/2025\/04\/MoG-Light-Duty-BLK-1.jpg\",\"width\":1000,\"height\":1000,\"caption\":\"Taktick\u00e9 Rukavice MoG Target Light Duty BLACK\"},{\"@type\":\"BreadcrumbList\",\"@id\":\"https:\/\/eshop.tca.sk\/de\/taktische-handschuhe1\/taktische-handschuhe-mog-target-light-duty-black\/#breadcrumb\",\"itemListElement\":[{\"@type\":\"ListItem\",\"position\":1,\"name\":\"Domovsk\u00e1 str\u00e1nka\",\"item\":\"https:\/\/eshop.tca.sk\/de\/\"},{\"@type\":\"ListItem\",\"position\":2,\"name\":\"Shop\",\"item\":\"https:\/\/eshop.tca.sk\/de\/shop\/\"},{\"@type\":\"ListItem\",\"position\":3,\"name\":\"Taktische Handschuhe MoG Target Light Duty BLACK\"}]},{\"@type\":\"WebSite\",\"@id\":\"https:\/\/eshop.tca.sk\/de\/#website\",\"url\":\"https:\/\/eshop.tca.sk\/de\/\",\"name\":\"TCA eShop - Tactical Combat Academy\",\"description\":\"Tactical Combat Academy\",\"publisher\":{\"@id\":\"https:\/\/eshop.tca.sk\/de\/#organization\"},\"potentialAction\":[{\"@type\":\"SearchAction\",\"target\":{\"@type\":\"EntryPoint\",\"urlTemplate\":\"https:\/\/eshop.tca.sk\/de\/?s={search_term_string}\"},\"query-input\":{\"@type\":\"PropertyValueSpecification\",\"valueRequired\":true,\"valueName\":\"search_term_string\"}}],\"inLanguage\":\"de\"},{\"@type\":\"Organization\",\"@id\":\"https:\/\/eshop.tca.sk\/de\/#organization\",\"name\":\"TCA eShop - Tactical Combat Academy\",\"url\":\"https:\/\/eshop.tca.sk\/de\/\",\"logo\":{\"@type\":\"ImageObject\",\"inLanguage\":\"de\",\"@id\":\"https:\/\/eshop.tca.sk\/de\/#\/schema\/logo\/image\/\",\"url\":\"https:\/\/eshop.tca.sk\/wp-content\/uploads\/2025\/06\/logo-new-header.png\",\"contentUrl\":\"https:\/\/eshop.tca.sk\/wp-content\/uploads\/2025\/06\/logo-new-header.png\",\"width\":300,\"height\":294,\"caption\":\"TCA eShop - Tactical Combat Academy\"},\"image\":{\"@id\":\"https:\/\/eshop.tca.sk\/de\/#\/schema\/logo\/image\/\"}}]}<\/script>\n<!-- \/ Yoast SEO plugin. -->","yoast_head_json":{"title":"Taktische Handschuhe MoG Target Light Duty BLACK - TCA eShop - Tactical Combat Academy","description":"Die MoG Target Light Duty BLACK Tactical Gloves sind leichte und au\u00dfergew\u00f6hnlich robuste taktische Handschuhe, die eine erh\u00f6hte Fingersensibilit\u00e4t bieten.","robots":{"index":"index","follow":"follow","max-snippet":"max-snippet:-1","max-image-preview":"max-image-preview:large","max-video-preview":"max-video-preview:-1"},"canonical":"https:\/\/eshop.tca.sk\/de\/taktische-handschuhe1\/taktische-handschuhe-mog-target-light-duty-black\/","og_locale":"de_DE","og_type":"article","og_title":"Taktische Handschuhe MoG Target Light Duty BLACK - TCA eShop - Tactical Combat Academy","og_description":"Die MoG Target Light Duty BLACK Tactical Gloves sind leichte und au\u00dfergew\u00f6hnlich robuste taktische Handschuhe, die eine erh\u00f6hte Fingersensibilit\u00e4t bieten.","og_url":"https:\/\/eshop.tca.sk\/de\/taktische-handschuhe1\/taktische-handschuhe-mog-target-light-duty-black\/","og_site_name":"TCA eShop - Tactical Combat Academy","article_modified_time":"2026-01-08T10:04:32+00:00","og_image":[{"width":1000,"height":1000,"url":"https:\/\/eshop.tca.sk\/wp-content\/uploads\/2025\/04\/MoG-Light-Duty-BLK-1.jpg","type":"image\/jpeg"}],"twitter_card":"summary_large_image","schema":{"@context":"https:\/\/schema.org","@graph":[{"@type":"WebPage","@id":"https:\/\/eshop.tca.sk\/de\/taktische-handschuhe1\/taktische-handschuhe-mog-target-light-duty-black\/","url":"https:\/\/eshop.tca.sk\/de\/taktische-handschuhe1\/taktische-handschuhe-mog-target-light-duty-black\/","name":"Taktische Handschuhe MoG Target Light Duty BLACK - TCA eShop - Tactical Combat Academy","isPartOf":{"@id":"https:\/\/eshop.tca.sk\/de\/#website"},"primaryImageOfPage":{"@id":"https:\/\/eshop.tca.sk\/de\/taktische-handschuhe1\/taktische-handschuhe-mog-target-light-duty-black\/#primaryimage"},"image":{"@id":"https:\/\/eshop.tca.sk\/de\/taktische-handschuhe1\/taktische-handschuhe-mog-target-light-duty-black\/#primaryimage"},"thumbnailUrl":"https:\/\/eshop.tca.sk\/wp-content\/uploads\/2025\/04\/MoG-Light-Duty-BLK-1.jpg","datePublished":"2025-05-21T15:46:09+00:00","dateModified":"2026-01-08T10:04:32+00:00","description":"Die MoG Target Light Duty BLACK Tactical Gloves sind leichte und au\u00dfergew\u00f6hnlich robuste taktische Handschuhe, die eine erh\u00f6hte Fingersensibilit\u00e4t bieten.","breadcrumb":{"@id":"https:\/\/eshop.tca.sk\/de\/taktische-handschuhe1\/taktische-handschuhe-mog-target-light-duty-black\/#breadcrumb"},"inLanguage":"de","potentialAction":[{"@type":"ReadAction","target":["https:\/\/eshop.tca.sk\/de\/taktische-handschuhe1\/taktische-handschuhe-mog-target-light-duty-black\/"]}]},{"@type":"ImageObject","inLanguage":"de","@id":"https:\/\/eshop.tca.sk\/de\/taktische-handschuhe1\/taktische-handschuhe-mog-target-light-duty-black\/#primaryimage","url":"https:\/\/eshop.tca.sk\/wp-content\/uploads\/2025\/04\/MoG-Light-Duty-BLK-1.jpg","contentUrl":"https:\/\/eshop.tca.sk\/wp-content\/uploads\/2025\/04\/MoG-Light-Duty-BLK-1.jpg","width":1000,"height":1000,"caption":"Taktick\u00e9 Rukavice MoG Target Light Duty BLACK"},{"@type":"BreadcrumbList","@id":"https:\/\/eshop.tca.sk\/de\/taktische-handschuhe1\/taktische-handschuhe-mog-target-light-duty-black\/#breadcrumb","itemListElement":[{"@type":"ListItem","position":1,"name":"Domovsk\u00e1 str\u00e1nka","item":"https:\/\/eshop.tca.sk\/de\/"},{"@type":"ListItem","position":2,"name":"Shop","item":"https:\/\/eshop.tca.sk\/de\/shop\/"},{"@type":"ListItem","position":3,"name":"Taktische Handschuhe MoG Target Light Duty BLACK"}]},{"@type":"WebSite","@id":"https:\/\/eshop.tca.sk\/de\/#website","url":"https:\/\/eshop.tca.sk\/de\/","name":"TCA eShop - Tactical Combat Academy","description":"Tactical Combat Academy","publisher":{"@id":"https:\/\/eshop.tca.sk\/de\/#organization"},"potentialAction":[{"@type":"SearchAction","target":{"@type":"EntryPoint","urlTemplate":"https:\/\/eshop.tca.sk\/de\/?s={search_term_string}"},"query-input":{"@type":"PropertyValueSpecification","valueRequired":true,"valueName":"search_term_string"}}],"inLanguage":"de"},{"@type":"Organization","@id":"https:\/\/eshop.tca.sk\/de\/#organization","name":"TCA eShop - Tactical Combat Academy","url":"https:\/\/eshop.tca.sk\/de\/","logo":{"@type":"ImageObject","inLanguage":"de","@id":"https:\/\/eshop.tca.sk\/de\/#\/schema\/logo\/image\/","url":"https:\/\/eshop.tca.sk\/wp-content\/uploads\/2025\/06\/logo-new-header.png","contentUrl":"https:\/\/eshop.tca.sk\/wp-content\/uploads\/2025\/06\/logo-new-header.png","width":300,"height":294,"caption":"TCA eShop - Tactical Combat Academy"},"image":{"@id":"https:\/\/eshop.tca.sk\/de\/#\/schema\/logo\/image\/"}}]}},"_links":{"self":[{"href":"https:\/\/eshop.tca.sk\/de\/wp-json\/wp\/v2\/product\/14982","targetHints":{"allow":["GET"]}}],"collection":[{"href":"https:\/\/eshop.tca.sk\/de\/wp-json\/wp\/v2\/product"}],"about":[{"href":"https:\/\/eshop.tca.sk\/de\/wp-json\/wp\/v2\/types\/product"}],"wp:featuredmedia":[{"embeddable":true,"href":"https:\/\/eshop.tca.sk\/de\/wp-json\/wp\/v2\/media\/14597"}],"wp:attachment":[{"href":"https:\/\/eshop.tca.sk\/de\/wp-json\/wp\/v2\/media?parent=14982"}],"wp:term":[{"taxonomy":"product_brand","embeddable":true,"href":"https:\/\/eshop.tca.sk\/de\/wp-json\/wp\/v2\/product_brand?post=14982"},{"taxonomy":"product_cat","embeddable":true,"href":"https:\/\/eshop.tca.sk\/de\/wp-json\/wp\/v2\/product_cat?post=14982"},{"taxonomy":"product_tag","embeddable":true,"href":"https:\/\/eshop.tca.sk\/de\/wp-json\/wp\/v2\/product_tag?post=14982"},{"taxonomy":"giftcard-category","embeddable":true,"href":"https:\/\/eshop.tca.sk\/de\/wp-json\/wp\/v2\/giftcard-category?post=14982"}],"curies":[{"name":"wp","href":"https:\/\/api.w.org\/{rel}","templated":true}]}}