{"id":15069,"date":"2025-06-19T12:12:25","date_gmt":"2025-06-19T10:12:25","guid":{"rendered":"https:\/\/eshop.tca.sk\/?post_type=product&#038;p=15069"},"modified":"2025-07-28T16:22:38","modified_gmt":"2025-07-28T14:22:38","slug":"waffenlampe-unity-tactical-spark-marker-light","status":"publish","type":"product","link":"https:\/\/eshop.tca.sk\/de\/lampen\/waffenlampe-unity-tactical-spark-marker-light\/","title":{"rendered":"Waffenlampe Unity Tactical SPARK\u2122 MARKER LIGHT"},"content":{"rendered":"<h2>Waffenlampe Unity Tactical SPARK\u2122 MARKER LIGHT<\/h2>\n<div dir=\"ltr\" data-placeholder=\"Preklad\">\n<p><strong>Das Unity Tactical SPARK\u2122 MARKER LIGHT<\/strong> ist ein kleines Einweg-Signallicht, das f\u00fcr die schnelle Sichtbarkeit von Personen oder Objekten entwickelt wurde.<\/p>\n<p>Das vollst\u00e4ndig geschlossene SPARK\u2122-Ger\u00e4t ist wasserdicht und f\u00fcr den Einsatz in rauen Umgebungen geeignet. L\u00e4sst sich mit Klettverschluss an verschiedenen Oberfl\u00e4chen befestigen. In Kombination mit dem SPARK\u2122 CAGE Halter kann er durch Gurte gef\u00e4delt oder mit Magneten an Metallfl\u00e4chen befestigt werden.<\/p>\n<p>Wenn Sie auf die Mitte der Silikonmanschette dr\u00fccken, schaltet die SPARK\u2122 zwischen den Lichtmodi um. Das Dauerlicht ist ideal f\u00fcr das Training bei schlechten Lichtverh\u00e4ltnissen, w\u00e4hrend der Blinkmodus als Notblitz dient.<\/p>\n<\/div>\n","protected":false},"excerpt":{"rendered":"<p><img loading=\"lazy\" decoding=\"async\" class=\"alignnone wp-image-10370\" src=\"https:\/\/eshop.tca.sk\/wp-content\/uploads\/2023\/11\/unity-logo-2.png\" alt=\"\" width=\"82\" height=\"40\" srcset=\"https:\/\/eshop.tca.sk\/wp-content\/uploads\/2023\/11\/unity-logo-2.png 824w, https:\/\/eshop.tca.sk\/wp-content\/uploads\/2023\/11\/unity-logo-2-300x146.png 300w, https:\/\/eshop.tca.sk\/wp-content\/uploads\/2023\/11\/unity-logo-2-768x373.png 768w, https:\/\/eshop.tca.sk\/wp-content\/uploads\/2023\/11\/unity-logo-2-24x12.png 24w, https:\/\/eshop.tca.sk\/wp-content\/uploads\/2023\/11\/unity-logo-2-36x17.png 36w, https:\/\/eshop.tca.sk\/wp-content\/uploads\/2023\/11\/unity-logo-2-48x23.png 48w, https:\/\/eshop.tca.sk\/wp-content\/uploads\/2023\/11\/unity-logo-2-600x291.png 600w\" sizes=\"auto, (max-width: 82px) 100vw, 82px\" \/><\/p>\n<p><strong>Das Unity Tactical SPARK\u2122 MARKER LIGHT<\/strong> ist ein kleines Einweg-Signallicht, das f\u00fcr die schnelle Sichtbarkeit von Personen oder Objekten entwickelt wurde.<\/p>\n<p><img loading=\"lazy\" decoding=\"async\" class=\"wp-image-8564 alignnone\" src=\"https:\/\/eshop.tca.sk\/wp-content\/uploads\/2023\/04\/Logo-Whack-Black-White-R-APPROVED.png\" alt=\"\" width=\"138\" height=\"75\" srcset=\"https:\/\/eshop.tca.sk\/wp-content\/uploads\/2023\/04\/Logo-Whack-Black-White-R-APPROVED.png 571w, https:\/\/eshop.tca.sk\/wp-content\/uploads\/2023\/04\/Logo-Whack-Black-White-R-APPROVED-300x163.png 300w\" sizes=\"auto, (max-width: 138px) 100vw, 138px\" \/><\/p>\n<p>Vom <a href=\"https:\/\/www.tca.sk\/\"><strong>TCA<\/strong><\/a> und dem <strong><a href=\"https:\/\/www.tca.sk\/profil\/ako-zacat-s-kurzami\">WHACK-System<\/a><\/strong> verwendete und empfohlene Equipment.<\/p>\n","protected":false},"featured_media":15083,"template":"","meta":{"inline_featured_image":false},"product_brand":[],"product_cat":[293,468],"product_tag":[542],"giftcard-category":[],"class_list":{"0":"post-15069","1":"product","2":"type-product","3":"status-publish","4":"has-post-thumbnail","6":"product_cat-lampen","7":"product_cat-medic-de","8":"product_tag-unity-tactical-de","10":"first","11":"instock","12":"taxable","13":"shipping-taxable","14":"purchasable","15":"product-type-variable"},"yoast_head":"<!-- This site is optimized with the Yoast SEO plugin v26.4 - https:\/\/yoast.com\/wordpress\/plugins\/seo\/ -->\n<title>Waffenlampe Unity Tactical SPARK\u2122 MARKER LIGHT - TCA eShop - Tactical Combat Academy<\/title>\n<meta name=\"description\" content=\"Das Unity Tactical SPARK\u2122 MARKER LIGHT ist ein kleines Einweg-Signallicht, das f\u00fcr die schnelle Sichtbarkeit von Personen oder Objekten entwickelt wurde.\" \/>\n<meta name=\"robots\" content=\"index, follow, max-snippet:-1, max-image-preview:large, max-video-preview:-1\" \/>\n<link rel=\"canonical\" href=\"https:\/\/eshop.tca.sk\/de\/lampen\/waffenlampe-unity-tactical-spark-marker-light\/\" \/>\n<meta property=\"og:locale\" content=\"de_DE\" \/>\n<meta property=\"og:type\" content=\"article\" \/>\n<meta property=\"og:title\" content=\"Waffenlampe Unity Tactical SPARK\u2122 MARKER LIGHT - TCA eShop - Tactical Combat Academy\" \/>\n<meta property=\"og:description\" content=\"Das Unity Tactical SPARK\u2122 MARKER LIGHT ist ein kleines Einweg-Signallicht, das f\u00fcr die schnelle Sichtbarkeit von Personen oder Objekten entwickelt wurde.\" \/>\n<meta property=\"og:url\" content=\"https:\/\/eshop.tca.sk\/de\/lampen\/waffenlampe-unity-tactical-spark-marker-light\/\" \/>\n<meta property=\"og:site_name\" content=\"TCA eShop - Tactical Combat Academy\" \/>\n<meta property=\"article:modified_time\" content=\"2025-07-28T14:22:38+00:00\" \/>\n<meta property=\"og:image\" content=\"https:\/\/eshop.tca.sk\/wp-content\/uploads\/2025\/06\/Spark.jpg\" \/>\n\t<meta property=\"og:image:width\" content=\"1000\" \/>\n\t<meta property=\"og:image:height\" content=\"1000\" \/>\n\t<meta property=\"og:image:type\" content=\"image\/jpeg\" \/>\n<meta name=\"twitter:card\" content=\"summary_large_image\" \/>\n<script type=\"application\/ld+json\" class=\"yoast-schema-graph\">{\"@context\":\"https:\/\/schema.org\",\"@graph\":[{\"@type\":\"WebPage\",\"@id\":\"https:\/\/eshop.tca.sk\/de\/lampen\/waffenlampe-unity-tactical-spark-marker-light\/\",\"url\":\"https:\/\/eshop.tca.sk\/de\/lampen\/waffenlampe-unity-tactical-spark-marker-light\/\",\"name\":\"Waffenlampe Unity Tactical SPARK\u2122 MARKER LIGHT - TCA eShop - Tactical Combat Academy\",\"isPartOf\":{\"@id\":\"https:\/\/eshop.tca.sk\/de\/#website\"},\"primaryImageOfPage\":{\"@id\":\"https:\/\/eshop.tca.sk\/de\/lampen\/waffenlampe-unity-tactical-spark-marker-light\/#primaryimage\"},\"image\":{\"@id\":\"https:\/\/eshop.tca.sk\/de\/lampen\/waffenlampe-unity-tactical-spark-marker-light\/#primaryimage\"},\"thumbnailUrl\":\"https:\/\/eshop.tca.sk\/wp-content\/uploads\/2025\/06\/Spark.jpg\",\"datePublished\":\"2025-06-19T10:12:25+00:00\",\"dateModified\":\"2025-07-28T14:22:38+00:00\",\"description\":\"Das Unity Tactical SPARK\u2122 MARKER LIGHT ist ein kleines Einweg-Signallicht, das f\u00fcr die schnelle Sichtbarkeit von Personen oder Objekten entwickelt wurde.\",\"breadcrumb\":{\"@id\":\"https:\/\/eshop.tca.sk\/de\/lampen\/waffenlampe-unity-tactical-spark-marker-light\/#breadcrumb\"},\"inLanguage\":\"de\",\"potentialAction\":[{\"@type\":\"ReadAction\",\"target\":[\"https:\/\/eshop.tca.sk\/de\/lampen\/waffenlampe-unity-tactical-spark-marker-light\/\"]}]},{\"@type\":\"ImageObject\",\"inLanguage\":\"de\",\"@id\":\"https:\/\/eshop.tca.sk\/de\/lampen\/waffenlampe-unity-tactical-spark-marker-light\/#primaryimage\",\"url\":\"https:\/\/eshop.tca.sk\/wp-content\/uploads\/2025\/06\/Spark.jpg\",\"contentUrl\":\"https:\/\/eshop.tca.sk\/wp-content\/uploads\/2025\/06\/Spark.jpg\",\"width\":1000,\"height\":1000,\"caption\":\"Svietidlo Unity Tactical SPARK\u2122 MARKER LIGHT\"},{\"@type\":\"BreadcrumbList\",\"@id\":\"https:\/\/eshop.tca.sk\/de\/lampen\/waffenlampe-unity-tactical-spark-marker-light\/#breadcrumb\",\"itemListElement\":[{\"@type\":\"ListItem\",\"position\":1,\"name\":\"Domovsk\u00e1 str\u00e1nka\",\"item\":\"https:\/\/eshop.tca.sk\/de\/\"},{\"@type\":\"ListItem\",\"position\":2,\"name\":\"Shop\",\"item\":\"https:\/\/eshop.tca.sk\/de\/shop\/\"},{\"@type\":\"ListItem\",\"position\":3,\"name\":\"Waffenlampe Unity Tactical SPARK\u2122 MARKER LIGHT\"}]},{\"@type\":\"WebSite\",\"@id\":\"https:\/\/eshop.tca.sk\/de\/#website\",\"url\":\"https:\/\/eshop.tca.sk\/de\/\",\"name\":\"TCA eShop - Tactical Combat Academy\",\"description\":\"Tactical Combat Academy\",\"publisher\":{\"@id\":\"https:\/\/eshop.tca.sk\/de\/#organization\"},\"potentialAction\":[{\"@type\":\"SearchAction\",\"target\":{\"@type\":\"EntryPoint\",\"urlTemplate\":\"https:\/\/eshop.tca.sk\/de\/?s={search_term_string}\"},\"query-input\":{\"@type\":\"PropertyValueSpecification\",\"valueRequired\":true,\"valueName\":\"search_term_string\"}}],\"inLanguage\":\"de\"},{\"@type\":\"Organization\",\"@id\":\"https:\/\/eshop.tca.sk\/de\/#organization\",\"name\":\"TCA eShop - Tactical Combat Academy\",\"url\":\"https:\/\/eshop.tca.sk\/de\/\",\"logo\":{\"@type\":\"ImageObject\",\"inLanguage\":\"de\",\"@id\":\"https:\/\/eshop.tca.sk\/de\/#\/schema\/logo\/image\/\",\"url\":\"https:\/\/eshop.tca.sk\/wp-content\/uploads\/2025\/06\/logo-new-header.png\",\"contentUrl\":\"https:\/\/eshop.tca.sk\/wp-content\/uploads\/2025\/06\/logo-new-header.png\",\"width\":300,\"height\":294,\"caption\":\"TCA eShop - Tactical Combat Academy\"},\"image\":{\"@id\":\"https:\/\/eshop.tca.sk\/de\/#\/schema\/logo\/image\/\"}}]}<\/script>\n<!-- \/ Yoast SEO plugin. -->","yoast_head_json":{"title":"Waffenlampe Unity Tactical SPARK\u2122 MARKER LIGHT - TCA eShop - Tactical Combat Academy","description":"Das Unity Tactical SPARK\u2122 MARKER LIGHT ist ein kleines Einweg-Signallicht, das f\u00fcr die schnelle Sichtbarkeit von Personen oder Objekten entwickelt wurde.","robots":{"index":"index","follow":"follow","max-snippet":"max-snippet:-1","max-image-preview":"max-image-preview:large","max-video-preview":"max-video-preview:-1"},"canonical":"https:\/\/eshop.tca.sk\/de\/lampen\/waffenlampe-unity-tactical-spark-marker-light\/","og_locale":"de_DE","og_type":"article","og_title":"Waffenlampe Unity Tactical SPARK\u2122 MARKER LIGHT - TCA eShop - Tactical Combat Academy","og_description":"Das Unity Tactical SPARK\u2122 MARKER LIGHT ist ein kleines Einweg-Signallicht, das f\u00fcr die schnelle Sichtbarkeit von Personen oder Objekten entwickelt wurde.","og_url":"https:\/\/eshop.tca.sk\/de\/lampen\/waffenlampe-unity-tactical-spark-marker-light\/","og_site_name":"TCA eShop - Tactical Combat Academy","article_modified_time":"2025-07-28T14:22:38+00:00","og_image":[{"width":1000,"height":1000,"url":"https:\/\/eshop.tca.sk\/wp-content\/uploads\/2025\/06\/Spark.jpg","type":"image\/jpeg"}],"twitter_card":"summary_large_image","schema":{"@context":"https:\/\/schema.org","@graph":[{"@type":"WebPage","@id":"https:\/\/eshop.tca.sk\/de\/lampen\/waffenlampe-unity-tactical-spark-marker-light\/","url":"https:\/\/eshop.tca.sk\/de\/lampen\/waffenlampe-unity-tactical-spark-marker-light\/","name":"Waffenlampe Unity Tactical SPARK\u2122 MARKER LIGHT - TCA eShop - Tactical Combat Academy","isPartOf":{"@id":"https:\/\/eshop.tca.sk\/de\/#website"},"primaryImageOfPage":{"@id":"https:\/\/eshop.tca.sk\/de\/lampen\/waffenlampe-unity-tactical-spark-marker-light\/#primaryimage"},"image":{"@id":"https:\/\/eshop.tca.sk\/de\/lampen\/waffenlampe-unity-tactical-spark-marker-light\/#primaryimage"},"thumbnailUrl":"https:\/\/eshop.tca.sk\/wp-content\/uploads\/2025\/06\/Spark.jpg","datePublished":"2025-06-19T10:12:25+00:00","dateModified":"2025-07-28T14:22:38+00:00","description":"Das Unity Tactical SPARK\u2122 MARKER LIGHT ist ein kleines Einweg-Signallicht, das f\u00fcr die schnelle Sichtbarkeit von Personen oder Objekten entwickelt wurde.","breadcrumb":{"@id":"https:\/\/eshop.tca.sk\/de\/lampen\/waffenlampe-unity-tactical-spark-marker-light\/#breadcrumb"},"inLanguage":"de","potentialAction":[{"@type":"ReadAction","target":["https:\/\/eshop.tca.sk\/de\/lampen\/waffenlampe-unity-tactical-spark-marker-light\/"]}]},{"@type":"ImageObject","inLanguage":"de","@id":"https:\/\/eshop.tca.sk\/de\/lampen\/waffenlampe-unity-tactical-spark-marker-light\/#primaryimage","url":"https:\/\/eshop.tca.sk\/wp-content\/uploads\/2025\/06\/Spark.jpg","contentUrl":"https:\/\/eshop.tca.sk\/wp-content\/uploads\/2025\/06\/Spark.jpg","width":1000,"height":1000,"caption":"Svietidlo Unity Tactical SPARK\u2122 MARKER LIGHT"},{"@type":"BreadcrumbList","@id":"https:\/\/eshop.tca.sk\/de\/lampen\/waffenlampe-unity-tactical-spark-marker-light\/#breadcrumb","itemListElement":[{"@type":"ListItem","position":1,"name":"Domovsk\u00e1 str\u00e1nka","item":"https:\/\/eshop.tca.sk\/de\/"},{"@type":"ListItem","position":2,"name":"Shop","item":"https:\/\/eshop.tca.sk\/de\/shop\/"},{"@type":"ListItem","position":3,"name":"Waffenlampe Unity Tactical SPARK\u2122 MARKER LIGHT"}]},{"@type":"WebSite","@id":"https:\/\/eshop.tca.sk\/de\/#website","url":"https:\/\/eshop.tca.sk\/de\/","name":"TCA eShop - Tactical Combat Academy","description":"Tactical Combat Academy","publisher":{"@id":"https:\/\/eshop.tca.sk\/de\/#organization"},"potentialAction":[{"@type":"SearchAction","target":{"@type":"EntryPoint","urlTemplate":"https:\/\/eshop.tca.sk\/de\/?s={search_term_string}"},"query-input":{"@type":"PropertyValueSpecification","valueRequired":true,"valueName":"search_term_string"}}],"inLanguage":"de"},{"@type":"Organization","@id":"https:\/\/eshop.tca.sk\/de\/#organization","name":"TCA eShop - Tactical Combat Academy","url":"https:\/\/eshop.tca.sk\/de\/","logo":{"@type":"ImageObject","inLanguage":"de","@id":"https:\/\/eshop.tca.sk\/de\/#\/schema\/logo\/image\/","url":"https:\/\/eshop.tca.sk\/wp-content\/uploads\/2025\/06\/logo-new-header.png","contentUrl":"https:\/\/eshop.tca.sk\/wp-content\/uploads\/2025\/06\/logo-new-header.png","width":300,"height":294,"caption":"TCA eShop - Tactical Combat Academy"},"image":{"@id":"https:\/\/eshop.tca.sk\/de\/#\/schema\/logo\/image\/"}}]}},"_links":{"self":[{"href":"https:\/\/eshop.tca.sk\/de\/wp-json\/wp\/v2\/product\/15069","targetHints":{"allow":["GET"]}}],"collection":[{"href":"https:\/\/eshop.tca.sk\/de\/wp-json\/wp\/v2\/product"}],"about":[{"href":"https:\/\/eshop.tca.sk\/de\/wp-json\/wp\/v2\/types\/product"}],"wp:featuredmedia":[{"embeddable":true,"href":"https:\/\/eshop.tca.sk\/de\/wp-json\/wp\/v2\/media\/15083"}],"wp:attachment":[{"href":"https:\/\/eshop.tca.sk\/de\/wp-json\/wp\/v2\/media?parent=15069"}],"wp:term":[{"taxonomy":"product_brand","embeddable":true,"href":"https:\/\/eshop.tca.sk\/de\/wp-json\/wp\/v2\/product_brand?post=15069"},{"taxonomy":"product_cat","embeddable":true,"href":"https:\/\/eshop.tca.sk\/de\/wp-json\/wp\/v2\/product_cat?post=15069"},{"taxonomy":"product_tag","embeddable":true,"href":"https:\/\/eshop.tca.sk\/de\/wp-json\/wp\/v2\/product_tag?post=15069"},{"taxonomy":"giftcard-category","embeddable":true,"href":"https:\/\/eshop.tca.sk\/de\/wp-json\/wp\/v2\/giftcard-category?post=15069"}],"curies":[{"name":"wp","href":"https:\/\/api.w.org\/{rel}","templated":true}]}}