{"id":15099,"date":"2025-06-19T13:38:04","date_gmt":"2025-06-19T11:38:04","guid":{"rendered":"https:\/\/eshop.tca.sk\/?post_type=product&#038;p=15099"},"modified":"2025-11-03T11:26:04","modified_gmt":"2025-11-03T10:26:04","slug":"druckschalter-unity-tactical-axon-sync-surefire-crane-laser","status":"publish","type":"product","link":"https:\/\/eshop.tca.sk\/de\/druckschalter\/druckschalter-unity-tactical-axon-sync-surefire-crane-laser\/","title":{"rendered":"Unity Tactical AXON\u2122 SYNC SUREFIRE\/CRANE LASER Druckschalter"},"content":{"rendered":"<h2>Unity Tactical AXON\u2122 SYNC SUREFIRE\/CRANE LASER Druckschalter<\/h2>\n<p><strong>Der Unity Tactical AXON\u2122 SYNC SUREFIRE\/CRANE LASER Druckschalter <\/strong>stellt die Spitze des Remote-Schalterdesigns f\u00fcr Waffenlichter und Laser dar und bietet die vollst\u00e4ndige Kontrolle \u00fcber beide Ger\u00e4te in einem kompakten und robusten Geh\u00e4use.<\/p>\n<p><strong>AXON\u2122<\/strong> wurde direkt aus dem Feedback professioneller Nutzer unserer High-End-Switching-Systeme entwickelt. Lichter und Laser k\u00f6nnen \u00fcber separate Tasten gesteuert werden, und es sind Versionen erh\u00e4ltlich, die mit den g\u00e4ngigen Ger\u00e4ten kompatibel sind. Die Standard AXON\u2122-Modelle erm\u00f6glichen eine unabh\u00e4ngige Steuerung der einzelnen Ger\u00e4te. Bei den <strong>SYNC-Versionen<\/strong> kann der Laser separat ausgel\u00f6st werden (flache Taste), w\u00e4hrend die abgewinkelte Taste sowohl das Licht als auch den Laser zur gleichen Zeit aktiviert.<\/p>\n<p><strong>AXON\u2122<\/strong> l\u00e4sst sich direkt an der M1913-Schiene oder dem M-LOK\u00ae-System (mit optionalem Montagesatz f\u00fcr M-LOK\u00ae) befestigen. Die Schienenklammerbefestigung enth\u00e4lt Durchf\u00fchrungen f\u00fcr die Zurrgurte. Das einzigartige Design sorgt f\u00fcr eine sp\u00fcrbare Unterscheidung zwischen den beiden Tasten und minimiert die Verwechslungsgefahr im Dunkeln, bei K\u00e4lte oder unter Stress.<\/p>\n<p>Die abgewinkelte Taste f\u00fcr das Licht bietet die M\u00f6glichkeit, das Licht kurzzeitig oder dauerhaft einzuschalten. Die flache Taste f\u00fcr den Laser unterst\u00fctzt nur das kurzzeitige Einschalten, w\u00e4hrend sie mit der Doppelklickfunktion kompatibel ist, um den Laser dauerhaft zu starten.<\/p>\n","protected":false},"excerpt":{"rendered":"<p><img loading=\"lazy\" decoding=\"async\" class=\"alignnone wp-image-10370\" src=\"https:\/\/eshop.tca.sk\/wp-content\/uploads\/2023\/11\/unity-logo-2.png\" alt=\"\" width=\"82\" height=\"40\" srcset=\"https:\/\/eshop.tca.sk\/wp-content\/uploads\/2023\/11\/unity-logo-2.png 824w, https:\/\/eshop.tca.sk\/wp-content\/uploads\/2023\/11\/unity-logo-2-300x146.png 300w, https:\/\/eshop.tca.sk\/wp-content\/uploads\/2023\/11\/unity-logo-2-768x373.png 768w, https:\/\/eshop.tca.sk\/wp-content\/uploads\/2023\/11\/unity-logo-2-24x12.png 24w, https:\/\/eshop.tca.sk\/wp-content\/uploads\/2023\/11\/unity-logo-2-36x17.png 36w, https:\/\/eshop.tca.sk\/wp-content\/uploads\/2023\/11\/unity-logo-2-48x23.png 48w, https:\/\/eshop.tca.sk\/wp-content\/uploads\/2023\/11\/unity-logo-2-600x291.png 600w\" sizes=\"auto, (max-width: 82px) 100vw, 82px\" \/><\/p>\n<p><strong>Der Unity Tactical AXON\u2122 SYNC SUREFIRE\/CRANE LASER Druckschalter<\/strong> stellt den H\u00f6hepunkt im Design von Fernschaltern f\u00fcr Waffenlampen und Laser dar.<\/p>\n<p><img loading=\"lazy\" decoding=\"async\" class=\"wp-image-8564 alignnone\" src=\"https:\/\/eshop.tca.sk\/wp-content\/uploads\/2023\/04\/Logo-Whack-Black-White-R-APPROVED.png\" alt=\"\" width=\"138\" height=\"75\" srcset=\"https:\/\/eshop.tca.sk\/wp-content\/uploads\/2023\/04\/Logo-Whack-Black-White-R-APPROVED.png 571w, https:\/\/eshop.tca.sk\/wp-content\/uploads\/2023\/04\/Logo-Whack-Black-White-R-APPROVED-300x163.png 300w\" sizes=\"auto, (max-width: 138px) 100vw, 138px\" \/><\/p>\n<p>Vom <a href=\"https:\/\/www.tca.sk\/\"><strong>TCA<\/strong><\/a> und dem <strong><a href=\"https:\/\/www.tca.sk\/profil\/ako-zacat-s-kurzami\">WHACK-System<\/a><\/strong> verwendete und empfohlene Equipment.<\/p>\n","protected":false},"featured_media":15101,"template":"","meta":{"inline_featured_image":false},"product_brand":[],"product_cat":[322,293,318],"product_tag":[542],"giftcard-category":[],"class_list":{"0":"post-15099","1":"product","2":"type-product","3":"status-publish","4":"has-post-thumbnail","6":"product_cat-druckschalter","7":"product_cat-lampen","8":"product_cat-waffenzubehoer","9":"product_tag-unity-tactical-de","11":"first","12":"instock","13":"taxable","14":"shipping-taxable","15":"purchasable","16":"product-type-simple"},"yoast_head":"<!-- This site is optimized with the Yoast SEO plugin v26.4 - https:\/\/yoast.com\/wordpress\/plugins\/seo\/ -->\n<title>Unity Tactical AXON\u2122 SYNC SUREFIRE\/CRANE LASER Druckschalter - TCA eShop - Tactical Combat Academy<\/title>\n<meta name=\"description\" content=\"Der Unity Tactical AXON\u2122 SYNC SUREFIRE\/CRANE LASER Druckschalter stellt den H\u00f6hepunkt im Design von Fernschaltern f\u00fcr Waffenlampen und Laser dar.\" \/>\n<meta name=\"robots\" content=\"index, follow, max-snippet:-1, max-image-preview:large, max-video-preview:-1\" \/>\n<link rel=\"canonical\" href=\"https:\/\/eshop.tca.sk\/de\/druckschalter\/druckschalter-unity-tactical-axon-sync-surefire-crane-laser\/\" \/>\n<meta property=\"og:locale\" content=\"de_DE\" \/>\n<meta property=\"og:type\" content=\"article\" \/>\n<meta property=\"og:title\" content=\"Unity Tactical AXON\u2122 SYNC SUREFIRE\/CRANE LASER Druckschalter - TCA eShop - Tactical Combat Academy\" \/>\n<meta property=\"og:description\" content=\"Der Unity Tactical AXON\u2122 SYNC SUREFIRE\/CRANE LASER Druckschalter stellt den H\u00f6hepunkt im Design von Fernschaltern f\u00fcr Waffenlampen und Laser dar.\" \/>\n<meta property=\"og:url\" content=\"https:\/\/eshop.tca.sk\/de\/druckschalter\/druckschalter-unity-tactical-axon-sync-surefire-crane-laser\/\" \/>\n<meta property=\"og:site_name\" content=\"TCA eShop - Tactical Combat Academy\" \/>\n<meta property=\"article:modified_time\" content=\"2025-11-03T10:26:04+00:00\" \/>\n<meta property=\"og:image\" content=\"https:\/\/eshop.tca.sk\/wp-content\/uploads\/2025\/06\/Unity-Axon1.jpg\" \/>\n\t<meta property=\"og:image:width\" content=\"1000\" \/>\n\t<meta property=\"og:image:height\" content=\"1000\" \/>\n\t<meta property=\"og:image:type\" content=\"image\/jpeg\" \/>\n<meta name=\"twitter:card\" content=\"summary_large_image\" \/>\n<script type=\"application\/ld+json\" class=\"yoast-schema-graph\">{\"@context\":\"https:\/\/schema.org\",\"@graph\":[{\"@type\":\"WebPage\",\"@id\":\"https:\/\/eshop.tca.sk\/de\/druckschalter\/druckschalter-unity-tactical-axon-sync-surefire-crane-laser\/\",\"url\":\"https:\/\/eshop.tca.sk\/de\/druckschalter\/druckschalter-unity-tactical-axon-sync-surefire-crane-laser\/\",\"name\":\"Unity Tactical AXON\u2122 SYNC SUREFIRE\/CRANE LASER Druckschalter - TCA eShop - Tactical Combat Academy\",\"isPartOf\":{\"@id\":\"https:\/\/eshop.tca.sk\/de\/#website\"},\"primaryImageOfPage\":{\"@id\":\"https:\/\/eshop.tca.sk\/de\/druckschalter\/druckschalter-unity-tactical-axon-sync-surefire-crane-laser\/#primaryimage\"},\"image\":{\"@id\":\"https:\/\/eshop.tca.sk\/de\/druckschalter\/druckschalter-unity-tactical-axon-sync-surefire-crane-laser\/#primaryimage\"},\"thumbnailUrl\":\"https:\/\/eshop.tca.sk\/wp-content\/uploads\/2025\/06\/Unity-Axon1.jpg\",\"datePublished\":\"2025-06-19T11:38:04+00:00\",\"dateModified\":\"2025-11-03T10:26:04+00:00\",\"description\":\"Der Unity Tactical AXON\u2122 SYNC SUREFIRE\/CRANE LASER Druckschalter stellt den H\u00f6hepunkt im Design von Fernschaltern f\u00fcr Waffenlampen und Laser dar.\",\"breadcrumb\":{\"@id\":\"https:\/\/eshop.tca.sk\/de\/druckschalter\/druckschalter-unity-tactical-axon-sync-surefire-crane-laser\/#breadcrumb\"},\"inLanguage\":\"de\",\"potentialAction\":[{\"@type\":\"ReadAction\",\"target\":[\"https:\/\/eshop.tca.sk\/de\/druckschalter\/druckschalter-unity-tactical-axon-sync-surefire-crane-laser\/\"]}]},{\"@type\":\"ImageObject\",\"inLanguage\":\"de\",\"@id\":\"https:\/\/eshop.tca.sk\/de\/druckschalter\/druckschalter-unity-tactical-axon-sync-surefire-crane-laser\/#primaryimage\",\"url\":\"https:\/\/eshop.tca.sk\/wp-content\/uploads\/2025\/06\/Unity-Axon1.jpg\",\"contentUrl\":\"https:\/\/eshop.tca.sk\/wp-content\/uploads\/2025\/06\/Unity-Axon1.jpg\",\"width\":1000,\"height\":1000,\"caption\":\"Tlakov\u00fd sp\u00edna\u010d Unity Tactical AXON\u2122 SYNC SUREFIRE\/CRANE LASER\"},{\"@type\":\"BreadcrumbList\",\"@id\":\"https:\/\/eshop.tca.sk\/de\/druckschalter\/druckschalter-unity-tactical-axon-sync-surefire-crane-laser\/#breadcrumb\",\"itemListElement\":[{\"@type\":\"ListItem\",\"position\":1,\"name\":\"Domovsk\u00e1 str\u00e1nka\",\"item\":\"https:\/\/eshop.tca.sk\/de\/\"},{\"@type\":\"ListItem\",\"position\":2,\"name\":\"Shop\",\"item\":\"https:\/\/eshop.tca.sk\/de\/shop\/\"},{\"@type\":\"ListItem\",\"position\":3,\"name\":\"Unity Tactical AXON\u2122 SYNC SUREFIRE\/CRANE LASER Druckschalter\"}]},{\"@type\":\"WebSite\",\"@id\":\"https:\/\/eshop.tca.sk\/de\/#website\",\"url\":\"https:\/\/eshop.tca.sk\/de\/\",\"name\":\"TCA eShop - Tactical Combat Academy\",\"description\":\"Tactical Combat Academy\",\"publisher\":{\"@id\":\"https:\/\/eshop.tca.sk\/de\/#organization\"},\"potentialAction\":[{\"@type\":\"SearchAction\",\"target\":{\"@type\":\"EntryPoint\",\"urlTemplate\":\"https:\/\/eshop.tca.sk\/de\/?s={search_term_string}\"},\"query-input\":{\"@type\":\"PropertyValueSpecification\",\"valueRequired\":true,\"valueName\":\"search_term_string\"}}],\"inLanguage\":\"de\"},{\"@type\":\"Organization\",\"@id\":\"https:\/\/eshop.tca.sk\/de\/#organization\",\"name\":\"TCA eShop - Tactical Combat Academy\",\"url\":\"https:\/\/eshop.tca.sk\/de\/\",\"logo\":{\"@type\":\"ImageObject\",\"inLanguage\":\"de\",\"@id\":\"https:\/\/eshop.tca.sk\/de\/#\/schema\/logo\/image\/\",\"url\":\"https:\/\/eshop.tca.sk\/wp-content\/uploads\/2025\/06\/logo-new-header.png\",\"contentUrl\":\"https:\/\/eshop.tca.sk\/wp-content\/uploads\/2025\/06\/logo-new-header.png\",\"width\":300,\"height\":294,\"caption\":\"TCA eShop - Tactical Combat Academy\"},\"image\":{\"@id\":\"https:\/\/eshop.tca.sk\/de\/#\/schema\/logo\/image\/\"}}]}<\/script>\n<!-- \/ Yoast SEO plugin. -->","yoast_head_json":{"title":"Unity Tactical AXON\u2122 SYNC SUREFIRE\/CRANE LASER Druckschalter - TCA eShop - Tactical Combat Academy","description":"Der Unity Tactical AXON\u2122 SYNC SUREFIRE\/CRANE LASER Druckschalter stellt den H\u00f6hepunkt im Design von Fernschaltern f\u00fcr Waffenlampen und Laser dar.","robots":{"index":"index","follow":"follow","max-snippet":"max-snippet:-1","max-image-preview":"max-image-preview:large","max-video-preview":"max-video-preview:-1"},"canonical":"https:\/\/eshop.tca.sk\/de\/druckschalter\/druckschalter-unity-tactical-axon-sync-surefire-crane-laser\/","og_locale":"de_DE","og_type":"article","og_title":"Unity Tactical AXON\u2122 SYNC SUREFIRE\/CRANE LASER Druckschalter - TCA eShop - Tactical Combat Academy","og_description":"Der Unity Tactical AXON\u2122 SYNC SUREFIRE\/CRANE LASER Druckschalter stellt den H\u00f6hepunkt im Design von Fernschaltern f\u00fcr Waffenlampen und Laser dar.","og_url":"https:\/\/eshop.tca.sk\/de\/druckschalter\/druckschalter-unity-tactical-axon-sync-surefire-crane-laser\/","og_site_name":"TCA eShop - Tactical Combat Academy","article_modified_time":"2025-11-03T10:26:04+00:00","og_image":[{"width":1000,"height":1000,"url":"https:\/\/eshop.tca.sk\/wp-content\/uploads\/2025\/06\/Unity-Axon1.jpg","type":"image\/jpeg"}],"twitter_card":"summary_large_image","schema":{"@context":"https:\/\/schema.org","@graph":[{"@type":"WebPage","@id":"https:\/\/eshop.tca.sk\/de\/druckschalter\/druckschalter-unity-tactical-axon-sync-surefire-crane-laser\/","url":"https:\/\/eshop.tca.sk\/de\/druckschalter\/druckschalter-unity-tactical-axon-sync-surefire-crane-laser\/","name":"Unity Tactical AXON\u2122 SYNC SUREFIRE\/CRANE LASER Druckschalter - TCA eShop - Tactical Combat Academy","isPartOf":{"@id":"https:\/\/eshop.tca.sk\/de\/#website"},"primaryImageOfPage":{"@id":"https:\/\/eshop.tca.sk\/de\/druckschalter\/druckschalter-unity-tactical-axon-sync-surefire-crane-laser\/#primaryimage"},"image":{"@id":"https:\/\/eshop.tca.sk\/de\/druckschalter\/druckschalter-unity-tactical-axon-sync-surefire-crane-laser\/#primaryimage"},"thumbnailUrl":"https:\/\/eshop.tca.sk\/wp-content\/uploads\/2025\/06\/Unity-Axon1.jpg","datePublished":"2025-06-19T11:38:04+00:00","dateModified":"2025-11-03T10:26:04+00:00","description":"Der Unity Tactical AXON\u2122 SYNC SUREFIRE\/CRANE LASER Druckschalter stellt den H\u00f6hepunkt im Design von Fernschaltern f\u00fcr Waffenlampen und Laser dar.","breadcrumb":{"@id":"https:\/\/eshop.tca.sk\/de\/druckschalter\/druckschalter-unity-tactical-axon-sync-surefire-crane-laser\/#breadcrumb"},"inLanguage":"de","potentialAction":[{"@type":"ReadAction","target":["https:\/\/eshop.tca.sk\/de\/druckschalter\/druckschalter-unity-tactical-axon-sync-surefire-crane-laser\/"]}]},{"@type":"ImageObject","inLanguage":"de","@id":"https:\/\/eshop.tca.sk\/de\/druckschalter\/druckschalter-unity-tactical-axon-sync-surefire-crane-laser\/#primaryimage","url":"https:\/\/eshop.tca.sk\/wp-content\/uploads\/2025\/06\/Unity-Axon1.jpg","contentUrl":"https:\/\/eshop.tca.sk\/wp-content\/uploads\/2025\/06\/Unity-Axon1.jpg","width":1000,"height":1000,"caption":"Tlakov\u00fd sp\u00edna\u010d Unity Tactical AXON\u2122 SYNC SUREFIRE\/CRANE LASER"},{"@type":"BreadcrumbList","@id":"https:\/\/eshop.tca.sk\/de\/druckschalter\/druckschalter-unity-tactical-axon-sync-surefire-crane-laser\/#breadcrumb","itemListElement":[{"@type":"ListItem","position":1,"name":"Domovsk\u00e1 str\u00e1nka","item":"https:\/\/eshop.tca.sk\/de\/"},{"@type":"ListItem","position":2,"name":"Shop","item":"https:\/\/eshop.tca.sk\/de\/shop\/"},{"@type":"ListItem","position":3,"name":"Unity Tactical AXON\u2122 SYNC SUREFIRE\/CRANE LASER Druckschalter"}]},{"@type":"WebSite","@id":"https:\/\/eshop.tca.sk\/de\/#website","url":"https:\/\/eshop.tca.sk\/de\/","name":"TCA eShop - Tactical Combat Academy","description":"Tactical Combat Academy","publisher":{"@id":"https:\/\/eshop.tca.sk\/de\/#organization"},"potentialAction":[{"@type":"SearchAction","target":{"@type":"EntryPoint","urlTemplate":"https:\/\/eshop.tca.sk\/de\/?s={search_term_string}"},"query-input":{"@type":"PropertyValueSpecification","valueRequired":true,"valueName":"search_term_string"}}],"inLanguage":"de"},{"@type":"Organization","@id":"https:\/\/eshop.tca.sk\/de\/#organization","name":"TCA eShop - Tactical Combat Academy","url":"https:\/\/eshop.tca.sk\/de\/","logo":{"@type":"ImageObject","inLanguage":"de","@id":"https:\/\/eshop.tca.sk\/de\/#\/schema\/logo\/image\/","url":"https:\/\/eshop.tca.sk\/wp-content\/uploads\/2025\/06\/logo-new-header.png","contentUrl":"https:\/\/eshop.tca.sk\/wp-content\/uploads\/2025\/06\/logo-new-header.png","width":300,"height":294,"caption":"TCA eShop - Tactical Combat Academy"},"image":{"@id":"https:\/\/eshop.tca.sk\/de\/#\/schema\/logo\/image\/"}}]}},"_links":{"self":[{"href":"https:\/\/eshop.tca.sk\/de\/wp-json\/wp\/v2\/product\/15099","targetHints":{"allow":["GET"]}}],"collection":[{"href":"https:\/\/eshop.tca.sk\/de\/wp-json\/wp\/v2\/product"}],"about":[{"href":"https:\/\/eshop.tca.sk\/de\/wp-json\/wp\/v2\/types\/product"}],"wp:featuredmedia":[{"embeddable":true,"href":"https:\/\/eshop.tca.sk\/de\/wp-json\/wp\/v2\/media\/15101"}],"wp:attachment":[{"href":"https:\/\/eshop.tca.sk\/de\/wp-json\/wp\/v2\/media?parent=15099"}],"wp:term":[{"taxonomy":"product_brand","embeddable":true,"href":"https:\/\/eshop.tca.sk\/de\/wp-json\/wp\/v2\/product_brand?post=15099"},{"taxonomy":"product_cat","embeddable":true,"href":"https:\/\/eshop.tca.sk\/de\/wp-json\/wp\/v2\/product_cat?post=15099"},{"taxonomy":"product_tag","embeddable":true,"href":"https:\/\/eshop.tca.sk\/de\/wp-json\/wp\/v2\/product_tag?post=15099"},{"taxonomy":"giftcard-category","embeddable":true,"href":"https:\/\/eshop.tca.sk\/de\/wp-json\/wp\/v2\/giftcard-category?post=15099"}],"curies":[{"name":"wp","href":"https:\/\/api.w.org\/{rel}","templated":true}]}}