{"id":15142,"date":"2025-07-17T10:51:18","date_gmt":"2025-07-17T08:51:18","guid":{"rendered":"https:\/\/eshop.tca.sk\/?post_type=product&#038;p=15142"},"modified":"2026-01-09T10:37:14","modified_gmt":"2026-01-09T09:37:14","slug":"waffenlampe-surefire-x300v-b","status":"publish","type":"product","link":"https:\/\/eshop.tca.sk\/de\/lampen\/waffenlampe-surefire-x300v-b\/","title":{"rendered":"Surefire X300V-B Waffen-Taschenlampe"},"content":{"rendered":"<h3><strong>Surefire X300V-B Waffen-Taschenlampe<\/strong><\/h3>\n<div>\n<p><strong>Die Waffenlampe Surefire X300V-B \u201eVampire\u201c<\/strong> schaltet mit einem Drehring am Zielfernrohr zwischen wei\u00dfem und IR-Licht um (WL \/ Aus \/ IR) und wird mit einem beidseitigen Schalter am Abzug aktiviert \u2013 blind und ohne nachzudenken. Zwei CR123A liefern 350 lm wei\u00dfes Licht oder 120 mW \/ 860 nm IR f\u00fcr NVG; ein konzentrierter TIR-Strahl mit 11.500 cd leuchtet ca. 214 m weit. Die T-Slot-Schraubklemme h\u00e4lt fest an Pistolen und langen Waffen, das Geh\u00e4use aus hart eloxiertem Flugzeugaluminium ist f\u00fcr den harten Einsatz ausgelegt.<\/p>\n<p><strong>Hauptmerkmale<\/strong><\/p>\n<ul>\n<li>Dual-Spektrum: 350 lm (wei\u00df) \/ 120 mW, 860 nm (IR); Umschaltung durch Drehen der L\u00fcnette. <span class=\"Apple-converted-space\"> <\/span><\/li>\n<li>Beidh\u00e4ndig bedienbarer Druck-\/Kippschalter \u2013 schnelle momentane und dauerhafte Aktivierung an der Waffe. <span class=\"Apple-converted-space\"> <\/span><\/li>\n<li>T-Slot-Fl\u00fcgelschraubenklemme \u2013 zuverl\u00e4ssige Befestigung an Universal-\/Picatinny-Schienen. <span class=\"Apple-converted-space\"> <\/span><\/li>\n<li>TIR-Optik, ausgewogener Strahl f\u00fcr PID und Situationserkennung. <span class=\"Apple-converted-space\"> <\/span><\/li>\n<\/ul>\n<p><strong>Technische Parameter<\/strong><\/p>\n<ul>\n<li>Leistung (wei\u00df\/IR): 350 lm\/120 mW bei 860 nm \u2022 Candela: 11.500 cd \u2022 Reichweite: 214 m. <span class=\"Apple-converted-space\"> <\/span><\/li>\n<li>Betriebsdauer (wei\u00df \/ IR): 2,5 Std. \/ 16,75 Std. <span class=\"Apple-converted-space\"> <\/span><\/li>\n<li>Batterien: 2\u00d7 123A Lithium (im Lieferumfang enthalten). <span class=\"Apple-converted-space\"> <\/span><\/li>\n<li>L\u00e4nge: 4,0\u201d (10,0 cm)<\/li>\n<li>Schalten: Ambi Push\/Toggle. <span class=\"Apple-converted-space\"> <\/span><\/li>\n<\/ul>\n<\/div>\n<div>\n<p><iframe loading=\"lazy\" title=\"Nevyberaj Surefire baterku bez pozretia tohto videa!\" width=\"1170\" height=\"658\" src=\"https:\/\/www.youtube.com\/embed\/HTVvHFFVCsA?feature=oembed\" frameborder=\"0\" allow=\"accelerometer; autoplay; clipboard-write; encrypted-media; gyroscope; picture-in-picture; web-share\" referrerpolicy=\"strict-origin-when-cross-origin\" allowfullscreen><\/iframe><\/p>\n<\/div>\n","protected":false},"excerpt":{"rendered":"<p><img loading=\"lazy\" decoding=\"async\" class=\"alignnone size-full wp-image-7419\" src=\"https:\/\/eshop.tca.sk\/wp-content\/uploads\/2022\/12\/SureFire_Logo.png\" alt=\"\" width=\"150\" height=\"44\"><\/p>\n<p><strong>Die Waffenlampe Surefire X300V-B \u201eVampire\u201c<\/strong> erm\u00f6glicht das Umschalten zwischen Wei\u00dflicht und Infrarotmodus (IR) f\u00fcr den Einsatz mit Nachtsichtger\u00e4ten.<\/p>\n<p><img loading=\"lazy\" decoding=\"async\" class=\"wp-image-8564 alignnone\" src=\"https:\/\/eshop.tca.sk\/wp-content\/uploads\/2023\/04\/Logo-Whack-Black-White-R-APPROVED.png\" alt=\"\" width=\"138\" height=\"75\" srcset=\"https:\/\/eshop.tca.sk\/wp-content\/uploads\/2023\/04\/Logo-Whack-Black-White-R-APPROVED.png 571w, https:\/\/eshop.tca.sk\/wp-content\/uploads\/2023\/04\/Logo-Whack-Black-White-R-APPROVED-300x163.png 300w\" sizes=\"auto, (max-width: 138px) 100vw, 138px\" \/><\/p>\n<p>Vom <strong>TCA<\/strong> und dem <strong>WHACK<\/strong>-System verwendete und empfohlene Equipment.<\/p>\n","protected":false},"featured_media":15152,"template":"","meta":{"inline_featured_image":false},"product_brand":[],"product_cat":[293],"product_tag":[294],"giftcard-category":[],"class_list":{"0":"post-15142","1":"product","2":"type-product","3":"status-publish","4":"has-post-thumbnail","6":"product_cat-lampen","7":"product_tag-surefire-de","9":"first","10":"outofstock","11":"taxable","12":"shipping-taxable","13":"purchasable","14":"product-type-simple"},"yoast_head":"<!-- This site is optimized with the Yoast SEO plugin v26.4 - https:\/\/yoast.com\/wordpress\/plugins\/seo\/ -->\n<title>Surefire X300V-B Waffen-Taschenlampe - TCA eShop - Tactical Combat Academy<\/title>\n<meta name=\"description\" content=\"Die Surefire X300V-B Waffentaschenlampe erm\u00f6glicht das Umschalten zwischen Wei\u00dflicht- und Infrarot (IR)-Modus f\u00fcr die Verwendung mit Nachtsichtger\u00e4ten.\" \/>\n<meta name=\"robots\" content=\"index, follow, max-snippet:-1, max-image-preview:large, max-video-preview:-1\" \/>\n<link rel=\"canonical\" href=\"https:\/\/eshop.tca.sk\/de\/lampen\/waffenlampe-surefire-x300v-b\/\" \/>\n<meta property=\"og:locale\" content=\"de_DE\" \/>\n<meta property=\"og:type\" content=\"article\" \/>\n<meta property=\"og:title\" content=\"Surefire X300V-B Waffen-Taschenlampe - TCA eShop - Tactical Combat Academy\" \/>\n<meta property=\"og:description\" content=\"Die Surefire X300V-B Waffentaschenlampe erm\u00f6glicht das Umschalten zwischen Wei\u00dflicht- und Infrarot (IR)-Modus f\u00fcr die Verwendung mit Nachtsichtger\u00e4ten.\" \/>\n<meta property=\"og:url\" content=\"https:\/\/eshop.tca.sk\/de\/lampen\/waffenlampe-surefire-x300v-b\/\" \/>\n<meta property=\"og:site_name\" content=\"TCA eShop - Tactical Combat Academy\" \/>\n<meta property=\"article:modified_time\" content=\"2026-01-09T09:37:14+00:00\" \/>\n<meta property=\"og:image\" content=\"https:\/\/eshop.tca.sk\/wp-content\/uploads\/2025\/07\/X300V-1.jpg\" \/>\n\t<meta property=\"og:image:width\" content=\"1000\" \/>\n\t<meta property=\"og:image:height\" content=\"1000\" \/>\n\t<meta property=\"og:image:type\" content=\"image\/jpeg\" \/>\n<meta name=\"twitter:card\" content=\"summary_large_image\" \/>\n<script type=\"application\/ld+json\" class=\"yoast-schema-graph\">{\"@context\":\"https:\/\/schema.org\",\"@graph\":[{\"@type\":\"WebPage\",\"@id\":\"https:\/\/eshop.tca.sk\/de\/lampen\/waffenlampe-surefire-x300v-b\/\",\"url\":\"https:\/\/eshop.tca.sk\/de\/lampen\/waffenlampe-surefire-x300v-b\/\",\"name\":\"Surefire X300V-B Waffen-Taschenlampe - TCA eShop - Tactical Combat Academy\",\"isPartOf\":{\"@id\":\"https:\/\/eshop.tca.sk\/de\/#website\"},\"primaryImageOfPage\":{\"@id\":\"https:\/\/eshop.tca.sk\/de\/lampen\/waffenlampe-surefire-x300v-b\/#primaryimage\"},\"image\":{\"@id\":\"https:\/\/eshop.tca.sk\/de\/lampen\/waffenlampe-surefire-x300v-b\/#primaryimage\"},\"thumbnailUrl\":\"https:\/\/eshop.tca.sk\/wp-content\/uploads\/2025\/07\/X300V-1.jpg\",\"datePublished\":\"2025-07-17T08:51:18+00:00\",\"dateModified\":\"2026-01-09T09:37:14+00:00\",\"description\":\"Die Surefire X300V-B Waffentaschenlampe erm\u00f6glicht das Umschalten zwischen Wei\u00dflicht- und Infrarot (IR)-Modus f\u00fcr die Verwendung mit Nachtsichtger\u00e4ten.\",\"breadcrumb\":{\"@id\":\"https:\/\/eshop.tca.sk\/de\/lampen\/waffenlampe-surefire-x300v-b\/#breadcrumb\"},\"inLanguage\":\"de\",\"potentialAction\":[{\"@type\":\"ReadAction\",\"target\":[\"https:\/\/eshop.tca.sk\/de\/lampen\/waffenlampe-surefire-x300v-b\/\"]}]},{\"@type\":\"ImageObject\",\"inLanguage\":\"de\",\"@id\":\"https:\/\/eshop.tca.sk\/de\/lampen\/waffenlampe-surefire-x300v-b\/#primaryimage\",\"url\":\"https:\/\/eshop.tca.sk\/wp-content\/uploads\/2025\/07\/X300V-1.jpg\",\"contentUrl\":\"https:\/\/eshop.tca.sk\/wp-content\/uploads\/2025\/07\/X300V-1.jpg\",\"width\":1000,\"height\":1000,\"caption\":\"Zbra\u0148ov\u00e9 svietidlo Surefire X300V-B\"},{\"@type\":\"BreadcrumbList\",\"@id\":\"https:\/\/eshop.tca.sk\/de\/lampen\/waffenlampe-surefire-x300v-b\/#breadcrumb\",\"itemListElement\":[{\"@type\":\"ListItem\",\"position\":1,\"name\":\"Domovsk\u00e1 str\u00e1nka\",\"item\":\"https:\/\/eshop.tca.sk\/de\/\"},{\"@type\":\"ListItem\",\"position\":2,\"name\":\"Shop\",\"item\":\"https:\/\/eshop.tca.sk\/de\/shop\/\"},{\"@type\":\"ListItem\",\"position\":3,\"name\":\"Surefire X300V-B Waffen-Taschenlampe\"}]},{\"@type\":\"WebSite\",\"@id\":\"https:\/\/eshop.tca.sk\/de\/#website\",\"url\":\"https:\/\/eshop.tca.sk\/de\/\",\"name\":\"TCA eShop - Tactical Combat Academy\",\"description\":\"Tactical Combat Academy\",\"publisher\":{\"@id\":\"https:\/\/eshop.tca.sk\/de\/#organization\"},\"potentialAction\":[{\"@type\":\"SearchAction\",\"target\":{\"@type\":\"EntryPoint\",\"urlTemplate\":\"https:\/\/eshop.tca.sk\/de\/?s={search_term_string}\"},\"query-input\":{\"@type\":\"PropertyValueSpecification\",\"valueRequired\":true,\"valueName\":\"search_term_string\"}}],\"inLanguage\":\"de\"},{\"@type\":\"Organization\",\"@id\":\"https:\/\/eshop.tca.sk\/de\/#organization\",\"name\":\"TCA eShop - Tactical Combat Academy\",\"url\":\"https:\/\/eshop.tca.sk\/de\/\",\"logo\":{\"@type\":\"ImageObject\",\"inLanguage\":\"de\",\"@id\":\"https:\/\/eshop.tca.sk\/de\/#\/schema\/logo\/image\/\",\"url\":\"https:\/\/eshop.tca.sk\/wp-content\/uploads\/2025\/06\/logo-new-header.png\",\"contentUrl\":\"https:\/\/eshop.tca.sk\/wp-content\/uploads\/2025\/06\/logo-new-header.png\",\"width\":300,\"height\":294,\"caption\":\"TCA eShop - Tactical Combat Academy\"},\"image\":{\"@id\":\"https:\/\/eshop.tca.sk\/de\/#\/schema\/logo\/image\/\"}}]}<\/script>\n<!-- \/ Yoast SEO plugin. -->","yoast_head_json":{"title":"Surefire X300V-B Waffen-Taschenlampe - TCA eShop - Tactical Combat Academy","description":"Die Surefire X300V-B Waffentaschenlampe erm\u00f6glicht das Umschalten zwischen Wei\u00dflicht- und Infrarot (IR)-Modus f\u00fcr die Verwendung mit Nachtsichtger\u00e4ten.","robots":{"index":"index","follow":"follow","max-snippet":"max-snippet:-1","max-image-preview":"max-image-preview:large","max-video-preview":"max-video-preview:-1"},"canonical":"https:\/\/eshop.tca.sk\/de\/lampen\/waffenlampe-surefire-x300v-b\/","og_locale":"de_DE","og_type":"article","og_title":"Surefire X300V-B Waffen-Taschenlampe - TCA eShop - Tactical Combat Academy","og_description":"Die Surefire X300V-B Waffentaschenlampe erm\u00f6glicht das Umschalten zwischen Wei\u00dflicht- und Infrarot (IR)-Modus f\u00fcr die Verwendung mit Nachtsichtger\u00e4ten.","og_url":"https:\/\/eshop.tca.sk\/de\/lampen\/waffenlampe-surefire-x300v-b\/","og_site_name":"TCA eShop - Tactical Combat Academy","article_modified_time":"2026-01-09T09:37:14+00:00","og_image":[{"width":1000,"height":1000,"url":"https:\/\/eshop.tca.sk\/wp-content\/uploads\/2025\/07\/X300V-1.jpg","type":"image\/jpeg"}],"twitter_card":"summary_large_image","schema":{"@context":"https:\/\/schema.org","@graph":[{"@type":"WebPage","@id":"https:\/\/eshop.tca.sk\/de\/lampen\/waffenlampe-surefire-x300v-b\/","url":"https:\/\/eshop.tca.sk\/de\/lampen\/waffenlampe-surefire-x300v-b\/","name":"Surefire X300V-B Waffen-Taschenlampe - TCA eShop - Tactical Combat Academy","isPartOf":{"@id":"https:\/\/eshop.tca.sk\/de\/#website"},"primaryImageOfPage":{"@id":"https:\/\/eshop.tca.sk\/de\/lampen\/waffenlampe-surefire-x300v-b\/#primaryimage"},"image":{"@id":"https:\/\/eshop.tca.sk\/de\/lampen\/waffenlampe-surefire-x300v-b\/#primaryimage"},"thumbnailUrl":"https:\/\/eshop.tca.sk\/wp-content\/uploads\/2025\/07\/X300V-1.jpg","datePublished":"2025-07-17T08:51:18+00:00","dateModified":"2026-01-09T09:37:14+00:00","description":"Die Surefire X300V-B Waffentaschenlampe erm\u00f6glicht das Umschalten zwischen Wei\u00dflicht- und Infrarot (IR)-Modus f\u00fcr die Verwendung mit Nachtsichtger\u00e4ten.","breadcrumb":{"@id":"https:\/\/eshop.tca.sk\/de\/lampen\/waffenlampe-surefire-x300v-b\/#breadcrumb"},"inLanguage":"de","potentialAction":[{"@type":"ReadAction","target":["https:\/\/eshop.tca.sk\/de\/lampen\/waffenlampe-surefire-x300v-b\/"]}]},{"@type":"ImageObject","inLanguage":"de","@id":"https:\/\/eshop.tca.sk\/de\/lampen\/waffenlampe-surefire-x300v-b\/#primaryimage","url":"https:\/\/eshop.tca.sk\/wp-content\/uploads\/2025\/07\/X300V-1.jpg","contentUrl":"https:\/\/eshop.tca.sk\/wp-content\/uploads\/2025\/07\/X300V-1.jpg","width":1000,"height":1000,"caption":"Zbra\u0148ov\u00e9 svietidlo Surefire X300V-B"},{"@type":"BreadcrumbList","@id":"https:\/\/eshop.tca.sk\/de\/lampen\/waffenlampe-surefire-x300v-b\/#breadcrumb","itemListElement":[{"@type":"ListItem","position":1,"name":"Domovsk\u00e1 str\u00e1nka","item":"https:\/\/eshop.tca.sk\/de\/"},{"@type":"ListItem","position":2,"name":"Shop","item":"https:\/\/eshop.tca.sk\/de\/shop\/"},{"@type":"ListItem","position":3,"name":"Surefire X300V-B Waffen-Taschenlampe"}]},{"@type":"WebSite","@id":"https:\/\/eshop.tca.sk\/de\/#website","url":"https:\/\/eshop.tca.sk\/de\/","name":"TCA eShop - Tactical Combat Academy","description":"Tactical Combat Academy","publisher":{"@id":"https:\/\/eshop.tca.sk\/de\/#organization"},"potentialAction":[{"@type":"SearchAction","target":{"@type":"EntryPoint","urlTemplate":"https:\/\/eshop.tca.sk\/de\/?s={search_term_string}"},"query-input":{"@type":"PropertyValueSpecification","valueRequired":true,"valueName":"search_term_string"}}],"inLanguage":"de"},{"@type":"Organization","@id":"https:\/\/eshop.tca.sk\/de\/#organization","name":"TCA eShop - Tactical Combat Academy","url":"https:\/\/eshop.tca.sk\/de\/","logo":{"@type":"ImageObject","inLanguage":"de","@id":"https:\/\/eshop.tca.sk\/de\/#\/schema\/logo\/image\/","url":"https:\/\/eshop.tca.sk\/wp-content\/uploads\/2025\/06\/logo-new-header.png","contentUrl":"https:\/\/eshop.tca.sk\/wp-content\/uploads\/2025\/06\/logo-new-header.png","width":300,"height":294,"caption":"TCA eShop - Tactical Combat Academy"},"image":{"@id":"https:\/\/eshop.tca.sk\/de\/#\/schema\/logo\/image\/"}}]}},"_links":{"self":[{"href":"https:\/\/eshop.tca.sk\/de\/wp-json\/wp\/v2\/product\/15142","targetHints":{"allow":["GET"]}}],"collection":[{"href":"https:\/\/eshop.tca.sk\/de\/wp-json\/wp\/v2\/product"}],"about":[{"href":"https:\/\/eshop.tca.sk\/de\/wp-json\/wp\/v2\/types\/product"}],"wp:featuredmedia":[{"embeddable":true,"href":"https:\/\/eshop.tca.sk\/de\/wp-json\/wp\/v2\/media\/15152"}],"wp:attachment":[{"href":"https:\/\/eshop.tca.sk\/de\/wp-json\/wp\/v2\/media?parent=15142"}],"wp:term":[{"taxonomy":"product_brand","embeddable":true,"href":"https:\/\/eshop.tca.sk\/de\/wp-json\/wp\/v2\/product_brand?post=15142"},{"taxonomy":"product_cat","embeddable":true,"href":"https:\/\/eshop.tca.sk\/de\/wp-json\/wp\/v2\/product_cat?post=15142"},{"taxonomy":"product_tag","embeddable":true,"href":"https:\/\/eshop.tca.sk\/de\/wp-json\/wp\/v2\/product_tag?post=15142"},{"taxonomy":"giftcard-category","embeddable":true,"href":"https:\/\/eshop.tca.sk\/de\/wp-json\/wp\/v2\/giftcard-category?post=15142"}],"curies":[{"name":"wp","href":"https:\/\/api.w.org\/{rel}","templated":true}]}}