{"id":15195,"date":"2025-06-03T10:38:01","date_gmt":"2025-06-03T08:38:01","guid":{"rendered":"https:\/\/eshop.tca.sk\/unkategorisiert\/hartmann-trauma-bandage\/"},"modified":"2026-01-08T13:21:09","modified_gmt":"2026-01-08T12:21:09","slug":"hartmann-trauma-bandage","status":"publish","type":"product","link":"https:\/\/eshop.tca.sk\/de\/medic-de\/hartmann-trauma-bandage\/","title":{"rendered":"Hartmann Trauma Bandage Druckverband"},"content":{"rendered":"<h2>Hartmann Trauma Bandage Druckverband<\/h2>\n<p><strong>Der Hartmann Trauma Verband<\/strong> ist ein professionell gestalteter <strong>Druckverband<\/strong> f\u00fcr die schnelle Behandlung von schweren Verletzungen und massiven Blutungen im Einsatz. Ideal f\u00fcr Sanit\u00e4ter, medizinisches Personal, aber auch f\u00fcr den zivilen Gebrauch im Notfall.<\/p>\n<p>Der Verband kombiniert ein steriles, absorbierendes Kissen, eine elastische Binde und ein integriertes Druckelement, das eine einfache und effektive einh\u00e4ndige Blutstillung erm\u00f6glicht. Er ist vakuumverpackt, was eine lange Lebensdauer und Hygiene garantiert.<\/p>\n<p><strong>Eigenschaften::<\/strong><\/p>\n<ul>\n<li>Schnelle Anwendung mit einer Hand<\/li>\n<li>Integriertes Druckelement zum effektiven Stoppen von Blutungen<\/li>\n<li>Steril und einzeln verpackt f\u00fcr Erste-Hilfe-K\u00e4sten geeignet<\/li>\n<li>Kompaktes und leicht tragbares Design<\/li>\n<li>Ideal f\u00fcr Kampfeins\u00e4tze, taktische und zivile Umgebungen<\/li>\n<\/ul>\n<p><strong>Anwendung:<\/strong><\/p>\n<p>\u00d6ffnen, Positionieren auf der Wunde, straffes Verbinden und Fixieren mit einem Verschlusselement. Wirksam auch unter stressigen Bedingungen.<\/p>\n<p><iframe loading=\"lazy\" src=\"\/\/www.youtube.com\/embed\/xbeEB2RNB6w?si=_epFngi7pVR6Co2g\" width=\"560\" height=\"314\" allowfullscreen=\"allowfullscreen\"><\/iframe><iframe loading=\"lazy\" src=\"\/\/www.youtube.com\/embed\/JA1pZmR5dNs?si=CLeem0dnJObXCtYN\" width=\"560\" height=\"314\" allowfullscreen=\"allowfullscreen\"><\/iframe><\/p>\n","protected":false},"excerpt":{"rendered":"<p>&nbsp;<\/p>\n<p><img loading=\"lazy\" decoding=\"async\" class=\"alignnone wp-image-15020\" src=\"https:\/\/eshop.tca.sk\/wp-content\/uploads\/2025\/06\/IMG_0477.png\" alt=\"\" width=\"129\" height=\"56\" srcset=\"https:\/\/eshop.tca.sk\/wp-content\/uploads\/2025\/06\/IMG_0477.png 2560w, https:\/\/eshop.tca.sk\/wp-content\/uploads\/2025\/06\/IMG_0477-300x131.png 300w, https:\/\/eshop.tca.sk\/wp-content\/uploads\/2025\/06\/IMG_0477-768x334.png 768w, https:\/\/eshop.tca.sk\/wp-content\/uploads\/2025\/06\/IMG_0477-1536x668.png 1536w, https:\/\/eshop.tca.sk\/wp-content\/uploads\/2025\/06\/IMG_0477-2048x891.png 2048w, https:\/\/eshop.tca.sk\/wp-content\/uploads\/2025\/06\/IMG_0477-24x10.png 24w, https:\/\/eshop.tca.sk\/wp-content\/uploads\/2025\/06\/IMG_0477-36x16.png 36w, https:\/\/eshop.tca.sk\/wp-content\/uploads\/2025\/06\/IMG_0477-48x21.png 48w, https:\/\/eshop.tca.sk\/wp-content\/uploads\/2025\/06\/IMG_0477-600x261.png 600w\" sizes=\"auto, (max-width: 129px) 100vw, 129px\" \/><\/p>\n<p><strong>Der Hartmann Trauma Verband<\/strong> ist ein professionell gestalteter <strong>Druckverband<\/strong> f\u00fcr die schnelle Behandlung von schweren Verletzungen und massiven Blutungen im Einsatz.<\/p>\n<p><img loading=\"lazy\" decoding=\"async\" class=\"wp-image-8564 alignnone\" src=\"https:\/\/eshop.tca.sk\/wp-content\/uploads\/2023\/04\/Logo-Whack-Black-White-R-APPROVED.png\" alt=\"\" width=\"138\" height=\"75\" srcset=\"https:\/\/eshop.tca.sk\/wp-content\/uploads\/2023\/04\/Logo-Whack-Black-White-R-APPROVED.png 571w, https:\/\/eshop.tca.sk\/wp-content\/uploads\/2023\/04\/Logo-Whack-Black-White-R-APPROVED-300x163.png 300w\" sizes=\"auto, (max-width: 138px) 100vw, 138px\" \/><\/p>\n<p>Vom TCA und dem WHACK-System verwendete und empfohlene Equipment.<\/p>\n<p>&nbsp;<\/p>\n","protected":false},"featured_media":15023,"template":"","meta":{"inline_featured_image":false},"product_brand":[],"product_cat":[468],"product_tag":[758,759],"giftcard-category":[],"class_list":{"0":"post-15195","1":"product","2":"type-product","3":"status-publish","4":"has-post-thumbnail","6":"product_cat-medic-de","7":"product_tag-hartmann-de","8":"product_tag-sanitater","10":"first","11":"instock","12":"taxable","13":"shipping-taxable","14":"purchasable","15":"product-type-variable"},"yoast_head":"<!-- This site is optimized with the Yoast SEO plugin v26.4 - https:\/\/yoast.com\/wordpress\/plugins\/seo\/ -->\n<title>Hartmann Trauma Bandage Druckverband - TCA eShop - Tactical Combat Academy<\/title>\n<meta name=\"description\" content=\"Der Hartmann Trauma Verband ist ein professionell gestalteter Druckverband f\u00fcr die schnelle Behandlung von schweren Verletzungen und massiven Blutungen im Einsatz.\" \/>\n<meta name=\"robots\" content=\"index, follow, max-snippet:-1, max-image-preview:large, max-video-preview:-1\" \/>\n<link rel=\"canonical\" href=\"https:\/\/eshop.tca.sk\/de\/medic-de\/hartmann-trauma-bandage\/\" \/>\n<meta property=\"og:locale\" content=\"de_DE\" \/>\n<meta property=\"og:type\" content=\"article\" \/>\n<meta property=\"og:title\" content=\"Hartmann Trauma Bandage Druckverband - TCA eShop - Tactical Combat Academy\" \/>\n<meta property=\"og:description\" content=\"Der Hartmann Trauma Verband ist ein professionell gestalteter Druckverband f\u00fcr die schnelle Behandlung von schweren Verletzungen und massiven Blutungen im Einsatz.\" \/>\n<meta property=\"og:url\" content=\"https:\/\/eshop.tca.sk\/de\/medic-de\/hartmann-trauma-bandage\/\" \/>\n<meta property=\"og:site_name\" content=\"TCA eShop - Tactical Combat Academy\" \/>\n<meta property=\"article:modified_time\" content=\"2026-01-08T12:21:09+00:00\" \/>\n<meta property=\"og:image\" content=\"https:\/\/eshop.tca.sk\/wp-content\/uploads\/2025\/06\/Hartmann-Trauma-Bandage1-1.jpg\" \/>\n\t<meta property=\"og:image:width\" content=\"1000\" \/>\n\t<meta property=\"og:image:height\" content=\"1000\" \/>\n\t<meta property=\"og:image:type\" content=\"image\/jpeg\" \/>\n<meta name=\"twitter:card\" content=\"summary_large_image\" \/>\n<script type=\"application\/ld+json\" class=\"yoast-schema-graph\">{\"@context\":\"https:\/\/schema.org\",\"@graph\":[{\"@type\":\"WebPage\",\"@id\":\"https:\/\/eshop.tca.sk\/de\/medic-de\/hartmann-trauma-bandage\/\",\"url\":\"https:\/\/eshop.tca.sk\/de\/medic-de\/hartmann-trauma-bandage\/\",\"name\":\"Hartmann Trauma Bandage Druckverband - TCA eShop - Tactical Combat Academy\",\"isPartOf\":{\"@id\":\"https:\/\/eshop.tca.sk\/de\/#website\"},\"primaryImageOfPage\":{\"@id\":\"https:\/\/eshop.tca.sk\/de\/medic-de\/hartmann-trauma-bandage\/#primaryimage\"},\"image\":{\"@id\":\"https:\/\/eshop.tca.sk\/de\/medic-de\/hartmann-trauma-bandage\/#primaryimage\"},\"thumbnailUrl\":\"https:\/\/eshop.tca.sk\/wp-content\/uploads\/2025\/06\/Hartmann-Trauma-Bandage1-1.jpg\",\"datePublished\":\"2025-06-03T08:38:01+00:00\",\"dateModified\":\"2026-01-08T12:21:09+00:00\",\"description\":\"Der Hartmann Trauma Verband ist ein professionell gestalteter Druckverband f\u00fcr die schnelle Behandlung von schweren Verletzungen und massiven Blutungen im Einsatz.\",\"breadcrumb\":{\"@id\":\"https:\/\/eshop.tca.sk\/de\/medic-de\/hartmann-trauma-bandage\/#breadcrumb\"},\"inLanguage\":\"de\",\"potentialAction\":[{\"@type\":\"ReadAction\",\"target\":[\"https:\/\/eshop.tca.sk\/de\/medic-de\/hartmann-trauma-bandage\/\"]}]},{\"@type\":\"ImageObject\",\"inLanguage\":\"de\",\"@id\":\"https:\/\/eshop.tca.sk\/de\/medic-de\/hartmann-trauma-bandage\/#primaryimage\",\"url\":\"https:\/\/eshop.tca.sk\/wp-content\/uploads\/2025\/06\/Hartmann-Trauma-Bandage1-1.jpg\",\"contentUrl\":\"https:\/\/eshop.tca.sk\/wp-content\/uploads\/2025\/06\/Hartmann-Trauma-Bandage1-1.jpg\",\"width\":1000,\"height\":1000,\"caption\":\"Tlakov\u00fd obv\u00e4z Hartmann Trauma Bandage\"},{\"@type\":\"BreadcrumbList\",\"@id\":\"https:\/\/eshop.tca.sk\/de\/medic-de\/hartmann-trauma-bandage\/#breadcrumb\",\"itemListElement\":[{\"@type\":\"ListItem\",\"position\":1,\"name\":\"Domovsk\u00e1 str\u00e1nka\",\"item\":\"https:\/\/eshop.tca.sk\/de\/\"},{\"@type\":\"ListItem\",\"position\":2,\"name\":\"Shop\",\"item\":\"https:\/\/eshop.tca.sk\/de\/shop\/\"},{\"@type\":\"ListItem\",\"position\":3,\"name\":\"Hartmann Trauma Bandage Druckverband\"}]},{\"@type\":\"WebSite\",\"@id\":\"https:\/\/eshop.tca.sk\/de\/#website\",\"url\":\"https:\/\/eshop.tca.sk\/de\/\",\"name\":\"TCA eShop - Tactical Combat Academy\",\"description\":\"Tactical Combat Academy\",\"publisher\":{\"@id\":\"https:\/\/eshop.tca.sk\/de\/#organization\"},\"potentialAction\":[{\"@type\":\"SearchAction\",\"target\":{\"@type\":\"EntryPoint\",\"urlTemplate\":\"https:\/\/eshop.tca.sk\/de\/?s={search_term_string}\"},\"query-input\":{\"@type\":\"PropertyValueSpecification\",\"valueRequired\":true,\"valueName\":\"search_term_string\"}}],\"inLanguage\":\"de\"},{\"@type\":\"Organization\",\"@id\":\"https:\/\/eshop.tca.sk\/de\/#organization\",\"name\":\"TCA eShop - Tactical Combat Academy\",\"url\":\"https:\/\/eshop.tca.sk\/de\/\",\"logo\":{\"@type\":\"ImageObject\",\"inLanguage\":\"de\",\"@id\":\"https:\/\/eshop.tca.sk\/de\/#\/schema\/logo\/image\/\",\"url\":\"https:\/\/eshop.tca.sk\/wp-content\/uploads\/2025\/06\/logo-new-header.png\",\"contentUrl\":\"https:\/\/eshop.tca.sk\/wp-content\/uploads\/2025\/06\/logo-new-header.png\",\"width\":300,\"height\":294,\"caption\":\"TCA eShop - Tactical Combat Academy\"},\"image\":{\"@id\":\"https:\/\/eshop.tca.sk\/de\/#\/schema\/logo\/image\/\"}}]}<\/script>\n<!-- \/ Yoast SEO plugin. -->","yoast_head_json":{"title":"Hartmann Trauma Bandage Druckverband - TCA eShop - Tactical Combat Academy","description":"Der Hartmann Trauma Verband ist ein professionell gestalteter Druckverband f\u00fcr die schnelle Behandlung von schweren Verletzungen und massiven Blutungen im Einsatz.","robots":{"index":"index","follow":"follow","max-snippet":"max-snippet:-1","max-image-preview":"max-image-preview:large","max-video-preview":"max-video-preview:-1"},"canonical":"https:\/\/eshop.tca.sk\/de\/medic-de\/hartmann-trauma-bandage\/","og_locale":"de_DE","og_type":"article","og_title":"Hartmann Trauma Bandage Druckverband - TCA eShop - Tactical Combat Academy","og_description":"Der Hartmann Trauma Verband ist ein professionell gestalteter Druckverband f\u00fcr die schnelle Behandlung von schweren Verletzungen und massiven Blutungen im Einsatz.","og_url":"https:\/\/eshop.tca.sk\/de\/medic-de\/hartmann-trauma-bandage\/","og_site_name":"TCA eShop - Tactical Combat Academy","article_modified_time":"2026-01-08T12:21:09+00:00","og_image":[{"width":1000,"height":1000,"url":"https:\/\/eshop.tca.sk\/wp-content\/uploads\/2025\/06\/Hartmann-Trauma-Bandage1-1.jpg","type":"image\/jpeg"}],"twitter_card":"summary_large_image","schema":{"@context":"https:\/\/schema.org","@graph":[{"@type":"WebPage","@id":"https:\/\/eshop.tca.sk\/de\/medic-de\/hartmann-trauma-bandage\/","url":"https:\/\/eshop.tca.sk\/de\/medic-de\/hartmann-trauma-bandage\/","name":"Hartmann Trauma Bandage Druckverband - TCA eShop - Tactical Combat Academy","isPartOf":{"@id":"https:\/\/eshop.tca.sk\/de\/#website"},"primaryImageOfPage":{"@id":"https:\/\/eshop.tca.sk\/de\/medic-de\/hartmann-trauma-bandage\/#primaryimage"},"image":{"@id":"https:\/\/eshop.tca.sk\/de\/medic-de\/hartmann-trauma-bandage\/#primaryimage"},"thumbnailUrl":"https:\/\/eshop.tca.sk\/wp-content\/uploads\/2025\/06\/Hartmann-Trauma-Bandage1-1.jpg","datePublished":"2025-06-03T08:38:01+00:00","dateModified":"2026-01-08T12:21:09+00:00","description":"Der Hartmann Trauma Verband ist ein professionell gestalteter Druckverband f\u00fcr die schnelle Behandlung von schweren Verletzungen und massiven Blutungen im Einsatz.","breadcrumb":{"@id":"https:\/\/eshop.tca.sk\/de\/medic-de\/hartmann-trauma-bandage\/#breadcrumb"},"inLanguage":"de","potentialAction":[{"@type":"ReadAction","target":["https:\/\/eshop.tca.sk\/de\/medic-de\/hartmann-trauma-bandage\/"]}]},{"@type":"ImageObject","inLanguage":"de","@id":"https:\/\/eshop.tca.sk\/de\/medic-de\/hartmann-trauma-bandage\/#primaryimage","url":"https:\/\/eshop.tca.sk\/wp-content\/uploads\/2025\/06\/Hartmann-Trauma-Bandage1-1.jpg","contentUrl":"https:\/\/eshop.tca.sk\/wp-content\/uploads\/2025\/06\/Hartmann-Trauma-Bandage1-1.jpg","width":1000,"height":1000,"caption":"Tlakov\u00fd obv\u00e4z Hartmann Trauma Bandage"},{"@type":"BreadcrumbList","@id":"https:\/\/eshop.tca.sk\/de\/medic-de\/hartmann-trauma-bandage\/#breadcrumb","itemListElement":[{"@type":"ListItem","position":1,"name":"Domovsk\u00e1 str\u00e1nka","item":"https:\/\/eshop.tca.sk\/de\/"},{"@type":"ListItem","position":2,"name":"Shop","item":"https:\/\/eshop.tca.sk\/de\/shop\/"},{"@type":"ListItem","position":3,"name":"Hartmann Trauma Bandage Druckverband"}]},{"@type":"WebSite","@id":"https:\/\/eshop.tca.sk\/de\/#website","url":"https:\/\/eshop.tca.sk\/de\/","name":"TCA eShop - Tactical Combat Academy","description":"Tactical Combat Academy","publisher":{"@id":"https:\/\/eshop.tca.sk\/de\/#organization"},"potentialAction":[{"@type":"SearchAction","target":{"@type":"EntryPoint","urlTemplate":"https:\/\/eshop.tca.sk\/de\/?s={search_term_string}"},"query-input":{"@type":"PropertyValueSpecification","valueRequired":true,"valueName":"search_term_string"}}],"inLanguage":"de"},{"@type":"Organization","@id":"https:\/\/eshop.tca.sk\/de\/#organization","name":"TCA eShop - Tactical Combat Academy","url":"https:\/\/eshop.tca.sk\/de\/","logo":{"@type":"ImageObject","inLanguage":"de","@id":"https:\/\/eshop.tca.sk\/de\/#\/schema\/logo\/image\/","url":"https:\/\/eshop.tca.sk\/wp-content\/uploads\/2025\/06\/logo-new-header.png","contentUrl":"https:\/\/eshop.tca.sk\/wp-content\/uploads\/2025\/06\/logo-new-header.png","width":300,"height":294,"caption":"TCA eShop - Tactical Combat Academy"},"image":{"@id":"https:\/\/eshop.tca.sk\/de\/#\/schema\/logo\/image\/"}}]}},"_links":{"self":[{"href":"https:\/\/eshop.tca.sk\/de\/wp-json\/wp\/v2\/product\/15195","targetHints":{"allow":["GET"]}}],"collection":[{"href":"https:\/\/eshop.tca.sk\/de\/wp-json\/wp\/v2\/product"}],"about":[{"href":"https:\/\/eshop.tca.sk\/de\/wp-json\/wp\/v2\/types\/product"}],"wp:featuredmedia":[{"embeddable":true,"href":"https:\/\/eshop.tca.sk\/de\/wp-json\/wp\/v2\/media\/15023"}],"wp:attachment":[{"href":"https:\/\/eshop.tca.sk\/de\/wp-json\/wp\/v2\/media?parent=15195"}],"wp:term":[{"taxonomy":"product_brand","embeddable":true,"href":"https:\/\/eshop.tca.sk\/de\/wp-json\/wp\/v2\/product_brand?post=15195"},{"taxonomy":"product_cat","embeddable":true,"href":"https:\/\/eshop.tca.sk\/de\/wp-json\/wp\/v2\/product_cat?post=15195"},{"taxonomy":"product_tag","embeddable":true,"href":"https:\/\/eshop.tca.sk\/de\/wp-json\/wp\/v2\/product_tag?post=15195"},{"taxonomy":"giftcard-category","embeddable":true,"href":"https:\/\/eshop.tca.sk\/de\/wp-json\/wp\/v2\/giftcard-category?post=15195"}],"curies":[{"name":"wp","href":"https:\/\/api.w.org\/{rel}","templated":true}]}}