{"id":15214,"date":"2025-08-13T13:09:37","date_gmt":"2025-08-13T11:09:37","guid":{"rendered":"https:\/\/eshop.tca.sk\/?post_type=product&#038;p=15214"},"modified":"2025-11-03T11:23:15","modified_gmt":"2025-11-03T10:23:15","slug":"abzug-fur-ar15-geissele-super-tricon-2-stage-trigger","status":"publish","type":"product","link":"https:\/\/eshop.tca.sk\/de\/waffenzubehoer\/abzug-fur-ar15-geissele-super-tricon-2-stage-trigger\/","title":{"rendered":"Abzug f\u00fcr AR15 Geissele Super Tricon 2-STAGE Abzug"},"content":{"rendered":"<h3>Abzug f\u00fcr AR15 Geissele Super Tricon 2-STAGE Abzug<\/h3>\n<p><strong>Der AR15 Geissele Super Tricon 2-STAGE Abzug<\/strong> ist ein erstklassiger zweistufiger Abzug, der f\u00fcr maximale Pr\u00e4zision, Kontrolle und Zuverl\u00e4ssigkeit beim Schie\u00dfen mit der AR15-Plattform entwickelt wurde. Sie wurde in Zusammenarbeit mit dem legend\u00e4ren Ausbilder Jeff Gonzales entwickelt und bietet ein hervorragendes Druckgef\u00fchl und eine konsistente Aktion sowohl f\u00fcr taktisches als auch f\u00fcr sportliches Schie\u00dfen.<\/p>\n<div><strong>Hauptmerkmale:<\/strong><\/div>\n<div>-Zweistufiger Mechanismus &#8211; erste Stufe mit feinem Widerstand f\u00fcr sichere Schussvorbereitung, zweite Stufe mit sauberem und pr\u00e4zisem Abzug.<\/div>\n<div>-Ausl\u00f6sewiderstand: ca. 2,5 lbs (1. Stufe) + 2 lbs (2. Stufe), Gesamtwiderstand ca. 4,5 lbs.<\/div>\n<div>-Ergonomische Abzugsfl\u00e4che mit rutschfestem Muster f\u00fcr einen sicheren Griff auch mit Handschuhen.<\/div>\n<div>-Hergestellt aus hochwertigem Stahl f\u00fcr lange Lebensdauer und Haltbarkeit in rauen Umgebungen.<\/div>\n<div>-Kompatibel mit AR15\/M4 Plattformen.<\/div>\n<div><\/div>\n<div>Geissele Super Tricon ist die ideale Wahl f\u00fcr Sch\u00fctzen, die auch in Stresssituationen absolute Schusskontrolle und hohe Konsistenz verlangen.<\/div>\n","protected":false},"excerpt":{"rendered":"<p><img loading=\"lazy\" decoding=\"async\" class=\"alignnone wp-image-13514\" src=\"https:\/\/eshop.tca.sk\/wp-content\/uploads\/2024\/10\/geissele-logo-e1729080930351.png\" alt=\"\" width=\"167\" height=\"45\"><\/p>\n<p><strong>Der Abzug f\u00fcr das AR15 Geissele Super Tricon 2-STAGE Trigger<\/strong> ist ein hochwertiger zweistufiger Abzug, der f\u00fcr maximale Genauigkeit, Kontrolle und Zuverl\u00e4ssigkeit beim Schie\u00dfen entwickelt wurde.<\/p>\n<p><img loading=\"lazy\" decoding=\"async\" class=\"wp-image-8564 alignnone\" src=\"https:\/\/eshop.tca.sk\/wp-content\/uploads\/2023\/04\/Logo-Whack-Black-White-R-APPROVED.png\" alt=\"\" width=\"138\" height=\"75\" srcset=\"https:\/\/eshop.tca.sk\/wp-content\/uploads\/2023\/04\/Logo-Whack-Black-White-R-APPROVED.png 571w, https:\/\/eshop.tca.sk\/wp-content\/uploads\/2023\/04\/Logo-Whack-Black-White-R-APPROVED-300x163.png 300w\" sizes=\"auto, (max-width: 138px) 100vw, 138px\" \/><\/p>\n","protected":false},"featured_media":15216,"template":"","meta":{"inline_featured_image":false},"product_brand":[],"product_cat":[620,318],"product_tag":[670],"giftcard-category":[],"class_list":{"0":"post-15214","1":"product","2":"type-product","3":"status-publish","4":"has-post-thumbnail","6":"product_cat-teile","7":"product_cat-waffenzubehoer","8":"product_tag-geissele-de","10":"first","11":"instock","12":"taxable","13":"shipping-taxable","14":"purchasable","15":"product-type-simple"},"yoast_head":"<!-- This site is optimized with the Yoast SEO plugin v26.4 - https:\/\/yoast.com\/wordpress\/plugins\/seo\/ -->\n<title>Abzug f\u00fcr AR15 Geissele Super Tricon 2-STAGE Abzug - TCA eShop - Tactical Combat Academy<\/title>\n<meta name=\"description\" content=\"Der Abzug f\u00fcr das AR15 Geissele Super Tricon 2-STAGE Trigger ist ein hochwertiger zweistufiger Abzug, der f\u00fcr maximale Genauigkeit, Kontrolle und Zuverl\u00e4ssigkeit beim Schie\u00dfen entwickelt wurde.\" \/>\n<meta name=\"robots\" content=\"index, follow, max-snippet:-1, max-image-preview:large, max-video-preview:-1\" \/>\n<link rel=\"canonical\" href=\"https:\/\/eshop.tca.sk\/de\/waffenzubehoer\/abzug-fur-ar15-geissele-super-tricon-2-stage-trigger\/\" \/>\n<meta property=\"og:locale\" content=\"de_DE\" \/>\n<meta property=\"og:type\" content=\"article\" \/>\n<meta property=\"og:title\" content=\"Abzug f\u00fcr AR15 Geissele Super Tricon 2-STAGE Abzug - TCA eShop - Tactical Combat Academy\" \/>\n<meta property=\"og:description\" content=\"Der Abzug f\u00fcr das AR15 Geissele Super Tricon 2-STAGE Trigger ist ein hochwertiger zweistufiger Abzug, der f\u00fcr maximale Genauigkeit, Kontrolle und Zuverl\u00e4ssigkeit beim Schie\u00dfen entwickelt wurde.\" \/>\n<meta property=\"og:url\" content=\"https:\/\/eshop.tca.sk\/de\/waffenzubehoer\/abzug-fur-ar15-geissele-super-tricon-2-stage-trigger\/\" \/>\n<meta property=\"og:site_name\" content=\"TCA eShop - Tactical Combat Academy\" \/>\n<meta property=\"article:modified_time\" content=\"2025-11-03T10:23:15+00:00\" \/>\n<meta property=\"og:image\" content=\"https:\/\/eshop.tca.sk\/wp-content\/uploads\/2025\/08\/Geissele-Super-Tricon.jpg\" \/>\n\t<meta property=\"og:image:width\" content=\"1000\" \/>\n\t<meta property=\"og:image:height\" content=\"1000\" \/>\n\t<meta property=\"og:image:type\" content=\"image\/jpeg\" \/>\n<meta name=\"twitter:card\" content=\"summary_large_image\" \/>\n<script type=\"application\/ld+json\" class=\"yoast-schema-graph\">{\"@context\":\"https:\/\/schema.org\",\"@graph\":[{\"@type\":\"WebPage\",\"@id\":\"https:\/\/eshop.tca.sk\/de\/waffenzubehoer\/abzug-fur-ar15-geissele-super-tricon-2-stage-trigger\/\",\"url\":\"https:\/\/eshop.tca.sk\/de\/waffenzubehoer\/abzug-fur-ar15-geissele-super-tricon-2-stage-trigger\/\",\"name\":\"Abzug f\u00fcr AR15 Geissele Super Tricon 2-STAGE Abzug - TCA eShop - Tactical Combat Academy\",\"isPartOf\":{\"@id\":\"https:\/\/eshop.tca.sk\/de\/#website\"},\"primaryImageOfPage\":{\"@id\":\"https:\/\/eshop.tca.sk\/de\/waffenzubehoer\/abzug-fur-ar15-geissele-super-tricon-2-stage-trigger\/#primaryimage\"},\"image\":{\"@id\":\"https:\/\/eshop.tca.sk\/de\/waffenzubehoer\/abzug-fur-ar15-geissele-super-tricon-2-stage-trigger\/#primaryimage\"},\"thumbnailUrl\":\"https:\/\/eshop.tca.sk\/wp-content\/uploads\/2025\/08\/Geissele-Super-Tricon.jpg\",\"datePublished\":\"2025-08-13T11:09:37+00:00\",\"dateModified\":\"2025-11-03T10:23:15+00:00\",\"description\":\"Der Abzug f\u00fcr das AR15 Geissele Super Tricon 2-STAGE Trigger ist ein hochwertiger zweistufiger Abzug, der f\u00fcr maximale Genauigkeit, Kontrolle und Zuverl\u00e4ssigkeit beim Schie\u00dfen entwickelt wurde.\",\"breadcrumb\":{\"@id\":\"https:\/\/eshop.tca.sk\/de\/waffenzubehoer\/abzug-fur-ar15-geissele-super-tricon-2-stage-trigger\/#breadcrumb\"},\"inLanguage\":\"de\",\"potentialAction\":[{\"@type\":\"ReadAction\",\"target\":[\"https:\/\/eshop.tca.sk\/de\/waffenzubehoer\/abzug-fur-ar15-geissele-super-tricon-2-stage-trigger\/\"]}]},{\"@type\":\"ImageObject\",\"inLanguage\":\"de\",\"@id\":\"https:\/\/eshop.tca.sk\/de\/waffenzubehoer\/abzug-fur-ar15-geissele-super-tricon-2-stage-trigger\/#primaryimage\",\"url\":\"https:\/\/eshop.tca.sk\/wp-content\/uploads\/2025\/08\/Geissele-Super-Tricon.jpg\",\"contentUrl\":\"https:\/\/eshop.tca.sk\/wp-content\/uploads\/2025\/08\/Geissele-Super-Tricon.jpg\",\"width\":1000,\"height\":1000,\"caption\":\"Sp\u00fa\u0161\u0165 pre AR15 Geissele Super Tricon 2-STAGE Trigger\"},{\"@type\":\"BreadcrumbList\",\"@id\":\"https:\/\/eshop.tca.sk\/de\/waffenzubehoer\/abzug-fur-ar15-geissele-super-tricon-2-stage-trigger\/#breadcrumb\",\"itemListElement\":[{\"@type\":\"ListItem\",\"position\":1,\"name\":\"Domovsk\u00e1 str\u00e1nka\",\"item\":\"https:\/\/eshop.tca.sk\/de\/\"},{\"@type\":\"ListItem\",\"position\":2,\"name\":\"Shop\",\"item\":\"https:\/\/eshop.tca.sk\/de\/shop\/\"},{\"@type\":\"ListItem\",\"position\":3,\"name\":\"Abzug f\u00fcr AR15 Geissele Super Tricon 2-STAGE Abzug\"}]},{\"@type\":\"WebSite\",\"@id\":\"https:\/\/eshop.tca.sk\/de\/#website\",\"url\":\"https:\/\/eshop.tca.sk\/de\/\",\"name\":\"TCA eShop - Tactical Combat Academy\",\"description\":\"Tactical Combat Academy\",\"publisher\":{\"@id\":\"https:\/\/eshop.tca.sk\/de\/#organization\"},\"potentialAction\":[{\"@type\":\"SearchAction\",\"target\":{\"@type\":\"EntryPoint\",\"urlTemplate\":\"https:\/\/eshop.tca.sk\/de\/?s={search_term_string}\"},\"query-input\":{\"@type\":\"PropertyValueSpecification\",\"valueRequired\":true,\"valueName\":\"search_term_string\"}}],\"inLanguage\":\"de\"},{\"@type\":\"Organization\",\"@id\":\"https:\/\/eshop.tca.sk\/de\/#organization\",\"name\":\"TCA eShop - Tactical Combat Academy\",\"url\":\"https:\/\/eshop.tca.sk\/de\/\",\"logo\":{\"@type\":\"ImageObject\",\"inLanguage\":\"de\",\"@id\":\"https:\/\/eshop.tca.sk\/de\/#\/schema\/logo\/image\/\",\"url\":\"https:\/\/eshop.tca.sk\/wp-content\/uploads\/2025\/06\/logo-new-header.png\",\"contentUrl\":\"https:\/\/eshop.tca.sk\/wp-content\/uploads\/2025\/06\/logo-new-header.png\",\"width\":300,\"height\":294,\"caption\":\"TCA eShop - Tactical Combat Academy\"},\"image\":{\"@id\":\"https:\/\/eshop.tca.sk\/de\/#\/schema\/logo\/image\/\"}}]}<\/script>\n<!-- \/ Yoast SEO plugin. -->","yoast_head_json":{"title":"Abzug f\u00fcr AR15 Geissele Super Tricon 2-STAGE Abzug - TCA eShop - Tactical Combat Academy","description":"Der Abzug f\u00fcr das AR15 Geissele Super Tricon 2-STAGE Trigger ist ein hochwertiger zweistufiger Abzug, der f\u00fcr maximale Genauigkeit, Kontrolle und Zuverl\u00e4ssigkeit beim Schie\u00dfen entwickelt wurde.","robots":{"index":"index","follow":"follow","max-snippet":"max-snippet:-1","max-image-preview":"max-image-preview:large","max-video-preview":"max-video-preview:-1"},"canonical":"https:\/\/eshop.tca.sk\/de\/waffenzubehoer\/abzug-fur-ar15-geissele-super-tricon-2-stage-trigger\/","og_locale":"de_DE","og_type":"article","og_title":"Abzug f\u00fcr AR15 Geissele Super Tricon 2-STAGE Abzug - TCA eShop - Tactical Combat Academy","og_description":"Der Abzug f\u00fcr das AR15 Geissele Super Tricon 2-STAGE Trigger ist ein hochwertiger zweistufiger Abzug, der f\u00fcr maximale Genauigkeit, Kontrolle und Zuverl\u00e4ssigkeit beim Schie\u00dfen entwickelt wurde.","og_url":"https:\/\/eshop.tca.sk\/de\/waffenzubehoer\/abzug-fur-ar15-geissele-super-tricon-2-stage-trigger\/","og_site_name":"TCA eShop - Tactical Combat Academy","article_modified_time":"2025-11-03T10:23:15+00:00","og_image":[{"width":1000,"height":1000,"url":"https:\/\/eshop.tca.sk\/wp-content\/uploads\/2025\/08\/Geissele-Super-Tricon.jpg","type":"image\/jpeg"}],"twitter_card":"summary_large_image","schema":{"@context":"https:\/\/schema.org","@graph":[{"@type":"WebPage","@id":"https:\/\/eshop.tca.sk\/de\/waffenzubehoer\/abzug-fur-ar15-geissele-super-tricon-2-stage-trigger\/","url":"https:\/\/eshop.tca.sk\/de\/waffenzubehoer\/abzug-fur-ar15-geissele-super-tricon-2-stage-trigger\/","name":"Abzug f\u00fcr AR15 Geissele Super Tricon 2-STAGE Abzug - TCA eShop - Tactical Combat Academy","isPartOf":{"@id":"https:\/\/eshop.tca.sk\/de\/#website"},"primaryImageOfPage":{"@id":"https:\/\/eshop.tca.sk\/de\/waffenzubehoer\/abzug-fur-ar15-geissele-super-tricon-2-stage-trigger\/#primaryimage"},"image":{"@id":"https:\/\/eshop.tca.sk\/de\/waffenzubehoer\/abzug-fur-ar15-geissele-super-tricon-2-stage-trigger\/#primaryimage"},"thumbnailUrl":"https:\/\/eshop.tca.sk\/wp-content\/uploads\/2025\/08\/Geissele-Super-Tricon.jpg","datePublished":"2025-08-13T11:09:37+00:00","dateModified":"2025-11-03T10:23:15+00:00","description":"Der Abzug f\u00fcr das AR15 Geissele Super Tricon 2-STAGE Trigger ist ein hochwertiger zweistufiger Abzug, der f\u00fcr maximale Genauigkeit, Kontrolle und Zuverl\u00e4ssigkeit beim Schie\u00dfen entwickelt wurde.","breadcrumb":{"@id":"https:\/\/eshop.tca.sk\/de\/waffenzubehoer\/abzug-fur-ar15-geissele-super-tricon-2-stage-trigger\/#breadcrumb"},"inLanguage":"de","potentialAction":[{"@type":"ReadAction","target":["https:\/\/eshop.tca.sk\/de\/waffenzubehoer\/abzug-fur-ar15-geissele-super-tricon-2-stage-trigger\/"]}]},{"@type":"ImageObject","inLanguage":"de","@id":"https:\/\/eshop.tca.sk\/de\/waffenzubehoer\/abzug-fur-ar15-geissele-super-tricon-2-stage-trigger\/#primaryimage","url":"https:\/\/eshop.tca.sk\/wp-content\/uploads\/2025\/08\/Geissele-Super-Tricon.jpg","contentUrl":"https:\/\/eshop.tca.sk\/wp-content\/uploads\/2025\/08\/Geissele-Super-Tricon.jpg","width":1000,"height":1000,"caption":"Sp\u00fa\u0161\u0165 pre AR15 Geissele Super Tricon 2-STAGE Trigger"},{"@type":"BreadcrumbList","@id":"https:\/\/eshop.tca.sk\/de\/waffenzubehoer\/abzug-fur-ar15-geissele-super-tricon-2-stage-trigger\/#breadcrumb","itemListElement":[{"@type":"ListItem","position":1,"name":"Domovsk\u00e1 str\u00e1nka","item":"https:\/\/eshop.tca.sk\/de\/"},{"@type":"ListItem","position":2,"name":"Shop","item":"https:\/\/eshop.tca.sk\/de\/shop\/"},{"@type":"ListItem","position":3,"name":"Abzug f\u00fcr AR15 Geissele Super Tricon 2-STAGE Abzug"}]},{"@type":"WebSite","@id":"https:\/\/eshop.tca.sk\/de\/#website","url":"https:\/\/eshop.tca.sk\/de\/","name":"TCA eShop - Tactical Combat Academy","description":"Tactical Combat Academy","publisher":{"@id":"https:\/\/eshop.tca.sk\/de\/#organization"},"potentialAction":[{"@type":"SearchAction","target":{"@type":"EntryPoint","urlTemplate":"https:\/\/eshop.tca.sk\/de\/?s={search_term_string}"},"query-input":{"@type":"PropertyValueSpecification","valueRequired":true,"valueName":"search_term_string"}}],"inLanguage":"de"},{"@type":"Organization","@id":"https:\/\/eshop.tca.sk\/de\/#organization","name":"TCA eShop - Tactical Combat Academy","url":"https:\/\/eshop.tca.sk\/de\/","logo":{"@type":"ImageObject","inLanguage":"de","@id":"https:\/\/eshop.tca.sk\/de\/#\/schema\/logo\/image\/","url":"https:\/\/eshop.tca.sk\/wp-content\/uploads\/2025\/06\/logo-new-header.png","contentUrl":"https:\/\/eshop.tca.sk\/wp-content\/uploads\/2025\/06\/logo-new-header.png","width":300,"height":294,"caption":"TCA eShop - Tactical Combat Academy"},"image":{"@id":"https:\/\/eshop.tca.sk\/de\/#\/schema\/logo\/image\/"}}]}},"_links":{"self":[{"href":"https:\/\/eshop.tca.sk\/de\/wp-json\/wp\/v2\/product\/15214","targetHints":{"allow":["GET"]}}],"collection":[{"href":"https:\/\/eshop.tca.sk\/de\/wp-json\/wp\/v2\/product"}],"about":[{"href":"https:\/\/eshop.tca.sk\/de\/wp-json\/wp\/v2\/types\/product"}],"wp:featuredmedia":[{"embeddable":true,"href":"https:\/\/eshop.tca.sk\/de\/wp-json\/wp\/v2\/media\/15216"}],"wp:attachment":[{"href":"https:\/\/eshop.tca.sk\/de\/wp-json\/wp\/v2\/media?parent=15214"}],"wp:term":[{"taxonomy":"product_brand","embeddable":true,"href":"https:\/\/eshop.tca.sk\/de\/wp-json\/wp\/v2\/product_brand?post=15214"},{"taxonomy":"product_cat","embeddable":true,"href":"https:\/\/eshop.tca.sk\/de\/wp-json\/wp\/v2\/product_cat?post=15214"},{"taxonomy":"product_tag","embeddable":true,"href":"https:\/\/eshop.tca.sk\/de\/wp-json\/wp\/v2\/product_tag?post=15214"},{"taxonomy":"giftcard-category","embeddable":true,"href":"https:\/\/eshop.tca.sk\/de\/wp-json\/wp\/v2\/giftcard-category?post=15214"}],"curies":[{"name":"wp","href":"https:\/\/api.w.org\/{rel}","templated":true}]}}