{"id":15272,"date":"2025-08-30T14:21:13","date_gmt":"2025-08-30T12:21:13","guid":{"rendered":"https:\/\/eshop.tca.sk\/?post_type=product&#038;p=15272"},"modified":"2025-12-29T13:51:51","modified_gmt":"2025-12-29T12:51:51","slug":"taska-na-pusku-fenix-protector-tca-rifle-bag-multicam","status":"publish","type":"product","link":"https:\/\/eshop.tca.sk\/de\/waffenzubehoer\/taska-na-pusku-fenix-protector-tca-rifle-bag-multicam\/","title":{"rendered":"Gewehrtasche Fenix Protector TCA Rifle Bag MULTICAM"},"content":{"rendered":"<h3><strong>Gewehrtasche Fenix Protector TCA Gewehrtasche MULTICAM<\/strong><\/h3>\n<p><strong>Die Fenix Protector TCA Rifle Bag MULTICAM<\/strong> ist eine professionelle Gewehrtasche\/ein professioneller Gewehrrucksack, der in Zusammenarbeit mit der <a href=\"https:\/\/www.tca.sk\/otvorene-kurzy\"><strong>Tactical Combat Academy<\/strong><\/a> und einem tschechischen Hersteller <a href=\"https:\/\/www.fenix-protector.com\/\"><strong>Fenix Besch\u00fctzer<\/strong><\/a>. Der Entwurf basiert auf der Erfahrung der Ausbilder <a href=\"https:\/\/www.tca.sk\/profil\/instruktori\"><strong>TCA<\/strong><\/a> und bringt maximale Praktikabilit\u00e4t f\u00fcr Sportsch\u00fctzen, Streitkr\u00e4fte und Profis.<\/p>\n<p>Die Tasche wird in Europa aus langlebigen, hochwertigen Materialien hergestellt. Dank ihres cleveren Designs kann sie als klassische Tasche oder bequem als Rucksack getragen werden.<\/p>\n<h4><strong>Merkmale und Ausstattung:<\/strong><\/h4>\n<ul>\n<li>Kleine Au\u00dfentasche f\u00fcr Dokumente und PALS-Bindung zur Erweiterung mit zus\u00e4tzlichen Taschen.<\/li>\n<li>Interne, erweiterbare Tasche f\u00fcr Brustgeschirr oder Zubeh\u00f6r.<\/li>\n<li>Klettgriffe am Gewehr, Taschen f\u00fcr den Schaft, den Lauf, den Schalld\u00e4mpfer und das Zubeh\u00f6r.<\/li>\n<li>Riemen zur Befestigung der Waffe und abnehmbares Trennpolster (kann auch als Schie\u00dfpolster verwendet werden).<\/li>\n<li>Unterlegscheibe aus abwaschbarem Material zur Reinigung der Waffe.<\/li>\n<li>Praktisches Layout f\u00fcr die bequeme Aufbewahrung von Waffen und Ausr\u00fcstung.<\/li>\n<\/ul>\n<p><strong>Kapazit\u00e4t:<\/strong><\/p>\n<ul>\n<li>AR-15 mit 14,5&#8243; Lauf und Klappschaft oder k\u00fcrzer mit verl\u00e4ngertem Schaft.<\/li>\n<li>L\u00e4ngeres AR-15 nach Aufteilung in Upper und Lower.<\/li>\n<li>Er kann problemlos 2 Gewehre oder bis zu 3 kleinere Gewehre aufnehmen.<\/li>\n<\/ul>\n<p><strong>Die wichtigsten Vorteile:<\/strong><\/p>\n<ul>\n<li>Durchdachtes Design von Ausbildern der Tactical Combat Academy.<\/li>\n<li>Hergestellt in Europa aus hochwertigen Materialien.<\/li>\n<li>Universell einsetzbar als Tasche oder Rucksack.<\/li>\n<li>Maximaler Schutz und Variabilit\u00e4t f\u00fcr Waffen und Ausr\u00fcstung.<\/li>\n<\/ul>\n","protected":false},"excerpt":{"rendered":"<p><img loading=\"lazy\" decoding=\"async\" class=\"alignnone wp-image-9073\" src=\"https:\/\/eshop.tca.sk\/wp-content\/uploads\/2023\/04\/logo-fenix-protector-2.png\" alt=\"\" width=\"100\" height=\"70\"><\/p>\n<p><strong>Die Fenix Protector TCA Rifle Bag MULTICAM<\/strong> ist eine professionelle Gewehrtasche\/Rucksack, die in Zusammenarbeit zwischen <strong>Tactical Combat Academy<\/strong> und <strong>Fenix Protector<\/strong> entwickelt wurde.<\/p>\n<p><img loading=\"lazy\" decoding=\"async\" class=\"wp-image-8564 alignnone\" src=\"https:\/\/eshop.tca.sk\/wp-content\/uploads\/2023\/04\/Logo-Whack-Black-White-R-APPROVED.png\" alt=\"\" width=\"138\" height=\"75\" srcset=\"https:\/\/eshop.tca.sk\/wp-content\/uploads\/2023\/04\/Logo-Whack-Black-White-R-APPROVED.png 571w, https:\/\/eshop.tca.sk\/wp-content\/uploads\/2023\/04\/Logo-Whack-Black-White-R-APPROVED-300x163.png 300w\" sizes=\"auto, (max-width: 138px) 100vw, 138px\" \/><\/p>\n<p>Vom <strong>TCA<\/strong> und dem <strong>WHACK<\/strong>-System verwendete und empfohlene Equipment.<\/p>\n","protected":false},"featured_media":15293,"template":"","meta":{"inline_featured_image":false},"product_brand":[],"product_cat":[603,318],"product_tag":[481],"giftcard-category":[],"class_list":{"0":"post-15272","1":"product","2":"type-product","3":"status-publish","4":"has-post-thumbnail","6":"product_cat-taschen","7":"product_cat-waffenzubehoer","8":"product_tag-fenix-protector-de","10":"first","11":"outofstock","12":"taxable","13":"shipping-taxable","14":"purchasable","15":"product-type-simple"},"yoast_head":"<!-- This site is optimized with the Yoast SEO plugin v26.4 - https:\/\/yoast.com\/wordpress\/plugins\/seo\/ -->\n<title>Gewehrtasche Fenix Protector TCA Rifle Bag MULTICAM - TCA eShop - Tactical Combat Academy<\/title>\n<meta name=\"description\" content=\"Die Fenix Protector TCA Rifle Bag MULTICAM ist eine professionelle Gewehrtasche, die in Zusammenarbeit von Tactical Combat Academy und Fenix Protector entwickelt wurde.\" \/>\n<meta name=\"robots\" content=\"index, follow, max-snippet:-1, max-image-preview:large, max-video-preview:-1\" \/>\n<link rel=\"canonical\" href=\"https:\/\/eshop.tca.sk\/de\/waffenzubehoer\/taska-na-pusku-fenix-protector-tca-rifle-bag-multicam\/\" \/>\n<meta property=\"og:locale\" content=\"de_DE\" \/>\n<meta property=\"og:type\" content=\"article\" \/>\n<meta property=\"og:title\" content=\"Gewehrtasche Fenix Protector TCA Rifle Bag MULTICAM - TCA eShop - Tactical Combat Academy\" \/>\n<meta property=\"og:description\" content=\"Die Fenix Protector TCA Rifle Bag MULTICAM ist eine professionelle Gewehrtasche, die in Zusammenarbeit von Tactical Combat Academy und Fenix Protector entwickelt wurde.\" \/>\n<meta property=\"og:url\" content=\"https:\/\/eshop.tca.sk\/de\/waffenzubehoer\/taska-na-pusku-fenix-protector-tca-rifle-bag-multicam\/\" \/>\n<meta property=\"og:site_name\" content=\"TCA eShop - Tactical Combat Academy\" \/>\n<meta property=\"article:modified_time\" content=\"2025-12-29T12:51:51+00:00\" \/>\n<meta property=\"og:image\" content=\"https:\/\/eshop.tca.sk\/wp-content\/uploads\/2025\/08\/TCA-Rifle-Bag-MTC-1-1.jpg\" \/>\n\t<meta property=\"og:image:width\" content=\"1000\" \/>\n\t<meta property=\"og:image:height\" content=\"1000\" \/>\n\t<meta property=\"og:image:type\" content=\"image\/jpeg\" \/>\n<meta name=\"twitter:card\" content=\"summary_large_image\" \/>\n<script type=\"application\/ld+json\" class=\"yoast-schema-graph\">{\"@context\":\"https:\/\/schema.org\",\"@graph\":[{\"@type\":\"WebPage\",\"@id\":\"https:\/\/eshop.tca.sk\/de\/waffenzubehoer\/taska-na-pusku-fenix-protector-tca-rifle-bag-multicam\/\",\"url\":\"https:\/\/eshop.tca.sk\/de\/waffenzubehoer\/taska-na-pusku-fenix-protector-tca-rifle-bag-multicam\/\",\"name\":\"Gewehrtasche Fenix Protector TCA Rifle Bag MULTICAM - TCA eShop - Tactical Combat Academy\",\"isPartOf\":{\"@id\":\"https:\/\/eshop.tca.sk\/de\/#website\"},\"primaryImageOfPage\":{\"@id\":\"https:\/\/eshop.tca.sk\/de\/waffenzubehoer\/taska-na-pusku-fenix-protector-tca-rifle-bag-multicam\/#primaryimage\"},\"image\":{\"@id\":\"https:\/\/eshop.tca.sk\/de\/waffenzubehoer\/taska-na-pusku-fenix-protector-tca-rifle-bag-multicam\/#primaryimage\"},\"thumbnailUrl\":\"https:\/\/eshop.tca.sk\/wp-content\/uploads\/2025\/08\/TCA-Rifle-Bag-MTC-1-1.jpg\",\"datePublished\":\"2025-08-30T12:21:13+00:00\",\"dateModified\":\"2025-12-29T12:51:51+00:00\",\"description\":\"Die Fenix Protector TCA Rifle Bag MULTICAM ist eine professionelle Gewehrtasche, die in Zusammenarbeit von Tactical Combat Academy und Fenix Protector entwickelt wurde.\",\"breadcrumb\":{\"@id\":\"https:\/\/eshop.tca.sk\/de\/waffenzubehoer\/taska-na-pusku-fenix-protector-tca-rifle-bag-multicam\/#breadcrumb\"},\"inLanguage\":\"de\",\"potentialAction\":[{\"@type\":\"ReadAction\",\"target\":[\"https:\/\/eshop.tca.sk\/de\/waffenzubehoer\/taska-na-pusku-fenix-protector-tca-rifle-bag-multicam\/\"]}]},{\"@type\":\"ImageObject\",\"inLanguage\":\"de\",\"@id\":\"https:\/\/eshop.tca.sk\/de\/waffenzubehoer\/taska-na-pusku-fenix-protector-tca-rifle-bag-multicam\/#primaryimage\",\"url\":\"https:\/\/eshop.tca.sk\/wp-content\/uploads\/2025\/08\/TCA-Rifle-Bag-MTC-1-1.jpg\",\"contentUrl\":\"https:\/\/eshop.tca.sk\/wp-content\/uploads\/2025\/08\/TCA-Rifle-Bag-MTC-1-1.jpg\",\"width\":1000,\"height\":1000,\"caption\":\"Ta\u0161ka na pu\u0161ku Fenix Protector TCA Rifle Bag MULTICAM\"},{\"@type\":\"BreadcrumbList\",\"@id\":\"https:\/\/eshop.tca.sk\/de\/waffenzubehoer\/taska-na-pusku-fenix-protector-tca-rifle-bag-multicam\/#breadcrumb\",\"itemListElement\":[{\"@type\":\"ListItem\",\"position\":1,\"name\":\"Domovsk\u00e1 str\u00e1nka\",\"item\":\"https:\/\/eshop.tca.sk\/de\/\"},{\"@type\":\"ListItem\",\"position\":2,\"name\":\"Shop\",\"item\":\"https:\/\/eshop.tca.sk\/de\/shop\/\"},{\"@type\":\"ListItem\",\"position\":3,\"name\":\"Gewehrtasche Fenix Protector TCA Rifle Bag MULTICAM\"}]},{\"@type\":\"WebSite\",\"@id\":\"https:\/\/eshop.tca.sk\/de\/#website\",\"url\":\"https:\/\/eshop.tca.sk\/de\/\",\"name\":\"TCA eShop - Tactical Combat Academy\",\"description\":\"Tactical Combat Academy\",\"publisher\":{\"@id\":\"https:\/\/eshop.tca.sk\/de\/#organization\"},\"potentialAction\":[{\"@type\":\"SearchAction\",\"target\":{\"@type\":\"EntryPoint\",\"urlTemplate\":\"https:\/\/eshop.tca.sk\/de\/?s={search_term_string}\"},\"query-input\":{\"@type\":\"PropertyValueSpecification\",\"valueRequired\":true,\"valueName\":\"search_term_string\"}}],\"inLanguage\":\"de\"},{\"@type\":\"Organization\",\"@id\":\"https:\/\/eshop.tca.sk\/de\/#organization\",\"name\":\"TCA eShop - Tactical Combat Academy\",\"url\":\"https:\/\/eshop.tca.sk\/de\/\",\"logo\":{\"@type\":\"ImageObject\",\"inLanguage\":\"de\",\"@id\":\"https:\/\/eshop.tca.sk\/de\/#\/schema\/logo\/image\/\",\"url\":\"https:\/\/eshop.tca.sk\/wp-content\/uploads\/2025\/06\/logo-new-header.png\",\"contentUrl\":\"https:\/\/eshop.tca.sk\/wp-content\/uploads\/2025\/06\/logo-new-header.png\",\"width\":300,\"height\":294,\"caption\":\"TCA eShop - Tactical Combat Academy\"},\"image\":{\"@id\":\"https:\/\/eshop.tca.sk\/de\/#\/schema\/logo\/image\/\"}}]}<\/script>\n<!-- \/ Yoast SEO plugin. -->","yoast_head_json":{"title":"Gewehrtasche Fenix Protector TCA Rifle Bag MULTICAM - TCA eShop - Tactical Combat Academy","description":"Die Fenix Protector TCA Rifle Bag MULTICAM ist eine professionelle Gewehrtasche, die in Zusammenarbeit von Tactical Combat Academy und Fenix Protector entwickelt wurde.","robots":{"index":"index","follow":"follow","max-snippet":"max-snippet:-1","max-image-preview":"max-image-preview:large","max-video-preview":"max-video-preview:-1"},"canonical":"https:\/\/eshop.tca.sk\/de\/waffenzubehoer\/taska-na-pusku-fenix-protector-tca-rifle-bag-multicam\/","og_locale":"de_DE","og_type":"article","og_title":"Gewehrtasche Fenix Protector TCA Rifle Bag MULTICAM - TCA eShop - Tactical Combat Academy","og_description":"Die Fenix Protector TCA Rifle Bag MULTICAM ist eine professionelle Gewehrtasche, die in Zusammenarbeit von Tactical Combat Academy und Fenix Protector entwickelt wurde.","og_url":"https:\/\/eshop.tca.sk\/de\/waffenzubehoer\/taska-na-pusku-fenix-protector-tca-rifle-bag-multicam\/","og_site_name":"TCA eShop - Tactical Combat Academy","article_modified_time":"2025-12-29T12:51:51+00:00","og_image":[{"width":1000,"height":1000,"url":"https:\/\/eshop.tca.sk\/wp-content\/uploads\/2025\/08\/TCA-Rifle-Bag-MTC-1-1.jpg","type":"image\/jpeg"}],"twitter_card":"summary_large_image","schema":{"@context":"https:\/\/schema.org","@graph":[{"@type":"WebPage","@id":"https:\/\/eshop.tca.sk\/de\/waffenzubehoer\/taska-na-pusku-fenix-protector-tca-rifle-bag-multicam\/","url":"https:\/\/eshop.tca.sk\/de\/waffenzubehoer\/taska-na-pusku-fenix-protector-tca-rifle-bag-multicam\/","name":"Gewehrtasche Fenix Protector TCA Rifle Bag MULTICAM - TCA eShop - Tactical Combat Academy","isPartOf":{"@id":"https:\/\/eshop.tca.sk\/de\/#website"},"primaryImageOfPage":{"@id":"https:\/\/eshop.tca.sk\/de\/waffenzubehoer\/taska-na-pusku-fenix-protector-tca-rifle-bag-multicam\/#primaryimage"},"image":{"@id":"https:\/\/eshop.tca.sk\/de\/waffenzubehoer\/taska-na-pusku-fenix-protector-tca-rifle-bag-multicam\/#primaryimage"},"thumbnailUrl":"https:\/\/eshop.tca.sk\/wp-content\/uploads\/2025\/08\/TCA-Rifle-Bag-MTC-1-1.jpg","datePublished":"2025-08-30T12:21:13+00:00","dateModified":"2025-12-29T12:51:51+00:00","description":"Die Fenix Protector TCA Rifle Bag MULTICAM ist eine professionelle Gewehrtasche, die in Zusammenarbeit von Tactical Combat Academy und Fenix Protector entwickelt wurde.","breadcrumb":{"@id":"https:\/\/eshop.tca.sk\/de\/waffenzubehoer\/taska-na-pusku-fenix-protector-tca-rifle-bag-multicam\/#breadcrumb"},"inLanguage":"de","potentialAction":[{"@type":"ReadAction","target":["https:\/\/eshop.tca.sk\/de\/waffenzubehoer\/taska-na-pusku-fenix-protector-tca-rifle-bag-multicam\/"]}]},{"@type":"ImageObject","inLanguage":"de","@id":"https:\/\/eshop.tca.sk\/de\/waffenzubehoer\/taska-na-pusku-fenix-protector-tca-rifle-bag-multicam\/#primaryimage","url":"https:\/\/eshop.tca.sk\/wp-content\/uploads\/2025\/08\/TCA-Rifle-Bag-MTC-1-1.jpg","contentUrl":"https:\/\/eshop.tca.sk\/wp-content\/uploads\/2025\/08\/TCA-Rifle-Bag-MTC-1-1.jpg","width":1000,"height":1000,"caption":"Ta\u0161ka na pu\u0161ku Fenix Protector TCA Rifle Bag MULTICAM"},{"@type":"BreadcrumbList","@id":"https:\/\/eshop.tca.sk\/de\/waffenzubehoer\/taska-na-pusku-fenix-protector-tca-rifle-bag-multicam\/#breadcrumb","itemListElement":[{"@type":"ListItem","position":1,"name":"Domovsk\u00e1 str\u00e1nka","item":"https:\/\/eshop.tca.sk\/de\/"},{"@type":"ListItem","position":2,"name":"Shop","item":"https:\/\/eshop.tca.sk\/de\/shop\/"},{"@type":"ListItem","position":3,"name":"Gewehrtasche Fenix Protector TCA Rifle Bag MULTICAM"}]},{"@type":"WebSite","@id":"https:\/\/eshop.tca.sk\/de\/#website","url":"https:\/\/eshop.tca.sk\/de\/","name":"TCA eShop - Tactical Combat Academy","description":"Tactical Combat Academy","publisher":{"@id":"https:\/\/eshop.tca.sk\/de\/#organization"},"potentialAction":[{"@type":"SearchAction","target":{"@type":"EntryPoint","urlTemplate":"https:\/\/eshop.tca.sk\/de\/?s={search_term_string}"},"query-input":{"@type":"PropertyValueSpecification","valueRequired":true,"valueName":"search_term_string"}}],"inLanguage":"de"},{"@type":"Organization","@id":"https:\/\/eshop.tca.sk\/de\/#organization","name":"TCA eShop - Tactical Combat Academy","url":"https:\/\/eshop.tca.sk\/de\/","logo":{"@type":"ImageObject","inLanguage":"de","@id":"https:\/\/eshop.tca.sk\/de\/#\/schema\/logo\/image\/","url":"https:\/\/eshop.tca.sk\/wp-content\/uploads\/2025\/06\/logo-new-header.png","contentUrl":"https:\/\/eshop.tca.sk\/wp-content\/uploads\/2025\/06\/logo-new-header.png","width":300,"height":294,"caption":"TCA eShop - Tactical Combat Academy"},"image":{"@id":"https:\/\/eshop.tca.sk\/de\/#\/schema\/logo\/image\/"}}]}},"_links":{"self":[{"href":"https:\/\/eshop.tca.sk\/de\/wp-json\/wp\/v2\/product\/15272","targetHints":{"allow":["GET"]}}],"collection":[{"href":"https:\/\/eshop.tca.sk\/de\/wp-json\/wp\/v2\/product"}],"about":[{"href":"https:\/\/eshop.tca.sk\/de\/wp-json\/wp\/v2\/types\/product"}],"wp:featuredmedia":[{"embeddable":true,"href":"https:\/\/eshop.tca.sk\/de\/wp-json\/wp\/v2\/media\/15293"}],"wp:attachment":[{"href":"https:\/\/eshop.tca.sk\/de\/wp-json\/wp\/v2\/media?parent=15272"}],"wp:term":[{"taxonomy":"product_brand","embeddable":true,"href":"https:\/\/eshop.tca.sk\/de\/wp-json\/wp\/v2\/product_brand?post=15272"},{"taxonomy":"product_cat","embeddable":true,"href":"https:\/\/eshop.tca.sk\/de\/wp-json\/wp\/v2\/product_cat?post=15272"},{"taxonomy":"product_tag","embeddable":true,"href":"https:\/\/eshop.tca.sk\/de\/wp-json\/wp\/v2\/product_tag?post=15272"},{"taxonomy":"giftcard-category","embeddable":true,"href":"https:\/\/eshop.tca.sk\/de\/wp-json\/wp\/v2\/giftcard-category?post=15272"}],"curies":[{"name":"wp","href":"https:\/\/api.w.org\/{rel}","templated":true}]}}