{"id":15338,"date":"2025-10-08T12:03:54","date_gmt":"2025-10-08T10:03:54","guid":{"rendered":"https:\/\/eshop.tca.sk\/?post_type=product&#038;p=15338"},"modified":"2025-11-03T11:11:36","modified_gmt":"2025-11-03T10:11:36","slug":"kolimator-aimpoint-duty-rds-mr","status":"publish","type":"product","link":"https:\/\/eshop.tca.sk\/de\/waffenzubehoer\/kolimator-aimpoint-duty-rds-mr\/","title":{"rendered":"Aimpoint Duty RDS\u2122 MR Kollimator"},"content":{"rendered":"<h3 class=\"a-size-large a-spacing-none\"><strong>Aimpoint Duty RDS\u2122 MR Kollimator<\/strong><\/h3>\n<p><strong>Der Aimpoint Duty RDS\u2122 MR Kollimator<\/strong> ist ein kompakter und extrem robuster Rotpunktkollimator mit einem innovativen Multi-Reticle (MR) System. Erm\u00f6glicht es Ihnen, zwischen einem 2 MOA-Punkt, einem 65 MOA-Kreis oder einer Kombination aus beidem zu wechseln. Dieses Modell ist f\u00fcr den professionellen Einsatz konzipiert, bei dem es auf \u00fcberragende Genauigkeit, Zuverl\u00e4ssigkeit und Zielgeschwindigkeit ankommt.<\/p>\n<p><strong>Wichtige Merkmale:<\/strong><br \/>\n&#8211; Multi-Reticle System (MR) &#8211; drei Zielmodi: 2 MOA Punkt, 65 MOA Kreis oder Kombination.<br \/>\n&#8211; Lange Batterielebensdauer &#8211; bis zu 30.000 Stunden (ca. 3 Jahre) Dauerbetrieb.<br \/>\n&#8211; Instant-On Motion Activation &#8211; das Visier schaltet sich automatisch ein, wenn eine Bewegung erkannt wird.<br \/>\n&#8211; Robuste Konstruktion &#8211; Geh\u00e4use aus Aluminiumdruckguss, wasserdicht bis zu 25 m.<br \/>\n&#8211; Kompatibilit\u00e4t mit Nachtsichtger\u00e4ten (NVD) &#8211; 12 Helligkeitsstufen, davon 4 f\u00fcr Nachtsicht.<br \/>\n&#8211; Paralaxenfreie Optik f\u00fcr schnelles und pr\u00e4zises Zielen unabh\u00e4ngig von der Augenposition.<br \/>\n&#8211; Montage im Paket &#8211; 39 mm Montage mit Torsionsmutter-System f\u00fcr Picatinny-Schiene.<br \/>\n&#8211; Leichtes und kompaktes Design &#8211; nur 110 g (ohne Montage), ideal auch f\u00fcr AR-15 Karabiner.<\/p>\n<p><strong>Technische Daten:<\/strong><br \/>\n&#8211; Vergr\u00f6\u00dferung: 1\u00d7 (ohne optischen Zoom).<br \/>\n&#8211; Spot\/Ringgr\u00f6\u00dfe: 2 MOA \/ 65 MOA.<br \/>\n&#8211; Abmessungen: 80 \u00d7 41 \u00d7 67 mm.<br \/>\n&#8211; Gewicht mit Halterung: 167 g.<br \/>\n&#8211; Batterie: CR2032 (mitgeliefert).<br \/>\n&#8211; Batterielebensdauer: bis zu 30 000 Stunden (Einstellung 7).<br \/>\n&#8211; Material: Aluminium-Druckgu\u00df.<br \/>\n&#8211; Oberfl\u00e4chenbehandlung: mattschwarz, eloxiert.<br \/>\n&#8211; Wasserdicht: bis zu 25 m.<br \/>\n&#8211; Betriebstemperatur: -46 \u00b0C bis +71 \u00b0C.<br \/>\n&#8211; Picatinny-Montage (inklusive Torsionsmutterhalterung).<\/p>\n<p><strong>Inhalt der Packung:<\/strong><br \/>\n&#8211; Aimpoint Duty RDS\u2122 MR.<br \/>\n&#8211; 39 mm Torsionsmutter Montage.<br \/>\n&#8211; Batterie CR2032.<br \/>\n&#8211; Objektivdeckel (vorne voll, hinten transparent).<br \/>\n&#8211; T10 Torx Inbusschl\u00fcssel.<br \/>\n&#8211; Anweisungen zur Verwendung.<\/p>\n<p><iframe loading=\"lazy\" title=\"DUTY RDS\u00ae MR Tech Spec Showcase\" width=\"1170\" height=\"658\" src=\"https:\/\/www.youtube.com\/embed\/Hg3X2fXOL2I?feature=oembed\" frameborder=\"0\" allow=\"accelerometer; autoplay; clipboard-write; encrypted-media; gyroscope; picture-in-picture; web-share\" referrerpolicy=\"strict-origin-when-cross-origin\" allowfullscreen><\/iframe><\/p>\n","protected":false},"excerpt":{"rendered":"<p><img loading=\"lazy\" decoding=\"async\" class=\"alignnone size-full wp-image-7487\" src=\"https:\/\/eshop.tca.sk\/wp-content\/uploads\/2022\/12\/Aimpoint_logo.svg.png\" alt=\"\" width=\"150\" height=\"32\"><\/p>\n<p><strong>Mit dem Aimpoint Duty RDS\u2122 MR Kollimator<\/strong> k\u00f6nnen Sie zwischen einem 2 MOA Punkt, einem 65 MOA Kreis oder einer Kombination aus beidem wechseln. Es ist f\u00fcr den professionellen Einsatz konzipiert.<\/p>\n<p><img loading=\"lazy\" decoding=\"async\" class=\"wp-image-8564 alignnone\" src=\"https:\/\/eshop.tca.sk\/wp-content\/uploads\/2023\/04\/Logo-Whack-Black-White-R-APPROVED.png\" alt=\"\" width=\"138\" height=\"75\" srcset=\"https:\/\/eshop.tca.sk\/wp-content\/uploads\/2023\/04\/Logo-Whack-Black-White-R-APPROVED.png 571w, https:\/\/eshop.tca.sk\/wp-content\/uploads\/2023\/04\/Logo-Whack-Black-White-R-APPROVED-300x163.png 300w\" sizes=\"auto, (max-width: 138px) 100vw, 138px\" \/><\/p>\n<p>Vom <strong>TCA<\/strong> und dem <strong>WHACK<\/strong>-System verwendete und empfohlene Equipment.<\/p>\n","protected":false},"featured_media":15341,"template":"","meta":{"inline_featured_image":false},"product_brand":[],"product_cat":[320,318],"product_tag":[376],"giftcard-category":[],"class_list":{"0":"post-15338","1":"product","2":"type-product","3":"status-publish","4":"has-post-thumbnail","6":"product_cat-optik","7":"product_cat-waffenzubehoer","8":"product_tag-aimpoint-de","10":"first","11":"instock","12":"taxable","13":"shipping-taxable","14":"purchasable","15":"product-type-simple"},"yoast_head":"<!-- This site is optimized with the Yoast SEO plugin v26.4 - https:\/\/yoast.com\/wordpress\/plugins\/seo\/ -->\n<title>Aimpoint Duty RDS\u2122 MR Kollimator - TCA eShop - Tactical Combat Academy<\/title>\n<meta name=\"description\" content=\"Mit dem Aimpoint Duty RDS\u2122 MR Kollimator k\u00f6nnen Sie zwischen einem 2 MOA Punkt, einem 65 MOA Kreis oder einer Kombination aus beidem wechseln. Es ist f\u00fcr den professionellen Einsatz konzipiert.\" \/>\n<meta name=\"robots\" content=\"index, follow, max-snippet:-1, max-image-preview:large, max-video-preview:-1\" \/>\n<link rel=\"canonical\" href=\"https:\/\/eshop.tca.sk\/de\/waffenzubehoer\/kolimator-aimpoint-duty-rds-mr\/\" \/>\n<meta property=\"og:locale\" content=\"de_DE\" \/>\n<meta property=\"og:type\" content=\"article\" \/>\n<meta property=\"og:title\" content=\"Aimpoint Duty RDS\u2122 MR Kollimator - TCA eShop - Tactical Combat Academy\" \/>\n<meta property=\"og:description\" content=\"Mit dem Aimpoint Duty RDS\u2122 MR Kollimator k\u00f6nnen Sie zwischen einem 2 MOA Punkt, einem 65 MOA Kreis oder einer Kombination aus beidem wechseln. Es ist f\u00fcr den professionellen Einsatz konzipiert.\" \/>\n<meta property=\"og:url\" content=\"https:\/\/eshop.tca.sk\/de\/waffenzubehoer\/kolimator-aimpoint-duty-rds-mr\/\" \/>\n<meta property=\"og:site_name\" content=\"TCA eShop - Tactical Combat Academy\" \/>\n<meta property=\"article:modified_time\" content=\"2025-11-03T10:11:36+00:00\" \/>\n<meta property=\"og:image\" content=\"https:\/\/eshop.tca.sk\/wp-content\/uploads\/2025\/10\/RDS-MR-1.jpg\" \/>\n\t<meta property=\"og:image:width\" content=\"1000\" \/>\n\t<meta property=\"og:image:height\" content=\"1000\" \/>\n\t<meta property=\"og:image:type\" content=\"image\/jpeg\" \/>\n<meta name=\"twitter:card\" content=\"summary_large_image\" \/>\n<script type=\"application\/ld+json\" class=\"yoast-schema-graph\">{\"@context\":\"https:\/\/schema.org\",\"@graph\":[{\"@type\":\"WebPage\",\"@id\":\"https:\/\/eshop.tca.sk\/de\/waffenzubehoer\/kolimator-aimpoint-duty-rds-mr\/\",\"url\":\"https:\/\/eshop.tca.sk\/de\/waffenzubehoer\/kolimator-aimpoint-duty-rds-mr\/\",\"name\":\"Aimpoint Duty RDS\u2122 MR Kollimator - TCA eShop - Tactical Combat Academy\",\"isPartOf\":{\"@id\":\"https:\/\/eshop.tca.sk\/de\/#website\"},\"primaryImageOfPage\":{\"@id\":\"https:\/\/eshop.tca.sk\/de\/waffenzubehoer\/kolimator-aimpoint-duty-rds-mr\/#primaryimage\"},\"image\":{\"@id\":\"https:\/\/eshop.tca.sk\/de\/waffenzubehoer\/kolimator-aimpoint-duty-rds-mr\/#primaryimage\"},\"thumbnailUrl\":\"https:\/\/eshop.tca.sk\/wp-content\/uploads\/2025\/10\/RDS-MR-1.jpg\",\"datePublished\":\"2025-10-08T10:03:54+00:00\",\"dateModified\":\"2025-11-03T10:11:36+00:00\",\"description\":\"Mit dem Aimpoint Duty RDS\u2122 MR Kollimator k\u00f6nnen Sie zwischen einem 2 MOA Punkt, einem 65 MOA Kreis oder einer Kombination aus beidem wechseln. Es ist f\u00fcr den professionellen Einsatz konzipiert.\",\"breadcrumb\":{\"@id\":\"https:\/\/eshop.tca.sk\/de\/waffenzubehoer\/kolimator-aimpoint-duty-rds-mr\/#breadcrumb\"},\"inLanguage\":\"de\",\"potentialAction\":[{\"@type\":\"ReadAction\",\"target\":[\"https:\/\/eshop.tca.sk\/de\/waffenzubehoer\/kolimator-aimpoint-duty-rds-mr\/\"]}]},{\"@type\":\"ImageObject\",\"inLanguage\":\"de\",\"@id\":\"https:\/\/eshop.tca.sk\/de\/waffenzubehoer\/kolimator-aimpoint-duty-rds-mr\/#primaryimage\",\"url\":\"https:\/\/eshop.tca.sk\/wp-content\/uploads\/2025\/10\/RDS-MR-1.jpg\",\"contentUrl\":\"https:\/\/eshop.tca.sk\/wp-content\/uploads\/2025\/10\/RDS-MR-1.jpg\",\"width\":1000,\"height\":1000,\"caption\":\"Kolim\u00e1tor Aimpoint Duty RDS MR\"},{\"@type\":\"BreadcrumbList\",\"@id\":\"https:\/\/eshop.tca.sk\/de\/waffenzubehoer\/kolimator-aimpoint-duty-rds-mr\/#breadcrumb\",\"itemListElement\":[{\"@type\":\"ListItem\",\"position\":1,\"name\":\"Domovsk\u00e1 str\u00e1nka\",\"item\":\"https:\/\/eshop.tca.sk\/de\/\"},{\"@type\":\"ListItem\",\"position\":2,\"name\":\"Shop\",\"item\":\"https:\/\/eshop.tca.sk\/de\/shop\/\"},{\"@type\":\"ListItem\",\"position\":3,\"name\":\"Aimpoint Duty RDS\u2122 MR Kollimator\"}]},{\"@type\":\"WebSite\",\"@id\":\"https:\/\/eshop.tca.sk\/de\/#website\",\"url\":\"https:\/\/eshop.tca.sk\/de\/\",\"name\":\"TCA eShop - Tactical Combat Academy\",\"description\":\"Tactical Combat Academy\",\"publisher\":{\"@id\":\"https:\/\/eshop.tca.sk\/de\/#organization\"},\"potentialAction\":[{\"@type\":\"SearchAction\",\"target\":{\"@type\":\"EntryPoint\",\"urlTemplate\":\"https:\/\/eshop.tca.sk\/de\/?s={search_term_string}\"},\"query-input\":{\"@type\":\"PropertyValueSpecification\",\"valueRequired\":true,\"valueName\":\"search_term_string\"}}],\"inLanguage\":\"de\"},{\"@type\":\"Organization\",\"@id\":\"https:\/\/eshop.tca.sk\/de\/#organization\",\"name\":\"TCA eShop - Tactical Combat Academy\",\"url\":\"https:\/\/eshop.tca.sk\/de\/\",\"logo\":{\"@type\":\"ImageObject\",\"inLanguage\":\"de\",\"@id\":\"https:\/\/eshop.tca.sk\/de\/#\/schema\/logo\/image\/\",\"url\":\"https:\/\/eshop.tca.sk\/wp-content\/uploads\/2025\/06\/logo-new-header.png\",\"contentUrl\":\"https:\/\/eshop.tca.sk\/wp-content\/uploads\/2025\/06\/logo-new-header.png\",\"width\":300,\"height\":294,\"caption\":\"TCA eShop - Tactical Combat Academy\"},\"image\":{\"@id\":\"https:\/\/eshop.tca.sk\/de\/#\/schema\/logo\/image\/\"}}]}<\/script>\n<!-- \/ Yoast SEO plugin. -->","yoast_head_json":{"title":"Aimpoint Duty RDS\u2122 MR Kollimator - TCA eShop - Tactical Combat Academy","description":"Mit dem Aimpoint Duty RDS\u2122 MR Kollimator k\u00f6nnen Sie zwischen einem 2 MOA Punkt, einem 65 MOA Kreis oder einer Kombination aus beidem wechseln. Es ist f\u00fcr den professionellen Einsatz konzipiert.","robots":{"index":"index","follow":"follow","max-snippet":"max-snippet:-1","max-image-preview":"max-image-preview:large","max-video-preview":"max-video-preview:-1"},"canonical":"https:\/\/eshop.tca.sk\/de\/waffenzubehoer\/kolimator-aimpoint-duty-rds-mr\/","og_locale":"de_DE","og_type":"article","og_title":"Aimpoint Duty RDS\u2122 MR Kollimator - TCA eShop - Tactical Combat Academy","og_description":"Mit dem Aimpoint Duty RDS\u2122 MR Kollimator k\u00f6nnen Sie zwischen einem 2 MOA Punkt, einem 65 MOA Kreis oder einer Kombination aus beidem wechseln. Es ist f\u00fcr den professionellen Einsatz konzipiert.","og_url":"https:\/\/eshop.tca.sk\/de\/waffenzubehoer\/kolimator-aimpoint-duty-rds-mr\/","og_site_name":"TCA eShop - Tactical Combat Academy","article_modified_time":"2025-11-03T10:11:36+00:00","og_image":[{"width":1000,"height":1000,"url":"https:\/\/eshop.tca.sk\/wp-content\/uploads\/2025\/10\/RDS-MR-1.jpg","type":"image\/jpeg"}],"twitter_card":"summary_large_image","schema":{"@context":"https:\/\/schema.org","@graph":[{"@type":"WebPage","@id":"https:\/\/eshop.tca.sk\/de\/waffenzubehoer\/kolimator-aimpoint-duty-rds-mr\/","url":"https:\/\/eshop.tca.sk\/de\/waffenzubehoer\/kolimator-aimpoint-duty-rds-mr\/","name":"Aimpoint Duty RDS\u2122 MR Kollimator - TCA eShop - Tactical Combat Academy","isPartOf":{"@id":"https:\/\/eshop.tca.sk\/de\/#website"},"primaryImageOfPage":{"@id":"https:\/\/eshop.tca.sk\/de\/waffenzubehoer\/kolimator-aimpoint-duty-rds-mr\/#primaryimage"},"image":{"@id":"https:\/\/eshop.tca.sk\/de\/waffenzubehoer\/kolimator-aimpoint-duty-rds-mr\/#primaryimage"},"thumbnailUrl":"https:\/\/eshop.tca.sk\/wp-content\/uploads\/2025\/10\/RDS-MR-1.jpg","datePublished":"2025-10-08T10:03:54+00:00","dateModified":"2025-11-03T10:11:36+00:00","description":"Mit dem Aimpoint Duty RDS\u2122 MR Kollimator k\u00f6nnen Sie zwischen einem 2 MOA Punkt, einem 65 MOA Kreis oder einer Kombination aus beidem wechseln. Es ist f\u00fcr den professionellen Einsatz konzipiert.","breadcrumb":{"@id":"https:\/\/eshop.tca.sk\/de\/waffenzubehoer\/kolimator-aimpoint-duty-rds-mr\/#breadcrumb"},"inLanguage":"de","potentialAction":[{"@type":"ReadAction","target":["https:\/\/eshop.tca.sk\/de\/waffenzubehoer\/kolimator-aimpoint-duty-rds-mr\/"]}]},{"@type":"ImageObject","inLanguage":"de","@id":"https:\/\/eshop.tca.sk\/de\/waffenzubehoer\/kolimator-aimpoint-duty-rds-mr\/#primaryimage","url":"https:\/\/eshop.tca.sk\/wp-content\/uploads\/2025\/10\/RDS-MR-1.jpg","contentUrl":"https:\/\/eshop.tca.sk\/wp-content\/uploads\/2025\/10\/RDS-MR-1.jpg","width":1000,"height":1000,"caption":"Kolim\u00e1tor Aimpoint Duty RDS MR"},{"@type":"BreadcrumbList","@id":"https:\/\/eshop.tca.sk\/de\/waffenzubehoer\/kolimator-aimpoint-duty-rds-mr\/#breadcrumb","itemListElement":[{"@type":"ListItem","position":1,"name":"Domovsk\u00e1 str\u00e1nka","item":"https:\/\/eshop.tca.sk\/de\/"},{"@type":"ListItem","position":2,"name":"Shop","item":"https:\/\/eshop.tca.sk\/de\/shop\/"},{"@type":"ListItem","position":3,"name":"Aimpoint Duty RDS\u2122 MR Kollimator"}]},{"@type":"WebSite","@id":"https:\/\/eshop.tca.sk\/de\/#website","url":"https:\/\/eshop.tca.sk\/de\/","name":"TCA eShop - Tactical Combat Academy","description":"Tactical Combat Academy","publisher":{"@id":"https:\/\/eshop.tca.sk\/de\/#organization"},"potentialAction":[{"@type":"SearchAction","target":{"@type":"EntryPoint","urlTemplate":"https:\/\/eshop.tca.sk\/de\/?s={search_term_string}"},"query-input":{"@type":"PropertyValueSpecification","valueRequired":true,"valueName":"search_term_string"}}],"inLanguage":"de"},{"@type":"Organization","@id":"https:\/\/eshop.tca.sk\/de\/#organization","name":"TCA eShop - Tactical Combat Academy","url":"https:\/\/eshop.tca.sk\/de\/","logo":{"@type":"ImageObject","inLanguage":"de","@id":"https:\/\/eshop.tca.sk\/de\/#\/schema\/logo\/image\/","url":"https:\/\/eshop.tca.sk\/wp-content\/uploads\/2025\/06\/logo-new-header.png","contentUrl":"https:\/\/eshop.tca.sk\/wp-content\/uploads\/2025\/06\/logo-new-header.png","width":300,"height":294,"caption":"TCA eShop - Tactical Combat Academy"},"image":{"@id":"https:\/\/eshop.tca.sk\/de\/#\/schema\/logo\/image\/"}}]}},"_links":{"self":[{"href":"https:\/\/eshop.tca.sk\/de\/wp-json\/wp\/v2\/product\/15338","targetHints":{"allow":["GET"]}}],"collection":[{"href":"https:\/\/eshop.tca.sk\/de\/wp-json\/wp\/v2\/product"}],"about":[{"href":"https:\/\/eshop.tca.sk\/de\/wp-json\/wp\/v2\/types\/product"}],"wp:featuredmedia":[{"embeddable":true,"href":"https:\/\/eshop.tca.sk\/de\/wp-json\/wp\/v2\/media\/15341"}],"wp:attachment":[{"href":"https:\/\/eshop.tca.sk\/de\/wp-json\/wp\/v2\/media?parent=15338"}],"wp:term":[{"taxonomy":"product_brand","embeddable":true,"href":"https:\/\/eshop.tca.sk\/de\/wp-json\/wp\/v2\/product_brand?post=15338"},{"taxonomy":"product_cat","embeddable":true,"href":"https:\/\/eshop.tca.sk\/de\/wp-json\/wp\/v2\/product_cat?post=15338"},{"taxonomy":"product_tag","embeddable":true,"href":"https:\/\/eshop.tca.sk\/de\/wp-json\/wp\/v2\/product_tag?post=15338"},{"taxonomy":"giftcard-category","embeddable":true,"href":"https:\/\/eshop.tca.sk\/de\/wp-json\/wp\/v2\/giftcard-category?post=15338"}],"curies":[{"name":"wp","href":"https:\/\/api.w.org\/{rel}","templated":true}]}}