{"id":15424,"date":"2025-10-14T10:30:11","date_gmt":"2025-10-14T08:30:11","guid":{"rendered":"https:\/\/eshop.tca.sk\/?post_type=product&#038;p=15424"},"modified":"2025-11-03T11:11:09","modified_gmt":"2025-11-03T10:11:09","slug":"daa-inbus-schluessel-satz","status":"publish","type":"product","link":"https:\/\/eshop.tca.sk\/de\/waffenreinigung\/daa-inbus-schluessel-satz\/","title":{"rendered":"DAA Inbus-Schl\u00fcssel-Satz"},"content":{"rendered":"<h3>DAA Inbus-Schl\u00fcssel-Satz<\/h3>\n<p><strong>Das DAA Inbusschl\u00fcssel-Set<\/strong> ist ein praktisches und hochwertiges Set von Inbusschl\u00fcsseln f\u00fcr die Arbeit mit Waffen, taktischer Ausr\u00fcstung, die Montage von Zubeh\u00f6r und Feinmechanik. Es umfasst sowohl metrische als auch z\u00f6llige Gr\u00f6\u00dfen und wurde speziell f\u00fcr die Bed\u00fcrfnisse von Sch\u00fctzen entwickelt. Es bietet einen pr\u00e4zisen Griff, eine ausreichende L\u00e4nge und Zuverl\u00e4ssigkeit beim Festziehen von Schrauben oder Einstellen von Zubeh\u00f6r.<span class=\"Apple-converted-space\"> <\/span><\/p>\n<p><strong>Hauptmerkmale<\/strong><\/p>\n<ul>\n<li>Umfassender Satz mit 12 Teilen: metrische und z\u00f6llige Gr\u00f6\u00dfen (metrisch 1,5 \/ 2,0 \/ 2,5 \/ 3,0 \/ 4,0 \/ 5,0 cm + z\u00f6llig 1\/20&#8243;, 1\/16&#8243;, 5\/64&#8243;, 3\/32&#8243;, 1\/8&#8243;, 5\/32&#8243;)  <span class=\"Apple-converted-space\"> <\/span><\/li>\n<li>Hergestellt aus hochfestem Stahl mit einer Oberfl\u00e4chenbehandlung zum Schutz vor Korrosion<\/li>\n<li>Langer Kugelkopfarm f\u00fcr den Zugang zu schwer zug\u00e4nglichen Winkeln  <span class=\"Apple-converted-space\"> <\/span><\/li>\n<li>Kompaktes und praktisches Etui \/ Griff zur Aufbewahrung einzelner Schl\u00fcssel<\/li>\n<li>Ideal f\u00fcr die Montage von Kollimatoren, Optiken, Waffenwartung, Holstern und anderen taktischen Komponenten<\/li>\n<\/ul>\n<p><strong>Technische Daten<\/strong><\/p>\n<ul>\n<li>Anzahl der Teile: 12 Schraubenschl\u00fcssel (metrisch + z\u00f6llig)  <span class=\"Apple-converted-space\"> <\/span><\/li>\n<li>Typ: Inbusschl\u00fcssel \/ Inbusschl\u00fcsselsatz<\/li>\n<li>Enden: Kugelkopf<\/li>\n<li>Material: Massiver Stahl mit Schutzbeschichtung<\/li>\n<li>Verwendung: universell f\u00fcr Waffen, Zubeh\u00f6r, Montage<\/li>\n<\/ul>\n","protected":false},"excerpt":{"rendered":"<p><img width=\"191\" height=\"57\"><\/p>\n<p><strong>Das DAA Inbusschl\u00fcssel-Set<\/strong> ist ein praktisches und hochwertiges Set von Inbusschl\u00fcsseln f\u00fcr die Arbeit mit Waffen, taktischer Ausr\u00fcstung und Montagezubeh\u00f6r.<\/p>\n<p><img decoding=\"async\" class=\"wp-image-8564 alignnone\" src=\"https:\/\/eshop.tca.sk\/wp-content\/uploads\/2023\/04\/Logo-Whack-Black-White-R-APPROVED.png\" alt=\"\" width=\"138\" srcset=\"https:\/\/eshop.tca.sk\/wp-content\/uploads\/2023\/04\/Logo-Whack-Black-White-R-APPROVED.png 571w, https:\/\/eshop.tca.sk\/wp-content\/uploads\/2023\/04\/Logo-Whack-Black-White-R-APPROVED-300x163.png 300w\" sizes=\"(max-width: 571px) 100vw, 571px\" \/><\/p>\n<p>Vom <strong>TCA<\/strong> und dem <strong>WHACK-System<\/strong> verwendete und empfohlene Equipment.<\/p>\n","protected":false},"featured_media":15430,"template":"","meta":{"inline_featured_image":false},"product_brand":[],"product_cat":[699,318],"product_tag":[789],"giftcard-category":[],"class_list":{"0":"post-15424","1":"product","2":"type-product","3":"status-publish","4":"has-post-thumbnail","6":"product_cat-waffenreinigung","7":"product_cat-waffenzubehoer","8":"product_tag-dda-de","10":"first","11":"outofstock","12":"taxable","13":"shipping-taxable","14":"purchasable","15":"product-type-simple"},"yoast_head":"<!-- This site is optimized with the Yoast SEO plugin v26.4 - https:\/\/yoast.com\/wordpress\/plugins\/seo\/ -->\n<title>DAA Inbus-Schl\u00fcssel-Satz - TCA eShop - Tactical Combat Academy<\/title>\n<meta name=\"description\" content=\"Das DAA Inbusschl\u00fcssel-Set ist ein praktisches und hochwertiges Set von Inbusschl\u00fcsseln f\u00fcr die Arbeit mit Waffen, taktischer Ausr\u00fcstung und Montagezubeh\u00f6r.\" \/>\n<meta name=\"robots\" content=\"index, follow, max-snippet:-1, max-image-preview:large, max-video-preview:-1\" \/>\n<link rel=\"canonical\" href=\"https:\/\/eshop.tca.sk\/de\/waffenreinigung\/daa-inbus-schluessel-satz\/\" \/>\n<meta property=\"og:locale\" content=\"de_DE\" \/>\n<meta property=\"og:type\" content=\"article\" \/>\n<meta property=\"og:title\" content=\"DAA Inbus-Schl\u00fcssel-Satz - TCA eShop - Tactical Combat Academy\" \/>\n<meta property=\"og:description\" content=\"Das DAA Inbusschl\u00fcssel-Set ist ein praktisches und hochwertiges Set von Inbusschl\u00fcsseln f\u00fcr die Arbeit mit Waffen, taktischer Ausr\u00fcstung und Montagezubeh\u00f6r.\" \/>\n<meta property=\"og:url\" content=\"https:\/\/eshop.tca.sk\/de\/waffenreinigung\/daa-inbus-schluessel-satz\/\" \/>\n<meta property=\"og:site_name\" content=\"TCA eShop - Tactical Combat Academy\" \/>\n<meta property=\"article:modified_time\" content=\"2025-11-03T10:11:09+00:00\" \/>\n<meta property=\"og:image\" content=\"https:\/\/eshop.tca.sk\/wp-content\/uploads\/2025\/10\/Hex-keys-2-1.jpg\" \/>\n\t<meta property=\"og:image:width\" content=\"1000\" \/>\n\t<meta property=\"og:image:height\" content=\"1000\" \/>\n\t<meta property=\"og:image:type\" content=\"image\/jpeg\" \/>\n<meta name=\"twitter:card\" content=\"summary_large_image\" \/>\n<script type=\"application\/ld+json\" class=\"yoast-schema-graph\">{\"@context\":\"https:\/\/schema.org\",\"@graph\":[{\"@type\":\"WebPage\",\"@id\":\"https:\/\/eshop.tca.sk\/de\/waffenreinigung\/daa-inbus-schluessel-satz\/\",\"url\":\"https:\/\/eshop.tca.sk\/de\/waffenreinigung\/daa-inbus-schluessel-satz\/\",\"name\":\"DAA Inbus-Schl\u00fcssel-Satz - TCA eShop - Tactical Combat Academy\",\"isPartOf\":{\"@id\":\"https:\/\/eshop.tca.sk\/de\/#website\"},\"primaryImageOfPage\":{\"@id\":\"https:\/\/eshop.tca.sk\/de\/waffenreinigung\/daa-inbus-schluessel-satz\/#primaryimage\"},\"image\":{\"@id\":\"https:\/\/eshop.tca.sk\/de\/waffenreinigung\/daa-inbus-schluessel-satz\/#primaryimage\"},\"thumbnailUrl\":\"https:\/\/eshop.tca.sk\/wp-content\/uploads\/2025\/10\/Hex-keys-2-1.jpg\",\"datePublished\":\"2025-10-14T08:30:11+00:00\",\"dateModified\":\"2025-11-03T10:11:09+00:00\",\"description\":\"Das DAA Inbusschl\u00fcssel-Set ist ein praktisches und hochwertiges Set von Inbusschl\u00fcsseln f\u00fcr die Arbeit mit Waffen, taktischer Ausr\u00fcstung und Montagezubeh\u00f6r.\",\"breadcrumb\":{\"@id\":\"https:\/\/eshop.tca.sk\/de\/waffenreinigung\/daa-inbus-schluessel-satz\/#breadcrumb\"},\"inLanguage\":\"de\",\"potentialAction\":[{\"@type\":\"ReadAction\",\"target\":[\"https:\/\/eshop.tca.sk\/de\/waffenreinigung\/daa-inbus-schluessel-satz\/\"]}]},{\"@type\":\"ImageObject\",\"inLanguage\":\"de\",\"@id\":\"https:\/\/eshop.tca.sk\/de\/waffenreinigung\/daa-inbus-schluessel-satz\/#primaryimage\",\"url\":\"https:\/\/eshop.tca.sk\/wp-content\/uploads\/2025\/10\/Hex-keys-2-1.jpg\",\"contentUrl\":\"https:\/\/eshop.tca.sk\/wp-content\/uploads\/2025\/10\/Hex-keys-2-1.jpg\",\"width\":1000,\"height\":1000,\"caption\":\"Sada imbusov\u00fdch L-k\u013e\u00fa\u010dov DAA\"},{\"@type\":\"BreadcrumbList\",\"@id\":\"https:\/\/eshop.tca.sk\/de\/waffenreinigung\/daa-inbus-schluessel-satz\/#breadcrumb\",\"itemListElement\":[{\"@type\":\"ListItem\",\"position\":1,\"name\":\"Domovsk\u00e1 str\u00e1nka\",\"item\":\"https:\/\/eshop.tca.sk\/de\/\"},{\"@type\":\"ListItem\",\"position\":2,\"name\":\"Shop\",\"item\":\"https:\/\/eshop.tca.sk\/de\/shop\/\"},{\"@type\":\"ListItem\",\"position\":3,\"name\":\"DAA Inbus-Schl\u00fcssel-Satz\"}]},{\"@type\":\"WebSite\",\"@id\":\"https:\/\/eshop.tca.sk\/de\/#website\",\"url\":\"https:\/\/eshop.tca.sk\/de\/\",\"name\":\"TCA eShop - Tactical Combat Academy\",\"description\":\"Tactical Combat Academy\",\"publisher\":{\"@id\":\"https:\/\/eshop.tca.sk\/de\/#organization\"},\"potentialAction\":[{\"@type\":\"SearchAction\",\"target\":{\"@type\":\"EntryPoint\",\"urlTemplate\":\"https:\/\/eshop.tca.sk\/de\/?s={search_term_string}\"},\"query-input\":{\"@type\":\"PropertyValueSpecification\",\"valueRequired\":true,\"valueName\":\"search_term_string\"}}],\"inLanguage\":\"de\"},{\"@type\":\"Organization\",\"@id\":\"https:\/\/eshop.tca.sk\/de\/#organization\",\"name\":\"TCA eShop - Tactical Combat Academy\",\"url\":\"https:\/\/eshop.tca.sk\/de\/\",\"logo\":{\"@type\":\"ImageObject\",\"inLanguage\":\"de\",\"@id\":\"https:\/\/eshop.tca.sk\/de\/#\/schema\/logo\/image\/\",\"url\":\"https:\/\/eshop.tca.sk\/wp-content\/uploads\/2025\/06\/logo-new-header.png\",\"contentUrl\":\"https:\/\/eshop.tca.sk\/wp-content\/uploads\/2025\/06\/logo-new-header.png\",\"width\":300,\"height\":294,\"caption\":\"TCA eShop - Tactical Combat Academy\"},\"image\":{\"@id\":\"https:\/\/eshop.tca.sk\/de\/#\/schema\/logo\/image\/\"}}]}<\/script>\n<!-- \/ Yoast SEO plugin. -->","yoast_head_json":{"title":"DAA Inbus-Schl\u00fcssel-Satz - TCA eShop - Tactical Combat Academy","description":"Das DAA Inbusschl\u00fcssel-Set ist ein praktisches und hochwertiges Set von Inbusschl\u00fcsseln f\u00fcr die Arbeit mit Waffen, taktischer Ausr\u00fcstung und Montagezubeh\u00f6r.","robots":{"index":"index","follow":"follow","max-snippet":"max-snippet:-1","max-image-preview":"max-image-preview:large","max-video-preview":"max-video-preview:-1"},"canonical":"https:\/\/eshop.tca.sk\/de\/waffenreinigung\/daa-inbus-schluessel-satz\/","og_locale":"de_DE","og_type":"article","og_title":"DAA Inbus-Schl\u00fcssel-Satz - TCA eShop - Tactical Combat Academy","og_description":"Das DAA Inbusschl\u00fcssel-Set ist ein praktisches und hochwertiges Set von Inbusschl\u00fcsseln f\u00fcr die Arbeit mit Waffen, taktischer Ausr\u00fcstung und Montagezubeh\u00f6r.","og_url":"https:\/\/eshop.tca.sk\/de\/waffenreinigung\/daa-inbus-schluessel-satz\/","og_site_name":"TCA eShop - Tactical Combat Academy","article_modified_time":"2025-11-03T10:11:09+00:00","og_image":[{"width":1000,"height":1000,"url":"https:\/\/eshop.tca.sk\/wp-content\/uploads\/2025\/10\/Hex-keys-2-1.jpg","type":"image\/jpeg"}],"twitter_card":"summary_large_image","schema":{"@context":"https:\/\/schema.org","@graph":[{"@type":"WebPage","@id":"https:\/\/eshop.tca.sk\/de\/waffenreinigung\/daa-inbus-schluessel-satz\/","url":"https:\/\/eshop.tca.sk\/de\/waffenreinigung\/daa-inbus-schluessel-satz\/","name":"DAA Inbus-Schl\u00fcssel-Satz - TCA eShop - Tactical Combat Academy","isPartOf":{"@id":"https:\/\/eshop.tca.sk\/de\/#website"},"primaryImageOfPage":{"@id":"https:\/\/eshop.tca.sk\/de\/waffenreinigung\/daa-inbus-schluessel-satz\/#primaryimage"},"image":{"@id":"https:\/\/eshop.tca.sk\/de\/waffenreinigung\/daa-inbus-schluessel-satz\/#primaryimage"},"thumbnailUrl":"https:\/\/eshop.tca.sk\/wp-content\/uploads\/2025\/10\/Hex-keys-2-1.jpg","datePublished":"2025-10-14T08:30:11+00:00","dateModified":"2025-11-03T10:11:09+00:00","description":"Das DAA Inbusschl\u00fcssel-Set ist ein praktisches und hochwertiges Set von Inbusschl\u00fcsseln f\u00fcr die Arbeit mit Waffen, taktischer Ausr\u00fcstung und Montagezubeh\u00f6r.","breadcrumb":{"@id":"https:\/\/eshop.tca.sk\/de\/waffenreinigung\/daa-inbus-schluessel-satz\/#breadcrumb"},"inLanguage":"de","potentialAction":[{"@type":"ReadAction","target":["https:\/\/eshop.tca.sk\/de\/waffenreinigung\/daa-inbus-schluessel-satz\/"]}]},{"@type":"ImageObject","inLanguage":"de","@id":"https:\/\/eshop.tca.sk\/de\/waffenreinigung\/daa-inbus-schluessel-satz\/#primaryimage","url":"https:\/\/eshop.tca.sk\/wp-content\/uploads\/2025\/10\/Hex-keys-2-1.jpg","contentUrl":"https:\/\/eshop.tca.sk\/wp-content\/uploads\/2025\/10\/Hex-keys-2-1.jpg","width":1000,"height":1000,"caption":"Sada imbusov\u00fdch L-k\u013e\u00fa\u010dov DAA"},{"@type":"BreadcrumbList","@id":"https:\/\/eshop.tca.sk\/de\/waffenreinigung\/daa-inbus-schluessel-satz\/#breadcrumb","itemListElement":[{"@type":"ListItem","position":1,"name":"Domovsk\u00e1 str\u00e1nka","item":"https:\/\/eshop.tca.sk\/de\/"},{"@type":"ListItem","position":2,"name":"Shop","item":"https:\/\/eshop.tca.sk\/de\/shop\/"},{"@type":"ListItem","position":3,"name":"DAA Inbus-Schl\u00fcssel-Satz"}]},{"@type":"WebSite","@id":"https:\/\/eshop.tca.sk\/de\/#website","url":"https:\/\/eshop.tca.sk\/de\/","name":"TCA eShop - Tactical Combat Academy","description":"Tactical Combat Academy","publisher":{"@id":"https:\/\/eshop.tca.sk\/de\/#organization"},"potentialAction":[{"@type":"SearchAction","target":{"@type":"EntryPoint","urlTemplate":"https:\/\/eshop.tca.sk\/de\/?s={search_term_string}"},"query-input":{"@type":"PropertyValueSpecification","valueRequired":true,"valueName":"search_term_string"}}],"inLanguage":"de"},{"@type":"Organization","@id":"https:\/\/eshop.tca.sk\/de\/#organization","name":"TCA eShop - Tactical Combat Academy","url":"https:\/\/eshop.tca.sk\/de\/","logo":{"@type":"ImageObject","inLanguage":"de","@id":"https:\/\/eshop.tca.sk\/de\/#\/schema\/logo\/image\/","url":"https:\/\/eshop.tca.sk\/wp-content\/uploads\/2025\/06\/logo-new-header.png","contentUrl":"https:\/\/eshop.tca.sk\/wp-content\/uploads\/2025\/06\/logo-new-header.png","width":300,"height":294,"caption":"TCA eShop - Tactical Combat Academy"},"image":{"@id":"https:\/\/eshop.tca.sk\/de\/#\/schema\/logo\/image\/"}}]}},"_links":{"self":[{"href":"https:\/\/eshop.tca.sk\/de\/wp-json\/wp\/v2\/product\/15424","targetHints":{"allow":["GET"]}}],"collection":[{"href":"https:\/\/eshop.tca.sk\/de\/wp-json\/wp\/v2\/product"}],"about":[{"href":"https:\/\/eshop.tca.sk\/de\/wp-json\/wp\/v2\/types\/product"}],"wp:featuredmedia":[{"embeddable":true,"href":"https:\/\/eshop.tca.sk\/de\/wp-json\/wp\/v2\/media\/15430"}],"wp:attachment":[{"href":"https:\/\/eshop.tca.sk\/de\/wp-json\/wp\/v2\/media?parent=15424"}],"wp:term":[{"taxonomy":"product_brand","embeddable":true,"href":"https:\/\/eshop.tca.sk\/de\/wp-json\/wp\/v2\/product_brand?post=15424"},{"taxonomy":"product_cat","embeddable":true,"href":"https:\/\/eshop.tca.sk\/de\/wp-json\/wp\/v2\/product_cat?post=15424"},{"taxonomy":"product_tag","embeddable":true,"href":"https:\/\/eshop.tca.sk\/de\/wp-json\/wp\/v2\/product_tag?post=15424"},{"taxonomy":"giftcard-category","embeddable":true,"href":"https:\/\/eshop.tca.sk\/de\/wp-json\/wp\/v2\/giftcard-category?post=15424"}],"curies":[{"name":"wp","href":"https:\/\/api.w.org\/{rel}","templated":true}]}}