{"id":15431,"date":"2025-07-10T13:43:02","date_gmt":"2025-07-10T11:43:02","guid":{"rendered":"https:\/\/eshop.tca.sk\/unkategorisiert\/taktische-veste-frog-pro-light-reconnaissance-harness-coyote\/"},"modified":"2025-11-23T17:47:51","modified_gmt":"2025-11-23T16:47:51","slug":"taktische-veste-frog-pro-light-reconnaissance-harness-coyote","status":"publish","type":"product","link":"https:\/\/eshop.tca.sk\/de\/taktische-westen\/taktische-veste-frog-pro-light-reconnaissance-harness-coyote\/","title":{"rendered":"Taktische Weste FROG.PRO Light Reconnaissance Harness COYOTE"},"content":{"rendered":"<h3><strong>Taktische Weste FROG.PRO Light Reconnaissance Harness COYOTE<\/strong><\/h3>\n<p>Der leichte Explorationsgurt erf\u00fcllt die Bed\u00fcrfnisse derjenigen, die einen minimalistischen und hoch atmungsaktiven Gurt suchen.<\/p>\n<p>Sein superd\u00fcnnes Design passt perfekt zu den breiten Schultergurten von Mehrtagesrucks\u00e4cken, ohne Unannehmlichkeiten zu verursachen, was besonders von Operateuren gesch\u00e4tzt wird, die an LRRP-Missionen (Long Range Reconnaissance Patrol) teilnehmen. Wenn das Tragen von ballistischer Schutzausr\u00fcstung angebracht ist, kann die vordere Plattform (MRCR oder MRTB) auf einem Plattentr\u00e4ger montiert werden und der leichte Aufkl\u00e4rungsgurt kann zusammengeklappt und platzsparend verstaut werden.<\/p>\n<p>Dennoch sind minimalistische Gurtzeuge auch eine gute Wahl f\u00fcr schnelle oder verdeckte Eins\u00e4tze, die eine leichte und schlecht sichtbare Ausr\u00fcstung erfordern.<\/p>\n<p>Die <strong>LAHYCO PALS MOLLE-L\u00f6cher<\/strong> an den Schultergurten erm\u00f6glichen es Ihnen, kleine Holster zu befestigen oder Ausr\u00fcstungsgegenst\u00e4nde wie z.B. ein PTT anzubringen, w\u00e4hrend die vertikalen L\u00f6cher es Ihnen erm\u00f6glichen, die <strong>ITW Nexus\u00ae QASM-Schnallen<\/strong> je nach Bedarf vorw\u00e4rts oder r\u00fcckw\u00e4rts zu befestigen, z.B. bei Verwendung eines Einpunktgurtes oder eines Rucksacks. Velcro\u00ae One-Wrap-Riemen an den Seiten ziehen einen Weg f\u00fcr Kommunikationskabel, Antenne oder Trinkblasenschl\u00e4uche.<\/p>\n<p>Das <strong>Light Reconnaissance Harness<\/strong> Adjustment System wurde so konzipiert, dass es sich in verschiedenen Szenarien an unterschiedliche K\u00f6rpertypen anpasst. Es integriert verschiedene Modelle von Kunststoffbeschl\u00e4gen wie den Ladderloc, die GTSR-Schnalle oder den G-Hook, die jeweils so gew\u00e4hlt wurden, dass sie die nat\u00fcrliche Bewegung beim Anpassen erleichtern. Es war noch nie so einfach, von einem Kampfhemd zu einer isolierten Jacke oder umgekehrt zu wechseln und die perfekte Passform zu finden.<\/p>\n<p>Sechs Befestigungspunkte erm\u00f6glichen eine pr\u00e4zise Montage mit MRCR und MRTB.<\/p>\n<p>Die Liebe zum Detail, kombiniert mit individuellem Design, bietet ein einzigartiges Produkt, das unser Engagement f\u00fcr &#8220;State of the Art&#8221;-Milit\u00e4rtechnik widerspiegelt.<\/p>\n<p><iframe loading=\"lazy\" title=\"FROG PRO\u00ae | Tailored gear, human made.\" width=\"1170\" height=\"658\" src=\"https:\/\/www.youtube.com\/embed\/7d5tz3DPVU4?feature=oembed\" frameborder=\"0\" allow=\"accelerometer; autoplay; clipboard-write; encrypted-media; gyroscope; picture-in-picture; web-share\" referrerpolicy=\"strict-origin-when-cross-origin\" allowfullscreen><\/iframe><\/p>\n<p>&nbsp;<\/p>\n","protected":false},"excerpt":{"rendered":"<p><img loading=\"lazy\" decoding=\"async\" class=\"alignnone wp-image-10791\" src=\"https:\/\/eshop.tca.sk\/wp-content\/uploads\/2024\/04\/FROG.png\" alt=\"\" width=\"144\" height=\"66\" srcset=\"https:\/\/eshop.tca.sk\/wp-content\/uploads\/2024\/04\/FROG.png 291w, https:\/\/eshop.tca.sk\/wp-content\/uploads\/2024\/04\/FROG-24x11.png 24w, https:\/\/eshop.tca.sk\/wp-content\/uploads\/2024\/04\/FROG-36x16.png 36w, https:\/\/eshop.tca.sk\/wp-content\/uploads\/2024\/04\/FROG-48x22.png 48w\" sizes=\"auto, (max-width: 144px) 100vw, 144px\" \/><\/p>\n<p>Der <strong>leichte Explorationsgurt<\/strong> erf\u00fcllt die Bed\u00fcrfnisse derjenigen, die einen minimalistischen und hoch atmungsaktiven Gurt suchen.<\/p>\n<p><img loading=\"lazy\" decoding=\"async\" class=\"wp-image-8564 alignnone\" src=\"https:\/\/eshop.tca.sk\/wp-content\/uploads\/2023\/04\/Logo-Whack-Black-White-R-APPROVED.png\" alt=\"\" width=\"138\" height=\"75\" srcset=\"https:\/\/eshop.tca.sk\/wp-content\/uploads\/2023\/04\/Logo-Whack-Black-White-R-APPROVED.png 571w, https:\/\/eshop.tca.sk\/wp-content\/uploads\/2023\/04\/Logo-Whack-Black-White-R-APPROVED-300x163.png 300w\" sizes=\"auto, (max-width: 138px) 100vw, 138px\" \/><\/p>\n<p>Vom <a href=\"https:\/\/www.tca.sk\/\"><strong>TCA<\/strong><\/a> und dem <strong><a href=\"https:\/\/www.tca.sk\/profil\/ako-zacat-s-kurzami\">WHACK-System<\/a><\/strong> verwendete und empfohlene Equipment.<\/p>\n","protected":false},"featured_media":15132,"template":"","meta":{"inline_featured_image":false},"product_brand":[],"product_cat":[323,470,618],"product_tag":[565],"giftcard-category":[],"class_list":{"0":"post-15431","1":"product","2":"type-product","3":"status-publish","4":"has-post-thumbnail","6":"product_cat-ausruestung","7":"product_cat-taktische-westen","8":"product_cat-westen","9":"product_tag-frog-pro-de","11":"first","12":"instock","13":"taxable","14":"shipping-taxable","15":"purchasable","16":"product-type-simple"},"yoast_head":"<!-- This site is optimized with the Yoast SEO plugin v26.4 - https:\/\/yoast.com\/wordpress\/plugins\/seo\/ -->\n<title>Taktische Weste FROG.PRO Light Reconnaissance Harness COYOTE - TCA eShop - Tactical Combat Academy<\/title>\n<meta name=\"description\" content=\"Der leichte Explorationsgurt erf\u00fcllt die Bed\u00fcrfnisse derjenigen, die einen minimalistischen und hoch atmungsaktiven Gurt suchen.\" \/>\n<meta name=\"robots\" content=\"index, follow, max-snippet:-1, max-image-preview:large, max-video-preview:-1\" \/>\n<link rel=\"canonical\" href=\"https:\/\/eshop.tca.sk\/de\/taktische-westen\/taktische-veste-frog-pro-light-reconnaissance-harness-coyote\/\" \/>\n<meta property=\"og:locale\" content=\"de_DE\" \/>\n<meta property=\"og:type\" content=\"article\" \/>\n<meta property=\"og:title\" content=\"Taktische Weste FROG.PRO Light Reconnaissance Harness COYOTE - TCA eShop - Tactical Combat Academy\" \/>\n<meta property=\"og:description\" content=\"Der leichte Explorationsgurt erf\u00fcllt die Bed\u00fcrfnisse derjenigen, die einen minimalistischen und hoch atmungsaktiven Gurt suchen.\" \/>\n<meta property=\"og:url\" content=\"https:\/\/eshop.tca.sk\/de\/taktische-westen\/taktische-veste-frog-pro-light-reconnaissance-harness-coyote\/\" \/>\n<meta property=\"og:site_name\" content=\"TCA eShop - Tactical Combat Academy\" \/>\n<meta property=\"article:modified_time\" content=\"2025-11-23T16:47:51+00:00\" \/>\n<meta property=\"og:image\" content=\"https:\/\/eshop.tca.sk\/wp-content\/uploads\/2025\/07\/FROG.PRO-LRH-COYOTE.jpg\" \/>\n\t<meta property=\"og:image:width\" content=\"1000\" \/>\n\t<meta property=\"og:image:height\" content=\"1000\" \/>\n\t<meta property=\"og:image:type\" content=\"image\/jpeg\" \/>\n<meta name=\"twitter:card\" content=\"summary_large_image\" \/>\n<script type=\"application\/ld+json\" class=\"yoast-schema-graph\">{\"@context\":\"https:\/\/schema.org\",\"@graph\":[{\"@type\":\"WebPage\",\"@id\":\"https:\/\/eshop.tca.sk\/de\/taktische-westen\/taktische-veste-frog-pro-light-reconnaissance-harness-coyote\/\",\"url\":\"https:\/\/eshop.tca.sk\/de\/taktische-westen\/taktische-veste-frog-pro-light-reconnaissance-harness-coyote\/\",\"name\":\"Taktische Weste FROG.PRO Light Reconnaissance Harness COYOTE - TCA eShop - Tactical Combat Academy\",\"isPartOf\":{\"@id\":\"https:\/\/eshop.tca.sk\/de\/#website\"},\"primaryImageOfPage\":{\"@id\":\"https:\/\/eshop.tca.sk\/de\/taktische-westen\/taktische-veste-frog-pro-light-reconnaissance-harness-coyote\/#primaryimage\"},\"image\":{\"@id\":\"https:\/\/eshop.tca.sk\/de\/taktische-westen\/taktische-veste-frog-pro-light-reconnaissance-harness-coyote\/#primaryimage\"},\"thumbnailUrl\":\"https:\/\/eshop.tca.sk\/wp-content\/uploads\/2025\/07\/FROG.PRO-LRH-COYOTE.jpg\",\"datePublished\":\"2025-07-10T11:43:02+00:00\",\"dateModified\":\"2025-11-23T16:47:51+00:00\",\"description\":\"Der leichte Explorationsgurt erf\u00fcllt die Bed\u00fcrfnisse derjenigen, die einen minimalistischen und hoch atmungsaktiven Gurt suchen.\",\"breadcrumb\":{\"@id\":\"https:\/\/eshop.tca.sk\/de\/taktische-westen\/taktische-veste-frog-pro-light-reconnaissance-harness-coyote\/#breadcrumb\"},\"inLanguage\":\"de\",\"potentialAction\":[{\"@type\":\"ReadAction\",\"target\":[\"https:\/\/eshop.tca.sk\/de\/taktische-westen\/taktische-veste-frog-pro-light-reconnaissance-harness-coyote\/\"]}]},{\"@type\":\"ImageObject\",\"inLanguage\":\"de\",\"@id\":\"https:\/\/eshop.tca.sk\/de\/taktische-westen\/taktische-veste-frog-pro-light-reconnaissance-harness-coyote\/#primaryimage\",\"url\":\"https:\/\/eshop.tca.sk\/wp-content\/uploads\/2025\/07\/FROG.PRO-LRH-COYOTE.jpg\",\"contentUrl\":\"https:\/\/eshop.tca.sk\/wp-content\/uploads\/2025\/07\/FROG.PRO-LRH-COYOTE.jpg\",\"width\":1000,\"height\":1000,\"caption\":\"Taktick\u00e1 vesta FROG.PRO Light Reconnaissance Harness COYOTE\"},{\"@type\":\"BreadcrumbList\",\"@id\":\"https:\/\/eshop.tca.sk\/de\/taktische-westen\/taktische-veste-frog-pro-light-reconnaissance-harness-coyote\/#breadcrumb\",\"itemListElement\":[{\"@type\":\"ListItem\",\"position\":1,\"name\":\"Domovsk\u00e1 str\u00e1nka\",\"item\":\"https:\/\/eshop.tca.sk\/de\/\"},{\"@type\":\"ListItem\",\"position\":2,\"name\":\"Shop\",\"item\":\"https:\/\/eshop.tca.sk\/de\/shop\/\"},{\"@type\":\"ListItem\",\"position\":3,\"name\":\"Taktische Weste FROG.PRO Light Reconnaissance Harness COYOTE\"}]},{\"@type\":\"WebSite\",\"@id\":\"https:\/\/eshop.tca.sk\/de\/#website\",\"url\":\"https:\/\/eshop.tca.sk\/de\/\",\"name\":\"TCA eShop - Tactical Combat Academy\",\"description\":\"Tactical Combat Academy\",\"publisher\":{\"@id\":\"https:\/\/eshop.tca.sk\/de\/#organization\"},\"potentialAction\":[{\"@type\":\"SearchAction\",\"target\":{\"@type\":\"EntryPoint\",\"urlTemplate\":\"https:\/\/eshop.tca.sk\/de\/?s={search_term_string}\"},\"query-input\":{\"@type\":\"PropertyValueSpecification\",\"valueRequired\":true,\"valueName\":\"search_term_string\"}}],\"inLanguage\":\"de\"},{\"@type\":\"Organization\",\"@id\":\"https:\/\/eshop.tca.sk\/de\/#organization\",\"name\":\"TCA eShop - Tactical Combat Academy\",\"url\":\"https:\/\/eshop.tca.sk\/de\/\",\"logo\":{\"@type\":\"ImageObject\",\"inLanguage\":\"de\",\"@id\":\"https:\/\/eshop.tca.sk\/de\/#\/schema\/logo\/image\/\",\"url\":\"https:\/\/eshop.tca.sk\/wp-content\/uploads\/2025\/06\/logo-new-header.png\",\"contentUrl\":\"https:\/\/eshop.tca.sk\/wp-content\/uploads\/2025\/06\/logo-new-header.png\",\"width\":300,\"height\":294,\"caption\":\"TCA eShop - Tactical Combat Academy\"},\"image\":{\"@id\":\"https:\/\/eshop.tca.sk\/de\/#\/schema\/logo\/image\/\"}}]}<\/script>\n<!-- \/ Yoast SEO plugin. -->","yoast_head_json":{"title":"Taktische Weste FROG.PRO Light Reconnaissance Harness COYOTE - TCA eShop - Tactical Combat Academy","description":"Der leichte Explorationsgurt erf\u00fcllt die Bed\u00fcrfnisse derjenigen, die einen minimalistischen und hoch atmungsaktiven Gurt suchen.","robots":{"index":"index","follow":"follow","max-snippet":"max-snippet:-1","max-image-preview":"max-image-preview:large","max-video-preview":"max-video-preview:-1"},"canonical":"https:\/\/eshop.tca.sk\/de\/taktische-westen\/taktische-veste-frog-pro-light-reconnaissance-harness-coyote\/","og_locale":"de_DE","og_type":"article","og_title":"Taktische Weste FROG.PRO Light Reconnaissance Harness COYOTE - TCA eShop - Tactical Combat Academy","og_description":"Der leichte Explorationsgurt erf\u00fcllt die Bed\u00fcrfnisse derjenigen, die einen minimalistischen und hoch atmungsaktiven Gurt suchen.","og_url":"https:\/\/eshop.tca.sk\/de\/taktische-westen\/taktische-veste-frog-pro-light-reconnaissance-harness-coyote\/","og_site_name":"TCA eShop - Tactical Combat Academy","article_modified_time":"2025-11-23T16:47:51+00:00","og_image":[{"width":1000,"height":1000,"url":"https:\/\/eshop.tca.sk\/wp-content\/uploads\/2025\/07\/FROG.PRO-LRH-COYOTE.jpg","type":"image\/jpeg"}],"twitter_card":"summary_large_image","schema":{"@context":"https:\/\/schema.org","@graph":[{"@type":"WebPage","@id":"https:\/\/eshop.tca.sk\/de\/taktische-westen\/taktische-veste-frog-pro-light-reconnaissance-harness-coyote\/","url":"https:\/\/eshop.tca.sk\/de\/taktische-westen\/taktische-veste-frog-pro-light-reconnaissance-harness-coyote\/","name":"Taktische Weste FROG.PRO Light Reconnaissance Harness COYOTE - TCA eShop - Tactical Combat Academy","isPartOf":{"@id":"https:\/\/eshop.tca.sk\/de\/#website"},"primaryImageOfPage":{"@id":"https:\/\/eshop.tca.sk\/de\/taktische-westen\/taktische-veste-frog-pro-light-reconnaissance-harness-coyote\/#primaryimage"},"image":{"@id":"https:\/\/eshop.tca.sk\/de\/taktische-westen\/taktische-veste-frog-pro-light-reconnaissance-harness-coyote\/#primaryimage"},"thumbnailUrl":"https:\/\/eshop.tca.sk\/wp-content\/uploads\/2025\/07\/FROG.PRO-LRH-COYOTE.jpg","datePublished":"2025-07-10T11:43:02+00:00","dateModified":"2025-11-23T16:47:51+00:00","description":"Der leichte Explorationsgurt erf\u00fcllt die Bed\u00fcrfnisse derjenigen, die einen minimalistischen und hoch atmungsaktiven Gurt suchen.","breadcrumb":{"@id":"https:\/\/eshop.tca.sk\/de\/taktische-westen\/taktische-veste-frog-pro-light-reconnaissance-harness-coyote\/#breadcrumb"},"inLanguage":"de","potentialAction":[{"@type":"ReadAction","target":["https:\/\/eshop.tca.sk\/de\/taktische-westen\/taktische-veste-frog-pro-light-reconnaissance-harness-coyote\/"]}]},{"@type":"ImageObject","inLanguage":"de","@id":"https:\/\/eshop.tca.sk\/de\/taktische-westen\/taktische-veste-frog-pro-light-reconnaissance-harness-coyote\/#primaryimage","url":"https:\/\/eshop.tca.sk\/wp-content\/uploads\/2025\/07\/FROG.PRO-LRH-COYOTE.jpg","contentUrl":"https:\/\/eshop.tca.sk\/wp-content\/uploads\/2025\/07\/FROG.PRO-LRH-COYOTE.jpg","width":1000,"height":1000,"caption":"Taktick\u00e1 vesta FROG.PRO Light Reconnaissance Harness COYOTE"},{"@type":"BreadcrumbList","@id":"https:\/\/eshop.tca.sk\/de\/taktische-westen\/taktische-veste-frog-pro-light-reconnaissance-harness-coyote\/#breadcrumb","itemListElement":[{"@type":"ListItem","position":1,"name":"Domovsk\u00e1 str\u00e1nka","item":"https:\/\/eshop.tca.sk\/de\/"},{"@type":"ListItem","position":2,"name":"Shop","item":"https:\/\/eshop.tca.sk\/de\/shop\/"},{"@type":"ListItem","position":3,"name":"Taktische Weste FROG.PRO Light Reconnaissance Harness COYOTE"}]},{"@type":"WebSite","@id":"https:\/\/eshop.tca.sk\/de\/#website","url":"https:\/\/eshop.tca.sk\/de\/","name":"TCA eShop - Tactical Combat Academy","description":"Tactical Combat Academy","publisher":{"@id":"https:\/\/eshop.tca.sk\/de\/#organization"},"potentialAction":[{"@type":"SearchAction","target":{"@type":"EntryPoint","urlTemplate":"https:\/\/eshop.tca.sk\/de\/?s={search_term_string}"},"query-input":{"@type":"PropertyValueSpecification","valueRequired":true,"valueName":"search_term_string"}}],"inLanguage":"de"},{"@type":"Organization","@id":"https:\/\/eshop.tca.sk\/de\/#organization","name":"TCA eShop - Tactical Combat Academy","url":"https:\/\/eshop.tca.sk\/de\/","logo":{"@type":"ImageObject","inLanguage":"de","@id":"https:\/\/eshop.tca.sk\/de\/#\/schema\/logo\/image\/","url":"https:\/\/eshop.tca.sk\/wp-content\/uploads\/2025\/06\/logo-new-header.png","contentUrl":"https:\/\/eshop.tca.sk\/wp-content\/uploads\/2025\/06\/logo-new-header.png","width":300,"height":294,"caption":"TCA eShop - Tactical Combat Academy"},"image":{"@id":"https:\/\/eshop.tca.sk\/de\/#\/schema\/logo\/image\/"}}]}},"_links":{"self":[{"href":"https:\/\/eshop.tca.sk\/de\/wp-json\/wp\/v2\/product\/15431","targetHints":{"allow":["GET"]}}],"collection":[{"href":"https:\/\/eshop.tca.sk\/de\/wp-json\/wp\/v2\/product"}],"about":[{"href":"https:\/\/eshop.tca.sk\/de\/wp-json\/wp\/v2\/types\/product"}],"wp:featuredmedia":[{"embeddable":true,"href":"https:\/\/eshop.tca.sk\/de\/wp-json\/wp\/v2\/media\/15132"}],"wp:attachment":[{"href":"https:\/\/eshop.tca.sk\/de\/wp-json\/wp\/v2\/media?parent=15431"}],"wp:term":[{"taxonomy":"product_brand","embeddable":true,"href":"https:\/\/eshop.tca.sk\/de\/wp-json\/wp\/v2\/product_brand?post=15431"},{"taxonomy":"product_cat","embeddable":true,"href":"https:\/\/eshop.tca.sk\/de\/wp-json\/wp\/v2\/product_cat?post=15431"},{"taxonomy":"product_tag","embeddable":true,"href":"https:\/\/eshop.tca.sk\/de\/wp-json\/wp\/v2\/product_tag?post=15431"},{"taxonomy":"giftcard-category","embeddable":true,"href":"https:\/\/eshop.tca.sk\/de\/wp-json\/wp\/v2\/giftcard-category?post=15431"}],"curies":[{"name":"wp","href":"https:\/\/api.w.org\/{rel}","templated":true}]}}