{"id":15434,"date":"2025-10-13T13:07:37","date_gmt":"2025-10-13T11:07:37","guid":{"rendered":"https:\/\/eshop.tca.sk\/unkategorisiert\/kopfhorer-3m-peltor-sporttac-slimline-green-orange\/"},"modified":"2025-10-13T13:07:37","modified_gmt":"2025-10-13T11:07:37","slug":"kopfhorer-3m-peltor-sporttac-slimline-green-orange","status":"publish","type":"product","link":"https:\/\/eshop.tca.sk\/de\/gehorschutz\/kopfhorer-3m-peltor-sporttac-slimline-green-orange\/","title":{"rendered":"3M Peltor SportTac Slimline GR\u00dcN\/ORANGE Schie\u00dfsport-Kopfh\u00f6rer"},"content":{"rendered":"<h3>3M Peltor SportTac Slimline GR\u00dcN\/ORANGE Schie\u00dfsport-Kopfh\u00f6rer<\/h3>\n<p><strong>Das 3M Peltor SportTac Slimline GREEN\/ORANGE Shooting Headset<\/strong> ist ein elektronisches Schie\u00df-Headset, das f\u00fcr J\u00e4ger und Sportsch\u00fctzen entwickelt wurde. Sie kombinieren leistungsstarken Geh\u00f6rschutz gegen Sch\u00fcsse mit der F\u00e4higkeit, Umgebungsger\u00e4usche kontinuierlich zu kontrollieren. Dank des flachen Designs und der faltbaren Konstruktion sind sie sehr praktisch zu transportieren und bequem zu tragen.<\/p>\n<p>Das Modell MT16H210F-478-GN ist mit einem Eingang f\u00fcr ein externes Audiosignal (z.B. Radio), einer automatischen Abschaltung und einer Stromversorgung f\u00fcr etwa 600 Betriebsstunden ausgestattet. Die Schalen sind austauschbar und k\u00f6nnen je nach Bedarf leicht umgef\u00e4rbt werden.<\/p>\n<p><strong>Hauptmerkmale<\/strong><\/p>\n<ul>\n<li>Elektronischer Geh\u00f6rschutz &#8211; d\u00e4mpft Impulssch\u00fcsse, bewahrt das Geh\u00f6r f\u00fcr Umgebungsger\u00e4usche<\/li>\n<li>Steuerung der Kopfh\u00f6rerempfindlichkeit je nach Ger\u00e4uschpegel<\/li>\n<li>Audiosignaleingang zum Anschluss eines Radios oder anderen Ger\u00e4ts<\/li>\n<li>Zusammenklappbares Kopfband f\u00fcr einfache Aufbewahrung<\/li>\n<li>Austauschbare Schalen &#8211; M\u00f6glichkeit, Farbe oder abgenutzte Teile zu wechseln<\/li>\n<li>Niedrigprofiliges Design &#8211; geeignet f\u00fcr Helm oder Brille<\/li>\n<\/ul>\n<p><strong>Technische Parameter<\/strong><\/p>\n<ul>\n<li>Farbe der Schale: gr\u00fcn oder orange<\/li>\n<li>Kopfh\u00f6rertyp: elektronischer Aufnahmekopfh\u00f6rer<\/li>\n<li>Tragemethode: faltbares Stirnband<\/li>\n<li>Audio-Signaleingang: ja<\/li>\n<li>Betriebsstunden: ~600 Stunden<\/li>\n<\/ul>\n","protected":false},"excerpt":{"rendered":"<p data-wp-editing=\"1\"><img loading=\"lazy\" decoding=\"async\" class=\"alignnone wp-image-15367 \" src=\"https:\/\/eshop.tca.sk\/wp-content\/uploads\/2025\/10\/3m-logo-1.png\" alt=\"\" width=\"242\" height=\"67\" srcset=\"https:\/\/eshop.tca.sk\/wp-content\/uploads\/2025\/10\/3m-logo-1.png 900w, https:\/\/eshop.tca.sk\/wp-content\/uploads\/2025\/10\/3m-logo-1-300x83.png 300w, https:\/\/eshop.tca.sk\/wp-content\/uploads\/2025\/10\/3m-logo-1-768x212.png 768w, https:\/\/eshop.tca.sk\/wp-content\/uploads\/2025\/10\/3m-logo-1-24x7.png 24w, https:\/\/eshop.tca.sk\/wp-content\/uploads\/2025\/10\/3m-logo-1-36x10.png 36w, https:\/\/eshop.tca.sk\/wp-content\/uploads\/2025\/10\/3m-logo-1-48x13.png 48w, https:\/\/eshop.tca.sk\/wp-content\/uploads\/2025\/10\/3m-logo-1-600x166.png 600w\" sizes=\"auto, (max-width: 242px) 100vw, 242px\" \/><\/p>\n<p><strong>Das 3M Peltor SportTac Slimline GREEN\/ORANGE Shooting Headset<\/strong> ist ein elektronisches Schie\u00df-Headset, das f\u00fcr J\u00e4ger und Sportsch\u00fctzen entwickelt wurde.<\/p>\n<p><img loading=\"lazy\" decoding=\"async\" class=\"wp-image-8564 alignnone\" src=\"https:\/\/eshop.tca.sk\/wp-content\/uploads\/2023\/04\/Logo-Whack-Black-White-R-APPROVED.png\" alt=\"\" width=\"138\" height=\"75\" srcset=\"https:\/\/eshop.tca.sk\/wp-content\/uploads\/2023\/04\/Logo-Whack-Black-White-R-APPROVED.png 571w, https:\/\/eshop.tca.sk\/wp-content\/uploads\/2023\/04\/Logo-Whack-Black-White-R-APPROVED-300x163.png 300w\" sizes=\"auto, (max-width: 138px) 100vw, 138px\" \/><\/p>\n<p>Vom <strong>TCA<\/strong> und dem <strong>WHACK<\/strong>-System verwendete und empfohlene Equipment.<\/p>\n","protected":false},"featured_media":15382,"template":"","meta":{"inline_featured_image":false},"product_brand":[],"product_cat":[323,779],"product_tag":[780,781],"giftcard-category":[],"class_list":{"0":"post-15434","1":"product","2":"type-product","3":"status-publish","4":"has-post-thumbnail","6":"product_cat-ausruestung","7":"product_cat-gehorschutz","8":"product_tag-3m-de","9":"product_tag-peltor-de","11":"first","12":"instock","13":"taxable","14":"shipping-taxable","15":"purchasable","16":"product-type-simple"},"yoast_head":"<!-- This site is optimized with the Yoast SEO plugin v26.4 - https:\/\/yoast.com\/wordpress\/plugins\/seo\/ -->\n<title>3M Peltor SportTac Slimline GR\u00dcN\/ORANGE Schie\u00dfsport-Kopfh\u00f6rer - TCA eShop - Tactical Combat Academy<\/title>\n<meta name=\"description\" content=\"Das 3M Peltor SportTac Slimline GREEN\/ORANGE Shooting Headset ist ein elektronisches Schie\u00df-Headset, das f\u00fcr J\u00e4ger und Sportsch\u00fctzen entwickelt wurde.\" \/>\n<meta name=\"robots\" content=\"index, follow, max-snippet:-1, max-image-preview:large, max-video-preview:-1\" \/>\n<link rel=\"canonical\" href=\"https:\/\/eshop.tca.sk\/de\/gehorschutz\/kopfhorer-3m-peltor-sporttac-slimline-green-orange\/\" \/>\n<meta property=\"og:locale\" content=\"de_DE\" \/>\n<meta property=\"og:type\" content=\"article\" \/>\n<meta property=\"og:title\" content=\"3M Peltor SportTac Slimline GR\u00dcN\/ORANGE Schie\u00dfsport-Kopfh\u00f6rer - TCA eShop - Tactical Combat Academy\" \/>\n<meta property=\"og:description\" content=\"Das 3M Peltor SportTac Slimline GREEN\/ORANGE Shooting Headset ist ein elektronisches Schie\u00df-Headset, das f\u00fcr J\u00e4ger und Sportsch\u00fctzen entwickelt wurde.\" \/>\n<meta property=\"og:url\" content=\"https:\/\/eshop.tca.sk\/de\/gehorschutz\/kopfhorer-3m-peltor-sporttac-slimline-green-orange\/\" \/>\n<meta property=\"og:site_name\" content=\"TCA eShop - Tactical Combat Academy\" \/>\n<meta property=\"og:image\" content=\"https:\/\/eshop.tca.sk\/wp-content\/uploads\/2025\/10\/Sportac.jpg\" \/>\n\t<meta property=\"og:image:width\" content=\"1000\" \/>\n\t<meta property=\"og:image:height\" content=\"1000\" \/>\n\t<meta property=\"og:image:type\" content=\"image\/jpeg\" \/>\n<meta name=\"twitter:card\" content=\"summary_large_image\" \/>\n<script type=\"application\/ld+json\" class=\"yoast-schema-graph\">{\"@context\":\"https:\/\/schema.org\",\"@graph\":[{\"@type\":\"WebPage\",\"@id\":\"https:\/\/eshop.tca.sk\/de\/gehorschutz\/kopfhorer-3m-peltor-sporttac-slimline-green-orange\/\",\"url\":\"https:\/\/eshop.tca.sk\/de\/gehorschutz\/kopfhorer-3m-peltor-sporttac-slimline-green-orange\/\",\"name\":\"3M Peltor SportTac Slimline GR\u00dcN\/ORANGE Schie\u00dfsport-Kopfh\u00f6rer - TCA eShop - Tactical Combat Academy\",\"isPartOf\":{\"@id\":\"https:\/\/eshop.tca.sk\/de\/#website\"},\"primaryImageOfPage\":{\"@id\":\"https:\/\/eshop.tca.sk\/de\/gehorschutz\/kopfhorer-3m-peltor-sporttac-slimline-green-orange\/#primaryimage\"},\"image\":{\"@id\":\"https:\/\/eshop.tca.sk\/de\/gehorschutz\/kopfhorer-3m-peltor-sporttac-slimline-green-orange\/#primaryimage\"},\"thumbnailUrl\":\"https:\/\/eshop.tca.sk\/wp-content\/uploads\/2025\/10\/Sportac.jpg\",\"datePublished\":\"2025-10-13T11:07:37+00:00\",\"description\":\"Das 3M Peltor SportTac Slimline GREEN\/ORANGE Shooting Headset ist ein elektronisches Schie\u00df-Headset, das f\u00fcr J\u00e4ger und Sportsch\u00fctzen entwickelt wurde.\",\"breadcrumb\":{\"@id\":\"https:\/\/eshop.tca.sk\/de\/gehorschutz\/kopfhorer-3m-peltor-sporttac-slimline-green-orange\/#breadcrumb\"},\"inLanguage\":\"de\",\"potentialAction\":[{\"@type\":\"ReadAction\",\"target\":[\"https:\/\/eshop.tca.sk\/de\/gehorschutz\/kopfhorer-3m-peltor-sporttac-slimline-green-orange\/\"]}]},{\"@type\":\"ImageObject\",\"inLanguage\":\"de\",\"@id\":\"https:\/\/eshop.tca.sk\/de\/gehorschutz\/kopfhorer-3m-peltor-sporttac-slimline-green-orange\/#primaryimage\",\"url\":\"https:\/\/eshop.tca.sk\/wp-content\/uploads\/2025\/10\/Sportac.jpg\",\"contentUrl\":\"https:\/\/eshop.tca.sk\/wp-content\/uploads\/2025\/10\/Sportac.jpg\",\"width\":1000,\"height\":1000,\"caption\":\"Streleck\u00e9 Sl\u00fachadl\u00e1 3M Peltor SportTac GREEN\/ORANGE\"},{\"@type\":\"BreadcrumbList\",\"@id\":\"https:\/\/eshop.tca.sk\/de\/gehorschutz\/kopfhorer-3m-peltor-sporttac-slimline-green-orange\/#breadcrumb\",\"itemListElement\":[{\"@type\":\"ListItem\",\"position\":1,\"name\":\"Domovsk\u00e1 str\u00e1nka\",\"item\":\"https:\/\/eshop.tca.sk\/de\/\"},{\"@type\":\"ListItem\",\"position\":2,\"name\":\"Shop\",\"item\":\"https:\/\/eshop.tca.sk\/de\/shop\/\"},{\"@type\":\"ListItem\",\"position\":3,\"name\":\"3M Peltor SportTac Slimline GR\u00dcN\/ORANGE Schie\u00dfsport-Kopfh\u00f6rer\"}]},{\"@type\":\"WebSite\",\"@id\":\"https:\/\/eshop.tca.sk\/de\/#website\",\"url\":\"https:\/\/eshop.tca.sk\/de\/\",\"name\":\"TCA eShop - Tactical Combat Academy\",\"description\":\"Tactical Combat Academy\",\"publisher\":{\"@id\":\"https:\/\/eshop.tca.sk\/de\/#organization\"},\"potentialAction\":[{\"@type\":\"SearchAction\",\"target\":{\"@type\":\"EntryPoint\",\"urlTemplate\":\"https:\/\/eshop.tca.sk\/de\/?s={search_term_string}\"},\"query-input\":{\"@type\":\"PropertyValueSpecification\",\"valueRequired\":true,\"valueName\":\"search_term_string\"}}],\"inLanguage\":\"de\"},{\"@type\":\"Organization\",\"@id\":\"https:\/\/eshop.tca.sk\/de\/#organization\",\"name\":\"TCA eShop - Tactical Combat Academy\",\"url\":\"https:\/\/eshop.tca.sk\/de\/\",\"logo\":{\"@type\":\"ImageObject\",\"inLanguage\":\"de\",\"@id\":\"https:\/\/eshop.tca.sk\/de\/#\/schema\/logo\/image\/\",\"url\":\"https:\/\/eshop.tca.sk\/wp-content\/uploads\/2025\/06\/logo-new-header.png\",\"contentUrl\":\"https:\/\/eshop.tca.sk\/wp-content\/uploads\/2025\/06\/logo-new-header.png\",\"width\":300,\"height\":294,\"caption\":\"TCA eShop - Tactical Combat Academy\"},\"image\":{\"@id\":\"https:\/\/eshop.tca.sk\/de\/#\/schema\/logo\/image\/\"}}]}<\/script>\n<!-- \/ Yoast SEO plugin. -->","yoast_head_json":{"title":"3M Peltor SportTac Slimline GR\u00dcN\/ORANGE Schie\u00dfsport-Kopfh\u00f6rer - TCA eShop - Tactical Combat Academy","description":"Das 3M Peltor SportTac Slimline GREEN\/ORANGE Shooting Headset ist ein elektronisches Schie\u00df-Headset, das f\u00fcr J\u00e4ger und Sportsch\u00fctzen entwickelt wurde.","robots":{"index":"index","follow":"follow","max-snippet":"max-snippet:-1","max-image-preview":"max-image-preview:large","max-video-preview":"max-video-preview:-1"},"canonical":"https:\/\/eshop.tca.sk\/de\/gehorschutz\/kopfhorer-3m-peltor-sporttac-slimline-green-orange\/","og_locale":"de_DE","og_type":"article","og_title":"3M Peltor SportTac Slimline GR\u00dcN\/ORANGE Schie\u00dfsport-Kopfh\u00f6rer - TCA eShop - Tactical Combat Academy","og_description":"Das 3M Peltor SportTac Slimline GREEN\/ORANGE Shooting Headset ist ein elektronisches Schie\u00df-Headset, das f\u00fcr J\u00e4ger und Sportsch\u00fctzen entwickelt wurde.","og_url":"https:\/\/eshop.tca.sk\/de\/gehorschutz\/kopfhorer-3m-peltor-sporttac-slimline-green-orange\/","og_site_name":"TCA eShop - Tactical Combat Academy","og_image":[{"width":1000,"height":1000,"url":"https:\/\/eshop.tca.sk\/wp-content\/uploads\/2025\/10\/Sportac.jpg","type":"image\/jpeg"}],"twitter_card":"summary_large_image","schema":{"@context":"https:\/\/schema.org","@graph":[{"@type":"WebPage","@id":"https:\/\/eshop.tca.sk\/de\/gehorschutz\/kopfhorer-3m-peltor-sporttac-slimline-green-orange\/","url":"https:\/\/eshop.tca.sk\/de\/gehorschutz\/kopfhorer-3m-peltor-sporttac-slimline-green-orange\/","name":"3M Peltor SportTac Slimline GR\u00dcN\/ORANGE Schie\u00dfsport-Kopfh\u00f6rer - TCA eShop - Tactical Combat Academy","isPartOf":{"@id":"https:\/\/eshop.tca.sk\/de\/#website"},"primaryImageOfPage":{"@id":"https:\/\/eshop.tca.sk\/de\/gehorschutz\/kopfhorer-3m-peltor-sporttac-slimline-green-orange\/#primaryimage"},"image":{"@id":"https:\/\/eshop.tca.sk\/de\/gehorschutz\/kopfhorer-3m-peltor-sporttac-slimline-green-orange\/#primaryimage"},"thumbnailUrl":"https:\/\/eshop.tca.sk\/wp-content\/uploads\/2025\/10\/Sportac.jpg","datePublished":"2025-10-13T11:07:37+00:00","description":"Das 3M Peltor SportTac Slimline GREEN\/ORANGE Shooting Headset ist ein elektronisches Schie\u00df-Headset, das f\u00fcr J\u00e4ger und Sportsch\u00fctzen entwickelt wurde.","breadcrumb":{"@id":"https:\/\/eshop.tca.sk\/de\/gehorschutz\/kopfhorer-3m-peltor-sporttac-slimline-green-orange\/#breadcrumb"},"inLanguage":"de","potentialAction":[{"@type":"ReadAction","target":["https:\/\/eshop.tca.sk\/de\/gehorschutz\/kopfhorer-3m-peltor-sporttac-slimline-green-orange\/"]}]},{"@type":"ImageObject","inLanguage":"de","@id":"https:\/\/eshop.tca.sk\/de\/gehorschutz\/kopfhorer-3m-peltor-sporttac-slimline-green-orange\/#primaryimage","url":"https:\/\/eshop.tca.sk\/wp-content\/uploads\/2025\/10\/Sportac.jpg","contentUrl":"https:\/\/eshop.tca.sk\/wp-content\/uploads\/2025\/10\/Sportac.jpg","width":1000,"height":1000,"caption":"Streleck\u00e9 Sl\u00fachadl\u00e1 3M Peltor SportTac GREEN\/ORANGE"},{"@type":"BreadcrumbList","@id":"https:\/\/eshop.tca.sk\/de\/gehorschutz\/kopfhorer-3m-peltor-sporttac-slimline-green-orange\/#breadcrumb","itemListElement":[{"@type":"ListItem","position":1,"name":"Domovsk\u00e1 str\u00e1nka","item":"https:\/\/eshop.tca.sk\/de\/"},{"@type":"ListItem","position":2,"name":"Shop","item":"https:\/\/eshop.tca.sk\/de\/shop\/"},{"@type":"ListItem","position":3,"name":"3M Peltor SportTac Slimline GR\u00dcN\/ORANGE Schie\u00dfsport-Kopfh\u00f6rer"}]},{"@type":"WebSite","@id":"https:\/\/eshop.tca.sk\/de\/#website","url":"https:\/\/eshop.tca.sk\/de\/","name":"TCA eShop - Tactical Combat Academy","description":"Tactical Combat Academy","publisher":{"@id":"https:\/\/eshop.tca.sk\/de\/#organization"},"potentialAction":[{"@type":"SearchAction","target":{"@type":"EntryPoint","urlTemplate":"https:\/\/eshop.tca.sk\/de\/?s={search_term_string}"},"query-input":{"@type":"PropertyValueSpecification","valueRequired":true,"valueName":"search_term_string"}}],"inLanguage":"de"},{"@type":"Organization","@id":"https:\/\/eshop.tca.sk\/de\/#organization","name":"TCA eShop - Tactical Combat Academy","url":"https:\/\/eshop.tca.sk\/de\/","logo":{"@type":"ImageObject","inLanguage":"de","@id":"https:\/\/eshop.tca.sk\/de\/#\/schema\/logo\/image\/","url":"https:\/\/eshop.tca.sk\/wp-content\/uploads\/2025\/06\/logo-new-header.png","contentUrl":"https:\/\/eshop.tca.sk\/wp-content\/uploads\/2025\/06\/logo-new-header.png","width":300,"height":294,"caption":"TCA eShop - Tactical Combat Academy"},"image":{"@id":"https:\/\/eshop.tca.sk\/de\/#\/schema\/logo\/image\/"}}]}},"_links":{"self":[{"href":"https:\/\/eshop.tca.sk\/de\/wp-json\/wp\/v2\/product\/15434","targetHints":{"allow":["GET"]}}],"collection":[{"href":"https:\/\/eshop.tca.sk\/de\/wp-json\/wp\/v2\/product"}],"about":[{"href":"https:\/\/eshop.tca.sk\/de\/wp-json\/wp\/v2\/types\/product"}],"wp:featuredmedia":[{"embeddable":true,"href":"https:\/\/eshop.tca.sk\/de\/wp-json\/wp\/v2\/media\/15382"}],"wp:attachment":[{"href":"https:\/\/eshop.tca.sk\/de\/wp-json\/wp\/v2\/media?parent=15434"}],"wp:term":[{"taxonomy":"product_brand","embeddable":true,"href":"https:\/\/eshop.tca.sk\/de\/wp-json\/wp\/v2\/product_brand?post=15434"},{"taxonomy":"product_cat","embeddable":true,"href":"https:\/\/eshop.tca.sk\/de\/wp-json\/wp\/v2\/product_cat?post=15434"},{"taxonomy":"product_tag","embeddable":true,"href":"https:\/\/eshop.tca.sk\/de\/wp-json\/wp\/v2\/product_tag?post=15434"},{"taxonomy":"giftcard-category","embeddable":true,"href":"https:\/\/eshop.tca.sk\/de\/wp-json\/wp\/v2\/giftcard-category?post=15434"}],"curies":[{"name":"wp","href":"https:\/\/api.w.org\/{rel}","templated":true}]}}