{"id":15436,"date":"2025-10-13T13:58:46","date_gmt":"2025-10-13T11:58:46","guid":{"rendered":"https:\/\/eshop.tca.sk\/unkategorisiert\/kopfhorer-3m-peltor-bulls-eye-i-green\/"},"modified":"2025-10-13T13:58:46","modified_gmt":"2025-10-13T11:58:46","slug":"kopfhorer-3m-peltor-bulls-eye-i-green","status":"publish","type":"product","link":"https:\/\/eshop.tca.sk\/de\/gehorschutz\/kopfhorer-3m-peltor-bulls-eye-i-green\/","title":{"rendered":"3M Peltor Bull&#8217;s Eye I GREEN Schie\u00dfsport-Kopfh\u00f6rer"},"content":{"rendered":"<h3>3M Peltor Bull&#8217;s Eye I GREEN Schie\u00dfsport-Kopfh\u00f6rer<\/h3>\n<p>Der <strong>3M Peltor Bull&#8217;s Eye I GREEN Schie\u00dfkopfh\u00f6rer<\/strong> ist ein hochwertiger Schie\u00dfkopfh\u00f6rer, der f\u00fcr J\u00e4ger, Sport- und Freizeitsch\u00fctzen entwickelt wurde. Sie bieten einen zuverl\u00e4ssigen passiven Geh\u00f6rschutz mit einer Ger\u00e4uschd\u00e4mpfung von bis zu 27 dB, w\u00e4hrend ihre Form so gestaltet ist, dass sie das Zielen und den Kontakt mit dem Kolben der Waffe nicht beeintr\u00e4chtigt.<\/p>\n<p>Das niedrige Profil der Schalen und die weichen Dichtungspolster sorgen auch bei l\u00e4ngerem Gebrauch f\u00fcr einen bequemen Sitz. Die Kopfh\u00f6rer sind leicht, faltbar und f\u00fcr den t\u00e4glichen Gebrauch auf dem Schie\u00dfstand oder im Gel\u00e4nde geeignet.<\/p>\n<p><strong>Hauptmerkmale<\/strong><\/p>\n<ul>\n<li>Passiver Geh\u00f6rschutz mit einer Ger\u00e4uschd\u00e4mmung von bis zu 27 dB<\/li>\n<li>Ergonomische Form der Patronen &#8211; st\u00f6rt nicht beim Schie\u00dfen mit Langwaffen<\/li>\n<li>Weiche Dichtungspolster f\u00fcr hohen Tragekomfort<\/li>\n<li>Verstellbares Kopfband f\u00fcr eine pr\u00e4zise Passform<\/li>\n<li>Zusammenklappbares Design &#8211; einfache Aufbewahrung und Transport<\/li>\n<li>Langlebige und zuverl\u00e4ssige Konstruktion f\u00fcr den intensiven Gebrauch<\/li>\n<\/ul>\n<p><strong>Technische Parameter<\/strong><\/p>\n<ul>\n<li>Modell: H515FB-516-SV<\/li>\n<li>Farbe der Muschel: gr\u00fcn<\/li>\n<li>Typ: Passive Kopfh\u00f6rer zum Schie\u00dfen<\/li>\n<li>Rauschabschw\u00e4chung (SNR): 27 dB<\/li>\n<li>Tragemethode: Kopfband (verstellbar, faltbar)<\/li>\n<li>Gewicht: ca. 180 g<\/li>\n<li>Zertifizierung:EN 352-1:2020<\/li>\n<li>Hersteller.<\/li>\n<\/ul>\n","protected":false},"excerpt":{"rendered":"<p data-wp-editing=\"1\"><img loading=\"lazy\" decoding=\"async\" class=\"alignnone wp-image-15367 \" src=\"https:\/\/eshop.tca.sk\/wp-content\/uploads\/2025\/10\/3m-logo-1.png\" alt=\"\" width=\"242\" height=\"67\" srcset=\"https:\/\/eshop.tca.sk\/wp-content\/uploads\/2025\/10\/3m-logo-1.png 900w, https:\/\/eshop.tca.sk\/wp-content\/uploads\/2025\/10\/3m-logo-1-300x83.png 300w, https:\/\/eshop.tca.sk\/wp-content\/uploads\/2025\/10\/3m-logo-1-768x212.png 768w, https:\/\/eshop.tca.sk\/wp-content\/uploads\/2025\/10\/3m-logo-1-24x7.png 24w, https:\/\/eshop.tca.sk\/wp-content\/uploads\/2025\/10\/3m-logo-1-36x10.png 36w, https:\/\/eshop.tca.sk\/wp-content\/uploads\/2025\/10\/3m-logo-1-48x13.png 48w, https:\/\/eshop.tca.sk\/wp-content\/uploads\/2025\/10\/3m-logo-1-600x166.png 600w\" sizes=\"auto, (max-width: 242px) 100vw, 242px\" \/><\/p>\n<p>Der <strong>3M Peltor Bull&#8217;s Eye I GREEN Schie\u00dfkopfh\u00f6rer<\/strong> ist ein hochwertiger Schie\u00dfkopfh\u00f6rer, der f\u00fcr J\u00e4ger, Sport- und Freizeitsch\u00fctzen entwickelt wurde.<\/p>\n<p><img loading=\"lazy\" decoding=\"async\" class=\"wp-image-8564 alignnone\" src=\"https:\/\/eshop.tca.sk\/wp-content\/uploads\/2023\/04\/Logo-Whack-Black-White-R-APPROVED.png\" alt=\"\" width=\"138\" height=\"75\" srcset=\"https:\/\/eshop.tca.sk\/wp-content\/uploads\/2023\/04\/Logo-Whack-Black-White-R-APPROVED.png 571w, https:\/\/eshop.tca.sk\/wp-content\/uploads\/2023\/04\/Logo-Whack-Black-White-R-APPROVED-300x163.png 300w\" sizes=\"auto, (max-width: 138px) 100vw, 138px\" \/><\/p>\n<p>Vom <strong>TCA<\/strong> und dem <strong>WHACK<\/strong>-System verwendete und empfohlene Equipment.<\/p>\n","protected":false},"featured_media":15388,"template":"","meta":{"inline_featured_image":false},"product_brand":[],"product_cat":[323,779],"product_tag":[780,781],"giftcard-category":[],"class_list":{"0":"post-15436","1":"product","2":"type-product","3":"status-publish","4":"has-post-thumbnail","6":"product_cat-ausruestung","7":"product_cat-gehorschutz","8":"product_tag-3m-de","9":"product_tag-peltor-de","11":"first","12":"instock","13":"taxable","14":"shipping-taxable","15":"purchasable","16":"product-type-simple"},"yoast_head":"<!-- This site is optimized with the Yoast SEO plugin v26.4 - https:\/\/yoast.com\/wordpress\/plugins\/seo\/ -->\n<title>3M Peltor Bull&#039;s Eye I GREEN Schie\u00dfsport-Kopfh\u00f6rer - TCA eShop - Tactical Combat Academy<\/title>\n<meta name=\"description\" content=\"Der 3M Peltor Bull&#039;s Eye I GREEN Schie\u00dfkopfh\u00f6rer ist ein hochwertiger Schie\u00dfkopfh\u00f6rer, der f\u00fcr J\u00e4ger, Sport- und Freizeitsch\u00fctzen entwickelt wurde.\" \/>\n<meta name=\"robots\" content=\"index, follow, max-snippet:-1, max-image-preview:large, max-video-preview:-1\" \/>\n<link rel=\"canonical\" href=\"https:\/\/eshop.tca.sk\/de\/gehorschutz\/kopfhorer-3m-peltor-bulls-eye-i-green\/\" \/>\n<meta property=\"og:locale\" content=\"de_DE\" \/>\n<meta property=\"og:type\" content=\"article\" \/>\n<meta property=\"og:title\" content=\"3M Peltor Bull&#039;s Eye I GREEN Schie\u00dfsport-Kopfh\u00f6rer - TCA eShop - Tactical Combat Academy\" \/>\n<meta property=\"og:description\" content=\"Der 3M Peltor Bull&#039;s Eye I GREEN Schie\u00dfkopfh\u00f6rer ist ein hochwertiger Schie\u00dfkopfh\u00f6rer, der f\u00fcr J\u00e4ger, Sport- und Freizeitsch\u00fctzen entwickelt wurde.\" \/>\n<meta property=\"og:url\" content=\"https:\/\/eshop.tca.sk\/de\/gehorschutz\/kopfhorer-3m-peltor-bulls-eye-i-green\/\" \/>\n<meta property=\"og:site_name\" content=\"TCA eShop - Tactical Combat Academy\" \/>\n<meta property=\"og:image\" content=\"https:\/\/eshop.tca.sk\/wp-content\/uploads\/2025\/10\/Bulls-Eye-1-GREEN.jpg\" \/>\n\t<meta property=\"og:image:width\" content=\"1000\" \/>\n\t<meta property=\"og:image:height\" content=\"1000\" \/>\n\t<meta property=\"og:image:type\" content=\"image\/jpeg\" \/>\n<meta name=\"twitter:card\" content=\"summary_large_image\" \/>\n<script type=\"application\/ld+json\" class=\"yoast-schema-graph\">{\"@context\":\"https:\/\/schema.org\",\"@graph\":[{\"@type\":\"WebPage\",\"@id\":\"https:\/\/eshop.tca.sk\/de\/gehorschutz\/kopfhorer-3m-peltor-bulls-eye-i-green\/\",\"url\":\"https:\/\/eshop.tca.sk\/de\/gehorschutz\/kopfhorer-3m-peltor-bulls-eye-i-green\/\",\"name\":\"3M Peltor Bull's Eye I GREEN Schie\u00dfsport-Kopfh\u00f6rer - TCA eShop - Tactical Combat Academy\",\"isPartOf\":{\"@id\":\"https:\/\/eshop.tca.sk\/de\/#website\"},\"primaryImageOfPage\":{\"@id\":\"https:\/\/eshop.tca.sk\/de\/gehorschutz\/kopfhorer-3m-peltor-bulls-eye-i-green\/#primaryimage\"},\"image\":{\"@id\":\"https:\/\/eshop.tca.sk\/de\/gehorschutz\/kopfhorer-3m-peltor-bulls-eye-i-green\/#primaryimage\"},\"thumbnailUrl\":\"https:\/\/eshop.tca.sk\/wp-content\/uploads\/2025\/10\/Bulls-Eye-1-GREEN.jpg\",\"datePublished\":\"2025-10-13T11:58:46+00:00\",\"description\":\"Der 3M Peltor Bull's Eye I GREEN Schie\u00dfkopfh\u00f6rer ist ein hochwertiger Schie\u00dfkopfh\u00f6rer, der f\u00fcr J\u00e4ger, Sport- und Freizeitsch\u00fctzen entwickelt wurde.\",\"breadcrumb\":{\"@id\":\"https:\/\/eshop.tca.sk\/de\/gehorschutz\/kopfhorer-3m-peltor-bulls-eye-i-green\/#breadcrumb\"},\"inLanguage\":\"de\",\"potentialAction\":[{\"@type\":\"ReadAction\",\"target\":[\"https:\/\/eshop.tca.sk\/de\/gehorschutz\/kopfhorer-3m-peltor-bulls-eye-i-green\/\"]}]},{\"@type\":\"ImageObject\",\"inLanguage\":\"de\",\"@id\":\"https:\/\/eshop.tca.sk\/de\/gehorschutz\/kopfhorer-3m-peltor-bulls-eye-i-green\/#primaryimage\",\"url\":\"https:\/\/eshop.tca.sk\/wp-content\/uploads\/2025\/10\/Bulls-Eye-1-GREEN.jpg\",\"contentUrl\":\"https:\/\/eshop.tca.sk\/wp-content\/uploads\/2025\/10\/Bulls-Eye-1-GREEN.jpg\",\"width\":1000,\"height\":1000,\"caption\":\"Streleck\u00e9 Sl\u00fachadl\u00e1 3M Peltor Bull's Eye I GREEN\"},{\"@type\":\"BreadcrumbList\",\"@id\":\"https:\/\/eshop.tca.sk\/de\/gehorschutz\/kopfhorer-3m-peltor-bulls-eye-i-green\/#breadcrumb\",\"itemListElement\":[{\"@type\":\"ListItem\",\"position\":1,\"name\":\"Domovsk\u00e1 str\u00e1nka\",\"item\":\"https:\/\/eshop.tca.sk\/de\/\"},{\"@type\":\"ListItem\",\"position\":2,\"name\":\"Shop\",\"item\":\"https:\/\/eshop.tca.sk\/de\/shop\/\"},{\"@type\":\"ListItem\",\"position\":3,\"name\":\"3M Peltor Bull&#8217;s Eye I GREEN Schie\u00dfsport-Kopfh\u00f6rer\"}]},{\"@type\":\"WebSite\",\"@id\":\"https:\/\/eshop.tca.sk\/de\/#website\",\"url\":\"https:\/\/eshop.tca.sk\/de\/\",\"name\":\"TCA eShop - Tactical Combat Academy\",\"description\":\"Tactical Combat Academy\",\"publisher\":{\"@id\":\"https:\/\/eshop.tca.sk\/de\/#organization\"},\"potentialAction\":[{\"@type\":\"SearchAction\",\"target\":{\"@type\":\"EntryPoint\",\"urlTemplate\":\"https:\/\/eshop.tca.sk\/de\/?s={search_term_string}\"},\"query-input\":{\"@type\":\"PropertyValueSpecification\",\"valueRequired\":true,\"valueName\":\"search_term_string\"}}],\"inLanguage\":\"de\"},{\"@type\":\"Organization\",\"@id\":\"https:\/\/eshop.tca.sk\/de\/#organization\",\"name\":\"TCA eShop - Tactical Combat Academy\",\"url\":\"https:\/\/eshop.tca.sk\/de\/\",\"logo\":{\"@type\":\"ImageObject\",\"inLanguage\":\"de\",\"@id\":\"https:\/\/eshop.tca.sk\/de\/#\/schema\/logo\/image\/\",\"url\":\"https:\/\/eshop.tca.sk\/wp-content\/uploads\/2025\/06\/logo-new-header.png\",\"contentUrl\":\"https:\/\/eshop.tca.sk\/wp-content\/uploads\/2025\/06\/logo-new-header.png\",\"width\":300,\"height\":294,\"caption\":\"TCA eShop - Tactical Combat Academy\"},\"image\":{\"@id\":\"https:\/\/eshop.tca.sk\/de\/#\/schema\/logo\/image\/\"}}]}<\/script>\n<!-- \/ Yoast SEO plugin. -->","yoast_head_json":{"title":"3M Peltor Bull's Eye I GREEN Schie\u00dfsport-Kopfh\u00f6rer - TCA eShop - Tactical Combat Academy","description":"Der 3M Peltor Bull's Eye I GREEN Schie\u00dfkopfh\u00f6rer ist ein hochwertiger Schie\u00dfkopfh\u00f6rer, der f\u00fcr J\u00e4ger, Sport- und Freizeitsch\u00fctzen entwickelt wurde.","robots":{"index":"index","follow":"follow","max-snippet":"max-snippet:-1","max-image-preview":"max-image-preview:large","max-video-preview":"max-video-preview:-1"},"canonical":"https:\/\/eshop.tca.sk\/de\/gehorschutz\/kopfhorer-3m-peltor-bulls-eye-i-green\/","og_locale":"de_DE","og_type":"article","og_title":"3M Peltor Bull's Eye I GREEN Schie\u00dfsport-Kopfh\u00f6rer - TCA eShop - Tactical Combat Academy","og_description":"Der 3M Peltor Bull's Eye I GREEN Schie\u00dfkopfh\u00f6rer ist ein hochwertiger Schie\u00dfkopfh\u00f6rer, der f\u00fcr J\u00e4ger, Sport- und Freizeitsch\u00fctzen entwickelt wurde.","og_url":"https:\/\/eshop.tca.sk\/de\/gehorschutz\/kopfhorer-3m-peltor-bulls-eye-i-green\/","og_site_name":"TCA eShop - Tactical Combat Academy","og_image":[{"width":1000,"height":1000,"url":"https:\/\/eshop.tca.sk\/wp-content\/uploads\/2025\/10\/Bulls-Eye-1-GREEN.jpg","type":"image\/jpeg"}],"twitter_card":"summary_large_image","schema":{"@context":"https:\/\/schema.org","@graph":[{"@type":"WebPage","@id":"https:\/\/eshop.tca.sk\/de\/gehorschutz\/kopfhorer-3m-peltor-bulls-eye-i-green\/","url":"https:\/\/eshop.tca.sk\/de\/gehorschutz\/kopfhorer-3m-peltor-bulls-eye-i-green\/","name":"3M Peltor Bull's Eye I GREEN Schie\u00dfsport-Kopfh\u00f6rer - TCA eShop - Tactical Combat Academy","isPartOf":{"@id":"https:\/\/eshop.tca.sk\/de\/#website"},"primaryImageOfPage":{"@id":"https:\/\/eshop.tca.sk\/de\/gehorschutz\/kopfhorer-3m-peltor-bulls-eye-i-green\/#primaryimage"},"image":{"@id":"https:\/\/eshop.tca.sk\/de\/gehorschutz\/kopfhorer-3m-peltor-bulls-eye-i-green\/#primaryimage"},"thumbnailUrl":"https:\/\/eshop.tca.sk\/wp-content\/uploads\/2025\/10\/Bulls-Eye-1-GREEN.jpg","datePublished":"2025-10-13T11:58:46+00:00","description":"Der 3M Peltor Bull's Eye I GREEN Schie\u00dfkopfh\u00f6rer ist ein hochwertiger Schie\u00dfkopfh\u00f6rer, der f\u00fcr J\u00e4ger, Sport- und Freizeitsch\u00fctzen entwickelt wurde.","breadcrumb":{"@id":"https:\/\/eshop.tca.sk\/de\/gehorschutz\/kopfhorer-3m-peltor-bulls-eye-i-green\/#breadcrumb"},"inLanguage":"de","potentialAction":[{"@type":"ReadAction","target":["https:\/\/eshop.tca.sk\/de\/gehorschutz\/kopfhorer-3m-peltor-bulls-eye-i-green\/"]}]},{"@type":"ImageObject","inLanguage":"de","@id":"https:\/\/eshop.tca.sk\/de\/gehorschutz\/kopfhorer-3m-peltor-bulls-eye-i-green\/#primaryimage","url":"https:\/\/eshop.tca.sk\/wp-content\/uploads\/2025\/10\/Bulls-Eye-1-GREEN.jpg","contentUrl":"https:\/\/eshop.tca.sk\/wp-content\/uploads\/2025\/10\/Bulls-Eye-1-GREEN.jpg","width":1000,"height":1000,"caption":"Streleck\u00e9 Sl\u00fachadl\u00e1 3M Peltor Bull's Eye I GREEN"},{"@type":"BreadcrumbList","@id":"https:\/\/eshop.tca.sk\/de\/gehorschutz\/kopfhorer-3m-peltor-bulls-eye-i-green\/#breadcrumb","itemListElement":[{"@type":"ListItem","position":1,"name":"Domovsk\u00e1 str\u00e1nka","item":"https:\/\/eshop.tca.sk\/de\/"},{"@type":"ListItem","position":2,"name":"Shop","item":"https:\/\/eshop.tca.sk\/de\/shop\/"},{"@type":"ListItem","position":3,"name":"3M Peltor Bull&#8217;s Eye I GREEN Schie\u00dfsport-Kopfh\u00f6rer"}]},{"@type":"WebSite","@id":"https:\/\/eshop.tca.sk\/de\/#website","url":"https:\/\/eshop.tca.sk\/de\/","name":"TCA eShop - Tactical Combat Academy","description":"Tactical Combat Academy","publisher":{"@id":"https:\/\/eshop.tca.sk\/de\/#organization"},"potentialAction":[{"@type":"SearchAction","target":{"@type":"EntryPoint","urlTemplate":"https:\/\/eshop.tca.sk\/de\/?s={search_term_string}"},"query-input":{"@type":"PropertyValueSpecification","valueRequired":true,"valueName":"search_term_string"}}],"inLanguage":"de"},{"@type":"Organization","@id":"https:\/\/eshop.tca.sk\/de\/#organization","name":"TCA eShop - Tactical Combat Academy","url":"https:\/\/eshop.tca.sk\/de\/","logo":{"@type":"ImageObject","inLanguage":"de","@id":"https:\/\/eshop.tca.sk\/de\/#\/schema\/logo\/image\/","url":"https:\/\/eshop.tca.sk\/wp-content\/uploads\/2025\/06\/logo-new-header.png","contentUrl":"https:\/\/eshop.tca.sk\/wp-content\/uploads\/2025\/06\/logo-new-header.png","width":300,"height":294,"caption":"TCA eShop - Tactical Combat Academy"},"image":{"@id":"https:\/\/eshop.tca.sk\/de\/#\/schema\/logo\/image\/"}}]}},"_links":{"self":[{"href":"https:\/\/eshop.tca.sk\/de\/wp-json\/wp\/v2\/product\/15436","targetHints":{"allow":["GET"]}}],"collection":[{"href":"https:\/\/eshop.tca.sk\/de\/wp-json\/wp\/v2\/product"}],"about":[{"href":"https:\/\/eshop.tca.sk\/de\/wp-json\/wp\/v2\/types\/product"}],"wp:featuredmedia":[{"embeddable":true,"href":"https:\/\/eshop.tca.sk\/de\/wp-json\/wp\/v2\/media\/15388"}],"wp:attachment":[{"href":"https:\/\/eshop.tca.sk\/de\/wp-json\/wp\/v2\/media?parent=15436"}],"wp:term":[{"taxonomy":"product_brand","embeddable":true,"href":"https:\/\/eshop.tca.sk\/de\/wp-json\/wp\/v2\/product_brand?post=15436"},{"taxonomy":"product_cat","embeddable":true,"href":"https:\/\/eshop.tca.sk\/de\/wp-json\/wp\/v2\/product_cat?post=15436"},{"taxonomy":"product_tag","embeddable":true,"href":"https:\/\/eshop.tca.sk\/de\/wp-json\/wp\/v2\/product_tag?post=15436"},{"taxonomy":"giftcard-category","embeddable":true,"href":"https:\/\/eshop.tca.sk\/de\/wp-json\/wp\/v2\/giftcard-category?post=15436"}],"curies":[{"name":"wp","href":"https:\/\/api.w.org\/{rel}","templated":true}]}}