{"id":15438,"date":"2025-10-13T14:06:35","date_gmt":"2025-10-13T12:06:35","guid":{"rendered":"https:\/\/eshop.tca.sk\/unkategorisiert\/ohrstopsel-3m-soft-fx\/"},"modified":"2025-10-13T14:06:35","modified_gmt":"2025-10-13T12:06:35","slug":"ohrstopsel-3m-soft-fx","status":"publish","type":"product","link":"https:\/\/eshop.tca.sk\/de\/gehorschutz\/ohrstopsel-3m-soft-fx\/","title":{"rendered":"Verformbare Stopfen 3M SOFT FX"},"content":{"rendered":"<h3>Verformbare Stopfen 3M SOFT FX<\/h3>\n<p><strong>3M SOFT FX formbare Ohrst\u00f6psel<\/strong> sind formbare Ohrst\u00f6psel mit hohem Komfort, die sich als zus\u00e4tzlicher Geh\u00f6rschutz bei Dreharbeiten, bei der Arbeit oder in lauten Umgebungen eignen. Sie sind so konzipiert, dass sie sich sanft ausdehnen, wenn sie in den Geh\u00f6rgang eingef\u00fchrt werden, und so eine dichte und komfortable Abdichtung schaffen. Sie bieten eine zuverl\u00e4ssige Ger\u00e4uschd\u00e4mpfung von bis zu 39 dB.<\/p>\n<p><strong>Hauptmerkmale<\/strong><\/p>\n<ul>\n<li>Hohe Ger\u00e4uschd\u00e4mpfung von bis zu 39 dB<\/li>\n<li>Material: superweicher Polyurethanschaum, passt sich flexibel der Form des Geh\u00f6rgangs an<\/li>\n<li>Bequemer Tragekomfort auch bei l\u00e4ngerem Gebrauch<\/li>\n<li>Zertifiziert nach EN 352-2:2020<\/li>\n<li>Kompatibel mit dem 3M\u2122 E-A-Rfit\u2122 Dual-Ear System, um den richtigen Sitz zu \u00fcberpr\u00fcfen<\/li>\n<\/ul>\n<p><strong>Technische Parameter<\/strong><\/p>\n<ul>\n<li>Typ: formbare Ohrst\u00f6psel (Ohrst\u00f6psel)<\/li>\n<li>Rauschabschw\u00e4chung (SNR): 39 dB<\/li>\n<li>Norm: EN 352-2:2020<\/li>\n<\/ul>\n","protected":false},"excerpt":{"rendered":"<p data-wp-editing=\"1\"><img loading=\"lazy\" decoding=\"async\" class=\"alignnone wp-image-15393 \" src=\"https:\/\/eshop.tca.sk\/wp-content\/uploads\/2025\/10\/3M-logo-2.png\" alt=\"\" width=\"129\" height=\"62\" srcset=\"https:\/\/eshop.tca.sk\/wp-content\/uploads\/2025\/10\/3M-logo-2.png 736w, https:\/\/eshop.tca.sk\/wp-content\/uploads\/2025\/10\/3M-logo-2-300x144.png 300w, https:\/\/eshop.tca.sk\/wp-content\/uploads\/2025\/10\/3M-logo-2-24x12.png 24w, https:\/\/eshop.tca.sk\/wp-content\/uploads\/2025\/10\/3M-logo-2-36x17.png 36w, https:\/\/eshop.tca.sk\/wp-content\/uploads\/2025\/10\/3M-logo-2-48x23.png 48w, https:\/\/eshop.tca.sk\/wp-content\/uploads\/2025\/10\/3M-logo-2-600x289.png 600w\" sizes=\"auto, (max-width: 129px) 100vw, 129px\" \/><\/p>\n<p><strong>3M SOFT FX formbare Ohrst\u00f6psel<\/strong> sind formbare Ohrst\u00f6psel mit hohem Komfort, die sich als zus\u00e4tzlicher Geh\u00f6rschutz bei Dreharbeiten, bei der Arbeit oder in lauten Umgebungen eignen.<\/p>\n<p><img loading=\"lazy\" decoding=\"async\" class=\"wp-image-8564 alignnone\" src=\"https:\/\/eshop.tca.sk\/wp-content\/uploads\/2023\/04\/Logo-Whack-Black-White-R-APPROVED.png\" alt=\"\" width=\"138\" height=\"75\" srcset=\"https:\/\/eshop.tca.sk\/wp-content\/uploads\/2023\/04\/Logo-Whack-Black-White-R-APPROVED.png 571w, https:\/\/eshop.tca.sk\/wp-content\/uploads\/2023\/04\/Logo-Whack-Black-White-R-APPROVED-300x163.png 300w\" sizes=\"auto, (max-width: 138px) 100vw, 138px\" \/><\/p>\n<p>Vom <strong>TCA<\/strong> und dem <strong>WHACK<\/strong>-System verwendete und empfohlene Equipment.<\/p>\n","protected":false},"featured_media":15392,"template":"","meta":{"inline_featured_image":false},"product_brand":[],"product_cat":[323,779],"product_tag":[780],"giftcard-category":[],"class_list":{"0":"post-15438","1":"product","2":"type-product","3":"status-publish","4":"has-post-thumbnail","6":"product_cat-ausruestung","7":"product_cat-gehorschutz","8":"product_tag-3m-de","10":"first","11":"instock","12":"taxable","13":"shipping-taxable","14":"purchasable","15":"product-type-simple"},"yoast_head":"<!-- This site is optimized with the Yoast SEO plugin v26.4 - https:\/\/yoast.com\/wordpress\/plugins\/seo\/ -->\n<title>Verformbare Stopfen 3M SOFT FX - TCA eShop - Tactical Combat Academy<\/title>\n<meta name=\"description\" content=\"3M SOFT FX formbare Ohrst\u00f6psel sind formbare Ohrst\u00f6psel mit hohem Komfort, die sich als zus\u00e4tzlicher Geh\u00f6rschutz bei Dreharbeiten oder bei der Arbeit eignen.\" \/>\n<meta name=\"robots\" content=\"index, follow, max-snippet:-1, max-image-preview:large, max-video-preview:-1\" \/>\n<link rel=\"canonical\" href=\"https:\/\/eshop.tca.sk\/de\/gehorschutz\/ohrstopsel-3m-soft-fx\/\" \/>\n<meta property=\"og:locale\" content=\"de_DE\" \/>\n<meta property=\"og:type\" content=\"article\" \/>\n<meta property=\"og:title\" content=\"Verformbare Stopfen 3M SOFT FX - TCA eShop - Tactical Combat Academy\" \/>\n<meta property=\"og:description\" content=\"3M SOFT FX formbare Ohrst\u00f6psel sind formbare Ohrst\u00f6psel mit hohem Komfort, die sich als zus\u00e4tzlicher Geh\u00f6rschutz bei Dreharbeiten oder bei der Arbeit eignen.\" \/>\n<meta property=\"og:url\" content=\"https:\/\/eshop.tca.sk\/de\/gehorschutz\/ohrstopsel-3m-soft-fx\/\" \/>\n<meta property=\"og:site_name\" content=\"TCA eShop - Tactical Combat Academy\" \/>\n<meta property=\"og:image\" content=\"https:\/\/eshop.tca.sk\/wp-content\/uploads\/2025\/10\/Ear-SOFT.jpg\" \/>\n\t<meta property=\"og:image:width\" content=\"1000\" \/>\n\t<meta property=\"og:image:height\" content=\"1000\" \/>\n\t<meta property=\"og:image:type\" content=\"image\/jpeg\" \/>\n<meta name=\"twitter:card\" content=\"summary_large_image\" \/>\n<script type=\"application\/ld+json\" class=\"yoast-schema-graph\">{\"@context\":\"https:\/\/schema.org\",\"@graph\":[{\"@type\":\"WebPage\",\"@id\":\"https:\/\/eshop.tca.sk\/de\/gehorschutz\/ohrstopsel-3m-soft-fx\/\",\"url\":\"https:\/\/eshop.tca.sk\/de\/gehorschutz\/ohrstopsel-3m-soft-fx\/\",\"name\":\"Verformbare Stopfen 3M SOFT FX - TCA eShop - Tactical Combat Academy\",\"isPartOf\":{\"@id\":\"https:\/\/eshop.tca.sk\/de\/#website\"},\"primaryImageOfPage\":{\"@id\":\"https:\/\/eshop.tca.sk\/de\/gehorschutz\/ohrstopsel-3m-soft-fx\/#primaryimage\"},\"image\":{\"@id\":\"https:\/\/eshop.tca.sk\/de\/gehorschutz\/ohrstopsel-3m-soft-fx\/#primaryimage\"},\"thumbnailUrl\":\"https:\/\/eshop.tca.sk\/wp-content\/uploads\/2025\/10\/Ear-SOFT.jpg\",\"datePublished\":\"2025-10-13T12:06:35+00:00\",\"description\":\"3M SOFT FX formbare Ohrst\u00f6psel sind formbare Ohrst\u00f6psel mit hohem Komfort, die sich als zus\u00e4tzlicher Geh\u00f6rschutz bei Dreharbeiten oder bei der Arbeit eignen.\",\"breadcrumb\":{\"@id\":\"https:\/\/eshop.tca.sk\/de\/gehorschutz\/ohrstopsel-3m-soft-fx\/#breadcrumb\"},\"inLanguage\":\"de\",\"potentialAction\":[{\"@type\":\"ReadAction\",\"target\":[\"https:\/\/eshop.tca.sk\/de\/gehorschutz\/ohrstopsel-3m-soft-fx\/\"]}]},{\"@type\":\"ImageObject\",\"inLanguage\":\"de\",\"@id\":\"https:\/\/eshop.tca.sk\/de\/gehorschutz\/ohrstopsel-3m-soft-fx\/#primaryimage\",\"url\":\"https:\/\/eshop.tca.sk\/wp-content\/uploads\/2025\/10\/Ear-SOFT.jpg\",\"contentUrl\":\"https:\/\/eshop.tca.sk\/wp-content\/uploads\/2025\/10\/Ear-SOFT.jpg\",\"width\":1000,\"height\":1000,\"caption\":\"Tvarovate\u013en\u00e9 z\u00e1tky 3M SOFT FX\"},{\"@type\":\"BreadcrumbList\",\"@id\":\"https:\/\/eshop.tca.sk\/de\/gehorschutz\/ohrstopsel-3m-soft-fx\/#breadcrumb\",\"itemListElement\":[{\"@type\":\"ListItem\",\"position\":1,\"name\":\"Domovsk\u00e1 str\u00e1nka\",\"item\":\"https:\/\/eshop.tca.sk\/de\/\"},{\"@type\":\"ListItem\",\"position\":2,\"name\":\"Shop\",\"item\":\"https:\/\/eshop.tca.sk\/de\/shop\/\"},{\"@type\":\"ListItem\",\"position\":3,\"name\":\"Verformbare Stopfen 3M SOFT FX\"}]},{\"@type\":\"WebSite\",\"@id\":\"https:\/\/eshop.tca.sk\/de\/#website\",\"url\":\"https:\/\/eshop.tca.sk\/de\/\",\"name\":\"TCA eShop - Tactical Combat Academy\",\"description\":\"Tactical Combat Academy\",\"publisher\":{\"@id\":\"https:\/\/eshop.tca.sk\/de\/#organization\"},\"potentialAction\":[{\"@type\":\"SearchAction\",\"target\":{\"@type\":\"EntryPoint\",\"urlTemplate\":\"https:\/\/eshop.tca.sk\/de\/?s={search_term_string}\"},\"query-input\":{\"@type\":\"PropertyValueSpecification\",\"valueRequired\":true,\"valueName\":\"search_term_string\"}}],\"inLanguage\":\"de\"},{\"@type\":\"Organization\",\"@id\":\"https:\/\/eshop.tca.sk\/de\/#organization\",\"name\":\"TCA eShop - Tactical Combat Academy\",\"url\":\"https:\/\/eshop.tca.sk\/de\/\",\"logo\":{\"@type\":\"ImageObject\",\"inLanguage\":\"de\",\"@id\":\"https:\/\/eshop.tca.sk\/de\/#\/schema\/logo\/image\/\",\"url\":\"https:\/\/eshop.tca.sk\/wp-content\/uploads\/2025\/06\/logo-new-header.png\",\"contentUrl\":\"https:\/\/eshop.tca.sk\/wp-content\/uploads\/2025\/06\/logo-new-header.png\",\"width\":300,\"height\":294,\"caption\":\"TCA eShop - Tactical Combat Academy\"},\"image\":{\"@id\":\"https:\/\/eshop.tca.sk\/de\/#\/schema\/logo\/image\/\"}}]}<\/script>\n<!-- \/ Yoast SEO plugin. -->","yoast_head_json":{"title":"Verformbare Stopfen 3M SOFT FX - TCA eShop - Tactical Combat Academy","description":"3M SOFT FX formbare Ohrst\u00f6psel sind formbare Ohrst\u00f6psel mit hohem Komfort, die sich als zus\u00e4tzlicher Geh\u00f6rschutz bei Dreharbeiten oder bei der Arbeit eignen.","robots":{"index":"index","follow":"follow","max-snippet":"max-snippet:-1","max-image-preview":"max-image-preview:large","max-video-preview":"max-video-preview:-1"},"canonical":"https:\/\/eshop.tca.sk\/de\/gehorschutz\/ohrstopsel-3m-soft-fx\/","og_locale":"de_DE","og_type":"article","og_title":"Verformbare Stopfen 3M SOFT FX - TCA eShop - Tactical Combat Academy","og_description":"3M SOFT FX formbare Ohrst\u00f6psel sind formbare Ohrst\u00f6psel mit hohem Komfort, die sich als zus\u00e4tzlicher Geh\u00f6rschutz bei Dreharbeiten oder bei der Arbeit eignen.","og_url":"https:\/\/eshop.tca.sk\/de\/gehorschutz\/ohrstopsel-3m-soft-fx\/","og_site_name":"TCA eShop - Tactical Combat Academy","og_image":[{"width":1000,"height":1000,"url":"https:\/\/eshop.tca.sk\/wp-content\/uploads\/2025\/10\/Ear-SOFT.jpg","type":"image\/jpeg"}],"twitter_card":"summary_large_image","schema":{"@context":"https:\/\/schema.org","@graph":[{"@type":"WebPage","@id":"https:\/\/eshop.tca.sk\/de\/gehorschutz\/ohrstopsel-3m-soft-fx\/","url":"https:\/\/eshop.tca.sk\/de\/gehorschutz\/ohrstopsel-3m-soft-fx\/","name":"Verformbare Stopfen 3M SOFT FX - TCA eShop - Tactical Combat Academy","isPartOf":{"@id":"https:\/\/eshop.tca.sk\/de\/#website"},"primaryImageOfPage":{"@id":"https:\/\/eshop.tca.sk\/de\/gehorschutz\/ohrstopsel-3m-soft-fx\/#primaryimage"},"image":{"@id":"https:\/\/eshop.tca.sk\/de\/gehorschutz\/ohrstopsel-3m-soft-fx\/#primaryimage"},"thumbnailUrl":"https:\/\/eshop.tca.sk\/wp-content\/uploads\/2025\/10\/Ear-SOFT.jpg","datePublished":"2025-10-13T12:06:35+00:00","description":"3M SOFT FX formbare Ohrst\u00f6psel sind formbare Ohrst\u00f6psel mit hohem Komfort, die sich als zus\u00e4tzlicher Geh\u00f6rschutz bei Dreharbeiten oder bei der Arbeit eignen.","breadcrumb":{"@id":"https:\/\/eshop.tca.sk\/de\/gehorschutz\/ohrstopsel-3m-soft-fx\/#breadcrumb"},"inLanguage":"de","potentialAction":[{"@type":"ReadAction","target":["https:\/\/eshop.tca.sk\/de\/gehorschutz\/ohrstopsel-3m-soft-fx\/"]}]},{"@type":"ImageObject","inLanguage":"de","@id":"https:\/\/eshop.tca.sk\/de\/gehorschutz\/ohrstopsel-3m-soft-fx\/#primaryimage","url":"https:\/\/eshop.tca.sk\/wp-content\/uploads\/2025\/10\/Ear-SOFT.jpg","contentUrl":"https:\/\/eshop.tca.sk\/wp-content\/uploads\/2025\/10\/Ear-SOFT.jpg","width":1000,"height":1000,"caption":"Tvarovate\u013en\u00e9 z\u00e1tky 3M SOFT FX"},{"@type":"BreadcrumbList","@id":"https:\/\/eshop.tca.sk\/de\/gehorschutz\/ohrstopsel-3m-soft-fx\/#breadcrumb","itemListElement":[{"@type":"ListItem","position":1,"name":"Domovsk\u00e1 str\u00e1nka","item":"https:\/\/eshop.tca.sk\/de\/"},{"@type":"ListItem","position":2,"name":"Shop","item":"https:\/\/eshop.tca.sk\/de\/shop\/"},{"@type":"ListItem","position":3,"name":"Verformbare Stopfen 3M SOFT FX"}]},{"@type":"WebSite","@id":"https:\/\/eshop.tca.sk\/de\/#website","url":"https:\/\/eshop.tca.sk\/de\/","name":"TCA eShop - Tactical Combat Academy","description":"Tactical Combat Academy","publisher":{"@id":"https:\/\/eshop.tca.sk\/de\/#organization"},"potentialAction":[{"@type":"SearchAction","target":{"@type":"EntryPoint","urlTemplate":"https:\/\/eshop.tca.sk\/de\/?s={search_term_string}"},"query-input":{"@type":"PropertyValueSpecification","valueRequired":true,"valueName":"search_term_string"}}],"inLanguage":"de"},{"@type":"Organization","@id":"https:\/\/eshop.tca.sk\/de\/#organization","name":"TCA eShop - Tactical Combat Academy","url":"https:\/\/eshop.tca.sk\/de\/","logo":{"@type":"ImageObject","inLanguage":"de","@id":"https:\/\/eshop.tca.sk\/de\/#\/schema\/logo\/image\/","url":"https:\/\/eshop.tca.sk\/wp-content\/uploads\/2025\/06\/logo-new-header.png","contentUrl":"https:\/\/eshop.tca.sk\/wp-content\/uploads\/2025\/06\/logo-new-header.png","width":300,"height":294,"caption":"TCA eShop - Tactical Combat Academy"},"image":{"@id":"https:\/\/eshop.tca.sk\/de\/#\/schema\/logo\/image\/"}}]}},"_links":{"self":[{"href":"https:\/\/eshop.tca.sk\/de\/wp-json\/wp\/v2\/product\/15438","targetHints":{"allow":["GET"]}}],"collection":[{"href":"https:\/\/eshop.tca.sk\/de\/wp-json\/wp\/v2\/product"}],"about":[{"href":"https:\/\/eshop.tca.sk\/de\/wp-json\/wp\/v2\/types\/product"}],"wp:featuredmedia":[{"embeddable":true,"href":"https:\/\/eshop.tca.sk\/de\/wp-json\/wp\/v2\/media\/15392"}],"wp:attachment":[{"href":"https:\/\/eshop.tca.sk\/de\/wp-json\/wp\/v2\/media?parent=15438"}],"wp:term":[{"taxonomy":"product_brand","embeddable":true,"href":"https:\/\/eshop.tca.sk\/de\/wp-json\/wp\/v2\/product_brand?post=15438"},{"taxonomy":"product_cat","embeddable":true,"href":"https:\/\/eshop.tca.sk\/de\/wp-json\/wp\/v2\/product_cat?post=15438"},{"taxonomy":"product_tag","embeddable":true,"href":"https:\/\/eshop.tca.sk\/de\/wp-json\/wp\/v2\/product_tag?post=15438"},{"taxonomy":"giftcard-category","embeddable":true,"href":"https:\/\/eshop.tca.sk\/de\/wp-json\/wp\/v2\/giftcard-category?post=15438"}],"curies":[{"name":"wp","href":"https:\/\/api.w.org\/{rel}","templated":true}]}}