{"id":15439,"date":"2025-10-13T14:33:27","date_gmt":"2025-10-13T12:33:27","guid":{"rendered":"https:\/\/eshop.tca.sk\/unkategorisiert\/light-reconnaissance-harness-coyote-pre-comtac-viii\/"},"modified":"2025-10-13T14:33:27","modified_gmt":"2025-10-13T12:33:27","slug":"light-reconnaissance-harness-coyote-pre-comtac-viii","status":"publish","type":"product","link":"https:\/\/eshop.tca.sk\/de\/gehorschutz\/light-reconnaissance-harness-coyote-pre-comtac-viii\/","title":{"rendered":"Gel-Ohrpassst\u00fccke f\u00fcr ComTac VIII"},"content":{"rendered":"<h3>Gel-Ohrpassst\u00fccke f\u00fcr ComTac VIII<\/h3>\n<p>Die <strong>Gel-Ohrsch\u00fctzer f\u00fcr den ComTac VIII<\/strong> sind ein Paar Gel-Dichtringe, die als Originalersatz f\u00fcr <strong>3M Peltor-Ohrsch\u00fctzer<\/strong> entwickelt wurden. Ihr Hauptzweck besteht darin, eine bequeme und effektive Abdichtung zwischen Muschel und Ohrl\u00e4ppchen zu gew\u00e4hrleisten und so die urspr\u00fcngliche Leistung des Kopfh\u00f6rers zu erhalten. Sie bestehen aus superweichem Schaumstoff in Kombination mit Silikongel f\u00fcr maximalen Komfort.<span class=\"Apple-converted-space\"> <\/span><\/p>\n<p><strong>Hauptmerkmale<\/strong><\/p>\n<ul>\n<li>Superweiche Polyurethanhaut mit doppelter Ausst\u00fclpung und einer mit Silikongel gef\u00fcllten Innenkammer  <span class=\"Apple-converted-space\"> <\/span><\/li>\n<li>St\u00fctzender Confor\u2122-Schaumstoffkern f\u00fcr bessere Druckverteilung und Komfort  <span class=\"Apple-converted-space\"> <\/span><\/li>\n<li>Hilft, die Ger\u00e4uscharmut und den Tragekomfort des Original-Kopfh\u00f6rers zu erhalten  <span class=\"Apple-converted-space\"> <\/span><\/li>\n<\/ul>\n<p><strong>Technische Parameter<\/strong><\/p>\n<ul>\n<li>Produkttyp: Ersatz-Gel-Dichtungsringe<\/li>\n<li>Modell: HY80<\/li>\n<li>Packungsinhalt: 1 Paar<\/li>\n<li>Kompatibilit\u00e4t: 3M PELTOR ComTac VIII<\/li>\n<li>Material: d\u00fcnnes Polyurethan-Leder + kammergef\u00fclltes Silikongel + Confor\u2122-Schaumstoff<\/li>\n<\/ul>\n","protected":false},"excerpt":{"rendered":"<p data-wp-editing=\"1\"><img loading=\"lazy\" decoding=\"async\" class=\"alignnone wp-image-15367 \" src=\"https:\/\/eshop.tca.sk\/wp-content\/uploads\/2025\/10\/3m-logo-1.png\" alt=\"\" width=\"242\" height=\"67\" srcset=\"https:\/\/eshop.tca.sk\/wp-content\/uploads\/2025\/10\/3m-logo-1.png 900w, https:\/\/eshop.tca.sk\/wp-content\/uploads\/2025\/10\/3m-logo-1-300x83.png 300w, https:\/\/eshop.tca.sk\/wp-content\/uploads\/2025\/10\/3m-logo-1-768x212.png 768w, https:\/\/eshop.tca.sk\/wp-content\/uploads\/2025\/10\/3m-logo-1-24x7.png 24w, https:\/\/eshop.tca.sk\/wp-content\/uploads\/2025\/10\/3m-logo-1-36x10.png 36w, https:\/\/eshop.tca.sk\/wp-content\/uploads\/2025\/10\/3m-logo-1-48x13.png 48w, https:\/\/eshop.tca.sk\/wp-content\/uploads\/2025\/10\/3m-logo-1-600x166.png 600w\" sizes=\"auto, (max-width: 242px) 100vw, 242px\" \/><\/p>\n<p>Die <strong>Gel-Ohrsch\u00fctzer f\u00fcr den ComTac VIII<\/strong> sind ein Paar Gel-Dichtringe, die als Originalersatz f\u00fcr <strong>3M Peltor-Ohrsch\u00fctzer<\/strong> entwickelt wurden.<\/p>\n<p><img loading=\"lazy\" decoding=\"async\" class=\"wp-image-8564 alignnone\" src=\"https:\/\/eshop.tca.sk\/wp-content\/uploads\/2023\/04\/Logo-Whack-Black-White-R-APPROVED.png\" alt=\"\" width=\"138\" height=\"75\" srcset=\"https:\/\/eshop.tca.sk\/wp-content\/uploads\/2023\/04\/Logo-Whack-Black-White-R-APPROVED.png 571w, https:\/\/eshop.tca.sk\/wp-content\/uploads\/2023\/04\/Logo-Whack-Black-White-R-APPROVED-300x163.png 300w\" sizes=\"auto, (max-width: 138px) 100vw, 138px\" \/><\/p>\n<p>Vom <strong>TCA<\/strong> und dem <strong>WHACK<\/strong>-System verwendete und empfohlene Equipment.<\/p>\n","protected":false},"featured_media":15397,"template":"","meta":{"inline_featured_image":false},"product_brand":[],"product_cat":[323,779],"product_tag":[780,781],"giftcard-category":[],"class_list":{"0":"post-15439","1":"product","2":"type-product","3":"status-publish","4":"has-post-thumbnail","6":"product_cat-ausruestung","7":"product_cat-gehorschutz","8":"product_tag-3m-de","9":"product_tag-peltor-de","11":"first","12":"instock","13":"taxable","14":"shipping-taxable","15":"purchasable","16":"product-type-simple"},"yoast_head":"<!-- This site is optimized with the Yoast SEO plugin v26.4 - https:\/\/yoast.com\/wordpress\/plugins\/seo\/ -->\n<title>Gel-Ohrpassst\u00fccke f\u00fcr ComTac VIII - TCA eShop - Tactical Combat Academy<\/title>\n<meta name=\"description\" content=\"Die Gel-Ohrsch\u00fctzer f\u00fcr den ComTac VIII sind ein Paar Gel-Dichtringe, die als Originalersatz f\u00fcr 3M Peltor-Ohrsch\u00fctzer entwickelt wurden.\" \/>\n<meta name=\"robots\" content=\"index, follow, max-snippet:-1, max-image-preview:large, max-video-preview:-1\" \/>\n<link rel=\"canonical\" href=\"https:\/\/eshop.tca.sk\/de\/gehorschutz\/light-reconnaissance-harness-coyote-pre-comtac-viii\/\" \/>\n<meta property=\"og:locale\" content=\"de_DE\" \/>\n<meta property=\"og:type\" content=\"article\" \/>\n<meta property=\"og:title\" content=\"Gel-Ohrpassst\u00fccke f\u00fcr ComTac VIII - TCA eShop - Tactical Combat Academy\" \/>\n<meta property=\"og:description\" content=\"Die Gel-Ohrsch\u00fctzer f\u00fcr den ComTac VIII sind ein Paar Gel-Dichtringe, die als Originalersatz f\u00fcr 3M Peltor-Ohrsch\u00fctzer entwickelt wurden.\" \/>\n<meta property=\"og:url\" content=\"https:\/\/eshop.tca.sk\/de\/gehorschutz\/light-reconnaissance-harness-coyote-pre-comtac-viii\/\" \/>\n<meta property=\"og:site_name\" content=\"TCA eShop - Tactical Combat Academy\" \/>\n<meta property=\"og:image\" content=\"https:\/\/eshop.tca.sk\/wp-content\/uploads\/2025\/10\/Comtac-Gel-pads.jpg\" \/>\n\t<meta property=\"og:image:width\" content=\"1000\" \/>\n\t<meta property=\"og:image:height\" content=\"1000\" \/>\n\t<meta property=\"og:image:type\" content=\"image\/jpeg\" \/>\n<meta name=\"twitter:card\" content=\"summary_large_image\" \/>\n<script type=\"application\/ld+json\" class=\"yoast-schema-graph\">{\"@context\":\"https:\/\/schema.org\",\"@graph\":[{\"@type\":\"WebPage\",\"@id\":\"https:\/\/eshop.tca.sk\/de\/gehorschutz\/light-reconnaissance-harness-coyote-pre-comtac-viii\/\",\"url\":\"https:\/\/eshop.tca.sk\/de\/gehorschutz\/light-reconnaissance-harness-coyote-pre-comtac-viii\/\",\"name\":\"Gel-Ohrpassst\u00fccke f\u00fcr ComTac VIII - TCA eShop - Tactical Combat Academy\",\"isPartOf\":{\"@id\":\"https:\/\/eshop.tca.sk\/de\/#website\"},\"primaryImageOfPage\":{\"@id\":\"https:\/\/eshop.tca.sk\/de\/gehorschutz\/light-reconnaissance-harness-coyote-pre-comtac-viii\/#primaryimage\"},\"image\":{\"@id\":\"https:\/\/eshop.tca.sk\/de\/gehorschutz\/light-reconnaissance-harness-coyote-pre-comtac-viii\/#primaryimage\"},\"thumbnailUrl\":\"https:\/\/eshop.tca.sk\/wp-content\/uploads\/2025\/10\/Comtac-Gel-pads.jpg\",\"datePublished\":\"2025-10-13T12:33:27+00:00\",\"description\":\"Die Gel-Ohrsch\u00fctzer f\u00fcr den ComTac VIII sind ein Paar Gel-Dichtringe, die als Originalersatz f\u00fcr 3M Peltor-Ohrsch\u00fctzer entwickelt wurden.\",\"breadcrumb\":{\"@id\":\"https:\/\/eshop.tca.sk\/de\/gehorschutz\/light-reconnaissance-harness-coyote-pre-comtac-viii\/#breadcrumb\"},\"inLanguage\":\"de\",\"potentialAction\":[{\"@type\":\"ReadAction\",\"target\":[\"https:\/\/eshop.tca.sk\/de\/gehorschutz\/light-reconnaissance-harness-coyote-pre-comtac-viii\/\"]}]},{\"@type\":\"ImageObject\",\"inLanguage\":\"de\",\"@id\":\"https:\/\/eshop.tca.sk\/de\/gehorschutz\/light-reconnaissance-harness-coyote-pre-comtac-viii\/#primaryimage\",\"url\":\"https:\/\/eshop.tca.sk\/wp-content\/uploads\/2025\/10\/Comtac-Gel-pads.jpg\",\"contentUrl\":\"https:\/\/eshop.tca.sk\/wp-content\/uploads\/2025\/10\/Comtac-Gel-pads.jpg\",\"width\":1000,\"height\":1000,\"caption\":\"G\u00e9lov\u00e9 n\u00e1u\u0161n\u00edky pre ComTac VIII\"},{\"@type\":\"BreadcrumbList\",\"@id\":\"https:\/\/eshop.tca.sk\/de\/gehorschutz\/light-reconnaissance-harness-coyote-pre-comtac-viii\/#breadcrumb\",\"itemListElement\":[{\"@type\":\"ListItem\",\"position\":1,\"name\":\"Domovsk\u00e1 str\u00e1nka\",\"item\":\"https:\/\/eshop.tca.sk\/de\/\"},{\"@type\":\"ListItem\",\"position\":2,\"name\":\"Shop\",\"item\":\"https:\/\/eshop.tca.sk\/de\/shop\/\"},{\"@type\":\"ListItem\",\"position\":3,\"name\":\"Gel-Ohrpassst\u00fccke f\u00fcr ComTac VIII\"}]},{\"@type\":\"WebSite\",\"@id\":\"https:\/\/eshop.tca.sk\/de\/#website\",\"url\":\"https:\/\/eshop.tca.sk\/de\/\",\"name\":\"TCA eShop - Tactical Combat Academy\",\"description\":\"Tactical Combat Academy\",\"publisher\":{\"@id\":\"https:\/\/eshop.tca.sk\/de\/#organization\"},\"potentialAction\":[{\"@type\":\"SearchAction\",\"target\":{\"@type\":\"EntryPoint\",\"urlTemplate\":\"https:\/\/eshop.tca.sk\/de\/?s={search_term_string}\"},\"query-input\":{\"@type\":\"PropertyValueSpecification\",\"valueRequired\":true,\"valueName\":\"search_term_string\"}}],\"inLanguage\":\"de\"},{\"@type\":\"Organization\",\"@id\":\"https:\/\/eshop.tca.sk\/de\/#organization\",\"name\":\"TCA eShop - Tactical Combat Academy\",\"url\":\"https:\/\/eshop.tca.sk\/de\/\",\"logo\":{\"@type\":\"ImageObject\",\"inLanguage\":\"de\",\"@id\":\"https:\/\/eshop.tca.sk\/de\/#\/schema\/logo\/image\/\",\"url\":\"https:\/\/eshop.tca.sk\/wp-content\/uploads\/2025\/06\/logo-new-header.png\",\"contentUrl\":\"https:\/\/eshop.tca.sk\/wp-content\/uploads\/2025\/06\/logo-new-header.png\",\"width\":300,\"height\":294,\"caption\":\"TCA eShop - Tactical Combat Academy\"},\"image\":{\"@id\":\"https:\/\/eshop.tca.sk\/de\/#\/schema\/logo\/image\/\"}}]}<\/script>\n<!-- \/ Yoast SEO plugin. -->","yoast_head_json":{"title":"Gel-Ohrpassst\u00fccke f\u00fcr ComTac VIII - TCA eShop - Tactical Combat Academy","description":"Die Gel-Ohrsch\u00fctzer f\u00fcr den ComTac VIII sind ein Paar Gel-Dichtringe, die als Originalersatz f\u00fcr 3M Peltor-Ohrsch\u00fctzer entwickelt wurden.","robots":{"index":"index","follow":"follow","max-snippet":"max-snippet:-1","max-image-preview":"max-image-preview:large","max-video-preview":"max-video-preview:-1"},"canonical":"https:\/\/eshop.tca.sk\/de\/gehorschutz\/light-reconnaissance-harness-coyote-pre-comtac-viii\/","og_locale":"de_DE","og_type":"article","og_title":"Gel-Ohrpassst\u00fccke f\u00fcr ComTac VIII - TCA eShop - Tactical Combat Academy","og_description":"Die Gel-Ohrsch\u00fctzer f\u00fcr den ComTac VIII sind ein Paar Gel-Dichtringe, die als Originalersatz f\u00fcr 3M Peltor-Ohrsch\u00fctzer entwickelt wurden.","og_url":"https:\/\/eshop.tca.sk\/de\/gehorschutz\/light-reconnaissance-harness-coyote-pre-comtac-viii\/","og_site_name":"TCA eShop - Tactical Combat Academy","og_image":[{"width":1000,"height":1000,"url":"https:\/\/eshop.tca.sk\/wp-content\/uploads\/2025\/10\/Comtac-Gel-pads.jpg","type":"image\/jpeg"}],"twitter_card":"summary_large_image","schema":{"@context":"https:\/\/schema.org","@graph":[{"@type":"WebPage","@id":"https:\/\/eshop.tca.sk\/de\/gehorschutz\/light-reconnaissance-harness-coyote-pre-comtac-viii\/","url":"https:\/\/eshop.tca.sk\/de\/gehorschutz\/light-reconnaissance-harness-coyote-pre-comtac-viii\/","name":"Gel-Ohrpassst\u00fccke f\u00fcr ComTac VIII - TCA eShop - Tactical Combat Academy","isPartOf":{"@id":"https:\/\/eshop.tca.sk\/de\/#website"},"primaryImageOfPage":{"@id":"https:\/\/eshop.tca.sk\/de\/gehorschutz\/light-reconnaissance-harness-coyote-pre-comtac-viii\/#primaryimage"},"image":{"@id":"https:\/\/eshop.tca.sk\/de\/gehorschutz\/light-reconnaissance-harness-coyote-pre-comtac-viii\/#primaryimage"},"thumbnailUrl":"https:\/\/eshop.tca.sk\/wp-content\/uploads\/2025\/10\/Comtac-Gel-pads.jpg","datePublished":"2025-10-13T12:33:27+00:00","description":"Die Gel-Ohrsch\u00fctzer f\u00fcr den ComTac VIII sind ein Paar Gel-Dichtringe, die als Originalersatz f\u00fcr 3M Peltor-Ohrsch\u00fctzer entwickelt wurden.","breadcrumb":{"@id":"https:\/\/eshop.tca.sk\/de\/gehorschutz\/light-reconnaissance-harness-coyote-pre-comtac-viii\/#breadcrumb"},"inLanguage":"de","potentialAction":[{"@type":"ReadAction","target":["https:\/\/eshop.tca.sk\/de\/gehorschutz\/light-reconnaissance-harness-coyote-pre-comtac-viii\/"]}]},{"@type":"ImageObject","inLanguage":"de","@id":"https:\/\/eshop.tca.sk\/de\/gehorschutz\/light-reconnaissance-harness-coyote-pre-comtac-viii\/#primaryimage","url":"https:\/\/eshop.tca.sk\/wp-content\/uploads\/2025\/10\/Comtac-Gel-pads.jpg","contentUrl":"https:\/\/eshop.tca.sk\/wp-content\/uploads\/2025\/10\/Comtac-Gel-pads.jpg","width":1000,"height":1000,"caption":"G\u00e9lov\u00e9 n\u00e1u\u0161n\u00edky pre ComTac VIII"},{"@type":"BreadcrumbList","@id":"https:\/\/eshop.tca.sk\/de\/gehorschutz\/light-reconnaissance-harness-coyote-pre-comtac-viii\/#breadcrumb","itemListElement":[{"@type":"ListItem","position":1,"name":"Domovsk\u00e1 str\u00e1nka","item":"https:\/\/eshop.tca.sk\/de\/"},{"@type":"ListItem","position":2,"name":"Shop","item":"https:\/\/eshop.tca.sk\/de\/shop\/"},{"@type":"ListItem","position":3,"name":"Gel-Ohrpassst\u00fccke f\u00fcr ComTac VIII"}]},{"@type":"WebSite","@id":"https:\/\/eshop.tca.sk\/de\/#website","url":"https:\/\/eshop.tca.sk\/de\/","name":"TCA eShop - Tactical Combat Academy","description":"Tactical Combat Academy","publisher":{"@id":"https:\/\/eshop.tca.sk\/de\/#organization"},"potentialAction":[{"@type":"SearchAction","target":{"@type":"EntryPoint","urlTemplate":"https:\/\/eshop.tca.sk\/de\/?s={search_term_string}"},"query-input":{"@type":"PropertyValueSpecification","valueRequired":true,"valueName":"search_term_string"}}],"inLanguage":"de"},{"@type":"Organization","@id":"https:\/\/eshop.tca.sk\/de\/#organization","name":"TCA eShop - Tactical Combat Academy","url":"https:\/\/eshop.tca.sk\/de\/","logo":{"@type":"ImageObject","inLanguage":"de","@id":"https:\/\/eshop.tca.sk\/de\/#\/schema\/logo\/image\/","url":"https:\/\/eshop.tca.sk\/wp-content\/uploads\/2025\/06\/logo-new-header.png","contentUrl":"https:\/\/eshop.tca.sk\/wp-content\/uploads\/2025\/06\/logo-new-header.png","width":300,"height":294,"caption":"TCA eShop - Tactical Combat Academy"},"image":{"@id":"https:\/\/eshop.tca.sk\/de\/#\/schema\/logo\/image\/"}}]}},"_links":{"self":[{"href":"https:\/\/eshop.tca.sk\/de\/wp-json\/wp\/v2\/product\/15439","targetHints":{"allow":["GET"]}}],"collection":[{"href":"https:\/\/eshop.tca.sk\/de\/wp-json\/wp\/v2\/product"}],"about":[{"href":"https:\/\/eshop.tca.sk\/de\/wp-json\/wp\/v2\/types\/product"}],"wp:featuredmedia":[{"embeddable":true,"href":"https:\/\/eshop.tca.sk\/de\/wp-json\/wp\/v2\/media\/15397"}],"wp:attachment":[{"href":"https:\/\/eshop.tca.sk\/de\/wp-json\/wp\/v2\/media?parent=15439"}],"wp:term":[{"taxonomy":"product_brand","embeddable":true,"href":"https:\/\/eshop.tca.sk\/de\/wp-json\/wp\/v2\/product_brand?post=15439"},{"taxonomy":"product_cat","embeddable":true,"href":"https:\/\/eshop.tca.sk\/de\/wp-json\/wp\/v2\/product_cat?post=15439"},{"taxonomy":"product_tag","embeddable":true,"href":"https:\/\/eshop.tca.sk\/de\/wp-json\/wp\/v2\/product_tag?post=15439"},{"taxonomy":"giftcard-category","embeddable":true,"href":"https:\/\/eshop.tca.sk\/de\/wp-json\/wp\/v2\/giftcard-category?post=15439"}],"curies":[{"name":"wp","href":"https:\/\/api.w.org\/{rel}","templated":true}]}}