{"id":15441,"date":"2025-10-13T15:04:05","date_gmt":"2025-10-13T13:04:05","guid":{"rendered":"https:\/\/eshop.tca.sk\/unkategorisiert\/halterung-fur-arc-schiene-3m-peltor\/"},"modified":"2025-11-03T11:34:47","modified_gmt":"2025-11-03T10:34:47","slug":"halterung-fur-arc-schiene-3m-peltor","status":"publish","type":"product","link":"https:\/\/eshop.tca.sk\/de\/gehorschutz\/halterung-fur-arc-schiene-3m-peltor\/","title":{"rendered":"Halterung f\u00fcr ARC-Schiene 3M Peltor"},"content":{"rendered":"<h3>Halterung f\u00fcr ARC-Schiene 3M Peltor<\/h3>\n<p><strong>Die 3M Peltor ARC-Schienenhalterung<\/strong> ist eine Halterung zur Befestigung von Zubeh\u00f6r an den ARC-Schienen von taktischen Helmen. Er erm\u00f6glicht einen sicheren und stabilen Sitz der Kopfh\u00f6rer, ohne dass die Helmstruktur beeintr\u00e4chtigt wird. Der Halter ist aus haltbarem Polymer mit einer verst\u00e4rkten Konstruktion gefertigt, die auch bei starker Beanspruchung eine lange Lebensdauer gew\u00e4hrleistet.<\/p>\n<p>Er ist mit den meisten modernen ARC-Systemen kompatibel, die auf Helmen von Marken wie Ops-Core, Team Wendy und FMA verwendet werden. Der einfache Befestigungsmechanismus erm\u00f6glicht einen schnellen Wechsel des Zubeh\u00f6rs auch im Feld.<\/p>\n<p><strong>Hauptmerkmale<\/strong><\/p>\n<ul>\n<li>Kompatibel mit ARC-Schienen<\/li>\n<li>Fester und zuverl\u00e4ssiger Sitz<\/li>\n<li>Strapazierf\u00e4higes Material<\/li>\n<li>Einfache Installation und Entfernung ohne Werkzeug<\/li>\n<li>Geringes Gewicht<\/li>\n<li>Kompatibel mit 3M PELTOR Headsets<\/li>\n<\/ul>\n<p><strong>Technische Parameter<\/strong><\/p>\n<ul>\n<li>Typ: Halter\/Adapter f\u00fcr ARC-Schiene<\/li>\n<li>Modell: P3ADG47-F<\/li>\n<li>Packungsinhalt: 1 Paar<\/li>\n<li>Kompatibilit\u00e4t:ARC-Schienen<\/li>\n<\/ul>\n","protected":false},"excerpt":{"rendered":"<p data-wp-editing=\"1\"><img loading=\"lazy\" decoding=\"async\" class=\"alignnone wp-image-15367 \" src=\"https:\/\/eshop.tca.sk\/wp-content\/uploads\/2025\/10\/3m-logo-1.png\" alt=\"\" width=\"242\" height=\"67\" srcset=\"https:\/\/eshop.tca.sk\/wp-content\/uploads\/2025\/10\/3m-logo-1.png 900w, https:\/\/eshop.tca.sk\/wp-content\/uploads\/2025\/10\/3m-logo-1-300x83.png 300w, https:\/\/eshop.tca.sk\/wp-content\/uploads\/2025\/10\/3m-logo-1-768x212.png 768w, https:\/\/eshop.tca.sk\/wp-content\/uploads\/2025\/10\/3m-logo-1-24x7.png 24w, https:\/\/eshop.tca.sk\/wp-content\/uploads\/2025\/10\/3m-logo-1-36x10.png 36w, https:\/\/eshop.tca.sk\/wp-content\/uploads\/2025\/10\/3m-logo-1-48x13.png 48w, https:\/\/eshop.tca.sk\/wp-content\/uploads\/2025\/10\/3m-logo-1-600x166.png 600w\" sizes=\"auto, (max-width: 242px) 100vw, 242px\" \/><\/p>\n<p><strong>Die 3M Peltor ARC Schienenhalterung<\/strong> ist eine Halterung, mit der Sie Zubeh\u00f6r an den ARC-Schienen von taktischen Helmen befestigen k\u00f6nnen, ohne das Design zu beeintr\u00e4chtigen.<\/p>\n<p><img loading=\"lazy\" decoding=\"async\" class=\"wp-image-8564 alignnone\" src=\"https:\/\/eshop.tca.sk\/wp-content\/uploads\/2023\/04\/Logo-Whack-Black-White-R-APPROVED.png\" alt=\"\" width=\"138\" height=\"75\" srcset=\"https:\/\/eshop.tca.sk\/wp-content\/uploads\/2023\/04\/Logo-Whack-Black-White-R-APPROVED.png 571w, https:\/\/eshop.tca.sk\/wp-content\/uploads\/2023\/04\/Logo-Whack-Black-White-R-APPROVED-300x163.png 300w\" sizes=\"auto, (max-width: 138px) 100vw, 138px\" \/><\/p>\n<p>Vom <strong>TCA<\/strong> und dem <strong>WHACK<\/strong>-System verwendete und empfohlene Equipment.<\/p>\n","protected":false},"featured_media":15403,"template":"","meta":{"inline_featured_image":false},"product_brand":[],"product_cat":[323,779],"product_tag":[780,781],"giftcard-category":[],"class_list":{"0":"post-15441","1":"product","2":"type-product","3":"status-publish","4":"has-post-thumbnail","6":"product_cat-ausruestung","7":"product_cat-gehorschutz","8":"product_tag-3m-de","9":"product_tag-peltor-de","11":"first","12":"instock","13":"taxable","14":"shipping-taxable","15":"purchasable","16":"product-type-simple"},"yoast_head":"<!-- This site is optimized with the Yoast SEO plugin v26.4 - https:\/\/yoast.com\/wordpress\/plugins\/seo\/ -->\n<title>Halterung f\u00fcr ARC-Schiene 3M Peltor - TCA eShop - Tactical Combat Academy<\/title>\n<meta name=\"description\" content=\"Die 3M Peltor ARC Schienenhalterung ist eine Halterung, mit der Sie Zubeh\u00f6r an den ARC-Schienen von taktischen Helmen befestigen k\u00f6nnen, ohne das Design zu beeintr\u00e4chtigen.\" \/>\n<meta name=\"robots\" content=\"index, follow, max-snippet:-1, max-image-preview:large, max-video-preview:-1\" \/>\n<link rel=\"canonical\" href=\"https:\/\/eshop.tca.sk\/de\/gehorschutz\/halterung-fur-arc-schiene-3m-peltor\/\" \/>\n<meta property=\"og:locale\" content=\"de_DE\" \/>\n<meta property=\"og:type\" content=\"article\" \/>\n<meta property=\"og:title\" content=\"Halterung f\u00fcr ARC-Schiene 3M Peltor - TCA eShop - Tactical Combat Academy\" \/>\n<meta property=\"og:description\" content=\"Die 3M Peltor ARC Schienenhalterung ist eine Halterung, mit der Sie Zubeh\u00f6r an den ARC-Schienen von taktischen Helmen befestigen k\u00f6nnen, ohne das Design zu beeintr\u00e4chtigen.\" \/>\n<meta property=\"og:url\" content=\"https:\/\/eshop.tca.sk\/de\/gehorschutz\/halterung-fur-arc-schiene-3m-peltor\/\" \/>\n<meta property=\"og:site_name\" content=\"TCA eShop - Tactical Combat Academy\" \/>\n<meta property=\"article:modified_time\" content=\"2025-11-03T10:34:47+00:00\" \/>\n<meta property=\"og:image\" content=\"https:\/\/eshop.tca.sk\/wp-content\/uploads\/2025\/10\/Comtac-rail-adapter.jpg\" \/>\n\t<meta property=\"og:image:width\" content=\"1000\" \/>\n\t<meta property=\"og:image:height\" content=\"1000\" \/>\n\t<meta property=\"og:image:type\" content=\"image\/jpeg\" \/>\n<meta name=\"twitter:card\" content=\"summary_large_image\" \/>\n<script type=\"application\/ld+json\" class=\"yoast-schema-graph\">{\"@context\":\"https:\/\/schema.org\",\"@graph\":[{\"@type\":\"WebPage\",\"@id\":\"https:\/\/eshop.tca.sk\/de\/gehorschutz\/halterung-fur-arc-schiene-3m-peltor\/\",\"url\":\"https:\/\/eshop.tca.sk\/de\/gehorschutz\/halterung-fur-arc-schiene-3m-peltor\/\",\"name\":\"Halterung f\u00fcr ARC-Schiene 3M Peltor - TCA eShop - Tactical Combat Academy\",\"isPartOf\":{\"@id\":\"https:\/\/eshop.tca.sk\/de\/#website\"},\"primaryImageOfPage\":{\"@id\":\"https:\/\/eshop.tca.sk\/de\/gehorschutz\/halterung-fur-arc-schiene-3m-peltor\/#primaryimage\"},\"image\":{\"@id\":\"https:\/\/eshop.tca.sk\/de\/gehorschutz\/halterung-fur-arc-schiene-3m-peltor\/#primaryimage\"},\"thumbnailUrl\":\"https:\/\/eshop.tca.sk\/wp-content\/uploads\/2025\/10\/Comtac-rail-adapter.jpg\",\"datePublished\":\"2025-10-13T13:04:05+00:00\",\"dateModified\":\"2025-11-03T10:34:47+00:00\",\"description\":\"Die 3M Peltor ARC Schienenhalterung ist eine Halterung, mit der Sie Zubeh\u00f6r an den ARC-Schienen von taktischen Helmen befestigen k\u00f6nnen, ohne das Design zu beeintr\u00e4chtigen.\",\"breadcrumb\":{\"@id\":\"https:\/\/eshop.tca.sk\/de\/gehorschutz\/halterung-fur-arc-schiene-3m-peltor\/#breadcrumb\"},\"inLanguage\":\"de\",\"potentialAction\":[{\"@type\":\"ReadAction\",\"target\":[\"https:\/\/eshop.tca.sk\/de\/gehorschutz\/halterung-fur-arc-schiene-3m-peltor\/\"]}]},{\"@type\":\"ImageObject\",\"inLanguage\":\"de\",\"@id\":\"https:\/\/eshop.tca.sk\/de\/gehorschutz\/halterung-fur-arc-schiene-3m-peltor\/#primaryimage\",\"url\":\"https:\/\/eshop.tca.sk\/wp-content\/uploads\/2025\/10\/Comtac-rail-adapter.jpg\",\"contentUrl\":\"https:\/\/eshop.tca.sk\/wp-content\/uploads\/2025\/10\/Comtac-rail-adapter.jpg\",\"width\":1000,\"height\":1000,\"caption\":\"Dr\u017eiak pre ARC li\u0161tu 3M Peltor\"},{\"@type\":\"BreadcrumbList\",\"@id\":\"https:\/\/eshop.tca.sk\/de\/gehorschutz\/halterung-fur-arc-schiene-3m-peltor\/#breadcrumb\",\"itemListElement\":[{\"@type\":\"ListItem\",\"position\":1,\"name\":\"Domovsk\u00e1 str\u00e1nka\",\"item\":\"https:\/\/eshop.tca.sk\/de\/\"},{\"@type\":\"ListItem\",\"position\":2,\"name\":\"Shop\",\"item\":\"https:\/\/eshop.tca.sk\/de\/shop\/\"},{\"@type\":\"ListItem\",\"position\":3,\"name\":\"Halterung f\u00fcr ARC-Schiene 3M Peltor\"}]},{\"@type\":\"WebSite\",\"@id\":\"https:\/\/eshop.tca.sk\/de\/#website\",\"url\":\"https:\/\/eshop.tca.sk\/de\/\",\"name\":\"TCA eShop - Tactical Combat Academy\",\"description\":\"Tactical Combat Academy\",\"publisher\":{\"@id\":\"https:\/\/eshop.tca.sk\/de\/#organization\"},\"potentialAction\":[{\"@type\":\"SearchAction\",\"target\":{\"@type\":\"EntryPoint\",\"urlTemplate\":\"https:\/\/eshop.tca.sk\/de\/?s={search_term_string}\"},\"query-input\":{\"@type\":\"PropertyValueSpecification\",\"valueRequired\":true,\"valueName\":\"search_term_string\"}}],\"inLanguage\":\"de\"},{\"@type\":\"Organization\",\"@id\":\"https:\/\/eshop.tca.sk\/de\/#organization\",\"name\":\"TCA eShop - Tactical Combat Academy\",\"url\":\"https:\/\/eshop.tca.sk\/de\/\",\"logo\":{\"@type\":\"ImageObject\",\"inLanguage\":\"de\",\"@id\":\"https:\/\/eshop.tca.sk\/de\/#\/schema\/logo\/image\/\",\"url\":\"https:\/\/eshop.tca.sk\/wp-content\/uploads\/2025\/06\/logo-new-header.png\",\"contentUrl\":\"https:\/\/eshop.tca.sk\/wp-content\/uploads\/2025\/06\/logo-new-header.png\",\"width\":300,\"height\":294,\"caption\":\"TCA eShop - Tactical Combat Academy\"},\"image\":{\"@id\":\"https:\/\/eshop.tca.sk\/de\/#\/schema\/logo\/image\/\"}}]}<\/script>\n<!-- \/ Yoast SEO plugin. -->","yoast_head_json":{"title":"Halterung f\u00fcr ARC-Schiene 3M Peltor - TCA eShop - Tactical Combat Academy","description":"Die 3M Peltor ARC Schienenhalterung ist eine Halterung, mit der Sie Zubeh\u00f6r an den ARC-Schienen von taktischen Helmen befestigen k\u00f6nnen, ohne das Design zu beeintr\u00e4chtigen.","robots":{"index":"index","follow":"follow","max-snippet":"max-snippet:-1","max-image-preview":"max-image-preview:large","max-video-preview":"max-video-preview:-1"},"canonical":"https:\/\/eshop.tca.sk\/de\/gehorschutz\/halterung-fur-arc-schiene-3m-peltor\/","og_locale":"de_DE","og_type":"article","og_title":"Halterung f\u00fcr ARC-Schiene 3M Peltor - TCA eShop - Tactical Combat Academy","og_description":"Die 3M Peltor ARC Schienenhalterung ist eine Halterung, mit der Sie Zubeh\u00f6r an den ARC-Schienen von taktischen Helmen befestigen k\u00f6nnen, ohne das Design zu beeintr\u00e4chtigen.","og_url":"https:\/\/eshop.tca.sk\/de\/gehorschutz\/halterung-fur-arc-schiene-3m-peltor\/","og_site_name":"TCA eShop - Tactical Combat Academy","article_modified_time":"2025-11-03T10:34:47+00:00","og_image":[{"width":1000,"height":1000,"url":"https:\/\/eshop.tca.sk\/wp-content\/uploads\/2025\/10\/Comtac-rail-adapter.jpg","type":"image\/jpeg"}],"twitter_card":"summary_large_image","schema":{"@context":"https:\/\/schema.org","@graph":[{"@type":"WebPage","@id":"https:\/\/eshop.tca.sk\/de\/gehorschutz\/halterung-fur-arc-schiene-3m-peltor\/","url":"https:\/\/eshop.tca.sk\/de\/gehorschutz\/halterung-fur-arc-schiene-3m-peltor\/","name":"Halterung f\u00fcr ARC-Schiene 3M Peltor - TCA eShop - Tactical Combat Academy","isPartOf":{"@id":"https:\/\/eshop.tca.sk\/de\/#website"},"primaryImageOfPage":{"@id":"https:\/\/eshop.tca.sk\/de\/gehorschutz\/halterung-fur-arc-schiene-3m-peltor\/#primaryimage"},"image":{"@id":"https:\/\/eshop.tca.sk\/de\/gehorschutz\/halterung-fur-arc-schiene-3m-peltor\/#primaryimage"},"thumbnailUrl":"https:\/\/eshop.tca.sk\/wp-content\/uploads\/2025\/10\/Comtac-rail-adapter.jpg","datePublished":"2025-10-13T13:04:05+00:00","dateModified":"2025-11-03T10:34:47+00:00","description":"Die 3M Peltor ARC Schienenhalterung ist eine Halterung, mit der Sie Zubeh\u00f6r an den ARC-Schienen von taktischen Helmen befestigen k\u00f6nnen, ohne das Design zu beeintr\u00e4chtigen.","breadcrumb":{"@id":"https:\/\/eshop.tca.sk\/de\/gehorschutz\/halterung-fur-arc-schiene-3m-peltor\/#breadcrumb"},"inLanguage":"de","potentialAction":[{"@type":"ReadAction","target":["https:\/\/eshop.tca.sk\/de\/gehorschutz\/halterung-fur-arc-schiene-3m-peltor\/"]}]},{"@type":"ImageObject","inLanguage":"de","@id":"https:\/\/eshop.tca.sk\/de\/gehorschutz\/halterung-fur-arc-schiene-3m-peltor\/#primaryimage","url":"https:\/\/eshop.tca.sk\/wp-content\/uploads\/2025\/10\/Comtac-rail-adapter.jpg","contentUrl":"https:\/\/eshop.tca.sk\/wp-content\/uploads\/2025\/10\/Comtac-rail-adapter.jpg","width":1000,"height":1000,"caption":"Dr\u017eiak pre ARC li\u0161tu 3M Peltor"},{"@type":"BreadcrumbList","@id":"https:\/\/eshop.tca.sk\/de\/gehorschutz\/halterung-fur-arc-schiene-3m-peltor\/#breadcrumb","itemListElement":[{"@type":"ListItem","position":1,"name":"Domovsk\u00e1 str\u00e1nka","item":"https:\/\/eshop.tca.sk\/de\/"},{"@type":"ListItem","position":2,"name":"Shop","item":"https:\/\/eshop.tca.sk\/de\/shop\/"},{"@type":"ListItem","position":3,"name":"Halterung f\u00fcr ARC-Schiene 3M Peltor"}]},{"@type":"WebSite","@id":"https:\/\/eshop.tca.sk\/de\/#website","url":"https:\/\/eshop.tca.sk\/de\/","name":"TCA eShop - Tactical Combat Academy","description":"Tactical Combat Academy","publisher":{"@id":"https:\/\/eshop.tca.sk\/de\/#organization"},"potentialAction":[{"@type":"SearchAction","target":{"@type":"EntryPoint","urlTemplate":"https:\/\/eshop.tca.sk\/de\/?s={search_term_string}"},"query-input":{"@type":"PropertyValueSpecification","valueRequired":true,"valueName":"search_term_string"}}],"inLanguage":"de"},{"@type":"Organization","@id":"https:\/\/eshop.tca.sk\/de\/#organization","name":"TCA eShop - Tactical Combat Academy","url":"https:\/\/eshop.tca.sk\/de\/","logo":{"@type":"ImageObject","inLanguage":"de","@id":"https:\/\/eshop.tca.sk\/de\/#\/schema\/logo\/image\/","url":"https:\/\/eshop.tca.sk\/wp-content\/uploads\/2025\/06\/logo-new-header.png","contentUrl":"https:\/\/eshop.tca.sk\/wp-content\/uploads\/2025\/06\/logo-new-header.png","width":300,"height":294,"caption":"TCA eShop - Tactical Combat Academy"},"image":{"@id":"https:\/\/eshop.tca.sk\/de\/#\/schema\/logo\/image\/"}}]}},"_links":{"self":[{"href":"https:\/\/eshop.tca.sk\/de\/wp-json\/wp\/v2\/product\/15441","targetHints":{"allow":["GET"]}}],"collection":[{"href":"https:\/\/eshop.tca.sk\/de\/wp-json\/wp\/v2\/product"}],"about":[{"href":"https:\/\/eshop.tca.sk\/de\/wp-json\/wp\/v2\/types\/product"}],"wp:featuredmedia":[{"embeddable":true,"href":"https:\/\/eshop.tca.sk\/de\/wp-json\/wp\/v2\/media\/15403"}],"wp:attachment":[{"href":"https:\/\/eshop.tca.sk\/de\/wp-json\/wp\/v2\/media?parent=15441"}],"wp:term":[{"taxonomy":"product_brand","embeddable":true,"href":"https:\/\/eshop.tca.sk\/de\/wp-json\/wp\/v2\/product_brand?post=15441"},{"taxonomy":"product_cat","embeddable":true,"href":"https:\/\/eshop.tca.sk\/de\/wp-json\/wp\/v2\/product_cat?post=15441"},{"taxonomy":"product_tag","embeddable":true,"href":"https:\/\/eshop.tca.sk\/de\/wp-json\/wp\/v2\/product_tag?post=15441"},{"taxonomy":"giftcard-category","embeddable":true,"href":"https:\/\/eshop.tca.sk\/de\/wp-json\/wp\/v2\/giftcard-category?post=15441"}],"curies":[{"name":"wp","href":"https:\/\/api.w.org\/{rel}","templated":true}]}}