{"id":15587,"date":"2025-10-17T16:27:59","date_gmt":"2025-10-17T14:27:59","guid":{"rendered":"https:\/\/eshop.tca.sk\/?post_type=product&#038;p=15587"},"modified":"2026-04-02T09:29:04","modified_gmt":"2026-04-02T07:29:04","slug":"tca-tshirt-cqb-green","status":"publish","type":"product","link":"https:\/\/eshop.tca.sk\/de\/t-shirts\/tca-tshirt-cqb-green\/","title":{"rendered":"TCA-T-Shirt CQB GREEN"},"content":{"rendered":"<h3><strong>TCA-T-Shirt CQB GREEN<\/strong><\/h3>\n<ul>\n<li>Dreifachmischung: 50% Polyester \/ 25% gek\u00e4mmte und ringgesponnene Airlume-Baumwolle \/ 25% Viskose &#8211; sehr weich im Griff, auch nach dem Waschen formstabil.  <span class=\"Apple-converted-space\"> <\/span><\/li>\n<li>Gewicht &amp; Garn: 40-Singles-Strick, 3.8 oz (\u2248 129 g\/m\u00b2) &#8211; leicht, atmungsaktiv, f\u00fcr den ganzen Tag geeignet.  <span class=\"Apple-converted-space\"> <\/span><\/li>\n<li>Schnitt und Konstruktion: Unisex-Gr\u00f6\u00dfe, Seitenn\u00e4hte f\u00fcr bessere Passform; Rundhalsausschnitt.<\/li>\n<li>Gr\u00f6\u00dfen: S &#8211; 2XL<\/li>\n<\/ul>\n<p><img loading=\"lazy\" decoding=\"async\" class=\"alignnone wp-image-15488 size-full\" src=\"https:\/\/eshop.tca.sk\/wp-content\/uploads\/2025\/10\/IMG_0678-1.jpeg\" alt=\"\" width=\"1320\" height=\"186\" srcset=\"https:\/\/eshop.tca.sk\/wp-content\/uploads\/2025\/10\/IMG_0678-1.jpeg 1320w, https:\/\/eshop.tca.sk\/wp-content\/uploads\/2025\/10\/IMG_0678-1-300x42.jpeg 300w, https:\/\/eshop.tca.sk\/wp-content\/uploads\/2025\/10\/IMG_0678-1-768x108.jpeg 768w, https:\/\/eshop.tca.sk\/wp-content\/uploads\/2025\/10\/IMG_0678-1-24x3.jpeg 24w, https:\/\/eshop.tca.sk\/wp-content\/uploads\/2025\/10\/IMG_0678-1-36x5.jpeg 36w, https:\/\/eshop.tca.sk\/wp-content\/uploads\/2025\/10\/IMG_0678-1-48x7.jpeg 48w, https:\/\/eshop.tca.sk\/wp-content\/uploads\/2025\/10\/IMG_0678-1-600x85.jpeg 600w\" sizes=\"auto, (max-width: 1320px) 100vw, 1320px\" \/><\/p>\n","protected":false},"excerpt":{"rendered":"<p><strong>TCA T-shirt CQB GREEN<\/strong> &#8211; TCA Universal-T-Shirt &#8211; kurze \u00c4rmel<\/p>\n","protected":false},"featured_media":15594,"template":"","meta":{"inline_featured_image":false},"product_brand":[],"product_cat":[312,315],"product_tag":[346],"giftcard-category":[],"class_list":{"0":"post-15587","1":"product","2":"type-product","3":"status-publish","4":"has-post-thumbnail","6":"product_cat-kleidung","7":"product_cat-t-shirts","8":"product_tag-tca-de","10":"first","11":"instock","12":"taxable","13":"shipping-taxable","14":"purchasable","15":"product-type-variable"},"yoast_head":"<!-- This site is optimized with the Yoast SEO plugin v26.4 - https:\/\/yoast.com\/wordpress\/plugins\/seo\/ -->\n<title>TCA-T-Shirt CQB GREEN - TCA eShop - Tactical Combat Academy<\/title>\n<meta name=\"description\" content=\"TCA T-shirt CQB GREEN - TCA Universal-T-Shirt - kurze \u00c4rmel\" \/>\n<meta name=\"robots\" content=\"index, follow, max-snippet:-1, max-image-preview:large, max-video-preview:-1\" \/>\n<link rel=\"canonical\" href=\"https:\/\/eshop.tca.sk\/de\/t-shirts\/tca-tshirt-cqb-green\/\" \/>\n<meta property=\"og:locale\" content=\"de_DE\" \/>\n<meta property=\"og:type\" content=\"article\" \/>\n<meta property=\"og:title\" content=\"TCA-T-Shirt CQB GREEN - TCA eShop - Tactical Combat Academy\" \/>\n<meta property=\"og:description\" content=\"TCA T-shirt CQB GREEN - TCA Universal-T-Shirt - kurze \u00c4rmel\" \/>\n<meta property=\"og:url\" content=\"https:\/\/eshop.tca.sk\/de\/t-shirts\/tca-tshirt-cqb-green\/\" \/>\n<meta property=\"og:site_name\" content=\"TCA eShop - Tactical Combat Academy\" \/>\n<meta property=\"article:modified_time\" content=\"2026-04-02T07:29:04+00:00\" \/>\n<meta property=\"og:image\" content=\"https:\/\/eshop.tca.sk\/wp-content\/uploads\/2025\/10\/CQB-green-1.jpg\" \/>\n\t<meta property=\"og:image:width\" content=\"1000\" \/>\n\t<meta property=\"og:image:height\" content=\"1000\" \/>\n\t<meta property=\"og:image:type\" content=\"image\/jpeg\" \/>\n<meta name=\"twitter:card\" content=\"summary_large_image\" \/>\n<script type=\"application\/ld+json\" class=\"yoast-schema-graph\">{\"@context\":\"https:\/\/schema.org\",\"@graph\":[{\"@type\":\"WebPage\",\"@id\":\"https:\/\/eshop.tca.sk\/de\/t-shirts\/tca-tshirt-cqb-green\/\",\"url\":\"https:\/\/eshop.tca.sk\/de\/t-shirts\/tca-tshirt-cqb-green\/\",\"name\":\"TCA-T-Shirt CQB GREEN - TCA eShop - Tactical Combat Academy\",\"isPartOf\":{\"@id\":\"https:\/\/eshop.tca.sk\/de\/#website\"},\"primaryImageOfPage\":{\"@id\":\"https:\/\/eshop.tca.sk\/de\/t-shirts\/tca-tshirt-cqb-green\/#primaryimage\"},\"image\":{\"@id\":\"https:\/\/eshop.tca.sk\/de\/t-shirts\/tca-tshirt-cqb-green\/#primaryimage\"},\"thumbnailUrl\":\"https:\/\/eshop.tca.sk\/wp-content\/uploads\/2025\/10\/CQB-green-1.jpg\",\"datePublished\":\"2025-10-17T14:27:59+00:00\",\"dateModified\":\"2026-04-02T07:29:04+00:00\",\"description\":\"TCA T-shirt CQB GREEN - TCA Universal-T-Shirt - kurze \u00c4rmel\",\"breadcrumb\":{\"@id\":\"https:\/\/eshop.tca.sk\/de\/t-shirts\/tca-tshirt-cqb-green\/#breadcrumb\"},\"inLanguage\":\"de\",\"potentialAction\":[{\"@type\":\"ReadAction\",\"target\":[\"https:\/\/eshop.tca.sk\/de\/t-shirts\/tca-tshirt-cqb-green\/\"]}]},{\"@type\":\"ImageObject\",\"inLanguage\":\"de\",\"@id\":\"https:\/\/eshop.tca.sk\/de\/t-shirts\/tca-tshirt-cqb-green\/#primaryimage\",\"url\":\"https:\/\/eshop.tca.sk\/wp-content\/uploads\/2025\/10\/CQB-green-1.jpg\",\"contentUrl\":\"https:\/\/eshop.tca.sk\/wp-content\/uploads\/2025\/10\/CQB-green-1.jpg\",\"width\":1000,\"height\":1000,\"caption\":\"TCA Tri\u010dko CQB GREEN\"},{\"@type\":\"BreadcrumbList\",\"@id\":\"https:\/\/eshop.tca.sk\/de\/t-shirts\/tca-tshirt-cqb-green\/#breadcrumb\",\"itemListElement\":[{\"@type\":\"ListItem\",\"position\":1,\"name\":\"Domovsk\u00e1 str\u00e1nka\",\"item\":\"https:\/\/eshop.tca.sk\/de\/\"},{\"@type\":\"ListItem\",\"position\":2,\"name\":\"Shop\",\"item\":\"https:\/\/eshop.tca.sk\/de\/shop\/\"},{\"@type\":\"ListItem\",\"position\":3,\"name\":\"TCA-T-Shirt CQB GREEN\"}]},{\"@type\":\"WebSite\",\"@id\":\"https:\/\/eshop.tca.sk\/de\/#website\",\"url\":\"https:\/\/eshop.tca.sk\/de\/\",\"name\":\"TCA eShop - Tactical Combat Academy\",\"description\":\"Tactical Combat Academy\",\"publisher\":{\"@id\":\"https:\/\/eshop.tca.sk\/de\/#organization\"},\"potentialAction\":[{\"@type\":\"SearchAction\",\"target\":{\"@type\":\"EntryPoint\",\"urlTemplate\":\"https:\/\/eshop.tca.sk\/de\/?s={search_term_string}\"},\"query-input\":{\"@type\":\"PropertyValueSpecification\",\"valueRequired\":true,\"valueName\":\"search_term_string\"}}],\"inLanguage\":\"de\"},{\"@type\":\"Organization\",\"@id\":\"https:\/\/eshop.tca.sk\/de\/#organization\",\"name\":\"TCA eShop - Tactical Combat Academy\",\"url\":\"https:\/\/eshop.tca.sk\/de\/\",\"logo\":{\"@type\":\"ImageObject\",\"inLanguage\":\"de\",\"@id\":\"https:\/\/eshop.tca.sk\/de\/#\/schema\/logo\/image\/\",\"url\":\"https:\/\/eshop.tca.sk\/wp-content\/uploads\/2025\/06\/logo-new-header.png\",\"contentUrl\":\"https:\/\/eshop.tca.sk\/wp-content\/uploads\/2025\/06\/logo-new-header.png\",\"width\":300,\"height\":294,\"caption\":\"TCA eShop - Tactical Combat Academy\"},\"image\":{\"@id\":\"https:\/\/eshop.tca.sk\/de\/#\/schema\/logo\/image\/\"}}]}<\/script>\n<!-- \/ Yoast SEO plugin. -->","yoast_head_json":{"title":"TCA-T-Shirt CQB GREEN - TCA eShop - Tactical Combat Academy","description":"TCA T-shirt CQB GREEN - TCA Universal-T-Shirt - kurze \u00c4rmel","robots":{"index":"index","follow":"follow","max-snippet":"max-snippet:-1","max-image-preview":"max-image-preview:large","max-video-preview":"max-video-preview:-1"},"canonical":"https:\/\/eshop.tca.sk\/de\/t-shirts\/tca-tshirt-cqb-green\/","og_locale":"de_DE","og_type":"article","og_title":"TCA-T-Shirt CQB GREEN - TCA eShop - Tactical Combat Academy","og_description":"TCA T-shirt CQB GREEN - TCA Universal-T-Shirt - kurze \u00c4rmel","og_url":"https:\/\/eshop.tca.sk\/de\/t-shirts\/tca-tshirt-cqb-green\/","og_site_name":"TCA eShop - Tactical Combat Academy","article_modified_time":"2026-04-02T07:29:04+00:00","og_image":[{"width":1000,"height":1000,"url":"https:\/\/eshop.tca.sk\/wp-content\/uploads\/2025\/10\/CQB-green-1.jpg","type":"image\/jpeg"}],"twitter_card":"summary_large_image","schema":{"@context":"https:\/\/schema.org","@graph":[{"@type":"WebPage","@id":"https:\/\/eshop.tca.sk\/de\/t-shirts\/tca-tshirt-cqb-green\/","url":"https:\/\/eshop.tca.sk\/de\/t-shirts\/tca-tshirt-cqb-green\/","name":"TCA-T-Shirt CQB GREEN - TCA eShop - Tactical Combat Academy","isPartOf":{"@id":"https:\/\/eshop.tca.sk\/de\/#website"},"primaryImageOfPage":{"@id":"https:\/\/eshop.tca.sk\/de\/t-shirts\/tca-tshirt-cqb-green\/#primaryimage"},"image":{"@id":"https:\/\/eshop.tca.sk\/de\/t-shirts\/tca-tshirt-cqb-green\/#primaryimage"},"thumbnailUrl":"https:\/\/eshop.tca.sk\/wp-content\/uploads\/2025\/10\/CQB-green-1.jpg","datePublished":"2025-10-17T14:27:59+00:00","dateModified":"2026-04-02T07:29:04+00:00","description":"TCA T-shirt CQB GREEN - TCA Universal-T-Shirt - kurze \u00c4rmel","breadcrumb":{"@id":"https:\/\/eshop.tca.sk\/de\/t-shirts\/tca-tshirt-cqb-green\/#breadcrumb"},"inLanguage":"de","potentialAction":[{"@type":"ReadAction","target":["https:\/\/eshop.tca.sk\/de\/t-shirts\/tca-tshirt-cqb-green\/"]}]},{"@type":"ImageObject","inLanguage":"de","@id":"https:\/\/eshop.tca.sk\/de\/t-shirts\/tca-tshirt-cqb-green\/#primaryimage","url":"https:\/\/eshop.tca.sk\/wp-content\/uploads\/2025\/10\/CQB-green-1.jpg","contentUrl":"https:\/\/eshop.tca.sk\/wp-content\/uploads\/2025\/10\/CQB-green-1.jpg","width":1000,"height":1000,"caption":"TCA Tri\u010dko CQB GREEN"},{"@type":"BreadcrumbList","@id":"https:\/\/eshop.tca.sk\/de\/t-shirts\/tca-tshirt-cqb-green\/#breadcrumb","itemListElement":[{"@type":"ListItem","position":1,"name":"Domovsk\u00e1 str\u00e1nka","item":"https:\/\/eshop.tca.sk\/de\/"},{"@type":"ListItem","position":2,"name":"Shop","item":"https:\/\/eshop.tca.sk\/de\/shop\/"},{"@type":"ListItem","position":3,"name":"TCA-T-Shirt CQB GREEN"}]},{"@type":"WebSite","@id":"https:\/\/eshop.tca.sk\/de\/#website","url":"https:\/\/eshop.tca.sk\/de\/","name":"TCA eShop - Tactical Combat Academy","description":"Tactical Combat Academy","publisher":{"@id":"https:\/\/eshop.tca.sk\/de\/#organization"},"potentialAction":[{"@type":"SearchAction","target":{"@type":"EntryPoint","urlTemplate":"https:\/\/eshop.tca.sk\/de\/?s={search_term_string}"},"query-input":{"@type":"PropertyValueSpecification","valueRequired":true,"valueName":"search_term_string"}}],"inLanguage":"de"},{"@type":"Organization","@id":"https:\/\/eshop.tca.sk\/de\/#organization","name":"TCA eShop - Tactical Combat Academy","url":"https:\/\/eshop.tca.sk\/de\/","logo":{"@type":"ImageObject","inLanguage":"de","@id":"https:\/\/eshop.tca.sk\/de\/#\/schema\/logo\/image\/","url":"https:\/\/eshop.tca.sk\/wp-content\/uploads\/2025\/06\/logo-new-header.png","contentUrl":"https:\/\/eshop.tca.sk\/wp-content\/uploads\/2025\/06\/logo-new-header.png","width":300,"height":294,"caption":"TCA eShop - Tactical Combat Academy"},"image":{"@id":"https:\/\/eshop.tca.sk\/de\/#\/schema\/logo\/image\/"}}]}},"_links":{"self":[{"href":"https:\/\/eshop.tca.sk\/de\/wp-json\/wp\/v2\/product\/15587","targetHints":{"allow":["GET"]}}],"collection":[{"href":"https:\/\/eshop.tca.sk\/de\/wp-json\/wp\/v2\/product"}],"about":[{"href":"https:\/\/eshop.tca.sk\/de\/wp-json\/wp\/v2\/types\/product"}],"wp:featuredmedia":[{"embeddable":true,"href":"https:\/\/eshop.tca.sk\/de\/wp-json\/wp\/v2\/media\/15594"}],"wp:attachment":[{"href":"https:\/\/eshop.tca.sk\/de\/wp-json\/wp\/v2\/media?parent=15587"}],"wp:term":[{"taxonomy":"product_brand","embeddable":true,"href":"https:\/\/eshop.tca.sk\/de\/wp-json\/wp\/v2\/product_brand?post=15587"},{"taxonomy":"product_cat","embeddable":true,"href":"https:\/\/eshop.tca.sk\/de\/wp-json\/wp\/v2\/product_cat?post=15587"},{"taxonomy":"product_tag","embeddable":true,"href":"https:\/\/eshop.tca.sk\/de\/wp-json\/wp\/v2\/product_tag?post=15587"},{"taxonomy":"giftcard-category","embeddable":true,"href":"https:\/\/eshop.tca.sk\/de\/wp-json\/wp\/v2\/giftcard-category?post=15587"}],"curies":[{"name":"wp","href":"https:\/\/api.w.org\/{rel}","templated":true}]}}