{"id":15611,"date":"2025-10-21T13:41:59","date_gmt":"2025-10-21T11:41:59","guid":{"rendered":"https:\/\/eshop.tca.sk\/?post_type=product&#038;p=15611"},"modified":"2025-11-03T11:16:34","modified_gmt":"2025-11-03T10:16:34","slug":"tca-field-bottle-nalgene-wide-mouth-1-l","status":"publish","type":"product","link":"https:\/\/eshop.tca.sk\/de\/tca-produkte\/tca-field-bottle-nalgene-wide-mouth-1-l\/","title":{"rendered":"TCA Feldflasche Nalgene Wide Mouth 1 l"},"content":{"rendered":"<h3><strong>TCA Feldflasche Nalgene Wide Mouth 1 l<\/strong><\/h3>\n<p>Ikonische <strong>TCA Feldflasche Nalgene Wide Mouth 1 l<\/strong> aus strapazierf\u00e4higem <strong>Tritan\u2122<\/strong> Renew mit beidseitigem <strong>TCA &#8211; Tactical Combat Academy<\/strong> Druck. Leicht, nahezu unzerst\u00f6rbar und 100% auslaufsicher ist sie ideal f\u00fcr das Training, den Schie\u00dfstand und das Feld. Der 63 mm breite Hals erleichtert die Reinigung, das Hinzuf\u00fcgen von Eis und funktioniert mit den meisten Filtern. Hergestellt in den USA.<\/p>\n<p><strong>TCA drucken<\/strong><\/p>\n<p>Vorderseite &#8211;<strong>&#8220;FIELD WATER PROTOCOL<\/strong>&#8221;<\/p>\n<p>Ein kurzer Leitfaden, wie Sie Wasser trinkbar machen k\u00f6nnen:<\/p>\n<ol>\n<li>Finden Sie die Quelle &#8211; flie\u00dfendes Wasser ist besser als stehendes Wasser; vermeiden Sie Pf\u00fctzen, Gr\u00e4ben und industrielle Abfl\u00fcsse.<\/li>\n<li>Filtern Sie das Wasser vor &#8211; durch ein St\u00fcck Stoff\/T-Shirt oder einen Filter (entfernt Insekten, Sand, Schmutz).<\/li>\n<li>Kochen Sie Wasser &#8211; mindestens 5 Minuten (bei einer H\u00f6he von 7-10 Minuten); t\u00f6tet Bakterien, Viren, Parasiten.<\/li>\n<li>Desinfizieren Sie den Beh\u00e4lter (falls erforderlich) &#8211; sp\u00fclen Sie nach verunreinigtem Wasser mit abgekochtem Wasser nach.<\/li>\n<li>Bewahren Sie ihn sicher auf &#8211; in einem zuverl\u00e4ssigen Beh\u00e4lter (wie diesem hier); lassen Sie ihn vor dem Trinken abk\u00fchlen.<br \/>\nAm Rand befindet sich eine Skala in ml zur schnellen Kontrolle der Fl\u00fcssigkeitsaufnahme.<\/li>\n<\/ol>\n<p>R\u00fcckseite &#8211;<strong>&#8220;Die 5 Cs (der \u00dcberlebensf\u00e4higkeit) &#8211; Der TCA Weg<\/strong>&#8221;<\/p>\n<ol>\n<li>Schneidewerkzeug &#8211; Messer\/Multitool (Nahrungszubereitung, Schutz, Rettung).<\/li>\n<li>Verbrennungsvorrichtung &#8211; Feuerstahl, Feuerzeug, Streichh\u00f6lzer (ohne Feuer gibt es keine W\u00e4rme, kein Licht und kein sicheres Wasser).<\/li>\n<li>Schutz &#8211; Jacke\/Plane\/Decke (Schutz vor Wind, Regen, Sonne; Schutz auch bei Tageslicht).<\/li>\n<li>Beh\u00e4lter &#8211; haltbare Flasche (abgekochtes Wasser = sicher; trinken Sie nicht aus unbekannten Quellen).<\/li>\n<li>Tauwerk &#8211; Paracord\/Seil\/Band (Schutz, Schlaufen, Reparaturen).<br \/>\nInspiriert von Dave Canterbury.<\/li>\n<\/ol>\n<p><strong>Hauptmerkmale<\/strong><\/p>\n<ul>\n<li>Tritan Renew: fest, klar und BPA\/BPS-frei.<\/li>\n<li>Weithals 63 mm: Eis, Reinigung, kompatibel mit Filtern.<\/li>\n<li>100% Schraubverschluss mit Schlaufe.<\/li>\n<li>Dauerhafter <strong>TCA-Druck<\/strong><\/li>\n<li>Sp\u00fclmaschinenfest (oberer Korb); f\u00fcr eine l\u00e4ngere Lebensdauer des Drucks wird Handw\u00e4sche empfohlen.<\/li>\n<\/ul>\n<p><strong>Technische Parameter<\/strong><\/p>\n<ul>\n<li>Fassungsverm\u00f6gen: 32 oz \/ 1,0 l (bis zum Rand ~1,12 l)<\/li>\n<li>Gewicht: ~177 g &#8211; H\u00f6he: ~21 cm &#8211; Durchmesser: ~89 mm<\/li>\n<li>Material: Tritan\u2122 Renew (50% recycelt), BPA\/BPS-frei<\/li>\n<li>Hals\/Deckel: 63 mm, verschraubt mit Schlaufe<\/li>\n<li>Herkunft:USA<\/li>\n<li>Farbe der Flasche: Grau Schwarz<\/li>\n<li>Druck: wei\u00dfes TCA<\/li>\n<\/ul>\n","protected":false},"excerpt":{"rendered":"<p><img loading=\"lazy\" decoding=\"async\" class=\"alignnone wp-image-7436\" src=\"https:\/\/eshop.tca.sk\/wp-content\/uploads\/2022\/09\/TCA-logo-produkty.png\" alt=\"\" width=\"79\" height=\"39\"><\/p>\n<p><strong>TCA Feldflasche Nalgene Wide Mouth 1 l<\/strong><span class=\"Apple-converted-space\"> <\/span>mit dem Aufdruck<strong>&#8220;Field Water Protocol<\/strong>&#8221; und<strong>&#8220;5C&#8217;s<\/strong>&#8221; auf beiden Seiten des <strong>TCA<\/strong>. Langlebige <strong>Tritan-Flasche<\/strong>, 63 mm breiter Hals, BPA\/BPS-frei, hergestellt in den USA.<\/p>\n","protected":false},"featured_media":15615,"template":"","meta":{"inline_featured_image":false},"product_brand":[],"product_cat":[679,328],"product_tag":[346],"giftcard-category":[],"class_list":{"0":"post-15611","1":"product","2":"type-product","3":"status-publish","4":"has-post-thumbnail","6":"product_cat-tca-merch-de","7":"product_cat-tca-produkte","8":"product_tag-tca-de","10":"first","11":"instock","12":"taxable","13":"shipping-taxable","14":"purchasable","15":"product-type-simple"},"yoast_head":"<!-- This site is optimized with the Yoast SEO plugin v26.4 - https:\/\/yoast.com\/wordpress\/plugins\/seo\/ -->\n<title>TCA Feldflasche Nalgene Wide Mouth 1 l - TCA eShop - Tactical Combat Academy<\/title>\n<meta name=\"description\" content=\"TCA Feldflasche Nalgene Wide Mouth 1 Liter mit doppelseitigem TCA-Aufdruck &quot;Field Water Protocol&quot; und &quot;5C&#039;s&quot;. Langlebige Tritan-Flasche, weiter Hals 63 mm, BPA\/BPS-frei.\" \/>\n<meta name=\"robots\" content=\"index, follow, max-snippet:-1, max-image-preview:large, max-video-preview:-1\" \/>\n<link rel=\"canonical\" href=\"https:\/\/eshop.tca.sk\/de\/tca-produkte\/tca-field-bottle-nalgene-wide-mouth-1-l\/\" \/>\n<meta property=\"og:locale\" content=\"de_DE\" \/>\n<meta property=\"og:type\" content=\"article\" \/>\n<meta property=\"og:title\" content=\"TCA Feldflasche Nalgene Wide Mouth 1 l - TCA eShop - Tactical Combat Academy\" \/>\n<meta property=\"og:description\" content=\"TCA Feldflasche Nalgene Wide Mouth 1 Liter mit doppelseitigem TCA-Aufdruck &quot;Field Water Protocol&quot; und &quot;5C&#039;s&quot;. Langlebige Tritan-Flasche, weiter Hals 63 mm, BPA\/BPS-frei.\" \/>\n<meta property=\"og:url\" content=\"https:\/\/eshop.tca.sk\/de\/tca-produkte\/tca-field-bottle-nalgene-wide-mouth-1-l\/\" \/>\n<meta property=\"og:site_name\" content=\"TCA eShop - Tactical Combat Academy\" \/>\n<meta property=\"article:modified_time\" content=\"2025-11-03T10:16:34+00:00\" \/>\n<meta property=\"og:image\" content=\"https:\/\/eshop.tca.sk\/wp-content\/uploads\/2025\/10\/TCA-nalgene-2.jpg\" \/>\n\t<meta property=\"og:image:width\" content=\"1000\" \/>\n\t<meta property=\"og:image:height\" content=\"1000\" \/>\n\t<meta property=\"og:image:type\" content=\"image\/jpeg\" \/>\n<meta name=\"twitter:card\" content=\"summary_large_image\" \/>\n<script type=\"application\/ld+json\" class=\"yoast-schema-graph\">{\"@context\":\"https:\/\/schema.org\",\"@graph\":[{\"@type\":\"WebPage\",\"@id\":\"https:\/\/eshop.tca.sk\/de\/tca-produkte\/tca-field-bottle-nalgene-wide-mouth-1-l\/\",\"url\":\"https:\/\/eshop.tca.sk\/de\/tca-produkte\/tca-field-bottle-nalgene-wide-mouth-1-l\/\",\"name\":\"TCA Feldflasche Nalgene Wide Mouth 1 l - TCA eShop - Tactical Combat Academy\",\"isPartOf\":{\"@id\":\"https:\/\/eshop.tca.sk\/de\/#website\"},\"primaryImageOfPage\":{\"@id\":\"https:\/\/eshop.tca.sk\/de\/tca-produkte\/tca-field-bottle-nalgene-wide-mouth-1-l\/#primaryimage\"},\"image\":{\"@id\":\"https:\/\/eshop.tca.sk\/de\/tca-produkte\/tca-field-bottle-nalgene-wide-mouth-1-l\/#primaryimage\"},\"thumbnailUrl\":\"https:\/\/eshop.tca.sk\/wp-content\/uploads\/2025\/10\/TCA-nalgene-2.jpg\",\"datePublished\":\"2025-10-21T11:41:59+00:00\",\"dateModified\":\"2025-11-03T10:16:34+00:00\",\"description\":\"TCA Feldflasche Nalgene Wide Mouth 1 Liter mit doppelseitigem TCA-Aufdruck \\\"Field Water Protocol\\\" und \\\"5C's\\\". Langlebige Tritan-Flasche, weiter Hals 63 mm, BPA\/BPS-frei.\",\"breadcrumb\":{\"@id\":\"https:\/\/eshop.tca.sk\/de\/tca-produkte\/tca-field-bottle-nalgene-wide-mouth-1-l\/#breadcrumb\"},\"inLanguage\":\"de\",\"potentialAction\":[{\"@type\":\"ReadAction\",\"target\":[\"https:\/\/eshop.tca.sk\/de\/tca-produkte\/tca-field-bottle-nalgene-wide-mouth-1-l\/\"]}]},{\"@type\":\"ImageObject\",\"inLanguage\":\"de\",\"@id\":\"https:\/\/eshop.tca.sk\/de\/tca-produkte\/tca-field-bottle-nalgene-wide-mouth-1-l\/#primaryimage\",\"url\":\"https:\/\/eshop.tca.sk\/wp-content\/uploads\/2025\/10\/TCA-nalgene-2.jpg\",\"contentUrl\":\"https:\/\/eshop.tca.sk\/wp-content\/uploads\/2025\/10\/TCA-nalgene-2.jpg\",\"width\":1000,\"height\":1000,\"caption\":\"TCA Field Bottle Nalgene Wide Mouth 1 l\"},{\"@type\":\"BreadcrumbList\",\"@id\":\"https:\/\/eshop.tca.sk\/de\/tca-produkte\/tca-field-bottle-nalgene-wide-mouth-1-l\/#breadcrumb\",\"itemListElement\":[{\"@type\":\"ListItem\",\"position\":1,\"name\":\"Domovsk\u00e1 str\u00e1nka\",\"item\":\"https:\/\/eshop.tca.sk\/de\/\"},{\"@type\":\"ListItem\",\"position\":2,\"name\":\"Shop\",\"item\":\"https:\/\/eshop.tca.sk\/de\/shop\/\"},{\"@type\":\"ListItem\",\"position\":3,\"name\":\"TCA Feldflasche Nalgene Wide Mouth 1 l\"}]},{\"@type\":\"WebSite\",\"@id\":\"https:\/\/eshop.tca.sk\/de\/#website\",\"url\":\"https:\/\/eshop.tca.sk\/de\/\",\"name\":\"TCA eShop - Tactical Combat Academy\",\"description\":\"Tactical Combat Academy\",\"publisher\":{\"@id\":\"https:\/\/eshop.tca.sk\/de\/#organization\"},\"potentialAction\":[{\"@type\":\"SearchAction\",\"target\":{\"@type\":\"EntryPoint\",\"urlTemplate\":\"https:\/\/eshop.tca.sk\/de\/?s={search_term_string}\"},\"query-input\":{\"@type\":\"PropertyValueSpecification\",\"valueRequired\":true,\"valueName\":\"search_term_string\"}}],\"inLanguage\":\"de\"},{\"@type\":\"Organization\",\"@id\":\"https:\/\/eshop.tca.sk\/de\/#organization\",\"name\":\"TCA eShop - Tactical Combat Academy\",\"url\":\"https:\/\/eshop.tca.sk\/de\/\",\"logo\":{\"@type\":\"ImageObject\",\"inLanguage\":\"de\",\"@id\":\"https:\/\/eshop.tca.sk\/de\/#\/schema\/logo\/image\/\",\"url\":\"https:\/\/eshop.tca.sk\/wp-content\/uploads\/2025\/06\/logo-new-header.png\",\"contentUrl\":\"https:\/\/eshop.tca.sk\/wp-content\/uploads\/2025\/06\/logo-new-header.png\",\"width\":300,\"height\":294,\"caption\":\"TCA eShop - Tactical Combat Academy\"},\"image\":{\"@id\":\"https:\/\/eshop.tca.sk\/de\/#\/schema\/logo\/image\/\"}}]}<\/script>\n<!-- \/ Yoast SEO plugin. -->","yoast_head_json":{"title":"TCA Feldflasche Nalgene Wide Mouth 1 l - TCA eShop - Tactical Combat Academy","description":"TCA Feldflasche Nalgene Wide Mouth 1 Liter mit doppelseitigem TCA-Aufdruck \"Field Water Protocol\" und \"5C's\". Langlebige Tritan-Flasche, weiter Hals 63 mm, BPA\/BPS-frei.","robots":{"index":"index","follow":"follow","max-snippet":"max-snippet:-1","max-image-preview":"max-image-preview:large","max-video-preview":"max-video-preview:-1"},"canonical":"https:\/\/eshop.tca.sk\/de\/tca-produkte\/tca-field-bottle-nalgene-wide-mouth-1-l\/","og_locale":"de_DE","og_type":"article","og_title":"TCA Feldflasche Nalgene Wide Mouth 1 l - TCA eShop - Tactical Combat Academy","og_description":"TCA Feldflasche Nalgene Wide Mouth 1 Liter mit doppelseitigem TCA-Aufdruck \"Field Water Protocol\" und \"5C's\". Langlebige Tritan-Flasche, weiter Hals 63 mm, BPA\/BPS-frei.","og_url":"https:\/\/eshop.tca.sk\/de\/tca-produkte\/tca-field-bottle-nalgene-wide-mouth-1-l\/","og_site_name":"TCA eShop - Tactical Combat Academy","article_modified_time":"2025-11-03T10:16:34+00:00","og_image":[{"width":1000,"height":1000,"url":"https:\/\/eshop.tca.sk\/wp-content\/uploads\/2025\/10\/TCA-nalgene-2.jpg","type":"image\/jpeg"}],"twitter_card":"summary_large_image","schema":{"@context":"https:\/\/schema.org","@graph":[{"@type":"WebPage","@id":"https:\/\/eshop.tca.sk\/de\/tca-produkte\/tca-field-bottle-nalgene-wide-mouth-1-l\/","url":"https:\/\/eshop.tca.sk\/de\/tca-produkte\/tca-field-bottle-nalgene-wide-mouth-1-l\/","name":"TCA Feldflasche Nalgene Wide Mouth 1 l - TCA eShop - Tactical Combat Academy","isPartOf":{"@id":"https:\/\/eshop.tca.sk\/de\/#website"},"primaryImageOfPage":{"@id":"https:\/\/eshop.tca.sk\/de\/tca-produkte\/tca-field-bottle-nalgene-wide-mouth-1-l\/#primaryimage"},"image":{"@id":"https:\/\/eshop.tca.sk\/de\/tca-produkte\/tca-field-bottle-nalgene-wide-mouth-1-l\/#primaryimage"},"thumbnailUrl":"https:\/\/eshop.tca.sk\/wp-content\/uploads\/2025\/10\/TCA-nalgene-2.jpg","datePublished":"2025-10-21T11:41:59+00:00","dateModified":"2025-11-03T10:16:34+00:00","description":"TCA Feldflasche Nalgene Wide Mouth 1 Liter mit doppelseitigem TCA-Aufdruck \"Field Water Protocol\" und \"5C's\". Langlebige Tritan-Flasche, weiter Hals 63 mm, BPA\/BPS-frei.","breadcrumb":{"@id":"https:\/\/eshop.tca.sk\/de\/tca-produkte\/tca-field-bottle-nalgene-wide-mouth-1-l\/#breadcrumb"},"inLanguage":"de","potentialAction":[{"@type":"ReadAction","target":["https:\/\/eshop.tca.sk\/de\/tca-produkte\/tca-field-bottle-nalgene-wide-mouth-1-l\/"]}]},{"@type":"ImageObject","inLanguage":"de","@id":"https:\/\/eshop.tca.sk\/de\/tca-produkte\/tca-field-bottle-nalgene-wide-mouth-1-l\/#primaryimage","url":"https:\/\/eshop.tca.sk\/wp-content\/uploads\/2025\/10\/TCA-nalgene-2.jpg","contentUrl":"https:\/\/eshop.tca.sk\/wp-content\/uploads\/2025\/10\/TCA-nalgene-2.jpg","width":1000,"height":1000,"caption":"TCA Field Bottle Nalgene Wide Mouth 1 l"},{"@type":"BreadcrumbList","@id":"https:\/\/eshop.tca.sk\/de\/tca-produkte\/tca-field-bottle-nalgene-wide-mouth-1-l\/#breadcrumb","itemListElement":[{"@type":"ListItem","position":1,"name":"Domovsk\u00e1 str\u00e1nka","item":"https:\/\/eshop.tca.sk\/de\/"},{"@type":"ListItem","position":2,"name":"Shop","item":"https:\/\/eshop.tca.sk\/de\/shop\/"},{"@type":"ListItem","position":3,"name":"TCA Feldflasche Nalgene Wide Mouth 1 l"}]},{"@type":"WebSite","@id":"https:\/\/eshop.tca.sk\/de\/#website","url":"https:\/\/eshop.tca.sk\/de\/","name":"TCA eShop - Tactical Combat Academy","description":"Tactical Combat Academy","publisher":{"@id":"https:\/\/eshop.tca.sk\/de\/#organization"},"potentialAction":[{"@type":"SearchAction","target":{"@type":"EntryPoint","urlTemplate":"https:\/\/eshop.tca.sk\/de\/?s={search_term_string}"},"query-input":{"@type":"PropertyValueSpecification","valueRequired":true,"valueName":"search_term_string"}}],"inLanguage":"de"},{"@type":"Organization","@id":"https:\/\/eshop.tca.sk\/de\/#organization","name":"TCA eShop - Tactical Combat Academy","url":"https:\/\/eshop.tca.sk\/de\/","logo":{"@type":"ImageObject","inLanguage":"de","@id":"https:\/\/eshop.tca.sk\/de\/#\/schema\/logo\/image\/","url":"https:\/\/eshop.tca.sk\/wp-content\/uploads\/2025\/06\/logo-new-header.png","contentUrl":"https:\/\/eshop.tca.sk\/wp-content\/uploads\/2025\/06\/logo-new-header.png","width":300,"height":294,"caption":"TCA eShop - Tactical Combat Academy"},"image":{"@id":"https:\/\/eshop.tca.sk\/de\/#\/schema\/logo\/image\/"}}]}},"_links":{"self":[{"href":"https:\/\/eshop.tca.sk\/de\/wp-json\/wp\/v2\/product\/15611","targetHints":{"allow":["GET"]}}],"collection":[{"href":"https:\/\/eshop.tca.sk\/de\/wp-json\/wp\/v2\/product"}],"about":[{"href":"https:\/\/eshop.tca.sk\/de\/wp-json\/wp\/v2\/types\/product"}],"wp:featuredmedia":[{"embeddable":true,"href":"https:\/\/eshop.tca.sk\/de\/wp-json\/wp\/v2\/media\/15615"}],"wp:attachment":[{"href":"https:\/\/eshop.tca.sk\/de\/wp-json\/wp\/v2\/media?parent=15611"}],"wp:term":[{"taxonomy":"product_brand","embeddable":true,"href":"https:\/\/eshop.tca.sk\/de\/wp-json\/wp\/v2\/product_brand?post=15611"},{"taxonomy":"product_cat","embeddable":true,"href":"https:\/\/eshop.tca.sk\/de\/wp-json\/wp\/v2\/product_cat?post=15611"},{"taxonomy":"product_tag","embeddable":true,"href":"https:\/\/eshop.tca.sk\/de\/wp-json\/wp\/v2\/product_tag?post=15611"},{"taxonomy":"giftcard-category","embeddable":true,"href":"https:\/\/eshop.tca.sk\/de\/wp-json\/wp\/v2\/giftcard-category?post=15611"}],"curies":[{"name":"wp","href":"https:\/\/api.w.org\/{rel}","templated":true}]}}