{"id":15694,"date":"2025-10-15T09:17:51","date_gmt":"2025-10-15T07:17:51","guid":{"rendered":"https:\/\/eshop.tca.sk\/unkategorisiert\/kleber-fur-zielscheiben-22x22-mm-dda\/"},"modified":"2025-10-15T09:17:51","modified_gmt":"2025-10-15T07:17:51","slug":"kleber-fur-zielscheiben-22x22-mm-dda","status":"publish","type":"product","link":"https:\/\/eshop.tca.sk\/de\/training\/kleber-fur-zielscheiben-22x22-mm-dda\/","title":{"rendered":"Kleber f\u00fcr Zielscheiben 22&#215;22 mm DDA"},"content":{"rendered":"<h3><strong>Kleber f\u00fcr Zielscheiben 22&#215;22 mm DDA<\/strong><\/h3>\n<p><strong>Die 22&#215;22 mm DDA Scheibenkleber<\/strong> sind quadratische Scheibenkleber, die auf die am h\u00e4ufigsten verwendeten Scheiben abgestimmt sind<b>.<\/b> Die hochwertige Kleber\u00fcckseite h\u00e4lt selbst unter h\u00e4rtesten Bedingungen (N\u00e4sse, K\u00e4lte), so dass sie bei Wettk\u00e4mpfen und im Training zuverl\u00e4ssig funktionieren. Jede Rolle enth\u00e4lt 1.000 Aufkleber, ideal f\u00fcr G\u00fcrteltaschen und <a href=\"https:\/\/eshop.tca.sk\/trening\/drziak-na-lepky-daa-black\/\"><strong>DDA-Halterungen<\/strong><\/a>.<span class=\"Apple-converted-space\"> <\/span><\/p>\n<p><strong>Hauptmerkmale<\/strong><\/p>\n<ul>\n<li>Quadratisches Format 22\u00d722 mm &#8211; deckt eine gr\u00f6\u00dfere Fl\u00e4che ab als herk\u00f6mmliche runde 20 mm Klebestifte<\/li>\n<li>Farbliche \u00dcbereinstimmung &#8211; die Aufkleber verschmelzen nach dem Aufkleben fast mit dem Ziel.  <span class=\"Apple-converted-space\"> <\/span><\/li>\n<li>Zuverl\u00e4ssig bei unterschiedlichen Wetterbedingungen &#8211; feuchtigkeits- und frostbest\u00e4ndiges Material.  <span class=\"Apple-converted-space\"> <\/span><\/li>\n<li>Praktische Verpackung &#8211; 1 000 St\u00fcck pro Rolle, kompatibel mit Pflasterspendern.  <span class=\"Apple-converted-space\"> <\/span><\/li>\n<\/ul>\n<p><strong>Technische Parameter<\/strong><\/p>\n<ul>\n<li>Gr\u00f6\u00dfe: quadratisch 22 \u00d7 22 mm<\/li>\n<li>Verpackung: 1 000 St\u00fcck\/Rolle<\/li>\n<li>Zweck: Reparatur von Treffern auf Papierzielen<\/li>\n<li>Farbe: schwarz\/braun\/wei\u00df<\/li>\n<\/ul>\n","protected":false},"excerpt":{"rendered":"<p class=\"yoast-text-mark\"><img loading=\"lazy\" decoding=\"async\" class=\"alignnone wp-image-15408 \" src=\"https:\/\/eshop.tca.sk\/wp-content\/uploads\/2025\/10\/DDA-logo.png\" alt=\"\" width=\"174\" height=\"52\" srcset=\"https:\/\/eshop.tca.sk\/wp-content\/uploads\/2025\/10\/DDA-logo.png 191w, https:\/\/eshop.tca.sk\/wp-content\/uploads\/2025\/10\/DDA-logo-24x7.png 24w, https:\/\/eshop.tca.sk\/wp-content\/uploads\/2025\/10\/DDA-logo-36x11.png 36w, https:\/\/eshop.tca.sk\/wp-content\/uploads\/2025\/10\/DDA-logo-48x14.png 48w\" sizes=\"auto, (max-width: 174px) 100vw, 174px\" \/><\/p>\n<p><strong>Die 22&#215;22 mm DDA Zielscheibenleime<\/strong> sind quadratische Zielscheibenleime, die f\u00fcr die am h\u00e4ufigsten verwendeten Zielscheiben entwickelt wurden.<\/p>\n<p><img decoding=\"async\" class=\"wp-image-8564 alignnone\" src=\"https:\/\/eshop.tca.sk\/wp-content\/uploads\/2023\/04\/Logo-Whack-Black-White-R-APPROVED.png\" alt=\"\" width=\"138\" srcset=\"https:\/\/eshop.tca.sk\/wp-content\/uploads\/2023\/04\/Logo-Whack-Black-White-R-APPROVED.png 571w, https:\/\/eshop.tca.sk\/wp-content\/uploads\/2023\/04\/Logo-Whack-Black-White-R-APPROVED-300x163.png 300w\" sizes=\"(max-width: 571px) 100vw, 571px\" \/><\/p>\n<p>Vom <strong>TCA<\/strong> und dem <strong>WHACK-System<\/strong> verwendete und empfohlene Equipment.<\/p>\n","protected":false},"featured_media":15461,"template":"","meta":{"inline_featured_image":false},"product_brand":[],"product_cat":[323,640],"product_tag":[789],"giftcard-category":[],"class_list":{"0":"post-15694","1":"product","2":"type-product","3":"status-publish","4":"has-post-thumbnail","6":"product_cat-ausruestung","7":"product_cat-training","8":"product_tag-dda-de","10":"first","11":"instock","12":"taxable","13":"shipping-taxable","14":"purchasable","15":"product-type-variable"},"yoast_head":"<!-- This site is optimized with the Yoast SEO plugin v26.4 - https:\/\/yoast.com\/wordpress\/plugins\/seo\/ -->\n<title>Kleber f\u00fcr Zielscheiben 22x22 mm DDA - TCA eShop - Tactical Combat Academy<\/title>\n<meta name=\"description\" content=\"Die 22x22 mm DDA Zielscheibenleime sind quadratische Zielscheibenleime, die f\u00fcr die am h\u00e4ufigsten verwendeten Zielscheiben entwickelt wurden.\" \/>\n<meta name=\"robots\" content=\"index, follow, max-snippet:-1, max-image-preview:large, max-video-preview:-1\" \/>\n<link rel=\"canonical\" href=\"https:\/\/eshop.tca.sk\/de\/training\/kleber-fur-zielscheiben-22x22-mm-dda\/\" \/>\n<meta property=\"og:locale\" content=\"de_DE\" \/>\n<meta property=\"og:type\" content=\"article\" \/>\n<meta property=\"og:title\" content=\"Kleber f\u00fcr Zielscheiben 22x22 mm DDA - TCA eShop - Tactical Combat Academy\" \/>\n<meta property=\"og:description\" content=\"Die 22x22 mm DDA Zielscheibenleime sind quadratische Zielscheibenleime, die f\u00fcr die am h\u00e4ufigsten verwendeten Zielscheiben entwickelt wurden.\" \/>\n<meta property=\"og:url\" content=\"https:\/\/eshop.tca.sk\/de\/training\/kleber-fur-zielscheiben-22x22-mm-dda\/\" \/>\n<meta property=\"og:site_name\" content=\"TCA eShop - Tactical Combat Academy\" \/>\n<meta property=\"og:image\" content=\"https:\/\/eshop.tca.sk\/wp-content\/uploads\/2025\/10\/Lepky.jpg\" \/>\n\t<meta property=\"og:image:width\" content=\"1000\" \/>\n\t<meta property=\"og:image:height\" content=\"1000\" \/>\n\t<meta property=\"og:image:type\" content=\"image\/jpeg\" \/>\n<meta name=\"twitter:card\" content=\"summary_large_image\" \/>\n<script type=\"application\/ld+json\" class=\"yoast-schema-graph\">{\"@context\":\"https:\/\/schema.org\",\"@graph\":[{\"@type\":\"WebPage\",\"@id\":\"https:\/\/eshop.tca.sk\/de\/training\/kleber-fur-zielscheiben-22x22-mm-dda\/\",\"url\":\"https:\/\/eshop.tca.sk\/de\/training\/kleber-fur-zielscheiben-22x22-mm-dda\/\",\"name\":\"Kleber f\u00fcr Zielscheiben 22x22 mm DDA - TCA eShop - Tactical Combat Academy\",\"isPartOf\":{\"@id\":\"https:\/\/eshop.tca.sk\/de\/#website\"},\"primaryImageOfPage\":{\"@id\":\"https:\/\/eshop.tca.sk\/de\/training\/kleber-fur-zielscheiben-22x22-mm-dda\/#primaryimage\"},\"image\":{\"@id\":\"https:\/\/eshop.tca.sk\/de\/training\/kleber-fur-zielscheiben-22x22-mm-dda\/#primaryimage\"},\"thumbnailUrl\":\"https:\/\/eshop.tca.sk\/wp-content\/uploads\/2025\/10\/Lepky.jpg\",\"datePublished\":\"2025-10-15T07:17:51+00:00\",\"description\":\"Die 22x22 mm DDA Zielscheibenleime sind quadratische Zielscheibenleime, die f\u00fcr die am h\u00e4ufigsten verwendeten Zielscheiben entwickelt wurden.\",\"breadcrumb\":{\"@id\":\"https:\/\/eshop.tca.sk\/de\/training\/kleber-fur-zielscheiben-22x22-mm-dda\/#breadcrumb\"},\"inLanguage\":\"de\",\"potentialAction\":[{\"@type\":\"ReadAction\",\"target\":[\"https:\/\/eshop.tca.sk\/de\/training\/kleber-fur-zielscheiben-22x22-mm-dda\/\"]}]},{\"@type\":\"ImageObject\",\"inLanguage\":\"de\",\"@id\":\"https:\/\/eshop.tca.sk\/de\/training\/kleber-fur-zielscheiben-22x22-mm-dda\/#primaryimage\",\"url\":\"https:\/\/eshop.tca.sk\/wp-content\/uploads\/2025\/10\/Lepky.jpg\",\"contentUrl\":\"https:\/\/eshop.tca.sk\/wp-content\/uploads\/2025\/10\/Lepky.jpg\",\"width\":1000,\"height\":1000,\"caption\":\"Lepky na ter\u010d 22x22 mm DDA\"},{\"@type\":\"BreadcrumbList\",\"@id\":\"https:\/\/eshop.tca.sk\/de\/training\/kleber-fur-zielscheiben-22x22-mm-dda\/#breadcrumb\",\"itemListElement\":[{\"@type\":\"ListItem\",\"position\":1,\"name\":\"Domovsk\u00e1 str\u00e1nka\",\"item\":\"https:\/\/eshop.tca.sk\/de\/\"},{\"@type\":\"ListItem\",\"position\":2,\"name\":\"Shop\",\"item\":\"https:\/\/eshop.tca.sk\/de\/shop\/\"},{\"@type\":\"ListItem\",\"position\":3,\"name\":\"Kleber f\u00fcr Zielscheiben 22&#215;22 mm DDA\"}]},{\"@type\":\"WebSite\",\"@id\":\"https:\/\/eshop.tca.sk\/de\/#website\",\"url\":\"https:\/\/eshop.tca.sk\/de\/\",\"name\":\"TCA eShop - Tactical Combat Academy\",\"description\":\"Tactical Combat Academy\",\"publisher\":{\"@id\":\"https:\/\/eshop.tca.sk\/de\/#organization\"},\"potentialAction\":[{\"@type\":\"SearchAction\",\"target\":{\"@type\":\"EntryPoint\",\"urlTemplate\":\"https:\/\/eshop.tca.sk\/de\/?s={search_term_string}\"},\"query-input\":{\"@type\":\"PropertyValueSpecification\",\"valueRequired\":true,\"valueName\":\"search_term_string\"}}],\"inLanguage\":\"de\"},{\"@type\":\"Organization\",\"@id\":\"https:\/\/eshop.tca.sk\/de\/#organization\",\"name\":\"TCA eShop - Tactical Combat Academy\",\"url\":\"https:\/\/eshop.tca.sk\/de\/\",\"logo\":{\"@type\":\"ImageObject\",\"inLanguage\":\"de\",\"@id\":\"https:\/\/eshop.tca.sk\/de\/#\/schema\/logo\/image\/\",\"url\":\"https:\/\/eshop.tca.sk\/wp-content\/uploads\/2025\/06\/logo-new-header.png\",\"contentUrl\":\"https:\/\/eshop.tca.sk\/wp-content\/uploads\/2025\/06\/logo-new-header.png\",\"width\":300,\"height\":294,\"caption\":\"TCA eShop - Tactical Combat Academy\"},\"image\":{\"@id\":\"https:\/\/eshop.tca.sk\/de\/#\/schema\/logo\/image\/\"}}]}<\/script>\n<!-- \/ Yoast SEO plugin. -->","yoast_head_json":{"title":"Kleber f\u00fcr Zielscheiben 22x22 mm DDA - TCA eShop - Tactical Combat Academy","description":"Die 22x22 mm DDA Zielscheibenleime sind quadratische Zielscheibenleime, die f\u00fcr die am h\u00e4ufigsten verwendeten Zielscheiben entwickelt wurden.","robots":{"index":"index","follow":"follow","max-snippet":"max-snippet:-1","max-image-preview":"max-image-preview:large","max-video-preview":"max-video-preview:-1"},"canonical":"https:\/\/eshop.tca.sk\/de\/training\/kleber-fur-zielscheiben-22x22-mm-dda\/","og_locale":"de_DE","og_type":"article","og_title":"Kleber f\u00fcr Zielscheiben 22x22 mm DDA - TCA eShop - Tactical Combat Academy","og_description":"Die 22x22 mm DDA Zielscheibenleime sind quadratische Zielscheibenleime, die f\u00fcr die am h\u00e4ufigsten verwendeten Zielscheiben entwickelt wurden.","og_url":"https:\/\/eshop.tca.sk\/de\/training\/kleber-fur-zielscheiben-22x22-mm-dda\/","og_site_name":"TCA eShop - Tactical Combat Academy","og_image":[{"width":1000,"height":1000,"url":"https:\/\/eshop.tca.sk\/wp-content\/uploads\/2025\/10\/Lepky.jpg","type":"image\/jpeg"}],"twitter_card":"summary_large_image","schema":{"@context":"https:\/\/schema.org","@graph":[{"@type":"WebPage","@id":"https:\/\/eshop.tca.sk\/de\/training\/kleber-fur-zielscheiben-22x22-mm-dda\/","url":"https:\/\/eshop.tca.sk\/de\/training\/kleber-fur-zielscheiben-22x22-mm-dda\/","name":"Kleber f\u00fcr Zielscheiben 22x22 mm DDA - TCA eShop - Tactical Combat Academy","isPartOf":{"@id":"https:\/\/eshop.tca.sk\/de\/#website"},"primaryImageOfPage":{"@id":"https:\/\/eshop.tca.sk\/de\/training\/kleber-fur-zielscheiben-22x22-mm-dda\/#primaryimage"},"image":{"@id":"https:\/\/eshop.tca.sk\/de\/training\/kleber-fur-zielscheiben-22x22-mm-dda\/#primaryimage"},"thumbnailUrl":"https:\/\/eshop.tca.sk\/wp-content\/uploads\/2025\/10\/Lepky.jpg","datePublished":"2025-10-15T07:17:51+00:00","description":"Die 22x22 mm DDA Zielscheibenleime sind quadratische Zielscheibenleime, die f\u00fcr die am h\u00e4ufigsten verwendeten Zielscheiben entwickelt wurden.","breadcrumb":{"@id":"https:\/\/eshop.tca.sk\/de\/training\/kleber-fur-zielscheiben-22x22-mm-dda\/#breadcrumb"},"inLanguage":"de","potentialAction":[{"@type":"ReadAction","target":["https:\/\/eshop.tca.sk\/de\/training\/kleber-fur-zielscheiben-22x22-mm-dda\/"]}]},{"@type":"ImageObject","inLanguage":"de","@id":"https:\/\/eshop.tca.sk\/de\/training\/kleber-fur-zielscheiben-22x22-mm-dda\/#primaryimage","url":"https:\/\/eshop.tca.sk\/wp-content\/uploads\/2025\/10\/Lepky.jpg","contentUrl":"https:\/\/eshop.tca.sk\/wp-content\/uploads\/2025\/10\/Lepky.jpg","width":1000,"height":1000,"caption":"Lepky na ter\u010d 22x22 mm DDA"},{"@type":"BreadcrumbList","@id":"https:\/\/eshop.tca.sk\/de\/training\/kleber-fur-zielscheiben-22x22-mm-dda\/#breadcrumb","itemListElement":[{"@type":"ListItem","position":1,"name":"Domovsk\u00e1 str\u00e1nka","item":"https:\/\/eshop.tca.sk\/de\/"},{"@type":"ListItem","position":2,"name":"Shop","item":"https:\/\/eshop.tca.sk\/de\/shop\/"},{"@type":"ListItem","position":3,"name":"Kleber f\u00fcr Zielscheiben 22&#215;22 mm DDA"}]},{"@type":"WebSite","@id":"https:\/\/eshop.tca.sk\/de\/#website","url":"https:\/\/eshop.tca.sk\/de\/","name":"TCA eShop - Tactical Combat Academy","description":"Tactical Combat Academy","publisher":{"@id":"https:\/\/eshop.tca.sk\/de\/#organization"},"potentialAction":[{"@type":"SearchAction","target":{"@type":"EntryPoint","urlTemplate":"https:\/\/eshop.tca.sk\/de\/?s={search_term_string}"},"query-input":{"@type":"PropertyValueSpecification","valueRequired":true,"valueName":"search_term_string"}}],"inLanguage":"de"},{"@type":"Organization","@id":"https:\/\/eshop.tca.sk\/de\/#organization","name":"TCA eShop - Tactical Combat Academy","url":"https:\/\/eshop.tca.sk\/de\/","logo":{"@type":"ImageObject","inLanguage":"de","@id":"https:\/\/eshop.tca.sk\/de\/#\/schema\/logo\/image\/","url":"https:\/\/eshop.tca.sk\/wp-content\/uploads\/2025\/06\/logo-new-header.png","contentUrl":"https:\/\/eshop.tca.sk\/wp-content\/uploads\/2025\/06\/logo-new-header.png","width":300,"height":294,"caption":"TCA eShop - Tactical Combat Academy"},"image":{"@id":"https:\/\/eshop.tca.sk\/de\/#\/schema\/logo\/image\/"}}]}},"_links":{"self":[{"href":"https:\/\/eshop.tca.sk\/de\/wp-json\/wp\/v2\/product\/15694","targetHints":{"allow":["GET"]}}],"collection":[{"href":"https:\/\/eshop.tca.sk\/de\/wp-json\/wp\/v2\/product"}],"about":[{"href":"https:\/\/eshop.tca.sk\/de\/wp-json\/wp\/v2\/types\/product"}],"wp:featuredmedia":[{"embeddable":true,"href":"https:\/\/eshop.tca.sk\/de\/wp-json\/wp\/v2\/media\/15461"}],"wp:attachment":[{"href":"https:\/\/eshop.tca.sk\/de\/wp-json\/wp\/v2\/media?parent=15694"}],"wp:term":[{"taxonomy":"product_brand","embeddable":true,"href":"https:\/\/eshop.tca.sk\/de\/wp-json\/wp\/v2\/product_brand?post=15694"},{"taxonomy":"product_cat","embeddable":true,"href":"https:\/\/eshop.tca.sk\/de\/wp-json\/wp\/v2\/product_cat?post=15694"},{"taxonomy":"product_tag","embeddable":true,"href":"https:\/\/eshop.tca.sk\/de\/wp-json\/wp\/v2\/product_tag?post=15694"},{"taxonomy":"giftcard-category","embeddable":true,"href":"https:\/\/eshop.tca.sk\/de\/wp-json\/wp\/v2\/giftcard-category?post=15694"}],"curies":[{"name":"wp","href":"https:\/\/api.w.org\/{rel}","templated":true}]}}