{"id":15699,"date":"2025-10-14T11:25:14","date_gmt":"2025-10-14T09:25:14","guid":{"rendered":"https:\/\/eshop.tca.sk\/unkategorisiert\/pinselset-daa\/"},"modified":"2025-10-14T11:25:14","modified_gmt":"2025-10-14T09:25:14","slug":"pinselset-daa","status":"publish","type":"product","link":"https:\/\/eshop.tca.sk\/de\/waffenreinigung\/pinselset-daa\/","title":{"rendered":"DAA Pinselset"},"content":{"rendered":"<h3><strong>DAA Pinselset<\/strong><\/h3>\n<p>Das DAA-B\u00fcrstenset ist ein \u00e4u\u00dferst praktisches Set aus doppelseitigen Reinigungsb\u00fcrsten, die f\u00fcr die gr\u00fcndliche Reinigung von Waffen in schwer zug\u00e4nglichen Bereichen entwickelt wurden. Enth\u00e4lt drei B\u00fcrsten mit unterschiedlichen Materialien &#8211; Stahl, Kupfer und Nylon &#8211; um Ablagerungen und Korrosion zu entfernen, ohne Oberfl\u00e4chen zu besch\u00e4digen. Jede B\u00fcrste ist fest in einem robusten Kunststoffgriff verankert, der flexibel und dennoch stabil ist und etwa 18 cm misst.<span class=\"Apple-converted-space\"> <\/span><\/p>\n<p>Die oberen Enden der B\u00fcrsten sind breiter (ca. 10 \u00d7 35 mm), w\u00e4hrend das andere Ende schmal ist (ca. 3 \u00d7 20 mm), was einen flexiblen Einsatz f\u00fcr Rillen, Gewinde und andere Details erm\u00f6glicht.<span class=\"Apple-converted-space\">  <\/span>Das Set ist ein unverzichtbarer Helfer in der Ausr\u00fcstung eines jeden Sportsch\u00fctzen.<\/p>\n<p><strong>Hauptmerkmale<\/strong><\/p>\n<ul>\n<li>Drei B\u00fcrsten: Stahl, Kupfer und Nylon f\u00fcr verschiedene Anwendungen<\/li>\n<li>Doppelseitiges Design: robustes breiteres und weicheres schmales Ende<\/li>\n<li>Zum Entfernen von Ablagerungen, F\u00e4den und anderen Details<\/li>\n<li>Geeignet f\u00fcr die Wartung von Waffen, L\u00e4ufen, Gewinden und Zubeh\u00f6r<\/li>\n<\/ul>\n<p><strong>Technische Parameter<\/strong><\/p>\n<ul>\n<li>Typ: Satz Universal-Reinigungsb\u00fcrsten<\/li>\n<li>Anzahl der St\u00fccke: 3<\/li>\n<li>Material: Stahl, Kupfer, Nylon + Kunststoffgriff<\/li>\n<li>L\u00e4nge der B\u00fcrste: ~ 180 mm<\/li>\n<li>Gro\u00dfes B\u00fcrstenende: ~ 10 \u00d7 35 mm<\/li>\n<li>Kleines Ende der B\u00fcrste: ~ 3 \u00d7 20 mm<\/li>\n<\/ul>\n","protected":false},"excerpt":{"rendered":"<p class=\"yoast-text-mark\"><img loading=\"lazy\" decoding=\"async\" class=\"alignnone wp-image-15408 \" src=\"https:\/\/eshop.tca.sk\/wp-content\/uploads\/2025\/10\/DDA-logo.png\" alt=\"\" width=\"174\" height=\"52\" srcset=\"https:\/\/eshop.tca.sk\/wp-content\/uploads\/2025\/10\/DDA-logo.png 191w, https:\/\/eshop.tca.sk\/wp-content\/uploads\/2025\/10\/DDA-logo-24x7.png 24w, https:\/\/eshop.tca.sk\/wp-content\/uploads\/2025\/10\/DDA-logo-36x11.png 36w, https:\/\/eshop.tca.sk\/wp-content\/uploads\/2025\/10\/DDA-logo-48x14.png 48w\" sizes=\"auto, (max-width: 174px) 100vw, 174px\" \/><\/p>\n<p><strong>Das DAA-B\u00fcrstenset<\/strong> ist ein \u00e4u\u00dferst praktisches Set aus doppelseitigen Reinigungsb\u00fcrsten, die f\u00fcr die gr\u00fcndliche Reinigung von Waffen in schwer zug\u00e4nglichen Bereichen entwickelt wurden.<\/p>\n<p><img decoding=\"async\" class=\"wp-image-8564 alignnone\" src=\"https:\/\/eshop.tca.sk\/wp-content\/uploads\/2023\/04\/Logo-Whack-Black-White-R-APPROVED.png\" alt=\"\" width=\"138\" srcset=\"https:\/\/eshop.tca.sk\/wp-content\/uploads\/2023\/04\/Logo-Whack-Black-White-R-APPROVED.png 571w, https:\/\/eshop.tca.sk\/wp-content\/uploads\/2023\/04\/Logo-Whack-Black-White-R-APPROVED-300x163.png 300w\" sizes=\"(max-width: 571px) 100vw, 571px\" \/><\/p>\n<p>Vom <strong>TCA<\/strong> und dem <strong>WHACK-System<\/strong> verwendete und empfohlene Equipment.<\/p>\n","protected":false},"featured_media":15443,"template":"","meta":{"inline_featured_image":false},"product_brand":[],"product_cat":[699,318],"product_tag":[789],"giftcard-category":[],"class_list":{"0":"post-15699","1":"product","2":"type-product","3":"status-publish","4":"has-post-thumbnail","6":"product_cat-waffenreinigung","7":"product_cat-waffenzubehoer","8":"product_tag-dda-de","10":"first","11":"instock","12":"taxable","13":"shipping-taxable","14":"purchasable","15":"product-type-simple"},"yoast_head":"<!-- This site is optimized with the Yoast SEO plugin v26.4 - https:\/\/yoast.com\/wordpress\/plugins\/seo\/ -->\n<title>DAA Pinselset - TCA eShop - Tactical Combat Academy<\/title>\n<meta name=\"description\" content=\"Das DAA-B\u00fcrstenset ist ein \u00e4u\u00dferst praktisches Set aus doppelseitigen Reinigungsb\u00fcrsten, die f\u00fcr die gr\u00fcndliche Reinigung von Waffen in schwer zug\u00e4nglichen Bereichen entwickelt wurden.\" \/>\n<meta name=\"robots\" content=\"index, follow, max-snippet:-1, max-image-preview:large, max-video-preview:-1\" \/>\n<link rel=\"canonical\" href=\"https:\/\/eshop.tca.sk\/de\/waffenreinigung\/pinselset-daa\/\" \/>\n<meta property=\"og:locale\" content=\"de_DE\" \/>\n<meta property=\"og:type\" content=\"article\" \/>\n<meta property=\"og:title\" content=\"DAA Pinselset - TCA eShop - Tactical Combat Academy\" \/>\n<meta property=\"og:description\" content=\"Das DAA-B\u00fcrstenset ist ein \u00e4u\u00dferst praktisches Set aus doppelseitigen Reinigungsb\u00fcrsten, die f\u00fcr die gr\u00fcndliche Reinigung von Waffen in schwer zug\u00e4nglichen Bereichen entwickelt wurden.\" \/>\n<meta property=\"og:url\" content=\"https:\/\/eshop.tca.sk\/de\/waffenreinigung\/pinselset-daa\/\" \/>\n<meta property=\"og:site_name\" content=\"TCA eShop - Tactical Combat Academy\" \/>\n<meta property=\"og:image\" content=\"https:\/\/eshop.tca.sk\/wp-content\/uploads\/2025\/10\/Kefky.jpg\" \/>\n\t<meta property=\"og:image:width\" content=\"1000\" \/>\n\t<meta property=\"og:image:height\" content=\"1000\" \/>\n\t<meta property=\"og:image:type\" content=\"image\/jpeg\" \/>\n<meta name=\"twitter:card\" content=\"summary_large_image\" \/>\n<script type=\"application\/ld+json\" class=\"yoast-schema-graph\">{\"@context\":\"https:\/\/schema.org\",\"@graph\":[{\"@type\":\"WebPage\",\"@id\":\"https:\/\/eshop.tca.sk\/de\/waffenreinigung\/pinselset-daa\/\",\"url\":\"https:\/\/eshop.tca.sk\/de\/waffenreinigung\/pinselset-daa\/\",\"name\":\"DAA Pinselset - TCA eShop - Tactical Combat Academy\",\"isPartOf\":{\"@id\":\"https:\/\/eshop.tca.sk\/de\/#website\"},\"primaryImageOfPage\":{\"@id\":\"https:\/\/eshop.tca.sk\/de\/waffenreinigung\/pinselset-daa\/#primaryimage\"},\"image\":{\"@id\":\"https:\/\/eshop.tca.sk\/de\/waffenreinigung\/pinselset-daa\/#primaryimage\"},\"thumbnailUrl\":\"https:\/\/eshop.tca.sk\/wp-content\/uploads\/2025\/10\/Kefky.jpg\",\"datePublished\":\"2025-10-14T09:25:14+00:00\",\"description\":\"Das DAA-B\u00fcrstenset ist ein \u00e4u\u00dferst praktisches Set aus doppelseitigen Reinigungsb\u00fcrsten, die f\u00fcr die gr\u00fcndliche Reinigung von Waffen in schwer zug\u00e4nglichen Bereichen entwickelt wurden.\",\"breadcrumb\":{\"@id\":\"https:\/\/eshop.tca.sk\/de\/waffenreinigung\/pinselset-daa\/#breadcrumb\"},\"inLanguage\":\"de\",\"potentialAction\":[{\"@type\":\"ReadAction\",\"target\":[\"https:\/\/eshop.tca.sk\/de\/waffenreinigung\/pinselset-daa\/\"]}]},{\"@type\":\"ImageObject\",\"inLanguage\":\"de\",\"@id\":\"https:\/\/eshop.tca.sk\/de\/waffenreinigung\/pinselset-daa\/#primaryimage\",\"url\":\"https:\/\/eshop.tca.sk\/wp-content\/uploads\/2025\/10\/Kefky.jpg\",\"contentUrl\":\"https:\/\/eshop.tca.sk\/wp-content\/uploads\/2025\/10\/Kefky.jpg\",\"width\":1000,\"height\":1000,\"caption\":\"Sada Kefiek DAA\"},{\"@type\":\"BreadcrumbList\",\"@id\":\"https:\/\/eshop.tca.sk\/de\/waffenreinigung\/pinselset-daa\/#breadcrumb\",\"itemListElement\":[{\"@type\":\"ListItem\",\"position\":1,\"name\":\"Domovsk\u00e1 str\u00e1nka\",\"item\":\"https:\/\/eshop.tca.sk\/de\/\"},{\"@type\":\"ListItem\",\"position\":2,\"name\":\"Shop\",\"item\":\"https:\/\/eshop.tca.sk\/de\/shop\/\"},{\"@type\":\"ListItem\",\"position\":3,\"name\":\"DAA Pinselset\"}]},{\"@type\":\"WebSite\",\"@id\":\"https:\/\/eshop.tca.sk\/de\/#website\",\"url\":\"https:\/\/eshop.tca.sk\/de\/\",\"name\":\"TCA eShop - Tactical Combat Academy\",\"description\":\"Tactical Combat Academy\",\"publisher\":{\"@id\":\"https:\/\/eshop.tca.sk\/de\/#organization\"},\"potentialAction\":[{\"@type\":\"SearchAction\",\"target\":{\"@type\":\"EntryPoint\",\"urlTemplate\":\"https:\/\/eshop.tca.sk\/de\/?s={search_term_string}\"},\"query-input\":{\"@type\":\"PropertyValueSpecification\",\"valueRequired\":true,\"valueName\":\"search_term_string\"}}],\"inLanguage\":\"de\"},{\"@type\":\"Organization\",\"@id\":\"https:\/\/eshop.tca.sk\/de\/#organization\",\"name\":\"TCA eShop - Tactical Combat Academy\",\"url\":\"https:\/\/eshop.tca.sk\/de\/\",\"logo\":{\"@type\":\"ImageObject\",\"inLanguage\":\"de\",\"@id\":\"https:\/\/eshop.tca.sk\/de\/#\/schema\/logo\/image\/\",\"url\":\"https:\/\/eshop.tca.sk\/wp-content\/uploads\/2025\/06\/logo-new-header.png\",\"contentUrl\":\"https:\/\/eshop.tca.sk\/wp-content\/uploads\/2025\/06\/logo-new-header.png\",\"width\":300,\"height\":294,\"caption\":\"TCA eShop - Tactical Combat Academy\"},\"image\":{\"@id\":\"https:\/\/eshop.tca.sk\/de\/#\/schema\/logo\/image\/\"}}]}<\/script>\n<!-- \/ Yoast SEO plugin. -->","yoast_head_json":{"title":"DAA Pinselset - TCA eShop - Tactical Combat Academy","description":"Das DAA-B\u00fcrstenset ist ein \u00e4u\u00dferst praktisches Set aus doppelseitigen Reinigungsb\u00fcrsten, die f\u00fcr die gr\u00fcndliche Reinigung von Waffen in schwer zug\u00e4nglichen Bereichen entwickelt wurden.","robots":{"index":"index","follow":"follow","max-snippet":"max-snippet:-1","max-image-preview":"max-image-preview:large","max-video-preview":"max-video-preview:-1"},"canonical":"https:\/\/eshop.tca.sk\/de\/waffenreinigung\/pinselset-daa\/","og_locale":"de_DE","og_type":"article","og_title":"DAA Pinselset - TCA eShop - Tactical Combat Academy","og_description":"Das DAA-B\u00fcrstenset ist ein \u00e4u\u00dferst praktisches Set aus doppelseitigen Reinigungsb\u00fcrsten, die f\u00fcr die gr\u00fcndliche Reinigung von Waffen in schwer zug\u00e4nglichen Bereichen entwickelt wurden.","og_url":"https:\/\/eshop.tca.sk\/de\/waffenreinigung\/pinselset-daa\/","og_site_name":"TCA eShop - Tactical Combat Academy","og_image":[{"width":1000,"height":1000,"url":"https:\/\/eshop.tca.sk\/wp-content\/uploads\/2025\/10\/Kefky.jpg","type":"image\/jpeg"}],"twitter_card":"summary_large_image","schema":{"@context":"https:\/\/schema.org","@graph":[{"@type":"WebPage","@id":"https:\/\/eshop.tca.sk\/de\/waffenreinigung\/pinselset-daa\/","url":"https:\/\/eshop.tca.sk\/de\/waffenreinigung\/pinselset-daa\/","name":"DAA Pinselset - TCA eShop - Tactical Combat Academy","isPartOf":{"@id":"https:\/\/eshop.tca.sk\/de\/#website"},"primaryImageOfPage":{"@id":"https:\/\/eshop.tca.sk\/de\/waffenreinigung\/pinselset-daa\/#primaryimage"},"image":{"@id":"https:\/\/eshop.tca.sk\/de\/waffenreinigung\/pinselset-daa\/#primaryimage"},"thumbnailUrl":"https:\/\/eshop.tca.sk\/wp-content\/uploads\/2025\/10\/Kefky.jpg","datePublished":"2025-10-14T09:25:14+00:00","description":"Das DAA-B\u00fcrstenset ist ein \u00e4u\u00dferst praktisches Set aus doppelseitigen Reinigungsb\u00fcrsten, die f\u00fcr die gr\u00fcndliche Reinigung von Waffen in schwer zug\u00e4nglichen Bereichen entwickelt wurden.","breadcrumb":{"@id":"https:\/\/eshop.tca.sk\/de\/waffenreinigung\/pinselset-daa\/#breadcrumb"},"inLanguage":"de","potentialAction":[{"@type":"ReadAction","target":["https:\/\/eshop.tca.sk\/de\/waffenreinigung\/pinselset-daa\/"]}]},{"@type":"ImageObject","inLanguage":"de","@id":"https:\/\/eshop.tca.sk\/de\/waffenreinigung\/pinselset-daa\/#primaryimage","url":"https:\/\/eshop.tca.sk\/wp-content\/uploads\/2025\/10\/Kefky.jpg","contentUrl":"https:\/\/eshop.tca.sk\/wp-content\/uploads\/2025\/10\/Kefky.jpg","width":1000,"height":1000,"caption":"Sada Kefiek DAA"},{"@type":"BreadcrumbList","@id":"https:\/\/eshop.tca.sk\/de\/waffenreinigung\/pinselset-daa\/#breadcrumb","itemListElement":[{"@type":"ListItem","position":1,"name":"Domovsk\u00e1 str\u00e1nka","item":"https:\/\/eshop.tca.sk\/de\/"},{"@type":"ListItem","position":2,"name":"Shop","item":"https:\/\/eshop.tca.sk\/de\/shop\/"},{"@type":"ListItem","position":3,"name":"DAA Pinselset"}]},{"@type":"WebSite","@id":"https:\/\/eshop.tca.sk\/de\/#website","url":"https:\/\/eshop.tca.sk\/de\/","name":"TCA eShop - Tactical Combat Academy","description":"Tactical Combat Academy","publisher":{"@id":"https:\/\/eshop.tca.sk\/de\/#organization"},"potentialAction":[{"@type":"SearchAction","target":{"@type":"EntryPoint","urlTemplate":"https:\/\/eshop.tca.sk\/de\/?s={search_term_string}"},"query-input":{"@type":"PropertyValueSpecification","valueRequired":true,"valueName":"search_term_string"}}],"inLanguage":"de"},{"@type":"Organization","@id":"https:\/\/eshop.tca.sk\/de\/#organization","name":"TCA eShop - Tactical Combat Academy","url":"https:\/\/eshop.tca.sk\/de\/","logo":{"@type":"ImageObject","inLanguage":"de","@id":"https:\/\/eshop.tca.sk\/de\/#\/schema\/logo\/image\/","url":"https:\/\/eshop.tca.sk\/wp-content\/uploads\/2025\/06\/logo-new-header.png","contentUrl":"https:\/\/eshop.tca.sk\/wp-content\/uploads\/2025\/06\/logo-new-header.png","width":300,"height":294,"caption":"TCA eShop - Tactical Combat Academy"},"image":{"@id":"https:\/\/eshop.tca.sk\/de\/#\/schema\/logo\/image\/"}}]}},"_links":{"self":[{"href":"https:\/\/eshop.tca.sk\/de\/wp-json\/wp\/v2\/product\/15699","targetHints":{"allow":["GET"]}}],"collection":[{"href":"https:\/\/eshop.tca.sk\/de\/wp-json\/wp\/v2\/product"}],"about":[{"href":"https:\/\/eshop.tca.sk\/de\/wp-json\/wp\/v2\/types\/product"}],"wp:featuredmedia":[{"embeddable":true,"href":"https:\/\/eshop.tca.sk\/de\/wp-json\/wp\/v2\/media\/15443"}],"wp:attachment":[{"href":"https:\/\/eshop.tca.sk\/de\/wp-json\/wp\/v2\/media?parent=15699"}],"wp:term":[{"taxonomy":"product_brand","embeddable":true,"href":"https:\/\/eshop.tca.sk\/de\/wp-json\/wp\/v2\/product_brand?post=15699"},{"taxonomy":"product_cat","embeddable":true,"href":"https:\/\/eshop.tca.sk\/de\/wp-json\/wp\/v2\/product_cat?post=15699"},{"taxonomy":"product_tag","embeddable":true,"href":"https:\/\/eshop.tca.sk\/de\/wp-json\/wp\/v2\/product_tag?post=15699"},{"taxonomy":"giftcard-category","embeddable":true,"href":"https:\/\/eshop.tca.sk\/de\/wp-json\/wp\/v2\/giftcard-category?post=15699"}],"curies":[{"name":"wp","href":"https:\/\/api.w.org\/{rel}","templated":true}]}}