{"id":15868,"date":"2025-11-04T14:46:03","date_gmt":"2025-11-04T13:46:03","guid":{"rendered":"https:\/\/eshop.tca.sk\/unkategorisiert\/abdeckung-one-hundred-concepts-hexcap-eotech-exps\/"},"modified":"2025-11-26T16:37:12","modified_gmt":"2025-11-26T15:37:12","slug":"abdeckung-one-hundred-concepts-hexcap-eotech-exps","status":"publish","type":"product","link":"https:\/\/eshop.tca.sk\/de\/kappen\/abdeckung-one-hundred-concepts-hexcap-eotech-exps\/","title":{"rendered":"Abdeckung One Hundred Concepts HEXCAP EOTech EXPS"},"content":{"rendered":"<h3><strong>Abdeckung One Hundred Concepts HEXCAP EOTech EXPS<\/strong><\/h3>\n<p><strong>Die Abdeckung HEXCAP EOTech EXPS von One Hundred Concepts<\/strong> ist ein flaches, einrastbares Antireflexionsger\u00e4t (ARD) &#8211; d.h. ein einsetzbarer &#8220;Killflash&#8221; -, das direkt auf das Geh\u00e4use des Kollimators aufgeschnappt wird und sofort die Blendung des Ziels reduziert. Die Variante ist f\u00fcr <strong>EOTech EXPS<\/strong>, sie h\u00e4lt also ohne Schrauben und ohne zus\u00e4tzliche Hardware. Sie sch\u00fctzt vor unerw\u00fcnschtem &#8220;Durchscheinen&#8221; der Optik nach vorne, w\u00e4hrend die Nutzbarkeit des Kollimators im Feld erhalten bleibt.<\/p>\n<p><strong>Hauptmerkmale<\/strong><\/p>\n<ul>\n<li>Schnappmontage &#8211; l\u00e4sst sich in Sekundenschnelle anbringen, kein Werkzeug oder Ringe erforderlich.<\/li>\n<li>Antireflexions-\/Killflash-Effekt &#8211; die sechseckige &#8220;Waben&#8221;-Struktur bricht die Blendung und verbirgt Ihre Position vor dem vorderen Betrachter.<\/li>\n<li>Optimierte Geometrie &#8211; eliminiert die Reflexion bei Winkeln von ca. 33\u00b0 von der optischen Achse vollst\u00e4ndig und reduziert die Signatur auch bei direkter Sicht deutlich.<\/li>\n<li>Genau passend f\u00fcr EOTech EXPS.<\/li>\n<li>Strapazierf\u00e4higes Felddesign &#8211; niedriges Profil, keine scharfen Kanten, minimale Punkte zum Verfangen der Ausr\u00fcstung.<\/li>\n<li>Hergestellt in den USA.<\/li>\n<\/ul>\n<p><strong>Technische Informationen<\/strong><\/p>\n<ul>\n<li>Modell: HexCap<\/li>\n<li>Entwickelt f\u00fcr EOTech EXPS<\/li>\n<li>Montage: Schnappverschluss, werkzeuglos<\/li>\n<li>Funktion: Anti-Reflexion\/Killflash + Schmutzschutz<\/li>\n<li>Material: haltbares Polymer<\/li>\n<\/ul>\n","protected":false},"excerpt":{"rendered":"<p><img loading=\"lazy\" decoding=\"async\" class=\"alignnone wp-image-15715\" src=\"https:\/\/eshop.tca.sk\/wp-content\/uploads\/2025\/11\/OHC-logo.png\" alt=\"\" width=\"122\" height=\"97\" srcset=\"https:\/\/eshop.tca.sk\/wp-content\/uploads\/2025\/11\/OHC-logo.png 677w, https:\/\/eshop.tca.sk\/wp-content\/uploads\/2025\/11\/OHC-logo-300x238.png 300w, https:\/\/eshop.tca.sk\/wp-content\/uploads\/2025\/11\/OHC-logo-24x19.png 24w, https:\/\/eshop.tca.sk\/wp-content\/uploads\/2025\/11\/OHC-logo-36x29.png 36w, https:\/\/eshop.tca.sk\/wp-content\/uploads\/2025\/11\/OHC-logo-48x38.png 48w, https:\/\/eshop.tca.sk\/wp-content\/uploads\/2025\/11\/OHC-logo-600x476.png 600w\" sizes=\"auto, (max-width: 122px) 100vw, 122px\" \/><\/p>\n<p><strong>Die HEXCAP EOTech EXPS-Abdeckung von One Hundred Concepts<\/strong> ist ein aufklappbarer &#8220;Killflash&#8221;, der direkt auf das Geh\u00e4use des Kollimators gesteckt wird und die Blendung des Ziels reduziert.<\/p>\n<p><img decoding=\"async\" class=\"wp-image-8564 alignnone\" src=\"https:\/\/eshop.tca.sk\/wp-content\/uploads\/2023\/04\/Logo-Whack-Black-White-R-APPROVED.png\" alt=\"\" width=\"138\" srcset=\"https:\/\/eshop.tca.sk\/wp-content\/uploads\/2023\/04\/Logo-Whack-Black-White-R-APPROVED.png 571w, https:\/\/eshop.tca.sk\/wp-content\/uploads\/2023\/04\/Logo-Whack-Black-White-R-APPROVED-300x163.png 300w\" sizes=\"(max-width: 571px) 100vw, 571px\" \/><\/p>\n<p>Vom <strong>TCA<\/strong> und dem <strong>WHACK-System<\/strong> verwendete und empfohlene Equipment.<\/p>\n","protected":false},"featured_media":15729,"template":"","meta":{"inline_featured_image":false},"product_brand":[797],"product_cat":[443,320,318],"product_tag":[805],"giftcard-category":[],"class_list":{"0":"post-15868","1":"product","2":"type-product","3":"status-publish","4":"has-post-thumbnail","6":"product_brand-one-hundred-concepts","7":"product_cat-kappen","8":"product_cat-optik","9":"product_cat-waffenzubehoer","10":"product_tag-ohc","12":"first","13":"outofstock","14":"taxable","15":"shipping-taxable","16":"purchasable","17":"product-type-simple"},"yoast_head":"<!-- This site is optimized with the Yoast SEO plugin v26.4 - https:\/\/yoast.com\/wordpress\/plugins\/seo\/ -->\n<title>Abdeckung One Hundred Concepts HEXCAP EOTech EXPS - TCA eShop - Tactical Combat Academy<\/title>\n<meta name=\"description\" content=\"Die HEXCAP EOTech EXPS-Abdeckung von One Hundred Concepts ist ein aufklappbarer &quot;Killflash&quot;, der direkt auf das Geh\u00e4use des Kollimators gesteckt wird und die Blendung des Ziels reduziert.\" \/>\n<meta name=\"robots\" content=\"index, follow, max-snippet:-1, max-image-preview:large, max-video-preview:-1\" \/>\n<link rel=\"canonical\" href=\"https:\/\/eshop.tca.sk\/de\/kappen\/abdeckung-one-hundred-concepts-hexcap-eotech-exps\/\" \/>\n<meta property=\"og:locale\" content=\"de_DE\" \/>\n<meta property=\"og:type\" content=\"article\" \/>\n<meta property=\"og:title\" content=\"Abdeckung One Hundred Concepts HEXCAP EOTech EXPS - TCA eShop - Tactical Combat Academy\" \/>\n<meta property=\"og:description\" content=\"Die HEXCAP EOTech EXPS-Abdeckung von One Hundred Concepts ist ein aufklappbarer &quot;Killflash&quot;, der direkt auf das Geh\u00e4use des Kollimators gesteckt wird und die Blendung des Ziels reduziert.\" \/>\n<meta property=\"og:url\" content=\"https:\/\/eshop.tca.sk\/de\/kappen\/abdeckung-one-hundred-concepts-hexcap-eotech-exps\/\" \/>\n<meta property=\"og:site_name\" content=\"TCA eShop - Tactical Combat Academy\" \/>\n<meta property=\"article:modified_time\" content=\"2025-11-26T15:37:12+00:00\" \/>\n<meta property=\"og:image\" content=\"https:\/\/eshop.tca.sk\/wp-content\/uploads\/2025\/11\/OHC-Hex-Cap-Eotech.jpg\" \/>\n\t<meta property=\"og:image:width\" content=\"1000\" \/>\n\t<meta property=\"og:image:height\" content=\"1000\" \/>\n\t<meta property=\"og:image:type\" content=\"image\/jpeg\" \/>\n<meta name=\"twitter:card\" content=\"summary_large_image\" \/>\n<script type=\"application\/ld+json\" class=\"yoast-schema-graph\">{\"@context\":\"https:\/\/schema.org\",\"@graph\":[{\"@type\":\"WebPage\",\"@id\":\"https:\/\/eshop.tca.sk\/de\/kappen\/abdeckung-one-hundred-concepts-hexcap-eotech-exps\/\",\"url\":\"https:\/\/eshop.tca.sk\/de\/kappen\/abdeckung-one-hundred-concepts-hexcap-eotech-exps\/\",\"name\":\"Abdeckung One Hundred Concepts HEXCAP EOTech EXPS - TCA eShop - Tactical Combat Academy\",\"isPartOf\":{\"@id\":\"https:\/\/eshop.tca.sk\/de\/#website\"},\"primaryImageOfPage\":{\"@id\":\"https:\/\/eshop.tca.sk\/de\/kappen\/abdeckung-one-hundred-concepts-hexcap-eotech-exps\/#primaryimage\"},\"image\":{\"@id\":\"https:\/\/eshop.tca.sk\/de\/kappen\/abdeckung-one-hundred-concepts-hexcap-eotech-exps\/#primaryimage\"},\"thumbnailUrl\":\"https:\/\/eshop.tca.sk\/wp-content\/uploads\/2025\/11\/OHC-Hex-Cap-Eotech.jpg\",\"datePublished\":\"2025-11-04T13:46:03+00:00\",\"dateModified\":\"2025-11-26T15:37:12+00:00\",\"description\":\"Die HEXCAP EOTech EXPS-Abdeckung von One Hundred Concepts ist ein aufklappbarer \\\"Killflash\\\", der direkt auf das Geh\u00e4use des Kollimators gesteckt wird und die Blendung des Ziels reduziert.\",\"breadcrumb\":{\"@id\":\"https:\/\/eshop.tca.sk\/de\/kappen\/abdeckung-one-hundred-concepts-hexcap-eotech-exps\/#breadcrumb\"},\"inLanguage\":\"de\",\"potentialAction\":[{\"@type\":\"ReadAction\",\"target\":[\"https:\/\/eshop.tca.sk\/de\/kappen\/abdeckung-one-hundred-concepts-hexcap-eotech-exps\/\"]}]},{\"@type\":\"ImageObject\",\"inLanguage\":\"de\",\"@id\":\"https:\/\/eshop.tca.sk\/de\/kappen\/abdeckung-one-hundred-concepts-hexcap-eotech-exps\/#primaryimage\",\"url\":\"https:\/\/eshop.tca.sk\/wp-content\/uploads\/2025\/11\/OHC-Hex-Cap-Eotech.jpg\",\"contentUrl\":\"https:\/\/eshop.tca.sk\/wp-content\/uploads\/2025\/11\/OHC-Hex-Cap-Eotech.jpg\",\"width\":1000,\"height\":1000,\"caption\":\"Krytka One Hundred Concepts HEXCAP EOTech EXPS\"},{\"@type\":\"BreadcrumbList\",\"@id\":\"https:\/\/eshop.tca.sk\/de\/kappen\/abdeckung-one-hundred-concepts-hexcap-eotech-exps\/#breadcrumb\",\"itemListElement\":[{\"@type\":\"ListItem\",\"position\":1,\"name\":\"Domovsk\u00e1 str\u00e1nka\",\"item\":\"https:\/\/eshop.tca.sk\/de\/\"},{\"@type\":\"ListItem\",\"position\":2,\"name\":\"Shop\",\"item\":\"https:\/\/eshop.tca.sk\/de\/shop\/\"},{\"@type\":\"ListItem\",\"position\":3,\"name\":\"Abdeckung One Hundred Concepts HEXCAP EOTech EXPS\"}]},{\"@type\":\"WebSite\",\"@id\":\"https:\/\/eshop.tca.sk\/de\/#website\",\"url\":\"https:\/\/eshop.tca.sk\/de\/\",\"name\":\"TCA eShop - Tactical Combat Academy\",\"description\":\"Tactical Combat Academy\",\"publisher\":{\"@id\":\"https:\/\/eshop.tca.sk\/de\/#organization\"},\"potentialAction\":[{\"@type\":\"SearchAction\",\"target\":{\"@type\":\"EntryPoint\",\"urlTemplate\":\"https:\/\/eshop.tca.sk\/de\/?s={search_term_string}\"},\"query-input\":{\"@type\":\"PropertyValueSpecification\",\"valueRequired\":true,\"valueName\":\"search_term_string\"}}],\"inLanguage\":\"de\"},{\"@type\":\"Organization\",\"@id\":\"https:\/\/eshop.tca.sk\/de\/#organization\",\"name\":\"TCA eShop - Tactical Combat Academy\",\"url\":\"https:\/\/eshop.tca.sk\/de\/\",\"logo\":{\"@type\":\"ImageObject\",\"inLanguage\":\"de\",\"@id\":\"https:\/\/eshop.tca.sk\/de\/#\/schema\/logo\/image\/\",\"url\":\"https:\/\/eshop.tca.sk\/wp-content\/uploads\/2025\/06\/logo-new-header.png\",\"contentUrl\":\"https:\/\/eshop.tca.sk\/wp-content\/uploads\/2025\/06\/logo-new-header.png\",\"width\":300,\"height\":294,\"caption\":\"TCA eShop - Tactical Combat Academy\"},\"image\":{\"@id\":\"https:\/\/eshop.tca.sk\/de\/#\/schema\/logo\/image\/\"}}]}<\/script>\n<!-- \/ Yoast SEO plugin. -->","yoast_head_json":{"title":"Abdeckung One Hundred Concepts HEXCAP EOTech EXPS - TCA eShop - Tactical Combat Academy","description":"Die HEXCAP EOTech EXPS-Abdeckung von One Hundred Concepts ist ein aufklappbarer \"Killflash\", der direkt auf das Geh\u00e4use des Kollimators gesteckt wird und die Blendung des Ziels reduziert.","robots":{"index":"index","follow":"follow","max-snippet":"max-snippet:-1","max-image-preview":"max-image-preview:large","max-video-preview":"max-video-preview:-1"},"canonical":"https:\/\/eshop.tca.sk\/de\/kappen\/abdeckung-one-hundred-concepts-hexcap-eotech-exps\/","og_locale":"de_DE","og_type":"article","og_title":"Abdeckung One Hundred Concepts HEXCAP EOTech EXPS - TCA eShop - Tactical Combat Academy","og_description":"Die HEXCAP EOTech EXPS-Abdeckung von One Hundred Concepts ist ein aufklappbarer \"Killflash\", der direkt auf das Geh\u00e4use des Kollimators gesteckt wird und die Blendung des Ziels reduziert.","og_url":"https:\/\/eshop.tca.sk\/de\/kappen\/abdeckung-one-hundred-concepts-hexcap-eotech-exps\/","og_site_name":"TCA eShop - Tactical Combat Academy","article_modified_time":"2025-11-26T15:37:12+00:00","og_image":[{"width":1000,"height":1000,"url":"https:\/\/eshop.tca.sk\/wp-content\/uploads\/2025\/11\/OHC-Hex-Cap-Eotech.jpg","type":"image\/jpeg"}],"twitter_card":"summary_large_image","schema":{"@context":"https:\/\/schema.org","@graph":[{"@type":"WebPage","@id":"https:\/\/eshop.tca.sk\/de\/kappen\/abdeckung-one-hundred-concepts-hexcap-eotech-exps\/","url":"https:\/\/eshop.tca.sk\/de\/kappen\/abdeckung-one-hundred-concepts-hexcap-eotech-exps\/","name":"Abdeckung One Hundred Concepts HEXCAP EOTech EXPS - TCA eShop - Tactical Combat Academy","isPartOf":{"@id":"https:\/\/eshop.tca.sk\/de\/#website"},"primaryImageOfPage":{"@id":"https:\/\/eshop.tca.sk\/de\/kappen\/abdeckung-one-hundred-concepts-hexcap-eotech-exps\/#primaryimage"},"image":{"@id":"https:\/\/eshop.tca.sk\/de\/kappen\/abdeckung-one-hundred-concepts-hexcap-eotech-exps\/#primaryimage"},"thumbnailUrl":"https:\/\/eshop.tca.sk\/wp-content\/uploads\/2025\/11\/OHC-Hex-Cap-Eotech.jpg","datePublished":"2025-11-04T13:46:03+00:00","dateModified":"2025-11-26T15:37:12+00:00","description":"Die HEXCAP EOTech EXPS-Abdeckung von One Hundred Concepts ist ein aufklappbarer \"Killflash\", der direkt auf das Geh\u00e4use des Kollimators gesteckt wird und die Blendung des Ziels reduziert.","breadcrumb":{"@id":"https:\/\/eshop.tca.sk\/de\/kappen\/abdeckung-one-hundred-concepts-hexcap-eotech-exps\/#breadcrumb"},"inLanguage":"de","potentialAction":[{"@type":"ReadAction","target":["https:\/\/eshop.tca.sk\/de\/kappen\/abdeckung-one-hundred-concepts-hexcap-eotech-exps\/"]}]},{"@type":"ImageObject","inLanguage":"de","@id":"https:\/\/eshop.tca.sk\/de\/kappen\/abdeckung-one-hundred-concepts-hexcap-eotech-exps\/#primaryimage","url":"https:\/\/eshop.tca.sk\/wp-content\/uploads\/2025\/11\/OHC-Hex-Cap-Eotech.jpg","contentUrl":"https:\/\/eshop.tca.sk\/wp-content\/uploads\/2025\/11\/OHC-Hex-Cap-Eotech.jpg","width":1000,"height":1000,"caption":"Krytka One Hundred Concepts HEXCAP EOTech EXPS"},{"@type":"BreadcrumbList","@id":"https:\/\/eshop.tca.sk\/de\/kappen\/abdeckung-one-hundred-concepts-hexcap-eotech-exps\/#breadcrumb","itemListElement":[{"@type":"ListItem","position":1,"name":"Domovsk\u00e1 str\u00e1nka","item":"https:\/\/eshop.tca.sk\/de\/"},{"@type":"ListItem","position":2,"name":"Shop","item":"https:\/\/eshop.tca.sk\/de\/shop\/"},{"@type":"ListItem","position":3,"name":"Abdeckung One Hundred Concepts HEXCAP EOTech EXPS"}]},{"@type":"WebSite","@id":"https:\/\/eshop.tca.sk\/de\/#website","url":"https:\/\/eshop.tca.sk\/de\/","name":"TCA eShop - Tactical Combat Academy","description":"Tactical Combat Academy","publisher":{"@id":"https:\/\/eshop.tca.sk\/de\/#organization"},"potentialAction":[{"@type":"SearchAction","target":{"@type":"EntryPoint","urlTemplate":"https:\/\/eshop.tca.sk\/de\/?s={search_term_string}"},"query-input":{"@type":"PropertyValueSpecification","valueRequired":true,"valueName":"search_term_string"}}],"inLanguage":"de"},{"@type":"Organization","@id":"https:\/\/eshop.tca.sk\/de\/#organization","name":"TCA eShop - Tactical Combat Academy","url":"https:\/\/eshop.tca.sk\/de\/","logo":{"@type":"ImageObject","inLanguage":"de","@id":"https:\/\/eshop.tca.sk\/de\/#\/schema\/logo\/image\/","url":"https:\/\/eshop.tca.sk\/wp-content\/uploads\/2025\/06\/logo-new-header.png","contentUrl":"https:\/\/eshop.tca.sk\/wp-content\/uploads\/2025\/06\/logo-new-header.png","width":300,"height":294,"caption":"TCA eShop - Tactical Combat Academy"},"image":{"@id":"https:\/\/eshop.tca.sk\/de\/#\/schema\/logo\/image\/"}}]}},"_links":{"self":[{"href":"https:\/\/eshop.tca.sk\/de\/wp-json\/wp\/v2\/product\/15868","targetHints":{"allow":["GET"]}}],"collection":[{"href":"https:\/\/eshop.tca.sk\/de\/wp-json\/wp\/v2\/product"}],"about":[{"href":"https:\/\/eshop.tca.sk\/de\/wp-json\/wp\/v2\/types\/product"}],"wp:featuredmedia":[{"embeddable":true,"href":"https:\/\/eshop.tca.sk\/de\/wp-json\/wp\/v2\/media\/15729"}],"wp:attachment":[{"href":"https:\/\/eshop.tca.sk\/de\/wp-json\/wp\/v2\/media?parent=15868"}],"wp:term":[{"taxonomy":"product_brand","embeddable":true,"href":"https:\/\/eshop.tca.sk\/de\/wp-json\/wp\/v2\/product_brand?post=15868"},{"taxonomy":"product_cat","embeddable":true,"href":"https:\/\/eshop.tca.sk\/de\/wp-json\/wp\/v2\/product_cat?post=15868"},{"taxonomy":"product_tag","embeddable":true,"href":"https:\/\/eshop.tca.sk\/de\/wp-json\/wp\/v2\/product_tag?post=15868"},{"taxonomy":"giftcard-category","embeddable":true,"href":"https:\/\/eshop.tca.sk\/de\/wp-json\/wp\/v2\/giftcard-category?post=15868"}],"curies":[{"name":"wp","href":"https:\/\/api.w.org\/{rel}","templated":true}]}}