{"id":15869,"date":"2025-11-06T13:38:26","date_gmt":"2025-11-06T12:38:26","guid":{"rendered":"https:\/\/eshop.tca.sk\/unkategorisiert\/abdeckung-one-hundred-concepts-ruggedized-lightcap\/"},"modified":"2026-01-09T10:15:05","modified_gmt":"2026-01-09T09:15:05","slug":"abdeckung-one-hundred-concepts-ruggedized-lightcap","status":"publish","type":"product","link":"https:\/\/eshop.tca.sk\/de\/kappen\/abdeckung-one-hundred-concepts-ruggedized-lightcap\/","title":{"rendered":"Abdeckung One Hundred Concepts RUGGEDIZED LIGHTCAP"},"content":{"rendered":"<h3><strong>Abdeckung One Hundred Concepts RUGGEDIZED LIGHTCAP<\/strong><\/h3>\n<p><strong>Die Abdeckung One Hundred Concepts RUGGEDIZED LIGHTCAP<\/strong> ist eine robuste Abdeckung f\u00fcr den Scheinwerfer, die drei Aufgaben auf einmal erf\u00fcllt:<\/p>\n<ol>\n<li>deckt den Reflektor ab und verhindert die Blendung nach vorne,<\/li>\n<li>verhindert, dass unerw\u00fcnschtes wei\u00dfes Licht aufleuchtet,<\/li>\n<li>sch\u00fctzt das Objektiv vor Schlamm, Staub und St\u00f6\u00dfen.<\/li>\n<\/ol>\n<p>Die aktuelle <strong>&#8220;ruggedized&#8221;<\/strong> Version besteht aus einem st\u00e4rkeren, leicht flexiblen Material, so dass sie im Einsatz leiser ist und ihre Form besser beh\u00e4lt. Es enth\u00e4lt auch einen <strong>ShockCollar\u2122<\/strong>, der die Kappe an ihrem Platz h\u00e4lt, auch wenn Sie das Gewehr viel bewegen oder es einen R\u00fccksto\u00df gibt.<\/p>\n<p>Dieses Produkt ist variabel &#8211; Sie w\u00e4hlen die Gr\u00f6\u00dfe je nach Lampenkopf:<\/p>\n<p><strong>Varianten<span class=\"Apple-converted-space\"> <\/span><\/strong><\/p>\n<ul>\n<li><strong>SMALL<\/strong> ist f\u00fcr kleinere\/Standardleuchten konzipiert, wie z.B. <a href=\"https:\/\/eshop.tca.sk\/svietidla\/zbranove-svietidlo-surefire-m340v-mini-scout-light-pro\/\"><strong>Surefire M340V<\/strong><\/a>, <a href=\"https:\/\/eshop.tca.sk\/svietidla\/surefire-scout-light-pro-infrared-black\/\"><strong>Surefire M640V<\/strong><\/a> a <a href=\"https:\/\/eshop.tca.sk\/svietidla\/zbranove-svietidlo-surefire-m640df-scout-light-pro-black\/\"><strong>Surefire M640DF<\/strong><\/a><\/li>\n<li><strong>TURBO<\/strong> wurde f\u00fcr Lampen mit einem gr\u00f6\u00dferen Kopf (typische High-Candela-Leuchten) entwickelt, wie z.B. <a href=\"https:\/\/eshop.tca.sk\/svietidla\/surefire-m340dft-turbo-mini-scout-light-pro\/\"><strong>Surefire M340DFT<\/strong><\/a><\/li>\n<\/ul>\n<p><strong>Hauptmerkmale<\/strong><\/p>\n<ul>\n<li>Blendschutz &#8211; die Kappe deckt den Reflektor ab, damit Sie nicht nach vorne blitzen, wenn Sie es nicht wollen.<\/li>\n<li>Wei\u00dflicht-ND-Schutz &#8211; sch\u00fctzt vor versehentlichem Einschalten, was bei NVG wichtig ist.<\/li>\n<li>ShockCollar\u2122 im Paket &#8211; fester Halt am leichten K\u00f6rper.<\/li>\n<li>Leiser Lauf &#8211; st\u00f6\u00dft nicht an, quietscht nicht, geeignet f\u00fcr taktische Bewegungen.<\/li>\n<li>Schnelle Montage &#8211; kein Werkzeug erforderlich, kann vor Ort durchgef\u00fchrt werden.<\/li>\n<li>Hergestellt in den USA.<\/li>\n<\/ul>\n<p><strong>Parameter:<\/strong><\/p>\n<ul>\n<li>Produkt: One Hundred Concepts Ruggedized LightCap<\/li>\n<li>Varianten:Klein \/ Turbo<\/li>\n<li>Material: strapazierf\u00e4higes Polymer \/ TPU (widerstandsf\u00e4hige Version)<\/li>\n<li>Befestigung: Slip-on + ShockCollar\u2122<\/li>\n<li>Zweck: Waffenbeleuchtung (je nach Durchmesser des Kopfes &#8211; w\u00e4hlen Sie die richtige Variante)<\/li>\n<\/ul>\n","protected":false},"excerpt":{"rendered":"<p><img loading=\"lazy\" decoding=\"async\" class=\"alignnone wp-image-15715\" src=\"https:\/\/eshop.tca.sk\/wp-content\/uploads\/2025\/11\/OHC-logo.png\" alt=\"\" width=\"122\" height=\"97\" srcset=\"https:\/\/eshop.tca.sk\/wp-content\/uploads\/2025\/11\/OHC-logo.png 677w, https:\/\/eshop.tca.sk\/wp-content\/uploads\/2025\/11\/OHC-logo-300x238.png 300w, https:\/\/eshop.tca.sk\/wp-content\/uploads\/2025\/11\/OHC-logo-24x19.png 24w, https:\/\/eshop.tca.sk\/wp-content\/uploads\/2025\/11\/OHC-logo-36x29.png 36w, https:\/\/eshop.tca.sk\/wp-content\/uploads\/2025\/11\/OHC-logo-48x38.png 48w, https:\/\/eshop.tca.sk\/wp-content\/uploads\/2025\/11\/OHC-logo-600x476.png 600w\" sizes=\"auto, (max-width: 122px) 100vw, 122px\" \/><\/p>\n<p><strong>Die One Hundred Concepts RUGGEDIZED LIGHTCAP<\/strong> ist eine robuste Abdeckung f\u00fcr Waffenlampen, die den Reflektor abdeckt, eine versehentliche Aktivierung verhindert und das Objektiv sch\u00fctzt.<\/p>\n<p><img decoding=\"async\" class=\"wp-image-8564 alignnone\" src=\"https:\/\/eshop.tca.sk\/wp-content\/uploads\/2023\/04\/Logo-Whack-Black-White-R-APPROVED.png\" alt=\"\" width=\"138\" srcset=\"https:\/\/eshop.tca.sk\/wp-content\/uploads\/2023\/04\/Logo-Whack-Black-White-R-APPROVED.png 571w, https:\/\/eshop.tca.sk\/wp-content\/uploads\/2023\/04\/Logo-Whack-Black-White-R-APPROVED-300x163.png 300w\" sizes=\"(max-width: 571px) 100vw, 571px\" \/><\/p>\n<p>Vom <strong>TCA<\/strong> und dem <strong>WHACK-System<\/strong> verwendete und empfohlene Equipment.<\/p>\n","protected":false},"featured_media":15732,"template":"","meta":{"inline_featured_image":false},"product_brand":[797],"product_cat":[443,293,318],"product_tag":[805],"giftcard-category":[],"class_list":{"0":"post-15869","1":"product","2":"type-product","3":"status-publish","4":"has-post-thumbnail","6":"product_brand-one-hundred-concepts","7":"product_cat-kappen","8":"product_cat-lampen","9":"product_cat-waffenzubehoer","10":"product_tag-ohc","12":"first","13":"instock","14":"taxable","15":"shipping-taxable","16":"purchasable","17":"product-type-variable"},"yoast_head":"<!-- This site is optimized with the Yoast SEO plugin v26.4 - https:\/\/yoast.com\/wordpress\/plugins\/seo\/ -->\n<title>Abdeckung One Hundred Concepts RUGGEDIZED LIGHTCAP - TCA eShop - Tactical Combat Academy<\/title>\n<meta name=\"description\" content=\"Das One Hundred Concepts RUGGEDIZED LIGHTCAP ist eine robuste Abdeckung f\u00fcr Waffenlampen, die den Reflektor abdeckt, eine versehentliche Aktivierung verhindert und das Objektiv sch\u00fctzt.\" \/>\n<meta name=\"robots\" content=\"index, follow, max-snippet:-1, max-image-preview:large, max-video-preview:-1\" \/>\n<link rel=\"canonical\" href=\"https:\/\/eshop.tca.sk\/de\/kappen\/abdeckung-one-hundred-concepts-ruggedized-lightcap\/\" \/>\n<meta property=\"og:locale\" content=\"de_DE\" \/>\n<meta property=\"og:type\" content=\"article\" \/>\n<meta property=\"og:title\" content=\"Abdeckung One Hundred Concepts RUGGEDIZED LIGHTCAP - TCA eShop - Tactical Combat Academy\" \/>\n<meta property=\"og:description\" content=\"Das One Hundred Concepts RUGGEDIZED LIGHTCAP ist eine robuste Abdeckung f\u00fcr Waffenlampen, die den Reflektor abdeckt, eine versehentliche Aktivierung verhindert und das Objektiv sch\u00fctzt.\" \/>\n<meta property=\"og:url\" content=\"https:\/\/eshop.tca.sk\/de\/kappen\/abdeckung-one-hundred-concepts-ruggedized-lightcap\/\" \/>\n<meta property=\"og:site_name\" content=\"TCA eShop - Tactical Combat Academy\" \/>\n<meta property=\"article:modified_time\" content=\"2026-01-09T09:15:05+00:00\" \/>\n<meta property=\"og:image\" content=\"https:\/\/eshop.tca.sk\/wp-content\/uploads\/2025\/11\/OHC-Lightcap-1.jpg\" \/>\n\t<meta property=\"og:image:width\" content=\"1000\" \/>\n\t<meta property=\"og:image:height\" content=\"1000\" \/>\n\t<meta property=\"og:image:type\" content=\"image\/jpeg\" \/>\n<meta name=\"twitter:card\" content=\"summary_large_image\" \/>\n<script type=\"application\/ld+json\" class=\"yoast-schema-graph\">{\"@context\":\"https:\/\/schema.org\",\"@graph\":[{\"@type\":\"WebPage\",\"@id\":\"https:\/\/eshop.tca.sk\/de\/kappen\/abdeckung-one-hundred-concepts-ruggedized-lightcap\/\",\"url\":\"https:\/\/eshop.tca.sk\/de\/kappen\/abdeckung-one-hundred-concepts-ruggedized-lightcap\/\",\"name\":\"Abdeckung One Hundred Concepts RUGGEDIZED LIGHTCAP - TCA eShop - Tactical Combat Academy\",\"isPartOf\":{\"@id\":\"https:\/\/eshop.tca.sk\/de\/#website\"},\"primaryImageOfPage\":{\"@id\":\"https:\/\/eshop.tca.sk\/de\/kappen\/abdeckung-one-hundred-concepts-ruggedized-lightcap\/#primaryimage\"},\"image\":{\"@id\":\"https:\/\/eshop.tca.sk\/de\/kappen\/abdeckung-one-hundred-concepts-ruggedized-lightcap\/#primaryimage\"},\"thumbnailUrl\":\"https:\/\/eshop.tca.sk\/wp-content\/uploads\/2025\/11\/OHC-Lightcap-1.jpg\",\"datePublished\":\"2025-11-06T12:38:26+00:00\",\"dateModified\":\"2026-01-09T09:15:05+00:00\",\"description\":\"Das One Hundred Concepts RUGGEDIZED LIGHTCAP ist eine robuste Abdeckung f\u00fcr Waffenlampen, die den Reflektor abdeckt, eine versehentliche Aktivierung verhindert und das Objektiv sch\u00fctzt.\",\"breadcrumb\":{\"@id\":\"https:\/\/eshop.tca.sk\/de\/kappen\/abdeckung-one-hundred-concepts-ruggedized-lightcap\/#breadcrumb\"},\"inLanguage\":\"de\",\"potentialAction\":[{\"@type\":\"ReadAction\",\"target\":[\"https:\/\/eshop.tca.sk\/de\/kappen\/abdeckung-one-hundred-concepts-ruggedized-lightcap\/\"]}]},{\"@type\":\"ImageObject\",\"inLanguage\":\"de\",\"@id\":\"https:\/\/eshop.tca.sk\/de\/kappen\/abdeckung-one-hundred-concepts-ruggedized-lightcap\/#primaryimage\",\"url\":\"https:\/\/eshop.tca.sk\/wp-content\/uploads\/2025\/11\/OHC-Lightcap-1.jpg\",\"contentUrl\":\"https:\/\/eshop.tca.sk\/wp-content\/uploads\/2025\/11\/OHC-Lightcap-1.jpg\",\"width\":1000,\"height\":1000,\"caption\":\"Krytka One Hundred Concepts RUGGEDIZED LIGHTCAP\"},{\"@type\":\"BreadcrumbList\",\"@id\":\"https:\/\/eshop.tca.sk\/de\/kappen\/abdeckung-one-hundred-concepts-ruggedized-lightcap\/#breadcrumb\",\"itemListElement\":[{\"@type\":\"ListItem\",\"position\":1,\"name\":\"Domovsk\u00e1 str\u00e1nka\",\"item\":\"https:\/\/eshop.tca.sk\/de\/\"},{\"@type\":\"ListItem\",\"position\":2,\"name\":\"Shop\",\"item\":\"https:\/\/eshop.tca.sk\/de\/shop\/\"},{\"@type\":\"ListItem\",\"position\":3,\"name\":\"Abdeckung One Hundred Concepts RUGGEDIZED LIGHTCAP\"}]},{\"@type\":\"WebSite\",\"@id\":\"https:\/\/eshop.tca.sk\/de\/#website\",\"url\":\"https:\/\/eshop.tca.sk\/de\/\",\"name\":\"TCA eShop - Tactical Combat Academy\",\"description\":\"Tactical Combat Academy\",\"publisher\":{\"@id\":\"https:\/\/eshop.tca.sk\/de\/#organization\"},\"potentialAction\":[{\"@type\":\"SearchAction\",\"target\":{\"@type\":\"EntryPoint\",\"urlTemplate\":\"https:\/\/eshop.tca.sk\/de\/?s={search_term_string}\"},\"query-input\":{\"@type\":\"PropertyValueSpecification\",\"valueRequired\":true,\"valueName\":\"search_term_string\"}}],\"inLanguage\":\"de\"},{\"@type\":\"Organization\",\"@id\":\"https:\/\/eshop.tca.sk\/de\/#organization\",\"name\":\"TCA eShop - Tactical Combat Academy\",\"url\":\"https:\/\/eshop.tca.sk\/de\/\",\"logo\":{\"@type\":\"ImageObject\",\"inLanguage\":\"de\",\"@id\":\"https:\/\/eshop.tca.sk\/de\/#\/schema\/logo\/image\/\",\"url\":\"https:\/\/eshop.tca.sk\/wp-content\/uploads\/2025\/06\/logo-new-header.png\",\"contentUrl\":\"https:\/\/eshop.tca.sk\/wp-content\/uploads\/2025\/06\/logo-new-header.png\",\"width\":300,\"height\":294,\"caption\":\"TCA eShop - Tactical Combat Academy\"},\"image\":{\"@id\":\"https:\/\/eshop.tca.sk\/de\/#\/schema\/logo\/image\/\"}}]}<\/script>\n<!-- \/ Yoast SEO plugin. -->","yoast_head_json":{"title":"Abdeckung One Hundred Concepts RUGGEDIZED LIGHTCAP - TCA eShop - Tactical Combat Academy","description":"Das One Hundred Concepts RUGGEDIZED LIGHTCAP ist eine robuste Abdeckung f\u00fcr Waffenlampen, die den Reflektor abdeckt, eine versehentliche Aktivierung verhindert und das Objektiv sch\u00fctzt.","robots":{"index":"index","follow":"follow","max-snippet":"max-snippet:-1","max-image-preview":"max-image-preview:large","max-video-preview":"max-video-preview:-1"},"canonical":"https:\/\/eshop.tca.sk\/de\/kappen\/abdeckung-one-hundred-concepts-ruggedized-lightcap\/","og_locale":"de_DE","og_type":"article","og_title":"Abdeckung One Hundred Concepts RUGGEDIZED LIGHTCAP - TCA eShop - Tactical Combat Academy","og_description":"Das One Hundred Concepts RUGGEDIZED LIGHTCAP ist eine robuste Abdeckung f\u00fcr Waffenlampen, die den Reflektor abdeckt, eine versehentliche Aktivierung verhindert und das Objektiv sch\u00fctzt.","og_url":"https:\/\/eshop.tca.sk\/de\/kappen\/abdeckung-one-hundred-concepts-ruggedized-lightcap\/","og_site_name":"TCA eShop - Tactical Combat Academy","article_modified_time":"2026-01-09T09:15:05+00:00","og_image":[{"width":1000,"height":1000,"url":"https:\/\/eshop.tca.sk\/wp-content\/uploads\/2025\/11\/OHC-Lightcap-1.jpg","type":"image\/jpeg"}],"twitter_card":"summary_large_image","schema":{"@context":"https:\/\/schema.org","@graph":[{"@type":"WebPage","@id":"https:\/\/eshop.tca.sk\/de\/kappen\/abdeckung-one-hundred-concepts-ruggedized-lightcap\/","url":"https:\/\/eshop.tca.sk\/de\/kappen\/abdeckung-one-hundred-concepts-ruggedized-lightcap\/","name":"Abdeckung One Hundred Concepts RUGGEDIZED LIGHTCAP - TCA eShop - Tactical Combat Academy","isPartOf":{"@id":"https:\/\/eshop.tca.sk\/de\/#website"},"primaryImageOfPage":{"@id":"https:\/\/eshop.tca.sk\/de\/kappen\/abdeckung-one-hundred-concepts-ruggedized-lightcap\/#primaryimage"},"image":{"@id":"https:\/\/eshop.tca.sk\/de\/kappen\/abdeckung-one-hundred-concepts-ruggedized-lightcap\/#primaryimage"},"thumbnailUrl":"https:\/\/eshop.tca.sk\/wp-content\/uploads\/2025\/11\/OHC-Lightcap-1.jpg","datePublished":"2025-11-06T12:38:26+00:00","dateModified":"2026-01-09T09:15:05+00:00","description":"Das One Hundred Concepts RUGGEDIZED LIGHTCAP ist eine robuste Abdeckung f\u00fcr Waffenlampen, die den Reflektor abdeckt, eine versehentliche Aktivierung verhindert und das Objektiv sch\u00fctzt.","breadcrumb":{"@id":"https:\/\/eshop.tca.sk\/de\/kappen\/abdeckung-one-hundred-concepts-ruggedized-lightcap\/#breadcrumb"},"inLanguage":"de","potentialAction":[{"@type":"ReadAction","target":["https:\/\/eshop.tca.sk\/de\/kappen\/abdeckung-one-hundred-concepts-ruggedized-lightcap\/"]}]},{"@type":"ImageObject","inLanguage":"de","@id":"https:\/\/eshop.tca.sk\/de\/kappen\/abdeckung-one-hundred-concepts-ruggedized-lightcap\/#primaryimage","url":"https:\/\/eshop.tca.sk\/wp-content\/uploads\/2025\/11\/OHC-Lightcap-1.jpg","contentUrl":"https:\/\/eshop.tca.sk\/wp-content\/uploads\/2025\/11\/OHC-Lightcap-1.jpg","width":1000,"height":1000,"caption":"Krytka One Hundred Concepts RUGGEDIZED LIGHTCAP"},{"@type":"BreadcrumbList","@id":"https:\/\/eshop.tca.sk\/de\/kappen\/abdeckung-one-hundred-concepts-ruggedized-lightcap\/#breadcrumb","itemListElement":[{"@type":"ListItem","position":1,"name":"Domovsk\u00e1 str\u00e1nka","item":"https:\/\/eshop.tca.sk\/de\/"},{"@type":"ListItem","position":2,"name":"Shop","item":"https:\/\/eshop.tca.sk\/de\/shop\/"},{"@type":"ListItem","position":3,"name":"Abdeckung One Hundred Concepts RUGGEDIZED LIGHTCAP"}]},{"@type":"WebSite","@id":"https:\/\/eshop.tca.sk\/de\/#website","url":"https:\/\/eshop.tca.sk\/de\/","name":"TCA eShop - Tactical Combat Academy","description":"Tactical Combat Academy","publisher":{"@id":"https:\/\/eshop.tca.sk\/de\/#organization"},"potentialAction":[{"@type":"SearchAction","target":{"@type":"EntryPoint","urlTemplate":"https:\/\/eshop.tca.sk\/de\/?s={search_term_string}"},"query-input":{"@type":"PropertyValueSpecification","valueRequired":true,"valueName":"search_term_string"}}],"inLanguage":"de"},{"@type":"Organization","@id":"https:\/\/eshop.tca.sk\/de\/#organization","name":"TCA eShop - Tactical Combat Academy","url":"https:\/\/eshop.tca.sk\/de\/","logo":{"@type":"ImageObject","inLanguage":"de","@id":"https:\/\/eshop.tca.sk\/de\/#\/schema\/logo\/image\/","url":"https:\/\/eshop.tca.sk\/wp-content\/uploads\/2025\/06\/logo-new-header.png","contentUrl":"https:\/\/eshop.tca.sk\/wp-content\/uploads\/2025\/06\/logo-new-header.png","width":300,"height":294,"caption":"TCA eShop - Tactical Combat Academy"},"image":{"@id":"https:\/\/eshop.tca.sk\/de\/#\/schema\/logo\/image\/"}}]}},"_links":{"self":[{"href":"https:\/\/eshop.tca.sk\/de\/wp-json\/wp\/v2\/product\/15869","targetHints":{"allow":["GET"]}}],"collection":[{"href":"https:\/\/eshop.tca.sk\/de\/wp-json\/wp\/v2\/product"}],"about":[{"href":"https:\/\/eshop.tca.sk\/de\/wp-json\/wp\/v2\/types\/product"}],"wp:featuredmedia":[{"embeddable":true,"href":"https:\/\/eshop.tca.sk\/de\/wp-json\/wp\/v2\/media\/15732"}],"wp:attachment":[{"href":"https:\/\/eshop.tca.sk\/de\/wp-json\/wp\/v2\/media?parent=15869"}],"wp:term":[{"taxonomy":"product_brand","embeddable":true,"href":"https:\/\/eshop.tca.sk\/de\/wp-json\/wp\/v2\/product_brand?post=15869"},{"taxonomy":"product_cat","embeddable":true,"href":"https:\/\/eshop.tca.sk\/de\/wp-json\/wp\/v2\/product_cat?post=15869"},{"taxonomy":"product_tag","embeddable":true,"href":"https:\/\/eshop.tca.sk\/de\/wp-json\/wp\/v2\/product_tag?post=15869"},{"taxonomy":"giftcard-category","embeddable":true,"href":"https:\/\/eshop.tca.sk\/de\/wp-json\/wp\/v2\/giftcard-category?post=15869"}],"curies":[{"name":"wp","href":"https:\/\/api.w.org\/{rel}","templated":true}]}}