{"id":16096,"date":"2025-12-19T13:03:25","date_gmt":"2025-12-19T12:03:25","guid":{"rendered":"https:\/\/eshop.tca.sk\/?post_type=product&#038;p=16096"},"modified":"2025-12-19T13:05:40","modified_gmt":"2025-12-19T12:05:40","slug":"ochranne-okuliare-edge-revelstroke-black-polarized-ap-blue","status":"publish","type":"product","link":"https:\/\/eshop.tca.sk\/de\/taktische-brillen\/ochranne-okuliare-edge-revelstroke-black-polarized-ap-blue\/","title":{"rendered":"Schutzbrille Edge Revelstroke BLACK Polarized AP Blue"},"content":{"rendered":"<h3><strong>Schutzbrille Edge Revelstroke BLACK Polarized AP Blue<\/strong><\/h3>\n<p>Die Schutzbrille Edge Revelstroke BLACK Polarized AP Blue ist eine robuste Schutzbrille mit einer gro\u00dfen einteiligen Scheibe im \u201eGoggle-Like\u201c-Stil f\u00fcr maximale Abdeckung und peripheres Sehen. Die polarisierende Aqua Precision Blue Mirror-Scheibe reduziert effektiv Reflexionen (Asphalt, Wasser, Schnee) und erh\u00f6ht den Kontrast, w\u00e4hrend die rutschfesten TPR-B\u00fcgel und der verstellbare Nasensteg die Brille auch bei Schwei\u00dfbildung und Bewegung stabil halten. Polycarbonat-Scheibe und Nylonrahmen = geringes Gewicht, hohe Widerstandsf\u00e4higkeit.<\/p>\n<p><strong>Hauptmerkmale<\/strong><\/p>\n<ul>\n<li>Polarized Aqua Precision Blue Mirror \u2013 Reduzierung der Blendung und bessere Lesbarkeit von Details bei starkem Licht.<\/li>\n<li>Gro\u00df \u201egoggle-like\u201c Visier \u2013 breite Abdeckung und gute Luftzirkulation.<\/li>\n<li>TPR-Anti-Rutsch-Elemente + verstellbarer Tr\u00e4ger f\u00fcr sicheren und bequemen Sitz.<\/li>\n<li>Polycarbonat-Scheibe, Nylonrahmen \u2013 strapazierf\u00e4hige, leichte Konstruktion f\u00fcr den ganzt\u00e4gigen Gebrauch.<\/li>\n<\/ul>\n<p><strong>Normen und Zertifizierung<\/strong><\/p>\n<ul>\n<li>ANSI Z87.1+ (hohe Sto\u00dffestigkeit).<\/li>\n<\/ul>\n<p><strong>Technische Parameter<\/strong><\/p>\n<ul>\n<li>Rahmen\/Glas: Nylon\/Polycarbonat<\/li>\n<li>Rahmenma\u00dfe: H\u00f6he 60 mm \u2022 Breite der Sichtscheibe 158 mm \u2022 Abstand 7 mm \u2022 L\u00e4nge der B\u00fcgel 119 mm<\/li>\n<li>Farbe: Schwarz mit schwarzem TPR \/ polarisiertem Aqua Precision Blue Mirror<\/li>\n<\/ul>\n","protected":false},"excerpt":{"rendered":"<p><img loading=\"lazy\" decoding=\"async\" class=\"alignnone wp-image-16081\" src=\"https:\/\/eshop.tca.sk\/wp-content\/uploads\/2025\/12\/edge-logo.png-300x94.png\" alt=\"\" width=\"156\" height=\"49\" srcset=\"https:\/\/eshop.tca.sk\/wp-content\/uploads\/2025\/12\/edge-logo.png-300x94.png 300w, https:\/\/eshop.tca.sk\/wp-content\/uploads\/2025\/12\/edge-logo.png-768x240.png 768w, https:\/\/eshop.tca.sk\/wp-content\/uploads\/2025\/12\/edge-logo.png-24x8.png 24w, https:\/\/eshop.tca.sk\/wp-content\/uploads\/2025\/12\/edge-logo.png-36x11.png 36w, https:\/\/eshop.tca.sk\/wp-content\/uploads\/2025\/12\/edge-logo.png-48x15.png 48w, https:\/\/eshop.tca.sk\/wp-content\/uploads\/2025\/12\/edge-logo.png-600x188.png 600w, https:\/\/eshop.tca.sk\/wp-content\/uploads\/2025\/12\/edge-logo.png.png 835w\" sizes=\"auto, (max-width: 156px) 100vw, 156px\" \/><\/p>\n<p>Die Schutzbrille Edge Revelstroke BLACK Polarized AP Blue ist eine robuste Schutzbrille mit einer gro\u00dfen einteiligen Scheibe im \u201eGoggle-Like\u201c-Stil f\u00fcr maximale Abdeckung und peripheres Sehen.<\/p>\n<p><img loading=\"lazy\" decoding=\"async\" class=\"wp-image-8564 alignnone\" src=\"https:\/\/eshop.tca.sk\/wp-content\/uploads\/2023\/04\/Logo-Whack-Black-White-R-APPROVED.png\" alt=\"\" width=\"138\" height=\"75\" srcset=\"https:\/\/eshop.tca.sk\/wp-content\/uploads\/2023\/04\/Logo-Whack-Black-White-R-APPROVED.png 571w, https:\/\/eshop.tca.sk\/wp-content\/uploads\/2023\/04\/Logo-Whack-Black-White-R-APPROVED-300x163.png 300w\" sizes=\"auto, (max-width: 138px) 100vw, 138px\" \/><\/p>\n<p>Vom TCA und dem WHACK-System verwendete und empfohlene Equipment.<\/p>\n","protected":false},"featured_media":16084,"template":"","meta":{"inline_featured_image":false},"product_brand":[826],"product_cat":[831],"product_tag":[832],"giftcard-category":[],"class_list":{"0":"post-16096","1":"product","2":"type-product","3":"status-publish","4":"has-post-thumbnail","6":"product_brand-edge-eyewear","7":"product_cat-taktische-brillen","8":"product_tag-edge","10":"first","11":"instock","12":"taxable","13":"shipping-taxable","14":"purchasable","15":"product-type-simple"},"yoast_head":"<!-- This site is optimized with the Yoast SEO plugin v26.4 - https:\/\/yoast.com\/wordpress\/plugins\/seo\/ -->\n<title>Schutzbrille Edge Revelstroke BLACK Polarized AP Blue - TCA eShop - Tactical Combat Academy<\/title>\n<meta name=\"description\" content=\"Die Schutzbrille Edge Revelstroke BLACK Polarized AP Blue ist eine robuste Schutzbrille mit einem gro\u00dfen einteiligen Sichtfeld f\u00fcr maximale Abdeckung und Sicht.\" \/>\n<meta name=\"robots\" content=\"index, follow, max-snippet:-1, max-image-preview:large, max-video-preview:-1\" \/>\n<link rel=\"canonical\" href=\"https:\/\/eshop.tca.sk\/de\/taktische-brillen\/ochranne-okuliare-edge-revelstroke-black-polarized-ap-blue\/\" \/>\n<meta property=\"og:locale\" content=\"de_DE\" \/>\n<meta property=\"og:type\" content=\"article\" \/>\n<meta property=\"og:title\" content=\"Schutzbrille Edge Revelstroke BLACK Polarized AP Blue - TCA eShop - Tactical Combat Academy\" \/>\n<meta property=\"og:description\" content=\"Die Schutzbrille Edge Revelstroke BLACK Polarized AP Blue ist eine robuste Schutzbrille mit einem gro\u00dfen einteiligen Sichtfeld f\u00fcr maximale Abdeckung und Sicht.\" \/>\n<meta property=\"og:url\" content=\"https:\/\/eshop.tca.sk\/de\/taktische-brillen\/ochranne-okuliare-edge-revelstroke-black-polarized-ap-blue\/\" \/>\n<meta property=\"og:site_name\" content=\"TCA eShop - Tactical Combat Academy\" \/>\n<meta property=\"article:modified_time\" content=\"2025-12-19T12:05:40+00:00\" \/>\n<meta property=\"og:image\" content=\"https:\/\/eshop.tca.sk\/wp-content\/uploads\/2025\/12\/Black-Frame-AP-blue-1.jpg\" \/>\n\t<meta property=\"og:image:width\" content=\"1000\" \/>\n\t<meta property=\"og:image:height\" content=\"1000\" \/>\n\t<meta property=\"og:image:type\" content=\"image\/jpeg\" \/>\n<meta name=\"twitter:card\" content=\"summary_large_image\" \/>\n<script type=\"application\/ld+json\" class=\"yoast-schema-graph\">{\"@context\":\"https:\/\/schema.org\",\"@graph\":[{\"@type\":\"WebPage\",\"@id\":\"https:\/\/eshop.tca.sk\/de\/taktische-brillen\/ochranne-okuliare-edge-revelstroke-black-polarized-ap-blue\/\",\"url\":\"https:\/\/eshop.tca.sk\/de\/taktische-brillen\/ochranne-okuliare-edge-revelstroke-black-polarized-ap-blue\/\",\"name\":\"Schutzbrille Edge Revelstroke BLACK Polarized AP Blue - TCA eShop - Tactical Combat Academy\",\"isPartOf\":{\"@id\":\"https:\/\/eshop.tca.sk\/de\/#website\"},\"primaryImageOfPage\":{\"@id\":\"https:\/\/eshop.tca.sk\/de\/taktische-brillen\/ochranne-okuliare-edge-revelstroke-black-polarized-ap-blue\/#primaryimage\"},\"image\":{\"@id\":\"https:\/\/eshop.tca.sk\/de\/taktische-brillen\/ochranne-okuliare-edge-revelstroke-black-polarized-ap-blue\/#primaryimage\"},\"thumbnailUrl\":\"https:\/\/eshop.tca.sk\/wp-content\/uploads\/2025\/12\/Black-Frame-AP-blue-1.jpg\",\"datePublished\":\"2025-12-19T12:03:25+00:00\",\"dateModified\":\"2025-12-19T12:05:40+00:00\",\"description\":\"Die Schutzbrille Edge Revelstroke BLACK Polarized AP Blue ist eine robuste Schutzbrille mit einem gro\u00dfen einteiligen Sichtfeld f\u00fcr maximale Abdeckung und Sicht.\",\"breadcrumb\":{\"@id\":\"https:\/\/eshop.tca.sk\/de\/taktische-brillen\/ochranne-okuliare-edge-revelstroke-black-polarized-ap-blue\/#breadcrumb\"},\"inLanguage\":\"de\",\"potentialAction\":[{\"@type\":\"ReadAction\",\"target\":[\"https:\/\/eshop.tca.sk\/de\/taktische-brillen\/ochranne-okuliare-edge-revelstroke-black-polarized-ap-blue\/\"]}]},{\"@type\":\"ImageObject\",\"inLanguage\":\"de\",\"@id\":\"https:\/\/eshop.tca.sk\/de\/taktische-brillen\/ochranne-okuliare-edge-revelstroke-black-polarized-ap-blue\/#primaryimage\",\"url\":\"https:\/\/eshop.tca.sk\/wp-content\/uploads\/2025\/12\/Black-Frame-AP-blue-1.jpg\",\"contentUrl\":\"https:\/\/eshop.tca.sk\/wp-content\/uploads\/2025\/12\/Black-Frame-AP-blue-1.jpg\",\"width\":1000,\"height\":1000,\"caption\":\"Ochrann\u00e9 Okuliare Edge Revelstroke BLACK Polarized AP Blue\"},{\"@type\":\"BreadcrumbList\",\"@id\":\"https:\/\/eshop.tca.sk\/de\/taktische-brillen\/ochranne-okuliare-edge-revelstroke-black-polarized-ap-blue\/#breadcrumb\",\"itemListElement\":[{\"@type\":\"ListItem\",\"position\":1,\"name\":\"Domovsk\u00e1 str\u00e1nka\",\"item\":\"https:\/\/eshop.tca.sk\/de\/\"},{\"@type\":\"ListItem\",\"position\":2,\"name\":\"Shop\",\"item\":\"https:\/\/eshop.tca.sk\/de\/shop\/\"},{\"@type\":\"ListItem\",\"position\":3,\"name\":\"Schutzbrille Edge Revelstroke BLACK Polarized AP Blue\"}]},{\"@type\":\"WebSite\",\"@id\":\"https:\/\/eshop.tca.sk\/de\/#website\",\"url\":\"https:\/\/eshop.tca.sk\/de\/\",\"name\":\"TCA eShop - Tactical Combat Academy\",\"description\":\"Tactical Combat Academy\",\"publisher\":{\"@id\":\"https:\/\/eshop.tca.sk\/de\/#organization\"},\"potentialAction\":[{\"@type\":\"SearchAction\",\"target\":{\"@type\":\"EntryPoint\",\"urlTemplate\":\"https:\/\/eshop.tca.sk\/de\/?s={search_term_string}\"},\"query-input\":{\"@type\":\"PropertyValueSpecification\",\"valueRequired\":true,\"valueName\":\"search_term_string\"}}],\"inLanguage\":\"de\"},{\"@type\":\"Organization\",\"@id\":\"https:\/\/eshop.tca.sk\/de\/#organization\",\"name\":\"TCA eShop - Tactical Combat Academy\",\"url\":\"https:\/\/eshop.tca.sk\/de\/\",\"logo\":{\"@type\":\"ImageObject\",\"inLanguage\":\"de\",\"@id\":\"https:\/\/eshop.tca.sk\/de\/#\/schema\/logo\/image\/\",\"url\":\"https:\/\/eshop.tca.sk\/wp-content\/uploads\/2025\/06\/logo-new-header.png\",\"contentUrl\":\"https:\/\/eshop.tca.sk\/wp-content\/uploads\/2025\/06\/logo-new-header.png\",\"width\":300,\"height\":294,\"caption\":\"TCA eShop - Tactical Combat Academy\"},\"image\":{\"@id\":\"https:\/\/eshop.tca.sk\/de\/#\/schema\/logo\/image\/\"}}]}<\/script>\n<!-- \/ Yoast SEO plugin. -->","yoast_head_json":{"title":"Schutzbrille Edge Revelstroke BLACK Polarized AP Blue - TCA eShop - Tactical Combat Academy","description":"Die Schutzbrille Edge Revelstroke BLACK Polarized AP Blue ist eine robuste Schutzbrille mit einem gro\u00dfen einteiligen Sichtfeld f\u00fcr maximale Abdeckung und Sicht.","robots":{"index":"index","follow":"follow","max-snippet":"max-snippet:-1","max-image-preview":"max-image-preview:large","max-video-preview":"max-video-preview:-1"},"canonical":"https:\/\/eshop.tca.sk\/de\/taktische-brillen\/ochranne-okuliare-edge-revelstroke-black-polarized-ap-blue\/","og_locale":"de_DE","og_type":"article","og_title":"Schutzbrille Edge Revelstroke BLACK Polarized AP Blue - TCA eShop - Tactical Combat Academy","og_description":"Die Schutzbrille Edge Revelstroke BLACK Polarized AP Blue ist eine robuste Schutzbrille mit einem gro\u00dfen einteiligen Sichtfeld f\u00fcr maximale Abdeckung und Sicht.","og_url":"https:\/\/eshop.tca.sk\/de\/taktische-brillen\/ochranne-okuliare-edge-revelstroke-black-polarized-ap-blue\/","og_site_name":"TCA eShop - Tactical Combat Academy","article_modified_time":"2025-12-19T12:05:40+00:00","og_image":[{"width":1000,"height":1000,"url":"https:\/\/eshop.tca.sk\/wp-content\/uploads\/2025\/12\/Black-Frame-AP-blue-1.jpg","type":"image\/jpeg"}],"twitter_card":"summary_large_image","schema":{"@context":"https:\/\/schema.org","@graph":[{"@type":"WebPage","@id":"https:\/\/eshop.tca.sk\/de\/taktische-brillen\/ochranne-okuliare-edge-revelstroke-black-polarized-ap-blue\/","url":"https:\/\/eshop.tca.sk\/de\/taktische-brillen\/ochranne-okuliare-edge-revelstroke-black-polarized-ap-blue\/","name":"Schutzbrille Edge Revelstroke BLACK Polarized AP Blue - TCA eShop - Tactical Combat Academy","isPartOf":{"@id":"https:\/\/eshop.tca.sk\/de\/#website"},"primaryImageOfPage":{"@id":"https:\/\/eshop.tca.sk\/de\/taktische-brillen\/ochranne-okuliare-edge-revelstroke-black-polarized-ap-blue\/#primaryimage"},"image":{"@id":"https:\/\/eshop.tca.sk\/de\/taktische-brillen\/ochranne-okuliare-edge-revelstroke-black-polarized-ap-blue\/#primaryimage"},"thumbnailUrl":"https:\/\/eshop.tca.sk\/wp-content\/uploads\/2025\/12\/Black-Frame-AP-blue-1.jpg","datePublished":"2025-12-19T12:03:25+00:00","dateModified":"2025-12-19T12:05:40+00:00","description":"Die Schutzbrille Edge Revelstroke BLACK Polarized AP Blue ist eine robuste Schutzbrille mit einem gro\u00dfen einteiligen Sichtfeld f\u00fcr maximale Abdeckung und Sicht.","breadcrumb":{"@id":"https:\/\/eshop.tca.sk\/de\/taktische-brillen\/ochranne-okuliare-edge-revelstroke-black-polarized-ap-blue\/#breadcrumb"},"inLanguage":"de","potentialAction":[{"@type":"ReadAction","target":["https:\/\/eshop.tca.sk\/de\/taktische-brillen\/ochranne-okuliare-edge-revelstroke-black-polarized-ap-blue\/"]}]},{"@type":"ImageObject","inLanguage":"de","@id":"https:\/\/eshop.tca.sk\/de\/taktische-brillen\/ochranne-okuliare-edge-revelstroke-black-polarized-ap-blue\/#primaryimage","url":"https:\/\/eshop.tca.sk\/wp-content\/uploads\/2025\/12\/Black-Frame-AP-blue-1.jpg","contentUrl":"https:\/\/eshop.tca.sk\/wp-content\/uploads\/2025\/12\/Black-Frame-AP-blue-1.jpg","width":1000,"height":1000,"caption":"Ochrann\u00e9 Okuliare Edge Revelstroke BLACK Polarized AP Blue"},{"@type":"BreadcrumbList","@id":"https:\/\/eshop.tca.sk\/de\/taktische-brillen\/ochranne-okuliare-edge-revelstroke-black-polarized-ap-blue\/#breadcrumb","itemListElement":[{"@type":"ListItem","position":1,"name":"Domovsk\u00e1 str\u00e1nka","item":"https:\/\/eshop.tca.sk\/de\/"},{"@type":"ListItem","position":2,"name":"Shop","item":"https:\/\/eshop.tca.sk\/de\/shop\/"},{"@type":"ListItem","position":3,"name":"Schutzbrille Edge Revelstroke BLACK Polarized AP Blue"}]},{"@type":"WebSite","@id":"https:\/\/eshop.tca.sk\/de\/#website","url":"https:\/\/eshop.tca.sk\/de\/","name":"TCA eShop - Tactical Combat Academy","description":"Tactical Combat Academy","publisher":{"@id":"https:\/\/eshop.tca.sk\/de\/#organization"},"potentialAction":[{"@type":"SearchAction","target":{"@type":"EntryPoint","urlTemplate":"https:\/\/eshop.tca.sk\/de\/?s={search_term_string}"},"query-input":{"@type":"PropertyValueSpecification","valueRequired":true,"valueName":"search_term_string"}}],"inLanguage":"de"},{"@type":"Organization","@id":"https:\/\/eshop.tca.sk\/de\/#organization","name":"TCA eShop - Tactical Combat Academy","url":"https:\/\/eshop.tca.sk\/de\/","logo":{"@type":"ImageObject","inLanguage":"de","@id":"https:\/\/eshop.tca.sk\/de\/#\/schema\/logo\/image\/","url":"https:\/\/eshop.tca.sk\/wp-content\/uploads\/2025\/06\/logo-new-header.png","contentUrl":"https:\/\/eshop.tca.sk\/wp-content\/uploads\/2025\/06\/logo-new-header.png","width":300,"height":294,"caption":"TCA eShop - Tactical Combat Academy"},"image":{"@id":"https:\/\/eshop.tca.sk\/de\/#\/schema\/logo\/image\/"}}]}},"_links":{"self":[{"href":"https:\/\/eshop.tca.sk\/de\/wp-json\/wp\/v2\/product\/16096","targetHints":{"allow":["GET"]}}],"collection":[{"href":"https:\/\/eshop.tca.sk\/de\/wp-json\/wp\/v2\/product"}],"about":[{"href":"https:\/\/eshop.tca.sk\/de\/wp-json\/wp\/v2\/types\/product"}],"wp:featuredmedia":[{"embeddable":true,"href":"https:\/\/eshop.tca.sk\/de\/wp-json\/wp\/v2\/media\/16084"}],"wp:attachment":[{"href":"https:\/\/eshop.tca.sk\/de\/wp-json\/wp\/v2\/media?parent=16096"}],"wp:term":[{"taxonomy":"product_brand","embeddable":true,"href":"https:\/\/eshop.tca.sk\/de\/wp-json\/wp\/v2\/product_brand?post=16096"},{"taxonomy":"product_cat","embeddable":true,"href":"https:\/\/eshop.tca.sk\/de\/wp-json\/wp\/v2\/product_cat?post=16096"},{"taxonomy":"product_tag","embeddable":true,"href":"https:\/\/eshop.tca.sk\/de\/wp-json\/wp\/v2\/product_tag?post=16096"},{"taxonomy":"giftcard-category","embeddable":true,"href":"https:\/\/eshop.tca.sk\/de\/wp-json\/wp\/v2\/giftcard-category?post=16096"}],"curies":[{"name":"wp","href":"https:\/\/api.w.org\/{rel}","templated":true}]}}