{"id":16185,"date":"2025-12-18T13:35:22","date_gmt":"2025-12-18T12:35:22","guid":{"rendered":"https:\/\/eshop.tca.sk\/?post_type=product&#038;p=16185"},"modified":"2025-12-19T12:55:14","modified_gmt":"2025-12-19T11:55:14","slug":"taktikbrille-edge-super-64-black-vapor-shield-clear","status":"publish","type":"product","link":"https:\/\/eshop.tca.sk\/de\/taktische-brillen\/taktikbrille-edge-super-64-black-vapor-shield-clear\/","title":{"rendered":"Taktische Brillen Edge Super 64 BLACK Vapor Shield Clear"},"content":{"rendered":"<h3><strong>Taktische Brillen Edge Super 64 BLACK Vapor Shield Clear<\/strong><\/h3>\n<p><strong>Die taktische Brille Edge Super 64 BLACK Vapor Shield Clear<\/strong> ist eine ballistische Schutzbrille mit klarem <strong>Vapor Shield<\/strong>-Glas und einer vollst\u00e4ndigen TPR-Dichtung am Rand, die das Eindringen von Staub und kleinen Partikeln verhindert. Die dauerhafte Anti-Beschlag-Technologie Vapor Shield ist direkt in die Scheibe integriert, sodass sie auch bei K\u00e4lte, Hitze und hoher Luftfeuchtigkeit nicht beschl\u00e4gt. Super 64 bietet milit\u00e4rischen ballistischen Schutz, austauschbare Riemen und blockiert 99,9 % der UVA-\/UVB-\/UVC-Strahlung.<\/p>\n<p><strong>Hauptmerkmale<\/strong><\/p>\n<ul>\n<li>Vapor Shield Clear \u2013 klares Visier mit dauerhafter Anti-Fog-Beschichtung (nicht nur Oberfl\u00e4chenbeschichtung).<\/li>\n<li>Vollst\u00e4ndige TPR-Dichtung \u2013 dichtet um die Augen herum ab und erh\u00f6ht den Komfort in staubiger oder windiger Umgebung.<\/li>\n<li>Austauschbare Gurte \u2013 sichere und bequeme Befestigung.<\/li>\n<li>UV-Schutz 99,9 % (UVA\/UVB\/UVC).<\/li>\n<\/ul>\n<p><strong>Normen und Zertifizierung<\/strong><\/p>\n<ul>\n<li>MIL-PRF-32432A (ballistischer Schutz)<\/li>\n<li>ANSI Z87.1+ (hochwirksam)<\/li>\n<li>EN166<\/li>\n<li>UKCA<\/li>\n<li>CSA Z94.3.<\/li>\n<\/ul>\n<p><strong>Technische Parameter<\/strong><\/p>\n<ul>\n<li>Rahmen\/Visier: TPR-Dichtungsrand + Rahmen\/Polycarbonat-Visier Vapor Shield Clear.<\/li>\n<li>Abmessungen: Breite 168 mm \u2022 H\u00f6he 62 mm \u2022 Tr\u00e4ger 24 mm.<\/li>\n<li>Farbgebung der Variante: Matte Black Rahmen \/ Vapor Shield Clear Sichtfeld.<\/li>\n<\/ul>\n","protected":false},"excerpt":{"rendered":"<p><img loading=\"lazy\" decoding=\"async\" class=\"alignnone wp-image-16081\" src=\"https:\/\/eshop.tca.sk\/wp-content\/uploads\/2025\/12\/edge-logo.png-300x94.png\" alt=\"\" width=\"156\" height=\"49\" srcset=\"https:\/\/eshop.tca.sk\/wp-content\/uploads\/2025\/12\/edge-logo.png-300x94.png 300w, https:\/\/eshop.tca.sk\/wp-content\/uploads\/2025\/12\/edge-logo.png-768x240.png 768w, https:\/\/eshop.tca.sk\/wp-content\/uploads\/2025\/12\/edge-logo.png-24x8.png 24w, https:\/\/eshop.tca.sk\/wp-content\/uploads\/2025\/12\/edge-logo.png-36x11.png 36w, https:\/\/eshop.tca.sk\/wp-content\/uploads\/2025\/12\/edge-logo.png-48x15.png 48w, https:\/\/eshop.tca.sk\/wp-content\/uploads\/2025\/12\/edge-logo.png-600x188.png 600w, https:\/\/eshop.tca.sk\/wp-content\/uploads\/2025\/12\/edge-logo.png.png 835w\" sizes=\"auto, (max-width: 156px) 100vw, 156px\" \/><\/p>\n<p><strong>Die taktische Brille Edge Super 64 BLACK Vapor Shield Clear<\/strong> ist eine ballistische Schutzbrille mit klarem <strong>Vapor Shield<\/strong>-Glas und vollst\u00e4ndiger TPR-Dichtung am Rand.<\/p>\n<p><img loading=\"lazy\" decoding=\"async\" class=\"wp-image-8564 alignnone\" src=\"https:\/\/eshop.tca.sk\/wp-content\/uploads\/2023\/04\/Logo-Whack-Black-White-R-APPROVED.png\" alt=\"\" width=\"138\" height=\"75\" srcset=\"https:\/\/eshop.tca.sk\/wp-content\/uploads\/2023\/04\/Logo-Whack-Black-White-R-APPROVED.png 571w, https:\/\/eshop.tca.sk\/wp-content\/uploads\/2023\/04\/Logo-Whack-Black-White-R-APPROVED-300x163.png 300w\" sizes=\"auto, (max-width: 138px) 100vw, 138px\" \/><\/p>\n<p>Vom TCA und dem WHACK-System verwendete und empfohlene Equipment.<\/p>\n","protected":false},"featured_media":16193,"template":"","meta":{"inline_featured_image":false},"product_brand":[826],"product_cat":[831],"product_tag":[832],"giftcard-category":[],"class_list":{"0":"post-16185","1":"product","2":"type-product","3":"status-publish","4":"has-post-thumbnail","6":"product_brand-edge-eyewear","7":"product_cat-taktische-brillen","8":"product_tag-edge","10":"first","11":"instock","12":"taxable","13":"shipping-taxable","14":"purchasable","15":"product-type-simple"},"yoast_head":"<!-- This site is optimized with the Yoast SEO plugin v26.4 - https:\/\/yoast.com\/wordpress\/plugins\/seo\/ -->\n<title>Taktische Brillen Edge Super 64 BLACK Vapor Shield Clear - TCA eShop - Tactical Combat Academy<\/title>\n<meta name=\"description\" content=\"Die taktische Brille Edge Super 64 BLACK Vapor Shield Clear ist eine ballistische Schutzbrille mit klarem Vapor Shield-Glas und vollst\u00e4ndiger TPR-Dichtung am Rand.\" \/>\n<meta name=\"robots\" content=\"index, follow, max-snippet:-1, max-image-preview:large, max-video-preview:-1\" \/>\n<link rel=\"canonical\" href=\"https:\/\/eshop.tca.sk\/de\/taktische-brillen\/taktikbrille-edge-super-64-black-vapor-shield-clear\/\" \/>\n<meta property=\"og:locale\" content=\"de_DE\" \/>\n<meta property=\"og:type\" content=\"article\" \/>\n<meta property=\"og:title\" content=\"Taktische Brillen Edge Super 64 BLACK Vapor Shield Clear - TCA eShop - Tactical Combat Academy\" \/>\n<meta property=\"og:description\" content=\"Die taktische Brille Edge Super 64 BLACK Vapor Shield Clear ist eine ballistische Schutzbrille mit klarem Vapor Shield-Glas und vollst\u00e4ndiger TPR-Dichtung am Rand.\" \/>\n<meta property=\"og:url\" content=\"https:\/\/eshop.tca.sk\/de\/taktische-brillen\/taktikbrille-edge-super-64-black-vapor-shield-clear\/\" \/>\n<meta property=\"og:site_name\" content=\"TCA eShop - Tactical Combat Academy\" \/>\n<meta property=\"article:modified_time\" content=\"2025-12-19T11:55:14+00:00\" \/>\n<meta property=\"og:image\" content=\"https:\/\/eshop.tca.sk\/wp-content\/uploads\/2025\/12\/Black-frame-clear-VS-1.jpg\" \/>\n\t<meta property=\"og:image:width\" content=\"1000\" \/>\n\t<meta property=\"og:image:height\" content=\"1000\" \/>\n\t<meta property=\"og:image:type\" content=\"image\/jpeg\" \/>\n<meta name=\"twitter:card\" content=\"summary_large_image\" \/>\n<script type=\"application\/ld+json\" class=\"yoast-schema-graph\">{\"@context\":\"https:\/\/schema.org\",\"@graph\":[{\"@type\":\"WebPage\",\"@id\":\"https:\/\/eshop.tca.sk\/de\/taktische-brillen\/taktikbrille-edge-super-64-black-vapor-shield-clear\/\",\"url\":\"https:\/\/eshop.tca.sk\/de\/taktische-brillen\/taktikbrille-edge-super-64-black-vapor-shield-clear\/\",\"name\":\"Taktische Brillen Edge Super 64 BLACK Vapor Shield Clear - TCA eShop - Tactical Combat Academy\",\"isPartOf\":{\"@id\":\"https:\/\/eshop.tca.sk\/de\/#website\"},\"primaryImageOfPage\":{\"@id\":\"https:\/\/eshop.tca.sk\/de\/taktische-brillen\/taktikbrille-edge-super-64-black-vapor-shield-clear\/#primaryimage\"},\"image\":{\"@id\":\"https:\/\/eshop.tca.sk\/de\/taktische-brillen\/taktikbrille-edge-super-64-black-vapor-shield-clear\/#primaryimage\"},\"thumbnailUrl\":\"https:\/\/eshop.tca.sk\/wp-content\/uploads\/2025\/12\/Black-frame-clear-VS-1.jpg\",\"datePublished\":\"2025-12-18T12:35:22+00:00\",\"dateModified\":\"2025-12-19T11:55:14+00:00\",\"description\":\"Die taktische Brille Edge Super 64 BLACK Vapor Shield Clear ist eine ballistische Schutzbrille mit klarem Vapor Shield-Glas und vollst\u00e4ndiger TPR-Dichtung am Rand.\",\"breadcrumb\":{\"@id\":\"https:\/\/eshop.tca.sk\/de\/taktische-brillen\/taktikbrille-edge-super-64-black-vapor-shield-clear\/#breadcrumb\"},\"inLanguage\":\"de\",\"potentialAction\":[{\"@type\":\"ReadAction\",\"target\":[\"https:\/\/eshop.tca.sk\/de\/taktische-brillen\/taktikbrille-edge-super-64-black-vapor-shield-clear\/\"]}]},{\"@type\":\"ImageObject\",\"inLanguage\":\"de\",\"@id\":\"https:\/\/eshop.tca.sk\/de\/taktische-brillen\/taktikbrille-edge-super-64-black-vapor-shield-clear\/#primaryimage\",\"url\":\"https:\/\/eshop.tca.sk\/wp-content\/uploads\/2025\/12\/Black-frame-clear-VS-1.jpg\",\"contentUrl\":\"https:\/\/eshop.tca.sk\/wp-content\/uploads\/2025\/12\/Black-frame-clear-VS-1.jpg\",\"width\":1000,\"height\":1000,\"caption\":\"Taktick\u00e9 Okuliare Edge Super 64 BLACK Vapor Shield Clear\"},{\"@type\":\"BreadcrumbList\",\"@id\":\"https:\/\/eshop.tca.sk\/de\/taktische-brillen\/taktikbrille-edge-super-64-black-vapor-shield-clear\/#breadcrumb\",\"itemListElement\":[{\"@type\":\"ListItem\",\"position\":1,\"name\":\"Domovsk\u00e1 str\u00e1nka\",\"item\":\"https:\/\/eshop.tca.sk\/de\/\"},{\"@type\":\"ListItem\",\"position\":2,\"name\":\"Shop\",\"item\":\"https:\/\/eshop.tca.sk\/de\/shop\/\"},{\"@type\":\"ListItem\",\"position\":3,\"name\":\"Taktische Brillen Edge Super 64 BLACK Vapor Shield Clear\"}]},{\"@type\":\"WebSite\",\"@id\":\"https:\/\/eshop.tca.sk\/de\/#website\",\"url\":\"https:\/\/eshop.tca.sk\/de\/\",\"name\":\"TCA eShop - Tactical Combat Academy\",\"description\":\"Tactical Combat Academy\",\"publisher\":{\"@id\":\"https:\/\/eshop.tca.sk\/de\/#organization\"},\"potentialAction\":[{\"@type\":\"SearchAction\",\"target\":{\"@type\":\"EntryPoint\",\"urlTemplate\":\"https:\/\/eshop.tca.sk\/de\/?s={search_term_string}\"},\"query-input\":{\"@type\":\"PropertyValueSpecification\",\"valueRequired\":true,\"valueName\":\"search_term_string\"}}],\"inLanguage\":\"de\"},{\"@type\":\"Organization\",\"@id\":\"https:\/\/eshop.tca.sk\/de\/#organization\",\"name\":\"TCA eShop - Tactical Combat Academy\",\"url\":\"https:\/\/eshop.tca.sk\/de\/\",\"logo\":{\"@type\":\"ImageObject\",\"inLanguage\":\"de\",\"@id\":\"https:\/\/eshop.tca.sk\/de\/#\/schema\/logo\/image\/\",\"url\":\"https:\/\/eshop.tca.sk\/wp-content\/uploads\/2025\/06\/logo-new-header.png\",\"contentUrl\":\"https:\/\/eshop.tca.sk\/wp-content\/uploads\/2025\/06\/logo-new-header.png\",\"width\":300,\"height\":294,\"caption\":\"TCA eShop - Tactical Combat Academy\"},\"image\":{\"@id\":\"https:\/\/eshop.tca.sk\/de\/#\/schema\/logo\/image\/\"}}]}<\/script>\n<!-- \/ Yoast SEO plugin. -->","yoast_head_json":{"title":"Taktische Brillen Edge Super 64 BLACK Vapor Shield Clear - TCA eShop - Tactical Combat Academy","description":"Die taktische Brille Edge Super 64 BLACK Vapor Shield Clear ist eine ballistische Schutzbrille mit klarem Vapor Shield-Glas und vollst\u00e4ndiger TPR-Dichtung am Rand.","robots":{"index":"index","follow":"follow","max-snippet":"max-snippet:-1","max-image-preview":"max-image-preview:large","max-video-preview":"max-video-preview:-1"},"canonical":"https:\/\/eshop.tca.sk\/de\/taktische-brillen\/taktikbrille-edge-super-64-black-vapor-shield-clear\/","og_locale":"de_DE","og_type":"article","og_title":"Taktische Brillen Edge Super 64 BLACK Vapor Shield Clear - TCA eShop - Tactical Combat Academy","og_description":"Die taktische Brille Edge Super 64 BLACK Vapor Shield Clear ist eine ballistische Schutzbrille mit klarem Vapor Shield-Glas und vollst\u00e4ndiger TPR-Dichtung am Rand.","og_url":"https:\/\/eshop.tca.sk\/de\/taktische-brillen\/taktikbrille-edge-super-64-black-vapor-shield-clear\/","og_site_name":"TCA eShop - Tactical Combat Academy","article_modified_time":"2025-12-19T11:55:14+00:00","og_image":[{"width":1000,"height":1000,"url":"https:\/\/eshop.tca.sk\/wp-content\/uploads\/2025\/12\/Black-frame-clear-VS-1.jpg","type":"image\/jpeg"}],"twitter_card":"summary_large_image","schema":{"@context":"https:\/\/schema.org","@graph":[{"@type":"WebPage","@id":"https:\/\/eshop.tca.sk\/de\/taktische-brillen\/taktikbrille-edge-super-64-black-vapor-shield-clear\/","url":"https:\/\/eshop.tca.sk\/de\/taktische-brillen\/taktikbrille-edge-super-64-black-vapor-shield-clear\/","name":"Taktische Brillen Edge Super 64 BLACK Vapor Shield Clear - TCA eShop - Tactical Combat Academy","isPartOf":{"@id":"https:\/\/eshop.tca.sk\/de\/#website"},"primaryImageOfPage":{"@id":"https:\/\/eshop.tca.sk\/de\/taktische-brillen\/taktikbrille-edge-super-64-black-vapor-shield-clear\/#primaryimage"},"image":{"@id":"https:\/\/eshop.tca.sk\/de\/taktische-brillen\/taktikbrille-edge-super-64-black-vapor-shield-clear\/#primaryimage"},"thumbnailUrl":"https:\/\/eshop.tca.sk\/wp-content\/uploads\/2025\/12\/Black-frame-clear-VS-1.jpg","datePublished":"2025-12-18T12:35:22+00:00","dateModified":"2025-12-19T11:55:14+00:00","description":"Die taktische Brille Edge Super 64 BLACK Vapor Shield Clear ist eine ballistische Schutzbrille mit klarem Vapor Shield-Glas und vollst\u00e4ndiger TPR-Dichtung am Rand.","breadcrumb":{"@id":"https:\/\/eshop.tca.sk\/de\/taktische-brillen\/taktikbrille-edge-super-64-black-vapor-shield-clear\/#breadcrumb"},"inLanguage":"de","potentialAction":[{"@type":"ReadAction","target":["https:\/\/eshop.tca.sk\/de\/taktische-brillen\/taktikbrille-edge-super-64-black-vapor-shield-clear\/"]}]},{"@type":"ImageObject","inLanguage":"de","@id":"https:\/\/eshop.tca.sk\/de\/taktische-brillen\/taktikbrille-edge-super-64-black-vapor-shield-clear\/#primaryimage","url":"https:\/\/eshop.tca.sk\/wp-content\/uploads\/2025\/12\/Black-frame-clear-VS-1.jpg","contentUrl":"https:\/\/eshop.tca.sk\/wp-content\/uploads\/2025\/12\/Black-frame-clear-VS-1.jpg","width":1000,"height":1000,"caption":"Taktick\u00e9 Okuliare Edge Super 64 BLACK Vapor Shield Clear"},{"@type":"BreadcrumbList","@id":"https:\/\/eshop.tca.sk\/de\/taktische-brillen\/taktikbrille-edge-super-64-black-vapor-shield-clear\/#breadcrumb","itemListElement":[{"@type":"ListItem","position":1,"name":"Domovsk\u00e1 str\u00e1nka","item":"https:\/\/eshop.tca.sk\/de\/"},{"@type":"ListItem","position":2,"name":"Shop","item":"https:\/\/eshop.tca.sk\/de\/shop\/"},{"@type":"ListItem","position":3,"name":"Taktische Brillen Edge Super 64 BLACK Vapor Shield Clear"}]},{"@type":"WebSite","@id":"https:\/\/eshop.tca.sk\/de\/#website","url":"https:\/\/eshop.tca.sk\/de\/","name":"TCA eShop - Tactical Combat Academy","description":"Tactical Combat Academy","publisher":{"@id":"https:\/\/eshop.tca.sk\/de\/#organization"},"potentialAction":[{"@type":"SearchAction","target":{"@type":"EntryPoint","urlTemplate":"https:\/\/eshop.tca.sk\/de\/?s={search_term_string}"},"query-input":{"@type":"PropertyValueSpecification","valueRequired":true,"valueName":"search_term_string"}}],"inLanguage":"de"},{"@type":"Organization","@id":"https:\/\/eshop.tca.sk\/de\/#organization","name":"TCA eShop - Tactical Combat Academy","url":"https:\/\/eshop.tca.sk\/de\/","logo":{"@type":"ImageObject","inLanguage":"de","@id":"https:\/\/eshop.tca.sk\/de\/#\/schema\/logo\/image\/","url":"https:\/\/eshop.tca.sk\/wp-content\/uploads\/2025\/06\/logo-new-header.png","contentUrl":"https:\/\/eshop.tca.sk\/wp-content\/uploads\/2025\/06\/logo-new-header.png","width":300,"height":294,"caption":"TCA eShop - Tactical Combat Academy"},"image":{"@id":"https:\/\/eshop.tca.sk\/de\/#\/schema\/logo\/image\/"}}]}},"_links":{"self":[{"href":"https:\/\/eshop.tca.sk\/de\/wp-json\/wp\/v2\/product\/16185","targetHints":{"allow":["GET"]}}],"collection":[{"href":"https:\/\/eshop.tca.sk\/de\/wp-json\/wp\/v2\/product"}],"about":[{"href":"https:\/\/eshop.tca.sk\/de\/wp-json\/wp\/v2\/types\/product"}],"wp:featuredmedia":[{"embeddable":true,"href":"https:\/\/eshop.tca.sk\/de\/wp-json\/wp\/v2\/media\/16193"}],"wp:attachment":[{"href":"https:\/\/eshop.tca.sk\/de\/wp-json\/wp\/v2\/media?parent=16185"}],"wp:term":[{"taxonomy":"product_brand","embeddable":true,"href":"https:\/\/eshop.tca.sk\/de\/wp-json\/wp\/v2\/product_brand?post=16185"},{"taxonomy":"product_cat","embeddable":true,"href":"https:\/\/eshop.tca.sk\/de\/wp-json\/wp\/v2\/product_cat?post=16185"},{"taxonomy":"product_tag","embeddable":true,"href":"https:\/\/eshop.tca.sk\/de\/wp-json\/wp\/v2\/product_tag?post=16185"},{"taxonomy":"giftcard-category","embeddable":true,"href":"https:\/\/eshop.tca.sk\/de\/wp-json\/wp\/v2\/giftcard-category?post=16185"}],"curies":[{"name":"wp","href":"https:\/\/api.w.org\/{rel}","templated":true}]}}