{"id":16228,"date":"2025-12-19T10:22:56","date_gmt":"2025-12-19T09:22:56","guid":{"rendered":"https:\/\/eshop.tca.sk\/?post_type=product&#038;p=16228"},"modified":"2025-12-19T12:53:14","modified_gmt":"2025-12-19T11:53:14","slug":"taktikbrille-edge-rolling-thunder-adjustable-kit-black","status":"publish","type":"product","link":"https:\/\/eshop.tca.sk\/de\/taktische-brillen\/taktikbrille-edge-rolling-thunder-adjustable-kit-black\/","title":{"rendered":"Taktische Brille Edge Rolling Thunder Adjustable KIT BLACK"},"content":{"rendered":"<h3><strong>Taktische Brille Edge Rolling Thunder Adjustable KIT BLACK<\/strong><\/h3>\n<p><strong>Die taktische Brille Edge Rolling Thunder Adjustable KIT BLACK<\/strong> ist eine taktische Schutzbrille von Rolling Thunder in einem dreiteiligen Kit mit austauschbaren Gl\u00e4sern: <strong>G15<\/strong> (~15 % VLT) f\u00fcr helles Tageslicht, <strong>Yellow<\/strong> f\u00fcr erh\u00f6hten Kontrast bei D\u00e4mmerung und bew\u00f6lktem Himmel und <strong>Clear<\/strong> (~85 % VLT) f\u00fcr Innenr\u00e4ume und Arbeiten bei schwachem Licht. Die dauerhafte Anti-Beschlag-Technologie <strong>Vapor Shield<\/strong> ist direkt in die Gl\u00e4ser integriert, sodass sie sowohl bei Hitze und K\u00e4lte als auch bei hoher Luftfeuchtigkeit beschlagfrei bleiben. Der Rahmen verf\u00fcgt \u00fcber teleskopierbare (verstellbare) d\u00fcnne Beinst\u00fctzen, einen integrierten Stirnschutz und einen verstellbaren Kopfb\u00fcgel f\u00fcr einen pr\u00e4zisen, bequemen Sitz.<span class=\"Apple-converted-space\"> <\/span><\/p>\n<p><strong>Hauptmerkmale<\/strong><\/p>\n<ul>\n<li>Drei Gl\u00e4ser im Set: G15 (~15 % VLT), Yellow (hoher Kontrast) und Clear (~85 % VLT) \u2013 schnelle Anpassung an Tageslicht, bew\u00f6lktes Wetter und schwaches Licht. <span class=\"Apple-converted-space\"> <\/span><\/li>\n<li>Vapor Shield Anti-Fog \u2013 dauerhafte Beschlagschutzbehandlung (in die Scheibe eingearbeitet). <span class=\"Apple-converted-space\"> <\/span><\/li>\n<li>Teleskopische d\u00fcnne Beine + verstellbarer Tr\u00e4ger \u2013 individuelle Einstellung, flaches Profil; Brow-Guard gegen Durchscheinen von oben. <span class=\"Apple-converted-space\"> <\/span><\/li>\n<li>Polycarbonatgl\u00e4ser in leichtem Nylonrahmen; 99,9 % UV-Schutz (UVA\/UVB\/UVC). <span class=\"Apple-converted-space\"> <\/span><\/li>\n<\/ul>\n<p><strong>Normen und Zertifizierung<\/strong><\/p>\n<ul>\n<li>ANSI Z87.1+ (hochwirksam) \u2022 MIL-PRF-32432 \u2022 CSA Z94.3 \u2022 UKCA (in einem unabh\u00e4ngigen Labor getestet). <span class=\"Apple-converted-space\"> <\/span><\/li>\n<\/ul>\n<p><strong>Technische Parameter<\/strong><\/p>\n<ul>\n<li>Rahmen\/Sichtfeld: Nylon\/Polycarbonat Vapor Shield (G15, Gelb, Klar). <span class=\"Apple-converted-space\"> <\/span><\/li>\n<li>Rahmenma\u00dfe: H\u00f6he 49 mm \u2022 Breite der Sichtscheibe 148 mm \u2022 Abstand 20 mm \u2022 L\u00e4nge der B\u00fcgel 107 mm (teleskopisch). <span class=\"Apple-converted-space\"> <\/span><\/li>\n<li>Farbe: Schwarzer Rahmen \/ Gl\u00e4ser G15 + Gelb + Klar.<\/li>\n<\/ul>\n","protected":false},"excerpt":{"rendered":"<p><img loading=\"lazy\" decoding=\"async\" class=\"alignnone wp-image-16081\" src=\"https:\/\/eshop.tca.sk\/wp-content\/uploads\/2025\/12\/edge-logo.png-300x94.png\" alt=\"\" width=\"156\" height=\"49\" srcset=\"https:\/\/eshop.tca.sk\/wp-content\/uploads\/2025\/12\/edge-logo.png-300x94.png 300w, https:\/\/eshop.tca.sk\/wp-content\/uploads\/2025\/12\/edge-logo.png-768x240.png 768w, https:\/\/eshop.tca.sk\/wp-content\/uploads\/2025\/12\/edge-logo.png-24x8.png 24w, https:\/\/eshop.tca.sk\/wp-content\/uploads\/2025\/12\/edge-logo.png-36x11.png 36w, https:\/\/eshop.tca.sk\/wp-content\/uploads\/2025\/12\/edge-logo.png-48x15.png 48w, https:\/\/eshop.tca.sk\/wp-content\/uploads\/2025\/12\/edge-logo.png-600x188.png 600w, https:\/\/eshop.tca.sk\/wp-content\/uploads\/2025\/12\/edge-logo.png.png 835w\" sizes=\"auto, (max-width: 156px) 100vw, 156px\" \/><\/p>\n<p><strong>Die taktische Brille Edge Rolling Thunder Adjustable KIT BLACK<\/strong> ist eine Rolling Thunder-Brille in einem dreiteiligen Kit mit austauschbaren Gl\u00e4sern <strong>G15<\/strong>, <strong>Yellow<\/strong> und <strong>Clear<\/strong>.<\/p>\n<p><img loading=\"lazy\" decoding=\"async\" class=\"wp-image-8564 alignnone\" src=\"https:\/\/eshop.tca.sk\/wp-content\/uploads\/2023\/04\/Logo-Whack-Black-White-R-APPROVED.png\" alt=\"\" width=\"138\" height=\"75\" srcset=\"https:\/\/eshop.tca.sk\/wp-content\/uploads\/2023\/04\/Logo-Whack-Black-White-R-APPROVED.png 571w, https:\/\/eshop.tca.sk\/wp-content\/uploads\/2023\/04\/Logo-Whack-Black-White-R-APPROVED-300x163.png 300w\" sizes=\"auto, (max-width: 138px) 100vw, 138px\" \/><\/p>\n<p>Vom TCA und dem WHACK-System verwendete und empfohlene Equipment.<\/p>\n","protected":false},"featured_media":16230,"template":"","meta":{"inline_featured_image":false},"product_brand":[826],"product_cat":[831],"product_tag":[832],"giftcard-category":[],"class_list":{"0":"post-16228","1":"product","2":"type-product","3":"status-publish","4":"has-post-thumbnail","6":"product_brand-edge-eyewear","7":"product_cat-taktische-brillen","8":"product_tag-edge","10":"first","11":"instock","12":"taxable","13":"shipping-taxable","14":"purchasable","15":"product-type-simple"},"yoast_head":"<!-- This site is optimized with the Yoast SEO plugin v26.4 - https:\/\/yoast.com\/wordpress\/plugins\/seo\/ -->\n<title>Taktische Brille Edge Rolling Thunder Adjustable KIT BLACK - TCA eShop - Tactical Combat Academy<\/title>\n<meta name=\"description\" content=\"Die taktische Brille Edge Rolling Thunder Adjustable KIT BLACK ist eine Rolling Thunder-Brille in einem dreiteiligen Kit mit austauschbaren Gl\u00e4sern G15, Yellow und Clear.\" \/>\n<meta name=\"robots\" content=\"index, follow, max-snippet:-1, max-image-preview:large, max-video-preview:-1\" \/>\n<link rel=\"canonical\" href=\"https:\/\/eshop.tca.sk\/de\/taktische-brillen\/taktikbrille-edge-rolling-thunder-adjustable-kit-black\/\" \/>\n<meta property=\"og:locale\" content=\"de_DE\" \/>\n<meta property=\"og:type\" content=\"article\" \/>\n<meta property=\"og:title\" content=\"Taktische Brille Edge Rolling Thunder Adjustable KIT BLACK - TCA eShop - Tactical Combat Academy\" \/>\n<meta property=\"og:description\" content=\"Die taktische Brille Edge Rolling Thunder Adjustable KIT BLACK ist eine Rolling Thunder-Brille in einem dreiteiligen Kit mit austauschbaren Gl\u00e4sern G15, Yellow und Clear.\" \/>\n<meta property=\"og:url\" content=\"https:\/\/eshop.tca.sk\/de\/taktische-brillen\/taktikbrille-edge-rolling-thunder-adjustable-kit-black\/\" \/>\n<meta property=\"og:site_name\" content=\"TCA eShop - Tactical Combat Academy\" \/>\n<meta property=\"article:modified_time\" content=\"2025-12-19T11:53:14+00:00\" \/>\n<meta property=\"og:image\" content=\"https:\/\/eshop.tca.sk\/wp-content\/uploads\/2025\/12\/Black-frame-3-lens-kit-1-1.jpg\" \/>\n\t<meta property=\"og:image:width\" content=\"1000\" \/>\n\t<meta property=\"og:image:height\" content=\"1000\" \/>\n\t<meta property=\"og:image:type\" content=\"image\/jpeg\" \/>\n<meta name=\"twitter:card\" content=\"summary_large_image\" \/>\n<script type=\"application\/ld+json\" class=\"yoast-schema-graph\">{\"@context\":\"https:\/\/schema.org\",\"@graph\":[{\"@type\":\"WebPage\",\"@id\":\"https:\/\/eshop.tca.sk\/de\/taktische-brillen\/taktikbrille-edge-rolling-thunder-adjustable-kit-black\/\",\"url\":\"https:\/\/eshop.tca.sk\/de\/taktische-brillen\/taktikbrille-edge-rolling-thunder-adjustable-kit-black\/\",\"name\":\"Taktische Brille Edge Rolling Thunder Adjustable KIT BLACK - TCA eShop - Tactical Combat Academy\",\"isPartOf\":{\"@id\":\"https:\/\/eshop.tca.sk\/de\/#website\"},\"primaryImageOfPage\":{\"@id\":\"https:\/\/eshop.tca.sk\/de\/taktische-brillen\/taktikbrille-edge-rolling-thunder-adjustable-kit-black\/#primaryimage\"},\"image\":{\"@id\":\"https:\/\/eshop.tca.sk\/de\/taktische-brillen\/taktikbrille-edge-rolling-thunder-adjustable-kit-black\/#primaryimage\"},\"thumbnailUrl\":\"https:\/\/eshop.tca.sk\/wp-content\/uploads\/2025\/12\/Black-frame-3-lens-kit-1-1.jpg\",\"datePublished\":\"2025-12-19T09:22:56+00:00\",\"dateModified\":\"2025-12-19T11:53:14+00:00\",\"description\":\"Die taktische Brille Edge Rolling Thunder Adjustable KIT BLACK ist eine Rolling Thunder-Brille in einem dreiteiligen Kit mit austauschbaren Gl\u00e4sern G15, Yellow und Clear.\",\"breadcrumb\":{\"@id\":\"https:\/\/eshop.tca.sk\/de\/taktische-brillen\/taktikbrille-edge-rolling-thunder-adjustable-kit-black\/#breadcrumb\"},\"inLanguage\":\"de\",\"potentialAction\":[{\"@type\":\"ReadAction\",\"target\":[\"https:\/\/eshop.tca.sk\/de\/taktische-brillen\/taktikbrille-edge-rolling-thunder-adjustable-kit-black\/\"]}]},{\"@type\":\"ImageObject\",\"inLanguage\":\"de\",\"@id\":\"https:\/\/eshop.tca.sk\/de\/taktische-brillen\/taktikbrille-edge-rolling-thunder-adjustable-kit-black\/#primaryimage\",\"url\":\"https:\/\/eshop.tca.sk\/wp-content\/uploads\/2025\/12\/Black-frame-3-lens-kit-1-1.jpg\",\"contentUrl\":\"https:\/\/eshop.tca.sk\/wp-content\/uploads\/2025\/12\/Black-frame-3-lens-kit-1-1.jpg\",\"width\":1000,\"height\":1000,\"caption\":\"Taktick\u00e9 Okuliare Edge Rolling Thunder Adjustable KIT BLACK\"},{\"@type\":\"BreadcrumbList\",\"@id\":\"https:\/\/eshop.tca.sk\/de\/taktische-brillen\/taktikbrille-edge-rolling-thunder-adjustable-kit-black\/#breadcrumb\",\"itemListElement\":[{\"@type\":\"ListItem\",\"position\":1,\"name\":\"Domovsk\u00e1 str\u00e1nka\",\"item\":\"https:\/\/eshop.tca.sk\/de\/\"},{\"@type\":\"ListItem\",\"position\":2,\"name\":\"Shop\",\"item\":\"https:\/\/eshop.tca.sk\/de\/shop\/\"},{\"@type\":\"ListItem\",\"position\":3,\"name\":\"Taktische Brille Edge Rolling Thunder Adjustable KIT BLACK\"}]},{\"@type\":\"WebSite\",\"@id\":\"https:\/\/eshop.tca.sk\/de\/#website\",\"url\":\"https:\/\/eshop.tca.sk\/de\/\",\"name\":\"TCA eShop - Tactical Combat Academy\",\"description\":\"Tactical Combat Academy\",\"publisher\":{\"@id\":\"https:\/\/eshop.tca.sk\/de\/#organization\"},\"potentialAction\":[{\"@type\":\"SearchAction\",\"target\":{\"@type\":\"EntryPoint\",\"urlTemplate\":\"https:\/\/eshop.tca.sk\/de\/?s={search_term_string}\"},\"query-input\":{\"@type\":\"PropertyValueSpecification\",\"valueRequired\":true,\"valueName\":\"search_term_string\"}}],\"inLanguage\":\"de\"},{\"@type\":\"Organization\",\"@id\":\"https:\/\/eshop.tca.sk\/de\/#organization\",\"name\":\"TCA eShop - Tactical Combat Academy\",\"url\":\"https:\/\/eshop.tca.sk\/de\/\",\"logo\":{\"@type\":\"ImageObject\",\"inLanguage\":\"de\",\"@id\":\"https:\/\/eshop.tca.sk\/de\/#\/schema\/logo\/image\/\",\"url\":\"https:\/\/eshop.tca.sk\/wp-content\/uploads\/2025\/06\/logo-new-header.png\",\"contentUrl\":\"https:\/\/eshop.tca.sk\/wp-content\/uploads\/2025\/06\/logo-new-header.png\",\"width\":300,\"height\":294,\"caption\":\"TCA eShop - Tactical Combat Academy\"},\"image\":{\"@id\":\"https:\/\/eshop.tca.sk\/de\/#\/schema\/logo\/image\/\"}}]}<\/script>\n<!-- \/ Yoast SEO plugin. -->","yoast_head_json":{"title":"Taktische Brille Edge Rolling Thunder Adjustable KIT BLACK - TCA eShop - Tactical Combat Academy","description":"Die taktische Brille Edge Rolling Thunder Adjustable KIT BLACK ist eine Rolling Thunder-Brille in einem dreiteiligen Kit mit austauschbaren Gl\u00e4sern G15, Yellow und Clear.","robots":{"index":"index","follow":"follow","max-snippet":"max-snippet:-1","max-image-preview":"max-image-preview:large","max-video-preview":"max-video-preview:-1"},"canonical":"https:\/\/eshop.tca.sk\/de\/taktische-brillen\/taktikbrille-edge-rolling-thunder-adjustable-kit-black\/","og_locale":"de_DE","og_type":"article","og_title":"Taktische Brille Edge Rolling Thunder Adjustable KIT BLACK - TCA eShop - Tactical Combat Academy","og_description":"Die taktische Brille Edge Rolling Thunder Adjustable KIT BLACK ist eine Rolling Thunder-Brille in einem dreiteiligen Kit mit austauschbaren Gl\u00e4sern G15, Yellow und Clear.","og_url":"https:\/\/eshop.tca.sk\/de\/taktische-brillen\/taktikbrille-edge-rolling-thunder-adjustable-kit-black\/","og_site_name":"TCA eShop - Tactical Combat Academy","article_modified_time":"2025-12-19T11:53:14+00:00","og_image":[{"width":1000,"height":1000,"url":"https:\/\/eshop.tca.sk\/wp-content\/uploads\/2025\/12\/Black-frame-3-lens-kit-1-1.jpg","type":"image\/jpeg"}],"twitter_card":"summary_large_image","schema":{"@context":"https:\/\/schema.org","@graph":[{"@type":"WebPage","@id":"https:\/\/eshop.tca.sk\/de\/taktische-brillen\/taktikbrille-edge-rolling-thunder-adjustable-kit-black\/","url":"https:\/\/eshop.tca.sk\/de\/taktische-brillen\/taktikbrille-edge-rolling-thunder-adjustable-kit-black\/","name":"Taktische Brille Edge Rolling Thunder Adjustable KIT BLACK - TCA eShop - Tactical Combat Academy","isPartOf":{"@id":"https:\/\/eshop.tca.sk\/de\/#website"},"primaryImageOfPage":{"@id":"https:\/\/eshop.tca.sk\/de\/taktische-brillen\/taktikbrille-edge-rolling-thunder-adjustable-kit-black\/#primaryimage"},"image":{"@id":"https:\/\/eshop.tca.sk\/de\/taktische-brillen\/taktikbrille-edge-rolling-thunder-adjustable-kit-black\/#primaryimage"},"thumbnailUrl":"https:\/\/eshop.tca.sk\/wp-content\/uploads\/2025\/12\/Black-frame-3-lens-kit-1-1.jpg","datePublished":"2025-12-19T09:22:56+00:00","dateModified":"2025-12-19T11:53:14+00:00","description":"Die taktische Brille Edge Rolling Thunder Adjustable KIT BLACK ist eine Rolling Thunder-Brille in einem dreiteiligen Kit mit austauschbaren Gl\u00e4sern G15, Yellow und Clear.","breadcrumb":{"@id":"https:\/\/eshop.tca.sk\/de\/taktische-brillen\/taktikbrille-edge-rolling-thunder-adjustable-kit-black\/#breadcrumb"},"inLanguage":"de","potentialAction":[{"@type":"ReadAction","target":["https:\/\/eshop.tca.sk\/de\/taktische-brillen\/taktikbrille-edge-rolling-thunder-adjustable-kit-black\/"]}]},{"@type":"ImageObject","inLanguage":"de","@id":"https:\/\/eshop.tca.sk\/de\/taktische-brillen\/taktikbrille-edge-rolling-thunder-adjustable-kit-black\/#primaryimage","url":"https:\/\/eshop.tca.sk\/wp-content\/uploads\/2025\/12\/Black-frame-3-lens-kit-1-1.jpg","contentUrl":"https:\/\/eshop.tca.sk\/wp-content\/uploads\/2025\/12\/Black-frame-3-lens-kit-1-1.jpg","width":1000,"height":1000,"caption":"Taktick\u00e9 Okuliare Edge Rolling Thunder Adjustable KIT BLACK"},{"@type":"BreadcrumbList","@id":"https:\/\/eshop.tca.sk\/de\/taktische-brillen\/taktikbrille-edge-rolling-thunder-adjustable-kit-black\/#breadcrumb","itemListElement":[{"@type":"ListItem","position":1,"name":"Domovsk\u00e1 str\u00e1nka","item":"https:\/\/eshop.tca.sk\/de\/"},{"@type":"ListItem","position":2,"name":"Shop","item":"https:\/\/eshop.tca.sk\/de\/shop\/"},{"@type":"ListItem","position":3,"name":"Taktische Brille Edge Rolling Thunder Adjustable KIT BLACK"}]},{"@type":"WebSite","@id":"https:\/\/eshop.tca.sk\/de\/#website","url":"https:\/\/eshop.tca.sk\/de\/","name":"TCA eShop - Tactical Combat Academy","description":"Tactical Combat Academy","publisher":{"@id":"https:\/\/eshop.tca.sk\/de\/#organization"},"potentialAction":[{"@type":"SearchAction","target":{"@type":"EntryPoint","urlTemplate":"https:\/\/eshop.tca.sk\/de\/?s={search_term_string}"},"query-input":{"@type":"PropertyValueSpecification","valueRequired":true,"valueName":"search_term_string"}}],"inLanguage":"de"},{"@type":"Organization","@id":"https:\/\/eshop.tca.sk\/de\/#organization","name":"TCA eShop - Tactical Combat Academy","url":"https:\/\/eshop.tca.sk\/de\/","logo":{"@type":"ImageObject","inLanguage":"de","@id":"https:\/\/eshop.tca.sk\/de\/#\/schema\/logo\/image\/","url":"https:\/\/eshop.tca.sk\/wp-content\/uploads\/2025\/06\/logo-new-header.png","contentUrl":"https:\/\/eshop.tca.sk\/wp-content\/uploads\/2025\/06\/logo-new-header.png","width":300,"height":294,"caption":"TCA eShop - Tactical Combat Academy"},"image":{"@id":"https:\/\/eshop.tca.sk\/de\/#\/schema\/logo\/image\/"}}]}},"_links":{"self":[{"href":"https:\/\/eshop.tca.sk\/de\/wp-json\/wp\/v2\/product\/16228","targetHints":{"allow":["GET"]}}],"collection":[{"href":"https:\/\/eshop.tca.sk\/de\/wp-json\/wp\/v2\/product"}],"about":[{"href":"https:\/\/eshop.tca.sk\/de\/wp-json\/wp\/v2\/types\/product"}],"wp:featuredmedia":[{"embeddable":true,"href":"https:\/\/eshop.tca.sk\/de\/wp-json\/wp\/v2\/media\/16230"}],"wp:attachment":[{"href":"https:\/\/eshop.tca.sk\/de\/wp-json\/wp\/v2\/media?parent=16228"}],"wp:term":[{"taxonomy":"product_brand","embeddable":true,"href":"https:\/\/eshop.tca.sk\/de\/wp-json\/wp\/v2\/product_brand?post=16228"},{"taxonomy":"product_cat","embeddable":true,"href":"https:\/\/eshop.tca.sk\/de\/wp-json\/wp\/v2\/product_cat?post=16228"},{"taxonomy":"product_tag","embeddable":true,"href":"https:\/\/eshop.tca.sk\/de\/wp-json\/wp\/v2\/product_tag?post=16228"},{"taxonomy":"giftcard-category","embeddable":true,"href":"https:\/\/eshop.tca.sk\/de\/wp-json\/wp\/v2\/giftcard-category?post=16228"}],"curies":[{"name":"wp","href":"https:\/\/api.w.org\/{rel}","templated":true}]}}