{"id":16364,"date":"2026-01-09T13:57:16","date_gmt":"2026-01-09T12:57:16","guid":{"rendered":"https:\/\/eshop.tca.sk\/?post_type=product&#038;p=16364"},"modified":"2026-03-07T22:32:00","modified_gmt":"2026-03-07T21:32:00","slug":"popruh-na-pusku-black-trident-two-point-sling-multicam-black","status":"publish","type":"product","link":"https:\/\/eshop.tca.sk\/de\/waffenzubehoer\/popruh-na-pusku-black-trident-two-point-sling-multicam-black\/","title":{"rendered":"Gewehrriemen Black Trident Two Point Sling Multicam Black"},"content":{"rendered":"<h3><strong>Gewehrriemen Black Trident Two Point Sling Multicam Black<\/strong><\/h3>\n<p>Der Zweipunkt-Gewehrriemen Black Trident Two Point Sling Multicam Black ist die perfekte L\u00f6sung f\u00fcr Ihren Riemen. Das Design und die Features unseres Riemens richten sich nach den Anforderungen professioneller Anwender.<\/p>\n<p>Der Black Trident\u00ae Two Point Sling verf\u00fcgt \u00fcber einen gepolsterten Teil des Riemens, der das Tragen der Waffe \u00fcber l\u00e4ngere Zeitr\u00e4ume im Vergleich zu ungepolsterten Riemen bequemer macht. \u00dcberzogen mit wasserabweisendem Cordura, ist der Sling stufenlos einh\u00e4ndig verstellbar. Mit einer einzigen Bewegung kann die Waffe an den K\u00f6rper herangef\u00fchrt oder zum Abschuss vorbereitet werden.<\/p>\n<ul>\n<li>Zwei Punkt Riemen<\/li>\n<li>Stufenlos L\u00e4ngenverstellbar<\/li>\n<li>Einhandbedienung<\/li>\n<li>Gepolsterter Schulterteil f\u00fcr angenehmen Tragecomfort<\/li>\n<li>Wasserabweisendes Material<\/li>\n<li>Verf\u00fcgbar in verschiedenen Farben<\/li>\n<li>Standalone, mit QD-Swivels oder HK Hooks verwendbar<\/li>\n<\/ul>\n<p>&nbsp;<\/p>\n","protected":false},"excerpt":{"rendered":"<p><img loading=\"lazy\" decoding=\"async\" class=\"alignnone wp-image-8549\" src=\"https:\/\/eshop.tca.sk\/wp-content\/uploads\/2023\/04\/logo-black-trident.png\" alt=\"\" width=\"179\" height=\"33\" srcset=\"https:\/\/eshop.tca.sk\/wp-content\/uploads\/2023\/04\/logo-black-trident.png 4749w, https:\/\/eshop.tca.sk\/wp-content\/uploads\/2023\/04\/logo-black-trident-300x55.png 300w, https:\/\/eshop.tca.sk\/wp-content\/uploads\/2023\/04\/logo-black-trident-768x142.png 768w, https:\/\/eshop.tca.sk\/wp-content\/uploads\/2023\/04\/logo-black-trident-600x111.png 600w\" sizes=\"auto, (max-width: 179px) 100vw, 179px\" \/><\/p>\n<p>Der Zweipunkt-Gewehrriemen Black Trident Two Point Sling Multicam Black ist die perfekte L\u00f6sung f\u00fcr Ihren Riemen. Das Design und die Features unseres Riemens richten sich nach den Anforderungen professioneller Anwender.<\/p>\n<p><img loading=\"lazy\" decoding=\"async\" class=\"wp-image-8564 alignnone\" src=\"https:\/\/eshop.tca.sk\/wp-content\/uploads\/2023\/04\/Logo-Whack-Black-White-R-APPROVED.png\" alt=\"\" width=\"138\" height=\"75\" srcset=\"https:\/\/eshop.tca.sk\/wp-content\/uploads\/2023\/04\/Logo-Whack-Black-White-R-APPROVED.png 571w, https:\/\/eshop.tca.sk\/wp-content\/uploads\/2023\/04\/Logo-Whack-Black-White-R-APPROVED-300x163.png 300w\" sizes=\"auto, (max-width: 138px) 100vw, 138px\" \/><\/p>\n<p>Vom <strong>TCA<\/strong> und dem <strong>WHACK<\/strong>-System verwendete und empfohlene Equipment.<\/p>\n","protected":false},"featured_media":16370,"template":"","meta":{"inline_featured_image":false},"product_brand":[],"product_cat":[321,318],"product_tag":[477],"giftcard-category":[],"class_list":{"0":"post-16364","1":"product","2":"type-product","3":"status-publish","4":"has-post-thumbnail","6":"product_cat-gewehrriemen","7":"product_cat-waffenzubehoer","8":"product_tag-black-trident-de","10":"first","11":"instock","12":"taxable","13":"shipping-taxable","14":"purchasable","15":"product-type-simple"},"yoast_head":"<!-- This site is optimized with the Yoast SEO plugin v26.4 - https:\/\/yoast.com\/wordpress\/plugins\/seo\/ -->\n<title>Gewehrriemen Black Trident Two Point Sling Multicam Black - TCA eShop - Tactical Combat Academy<\/title>\n<meta name=\"description\" content=\"Der Gewehrriemen Black Trident Two Point Sling Multicam Black ist die perfekte L\u00f6sung, dessen Eigenschaften auf den Anforderungen von Profis basieren.\" \/>\n<meta name=\"robots\" content=\"index, follow, max-snippet:-1, max-image-preview:large, max-video-preview:-1\" \/>\n<link rel=\"canonical\" href=\"https:\/\/eshop.tca.sk\/de\/waffenzubehoer\/popruh-na-pusku-black-trident-two-point-sling-multicam-black\/\" \/>\n<meta property=\"og:locale\" content=\"de_DE\" \/>\n<meta property=\"og:type\" content=\"article\" \/>\n<meta property=\"og:title\" content=\"Gewehrriemen Black Trident Two Point Sling Multicam Black - TCA eShop - Tactical Combat Academy\" \/>\n<meta property=\"og:description\" content=\"Der Gewehrriemen Black Trident Two Point Sling Multicam Black ist die perfekte L\u00f6sung, dessen Eigenschaften auf den Anforderungen von Profis basieren.\" \/>\n<meta property=\"og:url\" content=\"https:\/\/eshop.tca.sk\/de\/waffenzubehoer\/popruh-na-pusku-black-trident-two-point-sling-multicam-black\/\" \/>\n<meta property=\"og:site_name\" content=\"TCA eShop - Tactical Combat Academy\" \/>\n<meta property=\"article:modified_time\" content=\"2026-03-07T21:32:00+00:00\" \/>\n<meta property=\"og:image\" content=\"https:\/\/eshop.tca.sk\/wp-content\/uploads\/2026\/01\/BT-sling-MTCB-1.jpg\" \/>\n\t<meta property=\"og:image:width\" content=\"1000\" \/>\n\t<meta property=\"og:image:height\" content=\"1000\" \/>\n\t<meta property=\"og:image:type\" content=\"image\/jpeg\" \/>\n<meta name=\"twitter:card\" content=\"summary_large_image\" \/>\n<script type=\"application\/ld+json\" class=\"yoast-schema-graph\">{\"@context\":\"https:\/\/schema.org\",\"@graph\":[{\"@type\":\"WebPage\",\"@id\":\"https:\/\/eshop.tca.sk\/de\/waffenzubehoer\/popruh-na-pusku-black-trident-two-point-sling-multicam-black\/\",\"url\":\"https:\/\/eshop.tca.sk\/de\/waffenzubehoer\/popruh-na-pusku-black-trident-two-point-sling-multicam-black\/\",\"name\":\"Gewehrriemen Black Trident Two Point Sling Multicam Black - TCA eShop - Tactical Combat Academy\",\"isPartOf\":{\"@id\":\"https:\/\/eshop.tca.sk\/de\/#website\"},\"primaryImageOfPage\":{\"@id\":\"https:\/\/eshop.tca.sk\/de\/waffenzubehoer\/popruh-na-pusku-black-trident-two-point-sling-multicam-black\/#primaryimage\"},\"image\":{\"@id\":\"https:\/\/eshop.tca.sk\/de\/waffenzubehoer\/popruh-na-pusku-black-trident-two-point-sling-multicam-black\/#primaryimage\"},\"thumbnailUrl\":\"https:\/\/eshop.tca.sk\/wp-content\/uploads\/2026\/01\/BT-sling-MTCB-1.jpg\",\"datePublished\":\"2026-01-09T12:57:16+00:00\",\"dateModified\":\"2026-03-07T21:32:00+00:00\",\"description\":\"Der Gewehrriemen Black Trident Two Point Sling Multicam Black ist die perfekte L\u00f6sung, dessen Eigenschaften auf den Anforderungen von Profis basieren.\",\"breadcrumb\":{\"@id\":\"https:\/\/eshop.tca.sk\/de\/waffenzubehoer\/popruh-na-pusku-black-trident-two-point-sling-multicam-black\/#breadcrumb\"},\"inLanguage\":\"de\",\"potentialAction\":[{\"@type\":\"ReadAction\",\"target\":[\"https:\/\/eshop.tca.sk\/de\/waffenzubehoer\/popruh-na-pusku-black-trident-two-point-sling-multicam-black\/\"]}]},{\"@type\":\"ImageObject\",\"inLanguage\":\"de\",\"@id\":\"https:\/\/eshop.tca.sk\/de\/waffenzubehoer\/popruh-na-pusku-black-trident-two-point-sling-multicam-black\/#primaryimage\",\"url\":\"https:\/\/eshop.tca.sk\/wp-content\/uploads\/2026\/01\/BT-sling-MTCB-1.jpg\",\"contentUrl\":\"https:\/\/eshop.tca.sk\/wp-content\/uploads\/2026\/01\/BT-sling-MTCB-1.jpg\",\"width\":1000,\"height\":1000,\"caption\":\"Popruh na Pu\u0161ku Black Trident Two Point Sling Multicam Black\"},{\"@type\":\"BreadcrumbList\",\"@id\":\"https:\/\/eshop.tca.sk\/de\/waffenzubehoer\/popruh-na-pusku-black-trident-two-point-sling-multicam-black\/#breadcrumb\",\"itemListElement\":[{\"@type\":\"ListItem\",\"position\":1,\"name\":\"Domovsk\u00e1 str\u00e1nka\",\"item\":\"https:\/\/eshop.tca.sk\/de\/\"},{\"@type\":\"ListItem\",\"position\":2,\"name\":\"Shop\",\"item\":\"https:\/\/eshop.tca.sk\/de\/shop\/\"},{\"@type\":\"ListItem\",\"position\":3,\"name\":\"Gewehrriemen Black Trident Two Point Sling Multicam Black\"}]},{\"@type\":\"WebSite\",\"@id\":\"https:\/\/eshop.tca.sk\/de\/#website\",\"url\":\"https:\/\/eshop.tca.sk\/de\/\",\"name\":\"TCA eShop - Tactical Combat Academy\",\"description\":\"Tactical Combat Academy\",\"publisher\":{\"@id\":\"https:\/\/eshop.tca.sk\/de\/#organization\"},\"potentialAction\":[{\"@type\":\"SearchAction\",\"target\":{\"@type\":\"EntryPoint\",\"urlTemplate\":\"https:\/\/eshop.tca.sk\/de\/?s={search_term_string}\"},\"query-input\":{\"@type\":\"PropertyValueSpecification\",\"valueRequired\":true,\"valueName\":\"search_term_string\"}}],\"inLanguage\":\"de\"},{\"@type\":\"Organization\",\"@id\":\"https:\/\/eshop.tca.sk\/de\/#organization\",\"name\":\"TCA eShop - Tactical Combat Academy\",\"url\":\"https:\/\/eshop.tca.sk\/de\/\",\"logo\":{\"@type\":\"ImageObject\",\"inLanguage\":\"de\",\"@id\":\"https:\/\/eshop.tca.sk\/de\/#\/schema\/logo\/image\/\",\"url\":\"https:\/\/eshop.tca.sk\/wp-content\/uploads\/2025\/06\/logo-new-header.png\",\"contentUrl\":\"https:\/\/eshop.tca.sk\/wp-content\/uploads\/2025\/06\/logo-new-header.png\",\"width\":300,\"height\":294,\"caption\":\"TCA eShop - Tactical Combat Academy\"},\"image\":{\"@id\":\"https:\/\/eshop.tca.sk\/de\/#\/schema\/logo\/image\/\"}}]}<\/script>\n<!-- \/ Yoast SEO plugin. -->","yoast_head_json":{"title":"Gewehrriemen Black Trident Two Point Sling Multicam Black - TCA eShop - Tactical Combat Academy","description":"Der Gewehrriemen Black Trident Two Point Sling Multicam Black ist die perfekte L\u00f6sung, dessen Eigenschaften auf den Anforderungen von Profis basieren.","robots":{"index":"index","follow":"follow","max-snippet":"max-snippet:-1","max-image-preview":"max-image-preview:large","max-video-preview":"max-video-preview:-1"},"canonical":"https:\/\/eshop.tca.sk\/de\/waffenzubehoer\/popruh-na-pusku-black-trident-two-point-sling-multicam-black\/","og_locale":"de_DE","og_type":"article","og_title":"Gewehrriemen Black Trident Two Point Sling Multicam Black - TCA eShop - Tactical Combat Academy","og_description":"Der Gewehrriemen Black Trident Two Point Sling Multicam Black ist die perfekte L\u00f6sung, dessen Eigenschaften auf den Anforderungen von Profis basieren.","og_url":"https:\/\/eshop.tca.sk\/de\/waffenzubehoer\/popruh-na-pusku-black-trident-two-point-sling-multicam-black\/","og_site_name":"TCA eShop - Tactical Combat Academy","article_modified_time":"2026-03-07T21:32:00+00:00","og_image":[{"width":1000,"height":1000,"url":"https:\/\/eshop.tca.sk\/wp-content\/uploads\/2026\/01\/BT-sling-MTCB-1.jpg","type":"image\/jpeg"}],"twitter_card":"summary_large_image","schema":{"@context":"https:\/\/schema.org","@graph":[{"@type":"WebPage","@id":"https:\/\/eshop.tca.sk\/de\/waffenzubehoer\/popruh-na-pusku-black-trident-two-point-sling-multicam-black\/","url":"https:\/\/eshop.tca.sk\/de\/waffenzubehoer\/popruh-na-pusku-black-trident-two-point-sling-multicam-black\/","name":"Gewehrriemen Black Trident Two Point Sling Multicam Black - TCA eShop - Tactical Combat Academy","isPartOf":{"@id":"https:\/\/eshop.tca.sk\/de\/#website"},"primaryImageOfPage":{"@id":"https:\/\/eshop.tca.sk\/de\/waffenzubehoer\/popruh-na-pusku-black-trident-two-point-sling-multicam-black\/#primaryimage"},"image":{"@id":"https:\/\/eshop.tca.sk\/de\/waffenzubehoer\/popruh-na-pusku-black-trident-two-point-sling-multicam-black\/#primaryimage"},"thumbnailUrl":"https:\/\/eshop.tca.sk\/wp-content\/uploads\/2026\/01\/BT-sling-MTCB-1.jpg","datePublished":"2026-01-09T12:57:16+00:00","dateModified":"2026-03-07T21:32:00+00:00","description":"Der Gewehrriemen Black Trident Two Point Sling Multicam Black ist die perfekte L\u00f6sung, dessen Eigenschaften auf den Anforderungen von Profis basieren.","breadcrumb":{"@id":"https:\/\/eshop.tca.sk\/de\/waffenzubehoer\/popruh-na-pusku-black-trident-two-point-sling-multicam-black\/#breadcrumb"},"inLanguage":"de","potentialAction":[{"@type":"ReadAction","target":["https:\/\/eshop.tca.sk\/de\/waffenzubehoer\/popruh-na-pusku-black-trident-two-point-sling-multicam-black\/"]}]},{"@type":"ImageObject","inLanguage":"de","@id":"https:\/\/eshop.tca.sk\/de\/waffenzubehoer\/popruh-na-pusku-black-trident-two-point-sling-multicam-black\/#primaryimage","url":"https:\/\/eshop.tca.sk\/wp-content\/uploads\/2026\/01\/BT-sling-MTCB-1.jpg","contentUrl":"https:\/\/eshop.tca.sk\/wp-content\/uploads\/2026\/01\/BT-sling-MTCB-1.jpg","width":1000,"height":1000,"caption":"Popruh na Pu\u0161ku Black Trident Two Point Sling Multicam Black"},{"@type":"BreadcrumbList","@id":"https:\/\/eshop.tca.sk\/de\/waffenzubehoer\/popruh-na-pusku-black-trident-two-point-sling-multicam-black\/#breadcrumb","itemListElement":[{"@type":"ListItem","position":1,"name":"Domovsk\u00e1 str\u00e1nka","item":"https:\/\/eshop.tca.sk\/de\/"},{"@type":"ListItem","position":2,"name":"Shop","item":"https:\/\/eshop.tca.sk\/de\/shop\/"},{"@type":"ListItem","position":3,"name":"Gewehrriemen Black Trident Two Point Sling Multicam Black"}]},{"@type":"WebSite","@id":"https:\/\/eshop.tca.sk\/de\/#website","url":"https:\/\/eshop.tca.sk\/de\/","name":"TCA eShop - Tactical Combat Academy","description":"Tactical Combat Academy","publisher":{"@id":"https:\/\/eshop.tca.sk\/de\/#organization"},"potentialAction":[{"@type":"SearchAction","target":{"@type":"EntryPoint","urlTemplate":"https:\/\/eshop.tca.sk\/de\/?s={search_term_string}"},"query-input":{"@type":"PropertyValueSpecification","valueRequired":true,"valueName":"search_term_string"}}],"inLanguage":"de"},{"@type":"Organization","@id":"https:\/\/eshop.tca.sk\/de\/#organization","name":"TCA eShop - Tactical Combat Academy","url":"https:\/\/eshop.tca.sk\/de\/","logo":{"@type":"ImageObject","inLanguage":"de","@id":"https:\/\/eshop.tca.sk\/de\/#\/schema\/logo\/image\/","url":"https:\/\/eshop.tca.sk\/wp-content\/uploads\/2025\/06\/logo-new-header.png","contentUrl":"https:\/\/eshop.tca.sk\/wp-content\/uploads\/2025\/06\/logo-new-header.png","width":300,"height":294,"caption":"TCA eShop - Tactical Combat Academy"},"image":{"@id":"https:\/\/eshop.tca.sk\/de\/#\/schema\/logo\/image\/"}}]}},"_links":{"self":[{"href":"https:\/\/eshop.tca.sk\/de\/wp-json\/wp\/v2\/product\/16364","targetHints":{"allow":["GET"]}}],"collection":[{"href":"https:\/\/eshop.tca.sk\/de\/wp-json\/wp\/v2\/product"}],"about":[{"href":"https:\/\/eshop.tca.sk\/de\/wp-json\/wp\/v2\/types\/product"}],"wp:featuredmedia":[{"embeddable":true,"href":"https:\/\/eshop.tca.sk\/de\/wp-json\/wp\/v2\/media\/16370"}],"wp:attachment":[{"href":"https:\/\/eshop.tca.sk\/de\/wp-json\/wp\/v2\/media?parent=16364"}],"wp:term":[{"taxonomy":"product_brand","embeddable":true,"href":"https:\/\/eshop.tca.sk\/de\/wp-json\/wp\/v2\/product_brand?post=16364"},{"taxonomy":"product_cat","embeddable":true,"href":"https:\/\/eshop.tca.sk\/de\/wp-json\/wp\/v2\/product_cat?post=16364"},{"taxonomy":"product_tag","embeddable":true,"href":"https:\/\/eshop.tca.sk\/de\/wp-json\/wp\/v2\/product_tag?post=16364"},{"taxonomy":"giftcard-category","embeddable":true,"href":"https:\/\/eshop.tca.sk\/de\/wp-json\/wp\/v2\/giftcard-category?post=16364"}],"curies":[{"name":"wp","href":"https:\/\/api.w.org\/{rel}","templated":true}]}}