{"id":16426,"date":"2026-02-09T15:35:22","date_gmt":"2026-02-09T14:35:22","guid":{"rendered":"https:\/\/eshop.tca.sk\/unkategorisiert\/drziak-na-popruh-kolibri-works-buss-2-0\/"},"modified":"2026-02-09T15:35:22","modified_gmt":"2026-02-09T14:35:22","slug":"drziak-na-popruh-kolibri-works-buss-2-0","status":"publish","type":"product","link":"https:\/\/eshop.tca.sk\/de\/gewehrriemen\/drziak-na-popruh-kolibri-works-buss-2-0\/","title":{"rendered":"Gurtbefestigung Kolibri Works BUSS 2.0"},"content":{"rendered":"<h3><strong>Gurtbefestigung Kolibri Works BUSS 2.0<\/strong><\/h3>\n<p>Der Riemenhalter Kolibri Works BUSS 2.0 ist so konzipiert, dass der Waffenriemen immer unter Kontrolle und einsatzbereit bleibt. Dieses System erm\u00f6glicht ein schnelles und einfaches Verstauen des Riemens am K\u00f6rper der Waffe und ebenso schnelles Anlegen, wenn Sie ihn brauchen. Dank des vormontierten Bungee-Systems kannst du die L\u00e4nge genau auf deinen Gurt und dein Gewehr abstimmen, sodass der Gurt nicht verrutscht und auch in schwierigem Gel\u00e4nde oder beim Tragen eines Rucksacks nicht st\u00f6rt.<\/p>\n<p><strong>Hauptmerkmale<\/strong><\/p>\n<ul>\n<li>Effizient verstauter Gurt \u2013 h\u00e4lt den Sling am K\u00f6rper und verhindert, dass er frei h\u00e4ngt und sich in der Ausr\u00fcstung verf\u00e4ngt.<\/li>\n<li>Schnelle Entriegelung mit einem Handgriff \u2013 sofortige Montage ohne unn\u00f6tige Handgriffe.<\/li>\n<li>Universelle Montage \u2013 keine spezielle Schiene erforderlich; f\u00fcr die meisten Standardgurte geeignet.<\/li>\n<li>Einfache Einstellung \u2013 vormontiertes Produkt, einstellbare L\u00e4nge der elastischen Schnur.<\/li>\n<li>Hochwertige Materialien \u2013 Aluminium, PA12 (Nylon) und hochfeste Bungee-Schnur f\u00fcr den t\u00e4glichen Gebrauch.<\/li>\n<\/ul>\n<p><strong>Technische Parameter<\/strong><\/p>\n<ul>\n<li>Material: Aluminium, PA12 (Polyamid 12), Bungee-Schnur<\/li>\n<li>Kompatibilit\u00e4t: universell f\u00fcr Standard-Waffengurte<\/li>\n<li>Farbe: Schwarz<\/li>\n<\/ul>\n","protected":false},"excerpt":{"rendered":"<p><img loading=\"lazy\" decoding=\"async\" class=\"alignnone wp-image-16416\" src=\"https:\/\/eshop.tca.sk\/wp-content\/uploads\/2026\/02\/kolibri.png.png\" alt=\"\" width=\"117\" height=\"118\" srcset=\"https:\/\/eshop.tca.sk\/wp-content\/uploads\/2026\/02\/kolibri.png.png 224w, https:\/\/eshop.tca.sk\/wp-content\/uploads\/2026\/02\/kolibri.png-150x150.png 150w, https:\/\/eshop.tca.sk\/wp-content\/uploads\/2026\/02\/kolibri.png-24x24.png 24w, https:\/\/eshop.tca.sk\/wp-content\/uploads\/2026\/02\/kolibri.png-36x36.png 36w, https:\/\/eshop.tca.sk\/wp-content\/uploads\/2026\/02\/kolibri.png-48x48.png 48w, https:\/\/eshop.tca.sk\/wp-content\/uploads\/2026\/02\/kolibri.png-100x100.png 100w\" sizes=\"auto, (max-width: 117px) 100vw, 117px\" \/><\/p>\n<p>Der Riemenhalter Kolibri Works BUSS 2.0 ist so konzipiert, dass der Waffenriemen immer unter Kontrolle und einsatzbereit bleibt.<\/p>\n<div class=\"woocommerce-product-details__short-description\">\n<p><img loading=\"lazy\" decoding=\"async\" class=\"wp-image-8564 alignnone\" src=\"https:\/\/eshop.tca.sk\/wp-content\/uploads\/2023\/04\/Logo-Whack-Black-White-R-APPROVED.png\" alt=\"\" width=\"138\" height=\"75\" srcset=\"https:\/\/eshop.tca.sk\/wp-content\/uploads\/2023\/04\/Logo-Whack-Black-White-R-APPROVED.png 571w, https:\/\/eshop.tca.sk\/wp-content\/uploads\/2023\/04\/Logo-Whack-Black-White-R-APPROVED-300x163.png 300w\" sizes=\"auto, (max-width: 138px) 100vw, 138px\" \/><\/p>\n<p>Vom TCA und dem WHACK-System verwendete und empfohlene Equipment.<\/p>\n<\/div>\n","protected":false},"featured_media":16415,"template":"","meta":{"inline_featured_image":false},"product_brand":[857],"product_cat":[321,318],"product_tag":[860],"giftcard-category":[],"class_list":{"0":"post-16426","1":"product","2":"type-product","3":"status-publish","4":"has-post-thumbnail","6":"product_brand-kolibri-works","7":"product_cat-gewehrriemen","8":"product_cat-waffenzubehoer","9":"product_tag-kolibri","11":"first","12":"instock","13":"taxable","14":"shipping-taxable","15":"purchasable","16":"product-type-simple"},"yoast_head":"<!-- This site is optimized with the Yoast SEO plugin v26.4 - https:\/\/yoast.com\/wordpress\/plugins\/seo\/ -->\n<title>Gurtbefestigung Kolibri Works BUSS 2.0 - TCA eShop - Tactical Combat Academy<\/title>\n<meta name=\"description\" content=\"Der Riemenhalter Kolibri Works BUSS 2.0 ist so konzipiert, dass der Waffenriemen immer unter Kontrolle und einsatzbereit bleibt.\" \/>\n<meta name=\"robots\" content=\"index, follow, max-snippet:-1, max-image-preview:large, max-video-preview:-1\" \/>\n<link rel=\"canonical\" href=\"https:\/\/eshop.tca.sk\/de\/gewehrriemen\/drziak-na-popruh-kolibri-works-buss-2-0\/\" \/>\n<meta property=\"og:locale\" content=\"de_DE\" \/>\n<meta property=\"og:type\" content=\"article\" \/>\n<meta property=\"og:title\" content=\"Gurtbefestigung Kolibri Works BUSS 2.0 - TCA eShop - Tactical Combat Academy\" \/>\n<meta property=\"og:description\" content=\"Der Riemenhalter Kolibri Works BUSS 2.0 ist so konzipiert, dass der Waffenriemen immer unter Kontrolle und einsatzbereit bleibt.\" \/>\n<meta property=\"og:url\" content=\"https:\/\/eshop.tca.sk\/de\/gewehrriemen\/drziak-na-popruh-kolibri-works-buss-2-0\/\" \/>\n<meta property=\"og:site_name\" content=\"TCA eShop - Tactical Combat Academy\" \/>\n<meta property=\"og:image\" content=\"https:\/\/eshop.tca.sk\/wp-content\/uploads\/2026\/02\/BUSS-2.0.jpg\" \/>\n\t<meta property=\"og:image:width\" content=\"1000\" \/>\n\t<meta property=\"og:image:height\" content=\"1000\" \/>\n\t<meta property=\"og:image:type\" content=\"image\/jpeg\" \/>\n<meta name=\"twitter:card\" content=\"summary_large_image\" \/>\n<script type=\"application\/ld+json\" class=\"yoast-schema-graph\">{\"@context\":\"https:\/\/schema.org\",\"@graph\":[{\"@type\":\"WebPage\",\"@id\":\"https:\/\/eshop.tca.sk\/de\/gewehrriemen\/drziak-na-popruh-kolibri-works-buss-2-0\/\",\"url\":\"https:\/\/eshop.tca.sk\/de\/gewehrriemen\/drziak-na-popruh-kolibri-works-buss-2-0\/\",\"name\":\"Gurtbefestigung Kolibri Works BUSS 2.0 - TCA eShop - Tactical Combat Academy\",\"isPartOf\":{\"@id\":\"https:\/\/eshop.tca.sk\/de\/#website\"},\"primaryImageOfPage\":{\"@id\":\"https:\/\/eshop.tca.sk\/de\/gewehrriemen\/drziak-na-popruh-kolibri-works-buss-2-0\/#primaryimage\"},\"image\":{\"@id\":\"https:\/\/eshop.tca.sk\/de\/gewehrriemen\/drziak-na-popruh-kolibri-works-buss-2-0\/#primaryimage\"},\"thumbnailUrl\":\"https:\/\/eshop.tca.sk\/wp-content\/uploads\/2026\/02\/BUSS-2.0.jpg\",\"datePublished\":\"2026-02-09T14:35:22+00:00\",\"description\":\"Der Riemenhalter Kolibri Works BUSS 2.0 ist so konzipiert, dass der Waffenriemen immer unter Kontrolle und einsatzbereit bleibt.\",\"breadcrumb\":{\"@id\":\"https:\/\/eshop.tca.sk\/de\/gewehrriemen\/drziak-na-popruh-kolibri-works-buss-2-0\/#breadcrumb\"},\"inLanguage\":\"de\",\"potentialAction\":[{\"@type\":\"ReadAction\",\"target\":[\"https:\/\/eshop.tca.sk\/de\/gewehrriemen\/drziak-na-popruh-kolibri-works-buss-2-0\/\"]}]},{\"@type\":\"ImageObject\",\"inLanguage\":\"de\",\"@id\":\"https:\/\/eshop.tca.sk\/de\/gewehrriemen\/drziak-na-popruh-kolibri-works-buss-2-0\/#primaryimage\",\"url\":\"https:\/\/eshop.tca.sk\/wp-content\/uploads\/2026\/02\/BUSS-2.0.jpg\",\"contentUrl\":\"https:\/\/eshop.tca.sk\/wp-content\/uploads\/2026\/02\/BUSS-2.0.jpg\",\"width\":1000,\"height\":1000,\"caption\":\"Dr\u017eiak na popruh Kolibri Works BUSS 2.0\"},{\"@type\":\"BreadcrumbList\",\"@id\":\"https:\/\/eshop.tca.sk\/de\/gewehrriemen\/drziak-na-popruh-kolibri-works-buss-2-0\/#breadcrumb\",\"itemListElement\":[{\"@type\":\"ListItem\",\"position\":1,\"name\":\"Domovsk\u00e1 str\u00e1nka\",\"item\":\"https:\/\/eshop.tca.sk\/de\/\"},{\"@type\":\"ListItem\",\"position\":2,\"name\":\"Shop\",\"item\":\"https:\/\/eshop.tca.sk\/de\/shop\/\"},{\"@type\":\"ListItem\",\"position\":3,\"name\":\"Gurtbefestigung Kolibri Works BUSS 2.0\"}]},{\"@type\":\"WebSite\",\"@id\":\"https:\/\/eshop.tca.sk\/de\/#website\",\"url\":\"https:\/\/eshop.tca.sk\/de\/\",\"name\":\"TCA eShop - Tactical Combat Academy\",\"description\":\"Tactical Combat Academy\",\"publisher\":{\"@id\":\"https:\/\/eshop.tca.sk\/de\/#organization\"},\"potentialAction\":[{\"@type\":\"SearchAction\",\"target\":{\"@type\":\"EntryPoint\",\"urlTemplate\":\"https:\/\/eshop.tca.sk\/de\/?s={search_term_string}\"},\"query-input\":{\"@type\":\"PropertyValueSpecification\",\"valueRequired\":true,\"valueName\":\"search_term_string\"}}],\"inLanguage\":\"de\"},{\"@type\":\"Organization\",\"@id\":\"https:\/\/eshop.tca.sk\/de\/#organization\",\"name\":\"TCA eShop - Tactical Combat Academy\",\"url\":\"https:\/\/eshop.tca.sk\/de\/\",\"logo\":{\"@type\":\"ImageObject\",\"inLanguage\":\"de\",\"@id\":\"https:\/\/eshop.tca.sk\/de\/#\/schema\/logo\/image\/\",\"url\":\"https:\/\/eshop.tca.sk\/wp-content\/uploads\/2025\/06\/logo-new-header.png\",\"contentUrl\":\"https:\/\/eshop.tca.sk\/wp-content\/uploads\/2025\/06\/logo-new-header.png\",\"width\":300,\"height\":294,\"caption\":\"TCA eShop - Tactical Combat Academy\"},\"image\":{\"@id\":\"https:\/\/eshop.tca.sk\/de\/#\/schema\/logo\/image\/\"}}]}<\/script>\n<!-- \/ Yoast SEO plugin. -->","yoast_head_json":{"title":"Gurtbefestigung Kolibri Works BUSS 2.0 - TCA eShop - Tactical Combat Academy","description":"Der Riemenhalter Kolibri Works BUSS 2.0 ist so konzipiert, dass der Waffenriemen immer unter Kontrolle und einsatzbereit bleibt.","robots":{"index":"index","follow":"follow","max-snippet":"max-snippet:-1","max-image-preview":"max-image-preview:large","max-video-preview":"max-video-preview:-1"},"canonical":"https:\/\/eshop.tca.sk\/de\/gewehrriemen\/drziak-na-popruh-kolibri-works-buss-2-0\/","og_locale":"de_DE","og_type":"article","og_title":"Gurtbefestigung Kolibri Works BUSS 2.0 - TCA eShop - Tactical Combat Academy","og_description":"Der Riemenhalter Kolibri Works BUSS 2.0 ist so konzipiert, dass der Waffenriemen immer unter Kontrolle und einsatzbereit bleibt.","og_url":"https:\/\/eshop.tca.sk\/de\/gewehrriemen\/drziak-na-popruh-kolibri-works-buss-2-0\/","og_site_name":"TCA eShop - Tactical Combat Academy","og_image":[{"width":1000,"height":1000,"url":"https:\/\/eshop.tca.sk\/wp-content\/uploads\/2026\/02\/BUSS-2.0.jpg","type":"image\/jpeg"}],"twitter_card":"summary_large_image","schema":{"@context":"https:\/\/schema.org","@graph":[{"@type":"WebPage","@id":"https:\/\/eshop.tca.sk\/de\/gewehrriemen\/drziak-na-popruh-kolibri-works-buss-2-0\/","url":"https:\/\/eshop.tca.sk\/de\/gewehrriemen\/drziak-na-popruh-kolibri-works-buss-2-0\/","name":"Gurtbefestigung Kolibri Works BUSS 2.0 - TCA eShop - Tactical Combat Academy","isPartOf":{"@id":"https:\/\/eshop.tca.sk\/de\/#website"},"primaryImageOfPage":{"@id":"https:\/\/eshop.tca.sk\/de\/gewehrriemen\/drziak-na-popruh-kolibri-works-buss-2-0\/#primaryimage"},"image":{"@id":"https:\/\/eshop.tca.sk\/de\/gewehrriemen\/drziak-na-popruh-kolibri-works-buss-2-0\/#primaryimage"},"thumbnailUrl":"https:\/\/eshop.tca.sk\/wp-content\/uploads\/2026\/02\/BUSS-2.0.jpg","datePublished":"2026-02-09T14:35:22+00:00","description":"Der Riemenhalter Kolibri Works BUSS 2.0 ist so konzipiert, dass der Waffenriemen immer unter Kontrolle und einsatzbereit bleibt.","breadcrumb":{"@id":"https:\/\/eshop.tca.sk\/de\/gewehrriemen\/drziak-na-popruh-kolibri-works-buss-2-0\/#breadcrumb"},"inLanguage":"de","potentialAction":[{"@type":"ReadAction","target":["https:\/\/eshop.tca.sk\/de\/gewehrriemen\/drziak-na-popruh-kolibri-works-buss-2-0\/"]}]},{"@type":"ImageObject","inLanguage":"de","@id":"https:\/\/eshop.tca.sk\/de\/gewehrriemen\/drziak-na-popruh-kolibri-works-buss-2-0\/#primaryimage","url":"https:\/\/eshop.tca.sk\/wp-content\/uploads\/2026\/02\/BUSS-2.0.jpg","contentUrl":"https:\/\/eshop.tca.sk\/wp-content\/uploads\/2026\/02\/BUSS-2.0.jpg","width":1000,"height":1000,"caption":"Dr\u017eiak na popruh Kolibri Works BUSS 2.0"},{"@type":"BreadcrumbList","@id":"https:\/\/eshop.tca.sk\/de\/gewehrriemen\/drziak-na-popruh-kolibri-works-buss-2-0\/#breadcrumb","itemListElement":[{"@type":"ListItem","position":1,"name":"Domovsk\u00e1 str\u00e1nka","item":"https:\/\/eshop.tca.sk\/de\/"},{"@type":"ListItem","position":2,"name":"Shop","item":"https:\/\/eshop.tca.sk\/de\/shop\/"},{"@type":"ListItem","position":3,"name":"Gurtbefestigung Kolibri Works BUSS 2.0"}]},{"@type":"WebSite","@id":"https:\/\/eshop.tca.sk\/de\/#website","url":"https:\/\/eshop.tca.sk\/de\/","name":"TCA eShop - Tactical Combat Academy","description":"Tactical Combat Academy","publisher":{"@id":"https:\/\/eshop.tca.sk\/de\/#organization"},"potentialAction":[{"@type":"SearchAction","target":{"@type":"EntryPoint","urlTemplate":"https:\/\/eshop.tca.sk\/de\/?s={search_term_string}"},"query-input":{"@type":"PropertyValueSpecification","valueRequired":true,"valueName":"search_term_string"}}],"inLanguage":"de"},{"@type":"Organization","@id":"https:\/\/eshop.tca.sk\/de\/#organization","name":"TCA eShop - Tactical Combat Academy","url":"https:\/\/eshop.tca.sk\/de\/","logo":{"@type":"ImageObject","inLanguage":"de","@id":"https:\/\/eshop.tca.sk\/de\/#\/schema\/logo\/image\/","url":"https:\/\/eshop.tca.sk\/wp-content\/uploads\/2025\/06\/logo-new-header.png","contentUrl":"https:\/\/eshop.tca.sk\/wp-content\/uploads\/2025\/06\/logo-new-header.png","width":300,"height":294,"caption":"TCA eShop - Tactical Combat Academy"},"image":{"@id":"https:\/\/eshop.tca.sk\/de\/#\/schema\/logo\/image\/"}}]}},"_links":{"self":[{"href":"https:\/\/eshop.tca.sk\/de\/wp-json\/wp\/v2\/product\/16426","targetHints":{"allow":["GET"]}}],"collection":[{"href":"https:\/\/eshop.tca.sk\/de\/wp-json\/wp\/v2\/product"}],"about":[{"href":"https:\/\/eshop.tca.sk\/de\/wp-json\/wp\/v2\/types\/product"}],"wp:featuredmedia":[{"embeddable":true,"href":"https:\/\/eshop.tca.sk\/de\/wp-json\/wp\/v2\/media\/16415"}],"wp:attachment":[{"href":"https:\/\/eshop.tca.sk\/de\/wp-json\/wp\/v2\/media?parent=16426"}],"wp:term":[{"taxonomy":"product_brand","embeddable":true,"href":"https:\/\/eshop.tca.sk\/de\/wp-json\/wp\/v2\/product_brand?post=16426"},{"taxonomy":"product_cat","embeddable":true,"href":"https:\/\/eshop.tca.sk\/de\/wp-json\/wp\/v2\/product_cat?post=16426"},{"taxonomy":"product_tag","embeddable":true,"href":"https:\/\/eshop.tca.sk\/de\/wp-json\/wp\/v2\/product_tag?post=16426"},{"taxonomy":"giftcard-category","embeddable":true,"href":"https:\/\/eshop.tca.sk\/de\/wp-json\/wp\/v2\/giftcard-category?post=16426"}],"curies":[{"name":"wp","href":"https:\/\/api.w.org\/{rel}","templated":true}]}}