{"id":16427,"date":"2026-02-09T15:41:55","date_gmt":"2026-02-09T14:41:55","guid":{"rendered":"https:\/\/eshop.tca.sk\/unkategorisiert\/vertikalny-grip-kolibri-works-pahyl-l\/"},"modified":"2026-02-09T15:41:55","modified_gmt":"2026-02-09T14:41:55","slug":"vertikalny-grip-kolibri-works-pahyl-l","status":"publish","type":"product","link":"https:\/\/eshop.tca.sk\/de\/grips\/vertikalny-grip-kolibri-works-pahyl-l\/","title":{"rendered":"Vertikaler Griff Kolibri Works PAH\u00ddL L"},"content":{"rendered":"<h3><strong>Vertikaler Griff Kolibri Works PAH\u00ddL L<\/strong><\/h3>\n<p>Vertikaler Griff Kolibri Works PAH\u00ddL\u202fL ist ein kompakter und funktioneller Griff, der Ihnen eine sichere Kontrolle \u00fcber das Gewehr ohne unn\u00f6tiges Gewicht oder Volumen bietet. Dieser Griff wurde mit Blick auf Ergonomie und den t\u00e4glichen taktischen Einsatz entwickelt und hilft Ihnen, die Waffe beim Schie\u00dfen aus verschiedenen Positionen zu stabilisieren, schneller zwischen Zielen zu wechseln und auch bei hohem Tempo einen festen Griff zu behalten. Das minimalistische Design behindert nicht die Handhabung der Waffe und l\u00e4sst sich leicht mit anderen taktischen Zubeh\u00f6rteilen kombinieren.<\/p>\n<p><strong>Hauptmerkmale<\/strong><\/p>\n<ul>\n<li>Kompaktes Low-Profile-Design \u2013 geringes Gewicht und keine unn\u00f6tigen Vorspr\u00fcnge, die sich in der Ausr\u00fcstung verfangen k\u00f6nnten.<\/li>\n<li>Ergonomische Form \u2013 komfortabler und fester Griff, verbessert die Stabilit\u00e4t beim Schie\u00dfen.<\/li>\n<li>Robuste Ausf\u00fchrung \u2013 Materialien, die sowohl gegen Verschlei\u00df als auch gegen h\u00e4ufigen Einsatz im Gel\u00e4nde best\u00e4ndig sind.<\/li>\n<li>Modulare Kompatibilit\u00e4t \u2013 geeignet f\u00fcr Standard-Schienensysteme und taktische Konfigurationen.<\/li>\n<\/ul>\n<p><strong>Technische Parameter<\/strong><\/p>\n<ul>\n<li>Typ: vertikaler Griff<\/li>\n<li>Material: widerstandsf\u00e4higer Polymer\/Verbundwerkstoff<\/li>\n<li>Farbe: Schwarz<\/li>\n<li>Kompatibilit\u00e4t: Universalgriff f\u00fcr M\u2011LOK<\/li>\n<\/ul>\n","protected":false},"excerpt":{"rendered":"<p><img loading=\"lazy\" decoding=\"async\" class=\"alignnone wp-image-16416\" src=\"https:\/\/eshop.tca.sk\/wp-content\/uploads\/2026\/02\/kolibri.png.png\" alt=\"\" width=\"117\" height=\"118\" srcset=\"https:\/\/eshop.tca.sk\/wp-content\/uploads\/2026\/02\/kolibri.png.png 224w, https:\/\/eshop.tca.sk\/wp-content\/uploads\/2026\/02\/kolibri.png-150x150.png 150w, https:\/\/eshop.tca.sk\/wp-content\/uploads\/2026\/02\/kolibri.png-24x24.png 24w, https:\/\/eshop.tca.sk\/wp-content\/uploads\/2026\/02\/kolibri.png-36x36.png 36w, https:\/\/eshop.tca.sk\/wp-content\/uploads\/2026\/02\/kolibri.png-48x48.png 48w, https:\/\/eshop.tca.sk\/wp-content\/uploads\/2026\/02\/kolibri.png-100x100.png 100w\" sizes=\"auto, (max-width: 117px) 100vw, 117px\" \/><\/p>\n<p>Vertikaler Griff Kolibri Works PAH\u00ddL\u202fL ist ein kompakter und funktioneller Griff, der Ihnen eine sichere Kontrolle \u00fcber das Gewehr ohne unn\u00f6tiges Gewicht oder Volumen bietet.<\/p>\n<div class=\"woocommerce-product-details__short-description\">\n<p><img loading=\"lazy\" decoding=\"async\" class=\"wp-image-8564 alignnone\" src=\"https:\/\/eshop.tca.sk\/wp-content\/uploads\/2023\/04\/Logo-Whack-Black-White-R-APPROVED.png\" alt=\"\" width=\"138\" height=\"75\" srcset=\"https:\/\/eshop.tca.sk\/wp-content\/uploads\/2023\/04\/Logo-Whack-Black-White-R-APPROVED.png 571w, https:\/\/eshop.tca.sk\/wp-content\/uploads\/2023\/04\/Logo-Whack-Black-White-R-APPROVED-300x163.png 300w\" sizes=\"auto, (max-width: 138px) 100vw, 138px\" \/><\/p>\n<p>Vom TCA und dem WHACK-System verwendete und empfohlene Equipment.<\/p>\n<\/div>\n","protected":false},"featured_media":16420,"template":"","meta":{"inline_featured_image":false},"product_brand":[857],"product_cat":[442,318],"product_tag":[860],"giftcard-category":[],"class_list":{"0":"post-16427","1":"product","2":"type-product","3":"status-publish","4":"has-post-thumbnail","6":"product_brand-kolibri-works","7":"product_cat-grips","8":"product_cat-waffenzubehoer","9":"product_tag-kolibri","11":"first","12":"instock","13":"taxable","14":"shipping-taxable","15":"purchasable","16":"product-type-simple"},"yoast_head":"<!-- This site is optimized with the Yoast SEO plugin v26.4 - https:\/\/yoast.com\/wordpress\/plugins\/seo\/ -->\n<title>Vertikaler Griff Kolibri Works PAH\u00ddL L - TCA eShop - Tactical Combat Academy<\/title>\n<meta name=\"description\" content=\"Vertikaler Griff Kolibri Works PAH\u00ddL\u202fL ist ein kompakter und funktioneller Griff, der Ihnen eine sichere Kontrolle \u00fcber das Gewehr ohne unn\u00f6tiges Gewicht oder Volumen bietet.\" \/>\n<meta name=\"robots\" content=\"index, follow, max-snippet:-1, max-image-preview:large, max-video-preview:-1\" \/>\n<link rel=\"canonical\" href=\"https:\/\/eshop.tca.sk\/de\/grips\/vertikalny-grip-kolibri-works-pahyl-l\/\" \/>\n<meta property=\"og:locale\" content=\"de_DE\" \/>\n<meta property=\"og:type\" content=\"article\" \/>\n<meta property=\"og:title\" content=\"Vertikaler Griff Kolibri Works PAH\u00ddL L - TCA eShop - Tactical Combat Academy\" \/>\n<meta property=\"og:description\" content=\"Vertikaler Griff Kolibri Works PAH\u00ddL\u202fL ist ein kompakter und funktioneller Griff, der Ihnen eine sichere Kontrolle \u00fcber das Gewehr ohne unn\u00f6tiges Gewicht oder Volumen bietet.\" \/>\n<meta property=\"og:url\" content=\"https:\/\/eshop.tca.sk\/de\/grips\/vertikalny-grip-kolibri-works-pahyl-l\/\" \/>\n<meta property=\"og:site_name\" content=\"TCA eShop - Tactical Combat Academy\" \/>\n<meta property=\"og:image\" content=\"https:\/\/eshop.tca.sk\/wp-content\/uploads\/2026\/02\/Pahyl-2.jpg\" \/>\n\t<meta property=\"og:image:width\" content=\"1000\" \/>\n\t<meta property=\"og:image:height\" content=\"1000\" \/>\n\t<meta property=\"og:image:type\" content=\"image\/jpeg\" \/>\n<meta name=\"twitter:card\" content=\"summary_large_image\" \/>\n<script type=\"application\/ld+json\" class=\"yoast-schema-graph\">{\"@context\":\"https:\/\/schema.org\",\"@graph\":[{\"@type\":\"WebPage\",\"@id\":\"https:\/\/eshop.tca.sk\/de\/grips\/vertikalny-grip-kolibri-works-pahyl-l\/\",\"url\":\"https:\/\/eshop.tca.sk\/de\/grips\/vertikalny-grip-kolibri-works-pahyl-l\/\",\"name\":\"Vertikaler Griff Kolibri Works PAH\u00ddL L - TCA eShop - Tactical Combat Academy\",\"isPartOf\":{\"@id\":\"https:\/\/eshop.tca.sk\/de\/#website\"},\"primaryImageOfPage\":{\"@id\":\"https:\/\/eshop.tca.sk\/de\/grips\/vertikalny-grip-kolibri-works-pahyl-l\/#primaryimage\"},\"image\":{\"@id\":\"https:\/\/eshop.tca.sk\/de\/grips\/vertikalny-grip-kolibri-works-pahyl-l\/#primaryimage\"},\"thumbnailUrl\":\"https:\/\/eshop.tca.sk\/wp-content\/uploads\/2026\/02\/Pahyl-2.jpg\",\"datePublished\":\"2026-02-09T14:41:55+00:00\",\"description\":\"Vertikaler Griff Kolibri Works PAH\u00ddL\u202fL ist ein kompakter und funktioneller Griff, der Ihnen eine sichere Kontrolle \u00fcber das Gewehr ohne unn\u00f6tiges Gewicht oder Volumen bietet.\",\"breadcrumb\":{\"@id\":\"https:\/\/eshop.tca.sk\/de\/grips\/vertikalny-grip-kolibri-works-pahyl-l\/#breadcrumb\"},\"inLanguage\":\"de\",\"potentialAction\":[{\"@type\":\"ReadAction\",\"target\":[\"https:\/\/eshop.tca.sk\/de\/grips\/vertikalny-grip-kolibri-works-pahyl-l\/\"]}]},{\"@type\":\"ImageObject\",\"inLanguage\":\"de\",\"@id\":\"https:\/\/eshop.tca.sk\/de\/grips\/vertikalny-grip-kolibri-works-pahyl-l\/#primaryimage\",\"url\":\"https:\/\/eshop.tca.sk\/wp-content\/uploads\/2026\/02\/Pahyl-2.jpg\",\"contentUrl\":\"https:\/\/eshop.tca.sk\/wp-content\/uploads\/2026\/02\/Pahyl-2.jpg\",\"width\":1000,\"height\":1000,\"caption\":\"Vertik\u00e1lny Grip Kolibri Works PAH\u00ddL\u202fL\"},{\"@type\":\"BreadcrumbList\",\"@id\":\"https:\/\/eshop.tca.sk\/de\/grips\/vertikalny-grip-kolibri-works-pahyl-l\/#breadcrumb\",\"itemListElement\":[{\"@type\":\"ListItem\",\"position\":1,\"name\":\"Domovsk\u00e1 str\u00e1nka\",\"item\":\"https:\/\/eshop.tca.sk\/de\/\"},{\"@type\":\"ListItem\",\"position\":2,\"name\":\"Shop\",\"item\":\"https:\/\/eshop.tca.sk\/de\/shop\/\"},{\"@type\":\"ListItem\",\"position\":3,\"name\":\"Vertikaler Griff Kolibri Works PAH\u00ddL L\"}]},{\"@type\":\"WebSite\",\"@id\":\"https:\/\/eshop.tca.sk\/de\/#website\",\"url\":\"https:\/\/eshop.tca.sk\/de\/\",\"name\":\"TCA eShop - Tactical Combat Academy\",\"description\":\"Tactical Combat Academy\",\"publisher\":{\"@id\":\"https:\/\/eshop.tca.sk\/de\/#organization\"},\"potentialAction\":[{\"@type\":\"SearchAction\",\"target\":{\"@type\":\"EntryPoint\",\"urlTemplate\":\"https:\/\/eshop.tca.sk\/de\/?s={search_term_string}\"},\"query-input\":{\"@type\":\"PropertyValueSpecification\",\"valueRequired\":true,\"valueName\":\"search_term_string\"}}],\"inLanguage\":\"de\"},{\"@type\":\"Organization\",\"@id\":\"https:\/\/eshop.tca.sk\/de\/#organization\",\"name\":\"TCA eShop - Tactical Combat Academy\",\"url\":\"https:\/\/eshop.tca.sk\/de\/\",\"logo\":{\"@type\":\"ImageObject\",\"inLanguage\":\"de\",\"@id\":\"https:\/\/eshop.tca.sk\/de\/#\/schema\/logo\/image\/\",\"url\":\"https:\/\/eshop.tca.sk\/wp-content\/uploads\/2025\/06\/logo-new-header.png\",\"contentUrl\":\"https:\/\/eshop.tca.sk\/wp-content\/uploads\/2025\/06\/logo-new-header.png\",\"width\":300,\"height\":294,\"caption\":\"TCA eShop - Tactical Combat Academy\"},\"image\":{\"@id\":\"https:\/\/eshop.tca.sk\/de\/#\/schema\/logo\/image\/\"}}]}<\/script>\n<!-- \/ Yoast SEO plugin. -->","yoast_head_json":{"title":"Vertikaler Griff Kolibri Works PAH\u00ddL L - TCA eShop - Tactical Combat Academy","description":"Vertikaler Griff Kolibri Works PAH\u00ddL\u202fL ist ein kompakter und funktioneller Griff, der Ihnen eine sichere Kontrolle \u00fcber das Gewehr ohne unn\u00f6tiges Gewicht oder Volumen bietet.","robots":{"index":"index","follow":"follow","max-snippet":"max-snippet:-1","max-image-preview":"max-image-preview:large","max-video-preview":"max-video-preview:-1"},"canonical":"https:\/\/eshop.tca.sk\/de\/grips\/vertikalny-grip-kolibri-works-pahyl-l\/","og_locale":"de_DE","og_type":"article","og_title":"Vertikaler Griff Kolibri Works PAH\u00ddL L - TCA eShop - Tactical Combat Academy","og_description":"Vertikaler Griff Kolibri Works PAH\u00ddL\u202fL ist ein kompakter und funktioneller Griff, der Ihnen eine sichere Kontrolle \u00fcber das Gewehr ohne unn\u00f6tiges Gewicht oder Volumen bietet.","og_url":"https:\/\/eshop.tca.sk\/de\/grips\/vertikalny-grip-kolibri-works-pahyl-l\/","og_site_name":"TCA eShop - Tactical Combat Academy","og_image":[{"width":1000,"height":1000,"url":"https:\/\/eshop.tca.sk\/wp-content\/uploads\/2026\/02\/Pahyl-2.jpg","type":"image\/jpeg"}],"twitter_card":"summary_large_image","schema":{"@context":"https:\/\/schema.org","@graph":[{"@type":"WebPage","@id":"https:\/\/eshop.tca.sk\/de\/grips\/vertikalny-grip-kolibri-works-pahyl-l\/","url":"https:\/\/eshop.tca.sk\/de\/grips\/vertikalny-grip-kolibri-works-pahyl-l\/","name":"Vertikaler Griff Kolibri Works PAH\u00ddL L - TCA eShop - Tactical Combat Academy","isPartOf":{"@id":"https:\/\/eshop.tca.sk\/de\/#website"},"primaryImageOfPage":{"@id":"https:\/\/eshop.tca.sk\/de\/grips\/vertikalny-grip-kolibri-works-pahyl-l\/#primaryimage"},"image":{"@id":"https:\/\/eshop.tca.sk\/de\/grips\/vertikalny-grip-kolibri-works-pahyl-l\/#primaryimage"},"thumbnailUrl":"https:\/\/eshop.tca.sk\/wp-content\/uploads\/2026\/02\/Pahyl-2.jpg","datePublished":"2026-02-09T14:41:55+00:00","description":"Vertikaler Griff Kolibri Works PAH\u00ddL\u202fL ist ein kompakter und funktioneller Griff, der Ihnen eine sichere Kontrolle \u00fcber das Gewehr ohne unn\u00f6tiges Gewicht oder Volumen bietet.","breadcrumb":{"@id":"https:\/\/eshop.tca.sk\/de\/grips\/vertikalny-grip-kolibri-works-pahyl-l\/#breadcrumb"},"inLanguage":"de","potentialAction":[{"@type":"ReadAction","target":["https:\/\/eshop.tca.sk\/de\/grips\/vertikalny-grip-kolibri-works-pahyl-l\/"]}]},{"@type":"ImageObject","inLanguage":"de","@id":"https:\/\/eshop.tca.sk\/de\/grips\/vertikalny-grip-kolibri-works-pahyl-l\/#primaryimage","url":"https:\/\/eshop.tca.sk\/wp-content\/uploads\/2026\/02\/Pahyl-2.jpg","contentUrl":"https:\/\/eshop.tca.sk\/wp-content\/uploads\/2026\/02\/Pahyl-2.jpg","width":1000,"height":1000,"caption":"Vertik\u00e1lny Grip Kolibri Works PAH\u00ddL\u202fL"},{"@type":"BreadcrumbList","@id":"https:\/\/eshop.tca.sk\/de\/grips\/vertikalny-grip-kolibri-works-pahyl-l\/#breadcrumb","itemListElement":[{"@type":"ListItem","position":1,"name":"Domovsk\u00e1 str\u00e1nka","item":"https:\/\/eshop.tca.sk\/de\/"},{"@type":"ListItem","position":2,"name":"Shop","item":"https:\/\/eshop.tca.sk\/de\/shop\/"},{"@type":"ListItem","position":3,"name":"Vertikaler Griff Kolibri Works PAH\u00ddL L"}]},{"@type":"WebSite","@id":"https:\/\/eshop.tca.sk\/de\/#website","url":"https:\/\/eshop.tca.sk\/de\/","name":"TCA eShop - Tactical Combat Academy","description":"Tactical Combat Academy","publisher":{"@id":"https:\/\/eshop.tca.sk\/de\/#organization"},"potentialAction":[{"@type":"SearchAction","target":{"@type":"EntryPoint","urlTemplate":"https:\/\/eshop.tca.sk\/de\/?s={search_term_string}"},"query-input":{"@type":"PropertyValueSpecification","valueRequired":true,"valueName":"search_term_string"}}],"inLanguage":"de"},{"@type":"Organization","@id":"https:\/\/eshop.tca.sk\/de\/#organization","name":"TCA eShop - Tactical Combat Academy","url":"https:\/\/eshop.tca.sk\/de\/","logo":{"@type":"ImageObject","inLanguage":"de","@id":"https:\/\/eshop.tca.sk\/de\/#\/schema\/logo\/image\/","url":"https:\/\/eshop.tca.sk\/wp-content\/uploads\/2025\/06\/logo-new-header.png","contentUrl":"https:\/\/eshop.tca.sk\/wp-content\/uploads\/2025\/06\/logo-new-header.png","width":300,"height":294,"caption":"TCA eShop - Tactical Combat Academy"},"image":{"@id":"https:\/\/eshop.tca.sk\/de\/#\/schema\/logo\/image\/"}}]}},"_links":{"self":[{"href":"https:\/\/eshop.tca.sk\/de\/wp-json\/wp\/v2\/product\/16427","targetHints":{"allow":["GET"]}}],"collection":[{"href":"https:\/\/eshop.tca.sk\/de\/wp-json\/wp\/v2\/product"}],"about":[{"href":"https:\/\/eshop.tca.sk\/de\/wp-json\/wp\/v2\/types\/product"}],"wp:featuredmedia":[{"embeddable":true,"href":"https:\/\/eshop.tca.sk\/de\/wp-json\/wp\/v2\/media\/16420"}],"wp:attachment":[{"href":"https:\/\/eshop.tca.sk\/de\/wp-json\/wp\/v2\/media?parent=16427"}],"wp:term":[{"taxonomy":"product_brand","embeddable":true,"href":"https:\/\/eshop.tca.sk\/de\/wp-json\/wp\/v2\/product_brand?post=16427"},{"taxonomy":"product_cat","embeddable":true,"href":"https:\/\/eshop.tca.sk\/de\/wp-json\/wp\/v2\/product_cat?post=16427"},{"taxonomy":"product_tag","embeddable":true,"href":"https:\/\/eshop.tca.sk\/de\/wp-json\/wp\/v2\/product_tag?post=16427"},{"taxonomy":"giftcard-category","embeddable":true,"href":"https:\/\/eshop.tca.sk\/de\/wp-json\/wp\/v2\/giftcard-category?post=16427"}],"curies":[{"name":"wp","href":"https:\/\/api.w.org\/{rel}","templated":true}]}}