{"id":16515,"date":"2026-04-16T15:34:21","date_gmt":"2026-04-16T13:34:21","guid":{"rendered":"https:\/\/eshop.tca.sk\/?post_type=product&#038;p=16515"},"modified":"2026-04-16T15:38:01","modified_gmt":"2026-04-16T13:38:01","slug":"inneres-pistolenholster-black-trident-viking-iwb-glock-19-gtl-ii-rh-black-kopia-kopia-kopia","status":"publish","type":"product","link":"https:\/\/eshop.tca.sk\/de\/westen\/inneres-pistolenholster-black-trident-viking-iwb-glock-19-gtl-ii-rh-black-kopia-kopia-kopia\/","title":{"rendered":"Inneres Pistolenholster Black Trident Viking IWB Glock 19 GTL II RH BLACK (K\u00f3pia) (K\u00f3pia) (K\u00f3pia)"},"content":{"rendered":"<h3>Inneres Pistolenholster Black Trident Viking IWB Glock 19 GTL II RH BLACK<\/h3>\n<p><strong>Inside the<\/strong> Waistband (IWB) <strong>Black Trident Viking IWB Glock 19 GTL II RH BLACK<\/strong> ist ein IWB (Inside the Waistband) Holster, das f\u00fcr minimale Masse und Tragekomfort f\u00fcr das verdeckte Tragen der Handfeuerwaffe unter der Kleidung optimiert ist. Das Holster mit der Waffe wird dabei zwischen deinem K\u00f6rper und der Kleidung getragen. Die Kombination aus maximalem Komfort und Funktionalit\u00e4t machen dieses Holster zu deinem perfekten t\u00e4glichen Begleiter. Verschiedene Montagepunkte erlauben dir das Anbringen unterschiedlichster Montagen angepasst an deinen Einsatzzweck bzw. Kleidung.<\/p>\n<h4><strong>Die Features im \u00dcberblick<\/strong><\/h4>\n<ul>\n<li>Inside-The-Waistband Holster zum verdeckten F\u00fchren deiner Waffe unter der Kleidung<\/li>\n<li>Verschiedene Montageoptionen passend zu deiner Mission<\/li>\n<li>Erh\u00e4ltlich mit verschiedenen Laser-\/Lichtmodulen<\/li>\n<li>Variable Montageh\u00f6he- und Winkel.<\/li>\n<li>Kompakte &amp; Feature-Reiche Formgebung<\/li>\n<li>Kompatibel mit allen am Markt erh\u00e4ltlichen Pistolen Rot-Punkt Optiken<\/li>\n<li>Silencer Sight Ready (bis 11mm \u00fcber Schlitten)<\/li>\n<li>Kompatibel mit Extended Slide Releases<\/li>\n<li>Open Muzzle Design f\u00fcr Gewindel\u00e4ufe, Kompensatoren &amp; Co.<\/li>\n<li>Individuell einstellbarer Ziehwiderstand<\/li>\n<li>Hergestellt aus US-Made Kydex. Gemacht, um dich ein Leben lang zu begleiten<\/li>\n<\/ul>\n<p><iframe loading=\"lazy\" title=\"VIKING HOLSTER - Super Stealth Mode!\" width=\"1170\" height=\"658\" src=\"https:\/\/www.youtube.com\/embed\/f4Mb5GRVTQk?feature=oembed\" frameborder=\"0\" allow=\"accelerometer; autoplay; clipboard-write; encrypted-media; gyroscope; picture-in-picture; web-share\" referrerpolicy=\"strict-origin-when-cross-origin\" allowfullscreen><\/iframe><\/p>\n<p>&nbsp;<\/p>\n","protected":false},"excerpt":{"rendered":"<p><img loading=\"lazy\" decoding=\"async\" class=\"alignnone wp-image-8549\" src=\"https:\/\/eshop.tca.sk\/wp-content\/uploads\/2023\/04\/logo-black-trident.png\" alt=\"\" width=\"179\" height=\"33\" srcset=\"https:\/\/eshop.tca.sk\/wp-content\/uploads\/2023\/04\/logo-black-trident.png 4749w, https:\/\/eshop.tca.sk\/wp-content\/uploads\/2023\/04\/logo-black-trident-300x55.png 300w, https:\/\/eshop.tca.sk\/wp-content\/uploads\/2023\/04\/logo-black-trident-768x142.png 768w, https:\/\/eshop.tca.sk\/wp-content\/uploads\/2023\/04\/logo-black-trident-600x111.png 600w\" sizes=\"auto, (max-width: 179px) 100vw, 179px\" \/><\/p>\n<p>Das <strong>Black Trident Viking Holster<\/strong> ist ein auf minimales Volumen &amp; Tragekomfort optimiertes IWB (Inside the Waistband) Holster zum verdeckten F\u00fchren deiner Waffe unter der Kleidungmfort f\u00fcr das verdeckte Tragen der Handfeuerwaffe unter der Kleidung optimiert.<\/p>\n<p><img loading=\"lazy\" decoding=\"async\" class=\"wp-image-8564 alignnone\" src=\"https:\/\/eshop.tca.sk\/wp-content\/uploads\/2023\/04\/Logo-Whack-Black-White-R-APPROVED.png\" alt=\"\" width=\"138\" height=\"75\" srcset=\"https:\/\/eshop.tca.sk\/wp-content\/uploads\/2023\/04\/Logo-Whack-Black-White-R-APPROVED.png 571w, https:\/\/eshop.tca.sk\/wp-content\/uploads\/2023\/04\/Logo-Whack-Black-White-R-APPROVED-300x163.png 300w\" sizes=\"auto, (max-width: 138px) 100vw, 138px\" \/><\/p>\n<p>Vom TCA und dem WHACK-System verwendete und empfohlene Equipment.<\/p>\n","protected":false},"featured_media":16519,"template":"","meta":{"inline_featured_image":false},"product_brand":[],"product_cat":[323,470,618],"product_tag":[477],"giftcard-category":[],"class_list":{"0":"post-16515","1":"product","2":"type-product","3":"status-publish","4":"has-post-thumbnail","6":"product_cat-ausruestung","7":"product_cat-taktische-westen","8":"product_cat-westen","9":"product_tag-black-trident-de","11":"first","12":"instock","13":"taxable","14":"shipping-taxable","15":"purchasable","16":"product-type-simple"},"yoast_head":"<!-- This site is optimized with the Yoast SEO plugin v26.4 - https:\/\/yoast.com\/wordpress\/plugins\/seo\/ -->\n<title>Inneres Pistolenholster Black Trident Viking IWB Glock 19 GTL II RH BLACK (K\u00f3pia) (K\u00f3pia) (K\u00f3pia) - TCA eShop - Tactical Combat Academy<\/title>\n<meta name=\"description\" content=\"Inner Pistol Holster Black Trident Viking IWB Glock 19 GTL II RH BLACK optimiert f\u00fcr minimale Masse und Komfort beim verdeckten Tragen.\" \/>\n<meta name=\"robots\" content=\"index, follow, max-snippet:-1, max-image-preview:large, max-video-preview:-1\" \/>\n<link rel=\"canonical\" href=\"https:\/\/eshop.tca.sk\/de\/westen\/inneres-pistolenholster-black-trident-viking-iwb-glock-19-gtl-ii-rh-black-kopia-kopia-kopia\/\" \/>\n<meta property=\"og:locale\" content=\"de_DE\" \/>\n<meta property=\"og:type\" content=\"article\" \/>\n<meta property=\"og:title\" content=\"Inneres Pistolenholster Black Trident Viking IWB Glock 19 GTL II RH BLACK (K\u00f3pia) (K\u00f3pia) (K\u00f3pia) - TCA eShop - Tactical Combat Academy\" \/>\n<meta property=\"og:description\" content=\"Inner Pistol Holster Black Trident Viking IWB Glock 19 GTL II RH BLACK optimiert f\u00fcr minimale Masse und Komfort beim verdeckten Tragen.\" \/>\n<meta property=\"og:url\" content=\"https:\/\/eshop.tca.sk\/de\/westen\/inneres-pistolenholster-black-trident-viking-iwb-glock-19-gtl-ii-rh-black-kopia-kopia-kopia\/\" \/>\n<meta property=\"og:site_name\" content=\"TCA eShop - Tactical Combat Academy\" \/>\n<meta property=\"article:modified_time\" content=\"2026-04-16T13:38:01+00:00\" \/>\n<meta property=\"og:image\" content=\"https:\/\/eshop.tca.sk\/wp-content\/uploads\/2026\/04\/BT-Sicario-MTCB-1.jpg\" \/>\n\t<meta property=\"og:image:width\" content=\"1000\" \/>\n\t<meta property=\"og:image:height\" content=\"1000\" \/>\n\t<meta property=\"og:image:type\" content=\"image\/jpeg\" \/>\n<meta name=\"twitter:card\" content=\"summary_large_image\" \/>\n<script type=\"application\/ld+json\" class=\"yoast-schema-graph\">{\"@context\":\"https:\/\/schema.org\",\"@graph\":[{\"@type\":\"WebPage\",\"@id\":\"https:\/\/eshop.tca.sk\/de\/westen\/inneres-pistolenholster-black-trident-viking-iwb-glock-19-gtl-ii-rh-black-kopia-kopia-kopia\/\",\"url\":\"https:\/\/eshop.tca.sk\/de\/westen\/inneres-pistolenholster-black-trident-viking-iwb-glock-19-gtl-ii-rh-black-kopia-kopia-kopia\/\",\"name\":\"Inneres Pistolenholster Black Trident Viking IWB Glock 19 GTL II RH BLACK (K\u00f3pia) (K\u00f3pia) (K\u00f3pia) - TCA eShop - Tactical Combat Academy\",\"isPartOf\":{\"@id\":\"https:\/\/eshop.tca.sk\/de\/#website\"},\"primaryImageOfPage\":{\"@id\":\"https:\/\/eshop.tca.sk\/de\/westen\/inneres-pistolenholster-black-trident-viking-iwb-glock-19-gtl-ii-rh-black-kopia-kopia-kopia\/#primaryimage\"},\"image\":{\"@id\":\"https:\/\/eshop.tca.sk\/de\/westen\/inneres-pistolenholster-black-trident-viking-iwb-glock-19-gtl-ii-rh-black-kopia-kopia-kopia\/#primaryimage\"},\"thumbnailUrl\":\"https:\/\/eshop.tca.sk\/wp-content\/uploads\/2026\/04\/BT-Sicario-MTCB-1.jpg\",\"datePublished\":\"2026-04-16T13:34:21+00:00\",\"dateModified\":\"2026-04-16T13:38:01+00:00\",\"description\":\"Inner Pistol Holster Black Trident Viking IWB Glock 19 GTL II RH BLACK optimiert f\u00fcr minimale Masse und Komfort beim verdeckten Tragen.\",\"breadcrumb\":{\"@id\":\"https:\/\/eshop.tca.sk\/de\/westen\/inneres-pistolenholster-black-trident-viking-iwb-glock-19-gtl-ii-rh-black-kopia-kopia-kopia\/#breadcrumb\"},\"inLanguage\":\"de\",\"potentialAction\":[{\"@type\":\"ReadAction\",\"target\":[\"https:\/\/eshop.tca.sk\/de\/westen\/inneres-pistolenholster-black-trident-viking-iwb-glock-19-gtl-ii-rh-black-kopia-kopia-kopia\/\"]}]},{\"@type\":\"ImageObject\",\"inLanguage\":\"de\",\"@id\":\"https:\/\/eshop.tca.sk\/de\/westen\/inneres-pistolenholster-black-trident-viking-iwb-glock-19-gtl-ii-rh-black-kopia-kopia-kopia\/#primaryimage\",\"url\":\"https:\/\/eshop.tca.sk\/wp-content\/uploads\/2026\/04\/BT-Sicario-MTCB-1.jpg\",\"contentUrl\":\"https:\/\/eshop.tca.sk\/wp-content\/uploads\/2026\/04\/BT-Sicario-MTCB-1.jpg\",\"width\":1000,\"height\":1000,\"caption\":\"Taktick\u00e1 Vesta Black Trident Sicario Chest Rig MULTICAM BLACK\"},{\"@type\":\"BreadcrumbList\",\"@id\":\"https:\/\/eshop.tca.sk\/de\/westen\/inneres-pistolenholster-black-trident-viking-iwb-glock-19-gtl-ii-rh-black-kopia-kopia-kopia\/#breadcrumb\",\"itemListElement\":[{\"@type\":\"ListItem\",\"position\":1,\"name\":\"Domovsk\u00e1 str\u00e1nka\",\"item\":\"https:\/\/eshop.tca.sk\/de\/\"},{\"@type\":\"ListItem\",\"position\":2,\"name\":\"Shop\",\"item\":\"https:\/\/eshop.tca.sk\/de\/shop\/\"},{\"@type\":\"ListItem\",\"position\":3,\"name\":\"Inneres Pistolenholster Black Trident Viking IWB Glock 19 GTL II RH BLACK (K\u00f3pia) (K\u00f3pia) (K\u00f3pia)\"}]},{\"@type\":\"WebSite\",\"@id\":\"https:\/\/eshop.tca.sk\/de\/#website\",\"url\":\"https:\/\/eshop.tca.sk\/de\/\",\"name\":\"TCA eShop - Tactical Combat Academy\",\"description\":\"Tactical Combat Academy\",\"publisher\":{\"@id\":\"https:\/\/eshop.tca.sk\/de\/#organization\"},\"potentialAction\":[{\"@type\":\"SearchAction\",\"target\":{\"@type\":\"EntryPoint\",\"urlTemplate\":\"https:\/\/eshop.tca.sk\/de\/?s={search_term_string}\"},\"query-input\":{\"@type\":\"PropertyValueSpecification\",\"valueRequired\":true,\"valueName\":\"search_term_string\"}}],\"inLanguage\":\"de\"},{\"@type\":\"Organization\",\"@id\":\"https:\/\/eshop.tca.sk\/de\/#organization\",\"name\":\"TCA eShop - Tactical Combat Academy\",\"url\":\"https:\/\/eshop.tca.sk\/de\/\",\"logo\":{\"@type\":\"ImageObject\",\"inLanguage\":\"de\",\"@id\":\"https:\/\/eshop.tca.sk\/de\/#\/schema\/logo\/image\/\",\"url\":\"https:\/\/eshop.tca.sk\/wp-content\/uploads\/2025\/06\/logo-new-header.png\",\"contentUrl\":\"https:\/\/eshop.tca.sk\/wp-content\/uploads\/2025\/06\/logo-new-header.png\",\"width\":300,\"height\":294,\"caption\":\"TCA eShop - Tactical Combat Academy\"},\"image\":{\"@id\":\"https:\/\/eshop.tca.sk\/de\/#\/schema\/logo\/image\/\"}}]}<\/script>\n<!-- \/ Yoast SEO plugin. -->","yoast_head_json":{"title":"Inneres Pistolenholster Black Trident Viking IWB Glock 19 GTL II RH BLACK (K\u00f3pia) (K\u00f3pia) (K\u00f3pia) - TCA eShop - Tactical Combat Academy","description":"Inner Pistol Holster Black Trident Viking IWB Glock 19 GTL II RH BLACK optimiert f\u00fcr minimale Masse und Komfort beim verdeckten Tragen.","robots":{"index":"index","follow":"follow","max-snippet":"max-snippet:-1","max-image-preview":"max-image-preview:large","max-video-preview":"max-video-preview:-1"},"canonical":"https:\/\/eshop.tca.sk\/de\/westen\/inneres-pistolenholster-black-trident-viking-iwb-glock-19-gtl-ii-rh-black-kopia-kopia-kopia\/","og_locale":"de_DE","og_type":"article","og_title":"Inneres Pistolenholster Black Trident Viking IWB Glock 19 GTL II RH BLACK (K\u00f3pia) (K\u00f3pia) (K\u00f3pia) - TCA eShop - Tactical Combat Academy","og_description":"Inner Pistol Holster Black Trident Viking IWB Glock 19 GTL II RH BLACK optimiert f\u00fcr minimale Masse und Komfort beim verdeckten Tragen.","og_url":"https:\/\/eshop.tca.sk\/de\/westen\/inneres-pistolenholster-black-trident-viking-iwb-glock-19-gtl-ii-rh-black-kopia-kopia-kopia\/","og_site_name":"TCA eShop - Tactical Combat Academy","article_modified_time":"2026-04-16T13:38:01+00:00","og_image":[{"width":1000,"height":1000,"url":"https:\/\/eshop.tca.sk\/wp-content\/uploads\/2026\/04\/BT-Sicario-MTCB-1.jpg","type":"image\/jpeg"}],"twitter_card":"summary_large_image","schema":{"@context":"https:\/\/schema.org","@graph":[{"@type":"WebPage","@id":"https:\/\/eshop.tca.sk\/de\/westen\/inneres-pistolenholster-black-trident-viking-iwb-glock-19-gtl-ii-rh-black-kopia-kopia-kopia\/","url":"https:\/\/eshop.tca.sk\/de\/westen\/inneres-pistolenholster-black-trident-viking-iwb-glock-19-gtl-ii-rh-black-kopia-kopia-kopia\/","name":"Inneres Pistolenholster Black Trident Viking IWB Glock 19 GTL II RH BLACK (K\u00f3pia) (K\u00f3pia) (K\u00f3pia) - TCA eShop - Tactical Combat Academy","isPartOf":{"@id":"https:\/\/eshop.tca.sk\/de\/#website"},"primaryImageOfPage":{"@id":"https:\/\/eshop.tca.sk\/de\/westen\/inneres-pistolenholster-black-trident-viking-iwb-glock-19-gtl-ii-rh-black-kopia-kopia-kopia\/#primaryimage"},"image":{"@id":"https:\/\/eshop.tca.sk\/de\/westen\/inneres-pistolenholster-black-trident-viking-iwb-glock-19-gtl-ii-rh-black-kopia-kopia-kopia\/#primaryimage"},"thumbnailUrl":"https:\/\/eshop.tca.sk\/wp-content\/uploads\/2026\/04\/BT-Sicario-MTCB-1.jpg","datePublished":"2026-04-16T13:34:21+00:00","dateModified":"2026-04-16T13:38:01+00:00","description":"Inner Pistol Holster Black Trident Viking IWB Glock 19 GTL II RH BLACK optimiert f\u00fcr minimale Masse und Komfort beim verdeckten Tragen.","breadcrumb":{"@id":"https:\/\/eshop.tca.sk\/de\/westen\/inneres-pistolenholster-black-trident-viking-iwb-glock-19-gtl-ii-rh-black-kopia-kopia-kopia\/#breadcrumb"},"inLanguage":"de","potentialAction":[{"@type":"ReadAction","target":["https:\/\/eshop.tca.sk\/de\/westen\/inneres-pistolenholster-black-trident-viking-iwb-glock-19-gtl-ii-rh-black-kopia-kopia-kopia\/"]}]},{"@type":"ImageObject","inLanguage":"de","@id":"https:\/\/eshop.tca.sk\/de\/westen\/inneres-pistolenholster-black-trident-viking-iwb-glock-19-gtl-ii-rh-black-kopia-kopia-kopia\/#primaryimage","url":"https:\/\/eshop.tca.sk\/wp-content\/uploads\/2026\/04\/BT-Sicario-MTCB-1.jpg","contentUrl":"https:\/\/eshop.tca.sk\/wp-content\/uploads\/2026\/04\/BT-Sicario-MTCB-1.jpg","width":1000,"height":1000,"caption":"Taktick\u00e1 Vesta Black Trident Sicario Chest Rig MULTICAM BLACK"},{"@type":"BreadcrumbList","@id":"https:\/\/eshop.tca.sk\/de\/westen\/inneres-pistolenholster-black-trident-viking-iwb-glock-19-gtl-ii-rh-black-kopia-kopia-kopia\/#breadcrumb","itemListElement":[{"@type":"ListItem","position":1,"name":"Domovsk\u00e1 str\u00e1nka","item":"https:\/\/eshop.tca.sk\/de\/"},{"@type":"ListItem","position":2,"name":"Shop","item":"https:\/\/eshop.tca.sk\/de\/shop\/"},{"@type":"ListItem","position":3,"name":"Inneres Pistolenholster Black Trident Viking IWB Glock 19 GTL II RH BLACK (K\u00f3pia) (K\u00f3pia) (K\u00f3pia)"}]},{"@type":"WebSite","@id":"https:\/\/eshop.tca.sk\/de\/#website","url":"https:\/\/eshop.tca.sk\/de\/","name":"TCA eShop - Tactical Combat Academy","description":"Tactical Combat Academy","publisher":{"@id":"https:\/\/eshop.tca.sk\/de\/#organization"},"potentialAction":[{"@type":"SearchAction","target":{"@type":"EntryPoint","urlTemplate":"https:\/\/eshop.tca.sk\/de\/?s={search_term_string}"},"query-input":{"@type":"PropertyValueSpecification","valueRequired":true,"valueName":"search_term_string"}}],"inLanguage":"de"},{"@type":"Organization","@id":"https:\/\/eshop.tca.sk\/de\/#organization","name":"TCA eShop - Tactical Combat Academy","url":"https:\/\/eshop.tca.sk\/de\/","logo":{"@type":"ImageObject","inLanguage":"de","@id":"https:\/\/eshop.tca.sk\/de\/#\/schema\/logo\/image\/","url":"https:\/\/eshop.tca.sk\/wp-content\/uploads\/2025\/06\/logo-new-header.png","contentUrl":"https:\/\/eshop.tca.sk\/wp-content\/uploads\/2025\/06\/logo-new-header.png","width":300,"height":294,"caption":"TCA eShop - Tactical Combat Academy"},"image":{"@id":"https:\/\/eshop.tca.sk\/de\/#\/schema\/logo\/image\/"}}]}},"_links":{"self":[{"href":"https:\/\/eshop.tca.sk\/de\/wp-json\/wp\/v2\/product\/16515","targetHints":{"allow":["GET"]}}],"collection":[{"href":"https:\/\/eshop.tca.sk\/de\/wp-json\/wp\/v2\/product"}],"about":[{"href":"https:\/\/eshop.tca.sk\/de\/wp-json\/wp\/v2\/types\/product"}],"wp:featuredmedia":[{"embeddable":true,"href":"https:\/\/eshop.tca.sk\/de\/wp-json\/wp\/v2\/media\/16519"}],"wp:attachment":[{"href":"https:\/\/eshop.tca.sk\/de\/wp-json\/wp\/v2\/media?parent=16515"}],"wp:term":[{"taxonomy":"product_brand","embeddable":true,"href":"https:\/\/eshop.tca.sk\/de\/wp-json\/wp\/v2\/product_brand?post=16515"},{"taxonomy":"product_cat","embeddable":true,"href":"https:\/\/eshop.tca.sk\/de\/wp-json\/wp\/v2\/product_cat?post=16515"},{"taxonomy":"product_tag","embeddable":true,"href":"https:\/\/eshop.tca.sk\/de\/wp-json\/wp\/v2\/product_tag?post=16515"},{"taxonomy":"giftcard-category","embeddable":true,"href":"https:\/\/eshop.tca.sk\/de\/wp-json\/wp\/v2\/giftcard-category?post=16515"}],"curies":[{"name":"wp","href":"https:\/\/api.w.org\/{rel}","templated":true}]}}