{"id":7658,"date":"2022-12-13T15:59:57","date_gmt":"2022-12-13T14:59:57","guid":{"rendered":"https:\/\/eshop.tca.sk\/unkategorisiert\/tca-hoodie-finger-grey\/"},"modified":"2025-12-19T10:16:01","modified_gmt":"2025-12-19T09:16:01","slug":"tca-hoodie-finger-grey","status":"publish","type":"product","link":"https:\/\/eshop.tca.sk\/de\/hoodies\/tca-hoodie-finger-grey\/","title":{"rendered":"TCA Hoodie Finger Grey"},"content":{"rendered":"<p>Stylisches TCA Hoodie mit Raglan\u00e4rmeln. Doppelt konstruierte Kapuze Bew\u00e4hrte, hochwertige 3-Lagen-Konstruktion sorgt f\u00fcr hohen Tragekomfort.<\/p>\n<p><strong>MATERIAL<\/strong><\/p>\n<ul style=\"list-style-type: square;\">\n<li>80 % gek\u00e4mmte Baumwolle, 20 % Polyester<\/li>\n<li>280g\/m2<\/li>\n<li>schmalere Schultern und \u00c4rmel<\/li>\n<li>gerippte B\u00fcndchen und Saum<\/li>\n<li>Seitenn\u00e4hte<\/li>\n<\/ul>\n","protected":false},"excerpt":{"rendered":"<p>Stylisches TCA Hoodie mit Raglan\u00e4rmeln. Farblich abgesetzte, doppelt veredelte Kapuze. Bew\u00e4hrte, hochwertige 3-Lagen-Konstruktion sorgt f\u00fcr hohen Tragekomfort.<\/p>\n","protected":false},"featured_media":7236,"template":"","meta":{"inline_featured_image":false},"product_brand":[],"product_cat":[314,312],"product_tag":[346],"giftcard-category":[],"class_list":{"0":"post-7658","1":"product","2":"type-product","3":"status-publish","4":"has-post-thumbnail","6":"product_cat-hoodies","7":"product_cat-kleidung","8":"product_tag-tca-de","10":"first","11":"instock","12":"taxable","13":"shipping-taxable","14":"purchasable","15":"product-type-variable"},"yoast_head":"<!-- This site is optimized with the Yoast SEO plugin v26.4 - https:\/\/yoast.com\/wordpress\/plugins\/seo\/ -->\n<title>TCA Hoodie Finger Grey - TCA eShop - Tactical Combat Academy<\/title>\n<meta name=\"description\" content=\"TCA Hoodie Finger Grey - Stylisches TCA Hoodie mit Raglan\u00e4rmeln. Doppelt ausgearbeitete Kapuze. Bew\u00e4hrte, hochwertige 3-Schicht-Konstruktion.\" \/>\n<meta name=\"robots\" content=\"index, follow, max-snippet:-1, max-image-preview:large, max-video-preview:-1\" \/>\n<link rel=\"canonical\" href=\"https:\/\/eshop.tca.sk\/de\/hoodies\/tca-hoodie-finger-grey\/\" \/>\n<meta property=\"og:locale\" content=\"de_DE\" \/>\n<meta property=\"og:type\" content=\"article\" \/>\n<meta property=\"og:title\" content=\"TCA Hoodie Finger Grey - TCA eShop - Tactical Combat Academy\" \/>\n<meta property=\"og:description\" content=\"TCA Hoodie Finger Grey - Stylisches TCA Hoodie mit Raglan\u00e4rmeln. Doppelt ausgearbeitete Kapuze. Bew\u00e4hrte, hochwertige 3-Schicht-Konstruktion.\" \/>\n<meta property=\"og:url\" content=\"https:\/\/eshop.tca.sk\/de\/hoodies\/tca-hoodie-finger-grey\/\" \/>\n<meta property=\"og:site_name\" content=\"TCA eShop - Tactical Combat Academy\" \/>\n<meta property=\"article:modified_time\" content=\"2025-12-19T09:16:01+00:00\" \/>\n<meta property=\"og:image\" content=\"https:\/\/eshop.tca.sk\/wp-content\/uploads\/2022\/12\/TCA-Mikina-Finger-Grey.jpg\" \/>\n\t<meta property=\"og:image:width\" content=\"1000\" \/>\n\t<meta property=\"og:image:height\" content=\"1000\" \/>\n\t<meta property=\"og:image:type\" content=\"image\/jpeg\" \/>\n<meta name=\"twitter:card\" content=\"summary_large_image\" \/>\n<script type=\"application\/ld+json\" class=\"yoast-schema-graph\">{\"@context\":\"https:\/\/schema.org\",\"@graph\":[{\"@type\":\"WebPage\",\"@id\":\"https:\/\/eshop.tca.sk\/de\/hoodies\/tca-hoodie-finger-grey\/\",\"url\":\"https:\/\/eshop.tca.sk\/de\/hoodies\/tca-hoodie-finger-grey\/\",\"name\":\"TCA Hoodie Finger Grey - TCA eShop - Tactical Combat Academy\",\"isPartOf\":{\"@id\":\"https:\/\/eshop.tca.sk\/de\/#website\"},\"primaryImageOfPage\":{\"@id\":\"https:\/\/eshop.tca.sk\/de\/hoodies\/tca-hoodie-finger-grey\/#primaryimage\"},\"image\":{\"@id\":\"https:\/\/eshop.tca.sk\/de\/hoodies\/tca-hoodie-finger-grey\/#primaryimage\"},\"thumbnailUrl\":\"https:\/\/eshop.tca.sk\/wp-content\/uploads\/2022\/12\/TCA-Mikina-Finger-Grey.jpg\",\"datePublished\":\"2022-12-13T14:59:57+00:00\",\"dateModified\":\"2025-12-19T09:16:01+00:00\",\"description\":\"TCA Hoodie Finger Grey - Stylisches TCA Hoodie mit Raglan\u00e4rmeln. Doppelt ausgearbeitete Kapuze. Bew\u00e4hrte, hochwertige 3-Schicht-Konstruktion.\",\"breadcrumb\":{\"@id\":\"https:\/\/eshop.tca.sk\/de\/hoodies\/tca-hoodie-finger-grey\/#breadcrumb\"},\"inLanguage\":\"de\",\"potentialAction\":[{\"@type\":\"ReadAction\",\"target\":[\"https:\/\/eshop.tca.sk\/de\/hoodies\/tca-hoodie-finger-grey\/\"]}]},{\"@type\":\"ImageObject\",\"inLanguage\":\"de\",\"@id\":\"https:\/\/eshop.tca.sk\/de\/hoodies\/tca-hoodie-finger-grey\/#primaryimage\",\"url\":\"https:\/\/eshop.tca.sk\/wp-content\/uploads\/2022\/12\/TCA-Mikina-Finger-Grey.jpg\",\"contentUrl\":\"https:\/\/eshop.tca.sk\/wp-content\/uploads\/2022\/12\/TCA-Mikina-Finger-Grey.jpg\",\"width\":1000,\"height\":1000},{\"@type\":\"BreadcrumbList\",\"@id\":\"https:\/\/eshop.tca.sk\/de\/hoodies\/tca-hoodie-finger-grey\/#breadcrumb\",\"itemListElement\":[{\"@type\":\"ListItem\",\"position\":1,\"name\":\"Domovsk\u00e1 str\u00e1nka\",\"item\":\"https:\/\/eshop.tca.sk\/de\/\"},{\"@type\":\"ListItem\",\"position\":2,\"name\":\"Shop\",\"item\":\"https:\/\/eshop.tca.sk\/de\/shop\/\"},{\"@type\":\"ListItem\",\"position\":3,\"name\":\"TCA Hoodie Finger Grey\"}]},{\"@type\":\"WebSite\",\"@id\":\"https:\/\/eshop.tca.sk\/de\/#website\",\"url\":\"https:\/\/eshop.tca.sk\/de\/\",\"name\":\"TCA eShop - Tactical Combat Academy\",\"description\":\"Tactical Combat Academy\",\"publisher\":{\"@id\":\"https:\/\/eshop.tca.sk\/de\/#organization\"},\"potentialAction\":[{\"@type\":\"SearchAction\",\"target\":{\"@type\":\"EntryPoint\",\"urlTemplate\":\"https:\/\/eshop.tca.sk\/de\/?s={search_term_string}\"},\"query-input\":{\"@type\":\"PropertyValueSpecification\",\"valueRequired\":true,\"valueName\":\"search_term_string\"}}],\"inLanguage\":\"de\"},{\"@type\":\"Organization\",\"@id\":\"https:\/\/eshop.tca.sk\/de\/#organization\",\"name\":\"TCA eShop - Tactical Combat Academy\",\"url\":\"https:\/\/eshop.tca.sk\/de\/\",\"logo\":{\"@type\":\"ImageObject\",\"inLanguage\":\"de\",\"@id\":\"https:\/\/eshop.tca.sk\/de\/#\/schema\/logo\/image\/\",\"url\":\"https:\/\/eshop.tca.sk\/wp-content\/uploads\/2025\/06\/logo-new-header.png\",\"contentUrl\":\"https:\/\/eshop.tca.sk\/wp-content\/uploads\/2025\/06\/logo-new-header.png\",\"width\":300,\"height\":294,\"caption\":\"TCA eShop - Tactical Combat Academy\"},\"image\":{\"@id\":\"https:\/\/eshop.tca.sk\/de\/#\/schema\/logo\/image\/\"}}]}<\/script>\n<!-- \/ Yoast SEO plugin. -->","yoast_head_json":{"title":"TCA Hoodie Finger Grey - TCA eShop - Tactical Combat Academy","description":"TCA Hoodie Finger Grey - Stylisches TCA Hoodie mit Raglan\u00e4rmeln. Doppelt ausgearbeitete Kapuze. Bew\u00e4hrte, hochwertige 3-Schicht-Konstruktion.","robots":{"index":"index","follow":"follow","max-snippet":"max-snippet:-1","max-image-preview":"max-image-preview:large","max-video-preview":"max-video-preview:-1"},"canonical":"https:\/\/eshop.tca.sk\/de\/hoodies\/tca-hoodie-finger-grey\/","og_locale":"de_DE","og_type":"article","og_title":"TCA Hoodie Finger Grey - TCA eShop - Tactical Combat Academy","og_description":"TCA Hoodie Finger Grey - Stylisches TCA Hoodie mit Raglan\u00e4rmeln. Doppelt ausgearbeitete Kapuze. Bew\u00e4hrte, hochwertige 3-Schicht-Konstruktion.","og_url":"https:\/\/eshop.tca.sk\/de\/hoodies\/tca-hoodie-finger-grey\/","og_site_name":"TCA eShop - Tactical Combat Academy","article_modified_time":"2025-12-19T09:16:01+00:00","og_image":[{"width":1000,"height":1000,"url":"https:\/\/eshop.tca.sk\/wp-content\/uploads\/2022\/12\/TCA-Mikina-Finger-Grey.jpg","type":"image\/jpeg"}],"twitter_card":"summary_large_image","schema":{"@context":"https:\/\/schema.org","@graph":[{"@type":"WebPage","@id":"https:\/\/eshop.tca.sk\/de\/hoodies\/tca-hoodie-finger-grey\/","url":"https:\/\/eshop.tca.sk\/de\/hoodies\/tca-hoodie-finger-grey\/","name":"TCA Hoodie Finger Grey - TCA eShop - Tactical Combat Academy","isPartOf":{"@id":"https:\/\/eshop.tca.sk\/de\/#website"},"primaryImageOfPage":{"@id":"https:\/\/eshop.tca.sk\/de\/hoodies\/tca-hoodie-finger-grey\/#primaryimage"},"image":{"@id":"https:\/\/eshop.tca.sk\/de\/hoodies\/tca-hoodie-finger-grey\/#primaryimage"},"thumbnailUrl":"https:\/\/eshop.tca.sk\/wp-content\/uploads\/2022\/12\/TCA-Mikina-Finger-Grey.jpg","datePublished":"2022-12-13T14:59:57+00:00","dateModified":"2025-12-19T09:16:01+00:00","description":"TCA Hoodie Finger Grey - Stylisches TCA Hoodie mit Raglan\u00e4rmeln. Doppelt ausgearbeitete Kapuze. Bew\u00e4hrte, hochwertige 3-Schicht-Konstruktion.","breadcrumb":{"@id":"https:\/\/eshop.tca.sk\/de\/hoodies\/tca-hoodie-finger-grey\/#breadcrumb"},"inLanguage":"de","potentialAction":[{"@type":"ReadAction","target":["https:\/\/eshop.tca.sk\/de\/hoodies\/tca-hoodie-finger-grey\/"]}]},{"@type":"ImageObject","inLanguage":"de","@id":"https:\/\/eshop.tca.sk\/de\/hoodies\/tca-hoodie-finger-grey\/#primaryimage","url":"https:\/\/eshop.tca.sk\/wp-content\/uploads\/2022\/12\/TCA-Mikina-Finger-Grey.jpg","contentUrl":"https:\/\/eshop.tca.sk\/wp-content\/uploads\/2022\/12\/TCA-Mikina-Finger-Grey.jpg","width":1000,"height":1000},{"@type":"BreadcrumbList","@id":"https:\/\/eshop.tca.sk\/de\/hoodies\/tca-hoodie-finger-grey\/#breadcrumb","itemListElement":[{"@type":"ListItem","position":1,"name":"Domovsk\u00e1 str\u00e1nka","item":"https:\/\/eshop.tca.sk\/de\/"},{"@type":"ListItem","position":2,"name":"Shop","item":"https:\/\/eshop.tca.sk\/de\/shop\/"},{"@type":"ListItem","position":3,"name":"TCA Hoodie Finger Grey"}]},{"@type":"WebSite","@id":"https:\/\/eshop.tca.sk\/de\/#website","url":"https:\/\/eshop.tca.sk\/de\/","name":"TCA eShop - Tactical Combat Academy","description":"Tactical Combat Academy","publisher":{"@id":"https:\/\/eshop.tca.sk\/de\/#organization"},"potentialAction":[{"@type":"SearchAction","target":{"@type":"EntryPoint","urlTemplate":"https:\/\/eshop.tca.sk\/de\/?s={search_term_string}"},"query-input":{"@type":"PropertyValueSpecification","valueRequired":true,"valueName":"search_term_string"}}],"inLanguage":"de"},{"@type":"Organization","@id":"https:\/\/eshop.tca.sk\/de\/#organization","name":"TCA eShop - Tactical Combat Academy","url":"https:\/\/eshop.tca.sk\/de\/","logo":{"@type":"ImageObject","inLanguage":"de","@id":"https:\/\/eshop.tca.sk\/de\/#\/schema\/logo\/image\/","url":"https:\/\/eshop.tca.sk\/wp-content\/uploads\/2025\/06\/logo-new-header.png","contentUrl":"https:\/\/eshop.tca.sk\/wp-content\/uploads\/2025\/06\/logo-new-header.png","width":300,"height":294,"caption":"TCA eShop - Tactical Combat Academy"},"image":{"@id":"https:\/\/eshop.tca.sk\/de\/#\/schema\/logo\/image\/"}}]}},"_links":{"self":[{"href":"https:\/\/eshop.tca.sk\/de\/wp-json\/wp\/v2\/product\/7658","targetHints":{"allow":["GET"]}}],"collection":[{"href":"https:\/\/eshop.tca.sk\/de\/wp-json\/wp\/v2\/product"}],"about":[{"href":"https:\/\/eshop.tca.sk\/de\/wp-json\/wp\/v2\/types\/product"}],"wp:featuredmedia":[{"embeddable":true,"href":"https:\/\/eshop.tca.sk\/de\/wp-json\/wp\/v2\/media\/7236"}],"wp:attachment":[{"href":"https:\/\/eshop.tca.sk\/de\/wp-json\/wp\/v2\/media?parent=7658"}],"wp:term":[{"taxonomy":"product_brand","embeddable":true,"href":"https:\/\/eshop.tca.sk\/de\/wp-json\/wp\/v2\/product_brand?post=7658"},{"taxonomy":"product_cat","embeddable":true,"href":"https:\/\/eshop.tca.sk\/de\/wp-json\/wp\/v2\/product_cat?post=7658"},{"taxonomy":"product_tag","embeddable":true,"href":"https:\/\/eshop.tca.sk\/de\/wp-json\/wp\/v2\/product_tag?post=7658"},{"taxonomy":"giftcard-category","embeddable":true,"href":"https:\/\/eshop.tca.sk\/de\/wp-json\/wp\/v2\/giftcard-category?post=7658"}],"curies":[{"name":"wp","href":"https:\/\/api.w.org\/{rel}","templated":true}]}}