{"id":7681,"date":"2022-12-09T16:58:12","date_gmt":"2022-12-09T15:58:12","guid":{"rendered":"https:\/\/eshop.tca.sk\/unkategorisiert\/tca-cap-spartans-grau\/"},"modified":"2025-12-19T10:26:05","modified_gmt":"2025-12-19T09:26:05","slug":"tca-cap-grey","status":"publish","type":"product","link":"https:\/\/eshop.tca.sk\/de\/kleidung\/tca-cap-grey\/","title":{"rendered":"TCA Cap Spartans Grey"},"content":{"rendered":"<h3><strong>TCA Cap Spartans Gre<\/strong>y<\/h3>\n<p>Hochwertiges Flexfit-Cap<\/p>\n<p><strong>Material:<\/strong> 63% Polyester \/ 34% Baumwolle \/ 3% elastan<\/p>\n<p><strong>Gr\u00f6sse:<\/strong> XS\/S, S\/M, L\/XL<\/p>\n<p><img loading=\"lazy\" decoding=\"async\" class=\"alignnone size-full wp-image-7119\" src=\"https:\/\/eshop.tca.sk\/wp-content\/uploads\/2022\/12\/Flexfit-velkostna-tabulka.png\" alt=\"\" width=\"610\" height=\"523\" srcset=\"https:\/\/eshop.tca.sk\/wp-content\/uploads\/2022\/12\/Flexfit-velkostna-tabulka.png 610w, https:\/\/eshop.tca.sk\/wp-content\/uploads\/2022\/12\/Flexfit-velkostna-tabulka-300x257.png 300w, https:\/\/eshop.tca.sk\/wp-content\/uploads\/2022\/12\/Flexfit-velkostna-tabulka-600x514.png 600w\" sizes=\"auto, (max-width: 610px) 100vw, 610px\" \/><\/p>\n<p><img loading=\"lazy\" decoding=\"async\" class=\"wp-image-7062 size-full alignleft\" src=\"https:\/\/eshop.tca.sk\/wp-content\/uploads\/2022\/12\/flexfit-logo-e1670520580707.jpg\" alt=\"\" width=\"150\" height=\"42\"> Die Idee des Unternehmens war es, die Kopfbedeckungsindustrie zu revolutionieren. Mit gro\u00dfer Pr\u00e4zision in jedem Detail entwickelt es st\u00e4ndig kreative und innovative Produkte, die alle von gro\u00dfer Leidenschaft und raffinierter Handwerkskunst angetrieben werden. Mit einer aufgeschlossenen Kultur legen sie Wert auf sorgf\u00e4ltiges Design und hochwertige Technik, was zu einer st\u00e4ndig wachsenden Kollektion bahnbrechender M\u00fctzen und M\u00fctzen f\u00fchrt. Seit Flexit <strong>1994<\/strong> mit der Produktion von Kappen begann, hat es viele Modelle geschaffen, die noch heute bei seinen Kunden beliebt sind. <strong>Flexit LLC<\/strong> ist auch der US-Distributor f\u00fcr Yupoong-H\u00fcte. Es hat seinen Hauptsitz in <strong>Kalifornien, New York<\/strong> und vertreibt seine Waren auf der ganzen Welt. In unserem Angebot finden Sie \u00fcber <a href=\"https:\/\/www.reklamnepredmetysketch.sk\/sk\/vyhladavanie?color_base%5B%5D=6&amp;brands%5B%5D=72&amp;lang=sk\">80 Modelle<\/a> dieser erfolgreichen amerikanischen Marke.<\/p>\n","protected":false},"excerpt":{"rendered":"<p>Hochwertiges Flexfit-Cap<\/p>\n<p><img loading=\"lazy\" decoding=\"async\" class=\"alignnone size-full wp-image-7065\" src=\"https:\/\/eshop.tca.sk\/wp-content\/uploads\/2022\/12\/flexfit-logo-1-e1670520929874.jpg\" alt=\"\" width=\"100\" height=\"28\"><\/p>\n","protected":false},"featured_media":7117,"template":"","meta":{"inline_featured_image":false},"product_brand":[],"product_cat":[313,312],"product_tag":[346],"giftcard-category":[],"class_list":{"0":"post-7681","1":"product","2":"type-product","3":"status-publish","4":"has-post-thumbnail","6":"product_cat-caps","7":"product_cat-kleidung","8":"product_tag-tca-de","10":"first","11":"instock","12":"taxable","13":"shipping-taxable","14":"purchasable","15":"product-type-variable"},"yoast_head":"<!-- This site is optimized with the Yoast SEO plugin v26.4 - https:\/\/yoast.com\/wordpress\/plugins\/seo\/ -->\n<title>TCA Cap Spartans Grey - TCA eShop - Tactical Combat Academy<\/title>\n<meta name=\"description\" content=\"TCA Cap Spartans Grey - Hochwertiges Flexfit-Cap\" \/>\n<meta name=\"robots\" content=\"index, follow, max-snippet:-1, max-image-preview:large, max-video-preview:-1\" \/>\n<link rel=\"canonical\" href=\"https:\/\/eshop.tca.sk\/de\/kleidung\/tca-cap-grey\/\" \/>\n<meta property=\"og:locale\" content=\"de_DE\" \/>\n<meta property=\"og:type\" content=\"article\" \/>\n<meta property=\"og:title\" content=\"TCA Cap Spartans Grey - TCA eShop - Tactical Combat Academy\" \/>\n<meta property=\"og:description\" content=\"TCA Cap Spartans Grey - Hochwertiges Flexfit-Cap\" \/>\n<meta property=\"og:url\" content=\"https:\/\/eshop.tca.sk\/de\/kleidung\/tca-cap-grey\/\" \/>\n<meta property=\"og:site_name\" content=\"TCA eShop - Tactical Combat Academy\" \/>\n<meta property=\"article:modified_time\" content=\"2025-12-19T09:26:05+00:00\" \/>\n<meta property=\"og:image\" content=\"https:\/\/eshop.tca.sk\/wp-content\/uploads\/2022\/12\/TCA-Siltovka-Grey.png\" \/>\n\t<meta property=\"og:image:width\" content=\"1000\" \/>\n\t<meta property=\"og:image:height\" content=\"1000\" \/>\n\t<meta property=\"og:image:type\" content=\"image\/png\" \/>\n<meta name=\"twitter:card\" content=\"summary_large_image\" \/>\n<script type=\"application\/ld+json\" class=\"yoast-schema-graph\">{\"@context\":\"https:\/\/schema.org\",\"@graph\":[{\"@type\":\"WebPage\",\"@id\":\"https:\/\/eshop.tca.sk\/de\/kleidung\/tca-cap-grey\/\",\"url\":\"https:\/\/eshop.tca.sk\/de\/kleidung\/tca-cap-grey\/\",\"name\":\"TCA Cap Spartans Grey - TCA eShop - Tactical Combat Academy\",\"isPartOf\":{\"@id\":\"https:\/\/eshop.tca.sk\/de\/#website\"},\"primaryImageOfPage\":{\"@id\":\"https:\/\/eshop.tca.sk\/de\/kleidung\/tca-cap-grey\/#primaryimage\"},\"image\":{\"@id\":\"https:\/\/eshop.tca.sk\/de\/kleidung\/tca-cap-grey\/#primaryimage\"},\"thumbnailUrl\":\"https:\/\/eshop.tca.sk\/wp-content\/uploads\/2022\/12\/TCA-Siltovka-Grey.png\",\"datePublished\":\"2022-12-09T15:58:12+00:00\",\"dateModified\":\"2025-12-19T09:26:05+00:00\",\"description\":\"TCA Cap Spartans Grey - Hochwertiges Flexfit-Cap\",\"breadcrumb\":{\"@id\":\"https:\/\/eshop.tca.sk\/de\/kleidung\/tca-cap-grey\/#breadcrumb\"},\"inLanguage\":\"de\",\"potentialAction\":[{\"@type\":\"ReadAction\",\"target\":[\"https:\/\/eshop.tca.sk\/de\/kleidung\/tca-cap-grey\/\"]}]},{\"@type\":\"ImageObject\",\"inLanguage\":\"de\",\"@id\":\"https:\/\/eshop.tca.sk\/de\/kleidung\/tca-cap-grey\/#primaryimage\",\"url\":\"https:\/\/eshop.tca.sk\/wp-content\/uploads\/2022\/12\/TCA-Siltovka-Grey.png\",\"contentUrl\":\"https:\/\/eshop.tca.sk\/wp-content\/uploads\/2022\/12\/TCA-Siltovka-Grey.png\",\"width\":1000,\"height\":1000},{\"@type\":\"BreadcrumbList\",\"@id\":\"https:\/\/eshop.tca.sk\/de\/kleidung\/tca-cap-grey\/#breadcrumb\",\"itemListElement\":[{\"@type\":\"ListItem\",\"position\":1,\"name\":\"Domovsk\u00e1 str\u00e1nka\",\"item\":\"https:\/\/eshop.tca.sk\/de\/\"},{\"@type\":\"ListItem\",\"position\":2,\"name\":\"Shop\",\"item\":\"https:\/\/eshop.tca.sk\/de\/shop\/\"},{\"@type\":\"ListItem\",\"position\":3,\"name\":\"TCA Cap Spartans Grey\"}]},{\"@type\":\"WebSite\",\"@id\":\"https:\/\/eshop.tca.sk\/de\/#website\",\"url\":\"https:\/\/eshop.tca.sk\/de\/\",\"name\":\"TCA eShop - Tactical Combat Academy\",\"description\":\"Tactical Combat Academy\",\"publisher\":{\"@id\":\"https:\/\/eshop.tca.sk\/de\/#organization\"},\"potentialAction\":[{\"@type\":\"SearchAction\",\"target\":{\"@type\":\"EntryPoint\",\"urlTemplate\":\"https:\/\/eshop.tca.sk\/de\/?s={search_term_string}\"},\"query-input\":{\"@type\":\"PropertyValueSpecification\",\"valueRequired\":true,\"valueName\":\"search_term_string\"}}],\"inLanguage\":\"de\"},{\"@type\":\"Organization\",\"@id\":\"https:\/\/eshop.tca.sk\/de\/#organization\",\"name\":\"TCA eShop - Tactical Combat Academy\",\"url\":\"https:\/\/eshop.tca.sk\/de\/\",\"logo\":{\"@type\":\"ImageObject\",\"inLanguage\":\"de\",\"@id\":\"https:\/\/eshop.tca.sk\/de\/#\/schema\/logo\/image\/\",\"url\":\"https:\/\/eshop.tca.sk\/wp-content\/uploads\/2025\/06\/logo-new-header.png\",\"contentUrl\":\"https:\/\/eshop.tca.sk\/wp-content\/uploads\/2025\/06\/logo-new-header.png\",\"width\":300,\"height\":294,\"caption\":\"TCA eShop - Tactical Combat Academy\"},\"image\":{\"@id\":\"https:\/\/eshop.tca.sk\/de\/#\/schema\/logo\/image\/\"}}]}<\/script>\n<!-- \/ Yoast SEO plugin. -->","yoast_head_json":{"title":"TCA Cap Spartans Grey - TCA eShop - Tactical Combat Academy","description":"TCA Cap Spartans Grey - Hochwertiges Flexfit-Cap","robots":{"index":"index","follow":"follow","max-snippet":"max-snippet:-1","max-image-preview":"max-image-preview:large","max-video-preview":"max-video-preview:-1"},"canonical":"https:\/\/eshop.tca.sk\/de\/kleidung\/tca-cap-grey\/","og_locale":"de_DE","og_type":"article","og_title":"TCA Cap Spartans Grey - TCA eShop - Tactical Combat Academy","og_description":"TCA Cap Spartans Grey - Hochwertiges Flexfit-Cap","og_url":"https:\/\/eshop.tca.sk\/de\/kleidung\/tca-cap-grey\/","og_site_name":"TCA eShop - Tactical Combat Academy","article_modified_time":"2025-12-19T09:26:05+00:00","og_image":[{"width":1000,"height":1000,"url":"https:\/\/eshop.tca.sk\/wp-content\/uploads\/2022\/12\/TCA-Siltovka-Grey.png","type":"image\/png"}],"twitter_card":"summary_large_image","schema":{"@context":"https:\/\/schema.org","@graph":[{"@type":"WebPage","@id":"https:\/\/eshop.tca.sk\/de\/kleidung\/tca-cap-grey\/","url":"https:\/\/eshop.tca.sk\/de\/kleidung\/tca-cap-grey\/","name":"TCA Cap Spartans Grey - TCA eShop - Tactical Combat Academy","isPartOf":{"@id":"https:\/\/eshop.tca.sk\/de\/#website"},"primaryImageOfPage":{"@id":"https:\/\/eshop.tca.sk\/de\/kleidung\/tca-cap-grey\/#primaryimage"},"image":{"@id":"https:\/\/eshop.tca.sk\/de\/kleidung\/tca-cap-grey\/#primaryimage"},"thumbnailUrl":"https:\/\/eshop.tca.sk\/wp-content\/uploads\/2022\/12\/TCA-Siltovka-Grey.png","datePublished":"2022-12-09T15:58:12+00:00","dateModified":"2025-12-19T09:26:05+00:00","description":"TCA Cap Spartans Grey - Hochwertiges Flexfit-Cap","breadcrumb":{"@id":"https:\/\/eshop.tca.sk\/de\/kleidung\/tca-cap-grey\/#breadcrumb"},"inLanguage":"de","potentialAction":[{"@type":"ReadAction","target":["https:\/\/eshop.tca.sk\/de\/kleidung\/tca-cap-grey\/"]}]},{"@type":"ImageObject","inLanguage":"de","@id":"https:\/\/eshop.tca.sk\/de\/kleidung\/tca-cap-grey\/#primaryimage","url":"https:\/\/eshop.tca.sk\/wp-content\/uploads\/2022\/12\/TCA-Siltovka-Grey.png","contentUrl":"https:\/\/eshop.tca.sk\/wp-content\/uploads\/2022\/12\/TCA-Siltovka-Grey.png","width":1000,"height":1000},{"@type":"BreadcrumbList","@id":"https:\/\/eshop.tca.sk\/de\/kleidung\/tca-cap-grey\/#breadcrumb","itemListElement":[{"@type":"ListItem","position":1,"name":"Domovsk\u00e1 str\u00e1nka","item":"https:\/\/eshop.tca.sk\/de\/"},{"@type":"ListItem","position":2,"name":"Shop","item":"https:\/\/eshop.tca.sk\/de\/shop\/"},{"@type":"ListItem","position":3,"name":"TCA Cap Spartans Grey"}]},{"@type":"WebSite","@id":"https:\/\/eshop.tca.sk\/de\/#website","url":"https:\/\/eshop.tca.sk\/de\/","name":"TCA eShop - Tactical Combat Academy","description":"Tactical Combat Academy","publisher":{"@id":"https:\/\/eshop.tca.sk\/de\/#organization"},"potentialAction":[{"@type":"SearchAction","target":{"@type":"EntryPoint","urlTemplate":"https:\/\/eshop.tca.sk\/de\/?s={search_term_string}"},"query-input":{"@type":"PropertyValueSpecification","valueRequired":true,"valueName":"search_term_string"}}],"inLanguage":"de"},{"@type":"Organization","@id":"https:\/\/eshop.tca.sk\/de\/#organization","name":"TCA eShop - Tactical Combat Academy","url":"https:\/\/eshop.tca.sk\/de\/","logo":{"@type":"ImageObject","inLanguage":"de","@id":"https:\/\/eshop.tca.sk\/de\/#\/schema\/logo\/image\/","url":"https:\/\/eshop.tca.sk\/wp-content\/uploads\/2025\/06\/logo-new-header.png","contentUrl":"https:\/\/eshop.tca.sk\/wp-content\/uploads\/2025\/06\/logo-new-header.png","width":300,"height":294,"caption":"TCA eShop - Tactical Combat Academy"},"image":{"@id":"https:\/\/eshop.tca.sk\/de\/#\/schema\/logo\/image\/"}}]}},"_links":{"self":[{"href":"https:\/\/eshop.tca.sk\/de\/wp-json\/wp\/v2\/product\/7681","targetHints":{"allow":["GET"]}}],"collection":[{"href":"https:\/\/eshop.tca.sk\/de\/wp-json\/wp\/v2\/product"}],"about":[{"href":"https:\/\/eshop.tca.sk\/de\/wp-json\/wp\/v2\/types\/product"}],"wp:featuredmedia":[{"embeddable":true,"href":"https:\/\/eshop.tca.sk\/de\/wp-json\/wp\/v2\/media\/7117"}],"wp:attachment":[{"href":"https:\/\/eshop.tca.sk\/de\/wp-json\/wp\/v2\/media?parent=7681"}],"wp:term":[{"taxonomy":"product_brand","embeddable":true,"href":"https:\/\/eshop.tca.sk\/de\/wp-json\/wp\/v2\/product_brand?post=7681"},{"taxonomy":"product_cat","embeddable":true,"href":"https:\/\/eshop.tca.sk\/de\/wp-json\/wp\/v2\/product_cat?post=7681"},{"taxonomy":"product_tag","embeddable":true,"href":"https:\/\/eshop.tca.sk\/de\/wp-json\/wp\/v2\/product_tag?post=7681"},{"taxonomy":"giftcard-category","embeddable":true,"href":"https:\/\/eshop.tca.sk\/de\/wp-json\/wp\/v2\/giftcard-category?post=7681"}],"curies":[{"name":"wp","href":"https:\/\/api.w.org\/{rel}","templated":true}]}}