{"id":7721,"date":"2022-11-22T13:39:40","date_gmt":"2022-11-22T12:39:40","guid":{"rendered":"https:\/\/eshop.tca.sk\/unkategorisiert\/tca-taktischer-guertel-multicam-tropic\/"},"modified":"2025-11-26T16:50:10","modified_gmt":"2025-11-26T15:50:10","slug":"tca-taktischer-gurtel-multicam-tropic","status":"publish","type":"product","link":"https:\/\/eshop.tca.sk\/de\/ausruestung\/tca-taktischer-gurtel-multicam-tropic\/","title":{"rendered":"TCA Taktischer G\u00fcrtel Multicam Tropic"},"content":{"rendered":"<h3 class=\"product_title entry-title\"><strong>TCA Taktischer G\u00fcrtel Multicam Tropic<\/strong><\/h3>\n<p>Taktischer TCA-G\u00fcrtel f\u00fcr taktische Waffen, der auch vom TCA-Team verwendet wird. Dieser G\u00fcrtel aus Camouflage-Material mit Nylongewebe und schwarzem Besatz bietet dem Sch\u00fctzen eine solide Basis.<\/p>\n<p>Der TCA-G\u00fcrtel verf\u00fcgt \u00fcber ein leichtes und komfortables taktisches Zweischichtsystem, das an eine Vielzahl von Holstern und Zubeh\u00f6rtaschen angepasst werden kann.<\/p>\n<p>\u200bDieses zweischichtige System sorgt f\u00fcr eine sichere Schie\u00dfplattform, indem es einen internen Klettverschluss mit einem taktischen Tragegurt kombiniert. Die \u00e4u\u00dfere taktische Ladeschicht erm\u00f6glicht 2 Reihen 1\/2-Zoll-Gurtband, sodass der Sch\u00fctze eine gro\u00dfe Auswahl an MOLLE-Befestigungen hinzuf\u00fcgen kann. Der G\u00fcrtel hat eine 2-Zoll-Cobra-Schnalle mit einem angebrachten \u201eD-Ring\u201c, der dem Sch\u00fctzen mehr Platz f\u00fcr MOLLE bietet.<\/p>\n<p><strong>GR\u00d6SSEN:<\/strong><\/p>\n<p>Bei der Gr\u00f6\u00dfenbestimmung dieses G\u00fcrtels ist es wichtig, dass Sie die richtige Gr\u00f6\u00dfe basierend auf einer genauen Messung Ihres Taillenumfangs w\u00e4hlen. Messen Sie den Bereich, in dem Sie den G\u00fcrtel tragen werden. Gleichen Sie die Konfektionsgr\u00f6\u00dfe nicht mit einer gr\u00f6\u00dferen G\u00fcrtelgr\u00f6\u00dfe aus. Alle TCA-G\u00fcrtel sind so konstruiert, dass sie Raum f\u00fcr zus\u00e4tzliche Anpassungen f\u00fcr die richtige Passform bieten.<\/p>\n<p>&nbsp;<\/p>\n<table style=\"height: 154px; width: 100%; border-collapse: collapse; background-color: #f0f0f0;\">\n<tbody>\n<tr style=\"height: 22px;\">\n<td style=\"width: 119.453%; height: 22px; background-color: #d1d1d1; text-align: center;\" colspan=\"2\"><strong>GR\u00d6SSENTABELLE DER TAKTISCHEN TCA-G\u00dcRTEL<\/strong><\/td>\n<\/tr>\n<tr style=\"height: 22px;\">\n<td style=\"width: 41.1046%; height: 22px; text-align: center;\"><strong>G\u00fcrtelgr\u00f6\u00dfe<\/strong><\/td>\n<td style=\"width: 78.3486%; height: 22px; text-align: center;\"><strong>Taillenumfang<\/strong><\/td>\n<\/tr>\n<tr style=\"height: 22px;\">\n<td style=\"width: 41.1046%; height: 22px; text-align: center;\">XS<\/td>\n<td style=\"width: 78.3486%; height: 22px; text-align: center;\"> 68 &#8211; 76 cm<\/td>\n<\/tr>\n<tr style=\"height: 22px;\">\n<td style=\"width: 41.1046%; height: 22px; text-align: center;\">S<\/td>\n<td style=\"width: 78.3486%; height: 22px; text-align: center;\"> 76 &#8211; 86 cm<\/td>\n<\/tr>\n<tr style=\"height: 22px;\">\n<td style=\"width: 41.1046%; height: 22px; text-align: center;\">M<\/td>\n<td style=\"width: 78.3486%; height: 22px; text-align: center;\"> 86 &#8211; 99 cm<\/td>\n<\/tr>\n<tr style=\"height: 22px;\">\n<td style=\"width: 41.1046%; height: 22px; text-align: center;\">L<\/td>\n<td style=\"width: 78.3486%; height: 22px; text-align: center;\">99 &#8211; 107 cm<\/td>\n<\/tr>\n<tr style=\"height: 22px;\">\n<td style=\"width: 41.1046%; height: 22px; text-align: center;\">XL<\/td>\n<td style=\"width: 78.3486%; height: 22px; text-align: center;\">107 &#8211; 114 cm<\/td>\n<\/tr>\n<\/tbody>\n<\/table>\n<p>&nbsp;<\/p>\n","protected":false},"excerpt":{"rendered":"<p><img loading=\"lazy\" decoding=\"async\" class=\"alignnone size-full wp-image-7422\" src=\"https:\/\/eshop.tca.sk\/wp-content\/uploads\/2022\/11\/TCA-logo-produkty-e1671298973685.png\" alt=\"\" width=\"75\" height=\"37\"><\/p>\n<p>Taktischer TCA-G\u00fcrtel f\u00fcr taktische Waffen, der auch vom TCA-Team verwendet wird. Dieser G\u00fcrtel aus Camouflage-Material mit Nylongewebe und schwarzem Besatz bietet dem Sch\u00fctzen eine solide Basis.<\/p>\n<p><img loading=\"lazy\" decoding=\"async\" class=\"wp-image-8564 alignnone\" src=\"https:\/\/eshop.tca.sk\/wp-content\/uploads\/2023\/04\/Logo-Whack-Black-White-R-APPROVED.png\" alt=\"\" width=\"138\" height=\"75\" srcset=\"https:\/\/eshop.tca.sk\/wp-content\/uploads\/2023\/04\/Logo-Whack-Black-White-R-APPROVED.png 571w, https:\/\/eshop.tca.sk\/wp-content\/uploads\/2023\/04\/Logo-Whack-Black-White-R-APPROVED-300x163.png 300w\" sizes=\"auto, (max-width: 138px) 100vw, 138px\" \/><\/p>\n<p>Vom TCA und dem WHACK-System verwendetes und empfohlenes Produkt.<\/p>\n","protected":false},"featured_media":6815,"template":"","meta":{"inline_featured_image":false},"product_brand":[],"product_cat":[323,324],"product_tag":[346],"giftcard-category":[],"class_list":{"0":"post-7721","1":"product","2":"type-product","3":"status-publish","4":"has-post-thumbnail","6":"product_cat-ausruestung","7":"product_cat-guertel","8":"product_tag-tca-de","10":"first","11":"instock","12":"taxable","13":"shipping-taxable","14":"purchasable","15":"product-type-variable"},"yoast_head":"<!-- This site is optimized with the Yoast SEO plugin v26.4 - https:\/\/yoast.com\/wordpress\/plugins\/seo\/ -->\n<title>TCA Taktischer G\u00fcrtel Multicam Tropic - TCA eShop - Tactical Combat Academy<\/title>\n<meta name=\"description\" content=\"TCA Taktischer G\u00fcrtel Multicam Tropic - Taktischer TCA-G\u00fcrtel f\u00fcr taktische Waffen, der auch vom TCA-Team verwendet wird. Dieser G\u00fcrtel aus Camouflage-Material mit Nylongewebe und schwarzem Besatz bietet dem Sch\u00fctzen eine solide Basis.\" \/>\n<meta name=\"robots\" content=\"index, follow, max-snippet:-1, max-image-preview:large, max-video-preview:-1\" \/>\n<link rel=\"canonical\" href=\"https:\/\/eshop.tca.sk\/de\/ausruestung\/tca-taktischer-gurtel-multicam-tropic\/\" \/>\n<meta property=\"og:locale\" content=\"de_DE\" \/>\n<meta property=\"og:type\" content=\"article\" \/>\n<meta property=\"og:title\" content=\"TCA Taktischer G\u00fcrtel Multicam Tropic - TCA eShop - Tactical Combat Academy\" \/>\n<meta property=\"og:description\" content=\"TCA Taktischer G\u00fcrtel Multicam Tropic - Taktischer TCA-G\u00fcrtel f\u00fcr taktische Waffen, der auch vom TCA-Team verwendet wird. Dieser G\u00fcrtel aus Camouflage-Material mit Nylongewebe und schwarzem Besatz bietet dem Sch\u00fctzen eine solide Basis.\" \/>\n<meta property=\"og:url\" content=\"https:\/\/eshop.tca.sk\/de\/ausruestung\/tca-taktischer-gurtel-multicam-tropic\/\" \/>\n<meta property=\"og:site_name\" content=\"TCA eShop - Tactical Combat Academy\" \/>\n<meta property=\"article:modified_time\" content=\"2025-11-26T15:50:10+00:00\" \/>\n<meta property=\"og:image\" content=\"https:\/\/eshop.tca.sk\/wp-content\/uploads\/2022\/11\/TCA-Takticky-Opasok-Green-Camo-e.png\" \/>\n\t<meta property=\"og:image:width\" content=\"1000\" \/>\n\t<meta property=\"og:image:height\" content=\"1000\" \/>\n\t<meta property=\"og:image:type\" content=\"image\/png\" \/>\n<meta name=\"twitter:card\" content=\"summary_large_image\" \/>\n<script type=\"application\/ld+json\" class=\"yoast-schema-graph\">{\"@context\":\"https:\/\/schema.org\",\"@graph\":[{\"@type\":\"WebPage\",\"@id\":\"https:\/\/eshop.tca.sk\/de\/ausruestung\/tca-taktischer-gurtel-multicam-tropic\/\",\"url\":\"https:\/\/eshop.tca.sk\/de\/ausruestung\/tca-taktischer-gurtel-multicam-tropic\/\",\"name\":\"TCA Taktischer G\u00fcrtel Multicam Tropic - TCA eShop - Tactical Combat Academy\",\"isPartOf\":{\"@id\":\"https:\/\/eshop.tca.sk\/de\/#website\"},\"primaryImageOfPage\":{\"@id\":\"https:\/\/eshop.tca.sk\/de\/ausruestung\/tca-taktischer-gurtel-multicam-tropic\/#primaryimage\"},\"image\":{\"@id\":\"https:\/\/eshop.tca.sk\/de\/ausruestung\/tca-taktischer-gurtel-multicam-tropic\/#primaryimage\"},\"thumbnailUrl\":\"https:\/\/eshop.tca.sk\/wp-content\/uploads\/2022\/11\/TCA-Takticky-Opasok-Green-Camo-e.png\",\"datePublished\":\"2022-11-22T12:39:40+00:00\",\"dateModified\":\"2025-11-26T15:50:10+00:00\",\"description\":\"TCA Taktischer G\u00fcrtel Multicam Tropic - Taktischer TCA-G\u00fcrtel f\u00fcr taktische Waffen, der auch vom TCA-Team verwendet wird. Dieser G\u00fcrtel aus Camouflage-Material mit Nylongewebe und schwarzem Besatz bietet dem Sch\u00fctzen eine solide Basis.\",\"breadcrumb\":{\"@id\":\"https:\/\/eshop.tca.sk\/de\/ausruestung\/tca-taktischer-gurtel-multicam-tropic\/#breadcrumb\"},\"inLanguage\":\"de\",\"potentialAction\":[{\"@type\":\"ReadAction\",\"target\":[\"https:\/\/eshop.tca.sk\/de\/ausruestung\/tca-taktischer-gurtel-multicam-tropic\/\"]}]},{\"@type\":\"ImageObject\",\"inLanguage\":\"de\",\"@id\":\"https:\/\/eshop.tca.sk\/de\/ausruestung\/tca-taktischer-gurtel-multicam-tropic\/#primaryimage\",\"url\":\"https:\/\/eshop.tca.sk\/wp-content\/uploads\/2022\/11\/TCA-Takticky-Opasok-Green-Camo-e.png\",\"contentUrl\":\"https:\/\/eshop.tca.sk\/wp-content\/uploads\/2022\/11\/TCA-Takticky-Opasok-Green-Camo-e.png\",\"width\":1000,\"height\":1000},{\"@type\":\"BreadcrumbList\",\"@id\":\"https:\/\/eshop.tca.sk\/de\/ausruestung\/tca-taktischer-gurtel-multicam-tropic\/#breadcrumb\",\"itemListElement\":[{\"@type\":\"ListItem\",\"position\":1,\"name\":\"Domovsk\u00e1 str\u00e1nka\",\"item\":\"https:\/\/eshop.tca.sk\/de\/\"},{\"@type\":\"ListItem\",\"position\":2,\"name\":\"Shop\",\"item\":\"https:\/\/eshop.tca.sk\/de\/shop\/\"},{\"@type\":\"ListItem\",\"position\":3,\"name\":\"TCA Taktischer G\u00fcrtel Multicam Tropic\"}]},{\"@type\":\"WebSite\",\"@id\":\"https:\/\/eshop.tca.sk\/de\/#website\",\"url\":\"https:\/\/eshop.tca.sk\/de\/\",\"name\":\"TCA eShop - Tactical Combat Academy\",\"description\":\"Tactical Combat Academy\",\"publisher\":{\"@id\":\"https:\/\/eshop.tca.sk\/de\/#organization\"},\"potentialAction\":[{\"@type\":\"SearchAction\",\"target\":{\"@type\":\"EntryPoint\",\"urlTemplate\":\"https:\/\/eshop.tca.sk\/de\/?s={search_term_string}\"},\"query-input\":{\"@type\":\"PropertyValueSpecification\",\"valueRequired\":true,\"valueName\":\"search_term_string\"}}],\"inLanguage\":\"de\"},{\"@type\":\"Organization\",\"@id\":\"https:\/\/eshop.tca.sk\/de\/#organization\",\"name\":\"TCA eShop - Tactical Combat Academy\",\"url\":\"https:\/\/eshop.tca.sk\/de\/\",\"logo\":{\"@type\":\"ImageObject\",\"inLanguage\":\"de\",\"@id\":\"https:\/\/eshop.tca.sk\/de\/#\/schema\/logo\/image\/\",\"url\":\"https:\/\/eshop.tca.sk\/wp-content\/uploads\/2025\/06\/logo-new-header.png\",\"contentUrl\":\"https:\/\/eshop.tca.sk\/wp-content\/uploads\/2025\/06\/logo-new-header.png\",\"width\":300,\"height\":294,\"caption\":\"TCA eShop - Tactical Combat Academy\"},\"image\":{\"@id\":\"https:\/\/eshop.tca.sk\/de\/#\/schema\/logo\/image\/\"}}]}<\/script>\n<!-- \/ Yoast SEO plugin. -->","yoast_head_json":{"title":"TCA Taktischer G\u00fcrtel Multicam Tropic - TCA eShop - Tactical Combat Academy","description":"TCA Taktischer G\u00fcrtel Multicam Tropic - Taktischer TCA-G\u00fcrtel f\u00fcr taktische Waffen, der auch vom TCA-Team verwendet wird. Dieser G\u00fcrtel aus Camouflage-Material mit Nylongewebe und schwarzem Besatz bietet dem Sch\u00fctzen eine solide Basis.","robots":{"index":"index","follow":"follow","max-snippet":"max-snippet:-1","max-image-preview":"max-image-preview:large","max-video-preview":"max-video-preview:-1"},"canonical":"https:\/\/eshop.tca.sk\/de\/ausruestung\/tca-taktischer-gurtel-multicam-tropic\/","og_locale":"de_DE","og_type":"article","og_title":"TCA Taktischer G\u00fcrtel Multicam Tropic - TCA eShop - Tactical Combat Academy","og_description":"TCA Taktischer G\u00fcrtel Multicam Tropic - Taktischer TCA-G\u00fcrtel f\u00fcr taktische Waffen, der auch vom TCA-Team verwendet wird. Dieser G\u00fcrtel aus Camouflage-Material mit Nylongewebe und schwarzem Besatz bietet dem Sch\u00fctzen eine solide Basis.","og_url":"https:\/\/eshop.tca.sk\/de\/ausruestung\/tca-taktischer-gurtel-multicam-tropic\/","og_site_name":"TCA eShop - Tactical Combat Academy","article_modified_time":"2025-11-26T15:50:10+00:00","og_image":[{"width":1000,"height":1000,"url":"https:\/\/eshop.tca.sk\/wp-content\/uploads\/2022\/11\/TCA-Takticky-Opasok-Green-Camo-e.png","type":"image\/png"}],"twitter_card":"summary_large_image","schema":{"@context":"https:\/\/schema.org","@graph":[{"@type":"WebPage","@id":"https:\/\/eshop.tca.sk\/de\/ausruestung\/tca-taktischer-gurtel-multicam-tropic\/","url":"https:\/\/eshop.tca.sk\/de\/ausruestung\/tca-taktischer-gurtel-multicam-tropic\/","name":"TCA Taktischer G\u00fcrtel Multicam Tropic - TCA eShop - Tactical Combat Academy","isPartOf":{"@id":"https:\/\/eshop.tca.sk\/de\/#website"},"primaryImageOfPage":{"@id":"https:\/\/eshop.tca.sk\/de\/ausruestung\/tca-taktischer-gurtel-multicam-tropic\/#primaryimage"},"image":{"@id":"https:\/\/eshop.tca.sk\/de\/ausruestung\/tca-taktischer-gurtel-multicam-tropic\/#primaryimage"},"thumbnailUrl":"https:\/\/eshop.tca.sk\/wp-content\/uploads\/2022\/11\/TCA-Takticky-Opasok-Green-Camo-e.png","datePublished":"2022-11-22T12:39:40+00:00","dateModified":"2025-11-26T15:50:10+00:00","description":"TCA Taktischer G\u00fcrtel Multicam Tropic - Taktischer TCA-G\u00fcrtel f\u00fcr taktische Waffen, der auch vom TCA-Team verwendet wird. Dieser G\u00fcrtel aus Camouflage-Material mit Nylongewebe und schwarzem Besatz bietet dem Sch\u00fctzen eine solide Basis.","breadcrumb":{"@id":"https:\/\/eshop.tca.sk\/de\/ausruestung\/tca-taktischer-gurtel-multicam-tropic\/#breadcrumb"},"inLanguage":"de","potentialAction":[{"@type":"ReadAction","target":["https:\/\/eshop.tca.sk\/de\/ausruestung\/tca-taktischer-gurtel-multicam-tropic\/"]}]},{"@type":"ImageObject","inLanguage":"de","@id":"https:\/\/eshop.tca.sk\/de\/ausruestung\/tca-taktischer-gurtel-multicam-tropic\/#primaryimage","url":"https:\/\/eshop.tca.sk\/wp-content\/uploads\/2022\/11\/TCA-Takticky-Opasok-Green-Camo-e.png","contentUrl":"https:\/\/eshop.tca.sk\/wp-content\/uploads\/2022\/11\/TCA-Takticky-Opasok-Green-Camo-e.png","width":1000,"height":1000},{"@type":"BreadcrumbList","@id":"https:\/\/eshop.tca.sk\/de\/ausruestung\/tca-taktischer-gurtel-multicam-tropic\/#breadcrumb","itemListElement":[{"@type":"ListItem","position":1,"name":"Domovsk\u00e1 str\u00e1nka","item":"https:\/\/eshop.tca.sk\/de\/"},{"@type":"ListItem","position":2,"name":"Shop","item":"https:\/\/eshop.tca.sk\/de\/shop\/"},{"@type":"ListItem","position":3,"name":"TCA Taktischer G\u00fcrtel Multicam Tropic"}]},{"@type":"WebSite","@id":"https:\/\/eshop.tca.sk\/de\/#website","url":"https:\/\/eshop.tca.sk\/de\/","name":"TCA eShop - Tactical Combat Academy","description":"Tactical Combat Academy","publisher":{"@id":"https:\/\/eshop.tca.sk\/de\/#organization"},"potentialAction":[{"@type":"SearchAction","target":{"@type":"EntryPoint","urlTemplate":"https:\/\/eshop.tca.sk\/de\/?s={search_term_string}"},"query-input":{"@type":"PropertyValueSpecification","valueRequired":true,"valueName":"search_term_string"}}],"inLanguage":"de"},{"@type":"Organization","@id":"https:\/\/eshop.tca.sk\/de\/#organization","name":"TCA eShop - Tactical Combat Academy","url":"https:\/\/eshop.tca.sk\/de\/","logo":{"@type":"ImageObject","inLanguage":"de","@id":"https:\/\/eshop.tca.sk\/de\/#\/schema\/logo\/image\/","url":"https:\/\/eshop.tca.sk\/wp-content\/uploads\/2025\/06\/logo-new-header.png","contentUrl":"https:\/\/eshop.tca.sk\/wp-content\/uploads\/2025\/06\/logo-new-header.png","width":300,"height":294,"caption":"TCA eShop - Tactical Combat Academy"},"image":{"@id":"https:\/\/eshop.tca.sk\/de\/#\/schema\/logo\/image\/"}}]}},"_links":{"self":[{"href":"https:\/\/eshop.tca.sk\/de\/wp-json\/wp\/v2\/product\/7721","targetHints":{"allow":["GET"]}}],"collection":[{"href":"https:\/\/eshop.tca.sk\/de\/wp-json\/wp\/v2\/product"}],"about":[{"href":"https:\/\/eshop.tca.sk\/de\/wp-json\/wp\/v2\/types\/product"}],"wp:featuredmedia":[{"embeddable":true,"href":"https:\/\/eshop.tca.sk\/de\/wp-json\/wp\/v2\/media\/6815"}],"wp:attachment":[{"href":"https:\/\/eshop.tca.sk\/de\/wp-json\/wp\/v2\/media?parent=7721"}],"wp:term":[{"taxonomy":"product_brand","embeddable":true,"href":"https:\/\/eshop.tca.sk\/de\/wp-json\/wp\/v2\/product_brand?post=7721"},{"taxonomy":"product_cat","embeddable":true,"href":"https:\/\/eshop.tca.sk\/de\/wp-json\/wp\/v2\/product_cat?post=7721"},{"taxonomy":"product_tag","embeddable":true,"href":"https:\/\/eshop.tca.sk\/de\/wp-json\/wp\/v2\/product_tag?post=7721"},{"taxonomy":"giftcard-category","embeddable":true,"href":"https:\/\/eshop.tca.sk\/de\/wp-json\/wp\/v2\/giftcard-category?post=7721"}],"curies":[{"name":"wp","href":"https:\/\/api.w.org\/{rel}","templated":true}]}}