{"id":7784,"date":"2022-12-11T11:39:34","date_gmt":"2022-12-11T10:39:34","guid":{"rendered":"https:\/\/eshop.tca.sk\/unkategorisiert\/kolimator-aimpoint-micro-t-2-2-moa-30mm-lrp\/"},"modified":"2025-11-26T16:50:02","modified_gmt":"2025-11-26T15:50:02","slug":"kolimator-aimpoint-micro-t-2-2-moa-30mm-lrp","status":"publish","type":"product","link":"https:\/\/eshop.tca.sk\/de\/waffenzubehoer\/kolimator-aimpoint-micro-t-2-2-moa-30mm-lrp\/","title":{"rendered":"Kolimator Aimpoint\u00ae Micro T-2 2 MOA, 30mm, LRP"},"content":{"rendered":"<h3><strong>Kolimator Aimpoint\u00ae Micro T-2 2 MOA, 30mm, LRP<\/strong><\/h3>\n<p>Das <strong>Kollimatorzielger\u00e4t Aimpoint\u00ae Micro T-2 2 MOA, 30 mm, LRP<\/strong> ist eine neue Version des beliebten elektrooptischen Zielger\u00e4ts mit einem deutlich technologisch verbesserten Zielpunkt und einem komplett \u00fcberarbeiteten Tubus, wobei der Schwerpunkt auf einer deutlichen Erh\u00f6hung der Widerstandsf\u00e4higkeit gegen grobe Behandlung und Witterungseinfl\u00fcsse liegt. Es wurde f\u00fcr Benutzer entwickelt, die ein extrem langlebiges, leichtes und kompaktes Visier ben\u00f6tigen Der Micro T-2\u2122 hat einen genauen 2 MOA Rotpunkt und innovative optische Linsen mit \u00fcberlegenen reflektierenden Beschichtungen.<\/p>\n<ul>\n<li>Der Micro T-2\u2122 hat einen genauen 2 MOA Rotpunkt und innovative optische Linsen mit \u00fcberlegenen reflektierenden Beschichtungen.<\/li>\n<li>eloxierte, hochfeste Aluminiumabdeckung in halbmatt schwarz<\/li>\n<li>eine geeignete Wahl f\u00fcr Gewehre, Karabiner, Schrotflinten, Maschinenpistolen oder andere Handfeuerwaffen<\/li>\n<li>hochklappbare Linsenabdeckungen &#8211; die Vorderseite ist fest und die R\u00fcckseite ist transparent<\/li>\n<li>sehr gut geeignet f\u00fcr Vergr\u00f6\u00dferungsmodule 3XMag-1 und 6XMag-1, f\u00fcr Nachtsichtger\u00e4te oder zB mit W\u00e4rmebild<\/li>\n<li>Die Helligkeit des 2 MOA Rotpunkts l\u00e4sst sich mit dem seitlichen Stellrad in 12 Positionen einstellen<\/li>\n<li>verst\u00e4rkter Turmschutz f\u00fcr noch l\u00e4ngere Haltbarkeit<\/li>\n<li>Verwendung auf allen Arten von Waffen mit einer Picatinny\/Weaver-Schiene<\/li>\n<li>LRP-Montage<\/li>\n<li>ist best\u00e4ndig gegen Schlamm, Feuchtigkeit, Staub, Regen, Frost und Hitze (Betriebstemperaturbereich ist -45 bis +71 C<\/li>\n<li>ohne Parallaxe<\/li>\n<li>kann als eigenst\u00e4ndiger Zielsucher oder als Zusatz zu Vergr\u00f6\u00dferungsger\u00e4ten, W\u00e4rmebildger\u00e4ten oder Nachtsichtger\u00e4ten verwendet werden<\/li>\n<li>NVD-kompatibel<\/li>\n<\/ul>\n","protected":false},"excerpt":{"rendered":"<p><img loading=\"lazy\" decoding=\"async\" class=\"alignnone size-full wp-image-7487\" src=\"https:\/\/eshop.tca.sk\/wp-content\/uploads\/2022\/12\/Aimpoint_logo.svg.png\" alt=\"\" width=\"150\" height=\"32\"><\/p>\n<p><strong>Das Modell Micro T2<\/strong> ist ein kompakter, sehr langlebiger Rotpunktkollimator, der mit allen NVD-Generationen voll kompatibel ist.<\/p>\n<p><img loading=\"lazy\" decoding=\"async\" class=\"wp-image-8564 alignnone\" src=\"https:\/\/eshop.tca.sk\/wp-content\/uploads\/2023\/04\/Logo-Whack-Black-White-R-APPROVED.png\" alt=\"\" width=\"138\" height=\"75\" srcset=\"https:\/\/eshop.tca.sk\/wp-content\/uploads\/2023\/04\/Logo-Whack-Black-White-R-APPROVED.png 571w, https:\/\/eshop.tca.sk\/wp-content\/uploads\/2023\/04\/Logo-Whack-Black-White-R-APPROVED-300x163.png 300w\" sizes=\"auto, (max-width: 138px) 100vw, 138px\" \/><\/p>\n<p>Vom <strong>TCA<\/strong> und dem <strong>WHACK<\/strong>-System verwendete und empfohlene Equipment.<\/p>\n","protected":false},"featured_media":10072,"template":"","meta":{"inline_featured_image":false},"product_brand":[],"product_cat":[320,318],"product_tag":[376],"giftcard-category":[],"class_list":{"0":"post-7784","1":"product","2":"type-product","3":"status-publish","4":"has-post-thumbnail","6":"product_cat-optik","7":"product_cat-waffenzubehoer","8":"product_tag-aimpoint-de","10":"first","11":"outofstock","12":"taxable","13":"shipping-taxable","14":"purchasable","15":"product-type-simple"},"yoast_head":"<!-- This site is optimized with the Yoast SEO plugin v26.4 - https:\/\/yoast.com\/wordpress\/plugins\/seo\/ -->\n<title>Kolimator Aimpoint\u00ae Micro T-2 2 MOA, 30mm, LRP - TCA eShop - Tactical Combat Academy<\/title>\n<meta name=\"description\" content=\"Das Aimpoint\u00ae Micro T-2 2 MOA, 30 mm, LRP ist ein kompaktes, \u00e4u\u00dferst widerstandsf\u00e4higes Leuchtpunktvisier, das mit allen Generationen von Nachtsichtger\u00e4ten vollst\u00e4ndig kompatibel ist.\" \/>\n<meta name=\"robots\" content=\"index, follow, max-snippet:-1, max-image-preview:large, max-video-preview:-1\" \/>\n<link rel=\"canonical\" href=\"https:\/\/eshop.tca.sk\/de\/waffenzubehoer\/kolimator-aimpoint-micro-t-2-2-moa-30mm-lrp\/\" \/>\n<meta property=\"og:locale\" content=\"de_DE\" \/>\n<meta property=\"og:type\" content=\"article\" \/>\n<meta property=\"og:title\" content=\"Kolimator Aimpoint\u00ae Micro T-2 2 MOA, 30mm, LRP - TCA eShop - Tactical Combat Academy\" \/>\n<meta property=\"og:description\" content=\"Das Aimpoint\u00ae Micro T-2 2 MOA, 30 mm, LRP ist ein kompaktes, \u00e4u\u00dferst widerstandsf\u00e4higes Leuchtpunktvisier, das mit allen Generationen von Nachtsichtger\u00e4ten vollst\u00e4ndig kompatibel ist.\" \/>\n<meta property=\"og:url\" content=\"https:\/\/eshop.tca.sk\/de\/waffenzubehoer\/kolimator-aimpoint-micro-t-2-2-moa-30mm-lrp\/\" \/>\n<meta property=\"og:site_name\" content=\"TCA eShop - Tactical Combat Academy\" \/>\n<meta property=\"article:modified_time\" content=\"2025-11-26T15:50:02+00:00\" \/>\n<meta property=\"og:image\" content=\"https:\/\/eshop.tca.sk\/wp-content\/uploads\/2022\/12\/kolimator-aimpoint-micro-t-2-2-moa-30mm-lrp-a-1.png\" \/>\n\t<meta property=\"og:image:width\" content=\"1000\" \/>\n\t<meta property=\"og:image:height\" content=\"1000\" \/>\n\t<meta property=\"og:image:type\" content=\"image\/png\" \/>\n<meta name=\"twitter:card\" content=\"summary_large_image\" \/>\n<script type=\"application\/ld+json\" class=\"yoast-schema-graph\">{\"@context\":\"https:\/\/schema.org\",\"@graph\":[{\"@type\":\"WebPage\",\"@id\":\"https:\/\/eshop.tca.sk\/de\/waffenzubehoer\/kolimator-aimpoint-micro-t-2-2-moa-30mm-lrp\/\",\"url\":\"https:\/\/eshop.tca.sk\/de\/waffenzubehoer\/kolimator-aimpoint-micro-t-2-2-moa-30mm-lrp\/\",\"name\":\"Kolimator Aimpoint\u00ae Micro T-2 2 MOA, 30mm, LRP - TCA eShop - Tactical Combat Academy\",\"isPartOf\":{\"@id\":\"https:\/\/eshop.tca.sk\/de\/#website\"},\"primaryImageOfPage\":{\"@id\":\"https:\/\/eshop.tca.sk\/de\/waffenzubehoer\/kolimator-aimpoint-micro-t-2-2-moa-30mm-lrp\/#primaryimage\"},\"image\":{\"@id\":\"https:\/\/eshop.tca.sk\/de\/waffenzubehoer\/kolimator-aimpoint-micro-t-2-2-moa-30mm-lrp\/#primaryimage\"},\"thumbnailUrl\":\"https:\/\/eshop.tca.sk\/wp-content\/uploads\/2022\/12\/kolimator-aimpoint-micro-t-2-2-moa-30mm-lrp-a-1.png\",\"datePublished\":\"2022-12-11T10:39:34+00:00\",\"dateModified\":\"2025-11-26T15:50:02+00:00\",\"description\":\"Das Aimpoint\u00ae Micro T-2 2 MOA, 30 mm, LRP ist ein kompaktes, \u00e4u\u00dferst widerstandsf\u00e4higes Leuchtpunktvisier, das mit allen Generationen von Nachtsichtger\u00e4ten vollst\u00e4ndig kompatibel ist.\",\"breadcrumb\":{\"@id\":\"https:\/\/eshop.tca.sk\/de\/waffenzubehoer\/kolimator-aimpoint-micro-t-2-2-moa-30mm-lrp\/#breadcrumb\"},\"inLanguage\":\"de\",\"potentialAction\":[{\"@type\":\"ReadAction\",\"target\":[\"https:\/\/eshop.tca.sk\/de\/waffenzubehoer\/kolimator-aimpoint-micro-t-2-2-moa-30mm-lrp\/\"]}]},{\"@type\":\"ImageObject\",\"inLanguage\":\"de\",\"@id\":\"https:\/\/eshop.tca.sk\/de\/waffenzubehoer\/kolimator-aimpoint-micro-t-2-2-moa-30mm-lrp\/#primaryimage\",\"url\":\"https:\/\/eshop.tca.sk\/wp-content\/uploads\/2022\/12\/kolimator-aimpoint-micro-t-2-2-moa-30mm-lrp-a-1.png\",\"contentUrl\":\"https:\/\/eshop.tca.sk\/wp-content\/uploads\/2022\/12\/kolimator-aimpoint-micro-t-2-2-moa-30mm-lrp-a-1.png\",\"width\":1000,\"height\":1000,\"caption\":\"Kolim\u00e1tor Aimpoint\u00ae Micro T-2 2 MOA, 30mm, LRP\"},{\"@type\":\"BreadcrumbList\",\"@id\":\"https:\/\/eshop.tca.sk\/de\/waffenzubehoer\/kolimator-aimpoint-micro-t-2-2-moa-30mm-lrp\/#breadcrumb\",\"itemListElement\":[{\"@type\":\"ListItem\",\"position\":1,\"name\":\"Domovsk\u00e1 str\u00e1nka\",\"item\":\"https:\/\/eshop.tca.sk\/de\/\"},{\"@type\":\"ListItem\",\"position\":2,\"name\":\"Shop\",\"item\":\"https:\/\/eshop.tca.sk\/de\/shop\/\"},{\"@type\":\"ListItem\",\"position\":3,\"name\":\"Kolimator Aimpoint\u00ae Micro T-2 2 MOA, 30mm, LRP\"}]},{\"@type\":\"WebSite\",\"@id\":\"https:\/\/eshop.tca.sk\/de\/#website\",\"url\":\"https:\/\/eshop.tca.sk\/de\/\",\"name\":\"TCA eShop - Tactical Combat Academy\",\"description\":\"Tactical Combat Academy\",\"publisher\":{\"@id\":\"https:\/\/eshop.tca.sk\/de\/#organization\"},\"potentialAction\":[{\"@type\":\"SearchAction\",\"target\":{\"@type\":\"EntryPoint\",\"urlTemplate\":\"https:\/\/eshop.tca.sk\/de\/?s={search_term_string}\"},\"query-input\":{\"@type\":\"PropertyValueSpecification\",\"valueRequired\":true,\"valueName\":\"search_term_string\"}}],\"inLanguage\":\"de\"},{\"@type\":\"Organization\",\"@id\":\"https:\/\/eshop.tca.sk\/de\/#organization\",\"name\":\"TCA eShop - Tactical Combat Academy\",\"url\":\"https:\/\/eshop.tca.sk\/de\/\",\"logo\":{\"@type\":\"ImageObject\",\"inLanguage\":\"de\",\"@id\":\"https:\/\/eshop.tca.sk\/de\/#\/schema\/logo\/image\/\",\"url\":\"https:\/\/eshop.tca.sk\/wp-content\/uploads\/2025\/06\/logo-new-header.png\",\"contentUrl\":\"https:\/\/eshop.tca.sk\/wp-content\/uploads\/2025\/06\/logo-new-header.png\",\"width\":300,\"height\":294,\"caption\":\"TCA eShop - Tactical Combat Academy\"},\"image\":{\"@id\":\"https:\/\/eshop.tca.sk\/de\/#\/schema\/logo\/image\/\"}}]}<\/script>\n<!-- \/ Yoast SEO plugin. -->","yoast_head_json":{"title":"Kolimator Aimpoint\u00ae Micro T-2 2 MOA, 30mm, LRP - TCA eShop - Tactical Combat Academy","description":"Das Aimpoint\u00ae Micro T-2 2 MOA, 30 mm, LRP ist ein kompaktes, \u00e4u\u00dferst widerstandsf\u00e4higes Leuchtpunktvisier, das mit allen Generationen von Nachtsichtger\u00e4ten vollst\u00e4ndig kompatibel ist.","robots":{"index":"index","follow":"follow","max-snippet":"max-snippet:-1","max-image-preview":"max-image-preview:large","max-video-preview":"max-video-preview:-1"},"canonical":"https:\/\/eshop.tca.sk\/de\/waffenzubehoer\/kolimator-aimpoint-micro-t-2-2-moa-30mm-lrp\/","og_locale":"de_DE","og_type":"article","og_title":"Kolimator Aimpoint\u00ae Micro T-2 2 MOA, 30mm, LRP - TCA eShop - Tactical Combat Academy","og_description":"Das Aimpoint\u00ae Micro T-2 2 MOA, 30 mm, LRP ist ein kompaktes, \u00e4u\u00dferst widerstandsf\u00e4higes Leuchtpunktvisier, das mit allen Generationen von Nachtsichtger\u00e4ten vollst\u00e4ndig kompatibel ist.","og_url":"https:\/\/eshop.tca.sk\/de\/waffenzubehoer\/kolimator-aimpoint-micro-t-2-2-moa-30mm-lrp\/","og_site_name":"TCA eShop - Tactical Combat Academy","article_modified_time":"2025-11-26T15:50:02+00:00","og_image":[{"width":1000,"height":1000,"url":"https:\/\/eshop.tca.sk\/wp-content\/uploads\/2022\/12\/kolimator-aimpoint-micro-t-2-2-moa-30mm-lrp-a-1.png","type":"image\/png"}],"twitter_card":"summary_large_image","schema":{"@context":"https:\/\/schema.org","@graph":[{"@type":"WebPage","@id":"https:\/\/eshop.tca.sk\/de\/waffenzubehoer\/kolimator-aimpoint-micro-t-2-2-moa-30mm-lrp\/","url":"https:\/\/eshop.tca.sk\/de\/waffenzubehoer\/kolimator-aimpoint-micro-t-2-2-moa-30mm-lrp\/","name":"Kolimator Aimpoint\u00ae Micro T-2 2 MOA, 30mm, LRP - TCA eShop - Tactical Combat Academy","isPartOf":{"@id":"https:\/\/eshop.tca.sk\/de\/#website"},"primaryImageOfPage":{"@id":"https:\/\/eshop.tca.sk\/de\/waffenzubehoer\/kolimator-aimpoint-micro-t-2-2-moa-30mm-lrp\/#primaryimage"},"image":{"@id":"https:\/\/eshop.tca.sk\/de\/waffenzubehoer\/kolimator-aimpoint-micro-t-2-2-moa-30mm-lrp\/#primaryimage"},"thumbnailUrl":"https:\/\/eshop.tca.sk\/wp-content\/uploads\/2022\/12\/kolimator-aimpoint-micro-t-2-2-moa-30mm-lrp-a-1.png","datePublished":"2022-12-11T10:39:34+00:00","dateModified":"2025-11-26T15:50:02+00:00","description":"Das Aimpoint\u00ae Micro T-2 2 MOA, 30 mm, LRP ist ein kompaktes, \u00e4u\u00dferst widerstandsf\u00e4higes Leuchtpunktvisier, das mit allen Generationen von Nachtsichtger\u00e4ten vollst\u00e4ndig kompatibel ist.","breadcrumb":{"@id":"https:\/\/eshop.tca.sk\/de\/waffenzubehoer\/kolimator-aimpoint-micro-t-2-2-moa-30mm-lrp\/#breadcrumb"},"inLanguage":"de","potentialAction":[{"@type":"ReadAction","target":["https:\/\/eshop.tca.sk\/de\/waffenzubehoer\/kolimator-aimpoint-micro-t-2-2-moa-30mm-lrp\/"]}]},{"@type":"ImageObject","inLanguage":"de","@id":"https:\/\/eshop.tca.sk\/de\/waffenzubehoer\/kolimator-aimpoint-micro-t-2-2-moa-30mm-lrp\/#primaryimage","url":"https:\/\/eshop.tca.sk\/wp-content\/uploads\/2022\/12\/kolimator-aimpoint-micro-t-2-2-moa-30mm-lrp-a-1.png","contentUrl":"https:\/\/eshop.tca.sk\/wp-content\/uploads\/2022\/12\/kolimator-aimpoint-micro-t-2-2-moa-30mm-lrp-a-1.png","width":1000,"height":1000,"caption":"Kolim\u00e1tor Aimpoint\u00ae Micro T-2 2 MOA, 30mm, LRP"},{"@type":"BreadcrumbList","@id":"https:\/\/eshop.tca.sk\/de\/waffenzubehoer\/kolimator-aimpoint-micro-t-2-2-moa-30mm-lrp\/#breadcrumb","itemListElement":[{"@type":"ListItem","position":1,"name":"Domovsk\u00e1 str\u00e1nka","item":"https:\/\/eshop.tca.sk\/de\/"},{"@type":"ListItem","position":2,"name":"Shop","item":"https:\/\/eshop.tca.sk\/de\/shop\/"},{"@type":"ListItem","position":3,"name":"Kolimator Aimpoint\u00ae Micro T-2 2 MOA, 30mm, LRP"}]},{"@type":"WebSite","@id":"https:\/\/eshop.tca.sk\/de\/#website","url":"https:\/\/eshop.tca.sk\/de\/","name":"TCA eShop - Tactical Combat Academy","description":"Tactical Combat Academy","publisher":{"@id":"https:\/\/eshop.tca.sk\/de\/#organization"},"potentialAction":[{"@type":"SearchAction","target":{"@type":"EntryPoint","urlTemplate":"https:\/\/eshop.tca.sk\/de\/?s={search_term_string}"},"query-input":{"@type":"PropertyValueSpecification","valueRequired":true,"valueName":"search_term_string"}}],"inLanguage":"de"},{"@type":"Organization","@id":"https:\/\/eshop.tca.sk\/de\/#organization","name":"TCA eShop - Tactical Combat Academy","url":"https:\/\/eshop.tca.sk\/de\/","logo":{"@type":"ImageObject","inLanguage":"de","@id":"https:\/\/eshop.tca.sk\/de\/#\/schema\/logo\/image\/","url":"https:\/\/eshop.tca.sk\/wp-content\/uploads\/2025\/06\/logo-new-header.png","contentUrl":"https:\/\/eshop.tca.sk\/wp-content\/uploads\/2025\/06\/logo-new-header.png","width":300,"height":294,"caption":"TCA eShop - Tactical Combat Academy"},"image":{"@id":"https:\/\/eshop.tca.sk\/de\/#\/schema\/logo\/image\/"}}]}},"_links":{"self":[{"href":"https:\/\/eshop.tca.sk\/de\/wp-json\/wp\/v2\/product\/7784","targetHints":{"allow":["GET"]}}],"collection":[{"href":"https:\/\/eshop.tca.sk\/de\/wp-json\/wp\/v2\/product"}],"about":[{"href":"https:\/\/eshop.tca.sk\/de\/wp-json\/wp\/v2\/types\/product"}],"wp:featuredmedia":[{"embeddable":true,"href":"https:\/\/eshop.tca.sk\/de\/wp-json\/wp\/v2\/media\/10072"}],"wp:attachment":[{"href":"https:\/\/eshop.tca.sk\/de\/wp-json\/wp\/v2\/media?parent=7784"}],"wp:term":[{"taxonomy":"product_brand","embeddable":true,"href":"https:\/\/eshop.tca.sk\/de\/wp-json\/wp\/v2\/product_brand?post=7784"},{"taxonomy":"product_cat","embeddable":true,"href":"https:\/\/eshop.tca.sk\/de\/wp-json\/wp\/v2\/product_cat?post=7784"},{"taxonomy":"product_tag","embeddable":true,"href":"https:\/\/eshop.tca.sk\/de\/wp-json\/wp\/v2\/product_tag?post=7784"},{"taxonomy":"giftcard-category","embeddable":true,"href":"https:\/\/eshop.tca.sk\/de\/wp-json\/wp\/v2\/giftcard-category?post=7784"}],"curies":[{"name":"wp","href":"https:\/\/api.w.org\/{rel}","templated":true}]}}