{"id":7786,"date":"2022-10-10T11:12:39","date_gmt":"2022-10-10T09:12:39","guid":{"rendered":"https:\/\/eshop.tca.sk\/unkategorisiert\/kolimator-xps2-0-black\/"},"modified":"2025-11-26T16:50:14","modified_gmt":"2025-11-26T15:50:14","slug":"kolimator-eotech-hws-xps2-0","status":"publish","type":"product","link":"https:\/\/eshop.tca.sk\/de\/waffenzubehoer\/kolimator-eotech-hws-xps2-0\/","title":{"rendered":"Kollimator EOTech HWS XPS2-0"},"content":{"rendered":"<h3>Kollimator EOTech HWS XPS2-0<\/h3>\n<p>Das <strong>EOTech HWS XPS2-0<\/strong> ist ein holografisches Zielger\u00e4t von EOTech, das f\u00fcr das Schie\u00dfen auf kurze und mittlere Entfernungen entwickelt wurde. Die L\u00e4nge des Kollimators betr\u00e4gt 97 mm und das Gewicht 255 g bei einem offenen Design, das dem Sch\u00fctzen ein breiteres Sichtfeld und schnellere Reaktionen erm\u00f6glicht.<\/p>\n<p>Das Visier hat ein Zielmuster von 1 MOA-Punkt und einen 68 MOA-Kreis mit einer Fenstergr\u00f6\u00dfe von 30 x 23 mm, die bis zu 20 Helligkeitseinstellungen erm\u00f6glicht.<\/p>\n<p>Montage auf Standard-Picatinny-Schiene oder Weaver Der Kollimator ist bis zu 3 m wasserdicht und seine Stromversorgung erfordert CR123A-Batterien, die bei der Grundhelligkeitseinstellung 1000 Stunden halten. Dieses Modell unterst\u00fctzt keine Nachtsicht.<\/p>\n<ul>\n<li>Nachtsicht wird nicht unterst\u00fctzt<\/li>\n<li>Zielmuster 0 (1 MOA Punkt + 68 MOA Kreis)<\/li>\n<li>&#8220;Kurzes Modell&#8221; (betrieben durch CR123A-Batterie)<\/li>\n<li>Der Kollimator hat eine schnelle Montage<\/li>\n<li>Steuerung von der Seite<\/li>\n<\/ul>\n<p><img loading=\"lazy\" decoding=\"async\" class=\"size-thumbnail wp-image-6495 alignleft\" src=\"https:\/\/eshop.tca.sk\/wp-content\/uploads\/2022\/10\/0-reticle-150x150.png\" alt=\"\" width=\"150\" height=\"150\" srcset=\"https:\/\/eshop.tca.sk\/wp-content\/uploads\/2022\/10\/0-reticle-150x150.png 150w, https:\/\/eshop.tca.sk\/wp-content\/uploads\/2022\/10\/0-reticle-300x300.png 300w, https:\/\/eshop.tca.sk\/wp-content\/uploads\/2022\/10\/0-reticle-100x100.png 100w, https:\/\/eshop.tca.sk\/wp-content\/uploads\/2022\/10\/0-reticle.png 500w\" sizes=\"auto, (max-width: 150px) 100vw, 150px\" \/>Das einzigartige Zielbild von EOTech ist entscheidend f\u00fcr eine schnelle Zielerfassung und MOA-Genauigkeit in jedem Bereich. Das 1-MOA-Punkt- und 68-MOA-Kreisvisiermuster erm\u00f6glicht es dem Benutzer, das Ziel schnell aufzunehmen und zu zielen.<\/p>\n<p>Das beliebteste Zielabsehen von EOTech hat einen 1-MOA-Punkt und einen 68-MOA-Ring. Es wurde f\u00fcr die Verwendung mit einer .223 Rem-Patrone mit einem Projektilgewicht von 62 g\/4,0 g und einer Geschwindigkeit von ungef\u00e4hr 883 m\/s entwickelt. Bei Verwendung eines Schrotflintenvisiers ist es m\u00f6glich, den 68-MOA-Kreis als Abdeckungsanzeige zu verwenden, dies variiert jedoch nat\u00fcrlich je nach Wahl des Chokes und der Patrone. Die Codebezeichnung von Modellen mit diesem absichtlichen Muster endet mit \u201e-0\u201c.<\/p>\n<p>&nbsp;<\/p>\n<p>Der in den meisten Sichtmustern gefundene Standardkreis entspricht ungef\u00e4hr 68 Zoll (5 Fu\u00df 8 Zoll) auf 100 Yards (91 m).<\/p>\n<p><img loading=\"lazy\" decoding=\"async\" class=\"alignnone wp-image-6498 size-full\" src=\"https:\/\/eshop.tca.sk\/wp-content\/uploads\/2022\/10\/Kolimator-EXPS2-0-a.png\" alt=\"\" width=\"949\" height=\"235\" srcset=\"https:\/\/eshop.tca.sk\/wp-content\/uploads\/2022\/10\/Kolimator-EXPS2-0-a.png 949w, https:\/\/eshop.tca.sk\/wp-content\/uploads\/2022\/10\/Kolimator-EXPS2-0-a-600x149.png 600w, https:\/\/eshop.tca.sk\/wp-content\/uploads\/2022\/10\/Kolimator-EXPS2-0-a-300x74.png 300w, https:\/\/eshop.tca.sk\/wp-content\/uploads\/2022\/10\/Kolimator-EXPS2-0-a-768x190.png 768w\" sizes=\"auto, (max-width: 949px) 100vw, 949px\" \/><\/p>\n<p>Das holografische Visier bietet sowohl im Standard- als auch im Nachtsichtmodus mehrere Helligkeitseinstellungen, die eine schnelle Anpassung in jeder Zielsituation erm\u00f6glichen.<\/p>\n<p><img loading=\"lazy\" decoding=\"async\" class=\"alignnone size-full wp-image-6501\" src=\"https:\/\/eshop.tca.sk\/wp-content\/uploads\/2022\/10\/Kolimator-EXPS2-0-b.png\" alt=\"\" width=\"1195\" height=\"239\" srcset=\"https:\/\/eshop.tca.sk\/wp-content\/uploads\/2022\/10\/Kolimator-EXPS2-0-b.png 1195w, https:\/\/eshop.tca.sk\/wp-content\/uploads\/2022\/10\/Kolimator-EXPS2-0-b-600x120.png 600w, https:\/\/eshop.tca.sk\/wp-content\/uploads\/2022\/10\/Kolimator-EXPS2-0-b-300x60.png 300w, https:\/\/eshop.tca.sk\/wp-content\/uploads\/2022\/10\/Kolimator-EXPS2-0-b-1024x205.png 1024w, https:\/\/eshop.tca.sk\/wp-content\/uploads\/2022\/10\/Kolimator-EXPS2-0-b-768x154.png 768w\" sizes=\"auto, (max-width: 1195px) 100vw, 1195px\" \/><\/p>\n","protected":false},"excerpt":{"rendered":"<p><img loading=\"lazy\" decoding=\"async\" class=\"alignnone size-full wp-image-7425\" src=\"https:\/\/eshop.tca.sk\/wp-content\/uploads\/2022\/10\/EOTech_logo.png\" alt=\"\" width=\"75\" height=\"71\"><\/p>\n<p><strong>Das Modell XPS2-0<\/strong> ist ein holografisches Visier von EOtech, das f\u00fcr das Schie\u00dfen auf kurze oder mittlere Entfernung ausgelegt ist. Die L\u00e4nge des Kollimators betr\u00e4gt 97 mm und das Gewicht 255 g bei einem offenen Design, das dem Sch\u00fctzen ein breiteres Sichtfeld und schnellere Reaktionen erm\u00f6glicht.<\/p>\n<p><img loading=\"lazy\" decoding=\"async\" class=\"wp-image-8564 alignnone\" src=\"https:\/\/eshop.tca.sk\/wp-content\/uploads\/2023\/04\/Logo-Whack-Black-White-R-APPROVED.png\" alt=\"\" width=\"138\" height=\"75\" srcset=\"https:\/\/eshop.tca.sk\/wp-content\/uploads\/2023\/04\/Logo-Whack-Black-White-R-APPROVED.png 571w, https:\/\/eshop.tca.sk\/wp-content\/uploads\/2023\/04\/Logo-Whack-Black-White-R-APPROVED-300x163.png 300w\" sizes=\"auto, (max-width: 138px) 100vw, 138px\" \/><\/p>\n<p>Vom <strong>TCA<\/strong> und dem <strong>WHACK<\/strong>-System verwendete und empfohlene Equipment.<\/p>\n","protected":false},"featured_media":14431,"template":"","meta":{"inline_featured_image":false},"product_brand":[],"product_cat":[320,318],"product_tag":[378],"giftcard-category":[],"class_list":{"0":"post-7786","1":"product","2":"type-product","3":"status-publish","4":"has-post-thumbnail","6":"product_cat-optik","7":"product_cat-waffenzubehoer","8":"product_tag-eotech-de","10":"first","11":"outofstock","12":"taxable","13":"shipping-taxable","14":"purchasable","15":"product-type-simple"},"yoast_head":"<!-- This site is optimized with the Yoast SEO plugin v26.4 - https:\/\/yoast.com\/wordpress\/plugins\/seo\/ -->\n<title>Kollimator EOTech HWS XPS2-0 - TCA eShop - Tactical Combat Academy<\/title>\n<meta name=\"description\" content=\"Das Kollimatorzielger\u00e4t EOTech HWS XPS2-0 ist ein holografisches Zielger\u00e4t der Firma EOtech, das f\u00fcr das Schie\u00dfen auf kurze und mittlere Entfernungen entwickelt wurde.\" \/>\n<meta name=\"robots\" content=\"index, follow, max-snippet:-1, max-image-preview:large, max-video-preview:-1\" \/>\n<link rel=\"canonical\" href=\"https:\/\/eshop.tca.sk\/de\/waffenzubehoer\/kolimator-eotech-hws-xps2-0\/\" \/>\n<meta property=\"og:locale\" content=\"de_DE\" \/>\n<meta property=\"og:type\" content=\"article\" \/>\n<meta property=\"og:title\" content=\"Kollimator EOTech HWS XPS2-0 - TCA eShop - Tactical Combat Academy\" \/>\n<meta property=\"og:description\" content=\"Das Kollimatorzielger\u00e4t EOTech HWS XPS2-0 ist ein holografisches Zielger\u00e4t der Firma EOtech, das f\u00fcr das Schie\u00dfen auf kurze und mittlere Entfernungen entwickelt wurde.\" \/>\n<meta property=\"og:url\" content=\"https:\/\/eshop.tca.sk\/de\/waffenzubehoer\/kolimator-eotech-hws-xps2-0\/\" \/>\n<meta property=\"og:site_name\" content=\"TCA eShop - Tactical Combat Academy\" \/>\n<meta property=\"article:modified_time\" content=\"2025-11-26T15:50:14+00:00\" \/>\n<meta property=\"og:image\" content=\"https:\/\/eshop.tca.sk\/wp-content\/uploads\/2022\/10\/EOTech-XPS2-0.jpg\" \/>\n\t<meta property=\"og:image:width\" content=\"1000\" \/>\n\t<meta property=\"og:image:height\" content=\"1000\" \/>\n\t<meta property=\"og:image:type\" content=\"image\/jpeg\" \/>\n<meta name=\"twitter:card\" content=\"summary_large_image\" \/>\n<script type=\"application\/ld+json\" class=\"yoast-schema-graph\">{\"@context\":\"https:\/\/schema.org\",\"@graph\":[{\"@type\":\"WebPage\",\"@id\":\"https:\/\/eshop.tca.sk\/de\/waffenzubehoer\/kolimator-eotech-hws-xps2-0\/\",\"url\":\"https:\/\/eshop.tca.sk\/de\/waffenzubehoer\/kolimator-eotech-hws-xps2-0\/\",\"name\":\"Kollimator EOTech HWS XPS2-0 - TCA eShop - Tactical Combat Academy\",\"isPartOf\":{\"@id\":\"https:\/\/eshop.tca.sk\/de\/#website\"},\"primaryImageOfPage\":{\"@id\":\"https:\/\/eshop.tca.sk\/de\/waffenzubehoer\/kolimator-eotech-hws-xps2-0\/#primaryimage\"},\"image\":{\"@id\":\"https:\/\/eshop.tca.sk\/de\/waffenzubehoer\/kolimator-eotech-hws-xps2-0\/#primaryimage\"},\"thumbnailUrl\":\"https:\/\/eshop.tca.sk\/wp-content\/uploads\/2022\/10\/EOTech-XPS2-0.jpg\",\"datePublished\":\"2022-10-10T09:12:39+00:00\",\"dateModified\":\"2025-11-26T15:50:14+00:00\",\"description\":\"Das Kollimatorzielger\u00e4t EOTech HWS XPS2-0 ist ein holografisches Zielger\u00e4t der Firma EOtech, das f\u00fcr das Schie\u00dfen auf kurze und mittlere Entfernungen entwickelt wurde.\",\"breadcrumb\":{\"@id\":\"https:\/\/eshop.tca.sk\/de\/waffenzubehoer\/kolimator-eotech-hws-xps2-0\/#breadcrumb\"},\"inLanguage\":\"de\",\"potentialAction\":[{\"@type\":\"ReadAction\",\"target\":[\"https:\/\/eshop.tca.sk\/de\/waffenzubehoer\/kolimator-eotech-hws-xps2-0\/\"]}]},{\"@type\":\"ImageObject\",\"inLanguage\":\"de\",\"@id\":\"https:\/\/eshop.tca.sk\/de\/waffenzubehoer\/kolimator-eotech-hws-xps2-0\/#primaryimage\",\"url\":\"https:\/\/eshop.tca.sk\/wp-content\/uploads\/2022\/10\/EOTech-XPS2-0.jpg\",\"contentUrl\":\"https:\/\/eshop.tca.sk\/wp-content\/uploads\/2022\/10\/EOTech-XPS2-0.jpg\",\"width\":1000,\"height\":1000,\"caption\":\"Kolim\u00e1tor EOTech HWS XPS2-0\"},{\"@type\":\"BreadcrumbList\",\"@id\":\"https:\/\/eshop.tca.sk\/de\/waffenzubehoer\/kolimator-eotech-hws-xps2-0\/#breadcrumb\",\"itemListElement\":[{\"@type\":\"ListItem\",\"position\":1,\"name\":\"Domovsk\u00e1 str\u00e1nka\",\"item\":\"https:\/\/eshop.tca.sk\/de\/\"},{\"@type\":\"ListItem\",\"position\":2,\"name\":\"Shop\",\"item\":\"https:\/\/eshop.tca.sk\/de\/shop\/\"},{\"@type\":\"ListItem\",\"position\":3,\"name\":\"Kollimator EOTech HWS XPS2-0\"}]},{\"@type\":\"WebSite\",\"@id\":\"https:\/\/eshop.tca.sk\/de\/#website\",\"url\":\"https:\/\/eshop.tca.sk\/de\/\",\"name\":\"TCA eShop - Tactical Combat Academy\",\"description\":\"Tactical Combat Academy\",\"publisher\":{\"@id\":\"https:\/\/eshop.tca.sk\/de\/#organization\"},\"potentialAction\":[{\"@type\":\"SearchAction\",\"target\":{\"@type\":\"EntryPoint\",\"urlTemplate\":\"https:\/\/eshop.tca.sk\/de\/?s={search_term_string}\"},\"query-input\":{\"@type\":\"PropertyValueSpecification\",\"valueRequired\":true,\"valueName\":\"search_term_string\"}}],\"inLanguage\":\"de\"},{\"@type\":\"Organization\",\"@id\":\"https:\/\/eshop.tca.sk\/de\/#organization\",\"name\":\"TCA eShop - Tactical Combat Academy\",\"url\":\"https:\/\/eshop.tca.sk\/de\/\",\"logo\":{\"@type\":\"ImageObject\",\"inLanguage\":\"de\",\"@id\":\"https:\/\/eshop.tca.sk\/de\/#\/schema\/logo\/image\/\",\"url\":\"https:\/\/eshop.tca.sk\/wp-content\/uploads\/2025\/06\/logo-new-header.png\",\"contentUrl\":\"https:\/\/eshop.tca.sk\/wp-content\/uploads\/2025\/06\/logo-new-header.png\",\"width\":300,\"height\":294,\"caption\":\"TCA eShop - Tactical Combat Academy\"},\"image\":{\"@id\":\"https:\/\/eshop.tca.sk\/de\/#\/schema\/logo\/image\/\"}}]}<\/script>\n<!-- \/ Yoast SEO plugin. -->","yoast_head_json":{"title":"Kollimator EOTech HWS XPS2-0 - TCA eShop - Tactical Combat Academy","description":"Das Kollimatorzielger\u00e4t EOTech HWS XPS2-0 ist ein holografisches Zielger\u00e4t der Firma EOtech, das f\u00fcr das Schie\u00dfen auf kurze und mittlere Entfernungen entwickelt wurde.","robots":{"index":"index","follow":"follow","max-snippet":"max-snippet:-1","max-image-preview":"max-image-preview:large","max-video-preview":"max-video-preview:-1"},"canonical":"https:\/\/eshop.tca.sk\/de\/waffenzubehoer\/kolimator-eotech-hws-xps2-0\/","og_locale":"de_DE","og_type":"article","og_title":"Kollimator EOTech HWS XPS2-0 - TCA eShop - Tactical Combat Academy","og_description":"Das Kollimatorzielger\u00e4t EOTech HWS XPS2-0 ist ein holografisches Zielger\u00e4t der Firma EOtech, das f\u00fcr das Schie\u00dfen auf kurze und mittlere Entfernungen entwickelt wurde.","og_url":"https:\/\/eshop.tca.sk\/de\/waffenzubehoer\/kolimator-eotech-hws-xps2-0\/","og_site_name":"TCA eShop - Tactical Combat Academy","article_modified_time":"2025-11-26T15:50:14+00:00","og_image":[{"width":1000,"height":1000,"url":"https:\/\/eshop.tca.sk\/wp-content\/uploads\/2022\/10\/EOTech-XPS2-0.jpg","type":"image\/jpeg"}],"twitter_card":"summary_large_image","schema":{"@context":"https:\/\/schema.org","@graph":[{"@type":"WebPage","@id":"https:\/\/eshop.tca.sk\/de\/waffenzubehoer\/kolimator-eotech-hws-xps2-0\/","url":"https:\/\/eshop.tca.sk\/de\/waffenzubehoer\/kolimator-eotech-hws-xps2-0\/","name":"Kollimator EOTech HWS XPS2-0 - TCA eShop - Tactical Combat Academy","isPartOf":{"@id":"https:\/\/eshop.tca.sk\/de\/#website"},"primaryImageOfPage":{"@id":"https:\/\/eshop.tca.sk\/de\/waffenzubehoer\/kolimator-eotech-hws-xps2-0\/#primaryimage"},"image":{"@id":"https:\/\/eshop.tca.sk\/de\/waffenzubehoer\/kolimator-eotech-hws-xps2-0\/#primaryimage"},"thumbnailUrl":"https:\/\/eshop.tca.sk\/wp-content\/uploads\/2022\/10\/EOTech-XPS2-0.jpg","datePublished":"2022-10-10T09:12:39+00:00","dateModified":"2025-11-26T15:50:14+00:00","description":"Das Kollimatorzielger\u00e4t EOTech HWS XPS2-0 ist ein holografisches Zielger\u00e4t der Firma EOtech, das f\u00fcr das Schie\u00dfen auf kurze und mittlere Entfernungen entwickelt wurde.","breadcrumb":{"@id":"https:\/\/eshop.tca.sk\/de\/waffenzubehoer\/kolimator-eotech-hws-xps2-0\/#breadcrumb"},"inLanguage":"de","potentialAction":[{"@type":"ReadAction","target":["https:\/\/eshop.tca.sk\/de\/waffenzubehoer\/kolimator-eotech-hws-xps2-0\/"]}]},{"@type":"ImageObject","inLanguage":"de","@id":"https:\/\/eshop.tca.sk\/de\/waffenzubehoer\/kolimator-eotech-hws-xps2-0\/#primaryimage","url":"https:\/\/eshop.tca.sk\/wp-content\/uploads\/2022\/10\/EOTech-XPS2-0.jpg","contentUrl":"https:\/\/eshop.tca.sk\/wp-content\/uploads\/2022\/10\/EOTech-XPS2-0.jpg","width":1000,"height":1000,"caption":"Kolim\u00e1tor EOTech HWS XPS2-0"},{"@type":"BreadcrumbList","@id":"https:\/\/eshop.tca.sk\/de\/waffenzubehoer\/kolimator-eotech-hws-xps2-0\/#breadcrumb","itemListElement":[{"@type":"ListItem","position":1,"name":"Domovsk\u00e1 str\u00e1nka","item":"https:\/\/eshop.tca.sk\/de\/"},{"@type":"ListItem","position":2,"name":"Shop","item":"https:\/\/eshop.tca.sk\/de\/shop\/"},{"@type":"ListItem","position":3,"name":"Kollimator EOTech HWS XPS2-0"}]},{"@type":"WebSite","@id":"https:\/\/eshop.tca.sk\/de\/#website","url":"https:\/\/eshop.tca.sk\/de\/","name":"TCA eShop - Tactical Combat Academy","description":"Tactical Combat Academy","publisher":{"@id":"https:\/\/eshop.tca.sk\/de\/#organization"},"potentialAction":[{"@type":"SearchAction","target":{"@type":"EntryPoint","urlTemplate":"https:\/\/eshop.tca.sk\/de\/?s={search_term_string}"},"query-input":{"@type":"PropertyValueSpecification","valueRequired":true,"valueName":"search_term_string"}}],"inLanguage":"de"},{"@type":"Organization","@id":"https:\/\/eshop.tca.sk\/de\/#organization","name":"TCA eShop - Tactical Combat Academy","url":"https:\/\/eshop.tca.sk\/de\/","logo":{"@type":"ImageObject","inLanguage":"de","@id":"https:\/\/eshop.tca.sk\/de\/#\/schema\/logo\/image\/","url":"https:\/\/eshop.tca.sk\/wp-content\/uploads\/2025\/06\/logo-new-header.png","contentUrl":"https:\/\/eshop.tca.sk\/wp-content\/uploads\/2025\/06\/logo-new-header.png","width":300,"height":294,"caption":"TCA eShop - Tactical Combat Academy"},"image":{"@id":"https:\/\/eshop.tca.sk\/de\/#\/schema\/logo\/image\/"}}]}},"_links":{"self":[{"href":"https:\/\/eshop.tca.sk\/de\/wp-json\/wp\/v2\/product\/7786","targetHints":{"allow":["GET"]}}],"collection":[{"href":"https:\/\/eshop.tca.sk\/de\/wp-json\/wp\/v2\/product"}],"about":[{"href":"https:\/\/eshop.tca.sk\/de\/wp-json\/wp\/v2\/types\/product"}],"wp:featuredmedia":[{"embeddable":true,"href":"https:\/\/eshop.tca.sk\/de\/wp-json\/wp\/v2\/media\/14431"}],"wp:attachment":[{"href":"https:\/\/eshop.tca.sk\/de\/wp-json\/wp\/v2\/media?parent=7786"}],"wp:term":[{"taxonomy":"product_brand","embeddable":true,"href":"https:\/\/eshop.tca.sk\/de\/wp-json\/wp\/v2\/product_brand?post=7786"},{"taxonomy":"product_cat","embeddable":true,"href":"https:\/\/eshop.tca.sk\/de\/wp-json\/wp\/v2\/product_cat?post=7786"},{"taxonomy":"product_tag","embeddable":true,"href":"https:\/\/eshop.tca.sk\/de\/wp-json\/wp\/v2\/product_tag?post=7786"},{"taxonomy":"giftcard-category","embeddable":true,"href":"https:\/\/eshop.tca.sk\/de\/wp-json\/wp\/v2\/giftcard-category?post=7786"}],"curies":[{"name":"wp","href":"https:\/\/api.w.org\/{rel}","templated":true}]}}