{"id":7791,"date":"2022-10-09T18:56:14","date_gmt":"2022-10-09T16:56:14","guid":{"rendered":"https:\/\/eshop.tca.sk\/unkategorisiert\/surefire-m640df-scout-pro-led-1500lm-tan\/"},"modified":"2026-01-09T10:20:34","modified_gmt":"2026-01-09T09:20:34","slug":"waffenlampe-svietidlo-surefire-m640df-scout-light-pro-black","status":"publish","type":"product","link":"https:\/\/eshop.tca.sk\/de\/lampen\/waffenlampe-svietidlo-surefire-m640df-scout-light-pro-black\/","title":{"rendered":"Waffenlampe Surefire M640DF Scout Light Pro, Schwarz"},"content":{"rendered":"<h2>Waffenlampe Surefire M640DF Scout Light Pro, Schwarz<\/h2>\n<p>Die Waffenlampe <strong>Surefire M640DF Scout Light Pro<\/strong>, Black ist die ultimative Waffenlampe, die das seit Jahren und im Einsatz bew\u00e4hrte Licht der M640 mit der neuen flachen LPM-Halterung kombiniert. Diese Montage bietet dem Benutzer beispiellose M\u00f6glichkeiten, die Leuchte relativ zur Schiene zu positionieren. Es kann fest und zuverl\u00e4ssig auf jeder MIL-STD-1913- oder<strong> M-LOK-Schiene<\/strong> montiert werden.<\/p>\n<p>Das Licht selbst bietet R\u00fccksto\u00dffestigkeit und eine unglaubliche Leistung von 1.200 Lumen (12.800 Candela) mit zwei CR123A-Batterien oder sogar 1.500 Lumen (16.000 Candela) mit einer 18650 (SF18650B) Zelle. Die TIR-Linse lenkt das Licht auf einen Punkt mit gro\u00dfem Nachleuchten, aber auch gen\u00fcgend Randlicht. Dadurch kann die Lampe sowohl f\u00fcr k\u00fcrzere als auch f\u00fcr l\u00e4ngere Distanzen verwendet werden. Durch Dr\u00fccken des Umkehrschalters wird das Licht vor\u00fcbergehend aktiviert (w\u00e4hrend Sie den Schalter gedr\u00fcckt halten), durch vollst\u00e4ndiges Dr\u00fccken wird das Licht dauerhaft aktiviert.<\/p>\n<p>Aus Flugzeugaluminium mit Mil-Spec best\u00e4ndig eloxiert und mit O-Ringen versiegelt, ist die Leuchte sehr langlebig aber gleichzeitig leicht und h\u00e4lt Gefechtsbedingungen stand ohne die Man\u00f6vrierf\u00e4higkeit der Waffe in irgendeiner Weise einzuschr\u00e4nken.<\/p>\n<p><span style=\"color: #993300;\"><strong>Batterie SF18650B (3,6 V 3500 mAh) ist im Lieferumfang enthalten<\/strong><\/span><\/p>\n<ul>\n<li>Neue Surefire LPM (Low-Profile) Halterung<\/li>\n<li>M\u00f6glichkeit der Montage auf MIL-STD-1913- oder M-LOK-Schiene<\/li>\n<li>Die M\u00f6glichkeit der Verwendung einer dualen Stromquelle (2x CR23A oder 18650)<\/li>\n<li>TIR-Linse f\u00fcr weites Nachleuchten mit peripherem Licht f\u00fcr engen Kontakt<\/li>\n<li>Aktivierung \u00fcber Schalter Z68 &#8211; kurzes Dr\u00fccken leuchtet, durchgehendes Durchdr\u00fccken leuchtet<\/li>\n<li>Leichtes Geh\u00e4use aus Flugzeugaluminium mit eloxiertem Mil-Spec-Finish<\/li>\n<\/ul>\n<p><iframe loading=\"lazy\" title=\"Nevyberaj Surefire baterku bez pozretia tohto videa!\" width=\"1170\" height=\"658\" src=\"https:\/\/www.youtube.com\/embed\/HTVvHFFVCsA?feature=oembed\" frameborder=\"0\" allow=\"accelerometer; autoplay; clipboard-write; encrypted-media; gyroscope; picture-in-picture; web-share\" referrerpolicy=\"strict-origin-when-cross-origin\" allowfullscreen><\/iframe><\/p>\n<p>&nbsp;<\/p>\n","protected":false},"excerpt":{"rendered":"<p><img loading=\"lazy\" decoding=\"async\" class=\"alignnone size-full wp-image-7419\" src=\"https:\/\/eshop.tca.sk\/wp-content\/uploads\/2022\/12\/SureFire_Logo.png\" alt=\"\" width=\"150\" height=\"44\"><\/p>\n<p>Die Waffenlampe <strong>Surefire M640DF Scout Light Pro<\/strong>, Black ist die ultimative Waffenlampe, die die bew\u00e4hrte M640 mit einer neuen flachen Halterung kombiniert.<\/p>\n<div class=\"woocommerce-product-details__short-description\">\n<p><img loading=\"lazy\" decoding=\"async\" class=\"wp-image-8564 alignnone\" src=\"https:\/\/eshop.tca.sk\/wp-content\/uploads\/2023\/04\/Logo-Whack-Black-White-R-APPROVED.png\" alt=\"\" width=\"138\" height=\"75\" srcset=\"https:\/\/eshop.tca.sk\/wp-content\/uploads\/2023\/04\/Logo-Whack-Black-White-R-APPROVED.png 571w, https:\/\/eshop.tca.sk\/wp-content\/uploads\/2023\/04\/Logo-Whack-Black-White-R-APPROVED-300x163.png 300w\" sizes=\"auto, (max-width: 138px) 100vw, 138px\" \/><\/p>\n<p>Vom <strong>TCA<\/strong> und dem <strong>WHACK<\/strong>-System verwendete und empfohlene Equipment.<\/p>\n<\/div>\n","protected":false},"featured_media":15176,"template":"","meta":{"inline_featured_image":false},"product_brand":[],"product_cat":[293],"product_tag":[294],"giftcard-category":[],"class_list":{"0":"post-7791","1":"product","2":"type-product","3":"status-publish","4":"has-post-thumbnail","6":"product_cat-lampen","7":"product_tag-surefire-de","9":"first","10":"outofstock","11":"taxable","12":"shipping-taxable","13":"purchasable","14":"product-type-simple"},"yoast_head":"<!-- This site is optimized with the Yoast SEO plugin v26.4 - https:\/\/yoast.com\/wordpress\/plugins\/seo\/ -->\n<title>Waffenlampe Surefire M640DF Scout Light Pro, Schwarz - TCA eShop - Tactical Combat Academy<\/title>\n<meta name=\"description\" content=\"Die Waffenlampe Surefire M640DF Scout Light Pro, Black ist die ultimative Waffenlampe, die die bew\u00e4hrte M640 mit einer neuen flachen Halterung kombiniert.\" \/>\n<meta name=\"robots\" content=\"index, follow, max-snippet:-1, max-image-preview:large, max-video-preview:-1\" \/>\n<link rel=\"canonical\" href=\"https:\/\/eshop.tca.sk\/de\/lampen\/waffenlampe-svietidlo-surefire-m640df-scout-light-pro-black\/\" \/>\n<meta property=\"og:locale\" content=\"de_DE\" \/>\n<meta property=\"og:type\" content=\"article\" \/>\n<meta property=\"og:title\" content=\"Waffenlampe Surefire M640DF Scout Light Pro, Schwarz - TCA eShop - Tactical Combat Academy\" \/>\n<meta property=\"og:description\" content=\"Die Waffenlampe Surefire M640DF Scout Light Pro, Black ist die ultimative Waffenlampe, die die bew\u00e4hrte M640 mit einer neuen flachen Halterung kombiniert.\" \/>\n<meta property=\"og:url\" content=\"https:\/\/eshop.tca.sk\/de\/lampen\/waffenlampe-svietidlo-surefire-m640df-scout-light-pro-black\/\" \/>\n<meta property=\"og:site_name\" content=\"TCA eShop - Tactical Combat Academy\" \/>\n<meta property=\"article:modified_time\" content=\"2026-01-09T09:20:34+00:00\" \/>\n<meta property=\"og:image\" content=\"https:\/\/eshop.tca.sk\/wp-content\/uploads\/2022\/10\/Surefire-M640DF-1.jpg\" \/>\n\t<meta property=\"og:image:width\" content=\"1000\" \/>\n\t<meta property=\"og:image:height\" content=\"1000\" \/>\n\t<meta property=\"og:image:type\" content=\"image\/jpeg\" \/>\n<meta name=\"twitter:card\" content=\"summary_large_image\" \/>\n<script type=\"application\/ld+json\" class=\"yoast-schema-graph\">{\"@context\":\"https:\/\/schema.org\",\"@graph\":[{\"@type\":\"WebPage\",\"@id\":\"https:\/\/eshop.tca.sk\/de\/lampen\/waffenlampe-svietidlo-surefire-m640df-scout-light-pro-black\/\",\"url\":\"https:\/\/eshop.tca.sk\/de\/lampen\/waffenlampe-svietidlo-surefire-m640df-scout-light-pro-black\/\",\"name\":\"Waffenlampe Surefire M640DF Scout Light Pro, Schwarz - TCA eShop - Tactical Combat Academy\",\"isPartOf\":{\"@id\":\"https:\/\/eshop.tca.sk\/de\/#website\"},\"primaryImageOfPage\":{\"@id\":\"https:\/\/eshop.tca.sk\/de\/lampen\/waffenlampe-svietidlo-surefire-m640df-scout-light-pro-black\/#primaryimage\"},\"image\":{\"@id\":\"https:\/\/eshop.tca.sk\/de\/lampen\/waffenlampe-svietidlo-surefire-m640df-scout-light-pro-black\/#primaryimage\"},\"thumbnailUrl\":\"https:\/\/eshop.tca.sk\/wp-content\/uploads\/2022\/10\/Surefire-M640DF-1.jpg\",\"datePublished\":\"2022-10-09T16:56:14+00:00\",\"dateModified\":\"2026-01-09T09:20:34+00:00\",\"description\":\"Die Waffenlampe Surefire M640DF Scout Light Pro, Black ist die ultimative Waffenlampe, die die bew\u00e4hrte M640 mit einer neuen flachen Halterung kombiniert.\",\"breadcrumb\":{\"@id\":\"https:\/\/eshop.tca.sk\/de\/lampen\/waffenlampe-svietidlo-surefire-m640df-scout-light-pro-black\/#breadcrumb\"},\"inLanguage\":\"de\",\"potentialAction\":[{\"@type\":\"ReadAction\",\"target\":[\"https:\/\/eshop.tca.sk\/de\/lampen\/waffenlampe-svietidlo-surefire-m640df-scout-light-pro-black\/\"]}]},{\"@type\":\"ImageObject\",\"inLanguage\":\"de\",\"@id\":\"https:\/\/eshop.tca.sk\/de\/lampen\/waffenlampe-svietidlo-surefire-m640df-scout-light-pro-black\/#primaryimage\",\"url\":\"https:\/\/eshop.tca.sk\/wp-content\/uploads\/2022\/10\/Surefire-M640DF-1.jpg\",\"contentUrl\":\"https:\/\/eshop.tca.sk\/wp-content\/uploads\/2022\/10\/Surefire-M640DF-1.jpg\",\"width\":1000,\"height\":1000,\"caption\":\"Zbra\u0148ov\u00e9 svietidlo Surefire M640DF Scout Light Pro, Black\"},{\"@type\":\"BreadcrumbList\",\"@id\":\"https:\/\/eshop.tca.sk\/de\/lampen\/waffenlampe-svietidlo-surefire-m640df-scout-light-pro-black\/#breadcrumb\",\"itemListElement\":[{\"@type\":\"ListItem\",\"position\":1,\"name\":\"Domovsk\u00e1 str\u00e1nka\",\"item\":\"https:\/\/eshop.tca.sk\/de\/\"},{\"@type\":\"ListItem\",\"position\":2,\"name\":\"Shop\",\"item\":\"https:\/\/eshop.tca.sk\/de\/shop\/\"},{\"@type\":\"ListItem\",\"position\":3,\"name\":\"Waffenlampe Surefire M640DF Scout Light Pro, Schwarz\"}]},{\"@type\":\"WebSite\",\"@id\":\"https:\/\/eshop.tca.sk\/de\/#website\",\"url\":\"https:\/\/eshop.tca.sk\/de\/\",\"name\":\"TCA eShop - Tactical Combat Academy\",\"description\":\"Tactical Combat Academy\",\"publisher\":{\"@id\":\"https:\/\/eshop.tca.sk\/de\/#organization\"},\"potentialAction\":[{\"@type\":\"SearchAction\",\"target\":{\"@type\":\"EntryPoint\",\"urlTemplate\":\"https:\/\/eshop.tca.sk\/de\/?s={search_term_string}\"},\"query-input\":{\"@type\":\"PropertyValueSpecification\",\"valueRequired\":true,\"valueName\":\"search_term_string\"}}],\"inLanguage\":\"de\"},{\"@type\":\"Organization\",\"@id\":\"https:\/\/eshop.tca.sk\/de\/#organization\",\"name\":\"TCA eShop - Tactical Combat Academy\",\"url\":\"https:\/\/eshop.tca.sk\/de\/\",\"logo\":{\"@type\":\"ImageObject\",\"inLanguage\":\"de\",\"@id\":\"https:\/\/eshop.tca.sk\/de\/#\/schema\/logo\/image\/\",\"url\":\"https:\/\/eshop.tca.sk\/wp-content\/uploads\/2025\/06\/logo-new-header.png\",\"contentUrl\":\"https:\/\/eshop.tca.sk\/wp-content\/uploads\/2025\/06\/logo-new-header.png\",\"width\":300,\"height\":294,\"caption\":\"TCA eShop - Tactical Combat Academy\"},\"image\":{\"@id\":\"https:\/\/eshop.tca.sk\/de\/#\/schema\/logo\/image\/\"}}]}<\/script>\n<!-- \/ Yoast SEO plugin. -->","yoast_head_json":{"title":"Waffenlampe Surefire M640DF Scout Light Pro, Schwarz - TCA eShop - Tactical Combat Academy","description":"Die Waffenlampe Surefire M640DF Scout Light Pro, Black ist die ultimative Waffenlampe, die die bew\u00e4hrte M640 mit einer neuen flachen Halterung kombiniert.","robots":{"index":"index","follow":"follow","max-snippet":"max-snippet:-1","max-image-preview":"max-image-preview:large","max-video-preview":"max-video-preview:-1"},"canonical":"https:\/\/eshop.tca.sk\/de\/lampen\/waffenlampe-svietidlo-surefire-m640df-scout-light-pro-black\/","og_locale":"de_DE","og_type":"article","og_title":"Waffenlampe Surefire M640DF Scout Light Pro, Schwarz - TCA eShop - Tactical Combat Academy","og_description":"Die Waffenlampe Surefire M640DF Scout Light Pro, Black ist die ultimative Waffenlampe, die die bew\u00e4hrte M640 mit einer neuen flachen Halterung kombiniert.","og_url":"https:\/\/eshop.tca.sk\/de\/lampen\/waffenlampe-svietidlo-surefire-m640df-scout-light-pro-black\/","og_site_name":"TCA eShop - Tactical Combat Academy","article_modified_time":"2026-01-09T09:20:34+00:00","og_image":[{"width":1000,"height":1000,"url":"https:\/\/eshop.tca.sk\/wp-content\/uploads\/2022\/10\/Surefire-M640DF-1.jpg","type":"image\/jpeg"}],"twitter_card":"summary_large_image","schema":{"@context":"https:\/\/schema.org","@graph":[{"@type":"WebPage","@id":"https:\/\/eshop.tca.sk\/de\/lampen\/waffenlampe-svietidlo-surefire-m640df-scout-light-pro-black\/","url":"https:\/\/eshop.tca.sk\/de\/lampen\/waffenlampe-svietidlo-surefire-m640df-scout-light-pro-black\/","name":"Waffenlampe Surefire M640DF Scout Light Pro, Schwarz - TCA eShop - Tactical Combat Academy","isPartOf":{"@id":"https:\/\/eshop.tca.sk\/de\/#website"},"primaryImageOfPage":{"@id":"https:\/\/eshop.tca.sk\/de\/lampen\/waffenlampe-svietidlo-surefire-m640df-scout-light-pro-black\/#primaryimage"},"image":{"@id":"https:\/\/eshop.tca.sk\/de\/lampen\/waffenlampe-svietidlo-surefire-m640df-scout-light-pro-black\/#primaryimage"},"thumbnailUrl":"https:\/\/eshop.tca.sk\/wp-content\/uploads\/2022\/10\/Surefire-M640DF-1.jpg","datePublished":"2022-10-09T16:56:14+00:00","dateModified":"2026-01-09T09:20:34+00:00","description":"Die Waffenlampe Surefire M640DF Scout Light Pro, Black ist die ultimative Waffenlampe, die die bew\u00e4hrte M640 mit einer neuen flachen Halterung kombiniert.","breadcrumb":{"@id":"https:\/\/eshop.tca.sk\/de\/lampen\/waffenlampe-svietidlo-surefire-m640df-scout-light-pro-black\/#breadcrumb"},"inLanguage":"de","potentialAction":[{"@type":"ReadAction","target":["https:\/\/eshop.tca.sk\/de\/lampen\/waffenlampe-svietidlo-surefire-m640df-scout-light-pro-black\/"]}]},{"@type":"ImageObject","inLanguage":"de","@id":"https:\/\/eshop.tca.sk\/de\/lampen\/waffenlampe-svietidlo-surefire-m640df-scout-light-pro-black\/#primaryimage","url":"https:\/\/eshop.tca.sk\/wp-content\/uploads\/2022\/10\/Surefire-M640DF-1.jpg","contentUrl":"https:\/\/eshop.tca.sk\/wp-content\/uploads\/2022\/10\/Surefire-M640DF-1.jpg","width":1000,"height":1000,"caption":"Zbra\u0148ov\u00e9 svietidlo Surefire M640DF Scout Light Pro, Black"},{"@type":"BreadcrumbList","@id":"https:\/\/eshop.tca.sk\/de\/lampen\/waffenlampe-svietidlo-surefire-m640df-scout-light-pro-black\/#breadcrumb","itemListElement":[{"@type":"ListItem","position":1,"name":"Domovsk\u00e1 str\u00e1nka","item":"https:\/\/eshop.tca.sk\/de\/"},{"@type":"ListItem","position":2,"name":"Shop","item":"https:\/\/eshop.tca.sk\/de\/shop\/"},{"@type":"ListItem","position":3,"name":"Waffenlampe Surefire M640DF Scout Light Pro, Schwarz"}]},{"@type":"WebSite","@id":"https:\/\/eshop.tca.sk\/de\/#website","url":"https:\/\/eshop.tca.sk\/de\/","name":"TCA eShop - Tactical Combat Academy","description":"Tactical Combat Academy","publisher":{"@id":"https:\/\/eshop.tca.sk\/de\/#organization"},"potentialAction":[{"@type":"SearchAction","target":{"@type":"EntryPoint","urlTemplate":"https:\/\/eshop.tca.sk\/de\/?s={search_term_string}"},"query-input":{"@type":"PropertyValueSpecification","valueRequired":true,"valueName":"search_term_string"}}],"inLanguage":"de"},{"@type":"Organization","@id":"https:\/\/eshop.tca.sk\/de\/#organization","name":"TCA eShop - Tactical Combat Academy","url":"https:\/\/eshop.tca.sk\/de\/","logo":{"@type":"ImageObject","inLanguage":"de","@id":"https:\/\/eshop.tca.sk\/de\/#\/schema\/logo\/image\/","url":"https:\/\/eshop.tca.sk\/wp-content\/uploads\/2025\/06\/logo-new-header.png","contentUrl":"https:\/\/eshop.tca.sk\/wp-content\/uploads\/2025\/06\/logo-new-header.png","width":300,"height":294,"caption":"TCA eShop - Tactical Combat Academy"},"image":{"@id":"https:\/\/eshop.tca.sk\/de\/#\/schema\/logo\/image\/"}}]}},"_links":{"self":[{"href":"https:\/\/eshop.tca.sk\/de\/wp-json\/wp\/v2\/product\/7791","targetHints":{"allow":["GET"]}}],"collection":[{"href":"https:\/\/eshop.tca.sk\/de\/wp-json\/wp\/v2\/product"}],"about":[{"href":"https:\/\/eshop.tca.sk\/de\/wp-json\/wp\/v2\/types\/product"}],"wp:featuredmedia":[{"embeddable":true,"href":"https:\/\/eshop.tca.sk\/de\/wp-json\/wp\/v2\/media\/15176"}],"wp:attachment":[{"href":"https:\/\/eshop.tca.sk\/de\/wp-json\/wp\/v2\/media?parent=7791"}],"wp:term":[{"taxonomy":"product_brand","embeddable":true,"href":"https:\/\/eshop.tca.sk\/de\/wp-json\/wp\/v2\/product_brand?post=7791"},{"taxonomy":"product_cat","embeddable":true,"href":"https:\/\/eshop.tca.sk\/de\/wp-json\/wp\/v2\/product_cat?post=7791"},{"taxonomy":"product_tag","embeddable":true,"href":"https:\/\/eshop.tca.sk\/de\/wp-json\/wp\/v2\/product_tag?post=7791"},{"taxonomy":"giftcard-category","embeddable":true,"href":"https:\/\/eshop.tca.sk\/de\/wp-json\/wp\/v2\/giftcard-category?post=7791"}],"curies":[{"name":"wp","href":"https:\/\/api.w.org\/{rel}","templated":true}]}}