{"id":7971,"date":"2023-01-24T11:53:25","date_gmt":"2023-01-24T10:53:25","guid":{"rendered":"https:\/\/eshop.tca.sk\/?post_type=product&#038;p=7971"},"modified":"2025-12-12T14:11:19","modified_gmt":"2025-12-12T13:11:19","slug":"kolimator-aimpoint-acro-c-2-3-5-moa-black","status":"publish","type":"product","link":"https:\/\/eshop.tca.sk\/de\/optik\/kolimator-aimpoint-acro-c-2-3-5-moa-black\/","title":{"rendered":"Kolimator Aimpoint Acro C-2, 3.5 MOA, Black"},"content":{"rendered":"<h3 id=\"title\" class=\"a-size-large a-spacing-none\"><strong>Kolimator Aimpoint Acro C-2 3.5 MOA<\/strong><\/h3>\n<p><strong>Das Kollimatorvisier Aimpoint Acro C-2, 3,5 MOA<\/strong>, Schwarz ist die n\u00e4chste Generation der Acro-Serie mit optimierter Technologie. Die verbesserte Energieeffizienz mit einer CR2032 Batterie sorgt f\u00fcr \u00fcber 5 Jahre Dauereinsatz bei einer Tageslichteinstellung 6\/10, 3,5. Der klare 3,5 MOA Rotpunkt mit neuer LED ist in 10 Stufen einstellbar.<\/p>\n<p>Die Acro-Serie umfasst eine breite Palette an verf\u00fcgbaren Montagel\u00f6sungen, die es erm\u00f6glichen, die Acro C-2 Optik an mehrere Waffenplattformen wie Schrotflinten und Gewehre oder als Backup-Zieloptik auf vergr\u00f6\u00dfernden Zieloptiken zu montieren.<\/p>\n<p>Das Kollimatorvisier Aimpoint Acro C-2, 3,5 MOA, Schwarz wurde mit mindestens 20.000 St\u00fcck auf einem .40-Kaliber-Pistolenlauf getestet. Dieses kleine optische Element hat sich als f\u00fchrend in Sachen Widerstandsf\u00e4higkeit und Zuverl\u00e4ssigkeit erwiesen. Es wird von Gesetzesh\u00fctern, der Armee, J\u00e4gern und Sportsch\u00fctzen gleicherma\u00dfen vertraut. Alle vertrauen auf den Vorteil von Acro. Das geschlossene System macht es zuverl\u00e4ssig und funktionsf\u00e4hig bei jedem Wetter.<\/p>\n<p>Die Acro C-2 ist ein leichtes, niedrigprofiliges Optikteil, das schnelle Zielerfassung und unbegrenzte Sicht bietet.<\/p>\n<ul>\n<li>Vollst\u00e4ndig geschlossenes System.<\/li>\n<li>Verschiedene Montagem\u00f6glichkeiten, die separat verkauft werden.<\/li>\n<li>Neue CR2032-Batterie, die f\u00fcr 5 Jahre dauerhaften Gebrauch h\u00e4lt.<\/li>\n<li>Entwickelt f\u00fcr die direkte Integration in Kombination mit Montageplatten auf optischen Pistolenrahmen.<\/li>\n<li>Das vollst\u00e4ndig geschlossene Geh\u00e4use sch\u00fctzt alle elektronischen Komponenten des Visiers vor allen Elementen.<\/li>\n<li>\u013dahko sa nulov\u00fd s n\u00e1strojom Aimpoint, ktor\u00fd prich\u00e1dza so zameriava\u010dom.<\/li>\n<li>Einstellbare Klickt\u00f6ne, die Sie h\u00f6ren und sp\u00fcren k\u00f6nnen.<\/li>\n<li>Es kann an jedem Aimpoint Micro Halterungen mit Acro Montageplatte mit Micro Interface befestigt werden.<\/li>\n<li>Es kann als sekund\u00e4res Visier auf vergr\u00f6\u00dfernden Gewehrvisieren mit Acro Adapterringen verwendet werden.<\/li>\n<li>Batterieinstallation, w\u00e4hrend das Optik noch an der Waffe befestigt ist.<\/li>\n<li>Anodisiertes Aluminiumgeh\u00e4use mit hoher Festigkeit, halbmatt schwarz. Kompatibel mit Nachtvisierung (NVD).<\/li>\n<\/ul>\n","protected":false},"excerpt":{"rendered":"<p><img loading=\"lazy\" decoding=\"async\" class=\"alignnone size-full wp-image-7487\" src=\"https:\/\/eshop.tca.sk\/wp-content\/uploads\/2022\/12\/Aimpoint_logo.svg.png\" alt=\"\" width=\"150\" height=\"32\"><\/p>\n<p>Das Aimpoint Acro C-2 ist die n\u00e4chste Generation in der Acro Serie mit optimierter Technologie. Die verbesserte Energieeffizienz mit einer CR2032 Batterie sorgt f\u00fcr \u00fcber 5 Jahre Dauereinsatz bei einer Tageslichteinstellung 6\/10, 3,5. Der klare 3,5 MOA Rotpunkt mit neuer LED ist in 10 Stufen einstellbar.<\/p>\n<p><img loading=\"lazy\" decoding=\"async\" class=\"wp-image-8564 alignnone\" src=\"https:\/\/eshop.tca.sk\/wp-content\/uploads\/2023\/04\/Logo-Whack-Black-White-R-APPROVED.png\" alt=\"\" width=\"138\" height=\"75\" srcset=\"https:\/\/eshop.tca.sk\/wp-content\/uploads\/2023\/04\/Logo-Whack-Black-White-R-APPROVED.png 571w, https:\/\/eshop.tca.sk\/wp-content\/uploads\/2023\/04\/Logo-Whack-Black-White-R-APPROVED-300x163.png 300w\" sizes=\"auto, (max-width: 138px) 100vw, 138px\" \/><\/p>\n<p>Vom <strong>TCA<\/strong> und dem <strong>WHACK<\/strong>-System verwendete und empfohlene Equipment.<\/p>\n","protected":false},"featured_media":7975,"template":"","meta":{"inline_featured_image":false},"product_brand":[],"product_cat":[320,318],"product_tag":[376],"giftcard-category":[],"class_list":{"0":"post-7971","1":"product","2":"type-product","3":"status-publish","4":"has-post-thumbnail","6":"product_cat-optik","7":"product_cat-waffenzubehoer","8":"product_tag-aimpoint-de","10":"first","11":"instock","12":"taxable","13":"shipping-taxable","14":"purchasable","15":"product-type-simple"},"yoast_head":"<!-- This site is optimized with the Yoast SEO plugin v26.4 - https:\/\/yoast.com\/wordpress\/plugins\/seo\/ -->\n<title>Kolimator Aimpoint Acro C-2, 3.5 MOA, Black - TCA eShop - Tactical Combat Academy<\/title>\n<meta name=\"description\" content=\"Kolimator Aimpoint Acro C-2, 3.5 MOA, Black - Das Aimpoint Acro C-2 ist die n\u00e4chste Generation in der Acro Serie mit optimierter Technologie.\" \/>\n<meta name=\"robots\" content=\"index, follow, max-snippet:-1, max-image-preview:large, max-video-preview:-1\" \/>\n<link rel=\"canonical\" href=\"https:\/\/eshop.tca.sk\/de\/optik\/kolimator-aimpoint-acro-c-2-3-5-moa-black\/\" \/>\n<meta property=\"og:locale\" content=\"de_DE\" \/>\n<meta property=\"og:type\" content=\"article\" \/>\n<meta property=\"og:title\" content=\"Kolimator Aimpoint Acro C-2, 3.5 MOA, Black - TCA eShop - Tactical Combat Academy\" \/>\n<meta property=\"og:description\" content=\"Kolimator Aimpoint Acro C-2, 3.5 MOA, Black - Das Aimpoint Acro C-2 ist die n\u00e4chste Generation in der Acro Serie mit optimierter Technologie.\" \/>\n<meta property=\"og:url\" content=\"https:\/\/eshop.tca.sk\/de\/optik\/kolimator-aimpoint-acro-c-2-3-5-moa-black\/\" \/>\n<meta property=\"og:site_name\" content=\"TCA eShop - Tactical Combat Academy\" \/>\n<meta property=\"article:modified_time\" content=\"2025-12-12T13:11:19+00:00\" \/>\n<meta property=\"og:image\" content=\"https:\/\/eshop.tca.sk\/wp-content\/uploads\/2023\/01\/Kolimator-Aimpoint-Acro-C-2-3.5-MOA-1.png\" \/>\n\t<meta property=\"og:image:width\" content=\"1600\" \/>\n\t<meta property=\"og:image:height\" content=\"1600\" \/>\n\t<meta property=\"og:image:type\" content=\"image\/png\" \/>\n<meta name=\"twitter:card\" content=\"summary_large_image\" \/>\n<script type=\"application\/ld+json\" class=\"yoast-schema-graph\">{\"@context\":\"https:\/\/schema.org\",\"@graph\":[{\"@type\":\"WebPage\",\"@id\":\"https:\/\/eshop.tca.sk\/de\/optik\/kolimator-aimpoint-acro-c-2-3-5-moa-black\/\",\"url\":\"https:\/\/eshop.tca.sk\/de\/optik\/kolimator-aimpoint-acro-c-2-3-5-moa-black\/\",\"name\":\"Kolimator Aimpoint Acro C-2, 3.5 MOA, Black - TCA eShop - Tactical Combat Academy\",\"isPartOf\":{\"@id\":\"https:\/\/eshop.tca.sk\/de\/#website\"},\"primaryImageOfPage\":{\"@id\":\"https:\/\/eshop.tca.sk\/de\/optik\/kolimator-aimpoint-acro-c-2-3-5-moa-black\/#primaryimage\"},\"image\":{\"@id\":\"https:\/\/eshop.tca.sk\/de\/optik\/kolimator-aimpoint-acro-c-2-3-5-moa-black\/#primaryimage\"},\"thumbnailUrl\":\"https:\/\/eshop.tca.sk\/wp-content\/uploads\/2023\/01\/Kolimator-Aimpoint-Acro-C-2-3.5-MOA-1.png\",\"datePublished\":\"2023-01-24T10:53:25+00:00\",\"dateModified\":\"2025-12-12T13:11:19+00:00\",\"description\":\"Kolimator Aimpoint Acro C-2, 3.5 MOA, Black - Das Aimpoint Acro C-2 ist die n\u00e4chste Generation in der Acro Serie mit optimierter Technologie.\",\"breadcrumb\":{\"@id\":\"https:\/\/eshop.tca.sk\/de\/optik\/kolimator-aimpoint-acro-c-2-3-5-moa-black\/#breadcrumb\"},\"inLanguage\":\"de\",\"potentialAction\":[{\"@type\":\"ReadAction\",\"target\":[\"https:\/\/eshop.tca.sk\/de\/optik\/kolimator-aimpoint-acro-c-2-3-5-moa-black\/\"]}]},{\"@type\":\"ImageObject\",\"inLanguage\":\"de\",\"@id\":\"https:\/\/eshop.tca.sk\/de\/optik\/kolimator-aimpoint-acro-c-2-3-5-moa-black\/#primaryimage\",\"url\":\"https:\/\/eshop.tca.sk\/wp-content\/uploads\/2023\/01\/Kolimator-Aimpoint-Acro-C-2-3.5-MOA-1.png\",\"contentUrl\":\"https:\/\/eshop.tca.sk\/wp-content\/uploads\/2023\/01\/Kolimator-Aimpoint-Acro-C-2-3.5-MOA-1.png\",\"width\":1600,\"height\":1600,\"caption\":\"Kolim\u00e1tor Aimpoint Acro C-2, 3.5 MOA, Black\"},{\"@type\":\"BreadcrumbList\",\"@id\":\"https:\/\/eshop.tca.sk\/de\/optik\/kolimator-aimpoint-acro-c-2-3-5-moa-black\/#breadcrumb\",\"itemListElement\":[{\"@type\":\"ListItem\",\"position\":1,\"name\":\"Domovsk\u00e1 str\u00e1nka\",\"item\":\"https:\/\/eshop.tca.sk\/de\/\"},{\"@type\":\"ListItem\",\"position\":2,\"name\":\"Shop\",\"item\":\"https:\/\/eshop.tca.sk\/de\/shop\/\"},{\"@type\":\"ListItem\",\"position\":3,\"name\":\"Kolimator Aimpoint Acro C-2, 3.5 MOA, Black\"}]},{\"@type\":\"WebSite\",\"@id\":\"https:\/\/eshop.tca.sk\/de\/#website\",\"url\":\"https:\/\/eshop.tca.sk\/de\/\",\"name\":\"TCA eShop - Tactical Combat Academy\",\"description\":\"Tactical Combat Academy\",\"publisher\":{\"@id\":\"https:\/\/eshop.tca.sk\/de\/#organization\"},\"potentialAction\":[{\"@type\":\"SearchAction\",\"target\":{\"@type\":\"EntryPoint\",\"urlTemplate\":\"https:\/\/eshop.tca.sk\/de\/?s={search_term_string}\"},\"query-input\":{\"@type\":\"PropertyValueSpecification\",\"valueRequired\":true,\"valueName\":\"search_term_string\"}}],\"inLanguage\":\"de\"},{\"@type\":\"Organization\",\"@id\":\"https:\/\/eshop.tca.sk\/de\/#organization\",\"name\":\"TCA eShop - Tactical Combat Academy\",\"url\":\"https:\/\/eshop.tca.sk\/de\/\",\"logo\":{\"@type\":\"ImageObject\",\"inLanguage\":\"de\",\"@id\":\"https:\/\/eshop.tca.sk\/de\/#\/schema\/logo\/image\/\",\"url\":\"https:\/\/eshop.tca.sk\/wp-content\/uploads\/2025\/06\/logo-new-header.png\",\"contentUrl\":\"https:\/\/eshop.tca.sk\/wp-content\/uploads\/2025\/06\/logo-new-header.png\",\"width\":300,\"height\":294,\"caption\":\"TCA eShop - Tactical Combat Academy\"},\"image\":{\"@id\":\"https:\/\/eshop.tca.sk\/de\/#\/schema\/logo\/image\/\"}}]}<\/script>\n<!-- \/ Yoast SEO plugin. -->","yoast_head_json":{"title":"Kolimator Aimpoint Acro C-2, 3.5 MOA, Black - TCA eShop - Tactical Combat Academy","description":"Kolimator Aimpoint Acro C-2, 3.5 MOA, Black - Das Aimpoint Acro C-2 ist die n\u00e4chste Generation in der Acro Serie mit optimierter Technologie.","robots":{"index":"index","follow":"follow","max-snippet":"max-snippet:-1","max-image-preview":"max-image-preview:large","max-video-preview":"max-video-preview:-1"},"canonical":"https:\/\/eshop.tca.sk\/de\/optik\/kolimator-aimpoint-acro-c-2-3-5-moa-black\/","og_locale":"de_DE","og_type":"article","og_title":"Kolimator Aimpoint Acro C-2, 3.5 MOA, Black - TCA eShop - Tactical Combat Academy","og_description":"Kolimator Aimpoint Acro C-2, 3.5 MOA, Black - Das Aimpoint Acro C-2 ist die n\u00e4chste Generation in der Acro Serie mit optimierter Technologie.","og_url":"https:\/\/eshop.tca.sk\/de\/optik\/kolimator-aimpoint-acro-c-2-3-5-moa-black\/","og_site_name":"TCA eShop - Tactical Combat Academy","article_modified_time":"2025-12-12T13:11:19+00:00","og_image":[{"width":1600,"height":1600,"url":"https:\/\/eshop.tca.sk\/wp-content\/uploads\/2023\/01\/Kolimator-Aimpoint-Acro-C-2-3.5-MOA-1.png","type":"image\/png"}],"twitter_card":"summary_large_image","schema":{"@context":"https:\/\/schema.org","@graph":[{"@type":"WebPage","@id":"https:\/\/eshop.tca.sk\/de\/optik\/kolimator-aimpoint-acro-c-2-3-5-moa-black\/","url":"https:\/\/eshop.tca.sk\/de\/optik\/kolimator-aimpoint-acro-c-2-3-5-moa-black\/","name":"Kolimator Aimpoint Acro C-2, 3.5 MOA, Black - TCA eShop - Tactical Combat Academy","isPartOf":{"@id":"https:\/\/eshop.tca.sk\/de\/#website"},"primaryImageOfPage":{"@id":"https:\/\/eshop.tca.sk\/de\/optik\/kolimator-aimpoint-acro-c-2-3-5-moa-black\/#primaryimage"},"image":{"@id":"https:\/\/eshop.tca.sk\/de\/optik\/kolimator-aimpoint-acro-c-2-3-5-moa-black\/#primaryimage"},"thumbnailUrl":"https:\/\/eshop.tca.sk\/wp-content\/uploads\/2023\/01\/Kolimator-Aimpoint-Acro-C-2-3.5-MOA-1.png","datePublished":"2023-01-24T10:53:25+00:00","dateModified":"2025-12-12T13:11:19+00:00","description":"Kolimator Aimpoint Acro C-2, 3.5 MOA, Black - Das Aimpoint Acro C-2 ist die n\u00e4chste Generation in der Acro Serie mit optimierter Technologie.","breadcrumb":{"@id":"https:\/\/eshop.tca.sk\/de\/optik\/kolimator-aimpoint-acro-c-2-3-5-moa-black\/#breadcrumb"},"inLanguage":"de","potentialAction":[{"@type":"ReadAction","target":["https:\/\/eshop.tca.sk\/de\/optik\/kolimator-aimpoint-acro-c-2-3-5-moa-black\/"]}]},{"@type":"ImageObject","inLanguage":"de","@id":"https:\/\/eshop.tca.sk\/de\/optik\/kolimator-aimpoint-acro-c-2-3-5-moa-black\/#primaryimage","url":"https:\/\/eshop.tca.sk\/wp-content\/uploads\/2023\/01\/Kolimator-Aimpoint-Acro-C-2-3.5-MOA-1.png","contentUrl":"https:\/\/eshop.tca.sk\/wp-content\/uploads\/2023\/01\/Kolimator-Aimpoint-Acro-C-2-3.5-MOA-1.png","width":1600,"height":1600,"caption":"Kolim\u00e1tor Aimpoint Acro C-2, 3.5 MOA, Black"},{"@type":"BreadcrumbList","@id":"https:\/\/eshop.tca.sk\/de\/optik\/kolimator-aimpoint-acro-c-2-3-5-moa-black\/#breadcrumb","itemListElement":[{"@type":"ListItem","position":1,"name":"Domovsk\u00e1 str\u00e1nka","item":"https:\/\/eshop.tca.sk\/de\/"},{"@type":"ListItem","position":2,"name":"Shop","item":"https:\/\/eshop.tca.sk\/de\/shop\/"},{"@type":"ListItem","position":3,"name":"Kolimator Aimpoint Acro C-2, 3.5 MOA, Black"}]},{"@type":"WebSite","@id":"https:\/\/eshop.tca.sk\/de\/#website","url":"https:\/\/eshop.tca.sk\/de\/","name":"TCA eShop - Tactical Combat Academy","description":"Tactical Combat Academy","publisher":{"@id":"https:\/\/eshop.tca.sk\/de\/#organization"},"potentialAction":[{"@type":"SearchAction","target":{"@type":"EntryPoint","urlTemplate":"https:\/\/eshop.tca.sk\/de\/?s={search_term_string}"},"query-input":{"@type":"PropertyValueSpecification","valueRequired":true,"valueName":"search_term_string"}}],"inLanguage":"de"},{"@type":"Organization","@id":"https:\/\/eshop.tca.sk\/de\/#organization","name":"TCA eShop - Tactical Combat Academy","url":"https:\/\/eshop.tca.sk\/de\/","logo":{"@type":"ImageObject","inLanguage":"de","@id":"https:\/\/eshop.tca.sk\/de\/#\/schema\/logo\/image\/","url":"https:\/\/eshop.tca.sk\/wp-content\/uploads\/2025\/06\/logo-new-header.png","contentUrl":"https:\/\/eshop.tca.sk\/wp-content\/uploads\/2025\/06\/logo-new-header.png","width":300,"height":294,"caption":"TCA eShop - Tactical Combat Academy"},"image":{"@id":"https:\/\/eshop.tca.sk\/de\/#\/schema\/logo\/image\/"}}]}},"_links":{"self":[{"href":"https:\/\/eshop.tca.sk\/de\/wp-json\/wp\/v2\/product\/7971","targetHints":{"allow":["GET"]}}],"collection":[{"href":"https:\/\/eshop.tca.sk\/de\/wp-json\/wp\/v2\/product"}],"about":[{"href":"https:\/\/eshop.tca.sk\/de\/wp-json\/wp\/v2\/types\/product"}],"wp:featuredmedia":[{"embeddable":true,"href":"https:\/\/eshop.tca.sk\/de\/wp-json\/wp\/v2\/media\/7975"}],"wp:attachment":[{"href":"https:\/\/eshop.tca.sk\/de\/wp-json\/wp\/v2\/media?parent=7971"}],"wp:term":[{"taxonomy":"product_brand","embeddable":true,"href":"https:\/\/eshop.tca.sk\/de\/wp-json\/wp\/v2\/product_brand?post=7971"},{"taxonomy":"product_cat","embeddable":true,"href":"https:\/\/eshop.tca.sk\/de\/wp-json\/wp\/v2\/product_cat?post=7971"},{"taxonomy":"product_tag","embeddable":true,"href":"https:\/\/eshop.tca.sk\/de\/wp-json\/wp\/v2\/product_tag?post=7971"},{"taxonomy":"giftcard-category","embeddable":true,"href":"https:\/\/eshop.tca.sk\/de\/wp-json\/wp\/v2\/giftcard-category?post=7971"}],"curies":[{"name":"wp","href":"https:\/\/api.w.org\/{rel}","templated":true}]}}