{"id":8005,"date":"2023-01-24T14:39:23","date_gmt":"2023-01-24T13:39:23","guid":{"rendered":"https:\/\/eshop.tca.sk\/?post_type=product&#038;p=8005"},"modified":"2025-11-26T16:49:51","modified_gmt":"2025-11-26T15:49:51","slug":"kolimator-eotech-exps3-0-black","status":"publish","type":"product","link":"https:\/\/eshop.tca.sk\/de\/waffenzubehoer\/kolimator-eotech-exps3-0-black\/","title":{"rendered":"Kollimator EOTech HWS EXPS3-0"},"content":{"rendered":"<h3><span style=\"font-size: 14pt;\">Kollimator EOTech HWS EXPS3-0<\/span><\/h3>\n<p>Der neue Kollimator <strong>EOTech HWS EXPS3-0<\/strong> f\u00fcr professionelle Waffen ist der Spitzenreiter seiner Klasse. Es ist f\u00fcr das Schie\u00dfen aus n\u00e4chster N\u00e4he und auf sich schnell bewegende Ziele ausgelegt. Verf\u00fcgt \u00fcber viele au\u00dfergew\u00f6hnliche Funktionsmerkmale, darunter ein holografisches System, ein A68-Zielmuster, Wasserdichtigkeit, Antireflexschutz durch kratzfeste Gl\u00e4ser, eine Akkulaufzeit von bis zu 600 Stunden, maximale Best\u00e4ndigkeit gegen Temperaturspr\u00fcnge und zuverl\u00e4ssige Funktion bei Temperaturextremen.<\/p>\n<p><strong>Ein wohlverdienter Prestigestempel<\/strong><\/p>\n<p>Das Kollimatorzielger\u00e4t EOTech HWS EXPS3-0 tr\u00e4gt das Zeichen f\u00fcr Qualit\u00e4t und einzigartige Funktionseigenschaften des international anerkannten amerikanischen Herstellers EOTech, der seit mehreren Jahren elektrooptische Systeme herstellt und dessen Produkte von zahlreichen Armeen weltweit eingesetzt werden. Der Grundstein der Produktion von EOTech waren schon immer hochwertige Materialien und ihre Hauptanforderung sind hervorragende funktionelle Eigenschaften. Nur so k\u00f6nnen ihr Auftrag und ihre Produktion in der anspruchsvollen Welt der Berufsarmeen bestehen und das errungene Ansehen bewahren.<\/p>\n<p><strong>Einfache Bedienung und einfache Installation an erster Stelle<\/strong><\/p>\n<p>Der holografische Kollimator EXPS3-0 Eotech ist mit Stickstoff gef\u00fcllt und hat eine matte Oberfl\u00e4che. Seine Kompaktheit und einfache Installation sorgen daf\u00fcr, dass Sie es gerne verwenden. Bei der Verwendung eines Kolimators in der Schrotflinte ist es m\u00f6glich, den gesamten Ring als absichtlichen Punkt zu verwenden. Sie k\u00f6nnen den Kollimator Ihrer Waffe einfach auf eine Picatinny-Schiene installieren.<\/p>\n<p><strong>Perfekte Genauigkeit und Nachtsichtunterst\u00fctzung<\/strong><\/p>\n<p>Die einzigartigen Zielmuster des EOTech-Kollimators sind entscheidend f\u00fcr eine schnelle Zielerfassung und hervorragende Genauigkeit in jeder Entfernung. Der neue holografische Kollimator EXPS3-0 unterst\u00fctzt die Nachtsicht.<\/p>\n<p><strong>Grundlegende Eigenschaften:<\/strong><\/p>\n<ul>\n<li>schnelle Fokussierung und hervorragende Genauigkeit in jeder Entfernung<\/li>\n<li>NV-Unterst\u00fctzung<\/li>\n<li>A68-Visiermuster \u2013 ein 1-MOA-Punkt und ein 68-MOA-Kreis<\/li>\n<li>holographisches System<\/li>\n<li>wasserdicht bis 10 m<\/li>\n<li>Akkulaufzeit bis zu 600 Stunden<\/li>\n<li>einfache Montage auf der Picatinny-Schiene<\/li>\n<li>Antireflexbehandlung von Gl\u00e4sern<\/li>\n<li>kratzfeste Gl\u00e4ser<\/li>\n<li>Funktionalit\u00e4t in einem Temperaturregime von -40 \u00b0C bis 60 \u00b0C<\/li>\n<li>mattes Finish<\/li>\n<li>automatische \u00dcberpr\u00fcfung der entladenen Batterie<\/li>\n<li>Bildhelligkeit in 30 Stufen einstellbar<\/li>\n<li>dient professionellen Armeezwecken<\/li>\n<\/ul>\n","protected":false},"excerpt":{"rendered":"<p><img loading=\"lazy\" decoding=\"async\" class=\"alignnone size-full wp-image-7425\" src=\"https:\/\/eshop.tca.sk\/wp-content\/uploads\/2022\/10\/EOTech_logo.png\" alt=\"\" width=\"75\" height=\"71\"><\/p>\n<p>Der neue Kollimator <strong>EXPS3-0 EOTec<\/strong>h f\u00fcr Waffen der Profiklasse ist der Spitzenreiter seiner Klasse. Es ist f\u00fcr das Schie\u00dfen aus n\u00e4chster N\u00e4he und auf sich schnell bewegende Ziele ausgelegt.<\/p>\n<p><img loading=\"lazy\" decoding=\"async\" class=\"wp-image-8564 alignnone\" src=\"https:\/\/eshop.tca.sk\/wp-content\/uploads\/2023\/04\/Logo-Whack-Black-White-R-APPROVED.png\" alt=\"\" width=\"138\" height=\"75\" srcset=\"https:\/\/eshop.tca.sk\/wp-content\/uploads\/2023\/04\/Logo-Whack-Black-White-R-APPROVED.png 571w, https:\/\/eshop.tca.sk\/wp-content\/uploads\/2023\/04\/Logo-Whack-Black-White-R-APPROVED-300x163.png 300w\" sizes=\"auto, (max-width: 138px) 100vw, 138px\" \/><\/p>\n<p>Vom <strong>TCA<\/strong> und dem <strong>WHACK<\/strong>-System verwendete und empfohlene Equipment.<\/p>\n","protected":false},"featured_media":8023,"template":"","meta":{"inline_featured_image":false},"product_brand":[],"product_cat":[320,318],"product_tag":[378],"giftcard-category":[],"class_list":{"0":"post-8005","1":"product","2":"type-product","3":"status-publish","4":"has-post-thumbnail","6":"product_cat-optik","7":"product_cat-waffenzubehoer","8":"product_tag-eotech-de","10":"first","11":"outofstock","12":"taxable","13":"shipping-taxable","14":"purchasable","15":"product-type-simple"},"yoast_head":"<!-- This site is optimized with the Yoast SEO plugin v26.4 - https:\/\/yoast.com\/wordpress\/plugins\/seo\/ -->\n<title>Kollimator EOTech HWS EXPS3-0 - TCA eShop - Tactical Combat Academy<\/title>\n<meta name=\"description\" content=\"Kollimator EOTech HWS EXPS3-0 \u2013 Der neue Kollimator EXPS3-0 EOTech f\u00fcr professionelle Waffen ist der Spitzenreiter seiner Klasse.\" \/>\n<meta name=\"robots\" content=\"index, follow, max-snippet:-1, max-image-preview:large, max-video-preview:-1\" \/>\n<link rel=\"canonical\" href=\"https:\/\/eshop.tca.sk\/de\/waffenzubehoer\/kolimator-eotech-exps3-0-black\/\" \/>\n<meta property=\"og:locale\" content=\"de_DE\" \/>\n<meta property=\"og:type\" content=\"article\" \/>\n<meta property=\"og:title\" content=\"Kollimator EOTech HWS EXPS3-0 - TCA eShop - Tactical Combat Academy\" \/>\n<meta property=\"og:description\" content=\"Kollimator EOTech HWS EXPS3-0 \u2013 Der neue Kollimator EXPS3-0 EOTech f\u00fcr professionelle Waffen ist der Spitzenreiter seiner Klasse.\" \/>\n<meta property=\"og:url\" content=\"https:\/\/eshop.tca.sk\/de\/waffenzubehoer\/kolimator-eotech-exps3-0-black\/\" \/>\n<meta property=\"og:site_name\" content=\"TCA eShop - Tactical Combat Academy\" \/>\n<meta property=\"article:modified_time\" content=\"2025-11-26T15:49:51+00:00\" \/>\n<meta property=\"og:image\" content=\"https:\/\/eshop.tca.sk\/wp-content\/uploads\/2023\/01\/Kolimator-EOTech-EXPS3-0-Black-3.png\" \/>\n\t<meta property=\"og:image:width\" content=\"750\" \/>\n\t<meta property=\"og:image:height\" content=\"750\" \/>\n\t<meta property=\"og:image:type\" content=\"image\/png\" \/>\n<meta name=\"twitter:card\" content=\"summary_large_image\" \/>\n<script type=\"application\/ld+json\" class=\"yoast-schema-graph\">{\"@context\":\"https:\/\/schema.org\",\"@graph\":[{\"@type\":\"WebPage\",\"@id\":\"https:\/\/eshop.tca.sk\/de\/waffenzubehoer\/kolimator-eotech-exps3-0-black\/\",\"url\":\"https:\/\/eshop.tca.sk\/de\/waffenzubehoer\/kolimator-eotech-exps3-0-black\/\",\"name\":\"Kollimator EOTech HWS EXPS3-0 - TCA eShop - Tactical Combat Academy\",\"isPartOf\":{\"@id\":\"https:\/\/eshop.tca.sk\/de\/#website\"},\"primaryImageOfPage\":{\"@id\":\"https:\/\/eshop.tca.sk\/de\/waffenzubehoer\/kolimator-eotech-exps3-0-black\/#primaryimage\"},\"image\":{\"@id\":\"https:\/\/eshop.tca.sk\/de\/waffenzubehoer\/kolimator-eotech-exps3-0-black\/#primaryimage\"},\"thumbnailUrl\":\"https:\/\/eshop.tca.sk\/wp-content\/uploads\/2023\/01\/Kolimator-EOTech-EXPS3-0-Black-3.png\",\"datePublished\":\"2023-01-24T13:39:23+00:00\",\"dateModified\":\"2025-11-26T15:49:51+00:00\",\"description\":\"Kollimator EOTech HWS EXPS3-0 \u2013 Der neue Kollimator EXPS3-0 EOTech f\u00fcr professionelle Waffen ist der Spitzenreiter seiner Klasse.\",\"breadcrumb\":{\"@id\":\"https:\/\/eshop.tca.sk\/de\/waffenzubehoer\/kolimator-eotech-exps3-0-black\/#breadcrumb\"},\"inLanguage\":\"de\",\"potentialAction\":[{\"@type\":\"ReadAction\",\"target\":[\"https:\/\/eshop.tca.sk\/de\/waffenzubehoer\/kolimator-eotech-exps3-0-black\/\"]}]},{\"@type\":\"ImageObject\",\"inLanguage\":\"de\",\"@id\":\"https:\/\/eshop.tca.sk\/de\/waffenzubehoer\/kolimator-eotech-exps3-0-black\/#primaryimage\",\"url\":\"https:\/\/eshop.tca.sk\/wp-content\/uploads\/2023\/01\/Kolimator-EOTech-EXPS3-0-Black-3.png\",\"contentUrl\":\"https:\/\/eshop.tca.sk\/wp-content\/uploads\/2023\/01\/Kolimator-EOTech-EXPS3-0-Black-3.png\",\"width\":750,\"height\":750,\"caption\":\"Kolim\u00e1tor EOTech HWS EXPS3-0\"},{\"@type\":\"BreadcrumbList\",\"@id\":\"https:\/\/eshop.tca.sk\/de\/waffenzubehoer\/kolimator-eotech-exps3-0-black\/#breadcrumb\",\"itemListElement\":[{\"@type\":\"ListItem\",\"position\":1,\"name\":\"Domovsk\u00e1 str\u00e1nka\",\"item\":\"https:\/\/eshop.tca.sk\/de\/\"},{\"@type\":\"ListItem\",\"position\":2,\"name\":\"Shop\",\"item\":\"https:\/\/eshop.tca.sk\/de\/shop\/\"},{\"@type\":\"ListItem\",\"position\":3,\"name\":\"Kollimator EOTech HWS EXPS3-0\"}]},{\"@type\":\"WebSite\",\"@id\":\"https:\/\/eshop.tca.sk\/de\/#website\",\"url\":\"https:\/\/eshop.tca.sk\/de\/\",\"name\":\"TCA eShop - Tactical Combat Academy\",\"description\":\"Tactical Combat Academy\",\"publisher\":{\"@id\":\"https:\/\/eshop.tca.sk\/de\/#organization\"},\"potentialAction\":[{\"@type\":\"SearchAction\",\"target\":{\"@type\":\"EntryPoint\",\"urlTemplate\":\"https:\/\/eshop.tca.sk\/de\/?s={search_term_string}\"},\"query-input\":{\"@type\":\"PropertyValueSpecification\",\"valueRequired\":true,\"valueName\":\"search_term_string\"}}],\"inLanguage\":\"de\"},{\"@type\":\"Organization\",\"@id\":\"https:\/\/eshop.tca.sk\/de\/#organization\",\"name\":\"TCA eShop - Tactical Combat Academy\",\"url\":\"https:\/\/eshop.tca.sk\/de\/\",\"logo\":{\"@type\":\"ImageObject\",\"inLanguage\":\"de\",\"@id\":\"https:\/\/eshop.tca.sk\/de\/#\/schema\/logo\/image\/\",\"url\":\"https:\/\/eshop.tca.sk\/wp-content\/uploads\/2025\/06\/logo-new-header.png\",\"contentUrl\":\"https:\/\/eshop.tca.sk\/wp-content\/uploads\/2025\/06\/logo-new-header.png\",\"width\":300,\"height\":294,\"caption\":\"TCA eShop - Tactical Combat Academy\"},\"image\":{\"@id\":\"https:\/\/eshop.tca.sk\/de\/#\/schema\/logo\/image\/\"}}]}<\/script>\n<!-- \/ Yoast SEO plugin. -->","yoast_head_json":{"title":"Kollimator EOTech HWS EXPS3-0 - TCA eShop - Tactical Combat Academy","description":"Kollimator EOTech HWS EXPS3-0 \u2013 Der neue Kollimator EXPS3-0 EOTech f\u00fcr professionelle Waffen ist der Spitzenreiter seiner Klasse.","robots":{"index":"index","follow":"follow","max-snippet":"max-snippet:-1","max-image-preview":"max-image-preview:large","max-video-preview":"max-video-preview:-1"},"canonical":"https:\/\/eshop.tca.sk\/de\/waffenzubehoer\/kolimator-eotech-exps3-0-black\/","og_locale":"de_DE","og_type":"article","og_title":"Kollimator EOTech HWS EXPS3-0 - TCA eShop - Tactical Combat Academy","og_description":"Kollimator EOTech HWS EXPS3-0 \u2013 Der neue Kollimator EXPS3-0 EOTech f\u00fcr professionelle Waffen ist der Spitzenreiter seiner Klasse.","og_url":"https:\/\/eshop.tca.sk\/de\/waffenzubehoer\/kolimator-eotech-exps3-0-black\/","og_site_name":"TCA eShop - Tactical Combat Academy","article_modified_time":"2025-11-26T15:49:51+00:00","og_image":[{"width":750,"height":750,"url":"https:\/\/eshop.tca.sk\/wp-content\/uploads\/2023\/01\/Kolimator-EOTech-EXPS3-0-Black-3.png","type":"image\/png"}],"twitter_card":"summary_large_image","schema":{"@context":"https:\/\/schema.org","@graph":[{"@type":"WebPage","@id":"https:\/\/eshop.tca.sk\/de\/waffenzubehoer\/kolimator-eotech-exps3-0-black\/","url":"https:\/\/eshop.tca.sk\/de\/waffenzubehoer\/kolimator-eotech-exps3-0-black\/","name":"Kollimator EOTech HWS EXPS3-0 - TCA eShop - Tactical Combat Academy","isPartOf":{"@id":"https:\/\/eshop.tca.sk\/de\/#website"},"primaryImageOfPage":{"@id":"https:\/\/eshop.tca.sk\/de\/waffenzubehoer\/kolimator-eotech-exps3-0-black\/#primaryimage"},"image":{"@id":"https:\/\/eshop.tca.sk\/de\/waffenzubehoer\/kolimator-eotech-exps3-0-black\/#primaryimage"},"thumbnailUrl":"https:\/\/eshop.tca.sk\/wp-content\/uploads\/2023\/01\/Kolimator-EOTech-EXPS3-0-Black-3.png","datePublished":"2023-01-24T13:39:23+00:00","dateModified":"2025-11-26T15:49:51+00:00","description":"Kollimator EOTech HWS EXPS3-0 \u2013 Der neue Kollimator EXPS3-0 EOTech f\u00fcr professionelle Waffen ist der Spitzenreiter seiner Klasse.","breadcrumb":{"@id":"https:\/\/eshop.tca.sk\/de\/waffenzubehoer\/kolimator-eotech-exps3-0-black\/#breadcrumb"},"inLanguage":"de","potentialAction":[{"@type":"ReadAction","target":["https:\/\/eshop.tca.sk\/de\/waffenzubehoer\/kolimator-eotech-exps3-0-black\/"]}]},{"@type":"ImageObject","inLanguage":"de","@id":"https:\/\/eshop.tca.sk\/de\/waffenzubehoer\/kolimator-eotech-exps3-0-black\/#primaryimage","url":"https:\/\/eshop.tca.sk\/wp-content\/uploads\/2023\/01\/Kolimator-EOTech-EXPS3-0-Black-3.png","contentUrl":"https:\/\/eshop.tca.sk\/wp-content\/uploads\/2023\/01\/Kolimator-EOTech-EXPS3-0-Black-3.png","width":750,"height":750,"caption":"Kolim\u00e1tor EOTech HWS EXPS3-0"},{"@type":"BreadcrumbList","@id":"https:\/\/eshop.tca.sk\/de\/waffenzubehoer\/kolimator-eotech-exps3-0-black\/#breadcrumb","itemListElement":[{"@type":"ListItem","position":1,"name":"Domovsk\u00e1 str\u00e1nka","item":"https:\/\/eshop.tca.sk\/de\/"},{"@type":"ListItem","position":2,"name":"Shop","item":"https:\/\/eshop.tca.sk\/de\/shop\/"},{"@type":"ListItem","position":3,"name":"Kollimator EOTech HWS EXPS3-0"}]},{"@type":"WebSite","@id":"https:\/\/eshop.tca.sk\/de\/#website","url":"https:\/\/eshop.tca.sk\/de\/","name":"TCA eShop - Tactical Combat Academy","description":"Tactical Combat Academy","publisher":{"@id":"https:\/\/eshop.tca.sk\/de\/#organization"},"potentialAction":[{"@type":"SearchAction","target":{"@type":"EntryPoint","urlTemplate":"https:\/\/eshop.tca.sk\/de\/?s={search_term_string}"},"query-input":{"@type":"PropertyValueSpecification","valueRequired":true,"valueName":"search_term_string"}}],"inLanguage":"de"},{"@type":"Organization","@id":"https:\/\/eshop.tca.sk\/de\/#organization","name":"TCA eShop - Tactical Combat Academy","url":"https:\/\/eshop.tca.sk\/de\/","logo":{"@type":"ImageObject","inLanguage":"de","@id":"https:\/\/eshop.tca.sk\/de\/#\/schema\/logo\/image\/","url":"https:\/\/eshop.tca.sk\/wp-content\/uploads\/2025\/06\/logo-new-header.png","contentUrl":"https:\/\/eshop.tca.sk\/wp-content\/uploads\/2025\/06\/logo-new-header.png","width":300,"height":294,"caption":"TCA eShop - Tactical Combat Academy"},"image":{"@id":"https:\/\/eshop.tca.sk\/de\/#\/schema\/logo\/image\/"}}]}},"_links":{"self":[{"href":"https:\/\/eshop.tca.sk\/de\/wp-json\/wp\/v2\/product\/8005","targetHints":{"allow":["GET"]}}],"collection":[{"href":"https:\/\/eshop.tca.sk\/de\/wp-json\/wp\/v2\/product"}],"about":[{"href":"https:\/\/eshop.tca.sk\/de\/wp-json\/wp\/v2\/types\/product"}],"wp:featuredmedia":[{"embeddable":true,"href":"https:\/\/eshop.tca.sk\/de\/wp-json\/wp\/v2\/media\/8023"}],"wp:attachment":[{"href":"https:\/\/eshop.tca.sk\/de\/wp-json\/wp\/v2\/media?parent=8005"}],"wp:term":[{"taxonomy":"product_brand","embeddable":true,"href":"https:\/\/eshop.tca.sk\/de\/wp-json\/wp\/v2\/product_brand?post=8005"},{"taxonomy":"product_cat","embeddable":true,"href":"https:\/\/eshop.tca.sk\/de\/wp-json\/wp\/v2\/product_cat?post=8005"},{"taxonomy":"product_tag","embeddable":true,"href":"https:\/\/eshop.tca.sk\/de\/wp-json\/wp\/v2\/product_tag?post=8005"},{"taxonomy":"giftcard-category","embeddable":true,"href":"https:\/\/eshop.tca.sk\/de\/wp-json\/wp\/v2\/giftcard-category?post=8005"}],"curies":[{"name":"wp","href":"https:\/\/api.w.org\/{rel}","templated":true}]}}