{"id":8065,"date":"2023-01-27T14:54:21","date_gmt":"2023-01-27T13:54:21","guid":{"rendered":"https:\/\/eshop.tca.sk\/?post_type=product&#038;p=8065"},"modified":"2025-11-26T16:49:50","modified_gmt":"2025-11-26T15:49:50","slug":"kolimator-trijicon-rmr-type-2-red-dot-sight","status":"publish","type":"product","link":"https:\/\/eshop.tca.sk\/de\/waffenzubehoer\/kolimator-trijicon-rmr-type-2-red-dot-sight\/","title":{"rendered":"Kolimator Trijicon RMR\u00ae Type 2 Red Dot Sight"},"content":{"rendered":"<h1><strong>Kolimator Trijicon RMR<sup>\u00ae<\/sup> Type 2 Red Dot Sight<\/strong><\/h1>\n<p>Der RMR Type 2 ist mit einem patentierten Geh\u00e4useform entworfen, die Aufpr\u00e4lle absorbiert und Belastungen von der Linse ablenkt, um die Haltbarkeit zu erh\u00f6hen. Es bietet auch neu gestaltete und verbesserte Elektronik, die bewiesen hat, dass sie bei der Montage auf Schlittenpistolen und anderen kleinen Waffen funktioniert. Es eignet sich f\u00fcr milit\u00e4rische, polizeiliche, verdeckte Selbstverteidigung, Ziel- und Jagdanwendungen. Der RMR\u00ae Type 2 Adjustable LED-Visier legt die Beleuchtungssteuerung in die H\u00e4nde des Benutzers. Mit den einfach zu bedienenden Tasten an der Seite des Optik kann der Benutzer die Helligkeit der Beleuchtung einstellen, zwischen manuellem und automatischem Modus wechseln und den RMR zur Aufbewahrung abschalten. Der automatische Modus funktioniert genauso wie der LED-RMR-Modus. Wenn ein manueller Modus ausgew\u00e4hlt wurde, bleibt der RMR 16,5 Stunden lang im manuellen Modus, nachdem die letzte Taste gedr\u00fcckt wurde.<\/p>\n<p>Nach 16,5 Stunden wechselt die Optik automatisch zur\u00fcck in den automatischen Modus, damit der RMR f\u00fcr die n\u00e4chste Aufgabe bereit ist. Alle RMR Type 2 Adjustable LED-Visiere sind mit Nachtsichtger\u00e4ten kompatibel. Dar\u00fcber hinaus kann der Benutzer die Tasten auch sperren, so dass der RMR nur im automatischen Modus funktioniert. Dadurch wird sichergestellt, dass unbeabsichtigte Tastendr\u00fccke keinen Verlust der Zielaufl\u00f6sung verursachen. Der 3,25 MOA Dot im RM06 ist der vielseitigste und beliebteste aller RMR Dot-Gr\u00f6\u00dfen. Der Dot ist klein genug, um auf Distanz pr\u00e4zise zu schie\u00dfen und gleichzeitig gro\u00df genug, um schnell zu finden.<\/p>\n<p>&nbsp;<\/p>\n<h3><strong>Grundlegende Eigenschaften:<\/strong><\/h3>\n<ul>\n<li>einstellbare LED<\/li>\n<li>wasserdicht bis 20m<\/li>\n<li>geeignet f\u00fcr mehrere Waffenplattformen<\/li>\n<li>verbesserte Elektronik.<\/li>\n<\/ul>\n","protected":false},"excerpt":{"rendered":"<p><img loading=\"lazy\" decoding=\"async\" class=\"alignnone wp-image-8086 \" src=\"https:\/\/eshop.tca.sk\/wp-content\/uploads\/2023\/01\/trijicon-logo2.png\" alt=\"\" width=\"115\" height=\"45\" srcset=\"https:\/\/eshop.tca.sk\/wp-content\/uploads\/2023\/01\/trijicon-logo2.png 531w, https:\/\/eshop.tca.sk\/wp-content\/uploads\/2023\/01\/trijicon-logo2-300x118.png 300w\" sizes=\"auto, (max-width: 115px) 100vw, 115px\" \/><\/p>\n<p>Der RMR Type 2 ist mit einem patentierten Geh\u00e4useform entworfen, die Aufpr\u00e4lle absorbiert und Belastungen von der Linse ablenkt, um die Haltbarkeit zu erh\u00f6hen. Es bietet auch eine verfeinerte und verbesserte Elektronik,<\/p>\n","protected":false},"featured_media":10059,"template":"","meta":{"inline_featured_image":false},"product_brand":[],"product_cat":[320,318],"product_tag":[411],"giftcard-category":[],"class_list":{"0":"post-8065","1":"product","2":"type-product","3":"status-publish","4":"has-post-thumbnail","6":"product_cat-optik","7":"product_cat-waffenzubehoer","8":"product_tag-trijicon-de","10":"first","11":"outofstock","12":"taxable","13":"shipping-taxable","14":"purchasable","15":"product-type-simple"},"yoast_head":"<!-- This site is optimized with the Yoast SEO plugin v26.4 - https:\/\/yoast.com\/wordpress\/plugins\/seo\/ -->\n<title>Kolimator Trijicon RMR\u00ae Type 2 Red Dot Sight - TCA eShop - Tactical Combat Academy<\/title>\n<meta name=\"description\" content=\"Kolim\u00e1tor Trijicon RMR Type 2 ist mit einem patentierten Geh\u00e4useform entworfen, die Aufpr\u00e4lle absorbiert und Belastungen von der Linse ablenkt, um die Haltbarkeit zu erh\u00f6hen.\" \/>\n<meta name=\"robots\" content=\"index, follow, max-snippet:-1, max-image-preview:large, max-video-preview:-1\" \/>\n<link rel=\"canonical\" href=\"https:\/\/eshop.tca.sk\/de\/waffenzubehoer\/kolimator-trijicon-rmr-type-2-red-dot-sight\/\" \/>\n<meta property=\"og:locale\" content=\"de_DE\" \/>\n<meta property=\"og:type\" content=\"article\" \/>\n<meta property=\"og:title\" content=\"Kolimator Trijicon RMR\u00ae Type 2 Red Dot Sight - TCA eShop - Tactical Combat Academy\" \/>\n<meta property=\"og:description\" content=\"Kolim\u00e1tor Trijicon RMR Type 2 ist mit einem patentierten Geh\u00e4useform entworfen, die Aufpr\u00e4lle absorbiert und Belastungen von der Linse ablenkt, um die Haltbarkeit zu erh\u00f6hen.\" \/>\n<meta property=\"og:url\" content=\"https:\/\/eshop.tca.sk\/de\/waffenzubehoer\/kolimator-trijicon-rmr-type-2-red-dot-sight\/\" \/>\n<meta property=\"og:site_name\" content=\"TCA eShop - Tactical Combat Academy\" \/>\n<meta property=\"article:modified_time\" content=\"2025-11-26T15:49:50+00:00\" \/>\n<meta property=\"og:image\" content=\"https:\/\/eshop.tca.sk\/wp-content\/uploads\/2023\/01\/trijicon-rmr-type-2-red-dot-sight-a-2.jpg\" \/>\n\t<meta property=\"og:image:width\" content=\"1000\" \/>\n\t<meta property=\"og:image:height\" content=\"1000\" \/>\n\t<meta property=\"og:image:type\" content=\"image\/jpeg\" \/>\n<meta name=\"twitter:card\" content=\"summary_large_image\" \/>\n<script type=\"application\/ld+json\" class=\"yoast-schema-graph\">{\"@context\":\"https:\/\/schema.org\",\"@graph\":[{\"@type\":\"WebPage\",\"@id\":\"https:\/\/eshop.tca.sk\/de\/waffenzubehoer\/kolimator-trijicon-rmr-type-2-red-dot-sight\/\",\"url\":\"https:\/\/eshop.tca.sk\/de\/waffenzubehoer\/kolimator-trijicon-rmr-type-2-red-dot-sight\/\",\"name\":\"Kolimator Trijicon RMR\u00ae Type 2 Red Dot Sight - TCA eShop - Tactical Combat Academy\",\"isPartOf\":{\"@id\":\"https:\/\/eshop.tca.sk\/de\/#website\"},\"primaryImageOfPage\":{\"@id\":\"https:\/\/eshop.tca.sk\/de\/waffenzubehoer\/kolimator-trijicon-rmr-type-2-red-dot-sight\/#primaryimage\"},\"image\":{\"@id\":\"https:\/\/eshop.tca.sk\/de\/waffenzubehoer\/kolimator-trijicon-rmr-type-2-red-dot-sight\/#primaryimage\"},\"thumbnailUrl\":\"https:\/\/eshop.tca.sk\/wp-content\/uploads\/2023\/01\/trijicon-rmr-type-2-red-dot-sight-a-2.jpg\",\"datePublished\":\"2023-01-27T13:54:21+00:00\",\"dateModified\":\"2025-11-26T15:49:50+00:00\",\"description\":\"Kolim\u00e1tor Trijicon RMR Type 2 ist mit einem patentierten Geh\u00e4useform entworfen, die Aufpr\u00e4lle absorbiert und Belastungen von der Linse ablenkt, um die Haltbarkeit zu erh\u00f6hen.\",\"breadcrumb\":{\"@id\":\"https:\/\/eshop.tca.sk\/de\/waffenzubehoer\/kolimator-trijicon-rmr-type-2-red-dot-sight\/#breadcrumb\"},\"inLanguage\":\"de\",\"potentialAction\":[{\"@type\":\"ReadAction\",\"target\":[\"https:\/\/eshop.tca.sk\/de\/waffenzubehoer\/kolimator-trijicon-rmr-type-2-red-dot-sight\/\"]}]},{\"@type\":\"ImageObject\",\"inLanguage\":\"de\",\"@id\":\"https:\/\/eshop.tca.sk\/de\/waffenzubehoer\/kolimator-trijicon-rmr-type-2-red-dot-sight\/#primaryimage\",\"url\":\"https:\/\/eshop.tca.sk\/wp-content\/uploads\/2023\/01\/trijicon-rmr-type-2-red-dot-sight-a-2.jpg\",\"contentUrl\":\"https:\/\/eshop.tca.sk\/wp-content\/uploads\/2023\/01\/trijicon-rmr-type-2-red-dot-sight-a-2.jpg\",\"width\":1000,\"height\":1000},{\"@type\":\"BreadcrumbList\",\"@id\":\"https:\/\/eshop.tca.sk\/de\/waffenzubehoer\/kolimator-trijicon-rmr-type-2-red-dot-sight\/#breadcrumb\",\"itemListElement\":[{\"@type\":\"ListItem\",\"position\":1,\"name\":\"Domovsk\u00e1 str\u00e1nka\",\"item\":\"https:\/\/eshop.tca.sk\/de\/\"},{\"@type\":\"ListItem\",\"position\":2,\"name\":\"Shop\",\"item\":\"https:\/\/eshop.tca.sk\/de\/shop\/\"},{\"@type\":\"ListItem\",\"position\":3,\"name\":\"Kolimator Trijicon RMR\u00ae Type 2 Red Dot Sight\"}]},{\"@type\":\"WebSite\",\"@id\":\"https:\/\/eshop.tca.sk\/de\/#website\",\"url\":\"https:\/\/eshop.tca.sk\/de\/\",\"name\":\"TCA eShop - Tactical Combat Academy\",\"description\":\"Tactical Combat Academy\",\"publisher\":{\"@id\":\"https:\/\/eshop.tca.sk\/de\/#organization\"},\"potentialAction\":[{\"@type\":\"SearchAction\",\"target\":{\"@type\":\"EntryPoint\",\"urlTemplate\":\"https:\/\/eshop.tca.sk\/de\/?s={search_term_string}\"},\"query-input\":{\"@type\":\"PropertyValueSpecification\",\"valueRequired\":true,\"valueName\":\"search_term_string\"}}],\"inLanguage\":\"de\"},{\"@type\":\"Organization\",\"@id\":\"https:\/\/eshop.tca.sk\/de\/#organization\",\"name\":\"TCA eShop - Tactical Combat Academy\",\"url\":\"https:\/\/eshop.tca.sk\/de\/\",\"logo\":{\"@type\":\"ImageObject\",\"inLanguage\":\"de\",\"@id\":\"https:\/\/eshop.tca.sk\/de\/#\/schema\/logo\/image\/\",\"url\":\"https:\/\/eshop.tca.sk\/wp-content\/uploads\/2025\/06\/logo-new-header.png\",\"contentUrl\":\"https:\/\/eshop.tca.sk\/wp-content\/uploads\/2025\/06\/logo-new-header.png\",\"width\":300,\"height\":294,\"caption\":\"TCA eShop - Tactical Combat Academy\"},\"image\":{\"@id\":\"https:\/\/eshop.tca.sk\/de\/#\/schema\/logo\/image\/\"}}]}<\/script>\n<!-- \/ Yoast SEO plugin. -->","yoast_head_json":{"title":"Kolimator Trijicon RMR\u00ae Type 2 Red Dot Sight - TCA eShop - Tactical Combat Academy","description":"Kolim\u00e1tor Trijicon RMR Type 2 ist mit einem patentierten Geh\u00e4useform entworfen, die Aufpr\u00e4lle absorbiert und Belastungen von der Linse ablenkt, um die Haltbarkeit zu erh\u00f6hen.","robots":{"index":"index","follow":"follow","max-snippet":"max-snippet:-1","max-image-preview":"max-image-preview:large","max-video-preview":"max-video-preview:-1"},"canonical":"https:\/\/eshop.tca.sk\/de\/waffenzubehoer\/kolimator-trijicon-rmr-type-2-red-dot-sight\/","og_locale":"de_DE","og_type":"article","og_title":"Kolimator Trijicon RMR\u00ae Type 2 Red Dot Sight - TCA eShop - Tactical Combat Academy","og_description":"Kolim\u00e1tor Trijicon RMR Type 2 ist mit einem patentierten Geh\u00e4useform entworfen, die Aufpr\u00e4lle absorbiert und Belastungen von der Linse ablenkt, um die Haltbarkeit zu erh\u00f6hen.","og_url":"https:\/\/eshop.tca.sk\/de\/waffenzubehoer\/kolimator-trijicon-rmr-type-2-red-dot-sight\/","og_site_name":"TCA eShop - Tactical Combat Academy","article_modified_time":"2025-11-26T15:49:50+00:00","og_image":[{"width":1000,"height":1000,"url":"https:\/\/eshop.tca.sk\/wp-content\/uploads\/2023\/01\/trijicon-rmr-type-2-red-dot-sight-a-2.jpg","type":"image\/jpeg"}],"twitter_card":"summary_large_image","schema":{"@context":"https:\/\/schema.org","@graph":[{"@type":"WebPage","@id":"https:\/\/eshop.tca.sk\/de\/waffenzubehoer\/kolimator-trijicon-rmr-type-2-red-dot-sight\/","url":"https:\/\/eshop.tca.sk\/de\/waffenzubehoer\/kolimator-trijicon-rmr-type-2-red-dot-sight\/","name":"Kolimator Trijicon RMR\u00ae Type 2 Red Dot Sight - TCA eShop - Tactical Combat Academy","isPartOf":{"@id":"https:\/\/eshop.tca.sk\/de\/#website"},"primaryImageOfPage":{"@id":"https:\/\/eshop.tca.sk\/de\/waffenzubehoer\/kolimator-trijicon-rmr-type-2-red-dot-sight\/#primaryimage"},"image":{"@id":"https:\/\/eshop.tca.sk\/de\/waffenzubehoer\/kolimator-trijicon-rmr-type-2-red-dot-sight\/#primaryimage"},"thumbnailUrl":"https:\/\/eshop.tca.sk\/wp-content\/uploads\/2023\/01\/trijicon-rmr-type-2-red-dot-sight-a-2.jpg","datePublished":"2023-01-27T13:54:21+00:00","dateModified":"2025-11-26T15:49:50+00:00","description":"Kolim\u00e1tor Trijicon RMR Type 2 ist mit einem patentierten Geh\u00e4useform entworfen, die Aufpr\u00e4lle absorbiert und Belastungen von der Linse ablenkt, um die Haltbarkeit zu erh\u00f6hen.","breadcrumb":{"@id":"https:\/\/eshop.tca.sk\/de\/waffenzubehoer\/kolimator-trijicon-rmr-type-2-red-dot-sight\/#breadcrumb"},"inLanguage":"de","potentialAction":[{"@type":"ReadAction","target":["https:\/\/eshop.tca.sk\/de\/waffenzubehoer\/kolimator-trijicon-rmr-type-2-red-dot-sight\/"]}]},{"@type":"ImageObject","inLanguage":"de","@id":"https:\/\/eshop.tca.sk\/de\/waffenzubehoer\/kolimator-trijicon-rmr-type-2-red-dot-sight\/#primaryimage","url":"https:\/\/eshop.tca.sk\/wp-content\/uploads\/2023\/01\/trijicon-rmr-type-2-red-dot-sight-a-2.jpg","contentUrl":"https:\/\/eshop.tca.sk\/wp-content\/uploads\/2023\/01\/trijicon-rmr-type-2-red-dot-sight-a-2.jpg","width":1000,"height":1000},{"@type":"BreadcrumbList","@id":"https:\/\/eshop.tca.sk\/de\/waffenzubehoer\/kolimator-trijicon-rmr-type-2-red-dot-sight\/#breadcrumb","itemListElement":[{"@type":"ListItem","position":1,"name":"Domovsk\u00e1 str\u00e1nka","item":"https:\/\/eshop.tca.sk\/de\/"},{"@type":"ListItem","position":2,"name":"Shop","item":"https:\/\/eshop.tca.sk\/de\/shop\/"},{"@type":"ListItem","position":3,"name":"Kolimator Trijicon RMR\u00ae Type 2 Red Dot Sight"}]},{"@type":"WebSite","@id":"https:\/\/eshop.tca.sk\/de\/#website","url":"https:\/\/eshop.tca.sk\/de\/","name":"TCA eShop - Tactical Combat Academy","description":"Tactical Combat Academy","publisher":{"@id":"https:\/\/eshop.tca.sk\/de\/#organization"},"potentialAction":[{"@type":"SearchAction","target":{"@type":"EntryPoint","urlTemplate":"https:\/\/eshop.tca.sk\/de\/?s={search_term_string}"},"query-input":{"@type":"PropertyValueSpecification","valueRequired":true,"valueName":"search_term_string"}}],"inLanguage":"de"},{"@type":"Organization","@id":"https:\/\/eshop.tca.sk\/de\/#organization","name":"TCA eShop - Tactical Combat Academy","url":"https:\/\/eshop.tca.sk\/de\/","logo":{"@type":"ImageObject","inLanguage":"de","@id":"https:\/\/eshop.tca.sk\/de\/#\/schema\/logo\/image\/","url":"https:\/\/eshop.tca.sk\/wp-content\/uploads\/2025\/06\/logo-new-header.png","contentUrl":"https:\/\/eshop.tca.sk\/wp-content\/uploads\/2025\/06\/logo-new-header.png","width":300,"height":294,"caption":"TCA eShop - Tactical Combat Academy"},"image":{"@id":"https:\/\/eshop.tca.sk\/de\/#\/schema\/logo\/image\/"}}]}},"_links":{"self":[{"href":"https:\/\/eshop.tca.sk\/de\/wp-json\/wp\/v2\/product\/8065","targetHints":{"allow":["GET"]}}],"collection":[{"href":"https:\/\/eshop.tca.sk\/de\/wp-json\/wp\/v2\/product"}],"about":[{"href":"https:\/\/eshop.tca.sk\/de\/wp-json\/wp\/v2\/types\/product"}],"wp:featuredmedia":[{"embeddable":true,"href":"https:\/\/eshop.tca.sk\/de\/wp-json\/wp\/v2\/media\/10059"}],"wp:attachment":[{"href":"https:\/\/eshop.tca.sk\/de\/wp-json\/wp\/v2\/media?parent=8065"}],"wp:term":[{"taxonomy":"product_brand","embeddable":true,"href":"https:\/\/eshop.tca.sk\/de\/wp-json\/wp\/v2\/product_brand?post=8065"},{"taxonomy":"product_cat","embeddable":true,"href":"https:\/\/eshop.tca.sk\/de\/wp-json\/wp\/v2\/product_cat?post=8065"},{"taxonomy":"product_tag","embeddable":true,"href":"https:\/\/eshop.tca.sk\/de\/wp-json\/wp\/v2\/product_tag?post=8065"},{"taxonomy":"giftcard-category","embeddable":true,"href":"https:\/\/eshop.tca.sk\/de\/wp-json\/wp\/v2\/giftcard-category?post=8065"}],"curies":[{"name":"wp","href":"https:\/\/api.w.org\/{rel}","templated":true}]}}