{"id":8113,"date":"2023-01-27T16:46:58","date_gmt":"2023-01-27T15:46:58","guid":{"rendered":"https:\/\/eshop.tca.sk\/?post_type=product&#038;p=8113"},"modified":"2025-11-26T16:49:49","modified_gmt":"2025-11-26T15:49:49","slug":"vergroesserungsmodul-eotech-g33-sts","status":"publish","type":"product","link":"https:\/\/eshop.tca.sk\/de\/waffenzubehoer\/vergroesserungsmodul-eotech-g33-sts\/","title":{"rendered":"ROTech G33 STS Vergr\u00f6\u00dferungsmodul"},"content":{"rendered":"<h3><strong>OTech G33 STS Vergr\u00f6\u00dferungsmodul mit klappbarer Montage<\/strong><\/h3>\n<p>Das Vergr\u00f6\u00dferungsmodul <strong>EOTECH G33<\/strong> ist das ausgew\u00e4hlte Vergr\u00f6\u00dferungsger\u00e4t der USSOCOM und ist kompakt und leicht. Der Halter erm\u00f6glicht einen schnellen Wechsel von 3-fach zu 1-fach, und das Optik bietet Werkzeugfreie vertikale und horizontale Einstellungen. Es hat einen gr\u00f6\u00dferen Sichtfeld und einen einstellbaren Dioptrienausgleich f\u00fcr verbesserte, pr\u00e4zise Sch\u00e4rfe. G33 funktioniert mit allen EOTECH HWS-Modellen.<\/p>\n<h3><strong>Grundlegende Eigenschaften:<\/strong><\/h3>\n<ul>\n<li>kompakte Abmessungen<\/li>\n<li>Vergr\u00f6\u00dferungsmodul f\u00fcr Kolimatoren<\/li>\n<li>Es wird von der US-Armee verwendet.<\/li>\n<li>Kompatibel mit allen EOTECH Kollimatoren<\/li>\n<li>Ausklappbare Schnellwechselhalterung auf Picatinny-\/Weaver-Schiene<\/li>\n<li>bringt eine 3-fache Vergr\u00f6\u00dferung.<\/li>\n<li>einstellbarer Dioptrienausgleich nach den Bed\u00fcrfnissen des Benutzers<\/li>\n<li>gute Widerstandsf\u00e4higkeit gegen Beschlagen<\/li>\n<\/ul>\n","protected":false},"excerpt":{"rendered":"<p><img loading=\"lazy\" decoding=\"async\" class=\"alignnone size-full wp-image-7425\" src=\"https:\/\/eshop.tca.sk\/wp-content\/uploads\/2022\/10\/EOTech_logo.png\" alt=\"\" width=\"75\" height=\"71\"><\/p>\n<p>Der G33-Vergr\u00f6\u00dferungsmodul ist das ausgew\u00e4hlte Vergr\u00f6\u00dferungsglas von USSOCOM und ist kompakt und leicht. Der Halter erm\u00f6glicht einen schnellen Wechsel von 3-fach zu 1-fach, und das Optik bietet Werkzeugfreie vertikale und horizontale Einstellungen.<\/p>\n<p><img loading=\"lazy\" decoding=\"async\" class=\"wp-image-8564 alignnone\" src=\"https:\/\/eshop.tca.sk\/wp-content\/uploads\/2023\/04\/Logo-Whack-Black-White-R-APPROVED.png\" alt=\"\" width=\"138\" height=\"75\" srcset=\"https:\/\/eshop.tca.sk\/wp-content\/uploads\/2023\/04\/Logo-Whack-Black-White-R-APPROVED.png 571w, https:\/\/eshop.tca.sk\/wp-content\/uploads\/2023\/04\/Logo-Whack-Black-White-R-APPROVED-300x163.png 300w\" sizes=\"auto, (max-width: 138px) 100vw, 138px\" \/><\/p>\n<p>Vom <strong>TCA<\/strong> und dem <strong>WHACK<\/strong>-System verwendete und empfohlene Equipment.<\/p>\n","protected":false},"featured_media":8121,"template":"","meta":{"inline_featured_image":false},"product_brand":[],"product_cat":[320,318],"product_tag":[378],"giftcard-category":[],"class_list":{"0":"post-8113","1":"product","2":"type-product","3":"status-publish","4":"has-post-thumbnail","6":"product_cat-optik","7":"product_cat-waffenzubehoer","8":"product_tag-eotech-de","10":"first","11":"instock","12":"taxable","13":"shipping-taxable","14":"purchasable","15":"product-type-simple"},"yoast_head":"<!-- This site is optimized with the Yoast SEO plugin v26.4 - https:\/\/yoast.com\/wordpress\/plugins\/seo\/ -->\n<title>ROTech G33 STS Vergr\u00f6\u00dferungsmodul - TCA eShop - Tactical Combat Academy<\/title>\n<meta name=\"description\" content=\"Das Vergr\u00f6\u00dferungsmodul EOTECH G33 ist das ausgew\u00e4hlte Vergr\u00f6\u00dferungsger\u00e4t der USSOCOM und ist kompakt und leicht. Die Montage erm\u00f6glicht einen schnellen Wechsel von 3x auf 1x.\" \/>\n<meta name=\"robots\" content=\"index, follow, max-snippet:-1, max-image-preview:large, max-video-preview:-1\" \/>\n<link rel=\"canonical\" href=\"https:\/\/eshop.tca.sk\/de\/waffenzubehoer\/vergroesserungsmodul-eotech-g33-sts\/\" \/>\n<meta property=\"og:locale\" content=\"de_DE\" \/>\n<meta property=\"og:type\" content=\"article\" \/>\n<meta property=\"og:title\" content=\"ROTech G33 STS Vergr\u00f6\u00dferungsmodul - TCA eShop - Tactical Combat Academy\" \/>\n<meta property=\"og:description\" content=\"Das Vergr\u00f6\u00dferungsmodul EOTECH G33 ist das ausgew\u00e4hlte Vergr\u00f6\u00dferungsger\u00e4t der USSOCOM und ist kompakt und leicht. Die Montage erm\u00f6glicht einen schnellen Wechsel von 3x auf 1x.\" \/>\n<meta property=\"og:url\" content=\"https:\/\/eshop.tca.sk\/de\/waffenzubehoer\/vergroesserungsmodul-eotech-g33-sts\/\" \/>\n<meta property=\"og:site_name\" content=\"TCA eShop - Tactical Combat Academy\" \/>\n<meta property=\"article:modified_time\" content=\"2025-11-26T15:49:49+00:00\" \/>\n<meta property=\"og:image\" content=\"https:\/\/eshop.tca.sk\/wp-content\/uploads\/2023\/01\/Untitled-2_0003_g33_blk_profile.jpg\" \/>\n\t<meta property=\"og:image:width\" content=\"1000\" \/>\n\t<meta property=\"og:image:height\" content=\"1000\" \/>\n\t<meta property=\"og:image:type\" content=\"image\/jpeg\" \/>\n<meta name=\"twitter:card\" content=\"summary_large_image\" \/>\n<script type=\"application\/ld+json\" class=\"yoast-schema-graph\">{\"@context\":\"https:\/\/schema.org\",\"@graph\":[{\"@type\":\"WebPage\",\"@id\":\"https:\/\/eshop.tca.sk\/de\/waffenzubehoer\/vergroesserungsmodul-eotech-g33-sts\/\",\"url\":\"https:\/\/eshop.tca.sk\/de\/waffenzubehoer\/vergroesserungsmodul-eotech-g33-sts\/\",\"name\":\"ROTech G33 STS Vergr\u00f6\u00dferungsmodul - TCA eShop - Tactical Combat Academy\",\"isPartOf\":{\"@id\":\"https:\/\/eshop.tca.sk\/de\/#website\"},\"primaryImageOfPage\":{\"@id\":\"https:\/\/eshop.tca.sk\/de\/waffenzubehoer\/vergroesserungsmodul-eotech-g33-sts\/#primaryimage\"},\"image\":{\"@id\":\"https:\/\/eshop.tca.sk\/de\/waffenzubehoer\/vergroesserungsmodul-eotech-g33-sts\/#primaryimage\"},\"thumbnailUrl\":\"https:\/\/eshop.tca.sk\/wp-content\/uploads\/2023\/01\/Untitled-2_0003_g33_blk_profile.jpg\",\"datePublished\":\"2023-01-27T15:46:58+00:00\",\"dateModified\":\"2025-11-26T15:49:49+00:00\",\"description\":\"Das Vergr\u00f6\u00dferungsmodul EOTECH G33 ist das ausgew\u00e4hlte Vergr\u00f6\u00dferungsger\u00e4t der USSOCOM und ist kompakt und leicht. Die Montage erm\u00f6glicht einen schnellen Wechsel von 3x auf 1x.\",\"breadcrumb\":{\"@id\":\"https:\/\/eshop.tca.sk\/de\/waffenzubehoer\/vergroesserungsmodul-eotech-g33-sts\/#breadcrumb\"},\"inLanguage\":\"de\",\"potentialAction\":[{\"@type\":\"ReadAction\",\"target\":[\"https:\/\/eshop.tca.sk\/de\/waffenzubehoer\/vergroesserungsmodul-eotech-g33-sts\/\"]}]},{\"@type\":\"ImageObject\",\"inLanguage\":\"de\",\"@id\":\"https:\/\/eshop.tca.sk\/de\/waffenzubehoer\/vergroesserungsmodul-eotech-g33-sts\/#primaryimage\",\"url\":\"https:\/\/eshop.tca.sk\/wp-content\/uploads\/2023\/01\/Untitled-2_0003_g33_blk_profile.jpg\",\"contentUrl\":\"https:\/\/eshop.tca.sk\/wp-content\/uploads\/2023\/01\/Untitled-2_0003_g33_blk_profile.jpg\",\"width\":1000,\"height\":1000,\"caption\":\"Zv\u00e4\u010d\u0161ovac\u00ed modul EOTECH G33\"},{\"@type\":\"BreadcrumbList\",\"@id\":\"https:\/\/eshop.tca.sk\/de\/waffenzubehoer\/vergroesserungsmodul-eotech-g33-sts\/#breadcrumb\",\"itemListElement\":[{\"@type\":\"ListItem\",\"position\":1,\"name\":\"Domovsk\u00e1 str\u00e1nka\",\"item\":\"https:\/\/eshop.tca.sk\/de\/\"},{\"@type\":\"ListItem\",\"position\":2,\"name\":\"Shop\",\"item\":\"https:\/\/eshop.tca.sk\/de\/shop\/\"},{\"@type\":\"ListItem\",\"position\":3,\"name\":\"ROTech G33 STS Vergr\u00f6\u00dferungsmodul\"}]},{\"@type\":\"WebSite\",\"@id\":\"https:\/\/eshop.tca.sk\/de\/#website\",\"url\":\"https:\/\/eshop.tca.sk\/de\/\",\"name\":\"TCA eShop - Tactical Combat Academy\",\"description\":\"Tactical Combat Academy\",\"publisher\":{\"@id\":\"https:\/\/eshop.tca.sk\/de\/#organization\"},\"potentialAction\":[{\"@type\":\"SearchAction\",\"target\":{\"@type\":\"EntryPoint\",\"urlTemplate\":\"https:\/\/eshop.tca.sk\/de\/?s={search_term_string}\"},\"query-input\":{\"@type\":\"PropertyValueSpecification\",\"valueRequired\":true,\"valueName\":\"search_term_string\"}}],\"inLanguage\":\"de\"},{\"@type\":\"Organization\",\"@id\":\"https:\/\/eshop.tca.sk\/de\/#organization\",\"name\":\"TCA eShop - Tactical Combat Academy\",\"url\":\"https:\/\/eshop.tca.sk\/de\/\",\"logo\":{\"@type\":\"ImageObject\",\"inLanguage\":\"de\",\"@id\":\"https:\/\/eshop.tca.sk\/de\/#\/schema\/logo\/image\/\",\"url\":\"https:\/\/eshop.tca.sk\/wp-content\/uploads\/2025\/06\/logo-new-header.png\",\"contentUrl\":\"https:\/\/eshop.tca.sk\/wp-content\/uploads\/2025\/06\/logo-new-header.png\",\"width\":300,\"height\":294,\"caption\":\"TCA eShop - Tactical Combat Academy\"},\"image\":{\"@id\":\"https:\/\/eshop.tca.sk\/de\/#\/schema\/logo\/image\/\"}}]}<\/script>\n<!-- \/ Yoast SEO plugin. -->","yoast_head_json":{"title":"ROTech G33 STS Vergr\u00f6\u00dferungsmodul - TCA eShop - Tactical Combat Academy","description":"Das Vergr\u00f6\u00dferungsmodul EOTECH G33 ist das ausgew\u00e4hlte Vergr\u00f6\u00dferungsger\u00e4t der USSOCOM und ist kompakt und leicht. Die Montage erm\u00f6glicht einen schnellen Wechsel von 3x auf 1x.","robots":{"index":"index","follow":"follow","max-snippet":"max-snippet:-1","max-image-preview":"max-image-preview:large","max-video-preview":"max-video-preview:-1"},"canonical":"https:\/\/eshop.tca.sk\/de\/waffenzubehoer\/vergroesserungsmodul-eotech-g33-sts\/","og_locale":"de_DE","og_type":"article","og_title":"ROTech G33 STS Vergr\u00f6\u00dferungsmodul - TCA eShop - Tactical Combat Academy","og_description":"Das Vergr\u00f6\u00dferungsmodul EOTECH G33 ist das ausgew\u00e4hlte Vergr\u00f6\u00dferungsger\u00e4t der USSOCOM und ist kompakt und leicht. Die Montage erm\u00f6glicht einen schnellen Wechsel von 3x auf 1x.","og_url":"https:\/\/eshop.tca.sk\/de\/waffenzubehoer\/vergroesserungsmodul-eotech-g33-sts\/","og_site_name":"TCA eShop - Tactical Combat Academy","article_modified_time":"2025-11-26T15:49:49+00:00","og_image":[{"width":1000,"height":1000,"url":"https:\/\/eshop.tca.sk\/wp-content\/uploads\/2023\/01\/Untitled-2_0003_g33_blk_profile.jpg","type":"image\/jpeg"}],"twitter_card":"summary_large_image","schema":{"@context":"https:\/\/schema.org","@graph":[{"@type":"WebPage","@id":"https:\/\/eshop.tca.sk\/de\/waffenzubehoer\/vergroesserungsmodul-eotech-g33-sts\/","url":"https:\/\/eshop.tca.sk\/de\/waffenzubehoer\/vergroesserungsmodul-eotech-g33-sts\/","name":"ROTech G33 STS Vergr\u00f6\u00dferungsmodul - TCA eShop - Tactical Combat Academy","isPartOf":{"@id":"https:\/\/eshop.tca.sk\/de\/#website"},"primaryImageOfPage":{"@id":"https:\/\/eshop.tca.sk\/de\/waffenzubehoer\/vergroesserungsmodul-eotech-g33-sts\/#primaryimage"},"image":{"@id":"https:\/\/eshop.tca.sk\/de\/waffenzubehoer\/vergroesserungsmodul-eotech-g33-sts\/#primaryimage"},"thumbnailUrl":"https:\/\/eshop.tca.sk\/wp-content\/uploads\/2023\/01\/Untitled-2_0003_g33_blk_profile.jpg","datePublished":"2023-01-27T15:46:58+00:00","dateModified":"2025-11-26T15:49:49+00:00","description":"Das Vergr\u00f6\u00dferungsmodul EOTECH G33 ist das ausgew\u00e4hlte Vergr\u00f6\u00dferungsger\u00e4t der USSOCOM und ist kompakt und leicht. Die Montage erm\u00f6glicht einen schnellen Wechsel von 3x auf 1x.","breadcrumb":{"@id":"https:\/\/eshop.tca.sk\/de\/waffenzubehoer\/vergroesserungsmodul-eotech-g33-sts\/#breadcrumb"},"inLanguage":"de","potentialAction":[{"@type":"ReadAction","target":["https:\/\/eshop.tca.sk\/de\/waffenzubehoer\/vergroesserungsmodul-eotech-g33-sts\/"]}]},{"@type":"ImageObject","inLanguage":"de","@id":"https:\/\/eshop.tca.sk\/de\/waffenzubehoer\/vergroesserungsmodul-eotech-g33-sts\/#primaryimage","url":"https:\/\/eshop.tca.sk\/wp-content\/uploads\/2023\/01\/Untitled-2_0003_g33_blk_profile.jpg","contentUrl":"https:\/\/eshop.tca.sk\/wp-content\/uploads\/2023\/01\/Untitled-2_0003_g33_blk_profile.jpg","width":1000,"height":1000,"caption":"Zv\u00e4\u010d\u0161ovac\u00ed modul EOTECH G33"},{"@type":"BreadcrumbList","@id":"https:\/\/eshop.tca.sk\/de\/waffenzubehoer\/vergroesserungsmodul-eotech-g33-sts\/#breadcrumb","itemListElement":[{"@type":"ListItem","position":1,"name":"Domovsk\u00e1 str\u00e1nka","item":"https:\/\/eshop.tca.sk\/de\/"},{"@type":"ListItem","position":2,"name":"Shop","item":"https:\/\/eshop.tca.sk\/de\/shop\/"},{"@type":"ListItem","position":3,"name":"ROTech G33 STS Vergr\u00f6\u00dferungsmodul"}]},{"@type":"WebSite","@id":"https:\/\/eshop.tca.sk\/de\/#website","url":"https:\/\/eshop.tca.sk\/de\/","name":"TCA eShop - Tactical Combat Academy","description":"Tactical Combat Academy","publisher":{"@id":"https:\/\/eshop.tca.sk\/de\/#organization"},"potentialAction":[{"@type":"SearchAction","target":{"@type":"EntryPoint","urlTemplate":"https:\/\/eshop.tca.sk\/de\/?s={search_term_string}"},"query-input":{"@type":"PropertyValueSpecification","valueRequired":true,"valueName":"search_term_string"}}],"inLanguage":"de"},{"@type":"Organization","@id":"https:\/\/eshop.tca.sk\/de\/#organization","name":"TCA eShop - Tactical Combat Academy","url":"https:\/\/eshop.tca.sk\/de\/","logo":{"@type":"ImageObject","inLanguage":"de","@id":"https:\/\/eshop.tca.sk\/de\/#\/schema\/logo\/image\/","url":"https:\/\/eshop.tca.sk\/wp-content\/uploads\/2025\/06\/logo-new-header.png","contentUrl":"https:\/\/eshop.tca.sk\/wp-content\/uploads\/2025\/06\/logo-new-header.png","width":300,"height":294,"caption":"TCA eShop - Tactical Combat Academy"},"image":{"@id":"https:\/\/eshop.tca.sk\/de\/#\/schema\/logo\/image\/"}}]}},"_links":{"self":[{"href":"https:\/\/eshop.tca.sk\/de\/wp-json\/wp\/v2\/product\/8113","targetHints":{"allow":["GET"]}}],"collection":[{"href":"https:\/\/eshop.tca.sk\/de\/wp-json\/wp\/v2\/product"}],"about":[{"href":"https:\/\/eshop.tca.sk\/de\/wp-json\/wp\/v2\/types\/product"}],"wp:featuredmedia":[{"embeddable":true,"href":"https:\/\/eshop.tca.sk\/de\/wp-json\/wp\/v2\/media\/8121"}],"wp:attachment":[{"href":"https:\/\/eshop.tca.sk\/de\/wp-json\/wp\/v2\/media?parent=8113"}],"wp:term":[{"taxonomy":"product_brand","embeddable":true,"href":"https:\/\/eshop.tca.sk\/de\/wp-json\/wp\/v2\/product_brand?post=8113"},{"taxonomy":"product_cat","embeddable":true,"href":"https:\/\/eshop.tca.sk\/de\/wp-json\/wp\/v2\/product_cat?post=8113"},{"taxonomy":"product_tag","embeddable":true,"href":"https:\/\/eshop.tca.sk\/de\/wp-json\/wp\/v2\/product_tag?post=8113"},{"taxonomy":"giftcard-category","embeddable":true,"href":"https:\/\/eshop.tca.sk\/de\/wp-json\/wp\/v2\/giftcard-category?post=8113"}],"curies":[{"name":"wp","href":"https:\/\/api.w.org\/{rel}","templated":true}]}}